{"id":53005,"date":"2021-09-03T09:35:07","date_gmt":"2021-09-03T07:35:07","guid":{"rendered":"https:\/\/www.eliassen.nl\/?product=glasschilderij-vervallen-gebouw-110x160cm"},"modified":"2026-01-07T13:26:12","modified_gmt":"2026-01-07T12:26:12","slug":"glasmalerei-verfallenes-gebaude-110x160cm","status":"publish","type":"product","link":"https:\/\/www.eliassen.nl\/de\/glasmalerei-verfallenes-gebaude-110x160cm\/","title":{"rendered":"Glasmalerei Verfallendes Geb\u00e4ude 110x160cm."},"content":{"rendered":"<p>Dieses wundersch\u00f6ne, sehr gro\u00dfe Glasgem\u00e4lde mit den Ma\u00dfen 160x110cm ist eine tolle Wanddekoration f\u00fcr das Wohnzimmer, das Schlafzimmer oder jeden anderen Raum mit schlichter Einrichtung. Dieses Glasgem\u00e4lde, das ein gro\u00dfes Varvallen-Geb\u00e4ude darstellt, ist ein messerscharfes Bild, das als Kunst an der Wand in einem modernen oder l\u00e4ndlichen Interieur wundersch\u00f6n aussehen wird.<\/p>\n<p>Als Wanddekoration verleiht dieses sch\u00f6ne Glasbild einen sch\u00f6nen Glanz, da das Foto auf der R\u00fcckseite auf das 4 mm dicke Glas gebrannt ist.<\/p>\n<p><strong>Wir haben fast die gesamte Gem\u00e4ldesammlung, die auf unserer Website aufgef\u00fchrt ist, in unserem Shop, was in den Niederlanden einzigartig ist!<\/strong><\/p>\n<ul>\n<li>  Gr\u00f6\u00dfe 160x110cm.<\/li>\n<li> Schnelle Lieferung<\/li>\n<li> Praktisch unzerbrechlich<\/li>\n<li> Superscharfes Bild<\/li>\n<li> 4 mm dickes geh\u00e4rtetes Glas<\/li>\n<li> Praktisch unempfindlich gegen Kratzer<\/li>\n<li> Einfaches Aufh\u00e4ngen mit 2 Haken<\/li>\n<\/ul>\n","protected":false},"excerpt":{"rendered":"<p>Dieses wundersch\u00f6ne, sehr gro\u00dfe Glasgem\u00e4lde mit den Ma\u00dfen 160x110cm ist eine tolle Wanddekoration f\u00fcr das Wohnzimmer, das Schlafzimmer oder jeden anderen Raum mit schlichter Einrichtung. Dieses Glasgem\u00e4lde, das ein gro\u00dfes Varvallen-Geb\u00e4ude darstellt, ist ein messerscharfes Bild, das als Kunst an der Wand in einem modernen oder l\u00e4ndlichen Interieur wundersch\u00f6n aussehen wird. Als Wanddekoration verleiht dieses &hellip;<\/p>\n","protected":false},"featured_media":52999,"template":"","meta":{"_acf_changed":false,"_genesis_title":"","_genesis_description":""},"product_brand":[6940],"product_cat":[410,464,443],"product_tag":[7167],"class_list":{"0":"post-53005","1":"product","2":"type-product","3":"status-publish","4":"has-post-thumbnail","6":"product_brand-ter-halle-de","7":"product_cat-gemaelde","8":"product_cat-glasmalerei-im-format-110x160cm","9":"product_cat-glasmalereien","10":"product_tag-110x160cm-gemalde","12":"first","13":"instock","14":"sale","15":"taxable","16":"shipping-taxable","17":"purchasable","18":"product-type-simple"},"acf":[],"meta_all":{"total_sales":"0","wcml_sync_hash":{"postmeta_fields":"2167f723f9bbee9075595c7e343fb02f"},"attr_label_translations":[]},"meta_all_flat":{"total_sales":"0","wcml_sync_hash.postmeta_fields":"2167f723f9bbee9075595c7e343fb02f"},"yoast_head":"<!-- This site is optimized with the Yoast SEO Premium plugin v26.2 (Yoast SEO v27.2) - https:\/\/yoast.com\/product\/yoast-seo-premium-wordpress\/ -->\n<title>Glasmalerei Verfallendes Geb\u00e4ude 110x160cm. | Eliassen<\/title>\n<meta name=\"description\" content=\"Bei Eliassen kaufen Glasmalerei Verfallendes Geb\u00e4ude 110x160cm. online oder live im Ausstellungsraum ansehen. Bestellen Sie direkt online.\" \/>\n<meta name=\"robots\" content=\"index, follow, max-snippet:-1, max-image-preview:large, max-video-preview:-1\" \/>\n<link rel=\"canonical\" href=\"https:\/\/www.eliassen.nl\/de\/glasmalerei-verfallenes-gebaude-110x160cm\/\" \/>\n<meta property=\"og:locale\" content=\"de_DE\" \/>\n<meta property=\"og:type\" content=\"article\" \/>\n<meta property=\"og:title\" content=\"Ter Halle Glasmalerei Verfallendes Geb\u00e4ude 110x160cm. - Eliassen.nl\" \/>\n<meta property=\"og:description\" content=\"Bei Eliassen kaufen Glasmalerei Verfallendes Geb\u00e4ude 110x160cm. online oder live im Ausstellungsraum ansehen. Bestellen Sie direkt online.\" \/>\n<meta property=\"og:url\" content=\"https:\/\/www.eliassen.nl\/de\/glasmalerei-verfallenes-gebaude-110x160cm\/\" \/>\n<meta property=\"og:site_name\" content=\"Eliassen.nl\" \/>\n<meta property=\"article:publisher\" content=\"https:\/\/www.facebook.com\/TuincentrumEliassenAmmerzoden\" \/>\n<meta property=\"article:modified_time\" content=\"2026-01-07T12:26:12+00:00\" \/>\n<meta property=\"og:image\" content=\"https:\/\/www.eliassen.nl\/wp-content\/uploads\/2024\/01\/glas110160084.jpg\" \/>\n\t<meta property=\"og:image:width\" content=\"448\" \/>\n\t<meta property=\"og:image:height\" content=\"298\" \/>\n\t<meta property=\"og:image:type\" content=\"image\/jpeg\" \/>\n<meta name=\"twitter:card\" content=\"summary_large_image\" \/>\n<script type=\"application\/ld+json\" class=\"yoast-schema-graph\">{\"@context\":\"https:\/\/schema.org\",\"@graph\":[{\"@type\":\"WebPage\",\"@id\":\"https:\/\/www.eliassen.nl\/de\/glasmalerei-verfallenes-gebaude-110x160cm\/\",\"url\":\"https:\/\/www.eliassen.nl\/de\/glasmalerei-verfallenes-gebaude-110x160cm\/\",\"name\":\"Glasmalerei Verfallendes Geb\u00e4ude 110x160cm. | Eliassen\",\"isPartOf\":{\"@id\":\"https:\/\/www.eliassen.nl\/de\/#website\"},\"primaryImageOfPage\":{\"@id\":\"https:\/\/www.eliassen.nl\/de\/glasmalerei-verfallenes-gebaude-110x160cm\/#primaryimage\"},\"image\":{\"@id\":\"https:\/\/www.eliassen.nl\/de\/glasmalerei-verfallenes-gebaude-110x160cm\/#primaryimage\"},\"thumbnailUrl\":\"https:\/\/www.eliassen.nl\/wp-content\/uploads\/2024\/01\/glas110160084.jpg\",\"datePublished\":\"2021-09-03T07:35:07+00:00\",\"dateModified\":\"2026-01-07T12:26:12+00:00\",\"description\":\"Bei Eliassen kaufen Glasmalerei Verfallendes Geb\u00e4ude 110x160cm. online oder live im Ausstellungsraum ansehen. Bestellen Sie direkt online.\",\"breadcrumb\":{\"@id\":\"https:\/\/www.eliassen.nl\/de\/glasmalerei-verfallenes-gebaude-110x160cm\/#breadcrumb\"},\"inLanguage\":\"de\",\"potentialAction\":[{\"@type\":\"ReadAction\",\"target\":[\"https:\/\/www.eliassen.nl\/de\/glasmalerei-verfallenes-gebaude-110x160cm\/\"]}]},{\"@type\":\"ImageObject\",\"inLanguage\":\"de\",\"@id\":\"https:\/\/www.eliassen.nl\/de\/glasmalerei-verfallenes-gebaude-110x160cm\/#primaryimage\",\"url\":\"https:\/\/www.eliassen.nl\/wp-content\/uploads\/2024\/01\/glas110160084.jpg\",\"contentUrl\":\"https:\/\/www.eliassen.nl\/wp-content\/uploads\/2024\/01\/glas110160084.jpg\",\"width\":448,\"height\":298,\"caption\":\"GLAS110160-084\"},{\"@type\":\"BreadcrumbList\",\"@id\":\"https:\/\/www.eliassen.nl\/de\/glasmalerei-verfallenes-gebaude-110x160cm\/#breadcrumb\",\"itemListElement\":[{\"@type\":\"ListItem\",\"position\":1,\"name\":\"Home\",\"item\":\"https:\/\/www.eliassen.nl\/de\/\"},{\"@type\":\"ListItem\",\"position\":2,\"name\":\"Shop\",\"item\":\"https:\/\/www.eliassen.nl\/de\/shop\/\"},{\"@type\":\"ListItem\",\"position\":3,\"name\":\"Glasmalereien\",\"item\":\"https:\/\/www.eliassen.nl\/de\/gemaelde\/glasmalereien\/\"},{\"@type\":\"ListItem\",\"position\":4,\"name\":\"Glasmalerei im Format 110x160cm\",\"item\":\"https:\/\/www.eliassen.nl\/de\/gemaelde\/glasmalereien\/glasmalerei-im-format-110x160cm\/\"},{\"@type\":\"ListItem\",\"position\":5,\"name\":\"Glasmalerei Verfallendes Geb\u00e4ude 110x160cm.\"}]},{\"@type\":\"WebSite\",\"@id\":\"https:\/\/www.eliassen.nl\/de\/#website\",\"url\":\"https:\/\/www.eliassen.nl\/de\/\",\"name\":\"Eliassen Home & Garden Pleasure\",\"description\":\"\",\"publisher\":{\"@id\":\"https:\/\/www.eliassen.nl\/de\/#organization\"},\"alternateName\":\"Eliassen.nl\",\"potentialAction\":[{\"@type\":\"SearchAction\",\"target\":{\"@type\":\"EntryPoint\",\"urlTemplate\":\"https:\/\/www.eliassen.nl\/de\/?s={search_term_string}\"},\"query-input\":{\"@type\":\"PropertyValueSpecification\",\"valueRequired\":true,\"valueName\":\"search_term_string\"}}],\"inLanguage\":\"de\"},{\"@type\":[\"Organization\",\"Place\"],\"@id\":\"https:\/\/www.eliassen.nl\/de\/#organization\",\"name\":\"Eliassen Home & Garden Pleasure\",\"url\":\"https:\/\/www.eliassen.nl\/de\/\",\"logo\":{\"@id\":\"https:\/\/www.eliassen.nl\/de\/glasmalerei-verfallenes-gebaude-110x160cm\/#local-main-organization-logo\"},\"image\":{\"@id\":\"https:\/\/www.eliassen.nl\/de\/glasmalerei-verfallenes-gebaude-110x160cm\/#local-main-organization-logo\"},\"sameAs\":[\"https:\/\/www.facebook.com\/TuincentrumEliassenAmmerzoden\",\"https:\/\/www.instagram.com\/eliassenhomeandgarden\/\",\"https:\/\/nl.pinterest.com\/eliassenhomeandgarden\/\",\"https:\/\/www.youtube.com\/@eliassenhomegardenpleasure4558\"],\"telephone\":[],\"openingHoursSpecification\":[{\"@type\":\"OpeningHoursSpecification\",\"dayOfWeek\":[\"Monday\",\"Tuesday\",\"Wednesday\",\"Thursday\",\"Friday\",\"Saturday\",\"Sunday\"],\"opens\":\"09:00\",\"closes\":\"17:00\"}]},{\"@type\":\"ImageObject\",\"inLanguage\":\"de\",\"@id\":\"https:\/\/www.eliassen.nl\/de\/glasmalerei-verfallenes-gebaude-110x160cm\/#local-main-organization-logo\",\"url\":\"https:\/\/www.eliassen.nl\/wp-content\/uploads\/2024\/01\/logo_4nd.jpg\",\"contentUrl\":\"https:\/\/www.eliassen.nl\/wp-content\/uploads\/2024\/01\/logo_4nd.jpg\",\"width\":500,\"height\":500,\"caption\":\"Eliassen Home & Garden Pleasure\"}]}<\/script>\n<meta property=\"product:price:amount\" content=\"200.00\" \/>\n<meta property=\"product:price:currency\" content=\"EUR\" \/>\n<meta property=\"og:availability\" content=\"instock\" \/>\n<meta property=\"product:availability\" content=\"instock\" \/>\n<meta property=\"product:retailer_item_id\" content=\"Glas110160-084\" \/>\n<meta property=\"product:condition\" content=\"new\" \/>\n<!-- \/ Yoast SEO Premium plugin. -->","yoast_head_json":{"title":"Glasmalerei Verfallendes Geb\u00e4ude 110x160cm. | Eliassen","description":"Bei Eliassen kaufen Glasmalerei Verfallendes Geb\u00e4ude 110x160cm. online oder live im Ausstellungsraum ansehen. Bestellen Sie direkt online.","robots":{"index":"index","follow":"follow","max-snippet":"max-snippet:-1","max-image-preview":"max-image-preview:large","max-video-preview":"max-video-preview:-1"},"canonical":"https:\/\/www.eliassen.nl\/de\/glasmalerei-verfallenes-gebaude-110x160cm\/","og_locale":"de_DE","og_type":"article","og_title":"Ter Halle Glasmalerei Verfallendes Geb\u00e4ude 110x160cm. - Eliassen.nl","og_description":"Bei Eliassen kaufen Glasmalerei Verfallendes Geb\u00e4ude 110x160cm. online oder live im Ausstellungsraum ansehen. Bestellen Sie direkt online.","og_url":"https:\/\/www.eliassen.nl\/de\/glasmalerei-verfallenes-gebaude-110x160cm\/","og_site_name":"Eliassen.nl","article_publisher":"https:\/\/www.facebook.com\/TuincentrumEliassenAmmerzoden","article_modified_time":"2026-01-07T12:26:12+00:00","og_image":[{"width":448,"height":298,"url":"https:\/\/www.eliassen.nl\/wp-content\/uploads\/2024\/01\/glas110160084.jpg","type":"image\/jpeg"}],"twitter_card":"summary_large_image","schema":{"@context":"https:\/\/schema.org","@graph":[{"@type":"WebPage","@id":"https:\/\/www.eliassen.nl\/de\/glasmalerei-verfallenes-gebaude-110x160cm\/","url":"https:\/\/www.eliassen.nl\/de\/glasmalerei-verfallenes-gebaude-110x160cm\/","name":"Glasmalerei Verfallendes Geb\u00e4ude 110x160cm. | Eliassen","isPartOf":{"@id":"https:\/\/www.eliassen.nl\/de\/#website"},"primaryImageOfPage":{"@id":"https:\/\/www.eliassen.nl\/de\/glasmalerei-verfallenes-gebaude-110x160cm\/#primaryimage"},"image":{"@id":"https:\/\/www.eliassen.nl\/de\/glasmalerei-verfallenes-gebaude-110x160cm\/#primaryimage"},"thumbnailUrl":"https:\/\/www.eliassen.nl\/wp-content\/uploads\/2024\/01\/glas110160084.jpg","datePublished":"2021-09-03T07:35:07+00:00","dateModified":"2026-01-07T12:26:12+00:00","description":"Bei Eliassen kaufen Glasmalerei Verfallendes Geb\u00e4ude 110x160cm. online oder live im Ausstellungsraum ansehen. Bestellen Sie direkt online.","breadcrumb":{"@id":"https:\/\/www.eliassen.nl\/de\/glasmalerei-verfallenes-gebaude-110x160cm\/#breadcrumb"},"inLanguage":"de","potentialAction":[{"@type":"ReadAction","target":["https:\/\/www.eliassen.nl\/de\/glasmalerei-verfallenes-gebaude-110x160cm\/"]}]},{"@type":"ImageObject","inLanguage":"de","@id":"https:\/\/www.eliassen.nl\/de\/glasmalerei-verfallenes-gebaude-110x160cm\/#primaryimage","url":"https:\/\/www.eliassen.nl\/wp-content\/uploads\/2024\/01\/glas110160084.jpg","contentUrl":"https:\/\/www.eliassen.nl\/wp-content\/uploads\/2024\/01\/glas110160084.jpg","width":448,"height":298,"caption":"GLAS110160-084"},{"@type":"BreadcrumbList","@id":"https:\/\/www.eliassen.nl\/de\/glasmalerei-verfallenes-gebaude-110x160cm\/#breadcrumb","itemListElement":[{"@type":"ListItem","position":1,"name":"Home","item":"https:\/\/www.eliassen.nl\/de\/"},{"@type":"ListItem","position":2,"name":"Shop","item":"https:\/\/www.eliassen.nl\/de\/shop\/"},{"@type":"ListItem","position":3,"name":"Glasmalereien","item":"https:\/\/www.eliassen.nl\/de\/gemaelde\/glasmalereien\/"},{"@type":"ListItem","position":4,"name":"Glasmalerei im Format 110x160cm","item":"https:\/\/www.eliassen.nl\/de\/gemaelde\/glasmalereien\/glasmalerei-im-format-110x160cm\/"},{"@type":"ListItem","position":5,"name":"Glasmalerei Verfallendes Geb\u00e4ude 110x160cm."}]},{"@type":"WebSite","@id":"https:\/\/www.eliassen.nl\/de\/#website","url":"https:\/\/www.eliassen.nl\/de\/","name":"Eliassen Home & Garden Pleasure","description":"","publisher":{"@id":"https:\/\/www.eliassen.nl\/de\/#organization"},"alternateName":"Eliassen.nl","potentialAction":[{"@type":"SearchAction","target":{"@type":"EntryPoint","urlTemplate":"https:\/\/www.eliassen.nl\/de\/?s={search_term_string}"},"query-input":{"@type":"PropertyValueSpecification","valueRequired":true,"valueName":"search_term_string"}}],"inLanguage":"de"},{"@type":["Organization","Place"],"@id":"https:\/\/www.eliassen.nl\/de\/#organization","name":"Eliassen Home & Garden Pleasure","url":"https:\/\/www.eliassen.nl\/de\/","logo":{"@id":"https:\/\/www.eliassen.nl\/de\/glasmalerei-verfallenes-gebaude-110x160cm\/#local-main-organization-logo"},"image":{"@id":"https:\/\/www.eliassen.nl\/de\/glasmalerei-verfallenes-gebaude-110x160cm\/#local-main-organization-logo"},"sameAs":["https:\/\/www.facebook.com\/TuincentrumEliassenAmmerzoden","https:\/\/www.instagram.com\/eliassenhomeandgarden\/","https:\/\/nl.pinterest.com\/eliassenhomeandgarden\/","https:\/\/www.youtube.com\/@eliassenhomegardenpleasure4558"],"telephone":[],"openingHoursSpecification":[{"@type":"OpeningHoursSpecification","dayOfWeek":["Monday","Tuesday","Wednesday","Thursday","Friday","Saturday","Sunday"],"opens":"09:00","closes":"17:00"}]},{"@type":"ImageObject","inLanguage":"de","@id":"https:\/\/www.eliassen.nl\/de\/glasmalerei-verfallenes-gebaude-110x160cm\/#local-main-organization-logo","url":"https:\/\/www.eliassen.nl\/wp-content\/uploads\/2024\/01\/logo_4nd.jpg","contentUrl":"https:\/\/www.eliassen.nl\/wp-content\/uploads\/2024\/01\/logo_4nd.jpg","width":500,"height":500,"caption":"Eliassen Home & Garden Pleasure"}]},"product_price_amount":"200.00","product_price_currency":"EUR","og_availability":"instock","product_availability":"instock","product_retailer_item_id":"Glas110160-084","product_condition":"new"},"df_price":200,"df_sale_price":200,"df_regular_price":279,"df_image_link":"https:\/\/www.eliassen.nl\/wp-content\/uploads\/2024\/01\/glas110160084.jpg","image":"https:\/\/www.eliassen.nl\/wp-content\/uploads\/2024\/01\/glas110160084.jpg","price_search":"<span class=\"woocommerce-Price-amount amount\"><bdi><span class=\"woocommerce-Price-currencySymbol\">&euro;<\/span>&nbsp;200,00<\/bdi><\/span>","category":"Gem\u00e4lde","global_unique_id":"8714688594578","_links":{"self":[{"href":"https:\/\/www.eliassen.nl\/de\/wp-json\/wp\/v2\/product\/53005","targetHints":{"allow":["GET"]}}],"collection":[{"href":"https:\/\/www.eliassen.nl\/de\/wp-json\/wp\/v2\/product"}],"about":[{"href":"https:\/\/www.eliassen.nl\/de\/wp-json\/wp\/v2\/types\/product"}],"wp:featuredmedia":[{"embeddable":true,"href":"https:\/\/www.eliassen.nl\/de\/wp-json\/wp\/v2\/media\/52999"}],"wp:attachment":[{"href":"https:\/\/www.eliassen.nl\/de\/wp-json\/wp\/v2\/media?parent=53005"}],"wp:term":[{"taxonomy":"product_brand","embeddable":true,"href":"https:\/\/www.eliassen.nl\/de\/wp-json\/wp\/v2\/product_brand?post=53005"},{"taxonomy":"product_cat","embeddable":true,"href":"https:\/\/www.eliassen.nl\/de\/wp-json\/wp\/v2\/product_cat?post=53005"},{"taxonomy":"product_tag","embeddable":true,"href":"https:\/\/www.eliassen.nl\/de\/wp-json\/wp\/v2\/product_tag?post=53005"}],"curies":[{"name":"wp","href":"https:\/\/api.w.org\/{rel}","templated":true}]}}