{"id":52996,"date":"2021-09-03T09:26:26","date_gmt":"2021-09-03T07:26:26","guid":{"rendered":"https:\/\/www.eliassen.nl\/?product=glasschilderij-schildpad-100x100cm"},"modified":"2026-01-07T13:26:13","modified_gmt":"2026-01-07T12:26:13","slug":"glasmalerei-schildkrote-100x100cm","status":"publish","type":"product","link":"https:\/\/www.eliassen.nl\/de\/glasmalerei-schildkrote-100x100cm\/","title":{"rendered":"Glasgem\u00e4lde Schildkr\u00f6te 100x100cm."},"content":{"rendered":"<p>Wunderbar in sch\u00f6nen, schlichten Interieurs, aber nat\u00fcrlich auch geschmackvoll in Ihrem B\u00fcro und oder Unternehmen.  <br \/>Diese sehr gro\u00dfe Glasplatte mit einem superscharfen Bild einer Schildkr\u00f6te drucken.  <br \/>Da sich das Bild auf der R\u00fcckseite befindet, ergibt das Glas auf der Vorderseite einen beeindruckenden Effekt.<br \/>Au\u00dferdem verwendet dieses Modell goldene Tinte f\u00fcr einen ganz besonderen Effekt.<br \/><strong>Wir haben fast die gesamte Kollektion dieser Gem\u00e4ldesammlung in unserem Gesch\u00e4ft vorr\u00e4tig, was in den Niederlanden sehr einzigartig ist !!!<\/strong><\/p>\n<ul>\n<li>  Gr\u00f6\u00dfe 100 x 100cm.  <\/li>\n<li>  Schnelle Lieferung.<\/li>\n<li>  Praktisch unzerbrechlich.<\/li>\n<li>  Superscharfes Bild.<\/li>\n<li>  4 mm dickes geh\u00e4rtetes Glas.<\/li>\n<li>  Praktisch unempfindlich gegen Kratzer.<\/li>\n<li>  Mit 2 Haken zum einfachen Aufh\u00e4ngen.<\/li>\n<\/ul>\n","protected":false},"excerpt":{"rendered":"<p>Wunderbar in sch\u00f6nen, schlichten Interieurs, aber nat\u00fcrlich auch geschmackvoll in Ihrem B\u00fcro und oder Unternehmen. Diese sehr gro\u00dfe Glasplatte mit einem superscharfen Bild einer Schildkr\u00f6te drucken. Da sich das Bild auf der R\u00fcckseite befindet, ergibt das Glas auf der Vorderseite einen beeindruckenden Effekt.Au\u00dferdem verwendet dieses Modell goldene Tinte f\u00fcr einen ganz besonderen Effekt.Wir haben fast &hellip;<\/p>\n","protected":false},"featured_media":52990,"template":"","meta":{"_acf_changed":false,"_genesis_title":"","_genesis_description":""},"product_brand":[6940],"product_cat":[410,461,443],"product_tag":[],"class_list":{"0":"post-52996","1":"product","2":"type-product","3":"status-publish","4":"has-post-thumbnail","6":"product_brand-ter-halle-de","7":"product_cat-gemaelde","8":"product_cat-glasmalerei-im-format-100x100cm","9":"product_cat-glasmalereien","11":"first","12":"instock","13":"sale","14":"taxable","15":"shipping-taxable","16":"purchasable","17":"product-type-simple"},"acf":[],"meta_all":{"total_sales":"0","wcml_sync_hash":{"postmeta_fields":"99b81babd1c9c1e68022c576a3b5aee5"},"attr_label_translations":[]},"meta_all_flat":{"total_sales":"0","wcml_sync_hash.postmeta_fields":"99b81babd1c9c1e68022c576a3b5aee5"},"yoast_head":"<!-- This site is optimized with the Yoast SEO Premium plugin v26.2 (Yoast SEO v27.2) - https:\/\/yoast.com\/product\/yoast-seo-premium-wordpress\/ -->\n<title>Glasgem\u00e4lde Schildkr\u00f6te 100x100cm. | Eliassen<\/title>\n<meta name=\"description\" content=\"Suchen Sie ein Glasgem\u00e4lde? Bestellen Sie jetzt Glasmalerei Schildkr\u00f6te. Kaufen Sie Gem\u00e4lde einfach auf unserer Website. Gro\u00dfe Auswahl \u2713 Schnelle Lieferung\" \/>\n<meta name=\"robots\" content=\"index, follow, max-snippet:-1, max-image-preview:large, max-video-preview:-1\" \/>\n<link rel=\"canonical\" href=\"https:\/\/www.eliassen.nl\/de\/glasmalerei-schildkrote-100x100cm\/\" \/>\n<meta property=\"og:locale\" content=\"de_DE\" \/>\n<meta property=\"og:type\" content=\"article\" \/>\n<meta property=\"og:title\" content=\"Ter Halle Glasgem\u00e4lde Schildkr\u00f6te 100x100cm. - Eliassen.nl\" \/>\n<meta property=\"og:description\" content=\"Suchen Sie ein Glasgem\u00e4lde? Bestellen Sie jetzt Glasmalerei Schildkr\u00f6te. Kaufen Sie Gem\u00e4lde einfach auf unserer Website. Gro\u00dfe Auswahl \u2713 Schnelle Lieferung\" \/>\n<meta property=\"og:url\" content=\"https:\/\/www.eliassen.nl\/de\/glasmalerei-schildkrote-100x100cm\/\" \/>\n<meta property=\"og:site_name\" content=\"Eliassen.nl\" \/>\n<meta property=\"article:publisher\" content=\"https:\/\/www.facebook.com\/TuincentrumEliassenAmmerzoden\" \/>\n<meta property=\"article:modified_time\" content=\"2026-01-07T12:26:13+00:00\" \/>\n<meta property=\"og:image\" content=\"https:\/\/www.eliassen.nl\/wp-content\/uploads\/2024\/01\/glas100100c004.jpg\" \/>\n\t<meta property=\"og:image:width\" content=\"336\" \/>\n\t<meta property=\"og:image:height\" content=\"336\" \/>\n\t<meta property=\"og:image:type\" content=\"image\/jpeg\" \/>\n<meta name=\"twitter:card\" content=\"summary_large_image\" \/>\n<script type=\"application\/ld+json\" class=\"yoast-schema-graph\">{\"@context\":\"https:\/\/schema.org\",\"@graph\":[{\"@type\":\"WebPage\",\"@id\":\"https:\/\/www.eliassen.nl\/de\/glasmalerei-schildkrote-100x100cm\/\",\"url\":\"https:\/\/www.eliassen.nl\/de\/glasmalerei-schildkrote-100x100cm\/\",\"name\":\"Glasgem\u00e4lde Schildkr\u00f6te 100x100cm. | Eliassen\",\"isPartOf\":{\"@id\":\"https:\/\/www.eliassen.nl\/de\/#website\"},\"primaryImageOfPage\":{\"@id\":\"https:\/\/www.eliassen.nl\/de\/glasmalerei-schildkrote-100x100cm\/#primaryimage\"},\"image\":{\"@id\":\"https:\/\/www.eliassen.nl\/de\/glasmalerei-schildkrote-100x100cm\/#primaryimage\"},\"thumbnailUrl\":\"https:\/\/www.eliassen.nl\/wp-content\/uploads\/2024\/01\/glas100100c004.jpg\",\"datePublished\":\"2021-09-03T07:26:26+00:00\",\"dateModified\":\"2026-01-07T12:26:13+00:00\",\"description\":\"Suchen Sie ein Glasgem\u00e4lde? Bestellen Sie jetzt Glasmalerei Schildkr\u00f6te. Kaufen Sie Gem\u00e4lde einfach auf unserer Website. Gro\u00dfe Auswahl \u2713 Schnelle Lieferung\",\"breadcrumb\":{\"@id\":\"https:\/\/www.eliassen.nl\/de\/glasmalerei-schildkrote-100x100cm\/#breadcrumb\"},\"inLanguage\":\"de\",\"potentialAction\":[{\"@type\":\"ReadAction\",\"target\":[\"https:\/\/www.eliassen.nl\/de\/glasmalerei-schildkrote-100x100cm\/\"]}]},{\"@type\":\"ImageObject\",\"inLanguage\":\"de\",\"@id\":\"https:\/\/www.eliassen.nl\/de\/glasmalerei-schildkrote-100x100cm\/#primaryimage\",\"url\":\"https:\/\/www.eliassen.nl\/wp-content\/uploads\/2024\/01\/glas100100c004.jpg\",\"contentUrl\":\"https:\/\/www.eliassen.nl\/wp-content\/uploads\/2024\/01\/glas100100c004.jpg\",\"width\":336,\"height\":336,\"caption\":\"GLAS100100C-004\"},{\"@type\":\"BreadcrumbList\",\"@id\":\"https:\/\/www.eliassen.nl\/de\/glasmalerei-schildkrote-100x100cm\/#breadcrumb\",\"itemListElement\":[{\"@type\":\"ListItem\",\"position\":1,\"name\":\"Home\",\"item\":\"https:\/\/www.eliassen.nl\/de\/\"},{\"@type\":\"ListItem\",\"position\":2,\"name\":\"Shop\",\"item\":\"https:\/\/www.eliassen.nl\/de\/shop\/\"},{\"@type\":\"ListItem\",\"position\":3,\"name\":\"Glasmalereien\",\"item\":\"https:\/\/www.eliassen.nl\/de\/gemaelde\/glasmalereien\/\"},{\"@type\":\"ListItem\",\"position\":4,\"name\":\"Glasmalerei im Format 100x100cm\",\"item\":\"https:\/\/www.eliassen.nl\/de\/gemaelde\/glasmalereien\/glasmalerei-im-format-100x100cm\/\"},{\"@type\":\"ListItem\",\"position\":5,\"name\":\"Glasgem\u00e4lde Schildkr\u00f6te 100x100cm.\"}]},{\"@type\":\"WebSite\",\"@id\":\"https:\/\/www.eliassen.nl\/de\/#website\",\"url\":\"https:\/\/www.eliassen.nl\/de\/\",\"name\":\"Eliassen Home & Garden Pleasure\",\"description\":\"\",\"publisher\":{\"@id\":\"https:\/\/www.eliassen.nl\/de\/#organization\"},\"alternateName\":\"Eliassen.nl\",\"potentialAction\":[{\"@type\":\"SearchAction\",\"target\":{\"@type\":\"EntryPoint\",\"urlTemplate\":\"https:\/\/www.eliassen.nl\/de\/?s={search_term_string}\"},\"query-input\":{\"@type\":\"PropertyValueSpecification\",\"valueRequired\":true,\"valueName\":\"search_term_string\"}}],\"inLanguage\":\"de\"},{\"@type\":[\"Organization\",\"Place\"],\"@id\":\"https:\/\/www.eliassen.nl\/de\/#organization\",\"name\":\"Eliassen Home & Garden Pleasure\",\"url\":\"https:\/\/www.eliassen.nl\/de\/\",\"logo\":{\"@id\":\"https:\/\/www.eliassen.nl\/de\/glasmalerei-schildkrote-100x100cm\/#local-main-organization-logo\"},\"image\":{\"@id\":\"https:\/\/www.eliassen.nl\/de\/glasmalerei-schildkrote-100x100cm\/#local-main-organization-logo\"},\"sameAs\":[\"https:\/\/www.facebook.com\/TuincentrumEliassenAmmerzoden\",\"https:\/\/www.instagram.com\/eliassenhomeandgarden\/\",\"https:\/\/nl.pinterest.com\/eliassenhomeandgarden\/\",\"https:\/\/www.youtube.com\/@eliassenhomegardenpleasure4558\"],\"telephone\":[],\"openingHoursSpecification\":[{\"@type\":\"OpeningHoursSpecification\",\"dayOfWeek\":[\"Monday\",\"Tuesday\",\"Wednesday\",\"Thursday\",\"Friday\",\"Saturday\",\"Sunday\"],\"opens\":\"09:00\",\"closes\":\"17:00\"}]},{\"@type\":\"ImageObject\",\"inLanguage\":\"de\",\"@id\":\"https:\/\/www.eliassen.nl\/de\/glasmalerei-schildkrote-100x100cm\/#local-main-organization-logo\",\"url\":\"https:\/\/www.eliassen.nl\/wp-content\/uploads\/2024\/01\/logo_4nd.jpg\",\"contentUrl\":\"https:\/\/www.eliassen.nl\/wp-content\/uploads\/2024\/01\/logo_4nd.jpg\",\"width\":500,\"height\":500,\"caption\":\"Eliassen Home & Garden Pleasure\"}]}<\/script>\n<meta property=\"product:price:amount\" content=\"139.00\" \/>\n<meta property=\"product:price:currency\" content=\"EUR\" \/>\n<meta property=\"og:availability\" content=\"instock\" \/>\n<meta property=\"product:availability\" content=\"instock\" \/>\n<meta property=\"product:retailer_item_id\" content=\"Glas100100c-004\" \/>\n<meta property=\"product:condition\" content=\"new\" \/>\n<!-- \/ Yoast SEO Premium plugin. -->","yoast_head_json":{"title":"Glasgem\u00e4lde Schildkr\u00f6te 100x100cm. | Eliassen","description":"Suchen Sie ein Glasgem\u00e4lde? Bestellen Sie jetzt Glasmalerei Schildkr\u00f6te. Kaufen Sie Gem\u00e4lde einfach auf unserer Website. Gro\u00dfe Auswahl \u2713 Schnelle Lieferung","robots":{"index":"index","follow":"follow","max-snippet":"max-snippet:-1","max-image-preview":"max-image-preview:large","max-video-preview":"max-video-preview:-1"},"canonical":"https:\/\/www.eliassen.nl\/de\/glasmalerei-schildkrote-100x100cm\/","og_locale":"de_DE","og_type":"article","og_title":"Ter Halle Glasgem\u00e4lde Schildkr\u00f6te 100x100cm. - Eliassen.nl","og_description":"Suchen Sie ein Glasgem\u00e4lde? Bestellen Sie jetzt Glasmalerei Schildkr\u00f6te. Kaufen Sie Gem\u00e4lde einfach auf unserer Website. Gro\u00dfe Auswahl \u2713 Schnelle Lieferung","og_url":"https:\/\/www.eliassen.nl\/de\/glasmalerei-schildkrote-100x100cm\/","og_site_name":"Eliassen.nl","article_publisher":"https:\/\/www.facebook.com\/TuincentrumEliassenAmmerzoden","article_modified_time":"2026-01-07T12:26:13+00:00","og_image":[{"width":336,"height":336,"url":"https:\/\/www.eliassen.nl\/wp-content\/uploads\/2024\/01\/glas100100c004.jpg","type":"image\/jpeg"}],"twitter_card":"summary_large_image","schema":{"@context":"https:\/\/schema.org","@graph":[{"@type":"WebPage","@id":"https:\/\/www.eliassen.nl\/de\/glasmalerei-schildkrote-100x100cm\/","url":"https:\/\/www.eliassen.nl\/de\/glasmalerei-schildkrote-100x100cm\/","name":"Glasgem\u00e4lde Schildkr\u00f6te 100x100cm. | Eliassen","isPartOf":{"@id":"https:\/\/www.eliassen.nl\/de\/#website"},"primaryImageOfPage":{"@id":"https:\/\/www.eliassen.nl\/de\/glasmalerei-schildkrote-100x100cm\/#primaryimage"},"image":{"@id":"https:\/\/www.eliassen.nl\/de\/glasmalerei-schildkrote-100x100cm\/#primaryimage"},"thumbnailUrl":"https:\/\/www.eliassen.nl\/wp-content\/uploads\/2024\/01\/glas100100c004.jpg","datePublished":"2021-09-03T07:26:26+00:00","dateModified":"2026-01-07T12:26:13+00:00","description":"Suchen Sie ein Glasgem\u00e4lde? Bestellen Sie jetzt Glasmalerei Schildkr\u00f6te. Kaufen Sie Gem\u00e4lde einfach auf unserer Website. Gro\u00dfe Auswahl \u2713 Schnelle Lieferung","breadcrumb":{"@id":"https:\/\/www.eliassen.nl\/de\/glasmalerei-schildkrote-100x100cm\/#breadcrumb"},"inLanguage":"de","potentialAction":[{"@type":"ReadAction","target":["https:\/\/www.eliassen.nl\/de\/glasmalerei-schildkrote-100x100cm\/"]}]},{"@type":"ImageObject","inLanguage":"de","@id":"https:\/\/www.eliassen.nl\/de\/glasmalerei-schildkrote-100x100cm\/#primaryimage","url":"https:\/\/www.eliassen.nl\/wp-content\/uploads\/2024\/01\/glas100100c004.jpg","contentUrl":"https:\/\/www.eliassen.nl\/wp-content\/uploads\/2024\/01\/glas100100c004.jpg","width":336,"height":336,"caption":"GLAS100100C-004"},{"@type":"BreadcrumbList","@id":"https:\/\/www.eliassen.nl\/de\/glasmalerei-schildkrote-100x100cm\/#breadcrumb","itemListElement":[{"@type":"ListItem","position":1,"name":"Home","item":"https:\/\/www.eliassen.nl\/de\/"},{"@type":"ListItem","position":2,"name":"Shop","item":"https:\/\/www.eliassen.nl\/de\/shop\/"},{"@type":"ListItem","position":3,"name":"Glasmalereien","item":"https:\/\/www.eliassen.nl\/de\/gemaelde\/glasmalereien\/"},{"@type":"ListItem","position":4,"name":"Glasmalerei im Format 100x100cm","item":"https:\/\/www.eliassen.nl\/de\/gemaelde\/glasmalereien\/glasmalerei-im-format-100x100cm\/"},{"@type":"ListItem","position":5,"name":"Glasgem\u00e4lde Schildkr\u00f6te 100x100cm."}]},{"@type":"WebSite","@id":"https:\/\/www.eliassen.nl\/de\/#website","url":"https:\/\/www.eliassen.nl\/de\/","name":"Eliassen Home & Garden Pleasure","description":"","publisher":{"@id":"https:\/\/www.eliassen.nl\/de\/#organization"},"alternateName":"Eliassen.nl","potentialAction":[{"@type":"SearchAction","target":{"@type":"EntryPoint","urlTemplate":"https:\/\/www.eliassen.nl\/de\/?s={search_term_string}"},"query-input":{"@type":"PropertyValueSpecification","valueRequired":true,"valueName":"search_term_string"}}],"inLanguage":"de"},{"@type":["Organization","Place"],"@id":"https:\/\/www.eliassen.nl\/de\/#organization","name":"Eliassen Home & Garden Pleasure","url":"https:\/\/www.eliassen.nl\/de\/","logo":{"@id":"https:\/\/www.eliassen.nl\/de\/glasmalerei-schildkrote-100x100cm\/#local-main-organization-logo"},"image":{"@id":"https:\/\/www.eliassen.nl\/de\/glasmalerei-schildkrote-100x100cm\/#local-main-organization-logo"},"sameAs":["https:\/\/www.facebook.com\/TuincentrumEliassenAmmerzoden","https:\/\/www.instagram.com\/eliassenhomeandgarden\/","https:\/\/nl.pinterest.com\/eliassenhomeandgarden\/","https:\/\/www.youtube.com\/@eliassenhomegardenpleasure4558"],"telephone":[],"openingHoursSpecification":[{"@type":"OpeningHoursSpecification","dayOfWeek":["Monday","Tuesday","Wednesday","Thursday","Friday","Saturday","Sunday"],"opens":"09:00","closes":"17:00"}]},{"@type":"ImageObject","inLanguage":"de","@id":"https:\/\/www.eliassen.nl\/de\/glasmalerei-schildkrote-100x100cm\/#local-main-organization-logo","url":"https:\/\/www.eliassen.nl\/wp-content\/uploads\/2024\/01\/logo_4nd.jpg","contentUrl":"https:\/\/www.eliassen.nl\/wp-content\/uploads\/2024\/01\/logo_4nd.jpg","width":500,"height":500,"caption":"Eliassen Home & Garden Pleasure"}]},"product_price_amount":"139.00","product_price_currency":"EUR","og_availability":"instock","product_availability":"instock","product_retailer_item_id":"Glas100100c-004","product_condition":"new"},"df_price":139,"df_sale_price":139,"df_regular_price":179,"df_image_link":"https:\/\/www.eliassen.nl\/wp-content\/uploads\/2024\/01\/glas100100c004.jpg","image":"https:\/\/www.eliassen.nl\/wp-content\/uploads\/2024\/01\/glas100100c004.jpg","price_search":"<span class=\"woocommerce-Price-amount amount\"><bdi><span class=\"woocommerce-Price-currencySymbol\">&euro;<\/span>&nbsp;139,00<\/bdi><\/span>","category":"Gem\u00e4lde","global_unique_id":"8714688598163","_links":{"self":[{"href":"https:\/\/www.eliassen.nl\/de\/wp-json\/wp\/v2\/product\/52996","targetHints":{"allow":["GET"]}}],"collection":[{"href":"https:\/\/www.eliassen.nl\/de\/wp-json\/wp\/v2\/product"}],"about":[{"href":"https:\/\/www.eliassen.nl\/de\/wp-json\/wp\/v2\/types\/product"}],"wp:featuredmedia":[{"embeddable":true,"href":"https:\/\/www.eliassen.nl\/de\/wp-json\/wp\/v2\/media\/52990"}],"wp:attachment":[{"href":"https:\/\/www.eliassen.nl\/de\/wp-json\/wp\/v2\/media?parent=52996"}],"wp:term":[{"taxonomy":"product_brand","embeddable":true,"href":"https:\/\/www.eliassen.nl\/de\/wp-json\/wp\/v2\/product_brand?post=52996"},{"taxonomy":"product_cat","embeddable":true,"href":"https:\/\/www.eliassen.nl\/de\/wp-json\/wp\/v2\/product_cat?post=52996"},{"taxonomy":"product_tag","embeddable":true,"href":"https:\/\/www.eliassen.nl\/de\/wp-json\/wp\/v2\/product_tag?post=52996"}],"curies":[{"name":"wp","href":"https:\/\/api.w.org\/{rel}","templated":true}]}}