{"id":52960,"date":"2021-09-01T16:26:25","date_gmt":"2021-09-01T14:26:25","guid":{"rendered":"https:\/\/www.eliassen.nl\/?product=glasschilderij-veel-geld-80x160cm"},"modified":"2026-02-03T09:44:06","modified_gmt":"2026-02-03T08:44:06","slug":"glasmalerei-viel-geld-80x160cm","status":"publish","type":"product","link":"https:\/\/www.eliassen.nl\/de\/glasmalerei-viel-geld-80x160cm\/","title":{"rendered":"Glasmalerei Viel Geld 80x160cm"},"content":{"rendered":"<p data-path-to-node=\"2\">Verleihen Sie Ihrer modernen Einrichtung einen kraftvollen und luxuri\u00f6sen Look mit diesem beeindruckenden Glasgem\u00e4lde viel Geld. Mit einer gro\u00dfz\u00fcgigen Gr\u00f6\u00dfe von 80&#215;160 cm ist diese Wanddekoration ein absoluter Blickfang in Ihrem Wohnzimmer, aber das Objekt kommt auch in einer gesch\u00e4ftlichen Umgebung wie einem B\u00fcro oder Empfangsbereich gut zur Geltung. Das superscharfe Bild von Reichtum und Geld ist auf der R\u00fcckseite einer 4 mm dicken Platte aus geh\u00e4rtetem Glas angebracht. Dadurch entsteht ein brillanter Tiefeneffekt und ein hochwertiger Glanz, der den Druck noch lebendiger werden l\u00e4sst.<\/p>\n<p data-path-to-node=\"3\">Dieses von Ter Halle hergestellte Glasgem\u00e4lde ist f\u00fcr seine Langlebigkeit bekannt; das Glas ist praktisch unzerbrechlich und unempfindlich gegen Kratzer. Dank seiner sauberen Verarbeitung passt dieses stimmungsvolle Objekt perfekt in minimalistische oder industrielle Interieurs. Das Aufh\u00e4ngen dieser gro\u00dfen Glasplatte ist mit den beiden mitgelieferten Haken erstaunlich einfach. Bei Eliassen haben wir fast die gesamte Kollektion von Glasgem\u00e4lden auf Lager, was in den Niederlanden einzigartig ist. Sie sind also herzlich eingeladen, dieses und viele andere Modelle live in unserem Ausstellungsraum in Ammerzoden zu bewundern.<\/p>\n","protected":false},"excerpt":{"rendered":"<p>Dieses luxuri\u00f6se Glasgem\u00e4lde im Format 80&#215;160 cm zeigt ein messerscharfes Bild des Reichtums auf 4 mm dickem geh\u00e4rtetem Glas, das einen brillanten Glanz und Tiefe erzeugt. Die Wanddekoration ist praktisch unzerbrechlich und kratzfest, was sie zu einer dauerhaften und stilvollen Erg\u00e4nzung f\u00fcr jedes elegante Interieur oder B\u00fcro macht. Ein beeindruckendes Kunstwerk, das dank seines einfachen Aufh\u00e4ngesystems sofort ein kraftvolles Statement an Ihrer Wand abgibt.<\/p>\n","protected":false},"featured_media":52954,"template":"","meta":{"_acf_changed":false,"_genesis_title":"","_genesis_description":""},"product_brand":[6940],"product_cat":[410,458,443],"product_tag":[],"class_list":{"0":"post-52960","1":"product","2":"type-product","3":"status-publish","4":"has-post-thumbnail","6":"product_brand-ter-halle-de","7":"product_cat-gemaelde","8":"product_cat-glasmalerei-im-format-80x160cm","9":"product_cat-glasmalereien","11":"first","12":"instock","13":"sale","14":"taxable","15":"shipping-taxable","16":"purchasable","17":"product-type-simple"},"acf":[],"meta_all":{"total_sales":"0","wcml_sync_hash":{"postmeta_fields":"b1cb2e61ba0e97e24605237f0757c051"},"attr_label_translations":[],"cor_restricted_countries":[]},"meta_all_flat":{"total_sales":"0","wcml_sync_hash.postmeta_fields":"b1cb2e61ba0e97e24605237f0757c051"},"yoast_head":"<!-- This site is optimized with the Yoast SEO Premium plugin v26.2 (Yoast SEO v27.2) - https:\/\/yoast.com\/product\/yoast-seo-premium-wordpress\/ -->\n<title>Glasmalerei viel Geld 80x160cm | Eliassen<\/title>\n<meta name=\"description\" content=\"Kreieren Sie einen luxuri\u00f6sen Look mit diesem Glasgem\u00e4lde von viel Geld (80x160cm). Rasiermesserscharfer Druck auf geh\u00e4rtetem Glas mit brillantem Glanz. Finden Sie es bei Eliassen heraus!\" \/>\n<meta name=\"robots\" content=\"index, follow, max-snippet:-1, max-image-preview:large, max-video-preview:-1\" \/>\n<link rel=\"canonical\" href=\"https:\/\/www.eliassen.nl\/de\/glasmalerei-viel-geld-80x160cm\/\" \/>\n<meta property=\"og:locale\" content=\"de_DE\" \/>\n<meta property=\"og:type\" content=\"article\" \/>\n<meta property=\"og:title\" content=\"Ter Halle Glasmalerei Viel Geld 80x160cm - Eliassen.nl\" \/>\n<meta property=\"og:description\" content=\"Kreieren Sie einen luxuri\u00f6sen Look mit diesem Glasgem\u00e4lde von viel Geld (80x160cm). Rasiermesserscharfer Druck auf geh\u00e4rtetem Glas mit brillantem Glanz. Finden Sie es bei Eliassen heraus!\" \/>\n<meta property=\"og:url\" content=\"https:\/\/www.eliassen.nl\/de\/glasmalerei-viel-geld-80x160cm\/\" \/>\n<meta property=\"og:site_name\" content=\"Eliassen.nl\" \/>\n<meta property=\"article:publisher\" content=\"https:\/\/www.facebook.com\/TuincentrumEliassenAmmerzoden\" \/>\n<meta property=\"article:modified_time\" content=\"2026-02-03T08:44:06+00:00\" \/>\n<meta property=\"og:image\" content=\"https:\/\/www.eliassen.nl\/wp-content\/uploads\/2024\/01\/glas080160c712glasschilderijveelgeld80x160cm.jpg\" \/>\n\t<meta property=\"og:image:width\" content=\"700\" \/>\n\t<meta property=\"og:image:height\" content=\"352\" \/>\n\t<meta property=\"og:image:type\" content=\"image\/jpeg\" \/>\n<meta name=\"twitter:card\" content=\"summary_large_image\" \/>\n<script type=\"application\/ld+json\" class=\"yoast-schema-graph\">{\"@context\":\"https:\/\/schema.org\",\"@graph\":[{\"@type\":\"WebPage\",\"@id\":\"https:\/\/www.eliassen.nl\/de\/glasmalerei-viel-geld-80x160cm\/\",\"url\":\"https:\/\/www.eliassen.nl\/de\/glasmalerei-viel-geld-80x160cm\/\",\"name\":\"Glasmalerei viel Geld 80x160cm | Eliassen\",\"isPartOf\":{\"@id\":\"https:\/\/www.eliassen.nl\/de\/#website\"},\"primaryImageOfPage\":{\"@id\":\"https:\/\/www.eliassen.nl\/de\/glasmalerei-viel-geld-80x160cm\/#primaryimage\"},\"image\":{\"@id\":\"https:\/\/www.eliassen.nl\/de\/glasmalerei-viel-geld-80x160cm\/#primaryimage\"},\"thumbnailUrl\":\"https:\/\/www.eliassen.nl\/wp-content\/uploads\/2024\/01\/glas080160c712glasschilderijveelgeld80x160cm.jpg\",\"datePublished\":\"2021-09-01T14:26:25+00:00\",\"dateModified\":\"2026-02-03T08:44:06+00:00\",\"description\":\"Kreieren Sie einen luxuri\u00f6sen Look mit diesem Glasgem\u00e4lde von viel Geld (80x160cm). Rasiermesserscharfer Druck auf geh\u00e4rtetem Glas mit brillantem Glanz. Finden Sie es bei Eliassen heraus!\",\"breadcrumb\":{\"@id\":\"https:\/\/www.eliassen.nl\/de\/glasmalerei-viel-geld-80x160cm\/#breadcrumb\"},\"inLanguage\":\"de\",\"potentialAction\":[{\"@type\":\"ReadAction\",\"target\":[\"https:\/\/www.eliassen.nl\/de\/glasmalerei-viel-geld-80x160cm\/\"]}]},{\"@type\":\"ImageObject\",\"inLanguage\":\"de\",\"@id\":\"https:\/\/www.eliassen.nl\/de\/glasmalerei-viel-geld-80x160cm\/#primaryimage\",\"url\":\"https:\/\/www.eliassen.nl\/wp-content\/uploads\/2024\/01\/glas080160c712glasschilderijveelgeld80x160cm.jpg\",\"contentUrl\":\"https:\/\/www.eliassen.nl\/wp-content\/uploads\/2024\/01\/glas080160c712glasschilderijveelgeld80x160cm.jpg\",\"width\":700,\"height\":352,\"caption\":\"GLAS080160C-712 Glasgem\u00e4lde viel Geld 80x160cm - Eliassen.nl\"},{\"@type\":\"BreadcrumbList\",\"@id\":\"https:\/\/www.eliassen.nl\/de\/glasmalerei-viel-geld-80x160cm\/#breadcrumb\",\"itemListElement\":[{\"@type\":\"ListItem\",\"position\":1,\"name\":\"Home\",\"item\":\"https:\/\/www.eliassen.nl\/de\/\"},{\"@type\":\"ListItem\",\"position\":2,\"name\":\"Shop\",\"item\":\"https:\/\/www.eliassen.nl\/de\/shop\/\"},{\"@type\":\"ListItem\",\"position\":3,\"name\":\"Glasmalereien\",\"item\":\"https:\/\/www.eliassen.nl\/de\/gemaelde\/glasmalereien\/\"},{\"@type\":\"ListItem\",\"position\":4,\"name\":\"Glasmalerei im Format 80x160cm\",\"item\":\"https:\/\/www.eliassen.nl\/de\/gemaelde\/glasmalereien\/glasmalerei-im-format-80x160cm\/\"},{\"@type\":\"ListItem\",\"position\":5,\"name\":\"Glasmalerei Viel Geld 80x160cm\"}]},{\"@type\":\"WebSite\",\"@id\":\"https:\/\/www.eliassen.nl\/de\/#website\",\"url\":\"https:\/\/www.eliassen.nl\/de\/\",\"name\":\"Eliassen Home & Garden Pleasure\",\"description\":\"\",\"publisher\":{\"@id\":\"https:\/\/www.eliassen.nl\/de\/#organization\"},\"alternateName\":\"Eliassen.nl\",\"potentialAction\":[{\"@type\":\"SearchAction\",\"target\":{\"@type\":\"EntryPoint\",\"urlTemplate\":\"https:\/\/www.eliassen.nl\/de\/?s={search_term_string}\"},\"query-input\":{\"@type\":\"PropertyValueSpecification\",\"valueRequired\":true,\"valueName\":\"search_term_string\"}}],\"inLanguage\":\"de\"},{\"@type\":[\"Organization\",\"Place\"],\"@id\":\"https:\/\/www.eliassen.nl\/de\/#organization\",\"name\":\"Eliassen Home & Garden Pleasure\",\"url\":\"https:\/\/www.eliassen.nl\/de\/\",\"logo\":{\"@id\":\"https:\/\/www.eliassen.nl\/de\/glasmalerei-viel-geld-80x160cm\/#local-main-organization-logo\"},\"image\":{\"@id\":\"https:\/\/www.eliassen.nl\/de\/glasmalerei-viel-geld-80x160cm\/#local-main-organization-logo\"},\"sameAs\":[\"https:\/\/www.facebook.com\/TuincentrumEliassenAmmerzoden\",\"https:\/\/www.instagram.com\/eliassenhomeandgarden\/\",\"https:\/\/nl.pinterest.com\/eliassenhomeandgarden\/\",\"https:\/\/www.youtube.com\/@eliassenhomegardenpleasure4558\"],\"telephone\":[],\"openingHoursSpecification\":[{\"@type\":\"OpeningHoursSpecification\",\"dayOfWeek\":[\"Monday\",\"Tuesday\",\"Wednesday\",\"Thursday\",\"Friday\",\"Saturday\",\"Sunday\"],\"opens\":\"09:00\",\"closes\":\"17:00\"}]},{\"@type\":\"ImageObject\",\"inLanguage\":\"de\",\"@id\":\"https:\/\/www.eliassen.nl\/de\/glasmalerei-viel-geld-80x160cm\/#local-main-organization-logo\",\"url\":\"https:\/\/www.eliassen.nl\/wp-content\/uploads\/2024\/01\/logo_4nd.jpg\",\"contentUrl\":\"https:\/\/www.eliassen.nl\/wp-content\/uploads\/2024\/01\/logo_4nd.jpg\",\"width\":500,\"height\":500,\"caption\":\"Eliassen Home & Garden Pleasure\"}]}<\/script>\n<meta property=\"product:price:amount\" content=\"159.00\" \/>\n<meta property=\"product:price:currency\" content=\"EUR\" \/>\n<meta property=\"og:availability\" content=\"instock\" \/>\n<meta property=\"product:availability\" content=\"instock\" \/>\n<meta property=\"product:retailer_item_id\" content=\"Glas080160c-712\" \/>\n<meta property=\"product:condition\" content=\"new\" \/>\n<!-- \/ Yoast SEO Premium plugin. -->","yoast_head_json":{"title":"Glasmalerei viel Geld 80x160cm | Eliassen","description":"Kreieren Sie einen luxuri\u00f6sen Look mit diesem Glasgem\u00e4lde von viel Geld (80x160cm). Rasiermesserscharfer Druck auf geh\u00e4rtetem Glas mit brillantem Glanz. Finden Sie es bei Eliassen heraus!","robots":{"index":"index","follow":"follow","max-snippet":"max-snippet:-1","max-image-preview":"max-image-preview:large","max-video-preview":"max-video-preview:-1"},"canonical":"https:\/\/www.eliassen.nl\/de\/glasmalerei-viel-geld-80x160cm\/","og_locale":"de_DE","og_type":"article","og_title":"Ter Halle Glasmalerei Viel Geld 80x160cm - Eliassen.nl","og_description":"Kreieren Sie einen luxuri\u00f6sen Look mit diesem Glasgem\u00e4lde von viel Geld (80x160cm). Rasiermesserscharfer Druck auf geh\u00e4rtetem Glas mit brillantem Glanz. Finden Sie es bei Eliassen heraus!","og_url":"https:\/\/www.eliassen.nl\/de\/glasmalerei-viel-geld-80x160cm\/","og_site_name":"Eliassen.nl","article_publisher":"https:\/\/www.facebook.com\/TuincentrumEliassenAmmerzoden","article_modified_time":"2026-02-03T08:44:06+00:00","og_image":[{"width":700,"height":352,"url":"https:\/\/www.eliassen.nl\/wp-content\/uploads\/2024\/01\/glas080160c712glasschilderijveelgeld80x160cm.jpg","type":"image\/jpeg"}],"twitter_card":"summary_large_image","schema":{"@context":"https:\/\/schema.org","@graph":[{"@type":"WebPage","@id":"https:\/\/www.eliassen.nl\/de\/glasmalerei-viel-geld-80x160cm\/","url":"https:\/\/www.eliassen.nl\/de\/glasmalerei-viel-geld-80x160cm\/","name":"Glasmalerei viel Geld 80x160cm | Eliassen","isPartOf":{"@id":"https:\/\/www.eliassen.nl\/de\/#website"},"primaryImageOfPage":{"@id":"https:\/\/www.eliassen.nl\/de\/glasmalerei-viel-geld-80x160cm\/#primaryimage"},"image":{"@id":"https:\/\/www.eliassen.nl\/de\/glasmalerei-viel-geld-80x160cm\/#primaryimage"},"thumbnailUrl":"https:\/\/www.eliassen.nl\/wp-content\/uploads\/2024\/01\/glas080160c712glasschilderijveelgeld80x160cm.jpg","datePublished":"2021-09-01T14:26:25+00:00","dateModified":"2026-02-03T08:44:06+00:00","description":"Kreieren Sie einen luxuri\u00f6sen Look mit diesem Glasgem\u00e4lde von viel Geld (80x160cm). Rasiermesserscharfer Druck auf geh\u00e4rtetem Glas mit brillantem Glanz. Finden Sie es bei Eliassen heraus!","breadcrumb":{"@id":"https:\/\/www.eliassen.nl\/de\/glasmalerei-viel-geld-80x160cm\/#breadcrumb"},"inLanguage":"de","potentialAction":[{"@type":"ReadAction","target":["https:\/\/www.eliassen.nl\/de\/glasmalerei-viel-geld-80x160cm\/"]}]},{"@type":"ImageObject","inLanguage":"de","@id":"https:\/\/www.eliassen.nl\/de\/glasmalerei-viel-geld-80x160cm\/#primaryimage","url":"https:\/\/www.eliassen.nl\/wp-content\/uploads\/2024\/01\/glas080160c712glasschilderijveelgeld80x160cm.jpg","contentUrl":"https:\/\/www.eliassen.nl\/wp-content\/uploads\/2024\/01\/glas080160c712glasschilderijveelgeld80x160cm.jpg","width":700,"height":352,"caption":"GLAS080160C-712 Glasgem\u00e4lde viel Geld 80x160cm - Eliassen.nl"},{"@type":"BreadcrumbList","@id":"https:\/\/www.eliassen.nl\/de\/glasmalerei-viel-geld-80x160cm\/#breadcrumb","itemListElement":[{"@type":"ListItem","position":1,"name":"Home","item":"https:\/\/www.eliassen.nl\/de\/"},{"@type":"ListItem","position":2,"name":"Shop","item":"https:\/\/www.eliassen.nl\/de\/shop\/"},{"@type":"ListItem","position":3,"name":"Glasmalereien","item":"https:\/\/www.eliassen.nl\/de\/gemaelde\/glasmalereien\/"},{"@type":"ListItem","position":4,"name":"Glasmalerei im Format 80x160cm","item":"https:\/\/www.eliassen.nl\/de\/gemaelde\/glasmalereien\/glasmalerei-im-format-80x160cm\/"},{"@type":"ListItem","position":5,"name":"Glasmalerei Viel Geld 80x160cm"}]},{"@type":"WebSite","@id":"https:\/\/www.eliassen.nl\/de\/#website","url":"https:\/\/www.eliassen.nl\/de\/","name":"Eliassen Home & Garden Pleasure","description":"","publisher":{"@id":"https:\/\/www.eliassen.nl\/de\/#organization"},"alternateName":"Eliassen.nl","potentialAction":[{"@type":"SearchAction","target":{"@type":"EntryPoint","urlTemplate":"https:\/\/www.eliassen.nl\/de\/?s={search_term_string}"},"query-input":{"@type":"PropertyValueSpecification","valueRequired":true,"valueName":"search_term_string"}}],"inLanguage":"de"},{"@type":["Organization","Place"],"@id":"https:\/\/www.eliassen.nl\/de\/#organization","name":"Eliassen Home & Garden Pleasure","url":"https:\/\/www.eliassen.nl\/de\/","logo":{"@id":"https:\/\/www.eliassen.nl\/de\/glasmalerei-viel-geld-80x160cm\/#local-main-organization-logo"},"image":{"@id":"https:\/\/www.eliassen.nl\/de\/glasmalerei-viel-geld-80x160cm\/#local-main-organization-logo"},"sameAs":["https:\/\/www.facebook.com\/TuincentrumEliassenAmmerzoden","https:\/\/www.instagram.com\/eliassenhomeandgarden\/","https:\/\/nl.pinterest.com\/eliassenhomeandgarden\/","https:\/\/www.youtube.com\/@eliassenhomegardenpleasure4558"],"telephone":[],"openingHoursSpecification":[{"@type":"OpeningHoursSpecification","dayOfWeek":["Monday","Tuesday","Wednesday","Thursday","Friday","Saturday","Sunday"],"opens":"09:00","closes":"17:00"}]},{"@type":"ImageObject","inLanguage":"de","@id":"https:\/\/www.eliassen.nl\/de\/glasmalerei-viel-geld-80x160cm\/#local-main-organization-logo","url":"https:\/\/www.eliassen.nl\/wp-content\/uploads\/2024\/01\/logo_4nd.jpg","contentUrl":"https:\/\/www.eliassen.nl\/wp-content\/uploads\/2024\/01\/logo_4nd.jpg","width":500,"height":500,"caption":"Eliassen Home & Garden Pleasure"}]},"product_price_amount":"159.00","product_price_currency":"EUR","og_availability":"instock","product_availability":"instock","product_retailer_item_id":"Glas080160c-712","product_condition":"new"},"df_price":159,"df_sale_price":159,"df_regular_price":209,"df_image_link":"https:\/\/www.eliassen.nl\/wp-content\/uploads\/2024\/01\/glas080160c712glasschilderijveelgeld80x160cm.jpg","image":"https:\/\/www.eliassen.nl\/wp-content\/uploads\/2024\/01\/glas080160c712glasschilderijveelgeld80x160cm.jpg","price_search":"<span class=\"woocommerce-Price-amount amount\"><bdi><span class=\"woocommerce-Price-currencySymbol\">&euro;<\/span>&nbsp;159,00<\/bdi><\/span>","category":"Gem\u00e4lde","global_unique_id":"8714688598729","_links":{"self":[{"href":"https:\/\/www.eliassen.nl\/de\/wp-json\/wp\/v2\/product\/52960","targetHints":{"allow":["GET"]}}],"collection":[{"href":"https:\/\/www.eliassen.nl\/de\/wp-json\/wp\/v2\/product"}],"about":[{"href":"https:\/\/www.eliassen.nl\/de\/wp-json\/wp\/v2\/types\/product"}],"wp:featuredmedia":[{"embeddable":true,"href":"https:\/\/www.eliassen.nl\/de\/wp-json\/wp\/v2\/media\/52954"}],"wp:attachment":[{"href":"https:\/\/www.eliassen.nl\/de\/wp-json\/wp\/v2\/media?parent=52960"}],"wp:term":[{"taxonomy":"product_brand","embeddable":true,"href":"https:\/\/www.eliassen.nl\/de\/wp-json\/wp\/v2\/product_brand?post=52960"},{"taxonomy":"product_cat","embeddable":true,"href":"https:\/\/www.eliassen.nl\/de\/wp-json\/wp\/v2\/product_cat?post=52960"},{"taxonomy":"product_tag","embeddable":true,"href":"https:\/\/www.eliassen.nl\/de\/wp-json\/wp\/v2\/product_tag?post=52960"}],"curies":[{"name":"wp","href":"https:\/\/api.w.org\/{rel}","templated":true}]}}