{"id":5284,"date":"2019-10-28T15:51:07","date_gmt":"2019-10-28T15:51:07","guid":{"rendered":"https:\/\/www.eliassen.nl\/?product=moai-statue-150cm"},"modified":"2026-03-26T20:37:02","modified_gmt":"2026-03-26T19:37:02","slug":"moai-statue-150cm","status":"publish","type":"product","link":"https:\/\/www.eliassen.nl\/de\/moai-statue-150cm\/","title":{"rendered":"Moai Statue 150cm"},"content":{"rendered":"<p>Diese Moai-Statue aus hochwertigem Steinguss, die nicht weniger als 150 cm hoch und 63 cm breit ist, verleiht Ihrem Garten, Ihrem Gesch\u00e4ft oder Ihrem Zuhause eine besondere Atmosph\u00e4re. Die Statue stammt von der geheimnisvollen Osterinsel, wo diese Statuen vor langer Zeit im Boden entdeckt wurden. Das Bild kann innen und au\u00dfen platziert werden.<br \/>\nSchwarz\/grau gef\u00e4rbt. Das Foto kann immer in Form und Farbe variieren.<br \/>\nSie k\u00f6nnen sich diese Serie gerne in unseren Gesch\u00e4ftsr\u00e4umen ansehen, am besten nach telefonischer Absprache.  <strong><span style=\"color: #ff0000\">Jetzt auch in der Farbe Rost erh\u00e4ltlich !!!<\/span><\/strong><\/p>\n<p>Die Moai sind Darstellungen von Vorfahren, die um Fruchtbarkeit bitten. Die Fortpflanzung war entscheidend f\u00fcr das \u00dcberleben auf einer extrem isolierten Insel wie dieser. Viele Ahnenstatuen wurden wieder aufgerichtet, und viele haben ihre durchdringenden Augen, die in den Himmel blicken, zur\u00fcck. Die vorspringenden Lippen waren vielleicht mit einem Bart geschm\u00fcckt. Auff\u00e4llig sind auch die verl\u00e4ngerten Ohrl\u00e4ppchen. Moai sind gro\u00dfe Steinstatuen, die sich auf der Osterinsel befinden.<\/p>\n<ul>\n<li>H\u00f6henmessung: 150cm<\/li>\n<li>Opp Gr\u00f6\u00dfe: 63 x 57cm<\/li>\n<li>Hochwertiger Kunststein<\/li>\n<li>Handgemacht<\/li>\n<li>Schnelle Lieferung<\/li>\n<li><strong>Vieles aus dieser Serie ist auch in unserem Gesch\u00e4ft zu sehen<\/strong><\/li>\n<\/ul>\n<p>&nbsp;<\/p>\n","protected":false},"excerpt":{"rendered":"<p>\u2713 63x57x150cm hoch \u2713 Hochwertiger Kunststein<\/p>\n","protected":false},"featured_media":5260,"template":"","meta":{"_acf_changed":false,"_genesis_title":"","_genesis_description":""},"product_brand":[7505],"product_cat":[677,689,7239],"product_tag":[],"class_list":{"0":"post-5284","1":"product","2":"type-product","3":"status-publish","4":"has-post-thumbnail","6":"product_brand-sonstige","7":"product_cat-betonstatuen","8":"product_cat-moai-bilder","9":"product_cat-bilder","11":"first","12":"instock","13":"taxable","14":"shipping-taxable","15":"purchasable","16":"product-type-simple"},"acf":[],"meta_all":{"total_sales":"2","wcml_sync_hash":{"postmeta_fields":"42ccc6bed06d4d61fb0413f868addbb3"},"attr_label_translations":[],"cor_restricted_countries":[]},"meta_all_flat":{"total_sales":"2","wcml_sync_hash.postmeta_fields":"42ccc6bed06d4d61fb0413f868addbb3"},"yoast_head":"<!-- This site is optimized with the Yoast SEO Premium plugin v26.2 (Yoast SEO v27.2) - https:\/\/yoast.com\/product\/yoast-seo-premium-wordpress\/ -->\n<title>Moai Statue 150cm | Eliassen<\/title>\n<meta name=\"description\" content=\"Bei Eliassen k\u00f6nnen Sie die Moai-Statue 150cm online kaufen oder live im Ausstellungsraum betrachten. Wir haben die sch\u00f6nsten Steinstatuen, Moai-Statuen\" \/>\n<meta name=\"robots\" content=\"index, follow, max-snippet:-1, max-image-preview:large, max-video-preview:-1\" \/>\n<link rel=\"canonical\" href=\"https:\/\/www.eliassen.nl\/de\/moai-statue-150cm\/\" \/>\n<meta property=\"og:locale\" content=\"de_DE\" \/>\n<meta property=\"og:type\" content=\"article\" \/>\n<meta property=\"og:title\" content=\"Sonstige Moai Statue 150cm - Eliassen.nl\" \/>\n<meta property=\"og:description\" content=\"Bei Eliassen k\u00f6nnen Sie die Moai-Statue 150cm online kaufen oder live im Ausstellungsraum betrachten. Wir haben die sch\u00f6nsten Steinstatuen, Moai-Statuen\" \/>\n<meta property=\"og:url\" content=\"https:\/\/www.eliassen.nl\/de\/moai-statue-150cm\/\" \/>\n<meta property=\"og:site_name\" content=\"Eliassen.nl\" \/>\n<meta property=\"article:publisher\" content=\"https:\/\/www.facebook.com\/TuincentrumEliassenAmmerzoden\" \/>\n<meta property=\"article:modified_time\" content=\"2026-03-26T19:37:02+00:00\" \/>\n<meta property=\"og:image\" content=\"https:\/\/www.eliassen.nl\/wp-content\/uploads\/2024\/01\/beeldmoai150cmeliassennl.jpg\" \/>\n\t<meta property=\"og:image:width\" content=\"355\" \/>\n\t<meta property=\"og:image:height\" content=\"784\" \/>\n\t<meta property=\"og:image:type\" content=\"image\/jpeg\" \/>\n<meta name=\"twitter:card\" content=\"summary_large_image\" \/>\n<script type=\"application\/ld+json\" class=\"yoast-schema-graph\">{\"@context\":\"https:\/\/schema.org\",\"@graph\":[{\"@type\":\"WebPage\",\"@id\":\"https:\/\/www.eliassen.nl\/de\/moai-statue-150cm\/\",\"url\":\"https:\/\/www.eliassen.nl\/de\/moai-statue-150cm\/\",\"name\":\"Moai Statue 150cm | Eliassen\",\"isPartOf\":{\"@id\":\"https:\/\/www.eliassen.nl\/de\/#website\"},\"primaryImageOfPage\":{\"@id\":\"https:\/\/www.eliassen.nl\/de\/moai-statue-150cm\/#primaryimage\"},\"image\":{\"@id\":\"https:\/\/www.eliassen.nl\/de\/moai-statue-150cm\/#primaryimage\"},\"thumbnailUrl\":\"https:\/\/www.eliassen.nl\/wp-content\/uploads\/2024\/01\/beeldmoai150cmeliassennl.jpg\",\"datePublished\":\"2019-10-28T15:51:07+00:00\",\"dateModified\":\"2026-03-26T19:37:02+00:00\",\"description\":\"Bei Eliassen k\u00f6nnen Sie die Moai-Statue 150cm online kaufen oder live im Ausstellungsraum betrachten. Wir haben die sch\u00f6nsten Steinstatuen, Moai-Statuen\",\"breadcrumb\":{\"@id\":\"https:\/\/www.eliassen.nl\/de\/moai-statue-150cm\/#breadcrumb\"},\"inLanguage\":\"de\",\"potentialAction\":[{\"@type\":\"ReadAction\",\"target\":[\"https:\/\/www.eliassen.nl\/de\/moai-statue-150cm\/\"]}]},{\"@type\":\"ImageObject\",\"inLanguage\":\"de\",\"@id\":\"https:\/\/www.eliassen.nl\/de\/moai-statue-150cm\/#primaryimage\",\"url\":\"https:\/\/www.eliassen.nl\/wp-content\/uploads\/2024\/01\/beeldmoai150cmeliassennl.jpg\",\"contentUrl\":\"https:\/\/www.eliassen.nl\/wp-content\/uploads\/2024\/01\/beeldmoai150cmeliassennl.jpg\",\"width\":355,\"height\":784,\"caption\":\"Statue Moai 150cm eliassen.nl\"},{\"@type\":\"BreadcrumbList\",\"@id\":\"https:\/\/www.eliassen.nl\/de\/moai-statue-150cm\/#breadcrumb\",\"itemListElement\":[{\"@type\":\"ListItem\",\"position\":1,\"name\":\"Home\",\"item\":\"https:\/\/www.eliassen.nl\/de\/\"},{\"@type\":\"ListItem\",\"position\":2,\"name\":\"Shop\",\"item\":\"https:\/\/www.eliassen.nl\/de\/shop\/\"},{\"@type\":\"ListItem\",\"position\":3,\"name\":\"Bilder\",\"item\":\"https:\/\/www.eliassen.nl\/de\/bilder\/\"},{\"@type\":\"ListItem\",\"position\":4,\"name\":\"Betonstatuen\",\"item\":\"https:\/\/www.eliassen.nl\/de\/bilder\/betonstatuen\/\"},{\"@type\":\"ListItem\",\"position\":5,\"name\":\"Moai-Bilder\",\"item\":\"https:\/\/www.eliassen.nl\/de\/bilder\/betonstatuen\/moai-bilder\/\"},{\"@type\":\"ListItem\",\"position\":6,\"name\":\"Moai Statue 150cm\"}]},{\"@type\":\"WebSite\",\"@id\":\"https:\/\/www.eliassen.nl\/de\/#website\",\"url\":\"https:\/\/www.eliassen.nl\/de\/\",\"name\":\"Eliassen Home & Garden Pleasure\",\"description\":\"\",\"publisher\":{\"@id\":\"https:\/\/www.eliassen.nl\/de\/#organization\"},\"alternateName\":\"Eliassen.nl\",\"potentialAction\":[{\"@type\":\"SearchAction\",\"target\":{\"@type\":\"EntryPoint\",\"urlTemplate\":\"https:\/\/www.eliassen.nl\/de\/?s={search_term_string}\"},\"query-input\":{\"@type\":\"PropertyValueSpecification\",\"valueRequired\":true,\"valueName\":\"search_term_string\"}}],\"inLanguage\":\"de\"},{\"@type\":[\"Organization\",\"Place\"],\"@id\":\"https:\/\/www.eliassen.nl\/de\/#organization\",\"name\":\"Eliassen Home & Garden Pleasure\",\"url\":\"https:\/\/www.eliassen.nl\/de\/\",\"logo\":{\"@id\":\"https:\/\/www.eliassen.nl\/de\/moai-statue-150cm\/#local-main-organization-logo\"},\"image\":{\"@id\":\"https:\/\/www.eliassen.nl\/de\/moai-statue-150cm\/#local-main-organization-logo\"},\"sameAs\":[\"https:\/\/www.facebook.com\/TuincentrumEliassenAmmerzoden\",\"https:\/\/www.instagram.com\/eliassenhomeandgarden\/\",\"https:\/\/nl.pinterest.com\/eliassenhomeandgarden\/\",\"https:\/\/www.youtube.com\/@eliassenhomegardenpleasure4558\"],\"telephone\":[],\"openingHoursSpecification\":[{\"@type\":\"OpeningHoursSpecification\",\"dayOfWeek\":[\"Monday\",\"Tuesday\",\"Wednesday\",\"Thursday\",\"Friday\",\"Saturday\",\"Sunday\"],\"opens\":\"09:00\",\"closes\":\"17:00\"}]},{\"@type\":\"ImageObject\",\"inLanguage\":\"de\",\"@id\":\"https:\/\/www.eliassen.nl\/de\/moai-statue-150cm\/#local-main-organization-logo\",\"url\":\"https:\/\/www.eliassen.nl\/wp-content\/uploads\/2024\/01\/logo_4nd.jpg\",\"contentUrl\":\"https:\/\/www.eliassen.nl\/wp-content\/uploads\/2024\/01\/logo_4nd.jpg\",\"width\":500,\"height\":500,\"caption\":\"Eliassen Home & Garden Pleasure\"}]}<\/script>\n<meta property=\"product:price:amount\" content=\"460.00\" \/>\n<meta property=\"product:price:currency\" content=\"EUR\" \/>\n<meta property=\"og:availability\" content=\"instock\" \/>\n<meta property=\"product:availability\" content=\"instock\" \/>\n<meta property=\"product:retailer_item_id\" content=\"Brmo150\" \/>\n<meta property=\"product:condition\" content=\"new\" \/>\n<!-- \/ Yoast SEO Premium plugin. -->","yoast_head_json":{"title":"Moai Statue 150cm | Eliassen","description":"Bei Eliassen k\u00f6nnen Sie die Moai-Statue 150cm online kaufen oder live im Ausstellungsraum betrachten. Wir haben die sch\u00f6nsten Steinstatuen, Moai-Statuen","robots":{"index":"index","follow":"follow","max-snippet":"max-snippet:-1","max-image-preview":"max-image-preview:large","max-video-preview":"max-video-preview:-1"},"canonical":"https:\/\/www.eliassen.nl\/de\/moai-statue-150cm\/","og_locale":"de_DE","og_type":"article","og_title":"Sonstige Moai Statue 150cm - Eliassen.nl","og_description":"Bei Eliassen k\u00f6nnen Sie die Moai-Statue 150cm online kaufen oder live im Ausstellungsraum betrachten. Wir haben die sch\u00f6nsten Steinstatuen, Moai-Statuen","og_url":"https:\/\/www.eliassen.nl\/de\/moai-statue-150cm\/","og_site_name":"Eliassen.nl","article_publisher":"https:\/\/www.facebook.com\/TuincentrumEliassenAmmerzoden","article_modified_time":"2026-03-26T19:37:02+00:00","og_image":[{"width":355,"height":784,"url":"https:\/\/www.eliassen.nl\/wp-content\/uploads\/2024\/01\/beeldmoai150cmeliassennl.jpg","type":"image\/jpeg"}],"twitter_card":"summary_large_image","schema":{"@context":"https:\/\/schema.org","@graph":[{"@type":"WebPage","@id":"https:\/\/www.eliassen.nl\/de\/moai-statue-150cm\/","url":"https:\/\/www.eliassen.nl\/de\/moai-statue-150cm\/","name":"Moai Statue 150cm | Eliassen","isPartOf":{"@id":"https:\/\/www.eliassen.nl\/de\/#website"},"primaryImageOfPage":{"@id":"https:\/\/www.eliassen.nl\/de\/moai-statue-150cm\/#primaryimage"},"image":{"@id":"https:\/\/www.eliassen.nl\/de\/moai-statue-150cm\/#primaryimage"},"thumbnailUrl":"https:\/\/www.eliassen.nl\/wp-content\/uploads\/2024\/01\/beeldmoai150cmeliassennl.jpg","datePublished":"2019-10-28T15:51:07+00:00","dateModified":"2026-03-26T19:37:02+00:00","description":"Bei Eliassen k\u00f6nnen Sie die Moai-Statue 150cm online kaufen oder live im Ausstellungsraum betrachten. Wir haben die sch\u00f6nsten Steinstatuen, Moai-Statuen","breadcrumb":{"@id":"https:\/\/www.eliassen.nl\/de\/moai-statue-150cm\/#breadcrumb"},"inLanguage":"de","potentialAction":[{"@type":"ReadAction","target":["https:\/\/www.eliassen.nl\/de\/moai-statue-150cm\/"]}]},{"@type":"ImageObject","inLanguage":"de","@id":"https:\/\/www.eliassen.nl\/de\/moai-statue-150cm\/#primaryimage","url":"https:\/\/www.eliassen.nl\/wp-content\/uploads\/2024\/01\/beeldmoai150cmeliassennl.jpg","contentUrl":"https:\/\/www.eliassen.nl\/wp-content\/uploads\/2024\/01\/beeldmoai150cmeliassennl.jpg","width":355,"height":784,"caption":"Statue Moai 150cm eliassen.nl"},{"@type":"BreadcrumbList","@id":"https:\/\/www.eliassen.nl\/de\/moai-statue-150cm\/#breadcrumb","itemListElement":[{"@type":"ListItem","position":1,"name":"Home","item":"https:\/\/www.eliassen.nl\/de\/"},{"@type":"ListItem","position":2,"name":"Shop","item":"https:\/\/www.eliassen.nl\/de\/shop\/"},{"@type":"ListItem","position":3,"name":"Bilder","item":"https:\/\/www.eliassen.nl\/de\/bilder\/"},{"@type":"ListItem","position":4,"name":"Betonstatuen","item":"https:\/\/www.eliassen.nl\/de\/bilder\/betonstatuen\/"},{"@type":"ListItem","position":5,"name":"Moai-Bilder","item":"https:\/\/www.eliassen.nl\/de\/bilder\/betonstatuen\/moai-bilder\/"},{"@type":"ListItem","position":6,"name":"Moai Statue 150cm"}]},{"@type":"WebSite","@id":"https:\/\/www.eliassen.nl\/de\/#website","url":"https:\/\/www.eliassen.nl\/de\/","name":"Eliassen Home & Garden Pleasure","description":"","publisher":{"@id":"https:\/\/www.eliassen.nl\/de\/#organization"},"alternateName":"Eliassen.nl","potentialAction":[{"@type":"SearchAction","target":{"@type":"EntryPoint","urlTemplate":"https:\/\/www.eliassen.nl\/de\/?s={search_term_string}"},"query-input":{"@type":"PropertyValueSpecification","valueRequired":true,"valueName":"search_term_string"}}],"inLanguage":"de"},{"@type":["Organization","Place"],"@id":"https:\/\/www.eliassen.nl\/de\/#organization","name":"Eliassen Home & Garden Pleasure","url":"https:\/\/www.eliassen.nl\/de\/","logo":{"@id":"https:\/\/www.eliassen.nl\/de\/moai-statue-150cm\/#local-main-organization-logo"},"image":{"@id":"https:\/\/www.eliassen.nl\/de\/moai-statue-150cm\/#local-main-organization-logo"},"sameAs":["https:\/\/www.facebook.com\/TuincentrumEliassenAmmerzoden","https:\/\/www.instagram.com\/eliassenhomeandgarden\/","https:\/\/nl.pinterest.com\/eliassenhomeandgarden\/","https:\/\/www.youtube.com\/@eliassenhomegardenpleasure4558"],"telephone":[],"openingHoursSpecification":[{"@type":"OpeningHoursSpecification","dayOfWeek":["Monday","Tuesday","Wednesday","Thursday","Friday","Saturday","Sunday"],"opens":"09:00","closes":"17:00"}]},{"@type":"ImageObject","inLanguage":"de","@id":"https:\/\/www.eliassen.nl\/de\/moai-statue-150cm\/#local-main-organization-logo","url":"https:\/\/www.eliassen.nl\/wp-content\/uploads\/2024\/01\/logo_4nd.jpg","contentUrl":"https:\/\/www.eliassen.nl\/wp-content\/uploads\/2024\/01\/logo_4nd.jpg","width":500,"height":500,"caption":"Eliassen Home & Garden Pleasure"}]},"product_price_amount":"460.00","product_price_currency":"EUR","og_availability":"instock","product_availability":"instock","product_retailer_item_id":"Brmo150","product_condition":"new"},"df_price":460,"df_sale_price":"","df_regular_price":460,"df_image_link":"https:\/\/www.eliassen.nl\/wp-content\/uploads\/2024\/01\/beeldmoai150cmeliassennl.jpg","image":"https:\/\/www.eliassen.nl\/wp-content\/uploads\/2024\/01\/beeldmoai150cmeliassennl.jpg","price_search":"<span class=\"woocommerce-Price-amount amount\"><bdi><span class=\"woocommerce-Price-currencySymbol\">&euro;<\/span>&nbsp;460,00<\/bdi><\/span>","category":"Betonstatuen","global_unique_id":"7438235713786","_links":{"self":[{"href":"https:\/\/www.eliassen.nl\/de\/wp-json\/wp\/v2\/product\/5284","targetHints":{"allow":["GET"]}}],"collection":[{"href":"https:\/\/www.eliassen.nl\/de\/wp-json\/wp\/v2\/product"}],"about":[{"href":"https:\/\/www.eliassen.nl\/de\/wp-json\/wp\/v2\/types\/product"}],"wp:featuredmedia":[{"embeddable":true,"href":"https:\/\/www.eliassen.nl\/de\/wp-json\/wp\/v2\/media\/5260"}],"wp:attachment":[{"href":"https:\/\/www.eliassen.nl\/de\/wp-json\/wp\/v2\/media?parent=5284"}],"wp:term":[{"taxonomy":"product_brand","embeddable":true,"href":"https:\/\/www.eliassen.nl\/de\/wp-json\/wp\/v2\/product_brand?post=5284"},{"taxonomy":"product_cat","embeddable":true,"href":"https:\/\/www.eliassen.nl\/de\/wp-json\/wp\/v2\/product_cat?post=5284"},{"taxonomy":"product_tag","embeddable":true,"href":"https:\/\/www.eliassen.nl\/de\/wp-json\/wp\/v2\/product_tag?post=5284"}],"curies":[{"name":"wp","href":"https:\/\/api.w.org\/{rel}","templated":true}]}}