{"id":52819,"date":"2021-09-01T13:04:25","date_gmt":"2021-09-01T11:04:25","guid":{"rendered":"https:\/\/www.eliassen.nl\/?product=glasschilderij-groene-kever-80x80cm"},"modified":"2026-01-07T13:27:13","modified_gmt":"2026-01-07T12:27:13","slug":"glasmalerei-gruner-kafer-80x80cm","status":"publish","type":"product","link":"https:\/\/www.eliassen.nl\/de\/glasmalerei-gruner-kafer-80x80cm\/","title":{"rendered":"Glasmalerei Gr\u00fcner K\u00e4fer 80x80cm."},"content":{"rendered":"<p>Dieses Gem\u00e4lde aus geh\u00e4rtetem Glas mit den Ma\u00dfen 80&#215;80 cm ist eine sehr sch\u00f6ne Wanddekoration f\u00fcr jedes moderne Interieur in Ihrem Haus oder Gesch\u00e4ft. Dieses Modell, das einen gr\u00fcnen K\u00e4fer darstellt, ist messerscharf.  <br \/>Da das Foto auf der R\u00fcckseite auf das 4 mm dicke Glas gebrannt wird, erh\u00e4lt diese Wanddekoration einen sch\u00f6nen Glanz.<br \/>Dieses Modell enth\u00e4lt au\u00dferdem goldene Tinte, die dem Gem\u00e4lde sehr sch\u00f6ne Glanzeffekte verleiht.<br \/><strong>Wir haben fast die gesamte Kollektion dieses Webshops in unserem Gesch\u00e4ft vorr\u00e4tig, was in den Niederlanden einzigartig ist !!!<\/strong><\/p>\n<ul>\n<li>  Gr\u00f6\u00dfe 80 x 80cm.<\/li>\n<li>  Schnelle Lieferung.<\/li>\n<li>  Praktisch unzerbrechlich.<\/li>\n<li>  Superscharfes Bild.<\/li>\n<li>  4 mm dickes geh\u00e4rtetes Glas.<\/li>\n<li>  Praktisch unempfindlich gegen Kratzer.<\/li>\n<li>  Mit 2 Haken zum einfachen Aufh\u00e4ngen.<\/li>\n<\/ul>\n","protected":false},"excerpt":{"rendered":"<p>Dieses Gem\u00e4lde aus geh\u00e4rtetem Glas mit den Ma\u00dfen 80&#215;80 cm ist eine sehr sch\u00f6ne Wanddekoration f\u00fcr jedes moderne Interieur in Ihrem Haus oder Gesch\u00e4ft. Dieses Modell, das einen gr\u00fcnen K\u00e4fer darstellt, ist messerscharf. Da das Foto auf der R\u00fcckseite auf das 4 mm dicke Glas gebrannt wird, erh\u00e4lt diese Wanddekoration einen sch\u00f6nen Glanz.Dieses Modell enth\u00e4lt &hellip;<\/p>\n","protected":false},"featured_media":52813,"template":"","meta":{"_acf_changed":false,"_genesis_title":"","_genesis_description":""},"product_brand":[6940],"product_cat":[410,452,443],"product_tag":[],"class_list":{"0":"post-52819","1":"product","2":"type-product","3":"status-publish","4":"has-post-thumbnail","6":"product_brand-ter-halle-de","7":"product_cat-gemaelde","8":"product_cat-glasmalerei-im-format-80x80cm","9":"product_cat-glasmalereien","11":"first","12":"instock","13":"sale","14":"taxable","15":"shipping-taxable","16":"purchasable","17":"product-type-simple"},"acf":[],"meta_all":{"total_sales":"0","wcml_sync_hash":{"postmeta_fields":"4f135a30cb8dadb21e7c9ac0b16dffa9"},"attr_label_translations":[]},"meta_all_flat":{"total_sales":"0","wcml_sync_hash.postmeta_fields":"4f135a30cb8dadb21e7c9ac0b16dffa9"},"yoast_head":"<!-- This site is optimized with the Yoast SEO Premium plugin v26.2 (Yoast SEO v27.2) - https:\/\/yoast.com\/product\/yoast-seo-premium-wordpress\/ -->\n<title>Glasmalerei Gr\u00fcner K\u00e4fer 80x80cm. | Eliassen<\/title>\n<meta name=\"description\" content=\"Glasgem\u00e4lde Gr\u00fcner K\u00e4fer 80x80cm bei Eliassen kaufen. online oder live im Ausstellungsraum ansehen. Bestellen Sie direkt online.\" \/>\n<meta name=\"robots\" content=\"index, follow, max-snippet:-1, max-image-preview:large, max-video-preview:-1\" \/>\n<link rel=\"canonical\" href=\"https:\/\/www.eliassen.nl\/de\/glasmalerei-gruner-kafer-80x80cm\/\" \/>\n<meta property=\"og:locale\" content=\"de_DE\" \/>\n<meta property=\"og:type\" content=\"article\" \/>\n<meta property=\"og:title\" content=\"Ter Halle Glasmalerei Gr\u00fcner K\u00e4fer 80x80cm. - Eliassen.nl\" \/>\n<meta property=\"og:description\" content=\"Glasgem\u00e4lde Gr\u00fcner K\u00e4fer 80x80cm bei Eliassen kaufen. online oder live im Ausstellungsraum ansehen. Bestellen Sie direkt online.\" \/>\n<meta property=\"og:url\" content=\"https:\/\/www.eliassen.nl\/de\/glasmalerei-gruner-kafer-80x80cm\/\" \/>\n<meta property=\"og:site_name\" content=\"Eliassen.nl\" \/>\n<meta property=\"article:publisher\" content=\"https:\/\/www.facebook.com\/TuincentrumEliassenAmmerzoden\" \/>\n<meta property=\"article:modified_time\" content=\"2026-01-07T12:27:13+00:00\" \/>\n<meta property=\"og:image\" content=\"https:\/\/www.eliassen.nl\/wp-content\/uploads\/2024\/01\/glas080080c717.jpg\" \/>\n\t<meta property=\"og:image:width\" content=\"336\" \/>\n\t<meta property=\"og:image:height\" content=\"336\" \/>\n\t<meta property=\"og:image:type\" content=\"image\/jpeg\" \/>\n<meta name=\"twitter:card\" content=\"summary_large_image\" \/>\n<script type=\"application\/ld+json\" class=\"yoast-schema-graph\">{\"@context\":\"https:\/\/schema.org\",\"@graph\":[{\"@type\":\"WebPage\",\"@id\":\"https:\/\/www.eliassen.nl\/de\/glasmalerei-gruner-kafer-80x80cm\/\",\"url\":\"https:\/\/www.eliassen.nl\/de\/glasmalerei-gruner-kafer-80x80cm\/\",\"name\":\"Glasmalerei Gr\u00fcner K\u00e4fer 80x80cm. | Eliassen\",\"isPartOf\":{\"@id\":\"https:\/\/www.eliassen.nl\/de\/#website\"},\"primaryImageOfPage\":{\"@id\":\"https:\/\/www.eliassen.nl\/de\/glasmalerei-gruner-kafer-80x80cm\/#primaryimage\"},\"image\":{\"@id\":\"https:\/\/www.eliassen.nl\/de\/glasmalerei-gruner-kafer-80x80cm\/#primaryimage\"},\"thumbnailUrl\":\"https:\/\/www.eliassen.nl\/wp-content\/uploads\/2024\/01\/glas080080c717.jpg\",\"datePublished\":\"2021-09-01T11:04:25+00:00\",\"dateModified\":\"2026-01-07T12:27:13+00:00\",\"description\":\"Glasgem\u00e4lde Gr\u00fcner K\u00e4fer 80x80cm bei Eliassen kaufen. online oder live im Ausstellungsraum ansehen. Bestellen Sie direkt online.\",\"breadcrumb\":{\"@id\":\"https:\/\/www.eliassen.nl\/de\/glasmalerei-gruner-kafer-80x80cm\/#breadcrumb\"},\"inLanguage\":\"de\",\"potentialAction\":[{\"@type\":\"ReadAction\",\"target\":[\"https:\/\/www.eliassen.nl\/de\/glasmalerei-gruner-kafer-80x80cm\/\"]}]},{\"@type\":\"ImageObject\",\"inLanguage\":\"de\",\"@id\":\"https:\/\/www.eliassen.nl\/de\/glasmalerei-gruner-kafer-80x80cm\/#primaryimage\",\"url\":\"https:\/\/www.eliassen.nl\/wp-content\/uploads\/2024\/01\/glas080080c717.jpg\",\"contentUrl\":\"https:\/\/www.eliassen.nl\/wp-content\/uploads\/2024\/01\/glas080080c717.jpg\",\"width\":336,\"height\":336,\"caption\":\"GLAS080080C-717\"},{\"@type\":\"BreadcrumbList\",\"@id\":\"https:\/\/www.eliassen.nl\/de\/glasmalerei-gruner-kafer-80x80cm\/#breadcrumb\",\"itemListElement\":[{\"@type\":\"ListItem\",\"position\":1,\"name\":\"Home\",\"item\":\"https:\/\/www.eliassen.nl\/de\/\"},{\"@type\":\"ListItem\",\"position\":2,\"name\":\"Shop\",\"item\":\"https:\/\/www.eliassen.nl\/de\/shop\/\"},{\"@type\":\"ListItem\",\"position\":3,\"name\":\"Glasmalereien\",\"item\":\"https:\/\/www.eliassen.nl\/de\/gemaelde\/glasmalereien\/\"},{\"@type\":\"ListItem\",\"position\":4,\"name\":\"Glasmalerei im Format 80x80cm\",\"item\":\"https:\/\/www.eliassen.nl\/de\/gemaelde\/glasmalereien\/glasmalerei-im-format-80x80cm\/\"},{\"@type\":\"ListItem\",\"position\":5,\"name\":\"Glasmalerei Gr\u00fcner K\u00e4fer 80x80cm.\"}]},{\"@type\":\"WebSite\",\"@id\":\"https:\/\/www.eliassen.nl\/de\/#website\",\"url\":\"https:\/\/www.eliassen.nl\/de\/\",\"name\":\"Eliassen Home & Garden Pleasure\",\"description\":\"\",\"publisher\":{\"@id\":\"https:\/\/www.eliassen.nl\/de\/#organization\"},\"alternateName\":\"Eliassen.nl\",\"potentialAction\":[{\"@type\":\"SearchAction\",\"target\":{\"@type\":\"EntryPoint\",\"urlTemplate\":\"https:\/\/www.eliassen.nl\/de\/?s={search_term_string}\"},\"query-input\":{\"@type\":\"PropertyValueSpecification\",\"valueRequired\":true,\"valueName\":\"search_term_string\"}}],\"inLanguage\":\"de\"},{\"@type\":[\"Organization\",\"Place\"],\"@id\":\"https:\/\/www.eliassen.nl\/de\/#organization\",\"name\":\"Eliassen Home & Garden Pleasure\",\"url\":\"https:\/\/www.eliassen.nl\/de\/\",\"logo\":{\"@id\":\"https:\/\/www.eliassen.nl\/de\/glasmalerei-gruner-kafer-80x80cm\/#local-main-organization-logo\"},\"image\":{\"@id\":\"https:\/\/www.eliassen.nl\/de\/glasmalerei-gruner-kafer-80x80cm\/#local-main-organization-logo\"},\"sameAs\":[\"https:\/\/www.facebook.com\/TuincentrumEliassenAmmerzoden\",\"https:\/\/www.instagram.com\/eliassenhomeandgarden\/\",\"https:\/\/nl.pinterest.com\/eliassenhomeandgarden\/\",\"https:\/\/www.youtube.com\/@eliassenhomegardenpleasure4558\"],\"telephone\":[],\"openingHoursSpecification\":[{\"@type\":\"OpeningHoursSpecification\",\"dayOfWeek\":[\"Monday\",\"Tuesday\",\"Wednesday\",\"Thursday\",\"Friday\",\"Saturday\",\"Sunday\"],\"opens\":\"09:00\",\"closes\":\"17:00\"}]},{\"@type\":\"ImageObject\",\"inLanguage\":\"de\",\"@id\":\"https:\/\/www.eliassen.nl\/de\/glasmalerei-gruner-kafer-80x80cm\/#local-main-organization-logo\",\"url\":\"https:\/\/www.eliassen.nl\/wp-content\/uploads\/2024\/01\/logo_4nd.jpg\",\"contentUrl\":\"https:\/\/www.eliassen.nl\/wp-content\/uploads\/2024\/01\/logo_4nd.jpg\",\"width\":500,\"height\":500,\"caption\":\"Eliassen Home & Garden Pleasure\"}]}<\/script>\n<meta property=\"product:price:amount\" content=\"75.00\" \/>\n<meta property=\"product:price:currency\" content=\"EUR\" \/>\n<meta property=\"og:availability\" content=\"instock\" \/>\n<meta property=\"product:availability\" content=\"instock\" \/>\n<meta property=\"product:retailer_item_id\" content=\"Glas080080c-717\" \/>\n<meta property=\"product:condition\" content=\"new\" \/>\n<!-- \/ Yoast SEO Premium plugin. -->","yoast_head_json":{"title":"Glasmalerei Gr\u00fcner K\u00e4fer 80x80cm. | Eliassen","description":"Glasgem\u00e4lde Gr\u00fcner K\u00e4fer 80x80cm bei Eliassen kaufen. online oder live im Ausstellungsraum ansehen. Bestellen Sie direkt online.","robots":{"index":"index","follow":"follow","max-snippet":"max-snippet:-1","max-image-preview":"max-image-preview:large","max-video-preview":"max-video-preview:-1"},"canonical":"https:\/\/www.eliassen.nl\/de\/glasmalerei-gruner-kafer-80x80cm\/","og_locale":"de_DE","og_type":"article","og_title":"Ter Halle Glasmalerei Gr\u00fcner K\u00e4fer 80x80cm. - Eliassen.nl","og_description":"Glasgem\u00e4lde Gr\u00fcner K\u00e4fer 80x80cm bei Eliassen kaufen. online oder live im Ausstellungsraum ansehen. Bestellen Sie direkt online.","og_url":"https:\/\/www.eliassen.nl\/de\/glasmalerei-gruner-kafer-80x80cm\/","og_site_name":"Eliassen.nl","article_publisher":"https:\/\/www.facebook.com\/TuincentrumEliassenAmmerzoden","article_modified_time":"2026-01-07T12:27:13+00:00","og_image":[{"width":336,"height":336,"url":"https:\/\/www.eliassen.nl\/wp-content\/uploads\/2024\/01\/glas080080c717.jpg","type":"image\/jpeg"}],"twitter_card":"summary_large_image","schema":{"@context":"https:\/\/schema.org","@graph":[{"@type":"WebPage","@id":"https:\/\/www.eliassen.nl\/de\/glasmalerei-gruner-kafer-80x80cm\/","url":"https:\/\/www.eliassen.nl\/de\/glasmalerei-gruner-kafer-80x80cm\/","name":"Glasmalerei Gr\u00fcner K\u00e4fer 80x80cm. | Eliassen","isPartOf":{"@id":"https:\/\/www.eliassen.nl\/de\/#website"},"primaryImageOfPage":{"@id":"https:\/\/www.eliassen.nl\/de\/glasmalerei-gruner-kafer-80x80cm\/#primaryimage"},"image":{"@id":"https:\/\/www.eliassen.nl\/de\/glasmalerei-gruner-kafer-80x80cm\/#primaryimage"},"thumbnailUrl":"https:\/\/www.eliassen.nl\/wp-content\/uploads\/2024\/01\/glas080080c717.jpg","datePublished":"2021-09-01T11:04:25+00:00","dateModified":"2026-01-07T12:27:13+00:00","description":"Glasgem\u00e4lde Gr\u00fcner K\u00e4fer 80x80cm bei Eliassen kaufen. online oder live im Ausstellungsraum ansehen. Bestellen Sie direkt online.","breadcrumb":{"@id":"https:\/\/www.eliassen.nl\/de\/glasmalerei-gruner-kafer-80x80cm\/#breadcrumb"},"inLanguage":"de","potentialAction":[{"@type":"ReadAction","target":["https:\/\/www.eliassen.nl\/de\/glasmalerei-gruner-kafer-80x80cm\/"]}]},{"@type":"ImageObject","inLanguage":"de","@id":"https:\/\/www.eliassen.nl\/de\/glasmalerei-gruner-kafer-80x80cm\/#primaryimage","url":"https:\/\/www.eliassen.nl\/wp-content\/uploads\/2024\/01\/glas080080c717.jpg","contentUrl":"https:\/\/www.eliassen.nl\/wp-content\/uploads\/2024\/01\/glas080080c717.jpg","width":336,"height":336,"caption":"GLAS080080C-717"},{"@type":"BreadcrumbList","@id":"https:\/\/www.eliassen.nl\/de\/glasmalerei-gruner-kafer-80x80cm\/#breadcrumb","itemListElement":[{"@type":"ListItem","position":1,"name":"Home","item":"https:\/\/www.eliassen.nl\/de\/"},{"@type":"ListItem","position":2,"name":"Shop","item":"https:\/\/www.eliassen.nl\/de\/shop\/"},{"@type":"ListItem","position":3,"name":"Glasmalereien","item":"https:\/\/www.eliassen.nl\/de\/gemaelde\/glasmalereien\/"},{"@type":"ListItem","position":4,"name":"Glasmalerei im Format 80x80cm","item":"https:\/\/www.eliassen.nl\/de\/gemaelde\/glasmalereien\/glasmalerei-im-format-80x80cm\/"},{"@type":"ListItem","position":5,"name":"Glasmalerei Gr\u00fcner K\u00e4fer 80x80cm."}]},{"@type":"WebSite","@id":"https:\/\/www.eliassen.nl\/de\/#website","url":"https:\/\/www.eliassen.nl\/de\/","name":"Eliassen Home & Garden Pleasure","description":"","publisher":{"@id":"https:\/\/www.eliassen.nl\/de\/#organization"},"alternateName":"Eliassen.nl","potentialAction":[{"@type":"SearchAction","target":{"@type":"EntryPoint","urlTemplate":"https:\/\/www.eliassen.nl\/de\/?s={search_term_string}"},"query-input":{"@type":"PropertyValueSpecification","valueRequired":true,"valueName":"search_term_string"}}],"inLanguage":"de"},{"@type":["Organization","Place"],"@id":"https:\/\/www.eliassen.nl\/de\/#organization","name":"Eliassen Home & Garden Pleasure","url":"https:\/\/www.eliassen.nl\/de\/","logo":{"@id":"https:\/\/www.eliassen.nl\/de\/glasmalerei-gruner-kafer-80x80cm\/#local-main-organization-logo"},"image":{"@id":"https:\/\/www.eliassen.nl\/de\/glasmalerei-gruner-kafer-80x80cm\/#local-main-organization-logo"},"sameAs":["https:\/\/www.facebook.com\/TuincentrumEliassenAmmerzoden","https:\/\/www.instagram.com\/eliassenhomeandgarden\/","https:\/\/nl.pinterest.com\/eliassenhomeandgarden\/","https:\/\/www.youtube.com\/@eliassenhomegardenpleasure4558"],"telephone":[],"openingHoursSpecification":[{"@type":"OpeningHoursSpecification","dayOfWeek":["Monday","Tuesday","Wednesday","Thursday","Friday","Saturday","Sunday"],"opens":"09:00","closes":"17:00"}]},{"@type":"ImageObject","inLanguage":"de","@id":"https:\/\/www.eliassen.nl\/de\/glasmalerei-gruner-kafer-80x80cm\/#local-main-organization-logo","url":"https:\/\/www.eliassen.nl\/wp-content\/uploads\/2024\/01\/logo_4nd.jpg","contentUrl":"https:\/\/www.eliassen.nl\/wp-content\/uploads\/2024\/01\/logo_4nd.jpg","width":500,"height":500,"caption":"Eliassen Home & Garden Pleasure"}]},"product_price_amount":"75.00","product_price_currency":"EUR","og_availability":"instock","product_availability":"instock","product_retailer_item_id":"Glas080080c-717","product_condition":"new"},"df_price":75,"df_sale_price":75,"df_regular_price":109,"df_image_link":"https:\/\/www.eliassen.nl\/wp-content\/uploads\/2024\/01\/glas080080c717.jpg","image":"https:\/\/www.eliassen.nl\/wp-content\/uploads\/2024\/01\/glas080080c717.jpg","price_search":"<span class=\"woocommerce-Price-amount amount\"><bdi><span class=\"woocommerce-Price-currencySymbol\">&euro;<\/span>&nbsp;75,00<\/bdi><\/span>","category":"Gem\u00e4lde","global_unique_id":"8714688598026","_links":{"self":[{"href":"https:\/\/www.eliassen.nl\/de\/wp-json\/wp\/v2\/product\/52819","targetHints":{"allow":["GET"]}}],"collection":[{"href":"https:\/\/www.eliassen.nl\/de\/wp-json\/wp\/v2\/product"}],"about":[{"href":"https:\/\/www.eliassen.nl\/de\/wp-json\/wp\/v2\/types\/product"}],"wp:featuredmedia":[{"embeddable":true,"href":"https:\/\/www.eliassen.nl\/de\/wp-json\/wp\/v2\/media\/52813"}],"wp:attachment":[{"href":"https:\/\/www.eliassen.nl\/de\/wp-json\/wp\/v2\/media?parent=52819"}],"wp:term":[{"taxonomy":"product_brand","embeddable":true,"href":"https:\/\/www.eliassen.nl\/de\/wp-json\/wp\/v2\/product_brand?post=52819"},{"taxonomy":"product_cat","embeddable":true,"href":"https:\/\/www.eliassen.nl\/de\/wp-json\/wp\/v2\/product_cat?post=52819"},{"taxonomy":"product_tag","embeddable":true,"href":"https:\/\/www.eliassen.nl\/de\/wp-json\/wp\/v2\/product_tag?post=52819"}],"curies":[{"name":"wp","href":"https:\/\/api.w.org\/{rel}","templated":true}]}}