{"id":52756,"date":"2021-08-25T16:46:15","date_gmt":"2021-08-25T16:46:15","guid":{"rendered":"https:\/\/www.eliassen.nl\/?product=waterornament-giant-solist-140cm"},"modified":"2026-01-16T13:58:30","modified_gmt":"2026-01-16T12:58:30","slug":"grosse-wassersaule-giant-soloist-140cm","status":"publish","type":"product","link":"https:\/\/www.eliassen.nl\/de\/grosse-wassersaule-giant-soloist-140cm\/","title":{"rendered":"Gro\u00dfe Wassers\u00e4ule Basaltstein Giant Solist 140cm"},"content":{"rendered":"<p><strong>Es handelt sich um ein loses Ornament. Erkundigen Sie sich nach den anderen ben\u00f6tigten Teilen.<\/strong><\/p>\n<p>Sch\u00f6ne gro\u00dfe Wassers\u00e4ulen, sind nur bei uns zu verkaufen. Aus Basaltstein in einer verspielten, aber nat\u00fcrlichen Form, oben poliert. Die Form dieser S\u00e4ulen wird immer vom Foto abweichen, da diese S\u00e4ulen der Natur entnommen sind und diese nat\u00fcrliche Form nicht bearbeitet wurde. Die Breite dieser Basalts\u00e4ulen variiert zwischen 35 und 45 cm und die H\u00f6he betr\u00e4gt 140 cm.<\/p>\n<ul>\n<li>Massiver Basaltstein<\/li>\n<li>Oben poliert<\/li>\n<li>Bleibt sch\u00f6n<\/li>\n<li>Gewicht ca. 300kg<\/li>\n<li>Sch\u00f6nes Solit\u00e4rst\u00fcck als Gartendekoration, auch wenn dieses Ornament ausgeschaltet ist<\/li>\n<li>Einzigartiges Design, nur bei uns erh\u00e4ltlich<br \/>\nHaben Sie Fragen zu diesem Artikel oder ben\u00f6tigen Sie Ratschl\u00e4ge, um dieses Modell mit allen anderen wesentlichen Bestandteilen zu vervollst\u00e4ndigen? Wenn ja, k\u00f6nnen Sie uns gerne kontaktieren.<\/li>\n<\/ul>\n","protected":false},"excerpt":{"rendered":"<p>Es handelt sich um ein loses Ornament. Erkundigen Sie sich nach den anderen ben\u00f6tigten Teilen.<br \/>\nerh\u00e4ltlich in 60cm, 80cm, 100cm, 120cm und 140cm<\/p>\n","protected":false},"featured_media":52747,"template":"","meta":{"_acf_changed":false,"_genesis_title":"","_genesis_description":""},"product_brand":[7505],"product_cat":[539,551,536],"product_tag":[],"class_list":{"0":"post-52756","1":"product","2":"type-product","3":"status-publish","4":"has-post-thumbnail","6":"product_brand-sonstige","7":"product_cat-einzigartige-eigene-modelle-von-losen-wasserspiele","8":"product_cat-lose-wasserspiele","9":"product_cat-wassereigenschaften","11":"first","12":"instock","13":"taxable","14":"shipping-taxable","15":"purchasable","16":"product-type-simple"},"acf":[],"meta_all":{"total_sales":"0","wcml_sync_hash":{"postmeta_fields":"7c18c734f5313e37acd08799c1b88141"},"attr_label_translations":[],"cor_restricted_countries":[]},"meta_all_flat":{"total_sales":"0","wcml_sync_hash.postmeta_fields":"7c18c734f5313e37acd08799c1b88141"},"yoast_head":"<!-- This site is optimized with the Yoast SEO Premium plugin v26.2 (Yoast SEO v27.2) - https:\/\/yoast.com\/product\/yoast-seo-premium-wordpress\/ -->\n<title>Gro\u00dfe Wassers\u00e4ule Giant Solist | 140cm | Eliassen.nl<\/title>\n<meta name=\"description\" content=\"Gro\u00dfe Wassers\u00e4ule 140cm aus massivem Basaltstein. Oben poliert. Nur bei uns zu kaufen! Sehen Sie sich +300 Wasserornamente an. Viele Modelle LIVE zu sehen!\" \/>\n<meta name=\"robots\" content=\"index, follow, max-snippet:-1, max-image-preview:large, max-video-preview:-1\" \/>\n<link rel=\"canonical\" href=\"https:\/\/www.eliassen.nl\/de\/grosse-wassersaule-giant-soloist-140cm\/\" \/>\n<meta property=\"og:locale\" content=\"de_DE\" \/>\n<meta property=\"og:type\" content=\"article\" \/>\n<meta property=\"og:title\" content=\"Sonstige Gro\u00dfe Wassers\u00e4ule Basaltstein Giant Solist 140cm - Eliassen.nl\" \/>\n<meta property=\"og:description\" content=\"Gro\u00dfe Wassers\u00e4ule 140cm aus massivem Basaltstein. Oben poliert. Nur bei uns zu kaufen! Sehen Sie sich +300 Wasserornamente an. Viele Modelle LIVE zu sehen!\" \/>\n<meta property=\"og:url\" content=\"https:\/\/www.eliassen.nl\/de\/grosse-wassersaule-giant-soloist-140cm\/\" \/>\n<meta property=\"og:site_name\" content=\"Eliassen.nl\" \/>\n<meta property=\"article:publisher\" content=\"https:\/\/www.facebook.com\/TuincentrumEliassenAmmerzoden\" \/>\n<meta property=\"article:modified_time\" content=\"2026-01-16T12:58:30+00:00\" \/>\n<meta property=\"og:image\" content=\"https:\/\/www.eliassen.nl\/wp-content\/uploads\/2024\/01\/mijnproject1_10nd.png\" \/>\n\t<meta property=\"og:image:width\" content=\"563\" \/>\n\t<meta property=\"og:image:height\" content=\"1000\" \/>\n\t<meta property=\"og:image:type\" content=\"image\/png\" \/>\n<meta name=\"twitter:card\" content=\"summary_large_image\" \/>\n<script type=\"application\/ld+json\" class=\"yoast-schema-graph\">{\"@context\":\"https:\/\/schema.org\",\"@graph\":[{\"@type\":\"WebPage\",\"@id\":\"https:\/\/www.eliassen.nl\/de\/grosse-wassersaule-giant-soloist-140cm\/\",\"url\":\"https:\/\/www.eliassen.nl\/de\/grosse-wassersaule-giant-soloist-140cm\/\",\"name\":\"Gro\u00dfe Wassers\u00e4ule Giant Solist | 140cm | Eliassen.nl\",\"isPartOf\":{\"@id\":\"https:\/\/www.eliassen.nl\/de\/#website\"},\"primaryImageOfPage\":{\"@id\":\"https:\/\/www.eliassen.nl\/de\/grosse-wassersaule-giant-soloist-140cm\/#primaryimage\"},\"image\":{\"@id\":\"https:\/\/www.eliassen.nl\/de\/grosse-wassersaule-giant-soloist-140cm\/#primaryimage\"},\"thumbnailUrl\":\"https:\/\/www.eliassen.nl\/wp-content\/uploads\/2024\/01\/mijnproject1_10nd.png\",\"datePublished\":\"2021-08-25T16:46:15+00:00\",\"dateModified\":\"2026-01-16T12:58:30+00:00\",\"description\":\"Gro\u00dfe Wassers\u00e4ule 140cm aus massivem Basaltstein. Oben poliert. Nur bei uns zu kaufen! Sehen Sie sich +300 Wasserornamente an. Viele Modelle LIVE zu sehen!\",\"breadcrumb\":{\"@id\":\"https:\/\/www.eliassen.nl\/de\/grosse-wassersaule-giant-soloist-140cm\/#breadcrumb\"},\"inLanguage\":\"de\",\"potentialAction\":[{\"@type\":\"ReadAction\",\"target\":[\"https:\/\/www.eliassen.nl\/de\/grosse-wassersaule-giant-soloist-140cm\/\"]}]},{\"@type\":\"ImageObject\",\"inLanguage\":\"de\",\"@id\":\"https:\/\/www.eliassen.nl\/de\/grosse-wassersaule-giant-soloist-140cm\/#primaryimage\",\"url\":\"https:\/\/www.eliassen.nl\/wp-content\/uploads\/2024\/01\/mijnproject1_10nd.png\",\"contentUrl\":\"https:\/\/www.eliassen.nl\/wp-content\/uploads\/2024\/01\/mijnproject1_10nd.png\",\"width\":563,\"height\":1000,\"caption\":\"Mein Projekt (1)\"},{\"@type\":\"BreadcrumbList\",\"@id\":\"https:\/\/www.eliassen.nl\/de\/grosse-wassersaule-giant-soloist-140cm\/#breadcrumb\",\"itemListElement\":[{\"@type\":\"ListItem\",\"position\":1,\"name\":\"Home\",\"item\":\"https:\/\/www.eliassen.nl\/de\/\"},{\"@type\":\"ListItem\",\"position\":2,\"name\":\"Shop\",\"item\":\"https:\/\/www.eliassen.nl\/de\/shop\/\"},{\"@type\":\"ListItem\",\"position\":3,\"name\":\"Wasserspiele\",\"item\":\"https:\/\/www.eliassen.nl\/de\/wassereigenschaften\/\"},{\"@type\":\"ListItem\",\"position\":4,\"name\":\"Einzigartige eigene Modelle von losen Wasserspielen\",\"item\":\"https:\/\/www.eliassen.nl\/de\/wassereigenschaften\/einzigartige-eigene-modelle-von-losen-wasserspiele\/\"},{\"@type\":\"ListItem\",\"position\":5,\"name\":\"Gro\u00dfe Wassers\u00e4ule Basaltstein Giant Solist 140cm\"}]},{\"@type\":\"WebSite\",\"@id\":\"https:\/\/www.eliassen.nl\/de\/#website\",\"url\":\"https:\/\/www.eliassen.nl\/de\/\",\"name\":\"Eliassen Home & Garden Pleasure\",\"description\":\"\",\"publisher\":{\"@id\":\"https:\/\/www.eliassen.nl\/de\/#organization\"},\"alternateName\":\"Eliassen.nl\",\"potentialAction\":[{\"@type\":\"SearchAction\",\"target\":{\"@type\":\"EntryPoint\",\"urlTemplate\":\"https:\/\/www.eliassen.nl\/de\/?s={search_term_string}\"},\"query-input\":{\"@type\":\"PropertyValueSpecification\",\"valueRequired\":true,\"valueName\":\"search_term_string\"}}],\"inLanguage\":\"de\"},{\"@type\":[\"Organization\",\"Place\"],\"@id\":\"https:\/\/www.eliassen.nl\/de\/#organization\",\"name\":\"Eliassen Home & Garden Pleasure\",\"url\":\"https:\/\/www.eliassen.nl\/de\/\",\"logo\":{\"@id\":\"https:\/\/www.eliassen.nl\/de\/grosse-wassersaule-giant-soloist-140cm\/#local-main-organization-logo\"},\"image\":{\"@id\":\"https:\/\/www.eliassen.nl\/de\/grosse-wassersaule-giant-soloist-140cm\/#local-main-organization-logo\"},\"sameAs\":[\"https:\/\/www.facebook.com\/TuincentrumEliassenAmmerzoden\",\"https:\/\/www.instagram.com\/eliassenhomeandgarden\/\",\"https:\/\/nl.pinterest.com\/eliassenhomeandgarden\/\",\"https:\/\/www.youtube.com\/@eliassenhomegardenpleasure4558\"],\"telephone\":[],\"openingHoursSpecification\":[{\"@type\":\"OpeningHoursSpecification\",\"dayOfWeek\":[\"Monday\",\"Tuesday\",\"Wednesday\",\"Thursday\",\"Friday\",\"Saturday\",\"Sunday\"],\"opens\":\"09:00\",\"closes\":\"17:00\"}]},{\"@type\":\"ImageObject\",\"inLanguage\":\"de\",\"@id\":\"https:\/\/www.eliassen.nl\/de\/grosse-wassersaule-giant-soloist-140cm\/#local-main-organization-logo\",\"url\":\"https:\/\/www.eliassen.nl\/wp-content\/uploads\/2024\/01\/logo_4nd.jpg\",\"contentUrl\":\"https:\/\/www.eliassen.nl\/wp-content\/uploads\/2024\/01\/logo_4nd.jpg\",\"width\":500,\"height\":500,\"caption\":\"Eliassen Home & Garden Pleasure\"}]}<\/script>\n<meta property=\"product:price:amount\" content=\"599.00\" \/>\n<meta property=\"product:price:currency\" content=\"EUR\" \/>\n<meta property=\"og:availability\" content=\"instock\" \/>\n<meta property=\"product:availability\" content=\"instock\" \/>\n<meta property=\"product:retailer_item_id\" content=\"Giasol140\" \/>\n<meta property=\"product:condition\" content=\"new\" \/>\n<!-- \/ Yoast SEO Premium plugin. -->","yoast_head_json":{"title":"Gro\u00dfe Wassers\u00e4ule Giant Solist | 140cm | Eliassen.nl","description":"Gro\u00dfe Wassers\u00e4ule 140cm aus massivem Basaltstein. Oben poliert. Nur bei uns zu kaufen! Sehen Sie sich +300 Wasserornamente an. Viele Modelle LIVE zu sehen!","robots":{"index":"index","follow":"follow","max-snippet":"max-snippet:-1","max-image-preview":"max-image-preview:large","max-video-preview":"max-video-preview:-1"},"canonical":"https:\/\/www.eliassen.nl\/de\/grosse-wassersaule-giant-soloist-140cm\/","og_locale":"de_DE","og_type":"article","og_title":"Sonstige Gro\u00dfe Wassers\u00e4ule Basaltstein Giant Solist 140cm - Eliassen.nl","og_description":"Gro\u00dfe Wassers\u00e4ule 140cm aus massivem Basaltstein. Oben poliert. Nur bei uns zu kaufen! Sehen Sie sich +300 Wasserornamente an. Viele Modelle LIVE zu sehen!","og_url":"https:\/\/www.eliassen.nl\/de\/grosse-wassersaule-giant-soloist-140cm\/","og_site_name":"Eliassen.nl","article_publisher":"https:\/\/www.facebook.com\/TuincentrumEliassenAmmerzoden","article_modified_time":"2026-01-16T12:58:30+00:00","og_image":[{"width":563,"height":1000,"url":"https:\/\/www.eliassen.nl\/wp-content\/uploads\/2024\/01\/mijnproject1_10nd.png","type":"image\/png"}],"twitter_card":"summary_large_image","schema":{"@context":"https:\/\/schema.org","@graph":[{"@type":"WebPage","@id":"https:\/\/www.eliassen.nl\/de\/grosse-wassersaule-giant-soloist-140cm\/","url":"https:\/\/www.eliassen.nl\/de\/grosse-wassersaule-giant-soloist-140cm\/","name":"Gro\u00dfe Wassers\u00e4ule Giant Solist | 140cm | Eliassen.nl","isPartOf":{"@id":"https:\/\/www.eliassen.nl\/de\/#website"},"primaryImageOfPage":{"@id":"https:\/\/www.eliassen.nl\/de\/grosse-wassersaule-giant-soloist-140cm\/#primaryimage"},"image":{"@id":"https:\/\/www.eliassen.nl\/de\/grosse-wassersaule-giant-soloist-140cm\/#primaryimage"},"thumbnailUrl":"https:\/\/www.eliassen.nl\/wp-content\/uploads\/2024\/01\/mijnproject1_10nd.png","datePublished":"2021-08-25T16:46:15+00:00","dateModified":"2026-01-16T12:58:30+00:00","description":"Gro\u00dfe Wassers\u00e4ule 140cm aus massivem Basaltstein. Oben poliert. Nur bei uns zu kaufen! Sehen Sie sich +300 Wasserornamente an. Viele Modelle LIVE zu sehen!","breadcrumb":{"@id":"https:\/\/www.eliassen.nl\/de\/grosse-wassersaule-giant-soloist-140cm\/#breadcrumb"},"inLanguage":"de","potentialAction":[{"@type":"ReadAction","target":["https:\/\/www.eliassen.nl\/de\/grosse-wassersaule-giant-soloist-140cm\/"]}]},{"@type":"ImageObject","inLanguage":"de","@id":"https:\/\/www.eliassen.nl\/de\/grosse-wassersaule-giant-soloist-140cm\/#primaryimage","url":"https:\/\/www.eliassen.nl\/wp-content\/uploads\/2024\/01\/mijnproject1_10nd.png","contentUrl":"https:\/\/www.eliassen.nl\/wp-content\/uploads\/2024\/01\/mijnproject1_10nd.png","width":563,"height":1000,"caption":"Mein Projekt (1)"},{"@type":"BreadcrumbList","@id":"https:\/\/www.eliassen.nl\/de\/grosse-wassersaule-giant-soloist-140cm\/#breadcrumb","itemListElement":[{"@type":"ListItem","position":1,"name":"Home","item":"https:\/\/www.eliassen.nl\/de\/"},{"@type":"ListItem","position":2,"name":"Shop","item":"https:\/\/www.eliassen.nl\/de\/shop\/"},{"@type":"ListItem","position":3,"name":"Wasserspiele","item":"https:\/\/www.eliassen.nl\/de\/wassereigenschaften\/"},{"@type":"ListItem","position":4,"name":"Einzigartige eigene Modelle von losen Wasserspielen","item":"https:\/\/www.eliassen.nl\/de\/wassereigenschaften\/einzigartige-eigene-modelle-von-losen-wasserspiele\/"},{"@type":"ListItem","position":5,"name":"Gro\u00dfe Wassers\u00e4ule Basaltstein Giant Solist 140cm"}]},{"@type":"WebSite","@id":"https:\/\/www.eliassen.nl\/de\/#website","url":"https:\/\/www.eliassen.nl\/de\/","name":"Eliassen Home & Garden Pleasure","description":"","publisher":{"@id":"https:\/\/www.eliassen.nl\/de\/#organization"},"alternateName":"Eliassen.nl","potentialAction":[{"@type":"SearchAction","target":{"@type":"EntryPoint","urlTemplate":"https:\/\/www.eliassen.nl\/de\/?s={search_term_string}"},"query-input":{"@type":"PropertyValueSpecification","valueRequired":true,"valueName":"search_term_string"}}],"inLanguage":"de"},{"@type":["Organization","Place"],"@id":"https:\/\/www.eliassen.nl\/de\/#organization","name":"Eliassen Home & Garden Pleasure","url":"https:\/\/www.eliassen.nl\/de\/","logo":{"@id":"https:\/\/www.eliassen.nl\/de\/grosse-wassersaule-giant-soloist-140cm\/#local-main-organization-logo"},"image":{"@id":"https:\/\/www.eliassen.nl\/de\/grosse-wassersaule-giant-soloist-140cm\/#local-main-organization-logo"},"sameAs":["https:\/\/www.facebook.com\/TuincentrumEliassenAmmerzoden","https:\/\/www.instagram.com\/eliassenhomeandgarden\/","https:\/\/nl.pinterest.com\/eliassenhomeandgarden\/","https:\/\/www.youtube.com\/@eliassenhomegardenpleasure4558"],"telephone":[],"openingHoursSpecification":[{"@type":"OpeningHoursSpecification","dayOfWeek":["Monday","Tuesday","Wednesday","Thursday","Friday","Saturday","Sunday"],"opens":"09:00","closes":"17:00"}]},{"@type":"ImageObject","inLanguage":"de","@id":"https:\/\/www.eliassen.nl\/de\/grosse-wassersaule-giant-soloist-140cm\/#local-main-organization-logo","url":"https:\/\/www.eliassen.nl\/wp-content\/uploads\/2024\/01\/logo_4nd.jpg","contentUrl":"https:\/\/www.eliassen.nl\/wp-content\/uploads\/2024\/01\/logo_4nd.jpg","width":500,"height":500,"caption":"Eliassen Home & Garden Pleasure"}]},"product_price_amount":"599.00","product_price_currency":"EUR","og_availability":"instock","product_availability":"instock","product_retailer_item_id":"Giasol140","product_condition":"new"},"df_price":599,"df_sale_price":"","df_regular_price":599,"df_image_link":"https:\/\/www.eliassen.nl\/wp-content\/uploads\/2024\/01\/mijnproject1_10nd.png","image":"https:\/\/www.eliassen.nl\/wp-content\/uploads\/2024\/01\/mijnproject1_10nd.png","price_search":"<span class=\"woocommerce-Price-amount amount\"><bdi><span class=\"woocommerce-Price-currencySymbol\">&euro;<\/span>&nbsp;599,00<\/bdi><\/span>","category":"Einzigartige eigene Modelle von losen Wasserspielen","global_unique_id":"6096550532591","_links":{"self":[{"href":"https:\/\/www.eliassen.nl\/de\/wp-json\/wp\/v2\/product\/52756","targetHints":{"allow":["GET"]}}],"collection":[{"href":"https:\/\/www.eliassen.nl\/de\/wp-json\/wp\/v2\/product"}],"about":[{"href":"https:\/\/www.eliassen.nl\/de\/wp-json\/wp\/v2\/types\/product"}],"wp:featuredmedia":[{"embeddable":true,"href":"https:\/\/www.eliassen.nl\/de\/wp-json\/wp\/v2\/media\/52747"}],"wp:attachment":[{"href":"https:\/\/www.eliassen.nl\/de\/wp-json\/wp\/v2\/media?parent=52756"}],"wp:term":[{"taxonomy":"product_brand","embeddable":true,"href":"https:\/\/www.eliassen.nl\/de\/wp-json\/wp\/v2\/product_brand?post=52756"},{"taxonomy":"product_cat","embeddable":true,"href":"https:\/\/www.eliassen.nl\/de\/wp-json\/wp\/v2\/product_cat?post=52756"},{"taxonomy":"product_tag","embeddable":true,"href":"https:\/\/www.eliassen.nl\/de\/wp-json\/wp\/v2\/product_tag?post=52756"}],"curies":[{"name":"wp","href":"https:\/\/api.w.org\/{rel}","templated":true}]}}