{"id":52699,"date":"2021-08-24T15:50:56","date_gmt":"2021-08-24T15:50:56","guid":{"rendered":"https:\/\/www.eliassen.nl\/?product=tafellamp-glas-monet-38cm"},"modified":"2026-02-06T13:49:01","modified_gmt":"2026-02-06T12:49:01","slug":"glastischlampe-monet-38cm","status":"publish","type":"product","link":"https:\/\/www.eliassen.nl\/de\/glastischlampe-monet-38cm\/","title":{"rendered":"Tischlampe Glas Monet 38cm"},"content":{"rendered":"<p data-path-to-node=\"1\">Bringen Sie eine k\u00fcnstlerische und farbenfrohe Atmosph\u00e4re in Ihr Interieur mit dieser sch\u00f6nen Glaslampe &#8218;Monet&#8216;. Mit einer H\u00f6he von ca. 38 cm und einem Durchmesser von 30 cm ist dieses einzigartige Modell ein besonderes Kunstwerk der Marke Loranto. Die Lampe ist aus hochwertigem b\u00f6hmischen Glas mundgeblasen. Die spielerische Kombination verschiedener Farben erinnert an den ber\u00fchmten impressionistischen Malstil. Wenn Sie die Beleuchtung einschalten, erzeugt sie ein lebendiges und stimmungsvolles Lichtspiel, das jedem Raum sofort Charakter verleiht.<\/p>\n<p data-path-to-node=\"2\">Da jede Lampe handgefertigt ist, gleicht keine von ihnen in Form und Farbmuster der anderen, so dass Sie wirklich ein einzigartiges Objekt f\u00fcr Ihr Zuhause erhalten. Bitte beachten Sie, dass bei mundgeblasenen Glasartikeln immer Unebenheiten wie z.B. ein Minipunkt oder eine Luftblase auftreten k\u00f6nnen; dies ist der Handarbeit geschuldet und kann nicht reklamiert werden. Die Lampe hat eine E27 Fassung und ein 1,5 Meter langes Kabel mit Schalter. Hinweis: Verwenden Sie in dieser Lampe nur LED-Lampen, da diese Art von Lampe kaum W\u00e4rme erzeugt und Hitze im Glas vermieden werden sollte. M\u00f6chten Sie die Farbenpracht lieber erst selbst erleben? Dann kommen Sie doch einfach in unserem Ausstellungsraum vorbei.<\/p>\n","protected":false},"excerpt":{"rendered":"<p>Diese einzigartige Lampe aus mundgeblasenem Glas &#8218;Monet&#8216; von Loranto (38cm) besticht durch ihr kunstvolles Design mit einem verspielten Farbenspiel. Das handgefertigte b\u00f6hmische Glas schafft einen stimmungsvollen, impressionistischen Look in Ihrem Zuhause.<\/p>\n","protected":false},"featured_media":52696,"template":"","meta":{"_acf_changed":false,"_genesis_title":"","_genesis_description":""},"product_brand":[6958],"product_cat":[800,749,809,746],"product_tag":[],"class_list":{"0":"post-52699","1":"product","2":"type-product","3":"status-publish","4":"has-post-thumbnail","6":"product_brand-loranto-de","7":"product_cat-glaskunst","8":"product_cat-glaslampen","10":"product_cat-stimmungsvolle-beleuchtung","12":"first","13":"instock","14":"taxable","15":"shipping-taxable","16":"purchasable","17":"product-type-simple"},"acf":[],"meta_all":{"total_sales":"1","wcml_sync_hash":{"postmeta_fields":"836424ab5767394c3dec234eb43ff086"},"attr_label_translations":[],"cor_restricted_countries":[]},"meta_all_flat":{"total_sales":"1","wcml_sync_hash.postmeta_fields":"836424ab5767394c3dec234eb43ff086"},"yoast_head":"<!-- This site is optimized with the Yoast SEO Premium plugin v26.2 (Yoast SEO v27.2) - https:\/\/yoast.com\/product\/yoast-seo-premium-wordpress\/ -->\n<title>Tischlampe Glas Monet 38cm<\/title>\n<meta name=\"description\" content=\"Einzigartige Loranto Glaslampe &#039;Monet&#039; (38cm) aus mundgeblasenem b\u00f6hmischen Glas. K\u00fcnstlerisches Design mit buntem Lichteffekt. Bestellen Sie dieses stimmungsvolle Kunstwerk direkt online!\" \/>\n<meta name=\"robots\" content=\"index, follow, max-snippet:-1, max-image-preview:large, max-video-preview:-1\" \/>\n<link rel=\"canonical\" href=\"https:\/\/www.eliassen.nl\/de\/glastischlampe-monet-38cm\/\" \/>\n<meta property=\"og:locale\" content=\"de_DE\" \/>\n<meta property=\"og:type\" content=\"article\" \/>\n<meta property=\"og:title\" content=\"Loranto Tischlampe Glas Monet 38cm - Eliassen.nl\" \/>\n<meta property=\"og:description\" content=\"Einzigartige Loranto Glaslampe &#039;Monet&#039; (38cm) aus mundgeblasenem b\u00f6hmischen Glas. K\u00fcnstlerisches Design mit buntem Lichteffekt. Bestellen Sie dieses stimmungsvolle Kunstwerk direkt online!\" \/>\n<meta property=\"og:url\" content=\"https:\/\/www.eliassen.nl\/de\/glastischlampe-monet-38cm\/\" \/>\n<meta property=\"og:site_name\" content=\"Eliassen.nl\" \/>\n<meta property=\"article:publisher\" content=\"https:\/\/www.facebook.com\/TuincentrumEliassenAmmerzoden\" \/>\n<meta property=\"article:modified_time\" content=\"2026-02-06T12:49:01+00:00\" \/>\n<meta property=\"og:image\" content=\"https:\/\/www.eliassen.nl\/wp-content\/uploads\/2024\/01\/lampmonet134085.jpg\" \/>\n\t<meta property=\"og:image:width\" content=\"2048\" \/>\n\t<meta property=\"og:image:height\" content=\"1365\" \/>\n\t<meta property=\"og:image:type\" content=\"image\/jpeg\" \/>\n<meta name=\"twitter:card\" content=\"summary_large_image\" \/>\n<script type=\"application\/ld+json\" class=\"yoast-schema-graph\">{\"@context\":\"https:\/\/schema.org\",\"@graph\":[{\"@type\":\"WebPage\",\"@id\":\"https:\/\/www.eliassen.nl\/de\/glastischlampe-monet-38cm\/\",\"url\":\"https:\/\/www.eliassen.nl\/de\/glastischlampe-monet-38cm\/\",\"name\":\"Tischlampe Glas Monet 38cm\",\"isPartOf\":{\"@id\":\"https:\/\/www.eliassen.nl\/de\/#website\"},\"primaryImageOfPage\":{\"@id\":\"https:\/\/www.eliassen.nl\/de\/glastischlampe-monet-38cm\/#primaryimage\"},\"image\":{\"@id\":\"https:\/\/www.eliassen.nl\/de\/glastischlampe-monet-38cm\/#primaryimage\"},\"thumbnailUrl\":\"https:\/\/www.eliassen.nl\/wp-content\/uploads\/2024\/01\/lampmonet134085.jpg\",\"datePublished\":\"2021-08-24T15:50:56+00:00\",\"dateModified\":\"2026-02-06T12:49:01+00:00\",\"description\":\"Einzigartige Loranto Glaslampe 'Monet' (38cm) aus mundgeblasenem b\u00f6hmischen Glas. K\u00fcnstlerisches Design mit buntem Lichteffekt. Bestellen Sie dieses stimmungsvolle Kunstwerk direkt online!\",\"breadcrumb\":{\"@id\":\"https:\/\/www.eliassen.nl\/de\/glastischlampe-monet-38cm\/#breadcrumb\"},\"inLanguage\":\"de\",\"potentialAction\":[{\"@type\":\"ReadAction\",\"target\":[\"https:\/\/www.eliassen.nl\/de\/glastischlampe-monet-38cm\/\"]}]},{\"@type\":\"ImageObject\",\"inLanguage\":\"de\",\"@id\":\"https:\/\/www.eliassen.nl\/de\/glastischlampe-monet-38cm\/#primaryimage\",\"url\":\"https:\/\/www.eliassen.nl\/wp-content\/uploads\/2024\/01\/lampmonet134085.jpg\",\"contentUrl\":\"https:\/\/www.eliassen.nl\/wp-content\/uploads\/2024\/01\/lampmonet134085.jpg\",\"width\":2048,\"height\":1365,\"caption\":\"Lampe Monet 13.40.85\"},{\"@type\":\"BreadcrumbList\",\"@id\":\"https:\/\/www.eliassen.nl\/de\/glastischlampe-monet-38cm\/#breadcrumb\",\"itemListElement\":[{\"@type\":\"ListItem\",\"position\":1,\"name\":\"Home\",\"item\":\"https:\/\/www.eliassen.nl\/de\/\"},{\"@type\":\"ListItem\",\"position\":2,\"name\":\"Shop\",\"item\":\"https:\/\/www.eliassen.nl\/de\/shop\/\"},{\"@type\":\"ListItem\",\"position\":3,\"name\":\"Stimmungsvolle Beleuchtung\",\"item\":\"https:\/\/www.eliassen.nl\/de\/stimmungsvolle-beleuchtung\/\"},{\"@type\":\"ListItem\",\"position\":4,\"name\":\"Glaslampen\",\"item\":\"https:\/\/www.eliassen.nl\/de\/stimmungsvolle-beleuchtung\/glaslampen\/\"},{\"@type\":\"ListItem\",\"position\":5,\"name\":\"Tischlampe Glas Monet 38cm\"}]},{\"@type\":\"WebSite\",\"@id\":\"https:\/\/www.eliassen.nl\/de\/#website\",\"url\":\"https:\/\/www.eliassen.nl\/de\/\",\"name\":\"Eliassen Home & Garden Pleasure\",\"description\":\"\",\"publisher\":{\"@id\":\"https:\/\/www.eliassen.nl\/de\/#organization\"},\"alternateName\":\"Eliassen.nl\",\"potentialAction\":[{\"@type\":\"SearchAction\",\"target\":{\"@type\":\"EntryPoint\",\"urlTemplate\":\"https:\/\/www.eliassen.nl\/de\/?s={search_term_string}\"},\"query-input\":{\"@type\":\"PropertyValueSpecification\",\"valueRequired\":true,\"valueName\":\"search_term_string\"}}],\"inLanguage\":\"de\"},{\"@type\":[\"Organization\",\"Place\"],\"@id\":\"https:\/\/www.eliassen.nl\/de\/#organization\",\"name\":\"Eliassen Home & Garden Pleasure\",\"url\":\"https:\/\/www.eliassen.nl\/de\/\",\"logo\":{\"@id\":\"https:\/\/www.eliassen.nl\/de\/glastischlampe-monet-38cm\/#local-main-organization-logo\"},\"image\":{\"@id\":\"https:\/\/www.eliassen.nl\/de\/glastischlampe-monet-38cm\/#local-main-organization-logo\"},\"sameAs\":[\"https:\/\/www.facebook.com\/TuincentrumEliassenAmmerzoden\",\"https:\/\/www.instagram.com\/eliassenhomeandgarden\/\",\"https:\/\/nl.pinterest.com\/eliassenhomeandgarden\/\",\"https:\/\/www.youtube.com\/@eliassenhomegardenpleasure4558\"],\"telephone\":[],\"openingHoursSpecification\":[{\"@type\":\"OpeningHoursSpecification\",\"dayOfWeek\":[\"Monday\",\"Tuesday\",\"Wednesday\",\"Thursday\",\"Friday\",\"Saturday\",\"Sunday\"],\"opens\":\"09:00\",\"closes\":\"17:00\"}]},{\"@type\":\"ImageObject\",\"inLanguage\":\"de\",\"@id\":\"https:\/\/www.eliassen.nl\/de\/glastischlampe-monet-38cm\/#local-main-organization-logo\",\"url\":\"https:\/\/www.eliassen.nl\/wp-content\/uploads\/2024\/01\/logo_4nd.jpg\",\"contentUrl\":\"https:\/\/www.eliassen.nl\/wp-content\/uploads\/2024\/01\/logo_4nd.jpg\",\"width\":500,\"height\":500,\"caption\":\"Eliassen Home & Garden Pleasure\"}]}<\/script>\n<meta property=\"product:price:amount\" content=\"149.95\" \/>\n<meta property=\"product:price:currency\" content=\"EUR\" \/>\n<meta property=\"og:availability\" content=\"instock\" \/>\n<meta property=\"product:availability\" content=\"instock\" \/>\n<meta property=\"product:retailer_item_id\" content=\"13.40.85\" \/>\n<meta property=\"product:condition\" content=\"new\" \/>\n<!-- \/ Yoast SEO Premium plugin. -->","yoast_head_json":{"title":"Tischlampe Glas Monet 38cm","description":"Einzigartige Loranto Glaslampe 'Monet' (38cm) aus mundgeblasenem b\u00f6hmischen Glas. K\u00fcnstlerisches Design mit buntem Lichteffekt. Bestellen Sie dieses stimmungsvolle Kunstwerk direkt online!","robots":{"index":"index","follow":"follow","max-snippet":"max-snippet:-1","max-image-preview":"max-image-preview:large","max-video-preview":"max-video-preview:-1"},"canonical":"https:\/\/www.eliassen.nl\/de\/glastischlampe-monet-38cm\/","og_locale":"de_DE","og_type":"article","og_title":"Loranto Tischlampe Glas Monet 38cm - Eliassen.nl","og_description":"Einzigartige Loranto Glaslampe 'Monet' (38cm) aus mundgeblasenem b\u00f6hmischen Glas. K\u00fcnstlerisches Design mit buntem Lichteffekt. Bestellen Sie dieses stimmungsvolle Kunstwerk direkt online!","og_url":"https:\/\/www.eliassen.nl\/de\/glastischlampe-monet-38cm\/","og_site_name":"Eliassen.nl","article_publisher":"https:\/\/www.facebook.com\/TuincentrumEliassenAmmerzoden","article_modified_time":"2026-02-06T12:49:01+00:00","og_image":[{"width":2048,"height":1365,"url":"https:\/\/www.eliassen.nl\/wp-content\/uploads\/2024\/01\/lampmonet134085.jpg","type":"image\/jpeg"}],"twitter_card":"summary_large_image","schema":{"@context":"https:\/\/schema.org","@graph":[{"@type":"WebPage","@id":"https:\/\/www.eliassen.nl\/de\/glastischlampe-monet-38cm\/","url":"https:\/\/www.eliassen.nl\/de\/glastischlampe-monet-38cm\/","name":"Tischlampe Glas Monet 38cm","isPartOf":{"@id":"https:\/\/www.eliassen.nl\/de\/#website"},"primaryImageOfPage":{"@id":"https:\/\/www.eliassen.nl\/de\/glastischlampe-monet-38cm\/#primaryimage"},"image":{"@id":"https:\/\/www.eliassen.nl\/de\/glastischlampe-monet-38cm\/#primaryimage"},"thumbnailUrl":"https:\/\/www.eliassen.nl\/wp-content\/uploads\/2024\/01\/lampmonet134085.jpg","datePublished":"2021-08-24T15:50:56+00:00","dateModified":"2026-02-06T12:49:01+00:00","description":"Einzigartige Loranto Glaslampe 'Monet' (38cm) aus mundgeblasenem b\u00f6hmischen Glas. K\u00fcnstlerisches Design mit buntem Lichteffekt. Bestellen Sie dieses stimmungsvolle Kunstwerk direkt online!","breadcrumb":{"@id":"https:\/\/www.eliassen.nl\/de\/glastischlampe-monet-38cm\/#breadcrumb"},"inLanguage":"de","potentialAction":[{"@type":"ReadAction","target":["https:\/\/www.eliassen.nl\/de\/glastischlampe-monet-38cm\/"]}]},{"@type":"ImageObject","inLanguage":"de","@id":"https:\/\/www.eliassen.nl\/de\/glastischlampe-monet-38cm\/#primaryimage","url":"https:\/\/www.eliassen.nl\/wp-content\/uploads\/2024\/01\/lampmonet134085.jpg","contentUrl":"https:\/\/www.eliassen.nl\/wp-content\/uploads\/2024\/01\/lampmonet134085.jpg","width":2048,"height":1365,"caption":"Lampe Monet 13.40.85"},{"@type":"BreadcrumbList","@id":"https:\/\/www.eliassen.nl\/de\/glastischlampe-monet-38cm\/#breadcrumb","itemListElement":[{"@type":"ListItem","position":1,"name":"Home","item":"https:\/\/www.eliassen.nl\/de\/"},{"@type":"ListItem","position":2,"name":"Shop","item":"https:\/\/www.eliassen.nl\/de\/shop\/"},{"@type":"ListItem","position":3,"name":"Stimmungsvolle Beleuchtung","item":"https:\/\/www.eliassen.nl\/de\/stimmungsvolle-beleuchtung\/"},{"@type":"ListItem","position":4,"name":"Glaslampen","item":"https:\/\/www.eliassen.nl\/de\/stimmungsvolle-beleuchtung\/glaslampen\/"},{"@type":"ListItem","position":5,"name":"Tischlampe Glas Monet 38cm"}]},{"@type":"WebSite","@id":"https:\/\/www.eliassen.nl\/de\/#website","url":"https:\/\/www.eliassen.nl\/de\/","name":"Eliassen Home & Garden Pleasure","description":"","publisher":{"@id":"https:\/\/www.eliassen.nl\/de\/#organization"},"alternateName":"Eliassen.nl","potentialAction":[{"@type":"SearchAction","target":{"@type":"EntryPoint","urlTemplate":"https:\/\/www.eliassen.nl\/de\/?s={search_term_string}"},"query-input":{"@type":"PropertyValueSpecification","valueRequired":true,"valueName":"search_term_string"}}],"inLanguage":"de"},{"@type":["Organization","Place"],"@id":"https:\/\/www.eliassen.nl\/de\/#organization","name":"Eliassen Home & Garden Pleasure","url":"https:\/\/www.eliassen.nl\/de\/","logo":{"@id":"https:\/\/www.eliassen.nl\/de\/glastischlampe-monet-38cm\/#local-main-organization-logo"},"image":{"@id":"https:\/\/www.eliassen.nl\/de\/glastischlampe-monet-38cm\/#local-main-organization-logo"},"sameAs":["https:\/\/www.facebook.com\/TuincentrumEliassenAmmerzoden","https:\/\/www.instagram.com\/eliassenhomeandgarden\/","https:\/\/nl.pinterest.com\/eliassenhomeandgarden\/","https:\/\/www.youtube.com\/@eliassenhomegardenpleasure4558"],"telephone":[],"openingHoursSpecification":[{"@type":"OpeningHoursSpecification","dayOfWeek":["Monday","Tuesday","Wednesday","Thursday","Friday","Saturday","Sunday"],"opens":"09:00","closes":"17:00"}]},{"@type":"ImageObject","inLanguage":"de","@id":"https:\/\/www.eliassen.nl\/de\/glastischlampe-monet-38cm\/#local-main-organization-logo","url":"https:\/\/www.eliassen.nl\/wp-content\/uploads\/2024\/01\/logo_4nd.jpg","contentUrl":"https:\/\/www.eliassen.nl\/wp-content\/uploads\/2024\/01\/logo_4nd.jpg","width":500,"height":500,"caption":"Eliassen Home & Garden Pleasure"}]},"product_price_amount":"149.95","product_price_currency":"EUR","og_availability":"instock","product_availability":"instock","product_retailer_item_id":"13.40.85","product_condition":"new"},"df_price":149.95,"df_sale_price":"","df_regular_price":149.95,"df_image_link":"https:\/\/www.eliassen.nl\/wp-content\/uploads\/2024\/01\/lampmonet134085.jpg","image":"https:\/\/www.eliassen.nl\/wp-content\/uploads\/2024\/01\/lampmonet134085.jpg","price_search":"<span class=\"woocommerce-Price-amount amount\"><bdi><span class=\"woocommerce-Price-currencySymbol\">&euro;<\/span>&nbsp;149,95<\/bdi><\/span>","category":"Glaskunst","global_unique_id":"6096540896832","_links":{"self":[{"href":"https:\/\/www.eliassen.nl\/de\/wp-json\/wp\/v2\/product\/52699","targetHints":{"allow":["GET"]}}],"collection":[{"href":"https:\/\/www.eliassen.nl\/de\/wp-json\/wp\/v2\/product"}],"about":[{"href":"https:\/\/www.eliassen.nl\/de\/wp-json\/wp\/v2\/types\/product"}],"wp:featuredmedia":[{"embeddable":true,"href":"https:\/\/www.eliassen.nl\/de\/wp-json\/wp\/v2\/media\/52696"}],"wp:attachment":[{"href":"https:\/\/www.eliassen.nl\/de\/wp-json\/wp\/v2\/media?parent=52699"}],"wp:term":[{"taxonomy":"product_brand","embeddable":true,"href":"https:\/\/www.eliassen.nl\/de\/wp-json\/wp\/v2\/product_brand?post=52699"},{"taxonomy":"product_cat","embeddable":true,"href":"https:\/\/www.eliassen.nl\/de\/wp-json\/wp\/v2\/product_cat?post=52699"},{"taxonomy":"product_tag","embeddable":true,"href":"https:\/\/www.eliassen.nl\/de\/wp-json\/wp\/v2\/product_tag?post=52699"}],"curies":[{"name":"wp","href":"https:\/\/api.w.org\/{rel}","templated":true}]}}