{"id":52630,"date":"2021-08-20T14:36:01","date_gmt":"2021-08-20T14:36:01","guid":{"rendered":"https:\/\/www.eliassen.nl\/?product=glasschilderij-beroemdheden-achter-bloemen-80x160c"},"modified":"2026-02-06T10:11:52","modified_gmt":"2026-02-06T09:11:52","slug":"glasmalerei-prominente-hinter-blumen-80x160cm","status":"publish","type":"product","link":"https:\/\/www.eliassen.nl\/de\/glasmalerei-prominente-hinter-blumen-80x160cm\/","title":{"rendered":"Glasmalerei Ber\u00fchmtheiten hinter Blumen 80x160cm"},"content":{"rendered":"<p data-path-to-node=\"1\">Verleihen Sie Ihrem Interieur einen stilvollen und faszinierenden Look mit diesem beeindruckenden Glasgem\u00e4lde von Prominenten hinter Blumen. Mit einer gro\u00dfz\u00fcgigen Gr\u00f6\u00dfe von 80&#215;160 cm ist dieses horizontale Kunstwerk ein kraftvolles Statement f\u00fcr das Wohnzimmer, den Flur oder ein modernes B\u00fcro. Das Bild zeigt ikonische M\u00e4nner in einer scharfen, k\u00fcnstlerischen Art und Weise, subtil umgeben von farbenfrohen Blumen, die der Komposition eine weiche und doch moderne Note verleihen.<\/p>\n<p data-path-to-node=\"2\">Das Gem\u00e4lde ist aus 4 mm dickem, geh\u00e4rtetem Glas gefertigt, das nicht nur f\u00fcr ein nahezu unzerbrechliches Produkt sorgt, sondern auch f\u00fcr eine brillante Tiefenwirkung und Brillanz. Da das Bild auf der R\u00fcckseite des Glases eingebrannt wird, bleiben die Farben lebendig und die Oberfl\u00e4che ist praktisch unempfindlich gegen Kratzer. Dank der mitgelieferten Haken k\u00f6nnen Sie diese Wanddekoration einfach und fest an die Wand h\u00e4ngen.<\/p>\n","protected":false},"excerpt":{"rendered":"<p>Dieses moderne, l\u00e4ngliche 80&#215;160 cm gro\u00dfe Glasgem\u00e4lde zeigt ein gestochen scharfes Bild von ikonischen Ber\u00fchmtheiten, umgeben von stimmungsvollen Blumen. Dieses Kunstwerk aus 4 mm dickem, geh\u00e4rtetem Glas bietet einen sch\u00f6nen Glanz und eine dauerhafte, kratzfeste Oberfl\u00e4che. Er ist ein einzigartiger Blickfang, der jedem Raum in Ihrem Zuhause oder Ihrem Gesch\u00e4ft Luxus und Charakter verleiht.<\/p>\n","protected":false},"featured_media":52624,"template":"","meta":{"_acf_changed":false,"_genesis_title":"","_genesis_description":""},"product_brand":[6940],"product_cat":[410,458,443],"product_tag":[],"class_list":{"0":"post-52630","1":"product","2":"type-product","3":"status-publish","4":"has-post-thumbnail","6":"product_brand-ter-halle-de","7":"product_cat-gemaelde","8":"product_cat-glasmalerei-im-format-80x160cm","9":"product_cat-glasmalereien","11":"first","12":"instock","13":"sale","14":"taxable","15":"shipping-taxable","16":"purchasable","17":"product-type-simple"},"acf":[],"meta_all":{"total_sales":"0","wcml_sync_hash":{"postmeta_fields":"ec70f33818d52baf11a7c09bca53528a"},"attr_label_translations":[],"cor_restricted_countries":[]},"meta_all_flat":{"total_sales":"0","wcml_sync_hash.postmeta_fields":"ec70f33818d52baf11a7c09bca53528a"},"yoast_head":"<!-- This site is optimized with the Yoast SEO Premium plugin v26.2 (Yoast SEO v27.2) - https:\/\/yoast.com\/product\/yoast-seo-premium-wordpress\/ -->\n<title>Glasmalerei Ber\u00fchmtheiten hinter Blumen 80x160cm - Eliassen<\/title>\n<meta name=\"description\" content=\"Dieses 160x80cm gro\u00dfe Glasgem\u00e4lde zeigt ber\u00fchmte Pers\u00f6nlichkeiten hinter bunten Blumen. Ein messerscharfes Kunstwerk auf 4 mm geh\u00e4rtetem Glas f\u00fcr ein luxuri\u00f6ses Aussehen.\" \/>\n<meta name=\"robots\" content=\"index, follow, max-snippet:-1, max-image-preview:large, max-video-preview:-1\" \/>\n<link rel=\"canonical\" href=\"https:\/\/www.eliassen.nl\/de\/glasmalerei-prominente-hinter-blumen-80x160cm\/\" \/>\n<meta property=\"og:locale\" content=\"de_DE\" \/>\n<meta property=\"og:type\" content=\"article\" \/>\n<meta property=\"og:title\" content=\"Ter Halle Glasmalerei Ber\u00fchmtheiten hinter Blumen 80x160cm - Eliassen.nl\" \/>\n<meta property=\"og:description\" content=\"Dieses 160x80cm gro\u00dfe Glasgem\u00e4lde zeigt ber\u00fchmte Pers\u00f6nlichkeiten hinter bunten Blumen. Ein messerscharfes Kunstwerk auf 4 mm geh\u00e4rtetem Glas f\u00fcr ein luxuri\u00f6ses Aussehen.\" \/>\n<meta property=\"og:url\" content=\"https:\/\/www.eliassen.nl\/de\/glasmalerei-prominente-hinter-blumen-80x160cm\/\" \/>\n<meta property=\"og:site_name\" content=\"Eliassen.nl\" \/>\n<meta property=\"article:publisher\" content=\"https:\/\/www.facebook.com\/TuincentrumEliassenAmmerzoden\" \/>\n<meta property=\"article:modified_time\" content=\"2026-02-06T09:11:52+00:00\" \/>\n<meta property=\"og:image\" content=\"https:\/\/www.eliassen.nl\/wp-content\/uploads\/2024\/01\/eliassenglasschilderijberoemdhedenachterbloeme.jpg\" \/>\n\t<meta property=\"og:image:width\" content=\"1200\" \/>\n\t<meta property=\"og:image:height\" content=\"480\" \/>\n\t<meta property=\"og:image:type\" content=\"image\/jpeg\" \/>\n<meta name=\"twitter:card\" content=\"summary_large_image\" \/>\n<script type=\"application\/ld+json\" class=\"yoast-schema-graph\">{\"@context\":\"https:\/\/schema.org\",\"@graph\":[{\"@type\":\"WebPage\",\"@id\":\"https:\/\/www.eliassen.nl\/de\/glasmalerei-prominente-hinter-blumen-80x160cm\/\",\"url\":\"https:\/\/www.eliassen.nl\/de\/glasmalerei-prominente-hinter-blumen-80x160cm\/\",\"name\":\"Glasmalerei Ber\u00fchmtheiten hinter Blumen 80x160cm - Eliassen\",\"isPartOf\":{\"@id\":\"https:\/\/www.eliassen.nl\/de\/#website\"},\"primaryImageOfPage\":{\"@id\":\"https:\/\/www.eliassen.nl\/de\/glasmalerei-prominente-hinter-blumen-80x160cm\/#primaryimage\"},\"image\":{\"@id\":\"https:\/\/www.eliassen.nl\/de\/glasmalerei-prominente-hinter-blumen-80x160cm\/#primaryimage\"},\"thumbnailUrl\":\"https:\/\/www.eliassen.nl\/wp-content\/uploads\/2024\/01\/eliassenglasschilderijberoemdhedenachterbloeme.jpg\",\"datePublished\":\"2021-08-20T14:36:01+00:00\",\"dateModified\":\"2026-02-06T09:11:52+00:00\",\"description\":\"Dieses 160x80cm gro\u00dfe Glasgem\u00e4lde zeigt ber\u00fchmte Pers\u00f6nlichkeiten hinter bunten Blumen. Ein messerscharfes Kunstwerk auf 4 mm geh\u00e4rtetem Glas f\u00fcr ein luxuri\u00f6ses Aussehen.\",\"breadcrumb\":{\"@id\":\"https:\/\/www.eliassen.nl\/de\/glasmalerei-prominente-hinter-blumen-80x160cm\/#breadcrumb\"},\"inLanguage\":\"de\",\"potentialAction\":[{\"@type\":\"ReadAction\",\"target\":[\"https:\/\/www.eliassen.nl\/de\/glasmalerei-prominente-hinter-blumen-80x160cm\/\"]}]},{\"@type\":\"ImageObject\",\"inLanguage\":\"de\",\"@id\":\"https:\/\/www.eliassen.nl\/de\/glasmalerei-prominente-hinter-blumen-80x160cm\/#primaryimage\",\"url\":\"https:\/\/www.eliassen.nl\/wp-content\/uploads\/2024\/01\/eliassenglasschilderijberoemdhedenachterbloeme.jpg\",\"contentUrl\":\"https:\/\/www.eliassen.nl\/wp-content\/uploads\/2024\/01\/eliassenglasschilderijberoemdhedenachterbloeme.jpg\",\"width\":1200,\"height\":480,\"caption\":\"Eliassen Glasgem\u00e4lde Prominente hinter Blumen 80x160cm\"},{\"@type\":\"BreadcrumbList\",\"@id\":\"https:\/\/www.eliassen.nl\/de\/glasmalerei-prominente-hinter-blumen-80x160cm\/#breadcrumb\",\"itemListElement\":[{\"@type\":\"ListItem\",\"position\":1,\"name\":\"Home\",\"item\":\"https:\/\/www.eliassen.nl\/de\/\"},{\"@type\":\"ListItem\",\"position\":2,\"name\":\"Shop\",\"item\":\"https:\/\/www.eliassen.nl\/de\/shop\/\"},{\"@type\":\"ListItem\",\"position\":3,\"name\":\"Glasmalereien\",\"item\":\"https:\/\/www.eliassen.nl\/de\/gemaelde\/glasmalereien\/\"},{\"@type\":\"ListItem\",\"position\":4,\"name\":\"Glasmalerei im Format 80x160cm\",\"item\":\"https:\/\/www.eliassen.nl\/de\/gemaelde\/glasmalereien\/glasmalerei-im-format-80x160cm\/\"},{\"@type\":\"ListItem\",\"position\":5,\"name\":\"Glasmalerei Ber\u00fchmtheiten hinter Blumen 80x160cm\"}]},{\"@type\":\"WebSite\",\"@id\":\"https:\/\/www.eliassen.nl\/de\/#website\",\"url\":\"https:\/\/www.eliassen.nl\/de\/\",\"name\":\"Eliassen Home & Garden Pleasure\",\"description\":\"\",\"publisher\":{\"@id\":\"https:\/\/www.eliassen.nl\/de\/#organization\"},\"alternateName\":\"Eliassen.nl\",\"potentialAction\":[{\"@type\":\"SearchAction\",\"target\":{\"@type\":\"EntryPoint\",\"urlTemplate\":\"https:\/\/www.eliassen.nl\/de\/?s={search_term_string}\"},\"query-input\":{\"@type\":\"PropertyValueSpecification\",\"valueRequired\":true,\"valueName\":\"search_term_string\"}}],\"inLanguage\":\"de\"},{\"@type\":[\"Organization\",\"Place\"],\"@id\":\"https:\/\/www.eliassen.nl\/de\/#organization\",\"name\":\"Eliassen Home & Garden Pleasure\",\"url\":\"https:\/\/www.eliassen.nl\/de\/\",\"logo\":{\"@id\":\"https:\/\/www.eliassen.nl\/de\/glasmalerei-prominente-hinter-blumen-80x160cm\/#local-main-organization-logo\"},\"image\":{\"@id\":\"https:\/\/www.eliassen.nl\/de\/glasmalerei-prominente-hinter-blumen-80x160cm\/#local-main-organization-logo\"},\"sameAs\":[\"https:\/\/www.facebook.com\/TuincentrumEliassenAmmerzoden\",\"https:\/\/www.instagram.com\/eliassenhomeandgarden\/\",\"https:\/\/nl.pinterest.com\/eliassenhomeandgarden\/\",\"https:\/\/www.youtube.com\/@eliassenhomegardenpleasure4558\"],\"telephone\":[],\"openingHoursSpecification\":[{\"@type\":\"OpeningHoursSpecification\",\"dayOfWeek\":[\"Monday\",\"Tuesday\",\"Wednesday\",\"Thursday\",\"Friday\",\"Saturday\",\"Sunday\"],\"opens\":\"09:00\",\"closes\":\"17:00\"}]},{\"@type\":\"ImageObject\",\"inLanguage\":\"de\",\"@id\":\"https:\/\/www.eliassen.nl\/de\/glasmalerei-prominente-hinter-blumen-80x160cm\/#local-main-organization-logo\",\"url\":\"https:\/\/www.eliassen.nl\/wp-content\/uploads\/2024\/01\/logo_4nd.jpg\",\"contentUrl\":\"https:\/\/www.eliassen.nl\/wp-content\/uploads\/2024\/01\/logo_4nd.jpg\",\"width\":500,\"height\":500,\"caption\":\"Eliassen Home & Garden Pleasure\"}]}<\/script>\n<meta property=\"product:price:amount\" content=\"159.00\" \/>\n<meta property=\"product:price:currency\" content=\"EUR\" \/>\n<meta property=\"og:availability\" content=\"instock\" \/>\n<meta property=\"product:availability\" content=\"instock\" \/>\n<meta property=\"product:retailer_item_id\" content=\"Glas080160c-707\" \/>\n<meta property=\"product:condition\" content=\"new\" \/>\n<!-- \/ Yoast SEO Premium plugin. -->","yoast_head_json":{"title":"Glasmalerei Ber\u00fchmtheiten hinter Blumen 80x160cm - Eliassen","description":"Dieses 160x80cm gro\u00dfe Glasgem\u00e4lde zeigt ber\u00fchmte Pers\u00f6nlichkeiten hinter bunten Blumen. Ein messerscharfes Kunstwerk auf 4 mm geh\u00e4rtetem Glas f\u00fcr ein luxuri\u00f6ses Aussehen.","robots":{"index":"index","follow":"follow","max-snippet":"max-snippet:-1","max-image-preview":"max-image-preview:large","max-video-preview":"max-video-preview:-1"},"canonical":"https:\/\/www.eliassen.nl\/de\/glasmalerei-prominente-hinter-blumen-80x160cm\/","og_locale":"de_DE","og_type":"article","og_title":"Ter Halle Glasmalerei Ber\u00fchmtheiten hinter Blumen 80x160cm - Eliassen.nl","og_description":"Dieses 160x80cm gro\u00dfe Glasgem\u00e4lde zeigt ber\u00fchmte Pers\u00f6nlichkeiten hinter bunten Blumen. Ein messerscharfes Kunstwerk auf 4 mm geh\u00e4rtetem Glas f\u00fcr ein luxuri\u00f6ses Aussehen.","og_url":"https:\/\/www.eliassen.nl\/de\/glasmalerei-prominente-hinter-blumen-80x160cm\/","og_site_name":"Eliassen.nl","article_publisher":"https:\/\/www.facebook.com\/TuincentrumEliassenAmmerzoden","article_modified_time":"2026-02-06T09:11:52+00:00","og_image":[{"width":1200,"height":480,"url":"https:\/\/www.eliassen.nl\/wp-content\/uploads\/2024\/01\/eliassenglasschilderijberoemdhedenachterbloeme.jpg","type":"image\/jpeg"}],"twitter_card":"summary_large_image","schema":{"@context":"https:\/\/schema.org","@graph":[{"@type":"WebPage","@id":"https:\/\/www.eliassen.nl\/de\/glasmalerei-prominente-hinter-blumen-80x160cm\/","url":"https:\/\/www.eliassen.nl\/de\/glasmalerei-prominente-hinter-blumen-80x160cm\/","name":"Glasmalerei Ber\u00fchmtheiten hinter Blumen 80x160cm - Eliassen","isPartOf":{"@id":"https:\/\/www.eliassen.nl\/de\/#website"},"primaryImageOfPage":{"@id":"https:\/\/www.eliassen.nl\/de\/glasmalerei-prominente-hinter-blumen-80x160cm\/#primaryimage"},"image":{"@id":"https:\/\/www.eliassen.nl\/de\/glasmalerei-prominente-hinter-blumen-80x160cm\/#primaryimage"},"thumbnailUrl":"https:\/\/www.eliassen.nl\/wp-content\/uploads\/2024\/01\/eliassenglasschilderijberoemdhedenachterbloeme.jpg","datePublished":"2021-08-20T14:36:01+00:00","dateModified":"2026-02-06T09:11:52+00:00","description":"Dieses 160x80cm gro\u00dfe Glasgem\u00e4lde zeigt ber\u00fchmte Pers\u00f6nlichkeiten hinter bunten Blumen. Ein messerscharfes Kunstwerk auf 4 mm geh\u00e4rtetem Glas f\u00fcr ein luxuri\u00f6ses Aussehen.","breadcrumb":{"@id":"https:\/\/www.eliassen.nl\/de\/glasmalerei-prominente-hinter-blumen-80x160cm\/#breadcrumb"},"inLanguage":"de","potentialAction":[{"@type":"ReadAction","target":["https:\/\/www.eliassen.nl\/de\/glasmalerei-prominente-hinter-blumen-80x160cm\/"]}]},{"@type":"ImageObject","inLanguage":"de","@id":"https:\/\/www.eliassen.nl\/de\/glasmalerei-prominente-hinter-blumen-80x160cm\/#primaryimage","url":"https:\/\/www.eliassen.nl\/wp-content\/uploads\/2024\/01\/eliassenglasschilderijberoemdhedenachterbloeme.jpg","contentUrl":"https:\/\/www.eliassen.nl\/wp-content\/uploads\/2024\/01\/eliassenglasschilderijberoemdhedenachterbloeme.jpg","width":1200,"height":480,"caption":"Eliassen Glasgem\u00e4lde Prominente hinter Blumen 80x160cm"},{"@type":"BreadcrumbList","@id":"https:\/\/www.eliassen.nl\/de\/glasmalerei-prominente-hinter-blumen-80x160cm\/#breadcrumb","itemListElement":[{"@type":"ListItem","position":1,"name":"Home","item":"https:\/\/www.eliassen.nl\/de\/"},{"@type":"ListItem","position":2,"name":"Shop","item":"https:\/\/www.eliassen.nl\/de\/shop\/"},{"@type":"ListItem","position":3,"name":"Glasmalereien","item":"https:\/\/www.eliassen.nl\/de\/gemaelde\/glasmalereien\/"},{"@type":"ListItem","position":4,"name":"Glasmalerei im Format 80x160cm","item":"https:\/\/www.eliassen.nl\/de\/gemaelde\/glasmalereien\/glasmalerei-im-format-80x160cm\/"},{"@type":"ListItem","position":5,"name":"Glasmalerei Ber\u00fchmtheiten hinter Blumen 80x160cm"}]},{"@type":"WebSite","@id":"https:\/\/www.eliassen.nl\/de\/#website","url":"https:\/\/www.eliassen.nl\/de\/","name":"Eliassen Home & Garden Pleasure","description":"","publisher":{"@id":"https:\/\/www.eliassen.nl\/de\/#organization"},"alternateName":"Eliassen.nl","potentialAction":[{"@type":"SearchAction","target":{"@type":"EntryPoint","urlTemplate":"https:\/\/www.eliassen.nl\/de\/?s={search_term_string}"},"query-input":{"@type":"PropertyValueSpecification","valueRequired":true,"valueName":"search_term_string"}}],"inLanguage":"de"},{"@type":["Organization","Place"],"@id":"https:\/\/www.eliassen.nl\/de\/#organization","name":"Eliassen Home & Garden Pleasure","url":"https:\/\/www.eliassen.nl\/de\/","logo":{"@id":"https:\/\/www.eliassen.nl\/de\/glasmalerei-prominente-hinter-blumen-80x160cm\/#local-main-organization-logo"},"image":{"@id":"https:\/\/www.eliassen.nl\/de\/glasmalerei-prominente-hinter-blumen-80x160cm\/#local-main-organization-logo"},"sameAs":["https:\/\/www.facebook.com\/TuincentrumEliassenAmmerzoden","https:\/\/www.instagram.com\/eliassenhomeandgarden\/","https:\/\/nl.pinterest.com\/eliassenhomeandgarden\/","https:\/\/www.youtube.com\/@eliassenhomegardenpleasure4558"],"telephone":[],"openingHoursSpecification":[{"@type":"OpeningHoursSpecification","dayOfWeek":["Monday","Tuesday","Wednesday","Thursday","Friday","Saturday","Sunday"],"opens":"09:00","closes":"17:00"}]},{"@type":"ImageObject","inLanguage":"de","@id":"https:\/\/www.eliassen.nl\/de\/glasmalerei-prominente-hinter-blumen-80x160cm\/#local-main-organization-logo","url":"https:\/\/www.eliassen.nl\/wp-content\/uploads\/2024\/01\/logo_4nd.jpg","contentUrl":"https:\/\/www.eliassen.nl\/wp-content\/uploads\/2024\/01\/logo_4nd.jpg","width":500,"height":500,"caption":"Eliassen Home & Garden Pleasure"}]},"product_price_amount":"159.00","product_price_currency":"EUR","og_availability":"instock","product_availability":"instock","product_retailer_item_id":"Glas080160c-707","product_condition":"new"},"df_price":159,"df_sale_price":159,"df_regular_price":209,"df_image_link":"https:\/\/www.eliassen.nl\/wp-content\/uploads\/2024\/01\/eliassenglasschilderijberoemdhedenachterbloeme.jpg","image":"https:\/\/www.eliassen.nl\/wp-content\/uploads\/2024\/01\/eliassenglasschilderijberoemdhedenachterbloeme.jpg","price_search":"<span class=\"woocommerce-Price-amount amount\"><bdi><span class=\"woocommerce-Price-currencySymbol\">&euro;<\/span>&nbsp;159,00<\/bdi><\/span>","category":"Gem\u00e4lde","global_unique_id":"8714688598279","_links":{"self":[{"href":"https:\/\/www.eliassen.nl\/de\/wp-json\/wp\/v2\/product\/52630","targetHints":{"allow":["GET"]}}],"collection":[{"href":"https:\/\/www.eliassen.nl\/de\/wp-json\/wp\/v2\/product"}],"about":[{"href":"https:\/\/www.eliassen.nl\/de\/wp-json\/wp\/v2\/types\/product"}],"wp:featuredmedia":[{"embeddable":true,"href":"https:\/\/www.eliassen.nl\/de\/wp-json\/wp\/v2\/media\/52624"}],"wp:attachment":[{"href":"https:\/\/www.eliassen.nl\/de\/wp-json\/wp\/v2\/media?parent=52630"}],"wp:term":[{"taxonomy":"product_brand","embeddable":true,"href":"https:\/\/www.eliassen.nl\/de\/wp-json\/wp\/v2\/product_brand?post=52630"},{"taxonomy":"product_cat","embeddable":true,"href":"https:\/\/www.eliassen.nl\/de\/wp-json\/wp\/v2\/product_cat?post=52630"},{"taxonomy":"product_tag","embeddable":true,"href":"https:\/\/www.eliassen.nl\/de\/wp-json\/wp\/v2\/product_tag?post=52630"}],"curies":[{"name":"wp","href":"https:\/\/api.w.org\/{rel}","templated":true}]}}