{"id":52579,"date":"2021-08-18T16:11:17","date_gmt":"2021-08-18T14:11:17","guid":{"rendered":"https:\/\/www.eliassen.nl\/?product=glasschilderij-gucci-waveboard-60x80cm-met-goudfol"},"modified":"2026-01-07T13:27:28","modified_gmt":"2026-01-07T12:27:28","slug":"glasmalerei-gucci-waveboard-60x80cm-mit-goldfolie","status":"publish","type":"product","link":"https:\/\/www.eliassen.nl\/de\/glasmalerei-gucci-waveboard-60x80cm-mit-goldfolie\/","title":{"rendered":"Glasmalerei Gucci Waveboard 60x80cm mit Goldfolie"},"content":{"rendered":"<p>Dieses Gem\u00e4lde aus geh\u00e4rtetem Glas mit den Ma\u00dfen 80&#215;60 cm ist eine sehr sch\u00f6ne Wanddekoration f\u00fcr jedes moderne Interieur in Ihrer Wohnung oder Ihrem Gesch\u00e4ft. Dieses Modell, das ein Gucci Waveboard darstellt, ist messerscharf.<br \/>\nDa das Foto auf der R\u00fcckseite auf das 4 mm dicke Glas gebrannt wird, erh\u00e4lt diese Wanddekoration einen sch\u00f6nen Glanz.<br \/>\nDieses Modell enth\u00e4lt au\u00dferdem Goldfolie, die der Bemalung sehr sch\u00f6ne Glanzeffekte verleiht.<br \/>\n<strong>Wir haben fast die gesamte Kollektion dieses Webshops in unserem Gesch\u00e4ft vorr\u00e4tig, was in den Niederlanden einzigartig ist !!!<\/strong><\/p>\n<ul>\n<li>  Gr\u00f6\u00dfe 80 x 60cm.<\/li>\n<li>  Schnelle Lieferung.<\/li>\n<li>  Praktisch unzerbrechlich.<\/li>\n<li>  Superscharfes Bild.<\/li>\n<li>  4 mm dickes geh\u00e4rtetes Glas.<\/li>\n<li>  Praktisch unempfindlich gegen Kratzer.<\/li>\n<li>  Mit 2 Haken zum einfachen Aufh\u00e4ngen.<\/li>\n<\/ul>\n","protected":false},"excerpt":{"rendered":"<p>Dieses Gem\u00e4lde aus geh\u00e4rtetem Glas mit den Ma\u00dfen 80&#215;60 cm ist eine sehr sch\u00f6ne Wanddekoration f\u00fcr jedes moderne Interieur in Ihrer Wohnung oder Ihrem Gesch\u00e4ft. Dieses Modell, das ein Gucci Waveboard darstellt, ist messerscharf. Da das Foto auf der R\u00fcckseite auf das 4 mm dicke Glas gebrannt wird, erh\u00e4lt diese Wanddekoration einen sch\u00f6nen Glanz. Dieses &hellip;<\/p>\n","protected":false},"featured_media":52573,"template":"","meta":{"_acf_changed":false,"_genesis_title":"","_genesis_description":""},"product_brand":[6940],"product_cat":[410,998,443],"product_tag":[],"class_list":{"0":"post-52579","1":"product","2":"type-product","3":"status-publish","4":"has-post-thumbnail","6":"product_brand-ter-halle-de","7":"product_cat-gemaelde","8":"product_cat-glasmalerei-im-format-60x80cm","9":"product_cat-glasmalereien","11":"first","12":"instock","13":"sale","14":"taxable","15":"shipping-taxable","16":"purchasable","17":"product-type-simple"},"acf":[],"meta_all":{"total_sales":"0","wcml_sync_hash":{"postmeta_fields":"c23be0b675c5ed2dc5756dda28d98c93"},"attr_label_translations":[],"cor_restricted_countries":[]},"meta_all_flat":{"total_sales":"0","wcml_sync_hash.postmeta_fields":"c23be0b675c5ed2dc5756dda28d98c93"},"yoast_head":"<!-- This site is optimized with the Yoast SEO Premium plugin v26.2 (Yoast SEO v27.2) - https:\/\/yoast.com\/product\/yoast-seo-premium-wordpress\/ -->\n<title>Glasmalerei Gucci Waveboard 60x80cm mit Goldfolie | Eliassen<\/title>\n<meta name=\"description\" content=\"Kaufen Sie bei Eliassen das Glasgem\u00e4lde Gucci Waveboard 60x80cm mit Goldfolie online oder sehen Sie es sich live im Showroom an. Bestellen Sie direkt online.\" \/>\n<meta name=\"robots\" content=\"index, follow, max-snippet:-1, max-image-preview:large, max-video-preview:-1\" \/>\n<link rel=\"canonical\" href=\"https:\/\/www.eliassen.nl\/de\/glasmalerei-gucci-waveboard-60x80cm-mit-goldfolie\/\" \/>\n<meta property=\"og:locale\" content=\"de_DE\" \/>\n<meta property=\"og:type\" content=\"article\" \/>\n<meta property=\"og:title\" content=\"Ter Halle Glasmalerei Gucci Waveboard 60x80cm mit Goldfolie - Eliassen.nl\" \/>\n<meta property=\"og:description\" content=\"Kaufen Sie bei Eliassen das Glasgem\u00e4lde Gucci Waveboard 60x80cm mit Goldfolie online oder sehen Sie es sich live im Showroom an. Bestellen Sie direkt online.\" \/>\n<meta property=\"og:url\" content=\"https:\/\/www.eliassen.nl\/de\/glasmalerei-gucci-waveboard-60x80cm-mit-goldfolie\/\" \/>\n<meta property=\"og:site_name\" content=\"Eliassen.nl\" \/>\n<meta property=\"article:publisher\" content=\"https:\/\/www.facebook.com\/TuincentrumEliassenAmmerzoden\" \/>\n<meta property=\"article:modified_time\" content=\"2026-01-07T12:27:28+00:00\" \/>\n<meta property=\"og:image\" content=\"https:\/\/www.eliassen.nl\/wp-content\/uploads\/2024\/01\/eliassenglasschilderijgucciwaveboard60x80cmme.jpg\" \/>\n\t<meta property=\"og:image:width\" content=\"904\" \/>\n\t<meta property=\"og:image:height\" content=\"1200\" \/>\n\t<meta property=\"og:image:type\" content=\"image\/jpeg\" \/>\n<meta name=\"twitter:card\" content=\"summary_large_image\" \/>\n<script type=\"application\/ld+json\" class=\"yoast-schema-graph\">{\"@context\":\"https:\/\/schema.org\",\"@graph\":[{\"@type\":\"WebPage\",\"@id\":\"https:\/\/www.eliassen.nl\/de\/glasmalerei-gucci-waveboard-60x80cm-mit-goldfolie\/\",\"url\":\"https:\/\/www.eliassen.nl\/de\/glasmalerei-gucci-waveboard-60x80cm-mit-goldfolie\/\",\"name\":\"Glasmalerei Gucci Waveboard 60x80cm mit Goldfolie | Eliassen\",\"isPartOf\":{\"@id\":\"https:\/\/www.eliassen.nl\/de\/#website\"},\"primaryImageOfPage\":{\"@id\":\"https:\/\/www.eliassen.nl\/de\/glasmalerei-gucci-waveboard-60x80cm-mit-goldfolie\/#primaryimage\"},\"image\":{\"@id\":\"https:\/\/www.eliassen.nl\/de\/glasmalerei-gucci-waveboard-60x80cm-mit-goldfolie\/#primaryimage\"},\"thumbnailUrl\":\"https:\/\/www.eliassen.nl\/wp-content\/uploads\/2024\/01\/eliassenglasschilderijgucciwaveboard60x80cmme.jpg\",\"datePublished\":\"2021-08-18T14:11:17+00:00\",\"dateModified\":\"2026-01-07T12:27:28+00:00\",\"description\":\"Kaufen Sie bei Eliassen das Glasgem\u00e4lde Gucci Waveboard 60x80cm mit Goldfolie online oder sehen Sie es sich live im Showroom an. Bestellen Sie direkt online.\",\"breadcrumb\":{\"@id\":\"https:\/\/www.eliassen.nl\/de\/glasmalerei-gucci-waveboard-60x80cm-mit-goldfolie\/#breadcrumb\"},\"inLanguage\":\"de\",\"potentialAction\":[{\"@type\":\"ReadAction\",\"target\":[\"https:\/\/www.eliassen.nl\/de\/glasmalerei-gucci-waveboard-60x80cm-mit-goldfolie\/\"]}]},{\"@type\":\"ImageObject\",\"inLanguage\":\"de\",\"@id\":\"https:\/\/www.eliassen.nl\/de\/glasmalerei-gucci-waveboard-60x80cm-mit-goldfolie\/#primaryimage\",\"url\":\"https:\/\/www.eliassen.nl\/wp-content\/uploads\/2024\/01\/eliassenglasschilderijgucciwaveboard60x80cmme.jpg\",\"contentUrl\":\"https:\/\/www.eliassen.nl\/wp-content\/uploads\/2024\/01\/eliassenglasschilderijgucciwaveboard60x80cmme.jpg\",\"width\":904,\"height\":1200,\"caption\":\"Eliassen Glasmalerei Gucci Waveboard 60x80cm mit Goldfolie\"},{\"@type\":\"BreadcrumbList\",\"@id\":\"https:\/\/www.eliassen.nl\/de\/glasmalerei-gucci-waveboard-60x80cm-mit-goldfolie\/#breadcrumb\",\"itemListElement\":[{\"@type\":\"ListItem\",\"position\":1,\"name\":\"Home\",\"item\":\"https:\/\/www.eliassen.nl\/de\/\"},{\"@type\":\"ListItem\",\"position\":2,\"name\":\"Shop\",\"item\":\"https:\/\/www.eliassen.nl\/de\/shop\/\"},{\"@type\":\"ListItem\",\"position\":3,\"name\":\"Glasmalereien\",\"item\":\"https:\/\/www.eliassen.nl\/de\/gemaelde\/glasmalereien\/\"},{\"@type\":\"ListItem\",\"position\":4,\"name\":\"Glasmalerei im Format 60x80cm\",\"item\":\"https:\/\/www.eliassen.nl\/de\/gemaelde\/glasmalereien\/glasmalerei-im-format-60x80cm\/\"},{\"@type\":\"ListItem\",\"position\":5,\"name\":\"Glasmalerei Gucci Waveboard 60x80cm mit Goldfolie\"}]},{\"@type\":\"WebSite\",\"@id\":\"https:\/\/www.eliassen.nl\/de\/#website\",\"url\":\"https:\/\/www.eliassen.nl\/de\/\",\"name\":\"Eliassen Home & Garden Pleasure\",\"description\":\"\",\"publisher\":{\"@id\":\"https:\/\/www.eliassen.nl\/de\/#organization\"},\"alternateName\":\"Eliassen.nl\",\"potentialAction\":[{\"@type\":\"SearchAction\",\"target\":{\"@type\":\"EntryPoint\",\"urlTemplate\":\"https:\/\/www.eliassen.nl\/de\/?s={search_term_string}\"},\"query-input\":{\"@type\":\"PropertyValueSpecification\",\"valueRequired\":true,\"valueName\":\"search_term_string\"}}],\"inLanguage\":\"de\"},{\"@type\":[\"Organization\",\"Place\"],\"@id\":\"https:\/\/www.eliassen.nl\/de\/#organization\",\"name\":\"Eliassen Home & Garden Pleasure\",\"url\":\"https:\/\/www.eliassen.nl\/de\/\",\"logo\":{\"@id\":\"https:\/\/www.eliassen.nl\/de\/glasmalerei-gucci-waveboard-60x80cm-mit-goldfolie\/#local-main-organization-logo\"},\"image\":{\"@id\":\"https:\/\/www.eliassen.nl\/de\/glasmalerei-gucci-waveboard-60x80cm-mit-goldfolie\/#local-main-organization-logo\"},\"sameAs\":[\"https:\/\/www.facebook.com\/TuincentrumEliassenAmmerzoden\",\"https:\/\/www.instagram.com\/eliassenhomeandgarden\/\",\"https:\/\/nl.pinterest.com\/eliassenhomeandgarden\/\",\"https:\/\/www.youtube.com\/@eliassenhomegardenpleasure4558\"],\"telephone\":[],\"openingHoursSpecification\":[{\"@type\":\"OpeningHoursSpecification\",\"dayOfWeek\":[\"Monday\",\"Tuesday\",\"Wednesday\",\"Thursday\",\"Friday\",\"Saturday\",\"Sunday\"],\"opens\":\"09:00\",\"closes\":\"17:00\"}]},{\"@type\":\"ImageObject\",\"inLanguage\":\"de\",\"@id\":\"https:\/\/www.eliassen.nl\/de\/glasmalerei-gucci-waveboard-60x80cm-mit-goldfolie\/#local-main-organization-logo\",\"url\":\"https:\/\/www.eliassen.nl\/wp-content\/uploads\/2024\/01\/logo_4nd.jpg\",\"contentUrl\":\"https:\/\/www.eliassen.nl\/wp-content\/uploads\/2024\/01\/logo_4nd.jpg\",\"width\":500,\"height\":500,\"caption\":\"Eliassen Home & Garden Pleasure\"}]}<\/script>\n<meta property=\"product:price:amount\" content=\"89.00\" \/>\n<meta property=\"product:price:currency\" content=\"EUR\" \/>\n<meta property=\"og:availability\" content=\"instock\" \/>\n<meta property=\"product:availability\" content=\"instock\" \/>\n<meta property=\"product:retailer_item_id\" content=\"Glas060080f-123\" \/>\n<meta property=\"product:condition\" content=\"new\" \/>\n<!-- \/ Yoast SEO Premium plugin. -->","yoast_head_json":{"title":"Glasmalerei Gucci Waveboard 60x80cm mit Goldfolie | Eliassen","description":"Kaufen Sie bei Eliassen das Glasgem\u00e4lde Gucci Waveboard 60x80cm mit Goldfolie online oder sehen Sie es sich live im Showroom an. Bestellen Sie direkt online.","robots":{"index":"index","follow":"follow","max-snippet":"max-snippet:-1","max-image-preview":"max-image-preview:large","max-video-preview":"max-video-preview:-1"},"canonical":"https:\/\/www.eliassen.nl\/de\/glasmalerei-gucci-waveboard-60x80cm-mit-goldfolie\/","og_locale":"de_DE","og_type":"article","og_title":"Ter Halle Glasmalerei Gucci Waveboard 60x80cm mit Goldfolie - Eliassen.nl","og_description":"Kaufen Sie bei Eliassen das Glasgem\u00e4lde Gucci Waveboard 60x80cm mit Goldfolie online oder sehen Sie es sich live im Showroom an. Bestellen Sie direkt online.","og_url":"https:\/\/www.eliassen.nl\/de\/glasmalerei-gucci-waveboard-60x80cm-mit-goldfolie\/","og_site_name":"Eliassen.nl","article_publisher":"https:\/\/www.facebook.com\/TuincentrumEliassenAmmerzoden","article_modified_time":"2026-01-07T12:27:28+00:00","og_image":[{"width":904,"height":1200,"url":"https:\/\/www.eliassen.nl\/wp-content\/uploads\/2024\/01\/eliassenglasschilderijgucciwaveboard60x80cmme.jpg","type":"image\/jpeg"}],"twitter_card":"summary_large_image","schema":{"@context":"https:\/\/schema.org","@graph":[{"@type":"WebPage","@id":"https:\/\/www.eliassen.nl\/de\/glasmalerei-gucci-waveboard-60x80cm-mit-goldfolie\/","url":"https:\/\/www.eliassen.nl\/de\/glasmalerei-gucci-waveboard-60x80cm-mit-goldfolie\/","name":"Glasmalerei Gucci Waveboard 60x80cm mit Goldfolie | Eliassen","isPartOf":{"@id":"https:\/\/www.eliassen.nl\/de\/#website"},"primaryImageOfPage":{"@id":"https:\/\/www.eliassen.nl\/de\/glasmalerei-gucci-waveboard-60x80cm-mit-goldfolie\/#primaryimage"},"image":{"@id":"https:\/\/www.eliassen.nl\/de\/glasmalerei-gucci-waveboard-60x80cm-mit-goldfolie\/#primaryimage"},"thumbnailUrl":"https:\/\/www.eliassen.nl\/wp-content\/uploads\/2024\/01\/eliassenglasschilderijgucciwaveboard60x80cmme.jpg","datePublished":"2021-08-18T14:11:17+00:00","dateModified":"2026-01-07T12:27:28+00:00","description":"Kaufen Sie bei Eliassen das Glasgem\u00e4lde Gucci Waveboard 60x80cm mit Goldfolie online oder sehen Sie es sich live im Showroom an. Bestellen Sie direkt online.","breadcrumb":{"@id":"https:\/\/www.eliassen.nl\/de\/glasmalerei-gucci-waveboard-60x80cm-mit-goldfolie\/#breadcrumb"},"inLanguage":"de","potentialAction":[{"@type":"ReadAction","target":["https:\/\/www.eliassen.nl\/de\/glasmalerei-gucci-waveboard-60x80cm-mit-goldfolie\/"]}]},{"@type":"ImageObject","inLanguage":"de","@id":"https:\/\/www.eliassen.nl\/de\/glasmalerei-gucci-waveboard-60x80cm-mit-goldfolie\/#primaryimage","url":"https:\/\/www.eliassen.nl\/wp-content\/uploads\/2024\/01\/eliassenglasschilderijgucciwaveboard60x80cmme.jpg","contentUrl":"https:\/\/www.eliassen.nl\/wp-content\/uploads\/2024\/01\/eliassenglasschilderijgucciwaveboard60x80cmme.jpg","width":904,"height":1200,"caption":"Eliassen Glasmalerei Gucci Waveboard 60x80cm mit Goldfolie"},{"@type":"BreadcrumbList","@id":"https:\/\/www.eliassen.nl\/de\/glasmalerei-gucci-waveboard-60x80cm-mit-goldfolie\/#breadcrumb","itemListElement":[{"@type":"ListItem","position":1,"name":"Home","item":"https:\/\/www.eliassen.nl\/de\/"},{"@type":"ListItem","position":2,"name":"Shop","item":"https:\/\/www.eliassen.nl\/de\/shop\/"},{"@type":"ListItem","position":3,"name":"Glasmalereien","item":"https:\/\/www.eliassen.nl\/de\/gemaelde\/glasmalereien\/"},{"@type":"ListItem","position":4,"name":"Glasmalerei im Format 60x80cm","item":"https:\/\/www.eliassen.nl\/de\/gemaelde\/glasmalereien\/glasmalerei-im-format-60x80cm\/"},{"@type":"ListItem","position":5,"name":"Glasmalerei Gucci Waveboard 60x80cm mit Goldfolie"}]},{"@type":"WebSite","@id":"https:\/\/www.eliassen.nl\/de\/#website","url":"https:\/\/www.eliassen.nl\/de\/","name":"Eliassen Home & Garden Pleasure","description":"","publisher":{"@id":"https:\/\/www.eliassen.nl\/de\/#organization"},"alternateName":"Eliassen.nl","potentialAction":[{"@type":"SearchAction","target":{"@type":"EntryPoint","urlTemplate":"https:\/\/www.eliassen.nl\/de\/?s={search_term_string}"},"query-input":{"@type":"PropertyValueSpecification","valueRequired":true,"valueName":"search_term_string"}}],"inLanguage":"de"},{"@type":["Organization","Place"],"@id":"https:\/\/www.eliassen.nl\/de\/#organization","name":"Eliassen Home & Garden Pleasure","url":"https:\/\/www.eliassen.nl\/de\/","logo":{"@id":"https:\/\/www.eliassen.nl\/de\/glasmalerei-gucci-waveboard-60x80cm-mit-goldfolie\/#local-main-organization-logo"},"image":{"@id":"https:\/\/www.eliassen.nl\/de\/glasmalerei-gucci-waveboard-60x80cm-mit-goldfolie\/#local-main-organization-logo"},"sameAs":["https:\/\/www.facebook.com\/TuincentrumEliassenAmmerzoden","https:\/\/www.instagram.com\/eliassenhomeandgarden\/","https:\/\/nl.pinterest.com\/eliassenhomeandgarden\/","https:\/\/www.youtube.com\/@eliassenhomegardenpleasure4558"],"telephone":[],"openingHoursSpecification":[{"@type":"OpeningHoursSpecification","dayOfWeek":["Monday","Tuesday","Wednesday","Thursday","Friday","Saturday","Sunday"],"opens":"09:00","closes":"17:00"}]},{"@type":"ImageObject","inLanguage":"de","@id":"https:\/\/www.eliassen.nl\/de\/glasmalerei-gucci-waveboard-60x80cm-mit-goldfolie\/#local-main-organization-logo","url":"https:\/\/www.eliassen.nl\/wp-content\/uploads\/2024\/01\/logo_4nd.jpg","contentUrl":"https:\/\/www.eliassen.nl\/wp-content\/uploads\/2024\/01\/logo_4nd.jpg","width":500,"height":500,"caption":"Eliassen Home & Garden Pleasure"}]},"product_price_amount":"89.00","product_price_currency":"EUR","og_availability":"instock","product_availability":"instock","product_retailer_item_id":"Glas060080f-123","product_condition":"new"},"df_price":89,"df_sale_price":89,"df_regular_price":109,"df_image_link":"https:\/\/www.eliassen.nl\/wp-content\/uploads\/2024\/01\/eliassenglasschilderijgucciwaveboard60x80cmme.jpg","image":"https:\/\/www.eliassen.nl\/wp-content\/uploads\/2024\/01\/eliassenglasschilderijgucciwaveboard60x80cmme.jpg","price_search":"<span class=\"woocommerce-Price-amount amount\"><bdi><span class=\"woocommerce-Price-currencySymbol\">&euro;<\/span>&nbsp;89,00<\/bdi><\/span>","category":"Gem\u00e4lde","global_unique_id":"8714688597166","_links":{"self":[{"href":"https:\/\/www.eliassen.nl\/de\/wp-json\/wp\/v2\/product\/52579","targetHints":{"allow":["GET"]}}],"collection":[{"href":"https:\/\/www.eliassen.nl\/de\/wp-json\/wp\/v2\/product"}],"about":[{"href":"https:\/\/www.eliassen.nl\/de\/wp-json\/wp\/v2\/types\/product"}],"wp:featuredmedia":[{"embeddable":true,"href":"https:\/\/www.eliassen.nl\/de\/wp-json\/wp\/v2\/media\/52573"}],"wp:attachment":[{"href":"https:\/\/www.eliassen.nl\/de\/wp-json\/wp\/v2\/media?parent=52579"}],"wp:term":[{"taxonomy":"product_brand","embeddable":true,"href":"https:\/\/www.eliassen.nl\/de\/wp-json\/wp\/v2\/product_brand?post=52579"},{"taxonomy":"product_cat","embeddable":true,"href":"https:\/\/www.eliassen.nl\/de\/wp-json\/wp\/v2\/product_cat?post=52579"},{"taxonomy":"product_tag","embeddable":true,"href":"https:\/\/www.eliassen.nl\/de\/wp-json\/wp\/v2\/product_tag?post=52579"}],"curies":[{"name":"wp","href":"https:\/\/api.w.org\/{rel}","templated":true}]}}