{"id":52531,"date":"2021-08-17T12:06:26","date_gmt":"2021-08-17T12:06:26","guid":{"rendered":"https:\/\/www.eliassen.nl\/?product=muurdecoratie-wandplaat-bistro-39x88cm"},"modified":"2025-11-27T13:43:13","modified_gmt":"2025-11-27T12:43:13","slug":"wanddekoration-wandteller-bistro-39x88cm","status":"publish","type":"product","link":"https:\/\/www.eliassen.nl\/de\/wanddekoration-wandteller-bistro-39x88cm\/","title":{"rendered":"Wanddekoration Memoboard Bistro 39x88cm"},"content":{"rendered":"<p>Gro\u00dfformatiges Memoboard aus Blech. Mit Magneten k\u00f6nnen Sie Memos oder andere Notizen aufh\u00e4ngen, mit Kreide k\u00f6nnen Sie auch einzigartige Texte auf den schwarzen Hintergrund der Kreidetafel schreiben, so dass sie auch zu einem sehr dekorativen Objekt in Ihrem Zuhause, aber auch z.B. in Gastronomiebetrieben werden kann.<\/p>\n<ul>\n<li>Gr\u00f6\u00dfe: 39x88cm<\/li>\n<li>Material: Wei\u00dfblech<\/li>\n<li>Inklusive 2 Magneten<\/li>\n<li>Farbe: Altwei\u00df\/Schwarz<\/li>\n<li>einfach mit 2 Schrauben aufzuh\u00e4ngen<\/li>\n<\/ul>\n","protected":false},"excerpt":{"rendered":"<p>Gro\u00dfformatiges Memoboard aus Blech. Mit Magneten k\u00f6nnen Sie Memos oder andere Notizen aufh\u00e4ngen, mit Kreide k\u00f6nnen Sie auch einzigartige Texte auf den schwarzen Hintergrund der Kreidetafel schreiben, so dass sie auch zu einem sehr dekorativen Objekt in Ihrem Zuhause, aber auch z.B. in Gastronomiebetrieben werden kann. Gr\u00f6\u00dfe: 39x88cm Material: Wei\u00dfblech Inklusive 2 Magneten Farbe: Altwei\u00df\/Schwarz &hellip;<\/p>\n","protected":false},"featured_media":52528,"template":"","meta":{"_acf_changed":false,"_genesis_title":"","_genesis_description":""},"product_brand":[7505],"product_cat":[533,509],"product_tag":[],"class_list":{"0":"post-52531","1":"product","2":"type-product","3":"status-publish","4":"has-post-thumbnail","6":"product_brand-sonstige","7":"product_cat-andere-wanddekorationen","8":"product_cat-wanddekoration","10":"first","11":"instock","12":"sale","13":"taxable","14":"shipping-taxable","15":"purchasable","16":"product-type-simple"},"acf":[],"meta_all":{"total_sales":"0","wcml_sync_hash":{"postmeta_fields":"6b1f145a31bd94491bee9b6c7e7290e9"},"attr_label_translations":[]},"meta_all_flat":{"total_sales":"0","wcml_sync_hash.postmeta_fields":"6b1f145a31bd94491bee9b6c7e7290e9"},"yoast_head":"<!-- This site is optimized with the Yoast SEO Premium plugin v26.2 (Yoast SEO v27.2) - https:\/\/yoast.com\/product\/yoast-seo-premium-wordpress\/ -->\n<title>Wanddekoration Wandteller Bistro 39x88cm<\/title>\n<meta name=\"description\" content=\"Schauen Sie sich in unserem Ausstellungsraum um, Sie sind herzlich willkommen!\" \/>\n<meta name=\"robots\" content=\"index, follow, max-snippet:-1, max-image-preview:large, max-video-preview:-1\" \/>\n<link rel=\"canonical\" href=\"https:\/\/www.eliassen.nl\/de\/wanddekoration-wandteller-bistro-39x88cm\/\" \/>\n<meta property=\"og:locale\" content=\"de_DE\" \/>\n<meta property=\"og:type\" content=\"article\" \/>\n<meta property=\"og:title\" content=\"Sonstige Wanddekoration Memoboard Bistro 39x88cm - Eliassen.nl\" \/>\n<meta property=\"og:description\" content=\"Schauen Sie sich in unserem Ausstellungsraum um, Sie sind herzlich willkommen!\" \/>\n<meta property=\"og:url\" content=\"https:\/\/www.eliassen.nl\/de\/wanddekoration-wandteller-bistro-39x88cm\/\" \/>\n<meta property=\"og:site_name\" content=\"Eliassen.nl\" \/>\n<meta property=\"article:publisher\" content=\"https:\/\/www.facebook.com\/TuincentrumEliassenAmmerzoden\" \/>\n<meta property=\"article:modified_time\" content=\"2025-11-27T12:43:13+00:00\" \/>\n<meta property=\"og:image\" content=\"https:\/\/www.eliassen.nl\/wp-content\/uploads\/2024\/01\/ks20560x560.jpg\" \/>\n\t<meta property=\"og:image:width\" content=\"560\" \/>\n\t<meta property=\"og:image:height\" content=\"560\" \/>\n\t<meta property=\"og:image:type\" content=\"image\/jpeg\" \/>\n<meta name=\"twitter:card\" content=\"summary_large_image\" \/>\n<script type=\"application\/ld+json\" class=\"yoast-schema-graph\">{\"@context\":\"https:\/\/schema.org\",\"@graph\":[{\"@type\":\"WebPage\",\"@id\":\"https:\/\/www.eliassen.nl\/de\/wanddekoration-wandteller-bistro-39x88cm\/\",\"url\":\"https:\/\/www.eliassen.nl\/de\/wanddekoration-wandteller-bistro-39x88cm\/\",\"name\":\"Wanddekoration Wandteller Bistro 39x88cm\",\"isPartOf\":{\"@id\":\"https:\/\/www.eliassen.nl\/de\/#website\"},\"primaryImageOfPage\":{\"@id\":\"https:\/\/www.eliassen.nl\/de\/wanddekoration-wandteller-bistro-39x88cm\/#primaryimage\"},\"image\":{\"@id\":\"https:\/\/www.eliassen.nl\/de\/wanddekoration-wandteller-bistro-39x88cm\/#primaryimage\"},\"thumbnailUrl\":\"https:\/\/www.eliassen.nl\/wp-content\/uploads\/2024\/01\/ks20560x560.jpg\",\"datePublished\":\"2021-08-17T12:06:26+00:00\",\"dateModified\":\"2025-11-27T12:43:13+00:00\",\"description\":\"Schauen Sie sich in unserem Ausstellungsraum um, Sie sind herzlich willkommen!\",\"breadcrumb\":{\"@id\":\"https:\/\/www.eliassen.nl\/de\/wanddekoration-wandteller-bistro-39x88cm\/#breadcrumb\"},\"inLanguage\":\"de\",\"potentialAction\":[{\"@type\":\"ReadAction\",\"target\":[\"https:\/\/www.eliassen.nl\/de\/wanddekoration-wandteller-bistro-39x88cm\/\"]}]},{\"@type\":\"ImageObject\",\"inLanguage\":\"de\",\"@id\":\"https:\/\/www.eliassen.nl\/de\/wanddekoration-wandteller-bistro-39x88cm\/#primaryimage\",\"url\":\"https:\/\/www.eliassen.nl\/wp-content\/uploads\/2024\/01\/ks20560x560.jpg\",\"contentUrl\":\"https:\/\/www.eliassen.nl\/wp-content\/uploads\/2024\/01\/ks20560x560.jpg\",\"width\":560,\"height\":560,\"caption\":\"KS-20!560x560\"},{\"@type\":\"BreadcrumbList\",\"@id\":\"https:\/\/www.eliassen.nl\/de\/wanddekoration-wandteller-bistro-39x88cm\/#breadcrumb\",\"itemListElement\":[{\"@type\":\"ListItem\",\"position\":1,\"name\":\"Home\",\"item\":\"https:\/\/www.eliassen.nl\/de\/\"},{\"@type\":\"ListItem\",\"position\":2,\"name\":\"Shop\",\"item\":\"https:\/\/www.eliassen.nl\/de\/shop\/\"},{\"@type\":\"ListItem\",\"position\":3,\"name\":\"Wanddekoration\",\"item\":\"https:\/\/www.eliassen.nl\/de\/wanddekoration\/\"},{\"@type\":\"ListItem\",\"position\":4,\"name\":\"Andere Wanddekorationen\",\"item\":\"https:\/\/www.eliassen.nl\/de\/wanddekoration\/andere-wanddekorationen\/\"},{\"@type\":\"ListItem\",\"position\":5,\"name\":\"Wanddekoration Memoboard Bistro 39x88cm\"}]},{\"@type\":\"WebSite\",\"@id\":\"https:\/\/www.eliassen.nl\/de\/#website\",\"url\":\"https:\/\/www.eliassen.nl\/de\/\",\"name\":\"Eliassen Home & Garden Pleasure\",\"description\":\"\",\"publisher\":{\"@id\":\"https:\/\/www.eliassen.nl\/de\/#organization\"},\"alternateName\":\"Eliassen.nl\",\"potentialAction\":[{\"@type\":\"SearchAction\",\"target\":{\"@type\":\"EntryPoint\",\"urlTemplate\":\"https:\/\/www.eliassen.nl\/de\/?s={search_term_string}\"},\"query-input\":{\"@type\":\"PropertyValueSpecification\",\"valueRequired\":true,\"valueName\":\"search_term_string\"}}],\"inLanguage\":\"de\"},{\"@type\":[\"Organization\",\"Place\"],\"@id\":\"https:\/\/www.eliassen.nl\/de\/#organization\",\"name\":\"Eliassen Home & Garden Pleasure\",\"url\":\"https:\/\/www.eliassen.nl\/de\/\",\"logo\":{\"@id\":\"https:\/\/www.eliassen.nl\/de\/wanddekoration-wandteller-bistro-39x88cm\/#local-main-organization-logo\"},\"image\":{\"@id\":\"https:\/\/www.eliassen.nl\/de\/wanddekoration-wandteller-bistro-39x88cm\/#local-main-organization-logo\"},\"sameAs\":[\"https:\/\/www.facebook.com\/TuincentrumEliassenAmmerzoden\",\"https:\/\/www.instagram.com\/eliassenhomeandgarden\/\",\"https:\/\/nl.pinterest.com\/eliassenhomeandgarden\/\",\"https:\/\/www.youtube.com\/@eliassenhomegardenpleasure4558\"],\"telephone\":[],\"openingHoursSpecification\":[{\"@type\":\"OpeningHoursSpecification\",\"dayOfWeek\":[\"Monday\",\"Tuesday\",\"Wednesday\",\"Thursday\",\"Friday\",\"Saturday\",\"Sunday\"],\"opens\":\"09:00\",\"closes\":\"17:00\"}]},{\"@type\":\"ImageObject\",\"inLanguage\":\"de\",\"@id\":\"https:\/\/www.eliassen.nl\/de\/wanddekoration-wandteller-bistro-39x88cm\/#local-main-organization-logo\",\"url\":\"https:\/\/www.eliassen.nl\/wp-content\/uploads\/2024\/01\/logo_4nd.jpg\",\"contentUrl\":\"https:\/\/www.eliassen.nl\/wp-content\/uploads\/2024\/01\/logo_4nd.jpg\",\"width\":500,\"height\":500,\"caption\":\"Eliassen Home & Garden Pleasure\"}]}<\/script>\n<meta property=\"product:price:amount\" content=\"27.50\" \/>\n<meta property=\"product:price:currency\" content=\"EUR\" \/>\n<meta property=\"og:availability\" content=\"instock\" \/>\n<meta property=\"product:availability\" content=\"instock\" \/>\n<meta property=\"product:retailer_item_id\" content=\"Ks-20\" \/>\n<meta property=\"product:condition\" content=\"new\" \/>\n<!-- \/ Yoast SEO Premium plugin. -->","yoast_head_json":{"title":"Wanddekoration Wandteller Bistro 39x88cm","description":"Schauen Sie sich in unserem Ausstellungsraum um, Sie sind herzlich willkommen!","robots":{"index":"index","follow":"follow","max-snippet":"max-snippet:-1","max-image-preview":"max-image-preview:large","max-video-preview":"max-video-preview:-1"},"canonical":"https:\/\/www.eliassen.nl\/de\/wanddekoration-wandteller-bistro-39x88cm\/","og_locale":"de_DE","og_type":"article","og_title":"Sonstige Wanddekoration Memoboard Bistro 39x88cm - Eliassen.nl","og_description":"Schauen Sie sich in unserem Ausstellungsraum um, Sie sind herzlich willkommen!","og_url":"https:\/\/www.eliassen.nl\/de\/wanddekoration-wandteller-bistro-39x88cm\/","og_site_name":"Eliassen.nl","article_publisher":"https:\/\/www.facebook.com\/TuincentrumEliassenAmmerzoden","article_modified_time":"2025-11-27T12:43:13+00:00","og_image":[{"width":560,"height":560,"url":"https:\/\/www.eliassen.nl\/wp-content\/uploads\/2024\/01\/ks20560x560.jpg","type":"image\/jpeg"}],"twitter_card":"summary_large_image","schema":{"@context":"https:\/\/schema.org","@graph":[{"@type":"WebPage","@id":"https:\/\/www.eliassen.nl\/de\/wanddekoration-wandteller-bistro-39x88cm\/","url":"https:\/\/www.eliassen.nl\/de\/wanddekoration-wandteller-bistro-39x88cm\/","name":"Wanddekoration Wandteller Bistro 39x88cm","isPartOf":{"@id":"https:\/\/www.eliassen.nl\/de\/#website"},"primaryImageOfPage":{"@id":"https:\/\/www.eliassen.nl\/de\/wanddekoration-wandteller-bistro-39x88cm\/#primaryimage"},"image":{"@id":"https:\/\/www.eliassen.nl\/de\/wanddekoration-wandteller-bistro-39x88cm\/#primaryimage"},"thumbnailUrl":"https:\/\/www.eliassen.nl\/wp-content\/uploads\/2024\/01\/ks20560x560.jpg","datePublished":"2021-08-17T12:06:26+00:00","dateModified":"2025-11-27T12:43:13+00:00","description":"Schauen Sie sich in unserem Ausstellungsraum um, Sie sind herzlich willkommen!","breadcrumb":{"@id":"https:\/\/www.eliassen.nl\/de\/wanddekoration-wandteller-bistro-39x88cm\/#breadcrumb"},"inLanguage":"de","potentialAction":[{"@type":"ReadAction","target":["https:\/\/www.eliassen.nl\/de\/wanddekoration-wandteller-bistro-39x88cm\/"]}]},{"@type":"ImageObject","inLanguage":"de","@id":"https:\/\/www.eliassen.nl\/de\/wanddekoration-wandteller-bistro-39x88cm\/#primaryimage","url":"https:\/\/www.eliassen.nl\/wp-content\/uploads\/2024\/01\/ks20560x560.jpg","contentUrl":"https:\/\/www.eliassen.nl\/wp-content\/uploads\/2024\/01\/ks20560x560.jpg","width":560,"height":560,"caption":"KS-20!560x560"},{"@type":"BreadcrumbList","@id":"https:\/\/www.eliassen.nl\/de\/wanddekoration-wandteller-bistro-39x88cm\/#breadcrumb","itemListElement":[{"@type":"ListItem","position":1,"name":"Home","item":"https:\/\/www.eliassen.nl\/de\/"},{"@type":"ListItem","position":2,"name":"Shop","item":"https:\/\/www.eliassen.nl\/de\/shop\/"},{"@type":"ListItem","position":3,"name":"Wanddekoration","item":"https:\/\/www.eliassen.nl\/de\/wanddekoration\/"},{"@type":"ListItem","position":4,"name":"Andere Wanddekorationen","item":"https:\/\/www.eliassen.nl\/de\/wanddekoration\/andere-wanddekorationen\/"},{"@type":"ListItem","position":5,"name":"Wanddekoration Memoboard Bistro 39x88cm"}]},{"@type":"WebSite","@id":"https:\/\/www.eliassen.nl\/de\/#website","url":"https:\/\/www.eliassen.nl\/de\/","name":"Eliassen Home & Garden Pleasure","description":"","publisher":{"@id":"https:\/\/www.eliassen.nl\/de\/#organization"},"alternateName":"Eliassen.nl","potentialAction":[{"@type":"SearchAction","target":{"@type":"EntryPoint","urlTemplate":"https:\/\/www.eliassen.nl\/de\/?s={search_term_string}"},"query-input":{"@type":"PropertyValueSpecification","valueRequired":true,"valueName":"search_term_string"}}],"inLanguage":"de"},{"@type":["Organization","Place"],"@id":"https:\/\/www.eliassen.nl\/de\/#organization","name":"Eliassen Home & Garden Pleasure","url":"https:\/\/www.eliassen.nl\/de\/","logo":{"@id":"https:\/\/www.eliassen.nl\/de\/wanddekoration-wandteller-bistro-39x88cm\/#local-main-organization-logo"},"image":{"@id":"https:\/\/www.eliassen.nl\/de\/wanddekoration-wandteller-bistro-39x88cm\/#local-main-organization-logo"},"sameAs":["https:\/\/www.facebook.com\/TuincentrumEliassenAmmerzoden","https:\/\/www.instagram.com\/eliassenhomeandgarden\/","https:\/\/nl.pinterest.com\/eliassenhomeandgarden\/","https:\/\/www.youtube.com\/@eliassenhomegardenpleasure4558"],"telephone":[],"openingHoursSpecification":[{"@type":"OpeningHoursSpecification","dayOfWeek":["Monday","Tuesday","Wednesday","Thursday","Friday","Saturday","Sunday"],"opens":"09:00","closes":"17:00"}]},{"@type":"ImageObject","inLanguage":"de","@id":"https:\/\/www.eliassen.nl\/de\/wanddekoration-wandteller-bistro-39x88cm\/#local-main-organization-logo","url":"https:\/\/www.eliassen.nl\/wp-content\/uploads\/2024\/01\/logo_4nd.jpg","contentUrl":"https:\/\/www.eliassen.nl\/wp-content\/uploads\/2024\/01\/logo_4nd.jpg","width":500,"height":500,"caption":"Eliassen Home & Garden Pleasure"}]},"product_price_amount":"27.50","product_price_currency":"EUR","og_availability":"instock","product_availability":"instock","product_retailer_item_id":"Ks-20","product_condition":"new"},"df_price":27.5,"df_sale_price":27.5,"df_regular_price":37.5,"df_image_link":"https:\/\/www.eliassen.nl\/wp-content\/uploads\/2024\/01\/ks20560x560.jpg","image":"https:\/\/www.eliassen.nl\/wp-content\/uploads\/2024\/01\/ks20560x560.jpg","price_search":"<span class=\"woocommerce-Price-amount amount\"><bdi><span class=\"woocommerce-Price-currencySymbol\">&euro;<\/span>&nbsp;27,50<\/bdi><\/span>","category":"Andere Wanddekorationen","global_unique_id":"9502874383759","_links":{"self":[{"href":"https:\/\/www.eliassen.nl\/de\/wp-json\/wp\/v2\/product\/52531","targetHints":{"allow":["GET"]}}],"collection":[{"href":"https:\/\/www.eliassen.nl\/de\/wp-json\/wp\/v2\/product"}],"about":[{"href":"https:\/\/www.eliassen.nl\/de\/wp-json\/wp\/v2\/types\/product"}],"wp:featuredmedia":[{"embeddable":true,"href":"https:\/\/www.eliassen.nl\/de\/wp-json\/wp\/v2\/media\/52528"}],"wp:attachment":[{"href":"https:\/\/www.eliassen.nl\/de\/wp-json\/wp\/v2\/media?parent=52531"}],"wp:term":[{"taxonomy":"product_brand","embeddable":true,"href":"https:\/\/www.eliassen.nl\/de\/wp-json\/wp\/v2\/product_brand?post=52531"},{"taxonomy":"product_cat","embeddable":true,"href":"https:\/\/www.eliassen.nl\/de\/wp-json\/wp\/v2\/product_cat?post=52531"},{"taxonomy":"product_tag","embeddable":true,"href":"https:\/\/www.eliassen.nl\/de\/wp-json\/wp\/v2\/product_tag?post=52531"}],"curies":[{"name":"wp","href":"https:\/\/api.w.org\/{rel}","templated":true}]}}