{"id":52336,"date":"2021-07-24T11:25:36","date_gmt":"2021-07-24T11:25:36","guid":{"rendered":"https:\/\/www.eliassen.nl\/?product=schilderij-canvas-bloemen-in-bolvaas"},"modified":"2026-01-07T13:27:53","modified_gmt":"2026-01-07T12:27:53","slug":"schilderij-canvas-bloemen-in-bolvaas","status":"publish","type":"product","link":"https:\/\/www.eliassen.nl\/de\/schilderij-canvas-bloemen-in-bolvaas\/","title":{"rendered":"Leinwandbild Blumen in Zwiebelvase"},"content":{"rendered":"<form id=\"product_configure_form\" action=\"https:\/\/www.eliassen.nl\/nl\/cart\/add\/209843666\/\" method=\"post\">\n<div class=\"share-compare\">\n<div class=\"share\">\n<p>M\u00f6chten Sie ein \u00d6lgem\u00e4lde auf Leinwand, das auf altmodische Art und Weise und von den besten Kunsthandwerkern gemalt wurde? Dann ist dieses \u00d6lgem\u00e4lde oder diese Wanddekoration genau das Richtige f\u00fcr Sie. Dieses gro\u00dfe Gem\u00e4lde, das den Strahl als eine Vase mit Blumen darstellt, wurde sorgf\u00e4ltig mit den feinsten Farbkompositionen und mit viel Liebe zum Detail angefertigt!<\/p>\n<\/div>\n<\/div>\n<\/form>\n<div class=\"product-content general-content\">\n<p>Da es von Menschenhand gemacht ist, kann das Foto leicht von der Realit\u00e4t abweichen.<\/p>\n<ul>\n<li>  Gr\u00f6\u00dfe 100x60cm hoch<\/li>\n<li>  3 cm dicker Holzrahmen<\/li>\n<li>  Auch die Seiten bemalt<\/li>\n<li>  Dickes und robustes echtes Segeltuch<\/li>\n<li>  Einfach mit 2 Schrauben aufzuh\u00e4ngen<\/li>\n<li> Schnelle Lieferung<\/li>\n<li>1 Jahr Garantie<\/li>\n<\/ul>\n<\/div>\n","protected":false},"excerpt":{"rendered":"<p>M\u00f6chten Sie ein \u00d6lgem\u00e4lde auf Leinwand, das auf altmodische Art und Weise und von den besten Kunsthandwerkern gemalt wurde? Dann ist dieses \u00d6lgem\u00e4lde oder diese Wanddekoration genau das Richtige f\u00fcr Sie. Dieses gro\u00dfe Gem\u00e4lde, das den Strahl als eine Vase mit Blumen darstellt, wurde sorgf\u00e4ltig mit den feinsten Farbkompositionen und mit viel Liebe zum Detail &hellip;<\/p>\n","protected":false},"featured_media":52333,"template":"","meta":{"_acf_changed":false,"_genesis_title":"","_genesis_description":""},"product_brand":[7505],"product_cat":[410,476],"product_tag":[],"class_list":{"0":"post-52336","1":"product","2":"type-product","3":"status-publish","4":"has-post-thumbnail","6":"product_brand-sonstige","7":"product_cat-gemaelde","8":"product_cat-gemaelde-auf-leinwand","10":"first","11":"instock","12":"taxable","13":"shipping-taxable","14":"purchasable","15":"product-type-simple"},"acf":[],"meta_all":{"total_sales":"0","wcml_sync_hash":{"postmeta_fields":"f323b0cf468ef9cec2c8e0cd8694eeb0"},"attr_label_translations":[],"cor_restricted_countries":[]},"meta_all_flat":{"total_sales":"0","wcml_sync_hash.postmeta_fields":"f323b0cf468ef9cec2c8e0cd8694eeb0"},"yoast_head":"<!-- This site is optimized with the Yoast SEO Premium plugin v26.2 (Yoast SEO v27.2) - https:\/\/yoast.com\/product\/yoast-seo-premium-wordpress\/ -->\n<title>Leinwandbild Blumen in Zwiebelvase<\/title>\n<meta name=\"robots\" content=\"index, follow, max-snippet:-1, max-image-preview:large, max-video-preview:-1\" \/>\n<link rel=\"canonical\" href=\"https:\/\/www.eliassen.nl\/de\/schilderij-canvas-bloemen-in-bolvaas\/\" \/>\n<meta property=\"og:locale\" content=\"de_DE\" \/>\n<meta property=\"og:type\" content=\"article\" \/>\n<meta property=\"og:title\" content=\"Sonstige Leinwandbild Blumen in Zwiebelvase - Eliassen.nl\" \/>\n<meta property=\"og:description\" content=\"M\u00f6chten Sie ein \u00d6lgem\u00e4lde auf Leinwand, das auf altmodische Art und Weise und von den besten Kunsthandwerkern gemalt wurde? Dann ist dieses \u00d6lgem\u00e4lde oder diese Wanddekoration genau das Richtige f\u00fcr Sie. Dieses gro\u00dfe Gem\u00e4lde, das den Strahl als eine Vase mit Blumen darstellt, wurde sorgf\u00e4ltig mit den feinsten Farbkompositionen und mit viel Liebe zum Detail &hellip;\" \/>\n<meta property=\"og:url\" content=\"https:\/\/www.eliassen.nl\/de\/schilderij-canvas-bloemen-in-bolvaas\/\" \/>\n<meta property=\"og:site_name\" content=\"Eliassen.nl\" \/>\n<meta property=\"article:publisher\" content=\"https:\/\/www.facebook.com\/TuincentrumEliassenAmmerzoden\" \/>\n<meta property=\"article:modified_time\" content=\"2026-01-07T12:27:53+00:00\" \/>\n<meta property=\"og:image\" content=\"https:\/\/www.eliassen.nl\/wp-content\/uploads\/2024\/01\/6771671.jpg\" \/>\n\t<meta property=\"og:image:width\" content=\"580\" \/>\n\t<meta property=\"og:image:height\" content=\"353\" \/>\n\t<meta property=\"og:image:type\" content=\"image\/jpeg\" \/>\n<meta name=\"twitter:card\" content=\"summary_large_image\" \/>\n<script type=\"application\/ld+json\" class=\"yoast-schema-graph\">{\"@context\":\"https:\/\/schema.org\",\"@graph\":[{\"@type\":\"WebPage\",\"@id\":\"https:\/\/www.eliassen.nl\/de\/schilderij-canvas-bloemen-in-bolvaas\/\",\"url\":\"https:\/\/www.eliassen.nl\/de\/schilderij-canvas-bloemen-in-bolvaas\/\",\"name\":\"Leinwandbild Blumen in Zwiebelvase\",\"isPartOf\":{\"@id\":\"https:\/\/www.eliassen.nl\/de\/#website\"},\"primaryImageOfPage\":{\"@id\":\"https:\/\/www.eliassen.nl\/de\/schilderij-canvas-bloemen-in-bolvaas\/#primaryimage\"},\"image\":{\"@id\":\"https:\/\/www.eliassen.nl\/de\/schilderij-canvas-bloemen-in-bolvaas\/#primaryimage\"},\"thumbnailUrl\":\"https:\/\/www.eliassen.nl\/wp-content\/uploads\/2024\/01\/6771671.jpg\",\"datePublished\":\"2021-07-24T11:25:36+00:00\",\"dateModified\":\"2026-01-07T12:27:53+00:00\",\"breadcrumb\":{\"@id\":\"https:\/\/www.eliassen.nl\/de\/schilderij-canvas-bloemen-in-bolvaas\/#breadcrumb\"},\"inLanguage\":\"de\",\"potentialAction\":[{\"@type\":\"ReadAction\",\"target\":[\"https:\/\/www.eliassen.nl\/de\/schilderij-canvas-bloemen-in-bolvaas\/\"]}]},{\"@type\":\"ImageObject\",\"inLanguage\":\"de\",\"@id\":\"https:\/\/www.eliassen.nl\/de\/schilderij-canvas-bloemen-in-bolvaas\/#primaryimage\",\"url\":\"https:\/\/www.eliassen.nl\/wp-content\/uploads\/2024\/01\/6771671.jpg\",\"contentUrl\":\"https:\/\/www.eliassen.nl\/wp-content\/uploads\/2024\/01\/6771671.jpg\",\"width\":580,\"height\":353,\"caption\":\"677167_1\"},{\"@type\":\"BreadcrumbList\",\"@id\":\"https:\/\/www.eliassen.nl\/de\/schilderij-canvas-bloemen-in-bolvaas\/#breadcrumb\",\"itemListElement\":[{\"@type\":\"ListItem\",\"position\":1,\"name\":\"Home\",\"item\":\"https:\/\/www.eliassen.nl\/de\/\"},{\"@type\":\"ListItem\",\"position\":2,\"name\":\"Shop\",\"item\":\"https:\/\/www.eliassen.nl\/de\/shop\/\"},{\"@type\":\"ListItem\",\"position\":3,\"name\":\"Gem\u00e4lde\",\"item\":\"https:\/\/www.eliassen.nl\/de\/gemaelde\/\"},{\"@type\":\"ListItem\",\"position\":4,\"name\":\"Gem\u00e4lde auf Leinwand\",\"item\":\"https:\/\/www.eliassen.nl\/de\/gemaelde\/gemaelde-auf-leinwand\/\"},{\"@type\":\"ListItem\",\"position\":5,\"name\":\"Leinwandbild Blumen in Zwiebelvase\"}]},{\"@type\":\"WebSite\",\"@id\":\"https:\/\/www.eliassen.nl\/de\/#website\",\"url\":\"https:\/\/www.eliassen.nl\/de\/\",\"name\":\"Eliassen Home & Garden Pleasure\",\"description\":\"\",\"publisher\":{\"@id\":\"https:\/\/www.eliassen.nl\/de\/#organization\"},\"alternateName\":\"Eliassen.nl\",\"potentialAction\":[{\"@type\":\"SearchAction\",\"target\":{\"@type\":\"EntryPoint\",\"urlTemplate\":\"https:\/\/www.eliassen.nl\/de\/?s={search_term_string}\"},\"query-input\":{\"@type\":\"PropertyValueSpecification\",\"valueRequired\":true,\"valueName\":\"search_term_string\"}}],\"inLanguage\":\"de\"},{\"@type\":[\"Organization\",\"Place\"],\"@id\":\"https:\/\/www.eliassen.nl\/de\/#organization\",\"name\":\"Eliassen Home & Garden Pleasure\",\"url\":\"https:\/\/www.eliassen.nl\/de\/\",\"logo\":{\"@id\":\"https:\/\/www.eliassen.nl\/de\/schilderij-canvas-bloemen-in-bolvaas\/#local-main-organization-logo\"},\"image\":{\"@id\":\"https:\/\/www.eliassen.nl\/de\/schilderij-canvas-bloemen-in-bolvaas\/#local-main-organization-logo\"},\"sameAs\":[\"https:\/\/www.facebook.com\/TuincentrumEliassenAmmerzoden\",\"https:\/\/www.instagram.com\/eliassenhomeandgarden\/\",\"https:\/\/nl.pinterest.com\/eliassenhomeandgarden\/\",\"https:\/\/www.youtube.com\/@eliassenhomegardenpleasure4558\"],\"telephone\":[],\"openingHoursSpecification\":[{\"@type\":\"OpeningHoursSpecification\",\"dayOfWeek\":[\"Monday\",\"Tuesday\",\"Wednesday\",\"Thursday\",\"Friday\",\"Saturday\",\"Sunday\"],\"opens\":\"09:00\",\"closes\":\"17:00\"}]},{\"@type\":\"ImageObject\",\"inLanguage\":\"de\",\"@id\":\"https:\/\/www.eliassen.nl\/de\/schilderij-canvas-bloemen-in-bolvaas\/#local-main-organization-logo\",\"url\":\"https:\/\/www.eliassen.nl\/wp-content\/uploads\/2024\/01\/logo_4nd.jpg\",\"contentUrl\":\"https:\/\/www.eliassen.nl\/wp-content\/uploads\/2024\/01\/logo_4nd.jpg\",\"width\":500,\"height\":500,\"caption\":\"Eliassen Home & Garden Pleasure\"}]}<\/script>\n<meta property=\"product:price:amount\" content=\"69.00\" \/>\n<meta property=\"product:price:currency\" content=\"EUR\" \/>\n<meta property=\"og:availability\" content=\"instock\" \/>\n<meta property=\"product:availability\" content=\"instock\" \/>\n<meta property=\"product:retailer_item_id\" content=\"677167bol geu\" \/>\n<meta property=\"product:condition\" content=\"new\" \/>\n<!-- \/ Yoast SEO Premium plugin. -->","yoast_head_json":{"title":"Leinwandbild Blumen in Zwiebelvase","robots":{"index":"index","follow":"follow","max-snippet":"max-snippet:-1","max-image-preview":"max-image-preview:large","max-video-preview":"max-video-preview:-1"},"canonical":"https:\/\/www.eliassen.nl\/de\/schilderij-canvas-bloemen-in-bolvaas\/","og_locale":"de_DE","og_type":"article","og_title":"Sonstige Leinwandbild Blumen in Zwiebelvase - Eliassen.nl","og_description":"M\u00f6chten Sie ein \u00d6lgem\u00e4lde auf Leinwand, das auf altmodische Art und Weise und von den besten Kunsthandwerkern gemalt wurde? Dann ist dieses \u00d6lgem\u00e4lde oder diese Wanddekoration genau das Richtige f\u00fcr Sie. Dieses gro\u00dfe Gem\u00e4lde, das den Strahl als eine Vase mit Blumen darstellt, wurde sorgf\u00e4ltig mit den feinsten Farbkompositionen und mit viel Liebe zum Detail &hellip;","og_url":"https:\/\/www.eliassen.nl\/de\/schilderij-canvas-bloemen-in-bolvaas\/","og_site_name":"Eliassen.nl","article_publisher":"https:\/\/www.facebook.com\/TuincentrumEliassenAmmerzoden","article_modified_time":"2026-01-07T12:27:53+00:00","og_image":[{"width":580,"height":353,"url":"https:\/\/www.eliassen.nl\/wp-content\/uploads\/2024\/01\/6771671.jpg","type":"image\/jpeg"}],"twitter_card":"summary_large_image","schema":{"@context":"https:\/\/schema.org","@graph":[{"@type":"WebPage","@id":"https:\/\/www.eliassen.nl\/de\/schilderij-canvas-bloemen-in-bolvaas\/","url":"https:\/\/www.eliassen.nl\/de\/schilderij-canvas-bloemen-in-bolvaas\/","name":"Leinwandbild Blumen in Zwiebelvase","isPartOf":{"@id":"https:\/\/www.eliassen.nl\/de\/#website"},"primaryImageOfPage":{"@id":"https:\/\/www.eliassen.nl\/de\/schilderij-canvas-bloemen-in-bolvaas\/#primaryimage"},"image":{"@id":"https:\/\/www.eliassen.nl\/de\/schilderij-canvas-bloemen-in-bolvaas\/#primaryimage"},"thumbnailUrl":"https:\/\/www.eliassen.nl\/wp-content\/uploads\/2024\/01\/6771671.jpg","datePublished":"2021-07-24T11:25:36+00:00","dateModified":"2026-01-07T12:27:53+00:00","breadcrumb":{"@id":"https:\/\/www.eliassen.nl\/de\/schilderij-canvas-bloemen-in-bolvaas\/#breadcrumb"},"inLanguage":"de","potentialAction":[{"@type":"ReadAction","target":["https:\/\/www.eliassen.nl\/de\/schilderij-canvas-bloemen-in-bolvaas\/"]}]},{"@type":"ImageObject","inLanguage":"de","@id":"https:\/\/www.eliassen.nl\/de\/schilderij-canvas-bloemen-in-bolvaas\/#primaryimage","url":"https:\/\/www.eliassen.nl\/wp-content\/uploads\/2024\/01\/6771671.jpg","contentUrl":"https:\/\/www.eliassen.nl\/wp-content\/uploads\/2024\/01\/6771671.jpg","width":580,"height":353,"caption":"677167_1"},{"@type":"BreadcrumbList","@id":"https:\/\/www.eliassen.nl\/de\/schilderij-canvas-bloemen-in-bolvaas\/#breadcrumb","itemListElement":[{"@type":"ListItem","position":1,"name":"Home","item":"https:\/\/www.eliassen.nl\/de\/"},{"@type":"ListItem","position":2,"name":"Shop","item":"https:\/\/www.eliassen.nl\/de\/shop\/"},{"@type":"ListItem","position":3,"name":"Gem\u00e4lde","item":"https:\/\/www.eliassen.nl\/de\/gemaelde\/"},{"@type":"ListItem","position":4,"name":"Gem\u00e4lde auf Leinwand","item":"https:\/\/www.eliassen.nl\/de\/gemaelde\/gemaelde-auf-leinwand\/"},{"@type":"ListItem","position":5,"name":"Leinwandbild Blumen in Zwiebelvase"}]},{"@type":"WebSite","@id":"https:\/\/www.eliassen.nl\/de\/#website","url":"https:\/\/www.eliassen.nl\/de\/","name":"Eliassen Home & Garden Pleasure","description":"","publisher":{"@id":"https:\/\/www.eliassen.nl\/de\/#organization"},"alternateName":"Eliassen.nl","potentialAction":[{"@type":"SearchAction","target":{"@type":"EntryPoint","urlTemplate":"https:\/\/www.eliassen.nl\/de\/?s={search_term_string}"},"query-input":{"@type":"PropertyValueSpecification","valueRequired":true,"valueName":"search_term_string"}}],"inLanguage":"de"},{"@type":["Organization","Place"],"@id":"https:\/\/www.eliassen.nl\/de\/#organization","name":"Eliassen Home & Garden Pleasure","url":"https:\/\/www.eliassen.nl\/de\/","logo":{"@id":"https:\/\/www.eliassen.nl\/de\/schilderij-canvas-bloemen-in-bolvaas\/#local-main-organization-logo"},"image":{"@id":"https:\/\/www.eliassen.nl\/de\/schilderij-canvas-bloemen-in-bolvaas\/#local-main-organization-logo"},"sameAs":["https:\/\/www.facebook.com\/TuincentrumEliassenAmmerzoden","https:\/\/www.instagram.com\/eliassenhomeandgarden\/","https:\/\/nl.pinterest.com\/eliassenhomeandgarden\/","https:\/\/www.youtube.com\/@eliassenhomegardenpleasure4558"],"telephone":[],"openingHoursSpecification":[{"@type":"OpeningHoursSpecification","dayOfWeek":["Monday","Tuesday","Wednesday","Thursday","Friday","Saturday","Sunday"],"opens":"09:00","closes":"17:00"}]},{"@type":"ImageObject","inLanguage":"de","@id":"https:\/\/www.eliassen.nl\/de\/schilderij-canvas-bloemen-in-bolvaas\/#local-main-organization-logo","url":"https:\/\/www.eliassen.nl\/wp-content\/uploads\/2024\/01\/logo_4nd.jpg","contentUrl":"https:\/\/www.eliassen.nl\/wp-content\/uploads\/2024\/01\/logo_4nd.jpg","width":500,"height":500,"caption":"Eliassen Home & Garden Pleasure"}]},"product_price_amount":"69.00","product_price_currency":"EUR","og_availability":"instock","product_availability":"instock","product_retailer_item_id":"677167bol geu","product_condition":"new"},"df_price":69,"df_sale_price":"","df_regular_price":69,"df_image_link":"https:\/\/www.eliassen.nl\/wp-content\/uploads\/2024\/01\/6771671.jpg","image":"https:\/\/www.eliassen.nl\/wp-content\/uploads\/2024\/01\/6771671.jpg","price_search":"<span class=\"woocommerce-Price-amount amount\"><bdi><span class=\"woocommerce-Price-currencySymbol\">&euro;<\/span>&nbsp;69,00<\/bdi><\/span>","category":"Gem\u00e4lde","global_unique_id":"4025809029362","_links":{"self":[{"href":"https:\/\/www.eliassen.nl\/de\/wp-json\/wp\/v2\/product\/52336","targetHints":{"allow":["GET"]}}],"collection":[{"href":"https:\/\/www.eliassen.nl\/de\/wp-json\/wp\/v2\/product"}],"about":[{"href":"https:\/\/www.eliassen.nl\/de\/wp-json\/wp\/v2\/types\/product"}],"wp:featuredmedia":[{"embeddable":true,"href":"https:\/\/www.eliassen.nl\/de\/wp-json\/wp\/v2\/media\/52333"}],"wp:attachment":[{"href":"https:\/\/www.eliassen.nl\/de\/wp-json\/wp\/v2\/media?parent=52336"}],"wp:term":[{"taxonomy":"product_brand","embeddable":true,"href":"https:\/\/www.eliassen.nl\/de\/wp-json\/wp\/v2\/product_brand?post=52336"},{"taxonomy":"product_cat","embeddable":true,"href":"https:\/\/www.eliassen.nl\/de\/wp-json\/wp\/v2\/product_cat?post=52336"},{"taxonomy":"product_tag","embeddable":true,"href":"https:\/\/www.eliassen.nl\/de\/wp-json\/wp\/v2\/product_tag?post=52336"}],"curies":[{"name":"wp","href":"https:\/\/api.w.org\/{rel}","templated":true}]}}