{"id":51334,"date":"2021-06-10T17:00:59","date_gmt":"2021-06-10T17:00:59","guid":{"rendered":"https:\/\/www.eliassen.nl\/?product=fontein-tango-145cm"},"modified":"2026-04-21T14:15:08","modified_gmt":"2026-04-21T12:15:08","slug":"wasserbrunnen-frau-und-mann-tango-145cm","status":"publish","type":"product","link":"https:\/\/www.eliassen.nl\/de\/wasserbrunnen-frau-und-mann-tango-145cm\/","title":{"rendered":"Wasserfont\u00e4ne Frau und Mann Tango 145cm"},"content":{"rendered":"<p><video controls=\"controls\" width=\"300\" height=\"150\"><br \/>\n<\/video><video controls=\"controls\" width=\"300\" height=\"150\"><br \/>\n<\/video><br \/>\nEine robuste Wasserfont\u00e4ne, die \u00fcberall aufgestellt werden kann. Hergestellt aus dem starken und farbechten Polyresin. Sie k\u00f6nnen dieses Modell \u00fcberall aufstellen, denn dieses Modell ist autark, da sich die Wasserversorgung im Boden des Brunnens befindet.<\/p>\n<p>Sie k\u00f6nnen diesen Springbrunnen auch drinnen, drau\u00dfen oder im B\u00fcro verwenden. Genie\u00dfen Sie den beruhigenden Klang des pl\u00e4tschernden Wassers und erh\u00f6hen Sie die Luftfeuchtigkeit f\u00fcr eine optimale Wohn- oder Arbeitsumgebung.<\/p>\n<p><strong>Dieses Modell steht nirgendwo anders zum Verkauf und kann auch in unserem Ausstellungsraum besichtigt werden.<\/strong><\/p>\n<ul>\n<li>Gr\u00f6\u00dfe: 46x25x145cm hoch<\/li>\n<li>Material: Polyresin<\/li>\n<li>Ausgestattet mit Pumpe und 2 LED-Leuchten in warm-wei\u00dfer Lichtfarbe, Kabel 10 m lang<\/li>\n<li>Garantie 1 Jahr, mit Ausnahme von Durchbrennen der Pumpe aufgrund von Trockenlauf<\/li>\n<li>Dieses Modell ist von einer Seite des Wasserlaufs<\/li>\n<li>Nirgendwo sonst zu verkaufen, propriet\u00e4res Modell.<\/li>\n<\/ul>\n","protected":false},"excerpt":{"rendered":"<p>Eine robuste Wasserfont\u00e4ne, die \u00fcberall aufgestellt werden kann. Hergestellt aus dem starken und farbechten Polyresin. Sie k\u00f6nnen dieses Modell \u00fcberall aufstellen, denn dieses Modell ist autark, da sich die Wasserversorgung im Boden des Brunnens befindet. Sie k\u00f6nnen diesen Springbrunnen auch drinnen, drau\u00dfen oder im B\u00fcro verwenden. Genie\u00dfen Sie den beruhigenden Klang des pl\u00e4tschernden Wassers und &hellip;<\/p>\n","protected":false},"featured_media":51319,"template":"","meta":{"_acf_changed":false,"_genesis_title":"","_genesis_description":""},"product_brand":[6916],"product_cat":[539,599,548,536,542,581,602],"product_tag":[7371],"class_list":{"0":"post-51334","1":"product","2":"type-product","3":"status-publish","4":"has-post-thumbnail","6":"product_brand-eliassen-de","7":"product_cat-einzigartige-eigene-modelle-von-losen-wasserspiele","8":"product_cat-guenstige-wasserspiele","9":"product_cat-terrassenbrunnen","10":"product_cat-wassereigenschaften","11":"product_cat-wasserspiele-am-ausgang","12":"product_cat-wasserspiele-aus-kunststoff","13":"product_cat-zimmerbrunnen","14":"product_tag-kunststoff-wasserornamente","16":"first","17":"outofstock","18":"taxable","19":"shipping-taxable","20":"purchasable","21":"product-type-simple"},"acf":[],"meta_all":{"total_sales":"15","wcml_sync_hash":{"postmeta_fields":"5ee01d26155fd42b4126a3baf0e2e9ab"},"attr_label_translations":[],"no_of_subscribers":"3","cor_restricted_countries":[]},"meta_all_flat":{"total_sales":"15","wcml_sync_hash.postmeta_fields":"5ee01d26155fd42b4126a3baf0e2e9ab","no_of_subscribers":"3"},"yoast_head":"<!-- This site is optimized with the Yoast SEO Premium plugin v26.2 (Yoast SEO v27.2) - https:\/\/yoast.com\/product\/yoast-seo-premium-wordpress\/ -->\n<title>Wasserfont\u00e4ne Frau und Mann | 145cm | Einzigartiges Modell!<\/title>\n<meta name=\"description\" content=\"Wasserfont\u00e4ne Frau und Mann, eine stilvolle Font\u00e4ne f\u00fcr den Au\u00dfenbereich, die nur bei uns erh\u00e4ltlich ist, ein einzigartiges Modell also. F\u00fcr den Innen- und Au\u00dfenbereich geeignet. LIVE zu sehen!\" \/>\n<meta name=\"robots\" content=\"index, follow, max-snippet:-1, max-image-preview:large, max-video-preview:-1\" \/>\n<link rel=\"canonical\" href=\"https:\/\/www.eliassen.nl\/de\/wasserbrunnen-frau-und-mann-tango-145cm\/\" \/>\n<meta property=\"og:locale\" content=\"de_DE\" \/>\n<meta property=\"og:type\" content=\"article\" \/>\n<meta property=\"og:title\" content=\"Eliassen Wasserfont\u00e4ne Frau und Mann Tango 145cm - Eliassen.nl\" \/>\n<meta property=\"og:description\" content=\"Wasserfont\u00e4ne Frau und Mann, eine stilvolle Font\u00e4ne f\u00fcr den Au\u00dfenbereich, die nur bei uns erh\u00e4ltlich ist, ein einzigartiges Modell also. F\u00fcr den Innen- und Au\u00dfenbereich geeignet. LIVE zu sehen!\" \/>\n<meta property=\"og:url\" content=\"https:\/\/www.eliassen.nl\/de\/wasserbrunnen-frau-und-mann-tango-145cm\/\" \/>\n<meta property=\"og:site_name\" content=\"Eliassen.nl\" \/>\n<meta property=\"article:publisher\" content=\"https:\/\/www.facebook.com\/TuincentrumEliassenAmmerzoden\" \/>\n<meta property=\"article:modified_time\" content=\"2026-04-21T12:15:08+00:00\" \/>\n<meta property=\"og:image\" content=\"https:\/\/www.eliassen.nl\/wp-content\/uploads\/2024\/01\/waterfonteinvrouwenmantango145cmeliassenn.jpg\" \/>\n\t<meta property=\"og:image:width\" content=\"851\" \/>\n\t<meta property=\"og:image:height\" content=\"1488\" \/>\n\t<meta property=\"og:image:type\" content=\"image\/jpeg\" \/>\n<meta name=\"twitter:card\" content=\"summary_large_image\" \/>\n<script type=\"application\/ld+json\" class=\"yoast-schema-graph\">{\"@context\":\"https:\/\/schema.org\",\"@graph\":[{\"@type\":\"WebPage\",\"@id\":\"https:\/\/www.eliassen.nl\/de\/wasserbrunnen-frau-und-mann-tango-145cm\/\",\"url\":\"https:\/\/www.eliassen.nl\/de\/wasserbrunnen-frau-und-mann-tango-145cm\/\",\"name\":\"Wasserfont\u00e4ne Frau und Mann | 145cm | Einzigartiges Modell!\",\"isPartOf\":{\"@id\":\"https:\/\/www.eliassen.nl\/de\/#website\"},\"primaryImageOfPage\":{\"@id\":\"https:\/\/www.eliassen.nl\/de\/wasserbrunnen-frau-und-mann-tango-145cm\/#primaryimage\"},\"image\":{\"@id\":\"https:\/\/www.eliassen.nl\/de\/wasserbrunnen-frau-und-mann-tango-145cm\/#primaryimage\"},\"thumbnailUrl\":\"https:\/\/www.eliassen.nl\/wp-content\/uploads\/2024\/01\/waterfonteinvrouwenmantango145cmeliassenn.jpg\",\"datePublished\":\"2021-06-10T17:00:59+00:00\",\"dateModified\":\"2026-04-21T12:15:08+00:00\",\"description\":\"Wasserfont\u00e4ne Frau und Mann, eine stilvolle Font\u00e4ne f\u00fcr den Au\u00dfenbereich, die nur bei uns erh\u00e4ltlich ist, ein einzigartiges Modell also. F\u00fcr den Innen- und Au\u00dfenbereich geeignet. LIVE zu sehen!\",\"breadcrumb\":{\"@id\":\"https:\/\/www.eliassen.nl\/de\/wasserbrunnen-frau-und-mann-tango-145cm\/#breadcrumb\"},\"inLanguage\":\"de\",\"potentialAction\":[{\"@type\":\"ReadAction\",\"target\":[\"https:\/\/www.eliassen.nl\/de\/wasserbrunnen-frau-und-mann-tango-145cm\/\"]}]},{\"@type\":\"ImageObject\",\"inLanguage\":\"de\",\"@id\":\"https:\/\/www.eliassen.nl\/de\/wasserbrunnen-frau-und-mann-tango-145cm\/#primaryimage\",\"url\":\"https:\/\/www.eliassen.nl\/wp-content\/uploads\/2024\/01\/waterfonteinvrouwenmantango145cmeliassenn.jpg\",\"contentUrl\":\"https:\/\/www.eliassen.nl\/wp-content\/uploads\/2024\/01\/waterfonteinvrouwenmantango145cmeliassenn.jpg\",\"width\":851,\"height\":1488,\"caption\":\"Wasserfont\u00e4ne Frau und Mann Tango 145cm - Eliassen.nl\"},{\"@type\":\"BreadcrumbList\",\"@id\":\"https:\/\/www.eliassen.nl\/de\/wasserbrunnen-frau-und-mann-tango-145cm\/#breadcrumb\",\"itemListElement\":[{\"@type\":\"ListItem\",\"position\":1,\"name\":\"Home\",\"item\":\"https:\/\/www.eliassen.nl\/de\/\"},{\"@type\":\"ListItem\",\"position\":2,\"name\":\"Shop\",\"item\":\"https:\/\/www.eliassen.nl\/de\/shop\/\"},{\"@type\":\"ListItem\",\"position\":3,\"name\":\"Wasserspiele\",\"item\":\"https:\/\/www.eliassen.nl\/de\/wassereigenschaften\/\"},{\"@type\":\"ListItem\",\"position\":4,\"name\":\"Einzigartige eigene Modelle von losen Wasserspielen\",\"item\":\"https:\/\/www.eliassen.nl\/de\/wassereigenschaften\/einzigartige-eigene-modelle-von-losen-wasserspiele\/\"},{\"@type\":\"ListItem\",\"position\":5,\"name\":\"Wasserfont\u00e4ne Frau und Mann Tango 145cm\"}]},{\"@type\":\"WebSite\",\"@id\":\"https:\/\/www.eliassen.nl\/de\/#website\",\"url\":\"https:\/\/www.eliassen.nl\/de\/\",\"name\":\"Eliassen Home & Garden Pleasure\",\"description\":\"\",\"publisher\":{\"@id\":\"https:\/\/www.eliassen.nl\/de\/#organization\"},\"alternateName\":\"Eliassen.nl\",\"potentialAction\":[{\"@type\":\"SearchAction\",\"target\":{\"@type\":\"EntryPoint\",\"urlTemplate\":\"https:\/\/www.eliassen.nl\/de\/?s={search_term_string}\"},\"query-input\":{\"@type\":\"PropertyValueSpecification\",\"valueRequired\":true,\"valueName\":\"search_term_string\"}}],\"inLanguage\":\"de\"},{\"@type\":[\"Organization\",\"Place\"],\"@id\":\"https:\/\/www.eliassen.nl\/de\/#organization\",\"name\":\"Eliassen Home & Garden Pleasure\",\"url\":\"https:\/\/www.eliassen.nl\/de\/\",\"logo\":{\"@id\":\"https:\/\/www.eliassen.nl\/de\/wasserbrunnen-frau-und-mann-tango-145cm\/#local-main-organization-logo\"},\"image\":{\"@id\":\"https:\/\/www.eliassen.nl\/de\/wasserbrunnen-frau-und-mann-tango-145cm\/#local-main-organization-logo\"},\"sameAs\":[\"https:\/\/www.facebook.com\/TuincentrumEliassenAmmerzoden\",\"https:\/\/www.instagram.com\/eliassenhomeandgarden\/\",\"https:\/\/nl.pinterest.com\/eliassenhomeandgarden\/\",\"https:\/\/www.youtube.com\/@eliassenhomegardenpleasure4558\"],\"telephone\":[],\"openingHoursSpecification\":[{\"@type\":\"OpeningHoursSpecification\",\"dayOfWeek\":[\"Monday\",\"Tuesday\",\"Wednesday\",\"Thursday\",\"Friday\",\"Saturday\",\"Sunday\"],\"opens\":\"09:00\",\"closes\":\"17:00\"}]},{\"@type\":\"ImageObject\",\"inLanguage\":\"de\",\"@id\":\"https:\/\/www.eliassen.nl\/de\/wasserbrunnen-frau-und-mann-tango-145cm\/#local-main-organization-logo\",\"url\":\"https:\/\/www.eliassen.nl\/wp-content\/uploads\/2024\/01\/logo_4nd.jpg\",\"contentUrl\":\"https:\/\/www.eliassen.nl\/wp-content\/uploads\/2024\/01\/logo_4nd.jpg\",\"width\":500,\"height\":500,\"caption\":\"Eliassen Home & Garden Pleasure\"}]}<\/script>\n<meta property=\"product:price:amount\" content=\"315.00\" \/>\n<meta property=\"product:price:currency\" content=\"EUR\" \/>\n<meta property=\"og:availability\" content=\"out of stock\" \/>\n<meta property=\"product:availability\" content=\"out of stock\" \/>\n<meta property=\"product:retailer_item_id\" content=\"Lr38933\" \/>\n<meta property=\"product:condition\" content=\"new\" \/>\n<!-- \/ Yoast SEO Premium plugin. -->","yoast_head_json":{"title":"Wasserfont\u00e4ne Frau und Mann | 145cm | Einzigartiges Modell!","description":"Wasserfont\u00e4ne Frau und Mann, eine stilvolle Font\u00e4ne f\u00fcr den Au\u00dfenbereich, die nur bei uns erh\u00e4ltlich ist, ein einzigartiges Modell also. F\u00fcr den Innen- und Au\u00dfenbereich geeignet. LIVE zu sehen!","robots":{"index":"index","follow":"follow","max-snippet":"max-snippet:-1","max-image-preview":"max-image-preview:large","max-video-preview":"max-video-preview:-1"},"canonical":"https:\/\/www.eliassen.nl\/de\/wasserbrunnen-frau-und-mann-tango-145cm\/","og_locale":"de_DE","og_type":"article","og_title":"Eliassen Wasserfont\u00e4ne Frau und Mann Tango 145cm - Eliassen.nl","og_description":"Wasserfont\u00e4ne Frau und Mann, eine stilvolle Font\u00e4ne f\u00fcr den Au\u00dfenbereich, die nur bei uns erh\u00e4ltlich ist, ein einzigartiges Modell also. F\u00fcr den Innen- und Au\u00dfenbereich geeignet. LIVE zu sehen!","og_url":"https:\/\/www.eliassen.nl\/de\/wasserbrunnen-frau-und-mann-tango-145cm\/","og_site_name":"Eliassen.nl","article_publisher":"https:\/\/www.facebook.com\/TuincentrumEliassenAmmerzoden","article_modified_time":"2026-04-21T12:15:08+00:00","og_image":[{"width":851,"height":1488,"url":"https:\/\/www.eliassen.nl\/wp-content\/uploads\/2024\/01\/waterfonteinvrouwenmantango145cmeliassenn.jpg","type":"image\/jpeg"}],"twitter_card":"summary_large_image","schema":{"@context":"https:\/\/schema.org","@graph":[{"@type":"WebPage","@id":"https:\/\/www.eliassen.nl\/de\/wasserbrunnen-frau-und-mann-tango-145cm\/","url":"https:\/\/www.eliassen.nl\/de\/wasserbrunnen-frau-und-mann-tango-145cm\/","name":"Wasserfont\u00e4ne Frau und Mann | 145cm | Einzigartiges Modell!","isPartOf":{"@id":"https:\/\/www.eliassen.nl\/de\/#website"},"primaryImageOfPage":{"@id":"https:\/\/www.eliassen.nl\/de\/wasserbrunnen-frau-und-mann-tango-145cm\/#primaryimage"},"image":{"@id":"https:\/\/www.eliassen.nl\/de\/wasserbrunnen-frau-und-mann-tango-145cm\/#primaryimage"},"thumbnailUrl":"https:\/\/www.eliassen.nl\/wp-content\/uploads\/2024\/01\/waterfonteinvrouwenmantango145cmeliassenn.jpg","datePublished":"2021-06-10T17:00:59+00:00","dateModified":"2026-04-21T12:15:08+00:00","description":"Wasserfont\u00e4ne Frau und Mann, eine stilvolle Font\u00e4ne f\u00fcr den Au\u00dfenbereich, die nur bei uns erh\u00e4ltlich ist, ein einzigartiges Modell also. F\u00fcr den Innen- und Au\u00dfenbereich geeignet. LIVE zu sehen!","breadcrumb":{"@id":"https:\/\/www.eliassen.nl\/de\/wasserbrunnen-frau-und-mann-tango-145cm\/#breadcrumb"},"inLanguage":"de","potentialAction":[{"@type":"ReadAction","target":["https:\/\/www.eliassen.nl\/de\/wasserbrunnen-frau-und-mann-tango-145cm\/"]}]},{"@type":"ImageObject","inLanguage":"de","@id":"https:\/\/www.eliassen.nl\/de\/wasserbrunnen-frau-und-mann-tango-145cm\/#primaryimage","url":"https:\/\/www.eliassen.nl\/wp-content\/uploads\/2024\/01\/waterfonteinvrouwenmantango145cmeliassenn.jpg","contentUrl":"https:\/\/www.eliassen.nl\/wp-content\/uploads\/2024\/01\/waterfonteinvrouwenmantango145cmeliassenn.jpg","width":851,"height":1488,"caption":"Wasserfont\u00e4ne Frau und Mann Tango 145cm - Eliassen.nl"},{"@type":"BreadcrumbList","@id":"https:\/\/www.eliassen.nl\/de\/wasserbrunnen-frau-und-mann-tango-145cm\/#breadcrumb","itemListElement":[{"@type":"ListItem","position":1,"name":"Home","item":"https:\/\/www.eliassen.nl\/de\/"},{"@type":"ListItem","position":2,"name":"Shop","item":"https:\/\/www.eliassen.nl\/de\/shop\/"},{"@type":"ListItem","position":3,"name":"Wasserspiele","item":"https:\/\/www.eliassen.nl\/de\/wassereigenschaften\/"},{"@type":"ListItem","position":4,"name":"Einzigartige eigene Modelle von losen Wasserspielen","item":"https:\/\/www.eliassen.nl\/de\/wassereigenschaften\/einzigartige-eigene-modelle-von-losen-wasserspiele\/"},{"@type":"ListItem","position":5,"name":"Wasserfont\u00e4ne Frau und Mann Tango 145cm"}]},{"@type":"WebSite","@id":"https:\/\/www.eliassen.nl\/de\/#website","url":"https:\/\/www.eliassen.nl\/de\/","name":"Eliassen Home & Garden Pleasure","description":"","publisher":{"@id":"https:\/\/www.eliassen.nl\/de\/#organization"},"alternateName":"Eliassen.nl","potentialAction":[{"@type":"SearchAction","target":{"@type":"EntryPoint","urlTemplate":"https:\/\/www.eliassen.nl\/de\/?s={search_term_string}"},"query-input":{"@type":"PropertyValueSpecification","valueRequired":true,"valueName":"search_term_string"}}],"inLanguage":"de"},{"@type":["Organization","Place"],"@id":"https:\/\/www.eliassen.nl\/de\/#organization","name":"Eliassen Home & Garden Pleasure","url":"https:\/\/www.eliassen.nl\/de\/","logo":{"@id":"https:\/\/www.eliassen.nl\/de\/wasserbrunnen-frau-und-mann-tango-145cm\/#local-main-organization-logo"},"image":{"@id":"https:\/\/www.eliassen.nl\/de\/wasserbrunnen-frau-und-mann-tango-145cm\/#local-main-organization-logo"},"sameAs":["https:\/\/www.facebook.com\/TuincentrumEliassenAmmerzoden","https:\/\/www.instagram.com\/eliassenhomeandgarden\/","https:\/\/nl.pinterest.com\/eliassenhomeandgarden\/","https:\/\/www.youtube.com\/@eliassenhomegardenpleasure4558"],"telephone":[],"openingHoursSpecification":[{"@type":"OpeningHoursSpecification","dayOfWeek":["Monday","Tuesday","Wednesday","Thursday","Friday","Saturday","Sunday"],"opens":"09:00","closes":"17:00"}]},{"@type":"ImageObject","inLanguage":"de","@id":"https:\/\/www.eliassen.nl\/de\/wasserbrunnen-frau-und-mann-tango-145cm\/#local-main-organization-logo","url":"https:\/\/www.eliassen.nl\/wp-content\/uploads\/2024\/01\/logo_4nd.jpg","contentUrl":"https:\/\/www.eliassen.nl\/wp-content\/uploads\/2024\/01\/logo_4nd.jpg","width":500,"height":500,"caption":"Eliassen Home & Garden Pleasure"}]},"product_price_amount":"315.00","product_price_currency":"EUR","og_availability":"out of stock","product_availability":"out of stock","product_retailer_item_id":"Lr38933","product_condition":"new"},"df_price":315,"df_sale_price":"","df_regular_price":315,"df_image_link":"https:\/\/www.eliassen.nl\/wp-content\/uploads\/2024\/01\/waterfonteinvrouwenmantango145cmeliassenn.jpg","image":"https:\/\/www.eliassen.nl\/wp-content\/uploads\/2024\/01\/waterfonteinvrouwenmantango145cmeliassenn.jpg","price_search":"<span class=\"woocommerce-Price-amount amount\"><bdi><span class=\"woocommerce-Price-currencySymbol\">&euro;<\/span>&nbsp;315,00<\/bdi><\/span>","category":"Einzigartige eigene Modelle von losen Wasserspielen","global_unique_id":"6096525498495","_links":{"self":[{"href":"https:\/\/www.eliassen.nl\/de\/wp-json\/wp\/v2\/product\/51334","targetHints":{"allow":["GET"]}}],"collection":[{"href":"https:\/\/www.eliassen.nl\/de\/wp-json\/wp\/v2\/product"}],"about":[{"href":"https:\/\/www.eliassen.nl\/de\/wp-json\/wp\/v2\/types\/product"}],"wp:featuredmedia":[{"embeddable":true,"href":"https:\/\/www.eliassen.nl\/de\/wp-json\/wp\/v2\/media\/51319"}],"wp:attachment":[{"href":"https:\/\/www.eliassen.nl\/de\/wp-json\/wp\/v2\/media?parent=51334"}],"wp:term":[{"taxonomy":"product_brand","embeddable":true,"href":"https:\/\/www.eliassen.nl\/de\/wp-json\/wp\/v2\/product_brand?post=51334"},{"taxonomy":"product_cat","embeddable":true,"href":"https:\/\/www.eliassen.nl\/de\/wp-json\/wp\/v2\/product_cat?post=51334"},{"taxonomy":"product_tag","embeddable":true,"href":"https:\/\/www.eliassen.nl\/de\/wp-json\/wp\/v2\/product_tag?post=51334"}],"curies":[{"name":"wp","href":"https:\/\/api.w.org\/{rel}","templated":true}]}}