{"id":51064,"date":"2021-05-28T10:58:29","date_gmt":"2021-05-28T10:58:29","guid":{"rendered":"https:\/\/www.eliassen.nl\/?product=sierkeien-plat-mozaiek-black-grey"},"modified":"2025-12-08T16:47:26","modified_gmt":"2025-12-08T15:47:26","slug":"dekosteine-flachmosaik-schwarz-grau-20kg","status":"publish","type":"product","link":"https:\/\/www.eliassen.nl\/de\/dekosteine-flachmosaik-schwarz-grau-20kg\/","title":{"rendered":"Dekobl\u00f6cke flach Mosaik schwarz-grau 20kg"},"content":{"rendered":"<p><video controls=\"controls\" width=\"300\" height=\"150\"><source src=\"https:\/\/cdn.webshopapp.com\/shops\/289658\/files\/443747679\/mozaiek-donker-grijs-eliassennl-sierstenen.mp4\" type=\"video\/mp4\"><\/source><\/video><\/p>\n<p>Es handelt sich um wirklich ungew\u00f6hnliche, skurrile Natursteinscheiben aus Felsbl\u00f6cken mit schw\u00e4rzlichen T\u00f6nen, die kaum gr\u00fcn werden. Diese sehr exklusive Art von Bodenbelag eignet sich f\u00fcr viele Zwecke, z.B. als Abdeckmaterial auf Topf-Pflanzen-Kombinationen, als Bodenbelag, als Dekorationsmaterial in Schaufenstern, als Abdeckmaterial f\u00fcr Denkm\u00e4ler, als Abdeckmaterial um Ihr Gartenornament oder Wasserspiel, usw. usw.<br \/>\nPro m2 dieser Art von Zierpflaster gibt es etwa 4-5 S\u00e4cke.<\/p>\n<p>Auf diese Weise k\u00f6nnen Sie umrechnen, was Sie ungef\u00e4hr f\u00fcr diese grauen dekorativen Felsbrocken ben\u00f6tigen.<\/p>\n<ul>\n<li>Gemischte zerkl\u00fcftete Scheiben von gewaschenen Felsbl\u00f6cken<\/li>\n<li>Farbe: Schwarz\/Grau. die Farben werden dunkler, wenn die Felsen nass sind.<\/li>\n<li>Abstufung: 3 bis 6 cm, ca. 5-6 mm dick<\/li>\n<li>20 kg pro Sack<\/li>\n<li><strong>Seltene<\/strong> flache Scheiben von Zierbl\u00f6cken<\/li>\n<li>Sehr robuste Sorte, die nicht schnell gr\u00fcn wird<\/li>\n<li>Nirgendwo sonst zu verkaufen<\/li>\n<li><strong>Sehen Sie genau die gleichen Felsbrocken anderswo billiger? Wir erstatten Ihnen die Differenz !!!<\/strong><\/li>\n<li><strong>Die Fotos zeigen die Farben dieser Felsbrocken in trockenem und nassem Zustand.<\/strong><\/li>\n<li>\n<\/li>\n<\/ul>\n","protected":false},"excerpt":{"rendered":"<p>Am besten zum Malen mit sch\u00f6ner flacher Form.<\/p>\n","protected":false},"featured_media":51055,"template":"","meta":{"_acf_changed":false,"_genesis_title":"","_genesis_description":""},"product_brand":[7505],"product_cat":[770,1460,545,536,752],"product_tag":[],"class_list":{"0":"post-51064","1":"product","2":"type-product","3":"status-publish","4":"has-post-thumbnail","6":"product_brand-sonstige","7":"product_cat-edelsteine","8":"product_cat-kieselsteine-zum-bemalen","9":"product_cat-teile-wasserspiele","10":"product_cat-wassereigenschaften","11":"product_cat-weitere-artikel","13":"first","14":"instock","15":"sale","16":"taxable","17":"shipping-taxable","18":"purchasable","19":"product-type-simple"},"acf":[],"meta_all":{"total_sales":"3","wcml_sync_hash":{"postmeta_fields":"041c71650409210f07010a45a76ce6b1"},"attr_label_translations":[],"cor_restricted_countries":[]},"meta_all_flat":{"total_sales":"3","wcml_sync_hash.postmeta_fields":"041c71650409210f07010a45a76ce6b1"},"yoast_head":"<!-- This site is optimized with the Yoast SEO Premium plugin v26.2 (Yoast SEO v27.2) - https:\/\/yoast.com\/product\/yoast-seo-premium-wordpress\/ -->\n<title>Dekorative Kieselsteine flach Mosaik schwarz grau<\/title>\n<meta name=\"robots\" content=\"index, follow, max-snippet:-1, max-image-preview:large, max-video-preview:-1\" \/>\n<link rel=\"canonical\" href=\"https:\/\/www.eliassen.nl\/de\/dekosteine-flachmosaik-schwarz-grau-20kg\/\" \/>\n<meta property=\"og:locale\" content=\"de_DE\" \/>\n<meta property=\"og:type\" content=\"article\" \/>\n<meta property=\"og:title\" content=\"Sonstige Dekobl\u00f6cke flach Mosaik schwarz-grau 20kg - Eliassen.nl\" \/>\n<meta property=\"og:description\" content=\"Am besten zum Malen mit sch\u00f6ner flacher Form.\" \/>\n<meta property=\"og:url\" content=\"https:\/\/www.eliassen.nl\/de\/dekosteine-flachmosaik-schwarz-grau-20kg\/\" \/>\n<meta property=\"og:site_name\" content=\"Eliassen.nl\" \/>\n<meta property=\"article:publisher\" content=\"https:\/\/www.facebook.com\/TuincentrumEliassenAmmerzoden\" \/>\n<meta property=\"article:modified_time\" content=\"2025-12-08T15:47:26+00:00\" \/>\n<meta property=\"og:image\" content=\"https:\/\/www.eliassen.nl\/wp-content\/uploads\/2024\/01\/image6.jpg\" \/>\n\t<meta property=\"og:image:width\" content=\"1974\" \/>\n\t<meta property=\"og:image:height\" content=\"1295\" \/>\n\t<meta property=\"og:image:type\" content=\"image\/jpeg\" \/>\n<meta name=\"twitter:card\" content=\"summary_large_image\" \/>\n<script type=\"application\/ld+json\" class=\"yoast-schema-graph\">{\"@context\":\"https:\/\/schema.org\",\"@graph\":[{\"@type\":\"WebPage\",\"@id\":\"https:\/\/www.eliassen.nl\/de\/dekosteine-flachmosaik-schwarz-grau-20kg\/\",\"url\":\"https:\/\/www.eliassen.nl\/de\/dekosteine-flachmosaik-schwarz-grau-20kg\/\",\"name\":\"Dekorative Kieselsteine flach Mosaik schwarz grau\",\"isPartOf\":{\"@id\":\"https:\/\/www.eliassen.nl\/de\/#website\"},\"primaryImageOfPage\":{\"@id\":\"https:\/\/www.eliassen.nl\/de\/dekosteine-flachmosaik-schwarz-grau-20kg\/#primaryimage\"},\"image\":{\"@id\":\"https:\/\/www.eliassen.nl\/de\/dekosteine-flachmosaik-schwarz-grau-20kg\/#primaryimage\"},\"thumbnailUrl\":\"https:\/\/www.eliassen.nl\/wp-content\/uploads\/2024\/01\/image6.jpg\",\"datePublished\":\"2021-05-28T10:58:29+00:00\",\"dateModified\":\"2025-12-08T15:47:26+00:00\",\"breadcrumb\":{\"@id\":\"https:\/\/www.eliassen.nl\/de\/dekosteine-flachmosaik-schwarz-grau-20kg\/#breadcrumb\"},\"inLanguage\":\"de\",\"potentialAction\":[{\"@type\":\"ReadAction\",\"target\":[\"https:\/\/www.eliassen.nl\/de\/dekosteine-flachmosaik-schwarz-grau-20kg\/\"]}]},{\"@type\":\"ImageObject\",\"inLanguage\":\"de\",\"@id\":\"https:\/\/www.eliassen.nl\/de\/dekosteine-flachmosaik-schwarz-grau-20kg\/#primaryimage\",\"url\":\"https:\/\/www.eliassen.nl\/wp-content\/uploads\/2024\/01\/image6.jpg\",\"contentUrl\":\"https:\/\/www.eliassen.nl\/wp-content\/uploads\/2024\/01\/image6.jpg\",\"width\":1974,\"height\":1295,\"caption\":\"Bild (6)\"},{\"@type\":\"BreadcrumbList\",\"@id\":\"https:\/\/www.eliassen.nl\/de\/dekosteine-flachmosaik-schwarz-grau-20kg\/#breadcrumb\",\"itemListElement\":[{\"@type\":\"ListItem\",\"position\":1,\"name\":\"Home\",\"item\":\"https:\/\/www.eliassen.nl\/de\/\"},{\"@type\":\"ListItem\",\"position\":2,\"name\":\"Shop\",\"item\":\"https:\/\/www.eliassen.nl\/de\/shop\/\"},{\"@type\":\"ListItem\",\"position\":3,\"name\":\"Weitere Artikel\",\"item\":\"https:\/\/www.eliassen.nl\/de\/weitere-artikel\/\"},{\"@type\":\"ListItem\",\"position\":4,\"name\":\"Edelsteine\",\"item\":\"https:\/\/www.eliassen.nl\/de\/garten-andere\/edelsteine\/\"},{\"@type\":\"ListItem\",\"position\":5,\"name\":\"Dekobl\u00f6cke flach Mosaik schwarz-grau 20kg\"}]},{\"@type\":\"WebSite\",\"@id\":\"https:\/\/www.eliassen.nl\/de\/#website\",\"url\":\"https:\/\/www.eliassen.nl\/de\/\",\"name\":\"Eliassen Home & Garden Pleasure\",\"description\":\"\",\"publisher\":{\"@id\":\"https:\/\/www.eliassen.nl\/de\/#organization\"},\"alternateName\":\"Eliassen.nl\",\"potentialAction\":[{\"@type\":\"SearchAction\",\"target\":{\"@type\":\"EntryPoint\",\"urlTemplate\":\"https:\/\/www.eliassen.nl\/de\/?s={search_term_string}\"},\"query-input\":{\"@type\":\"PropertyValueSpecification\",\"valueRequired\":true,\"valueName\":\"search_term_string\"}}],\"inLanguage\":\"de\"},{\"@type\":[\"Organization\",\"Place\"],\"@id\":\"https:\/\/www.eliassen.nl\/de\/#organization\",\"name\":\"Eliassen Home & Garden Pleasure\",\"url\":\"https:\/\/www.eliassen.nl\/de\/\",\"logo\":{\"@id\":\"https:\/\/www.eliassen.nl\/de\/dekosteine-flachmosaik-schwarz-grau-20kg\/#local-main-organization-logo\"},\"image\":{\"@id\":\"https:\/\/www.eliassen.nl\/de\/dekosteine-flachmosaik-schwarz-grau-20kg\/#local-main-organization-logo\"},\"sameAs\":[\"https:\/\/www.facebook.com\/TuincentrumEliassenAmmerzoden\",\"https:\/\/www.instagram.com\/eliassenhomeandgarden\/\",\"https:\/\/nl.pinterest.com\/eliassenhomeandgarden\/\",\"https:\/\/www.youtube.com\/@eliassenhomegardenpleasure4558\"],\"telephone\":[],\"openingHoursSpecification\":[{\"@type\":\"OpeningHoursSpecification\",\"dayOfWeek\":[\"Monday\",\"Tuesday\",\"Wednesday\",\"Thursday\",\"Friday\",\"Saturday\",\"Sunday\"],\"opens\":\"09:00\",\"closes\":\"17:00\"}]},{\"@type\":\"ImageObject\",\"inLanguage\":\"de\",\"@id\":\"https:\/\/www.eliassen.nl\/de\/dekosteine-flachmosaik-schwarz-grau-20kg\/#local-main-organization-logo\",\"url\":\"https:\/\/www.eliassen.nl\/wp-content\/uploads\/2024\/01\/logo_4nd.jpg\",\"contentUrl\":\"https:\/\/www.eliassen.nl\/wp-content\/uploads\/2024\/01\/logo_4nd.jpg\",\"width\":500,\"height\":500,\"caption\":\"Eliassen Home & Garden Pleasure\"}]}<\/script>\n<meta property=\"product:price:amount\" content=\"16.00\" \/>\n<meta property=\"product:price:currency\" content=\"EUR\" \/>\n<meta property=\"og:availability\" content=\"instock\" \/>\n<meta property=\"product:availability\" content=\"instock\" \/>\n<meta property=\"product:retailer_item_id\" content=\"Mblgrey\" \/>\n<meta property=\"product:condition\" content=\"new\" \/>\n<!-- \/ Yoast SEO Premium plugin. -->","yoast_head_json":{"title":"Dekorative Kieselsteine flach Mosaik schwarz grau","robots":{"index":"index","follow":"follow","max-snippet":"max-snippet:-1","max-image-preview":"max-image-preview:large","max-video-preview":"max-video-preview:-1"},"canonical":"https:\/\/www.eliassen.nl\/de\/dekosteine-flachmosaik-schwarz-grau-20kg\/","og_locale":"de_DE","og_type":"article","og_title":"Sonstige Dekobl\u00f6cke flach Mosaik schwarz-grau 20kg - Eliassen.nl","og_description":"Am besten zum Malen mit sch\u00f6ner flacher Form.","og_url":"https:\/\/www.eliassen.nl\/de\/dekosteine-flachmosaik-schwarz-grau-20kg\/","og_site_name":"Eliassen.nl","article_publisher":"https:\/\/www.facebook.com\/TuincentrumEliassenAmmerzoden","article_modified_time":"2025-12-08T15:47:26+00:00","og_image":[{"width":1974,"height":1295,"url":"https:\/\/www.eliassen.nl\/wp-content\/uploads\/2024\/01\/image6.jpg","type":"image\/jpeg"}],"twitter_card":"summary_large_image","schema":{"@context":"https:\/\/schema.org","@graph":[{"@type":"WebPage","@id":"https:\/\/www.eliassen.nl\/de\/dekosteine-flachmosaik-schwarz-grau-20kg\/","url":"https:\/\/www.eliassen.nl\/de\/dekosteine-flachmosaik-schwarz-grau-20kg\/","name":"Dekorative Kieselsteine flach Mosaik schwarz grau","isPartOf":{"@id":"https:\/\/www.eliassen.nl\/de\/#website"},"primaryImageOfPage":{"@id":"https:\/\/www.eliassen.nl\/de\/dekosteine-flachmosaik-schwarz-grau-20kg\/#primaryimage"},"image":{"@id":"https:\/\/www.eliassen.nl\/de\/dekosteine-flachmosaik-schwarz-grau-20kg\/#primaryimage"},"thumbnailUrl":"https:\/\/www.eliassen.nl\/wp-content\/uploads\/2024\/01\/image6.jpg","datePublished":"2021-05-28T10:58:29+00:00","dateModified":"2025-12-08T15:47:26+00:00","breadcrumb":{"@id":"https:\/\/www.eliassen.nl\/de\/dekosteine-flachmosaik-schwarz-grau-20kg\/#breadcrumb"},"inLanguage":"de","potentialAction":[{"@type":"ReadAction","target":["https:\/\/www.eliassen.nl\/de\/dekosteine-flachmosaik-schwarz-grau-20kg\/"]}]},{"@type":"ImageObject","inLanguage":"de","@id":"https:\/\/www.eliassen.nl\/de\/dekosteine-flachmosaik-schwarz-grau-20kg\/#primaryimage","url":"https:\/\/www.eliassen.nl\/wp-content\/uploads\/2024\/01\/image6.jpg","contentUrl":"https:\/\/www.eliassen.nl\/wp-content\/uploads\/2024\/01\/image6.jpg","width":1974,"height":1295,"caption":"Bild (6)"},{"@type":"BreadcrumbList","@id":"https:\/\/www.eliassen.nl\/de\/dekosteine-flachmosaik-schwarz-grau-20kg\/#breadcrumb","itemListElement":[{"@type":"ListItem","position":1,"name":"Home","item":"https:\/\/www.eliassen.nl\/de\/"},{"@type":"ListItem","position":2,"name":"Shop","item":"https:\/\/www.eliassen.nl\/de\/shop\/"},{"@type":"ListItem","position":3,"name":"Weitere Artikel","item":"https:\/\/www.eliassen.nl\/de\/weitere-artikel\/"},{"@type":"ListItem","position":4,"name":"Edelsteine","item":"https:\/\/www.eliassen.nl\/de\/garten-andere\/edelsteine\/"},{"@type":"ListItem","position":5,"name":"Dekobl\u00f6cke flach Mosaik schwarz-grau 20kg"}]},{"@type":"WebSite","@id":"https:\/\/www.eliassen.nl\/de\/#website","url":"https:\/\/www.eliassen.nl\/de\/","name":"Eliassen Home & Garden Pleasure","description":"","publisher":{"@id":"https:\/\/www.eliassen.nl\/de\/#organization"},"alternateName":"Eliassen.nl","potentialAction":[{"@type":"SearchAction","target":{"@type":"EntryPoint","urlTemplate":"https:\/\/www.eliassen.nl\/de\/?s={search_term_string}"},"query-input":{"@type":"PropertyValueSpecification","valueRequired":true,"valueName":"search_term_string"}}],"inLanguage":"de"},{"@type":["Organization","Place"],"@id":"https:\/\/www.eliassen.nl\/de\/#organization","name":"Eliassen Home & Garden Pleasure","url":"https:\/\/www.eliassen.nl\/de\/","logo":{"@id":"https:\/\/www.eliassen.nl\/de\/dekosteine-flachmosaik-schwarz-grau-20kg\/#local-main-organization-logo"},"image":{"@id":"https:\/\/www.eliassen.nl\/de\/dekosteine-flachmosaik-schwarz-grau-20kg\/#local-main-organization-logo"},"sameAs":["https:\/\/www.facebook.com\/TuincentrumEliassenAmmerzoden","https:\/\/www.instagram.com\/eliassenhomeandgarden\/","https:\/\/nl.pinterest.com\/eliassenhomeandgarden\/","https:\/\/www.youtube.com\/@eliassenhomegardenpleasure4558"],"telephone":[],"openingHoursSpecification":[{"@type":"OpeningHoursSpecification","dayOfWeek":["Monday","Tuesday","Wednesday","Thursday","Friday","Saturday","Sunday"],"opens":"09:00","closes":"17:00"}]},{"@type":"ImageObject","inLanguage":"de","@id":"https:\/\/www.eliassen.nl\/de\/dekosteine-flachmosaik-schwarz-grau-20kg\/#local-main-organization-logo","url":"https:\/\/www.eliassen.nl\/wp-content\/uploads\/2024\/01\/logo_4nd.jpg","contentUrl":"https:\/\/www.eliassen.nl\/wp-content\/uploads\/2024\/01\/logo_4nd.jpg","width":500,"height":500,"caption":"Eliassen Home & Garden Pleasure"}]},"product_price_amount":"16.00","product_price_currency":"EUR","og_availability":"instock","product_availability":"instock","product_retailer_item_id":"Mblgrey","product_condition":"new"},"df_price":16,"df_sale_price":16,"df_regular_price":21.5,"df_image_link":"https:\/\/www.eliassen.nl\/wp-content\/uploads\/2024\/01\/image6.jpg","image":"https:\/\/www.eliassen.nl\/wp-content\/uploads\/2024\/01\/image6.jpg","price_search":"<span class=\"woocommerce-Price-amount amount\"><bdi><span class=\"woocommerce-Price-currencySymbol\">&euro;<\/span>&nbsp;16,00<\/bdi><\/span>","category":"Edelsteine","global_unique_id":"9501188147644","_links":{"self":[{"href":"https:\/\/www.eliassen.nl\/de\/wp-json\/wp\/v2\/product\/51064","targetHints":{"allow":["GET"]}}],"collection":[{"href":"https:\/\/www.eliassen.nl\/de\/wp-json\/wp\/v2\/product"}],"about":[{"href":"https:\/\/www.eliassen.nl\/de\/wp-json\/wp\/v2\/types\/product"}],"wp:featuredmedia":[{"embeddable":true,"href":"https:\/\/www.eliassen.nl\/de\/wp-json\/wp\/v2\/media\/51055"}],"wp:attachment":[{"href":"https:\/\/www.eliassen.nl\/de\/wp-json\/wp\/v2\/media?parent=51064"}],"wp:term":[{"taxonomy":"product_brand","embeddable":true,"href":"https:\/\/www.eliassen.nl\/de\/wp-json\/wp\/v2\/product_brand?post=51064"},{"taxonomy":"product_cat","embeddable":true,"href":"https:\/\/www.eliassen.nl\/de\/wp-json\/wp\/v2\/product_cat?post=51064"},{"taxonomy":"product_tag","embeddable":true,"href":"https:\/\/www.eliassen.nl\/de\/wp-json\/wp\/v2\/product_tag?post=51064"}],"curies":[{"name":"wp","href":"https:\/\/api.w.org\/{rel}","templated":true}]}}