{"id":50848,"date":"2021-05-19T17:40:05","date_gmt":"2021-05-19T17:40:05","guid":{"rendered":"https:\/\/www.eliassen.nl\/?product=vogelbad-met-4-vogeltjes"},"modified":"2025-11-27T14:42:27","modified_gmt":"2025-11-27T13:42:27","slug":"vogelbad-met-4-vogeltjes","status":"publish","type":"product","link":"https:\/\/www.eliassen.nl\/de\/vogelbad-met-4-vogeltjes\/","title":{"rendered":"Vogeltr\u00e4nke mit 4 V\u00f6geln"},"content":{"rendered":"<p>Diese Vogelschale aus Gusseisen hat 4 V\u00f6gel auf dem Rand der Schale.<br \/>Die Schale ist ein Vogelbad\/Trinknapf, kann aber auch als Futternapf verwendet werden.<br \/>Die Farbe ist dunkelbraun mit einigen schwarzen Akzenten.<\/p>\n<p>Abmessungen:<br \/>Der Durchmesser der Schale betr\u00e4gt 27,2 cm (au\u00dfen).<br \/>Die H\u00f6he vom Boden bis zur Oberkante der Schale betr\u00e4gt 56,7 cm<br \/>Au\u00dfenma\u00dfe HxT: 60 x 28,5 cm.<br \/>Gewicht: 4510 gr.<\/p>\n","protected":false},"excerpt":{"rendered":"<p>Diese Vogelschale aus Gusseisen hat 4 V\u00f6gel auf dem Rand der Schale.Die Schale ist ein Vogelbad\/Trinknapf, kann aber auch als Futternapf verwendet werden.Die Farbe ist dunkelbraun mit einigen schwarzen Akzenten. Abmessungen:Der Durchmesser der Schale betr\u00e4gt 27,2 cm (au\u00dfen).Die H\u00f6he vom Boden bis zur Oberkante der Schale betr\u00e4gt 56,7 cmAu\u00dfenma\u00dfe HxT: 60 x 28,5 cm.Gewicht: 4510 &hellip;<\/p>\n","protected":false},"featured_media":50836,"template":"","meta":{"_acf_changed":false,"_genesis_title":"","_genesis_description":""},"product_brand":[7505],"product_cat":[707],"product_tag":[],"class_list":{"0":"post-50848","1":"product","2":"type-product","3":"status-publish","4":"has-post-thumbnail","6":"product_brand-sonstige","7":"product_cat-vogeltraenken","9":"first","10":"instock","11":"taxable","12":"shipping-taxable","13":"purchasable","14":"product-type-simple"},"acf":[],"meta_all":{"total_sales":"4","wcml_sync_hash":{"postmeta_fields":"9682d5ddac845c892c53328431c13620"},"attr_label_translations":[]},"meta_all_flat":{"total_sales":"4","wcml_sync_hash.postmeta_fields":"9682d5ddac845c892c53328431c13620"},"yoast_head":"<!-- This site is optimized with the Yoast SEO Premium plugin v26.2 (Yoast SEO v27.2) - https:\/\/yoast.com\/product\/yoast-seo-premium-wordpress\/ -->\n<title>Vogeltr\u00e4nke mit 4 V\u00f6geln<\/title>\n<meta name=\"robots\" content=\"index, follow, max-snippet:-1, max-image-preview:large, max-video-preview:-1\" \/>\n<link rel=\"canonical\" href=\"https:\/\/www.eliassen.nl\/de\/vogelbad-met-4-vogeltjes\/\" \/>\n<meta property=\"og:locale\" content=\"de_DE\" \/>\n<meta property=\"og:type\" content=\"article\" \/>\n<meta property=\"og:title\" content=\"Sonstige Vogeltr\u00e4nke mit 4 V\u00f6geln - Eliassen.nl\" \/>\n<meta property=\"og:description\" content=\"Diese Vogelschale aus Gusseisen hat 4 V\u00f6gel auf dem Rand der Schale.Die Schale ist ein Vogelbad\/Trinknapf, kann aber auch als Futternapf verwendet werden.Die Farbe ist dunkelbraun mit einigen schwarzen Akzenten. Abmessungen:Der Durchmesser der Schale betr\u00e4gt 27,2 cm (au\u00dfen).Die H\u00f6he vom Boden bis zur Oberkante der Schale betr\u00e4gt 56,7 cmAu\u00dfenma\u00dfe HxT: 60 x 28,5 cm.Gewicht: 4510 &hellip;\" \/>\n<meta property=\"og:url\" content=\"https:\/\/www.eliassen.nl\/de\/vogelbad-met-4-vogeltjes\/\" \/>\n<meta property=\"og:site_name\" content=\"Eliassen.nl\" \/>\n<meta property=\"article:publisher\" content=\"https:\/\/www.facebook.com\/TuincentrumEliassenAmmerzoden\" \/>\n<meta property=\"article:modified_time\" content=\"2025-11-27T13:42:27+00:00\" \/>\n<meta property=\"og:image\" content=\"https:\/\/www.eliassen.nl\/wp-content\/uploads\/2024\/01\/bestforbirdsvogelbadmetvogels819526400x400.jpg\" \/>\n\t<meta property=\"og:image:width\" content=\"400\" \/>\n\t<meta property=\"og:image:height\" content=\"400\" \/>\n\t<meta property=\"og:image:type\" content=\"image\/jpeg\" \/>\n<meta name=\"twitter:card\" content=\"summary_large_image\" \/>\n<script type=\"application\/ld+json\" class=\"yoast-schema-graph\">{\"@context\":\"https:\/\/schema.org\",\"@graph\":[{\"@type\":\"WebPage\",\"@id\":\"https:\/\/www.eliassen.nl\/de\/vogelbad-met-4-vogeltjes\/\",\"url\":\"https:\/\/www.eliassen.nl\/de\/vogelbad-met-4-vogeltjes\/\",\"name\":\"Vogeltr\u00e4nke mit 4 V\u00f6geln\",\"isPartOf\":{\"@id\":\"https:\/\/www.eliassen.nl\/de\/#website\"},\"primaryImageOfPage\":{\"@id\":\"https:\/\/www.eliassen.nl\/de\/vogelbad-met-4-vogeltjes\/#primaryimage\"},\"image\":{\"@id\":\"https:\/\/www.eliassen.nl\/de\/vogelbad-met-4-vogeltjes\/#primaryimage\"},\"thumbnailUrl\":\"https:\/\/www.eliassen.nl\/wp-content\/uploads\/2024\/01\/bestforbirdsvogelbadmetvogels819526400x400.jpg\",\"datePublished\":\"2021-05-19T17:40:05+00:00\",\"dateModified\":\"2025-11-27T13:42:27+00:00\",\"breadcrumb\":{\"@id\":\"https:\/\/www.eliassen.nl\/de\/vogelbad-met-4-vogeltjes\/#breadcrumb\"},\"inLanguage\":\"de\",\"potentialAction\":[{\"@type\":\"ReadAction\",\"target\":[\"https:\/\/www.eliassen.nl\/de\/vogelbad-met-4-vogeltjes\/\"]}]},{\"@type\":\"ImageObject\",\"inLanguage\":\"de\",\"@id\":\"https:\/\/www.eliassen.nl\/de\/vogelbad-met-4-vogeltjes\/#primaryimage\",\"url\":\"https:\/\/www.eliassen.nl\/wp-content\/uploads\/2024\/01\/bestforbirdsvogelbadmetvogels819526400x400.jpg\",\"contentUrl\":\"https:\/\/www.eliassen.nl\/wp-content\/uploads\/2024\/01\/bestforbirdsvogelbadmetvogels819526400x400.jpg\",\"width\":400,\"height\":400,\"caption\":\"best-for-birds-vogelbad-met-vogels-819526-400x400\"},{\"@type\":\"BreadcrumbList\",\"@id\":\"https:\/\/www.eliassen.nl\/de\/vogelbad-met-4-vogeltjes\/#breadcrumb\",\"itemListElement\":[{\"@type\":\"ListItem\",\"position\":1,\"name\":\"Home\",\"item\":\"https:\/\/www.eliassen.nl\/de\/\"},{\"@type\":\"ListItem\",\"position\":2,\"name\":\"Shop\",\"item\":\"https:\/\/www.eliassen.nl\/de\/shop\/\"},{\"@type\":\"ListItem\",\"position\":3,\"name\":\"Vogeltr\u00e4nken\",\"item\":\"https:\/\/www.eliassen.nl\/de\/vogeltraenken\/\"},{\"@type\":\"ListItem\",\"position\":4,\"name\":\"Vogeltr\u00e4nke mit 4 V\u00f6geln\"}]},{\"@type\":\"WebSite\",\"@id\":\"https:\/\/www.eliassen.nl\/de\/#website\",\"url\":\"https:\/\/www.eliassen.nl\/de\/\",\"name\":\"Eliassen Home & Garden Pleasure\",\"description\":\"\",\"publisher\":{\"@id\":\"https:\/\/www.eliassen.nl\/de\/#organization\"},\"alternateName\":\"Eliassen.nl\",\"potentialAction\":[{\"@type\":\"SearchAction\",\"target\":{\"@type\":\"EntryPoint\",\"urlTemplate\":\"https:\/\/www.eliassen.nl\/de\/?s={search_term_string}\"},\"query-input\":{\"@type\":\"PropertyValueSpecification\",\"valueRequired\":true,\"valueName\":\"search_term_string\"}}],\"inLanguage\":\"de\"},{\"@type\":[\"Organization\",\"Place\"],\"@id\":\"https:\/\/www.eliassen.nl\/de\/#organization\",\"name\":\"Eliassen Home & Garden Pleasure\",\"url\":\"https:\/\/www.eliassen.nl\/de\/\",\"logo\":{\"@id\":\"https:\/\/www.eliassen.nl\/de\/vogelbad-met-4-vogeltjes\/#local-main-organization-logo\"},\"image\":{\"@id\":\"https:\/\/www.eliassen.nl\/de\/vogelbad-met-4-vogeltjes\/#local-main-organization-logo\"},\"sameAs\":[\"https:\/\/www.facebook.com\/TuincentrumEliassenAmmerzoden\",\"https:\/\/www.instagram.com\/eliassenhomeandgarden\/\",\"https:\/\/nl.pinterest.com\/eliassenhomeandgarden\/\",\"https:\/\/www.youtube.com\/@eliassenhomegardenpleasure4558\"],\"telephone\":[],\"openingHoursSpecification\":[{\"@type\":\"OpeningHoursSpecification\",\"dayOfWeek\":[\"Monday\",\"Tuesday\",\"Wednesday\",\"Thursday\",\"Friday\",\"Saturday\",\"Sunday\"],\"opens\":\"09:00\",\"closes\":\"17:00\"}]},{\"@type\":\"ImageObject\",\"inLanguage\":\"de\",\"@id\":\"https:\/\/www.eliassen.nl\/de\/vogelbad-met-4-vogeltjes\/#local-main-organization-logo\",\"url\":\"https:\/\/www.eliassen.nl\/wp-content\/uploads\/2024\/01\/logo_4nd.jpg\",\"contentUrl\":\"https:\/\/www.eliassen.nl\/wp-content\/uploads\/2024\/01\/logo_4nd.jpg\",\"width\":500,\"height\":500,\"caption\":\"Eliassen Home & Garden Pleasure\"}]}<\/script>\n<meta property=\"product:price:amount\" content=\"43.50\" \/>\n<meta property=\"product:price:currency\" content=\"EUR\" \/>\n<meta property=\"og:availability\" content=\"instock\" \/>\n<meta property=\"product:availability\" content=\"instock\" \/>\n<meta property=\"product:retailer_item_id\" content=\"Fb91\" \/>\n<meta property=\"product:condition\" content=\"new\" \/>\n<!-- \/ Yoast SEO Premium plugin. -->","yoast_head_json":{"title":"Vogeltr\u00e4nke mit 4 V\u00f6geln","robots":{"index":"index","follow":"follow","max-snippet":"max-snippet:-1","max-image-preview":"max-image-preview:large","max-video-preview":"max-video-preview:-1"},"canonical":"https:\/\/www.eliassen.nl\/de\/vogelbad-met-4-vogeltjes\/","og_locale":"de_DE","og_type":"article","og_title":"Sonstige Vogeltr\u00e4nke mit 4 V\u00f6geln - Eliassen.nl","og_description":"Diese Vogelschale aus Gusseisen hat 4 V\u00f6gel auf dem Rand der Schale.Die Schale ist ein Vogelbad\/Trinknapf, kann aber auch als Futternapf verwendet werden.Die Farbe ist dunkelbraun mit einigen schwarzen Akzenten. Abmessungen:Der Durchmesser der Schale betr\u00e4gt 27,2 cm (au\u00dfen).Die H\u00f6he vom Boden bis zur Oberkante der Schale betr\u00e4gt 56,7 cmAu\u00dfenma\u00dfe HxT: 60 x 28,5 cm.Gewicht: 4510 &hellip;","og_url":"https:\/\/www.eliassen.nl\/de\/vogelbad-met-4-vogeltjes\/","og_site_name":"Eliassen.nl","article_publisher":"https:\/\/www.facebook.com\/TuincentrumEliassenAmmerzoden","article_modified_time":"2025-11-27T13:42:27+00:00","og_image":[{"width":400,"height":400,"url":"https:\/\/www.eliassen.nl\/wp-content\/uploads\/2024\/01\/bestforbirdsvogelbadmetvogels819526400x400.jpg","type":"image\/jpeg"}],"twitter_card":"summary_large_image","schema":{"@context":"https:\/\/schema.org","@graph":[{"@type":"WebPage","@id":"https:\/\/www.eliassen.nl\/de\/vogelbad-met-4-vogeltjes\/","url":"https:\/\/www.eliassen.nl\/de\/vogelbad-met-4-vogeltjes\/","name":"Vogeltr\u00e4nke mit 4 V\u00f6geln","isPartOf":{"@id":"https:\/\/www.eliassen.nl\/de\/#website"},"primaryImageOfPage":{"@id":"https:\/\/www.eliassen.nl\/de\/vogelbad-met-4-vogeltjes\/#primaryimage"},"image":{"@id":"https:\/\/www.eliassen.nl\/de\/vogelbad-met-4-vogeltjes\/#primaryimage"},"thumbnailUrl":"https:\/\/www.eliassen.nl\/wp-content\/uploads\/2024\/01\/bestforbirdsvogelbadmetvogels819526400x400.jpg","datePublished":"2021-05-19T17:40:05+00:00","dateModified":"2025-11-27T13:42:27+00:00","breadcrumb":{"@id":"https:\/\/www.eliassen.nl\/de\/vogelbad-met-4-vogeltjes\/#breadcrumb"},"inLanguage":"de","potentialAction":[{"@type":"ReadAction","target":["https:\/\/www.eliassen.nl\/de\/vogelbad-met-4-vogeltjes\/"]}]},{"@type":"ImageObject","inLanguage":"de","@id":"https:\/\/www.eliassen.nl\/de\/vogelbad-met-4-vogeltjes\/#primaryimage","url":"https:\/\/www.eliassen.nl\/wp-content\/uploads\/2024\/01\/bestforbirdsvogelbadmetvogels819526400x400.jpg","contentUrl":"https:\/\/www.eliassen.nl\/wp-content\/uploads\/2024\/01\/bestforbirdsvogelbadmetvogels819526400x400.jpg","width":400,"height":400,"caption":"best-for-birds-vogelbad-met-vogels-819526-400x400"},{"@type":"BreadcrumbList","@id":"https:\/\/www.eliassen.nl\/de\/vogelbad-met-4-vogeltjes\/#breadcrumb","itemListElement":[{"@type":"ListItem","position":1,"name":"Home","item":"https:\/\/www.eliassen.nl\/de\/"},{"@type":"ListItem","position":2,"name":"Shop","item":"https:\/\/www.eliassen.nl\/de\/shop\/"},{"@type":"ListItem","position":3,"name":"Vogeltr\u00e4nken","item":"https:\/\/www.eliassen.nl\/de\/vogeltraenken\/"},{"@type":"ListItem","position":4,"name":"Vogeltr\u00e4nke mit 4 V\u00f6geln"}]},{"@type":"WebSite","@id":"https:\/\/www.eliassen.nl\/de\/#website","url":"https:\/\/www.eliassen.nl\/de\/","name":"Eliassen Home & Garden Pleasure","description":"","publisher":{"@id":"https:\/\/www.eliassen.nl\/de\/#organization"},"alternateName":"Eliassen.nl","potentialAction":[{"@type":"SearchAction","target":{"@type":"EntryPoint","urlTemplate":"https:\/\/www.eliassen.nl\/de\/?s={search_term_string}"},"query-input":{"@type":"PropertyValueSpecification","valueRequired":true,"valueName":"search_term_string"}}],"inLanguage":"de"},{"@type":["Organization","Place"],"@id":"https:\/\/www.eliassen.nl\/de\/#organization","name":"Eliassen Home & Garden Pleasure","url":"https:\/\/www.eliassen.nl\/de\/","logo":{"@id":"https:\/\/www.eliassen.nl\/de\/vogelbad-met-4-vogeltjes\/#local-main-organization-logo"},"image":{"@id":"https:\/\/www.eliassen.nl\/de\/vogelbad-met-4-vogeltjes\/#local-main-organization-logo"},"sameAs":["https:\/\/www.facebook.com\/TuincentrumEliassenAmmerzoden","https:\/\/www.instagram.com\/eliassenhomeandgarden\/","https:\/\/nl.pinterest.com\/eliassenhomeandgarden\/","https:\/\/www.youtube.com\/@eliassenhomegardenpleasure4558"],"telephone":[],"openingHoursSpecification":[{"@type":"OpeningHoursSpecification","dayOfWeek":["Monday","Tuesday","Wednesday","Thursday","Friday","Saturday","Sunday"],"opens":"09:00","closes":"17:00"}]},{"@type":"ImageObject","inLanguage":"de","@id":"https:\/\/www.eliassen.nl\/de\/vogelbad-met-4-vogeltjes\/#local-main-organization-logo","url":"https:\/\/www.eliassen.nl\/wp-content\/uploads\/2024\/01\/logo_4nd.jpg","contentUrl":"https:\/\/www.eliassen.nl\/wp-content\/uploads\/2024\/01\/logo_4nd.jpg","width":500,"height":500,"caption":"Eliassen Home & Garden Pleasure"}]},"product_price_amount":"43.50","product_price_currency":"EUR","og_availability":"instock","product_availability":"instock","product_retailer_item_id":"Fb91","product_condition":"new"},"df_price":43.5,"df_sale_price":"","df_regular_price":43.5,"df_image_link":"https:\/\/www.eliassen.nl\/wp-content\/uploads\/2024\/01\/bestforbirdsvogelbadmetvogels819526400x400.jpg","image":"https:\/\/www.eliassen.nl\/wp-content\/uploads\/2024\/01\/bestforbirdsvogelbadmetvogels819526400x400.jpg","price_search":"<span class=\"woocommerce-Price-amount amount\"><bdi><span class=\"woocommerce-Price-currencySymbol\">&euro;<\/span>&nbsp;43,50<\/bdi><\/span>","category":"Vogeltr\u00e4nken","global_unique_id":"8714982013027","_links":{"self":[{"href":"https:\/\/www.eliassen.nl\/de\/wp-json\/wp\/v2\/product\/50848","targetHints":{"allow":["GET"]}}],"collection":[{"href":"https:\/\/www.eliassen.nl\/de\/wp-json\/wp\/v2\/product"}],"about":[{"href":"https:\/\/www.eliassen.nl\/de\/wp-json\/wp\/v2\/types\/product"}],"wp:featuredmedia":[{"embeddable":true,"href":"https:\/\/www.eliassen.nl\/de\/wp-json\/wp\/v2\/media\/50836"}],"wp:attachment":[{"href":"https:\/\/www.eliassen.nl\/de\/wp-json\/wp\/v2\/media?parent=50848"}],"wp:term":[{"taxonomy":"product_brand","embeddable":true,"href":"https:\/\/www.eliassen.nl\/de\/wp-json\/wp\/v2\/product_brand?post=50848"},{"taxonomy":"product_cat","embeddable":true,"href":"https:\/\/www.eliassen.nl\/de\/wp-json\/wp\/v2\/product_cat?post=50848"},{"taxonomy":"product_tag","embeddable":true,"href":"https:\/\/www.eliassen.nl\/de\/wp-json\/wp\/v2\/product_tag?post=50848"}],"curies":[{"name":"wp","href":"https:\/\/api.w.org\/{rel}","templated":true}]}}