{"id":5068,"date":"2019-10-28T15:50:45","date_gmt":"2019-10-28T15:50:45","guid":{"rendered":"https:\/\/www.eliassen.nl\/?product=yogabild-entspannen-sich-80cm-copy"},"modified":"2026-02-21T15:23:21","modified_gmt":"2026-02-21T14:23:21","slug":"statue-familie-60cm","status":"publish","type":"product","link":"https:\/\/www.eliassen.nl\/de\/statue-familie-60cm\/","title":{"rendered":"Statue Familie 60cm"},"content":{"rendered":"<p>Diese au\u00dfergew\u00f6hnlich sch\u00f6ne Statue einer figurativ gestalteten Familie kann als Gartenstatue verwendet werden, ist aber sicherlich auch in jedem Haus oder Geb\u00e4ude sch\u00f6n.<br \/>\nDie Statue ist aus Steinguss mit einer schwarz-ockerfarbenen Patina gefertigt und wiegt 50 kg.<br \/>\nDie Gr\u00f6\u00dfe dieser Statue betr\u00e4gt 60 cm.<\/p>\n<ul>\n<li>H\u00f6henmessung: 61cm<\/li>\n<li>Opp Gr\u00f6\u00dfe: 34x35cm<\/li>\n<li>Hochwertiger Kunststein<\/li>\n<li>Handgemacht<\/li>\n<li>Schnelle Lieferung<\/li>\n<li><strong>Vieles aus dieser Serie ist auch in unserem Gesch\u00e4ft zu sehen<\/strong><\/li>\n<\/ul>\n","protected":false},"excerpt":{"rendered":"<p>Diese au\u00dfergew\u00f6hnlich sch\u00f6ne Statue einer figurativ gestalteten Familie kann als Gartenstatue verwendet werden, ist aber sicherlich auch in jedem Haus oder Geb\u00e4ude sch\u00f6n. Die Statue ist aus Steinguss mit einer schwarz-ockerfarbenen Patina gefertigt und wiegt 50 kg. Die Gr\u00f6\u00dfe dieser Statue betr\u00e4gt 60 cm. H\u00f6henmessung: 61cm Opp Gr\u00f6\u00dfe: 34x35cm Hochwertiger Kunststein Handgemacht Schnelle Lieferung Vieles &hellip;<\/p>\n","protected":false},"featured_media":5059,"template":"","meta":{"_acf_changed":false,"_genesis_title":"","_genesis_description":""},"product_brand":[7505],"product_cat":[704,677,7239],"product_tag":[],"class_list":{"0":"post-5068","1":"product","2":"type-product","3":"status-publish","4":"has-post-thumbnail","6":"product_brand-sonstige","7":"product_cat-andere-modelle-gartenstatuen","8":"product_cat-betonstatuen","9":"product_cat-bilder","11":"first","12":"instock","13":"taxable","14":"shipping-taxable","15":"purchasable","16":"product-type-simple"},"acf":[],"meta_all":{"total_sales":"0","wcml_sync_hash":{"postmeta_fields":"76dada0a9704e6bb529e7889549d9c53"},"attr_label_translations":[],"cor_restricted_countries":[]},"meta_all_flat":{"total_sales":"0","wcml_sync_hash.postmeta_fields":"76dada0a9704e6bb529e7889549d9c53"},"yoast_head":"<!-- This site is optimized with the Yoast SEO Premium plugin v26.2 (Yoast SEO v27.2) - https:\/\/yoast.com\/product\/yoast-seo-premium-wordpress\/ -->\n<title>Statue Familie 60cm | Eliassen<\/title>\n<meta name=\"description\" content=\"Bei Eliassen k\u00f6nnen Sie Statue Family 60cm online kaufen oder live im Ausstellungsraum betrachten. Wir haben die sch\u00f6nsten Steinstatuen, andere Modelle von Gartenstatuen\" \/>\n<meta name=\"robots\" content=\"index, follow, max-snippet:-1, max-image-preview:large, max-video-preview:-1\" \/>\n<link rel=\"canonical\" href=\"https:\/\/www.eliassen.nl\/de\/statue-familie-60cm\/\" \/>\n<meta property=\"og:locale\" content=\"de_DE\" \/>\n<meta property=\"og:type\" content=\"article\" \/>\n<meta property=\"og:title\" content=\"Sonstige Statue Familie 60cm - Eliassen.nl\" \/>\n<meta property=\"og:description\" content=\"Bei Eliassen k\u00f6nnen Sie Statue Family 60cm online kaufen oder live im Ausstellungsraum betrachten. Wir haben die sch\u00f6nsten Steinstatuen, andere Modelle von Gartenstatuen\" \/>\n<meta property=\"og:url\" content=\"https:\/\/www.eliassen.nl\/de\/statue-familie-60cm\/\" \/>\n<meta property=\"og:site_name\" content=\"Eliassen.nl\" \/>\n<meta property=\"article:publisher\" content=\"https:\/\/www.facebook.com\/TuincentrumEliassenAmmerzoden\" \/>\n<meta property=\"article:modified_time\" content=\"2026-02-21T14:23:21+00:00\" \/>\n<meta property=\"og:image\" content=\"https:\/\/www.eliassen.nl\/wp-content\/uploads\/2024\/01\/mijnproject44.png\" \/>\n\t<meta property=\"og:image:width\" content=\"750\" \/>\n\t<meta property=\"og:image:height\" content=\"1000\" \/>\n\t<meta property=\"og:image:type\" content=\"image\/png\" \/>\n<meta name=\"twitter:card\" content=\"summary_large_image\" \/>\n<script type=\"application\/ld+json\" class=\"yoast-schema-graph\">{\"@context\":\"https:\/\/schema.org\",\"@graph\":[{\"@type\":\"WebPage\",\"@id\":\"https:\/\/www.eliassen.nl\/de\/statue-familie-60cm\/\",\"url\":\"https:\/\/www.eliassen.nl\/de\/statue-familie-60cm\/\",\"name\":\"Statue Familie 60cm | Eliassen\",\"isPartOf\":{\"@id\":\"https:\/\/www.eliassen.nl\/de\/#website\"},\"primaryImageOfPage\":{\"@id\":\"https:\/\/www.eliassen.nl\/de\/statue-familie-60cm\/#primaryimage\"},\"image\":{\"@id\":\"https:\/\/www.eliassen.nl\/de\/statue-familie-60cm\/#primaryimage\"},\"thumbnailUrl\":\"https:\/\/www.eliassen.nl\/wp-content\/uploads\/2024\/01\/mijnproject44.png\",\"datePublished\":\"2019-10-28T15:50:45+00:00\",\"dateModified\":\"2026-02-21T14:23:21+00:00\",\"description\":\"Bei Eliassen k\u00f6nnen Sie Statue Family 60cm online kaufen oder live im Ausstellungsraum betrachten. Wir haben die sch\u00f6nsten Steinstatuen, andere Modelle von Gartenstatuen\",\"breadcrumb\":{\"@id\":\"https:\/\/www.eliassen.nl\/de\/statue-familie-60cm\/#breadcrumb\"},\"inLanguage\":\"de\",\"potentialAction\":[{\"@type\":\"ReadAction\",\"target\":[\"https:\/\/www.eliassen.nl\/de\/statue-familie-60cm\/\"]}]},{\"@type\":\"ImageObject\",\"inLanguage\":\"de\",\"@id\":\"https:\/\/www.eliassen.nl\/de\/statue-familie-60cm\/#primaryimage\",\"url\":\"https:\/\/www.eliassen.nl\/wp-content\/uploads\/2024\/01\/mijnproject44.png\",\"contentUrl\":\"https:\/\/www.eliassen.nl\/wp-content\/uploads\/2024\/01\/mijnproject44.png\",\"width\":750,\"height\":1000,\"caption\":\"Mein Projekt (44)\"},{\"@type\":\"BreadcrumbList\",\"@id\":\"https:\/\/www.eliassen.nl\/de\/statue-familie-60cm\/#breadcrumb\",\"itemListElement\":[{\"@type\":\"ListItem\",\"position\":1,\"name\":\"Home\",\"item\":\"https:\/\/www.eliassen.nl\/de\/\"},{\"@type\":\"ListItem\",\"position\":2,\"name\":\"Shop\",\"item\":\"https:\/\/www.eliassen.nl\/de\/shop\/\"},{\"@type\":\"ListItem\",\"position\":3,\"name\":\"Bilder\",\"item\":\"https:\/\/www.eliassen.nl\/de\/bilder\/\"},{\"@type\":\"ListItem\",\"position\":4,\"name\":\"Betonstatuen\",\"item\":\"https:\/\/www.eliassen.nl\/de\/bilder\/betonstatuen\/\"},{\"@type\":\"ListItem\",\"position\":5,\"name\":\"Andere Modelle Gartenstatuen\",\"item\":\"https:\/\/www.eliassen.nl\/de\/bilder\/betonstatuen\/andere-modelle-gartenstatuen\/\"},{\"@type\":\"ListItem\",\"position\":6,\"name\":\"Statue Familie 60cm\"}]},{\"@type\":\"WebSite\",\"@id\":\"https:\/\/www.eliassen.nl\/de\/#website\",\"url\":\"https:\/\/www.eliassen.nl\/de\/\",\"name\":\"Eliassen Home & Garden Pleasure\",\"description\":\"\",\"publisher\":{\"@id\":\"https:\/\/www.eliassen.nl\/de\/#organization\"},\"alternateName\":\"Eliassen.nl\",\"potentialAction\":[{\"@type\":\"SearchAction\",\"target\":{\"@type\":\"EntryPoint\",\"urlTemplate\":\"https:\/\/www.eliassen.nl\/de\/?s={search_term_string}\"},\"query-input\":{\"@type\":\"PropertyValueSpecification\",\"valueRequired\":true,\"valueName\":\"search_term_string\"}}],\"inLanguage\":\"de\"},{\"@type\":[\"Organization\",\"Place\"],\"@id\":\"https:\/\/www.eliassen.nl\/de\/#organization\",\"name\":\"Eliassen Home & Garden Pleasure\",\"url\":\"https:\/\/www.eliassen.nl\/de\/\",\"logo\":{\"@id\":\"https:\/\/www.eliassen.nl\/de\/statue-familie-60cm\/#local-main-organization-logo\"},\"image\":{\"@id\":\"https:\/\/www.eliassen.nl\/de\/statue-familie-60cm\/#local-main-organization-logo\"},\"sameAs\":[\"https:\/\/www.facebook.com\/TuincentrumEliassenAmmerzoden\",\"https:\/\/www.instagram.com\/eliassenhomeandgarden\/\",\"https:\/\/nl.pinterest.com\/eliassenhomeandgarden\/\",\"https:\/\/www.youtube.com\/@eliassenhomegardenpleasure4558\"],\"telephone\":[],\"openingHoursSpecification\":[{\"@type\":\"OpeningHoursSpecification\",\"dayOfWeek\":[\"Monday\",\"Tuesday\",\"Wednesday\",\"Thursday\",\"Friday\",\"Saturday\",\"Sunday\"],\"opens\":\"09:00\",\"closes\":\"17:00\"}]},{\"@type\":\"ImageObject\",\"inLanguage\":\"de\",\"@id\":\"https:\/\/www.eliassen.nl\/de\/statue-familie-60cm\/#local-main-organization-logo\",\"url\":\"https:\/\/www.eliassen.nl\/wp-content\/uploads\/2024\/01\/logo_4nd.jpg\",\"contentUrl\":\"https:\/\/www.eliassen.nl\/wp-content\/uploads\/2024\/01\/logo_4nd.jpg\",\"width\":500,\"height\":500,\"caption\":\"Eliassen Home & Garden Pleasure\"}]}<\/script>\n<meta property=\"product:price:amount\" content=\"159.00\" \/>\n<meta property=\"product:price:currency\" content=\"EUR\" \/>\n<meta property=\"og:availability\" content=\"instock\" \/>\n<meta property=\"product:availability\" content=\"instock\" \/>\n<meta property=\"product:retailer_item_id\" content=\"Brbf60\" \/>\n<meta property=\"product:condition\" content=\"new\" \/>\n<!-- \/ Yoast SEO Premium plugin. -->","yoast_head_json":{"title":"Statue Familie 60cm | Eliassen","description":"Bei Eliassen k\u00f6nnen Sie Statue Family 60cm online kaufen oder live im Ausstellungsraum betrachten. Wir haben die sch\u00f6nsten Steinstatuen, andere Modelle von Gartenstatuen","robots":{"index":"index","follow":"follow","max-snippet":"max-snippet:-1","max-image-preview":"max-image-preview:large","max-video-preview":"max-video-preview:-1"},"canonical":"https:\/\/www.eliassen.nl\/de\/statue-familie-60cm\/","og_locale":"de_DE","og_type":"article","og_title":"Sonstige Statue Familie 60cm - Eliassen.nl","og_description":"Bei Eliassen k\u00f6nnen Sie Statue Family 60cm online kaufen oder live im Ausstellungsraum betrachten. Wir haben die sch\u00f6nsten Steinstatuen, andere Modelle von Gartenstatuen","og_url":"https:\/\/www.eliassen.nl\/de\/statue-familie-60cm\/","og_site_name":"Eliassen.nl","article_publisher":"https:\/\/www.facebook.com\/TuincentrumEliassenAmmerzoden","article_modified_time":"2026-02-21T14:23:21+00:00","og_image":[{"width":750,"height":1000,"url":"https:\/\/www.eliassen.nl\/wp-content\/uploads\/2024\/01\/mijnproject44.png","type":"image\/png"}],"twitter_card":"summary_large_image","schema":{"@context":"https:\/\/schema.org","@graph":[{"@type":"WebPage","@id":"https:\/\/www.eliassen.nl\/de\/statue-familie-60cm\/","url":"https:\/\/www.eliassen.nl\/de\/statue-familie-60cm\/","name":"Statue Familie 60cm | Eliassen","isPartOf":{"@id":"https:\/\/www.eliassen.nl\/de\/#website"},"primaryImageOfPage":{"@id":"https:\/\/www.eliassen.nl\/de\/statue-familie-60cm\/#primaryimage"},"image":{"@id":"https:\/\/www.eliassen.nl\/de\/statue-familie-60cm\/#primaryimage"},"thumbnailUrl":"https:\/\/www.eliassen.nl\/wp-content\/uploads\/2024\/01\/mijnproject44.png","datePublished":"2019-10-28T15:50:45+00:00","dateModified":"2026-02-21T14:23:21+00:00","description":"Bei Eliassen k\u00f6nnen Sie Statue Family 60cm online kaufen oder live im Ausstellungsraum betrachten. Wir haben die sch\u00f6nsten Steinstatuen, andere Modelle von Gartenstatuen","breadcrumb":{"@id":"https:\/\/www.eliassen.nl\/de\/statue-familie-60cm\/#breadcrumb"},"inLanguage":"de","potentialAction":[{"@type":"ReadAction","target":["https:\/\/www.eliassen.nl\/de\/statue-familie-60cm\/"]}]},{"@type":"ImageObject","inLanguage":"de","@id":"https:\/\/www.eliassen.nl\/de\/statue-familie-60cm\/#primaryimage","url":"https:\/\/www.eliassen.nl\/wp-content\/uploads\/2024\/01\/mijnproject44.png","contentUrl":"https:\/\/www.eliassen.nl\/wp-content\/uploads\/2024\/01\/mijnproject44.png","width":750,"height":1000,"caption":"Mein Projekt (44)"},{"@type":"BreadcrumbList","@id":"https:\/\/www.eliassen.nl\/de\/statue-familie-60cm\/#breadcrumb","itemListElement":[{"@type":"ListItem","position":1,"name":"Home","item":"https:\/\/www.eliassen.nl\/de\/"},{"@type":"ListItem","position":2,"name":"Shop","item":"https:\/\/www.eliassen.nl\/de\/shop\/"},{"@type":"ListItem","position":3,"name":"Bilder","item":"https:\/\/www.eliassen.nl\/de\/bilder\/"},{"@type":"ListItem","position":4,"name":"Betonstatuen","item":"https:\/\/www.eliassen.nl\/de\/bilder\/betonstatuen\/"},{"@type":"ListItem","position":5,"name":"Andere Modelle Gartenstatuen","item":"https:\/\/www.eliassen.nl\/de\/bilder\/betonstatuen\/andere-modelle-gartenstatuen\/"},{"@type":"ListItem","position":6,"name":"Statue Familie 60cm"}]},{"@type":"WebSite","@id":"https:\/\/www.eliassen.nl\/de\/#website","url":"https:\/\/www.eliassen.nl\/de\/","name":"Eliassen Home & Garden Pleasure","description":"","publisher":{"@id":"https:\/\/www.eliassen.nl\/de\/#organization"},"alternateName":"Eliassen.nl","potentialAction":[{"@type":"SearchAction","target":{"@type":"EntryPoint","urlTemplate":"https:\/\/www.eliassen.nl\/de\/?s={search_term_string}"},"query-input":{"@type":"PropertyValueSpecification","valueRequired":true,"valueName":"search_term_string"}}],"inLanguage":"de"},{"@type":["Organization","Place"],"@id":"https:\/\/www.eliassen.nl\/de\/#organization","name":"Eliassen Home & Garden Pleasure","url":"https:\/\/www.eliassen.nl\/de\/","logo":{"@id":"https:\/\/www.eliassen.nl\/de\/statue-familie-60cm\/#local-main-organization-logo"},"image":{"@id":"https:\/\/www.eliassen.nl\/de\/statue-familie-60cm\/#local-main-organization-logo"},"sameAs":["https:\/\/www.facebook.com\/TuincentrumEliassenAmmerzoden","https:\/\/www.instagram.com\/eliassenhomeandgarden\/","https:\/\/nl.pinterest.com\/eliassenhomeandgarden\/","https:\/\/www.youtube.com\/@eliassenhomegardenpleasure4558"],"telephone":[],"openingHoursSpecification":[{"@type":"OpeningHoursSpecification","dayOfWeek":["Monday","Tuesday","Wednesday","Thursday","Friday","Saturday","Sunday"],"opens":"09:00","closes":"17:00"}]},{"@type":"ImageObject","inLanguage":"de","@id":"https:\/\/www.eliassen.nl\/de\/statue-familie-60cm\/#local-main-organization-logo","url":"https:\/\/www.eliassen.nl\/wp-content\/uploads\/2024\/01\/logo_4nd.jpg","contentUrl":"https:\/\/www.eliassen.nl\/wp-content\/uploads\/2024\/01\/logo_4nd.jpg","width":500,"height":500,"caption":"Eliassen Home & Garden Pleasure"}]},"product_price_amount":"159.00","product_price_currency":"EUR","og_availability":"instock","product_availability":"instock","product_retailer_item_id":"Brbf60","product_condition":"new"},"df_price":159,"df_sale_price":"","df_regular_price":159,"df_image_link":"https:\/\/www.eliassen.nl\/wp-content\/uploads\/2024\/01\/mijnproject44.png","image":"https:\/\/www.eliassen.nl\/wp-content\/uploads\/2024\/01\/mijnproject44.png","price_search":"<span class=\"woocommerce-Price-amount amount\"><bdi><span class=\"woocommerce-Price-currencySymbol\">&euro;<\/span>&nbsp;159,00<\/bdi><\/span>","category":"Andere Modelle Gartenstatuen","global_unique_id":"6013800241249","_links":{"self":[{"href":"https:\/\/www.eliassen.nl\/de\/wp-json\/wp\/v2\/product\/5068","targetHints":{"allow":["GET"]}}],"collection":[{"href":"https:\/\/www.eliassen.nl\/de\/wp-json\/wp\/v2\/product"}],"about":[{"href":"https:\/\/www.eliassen.nl\/de\/wp-json\/wp\/v2\/types\/product"}],"wp:featuredmedia":[{"embeddable":true,"href":"https:\/\/www.eliassen.nl\/de\/wp-json\/wp\/v2\/media\/5059"}],"wp:attachment":[{"href":"https:\/\/www.eliassen.nl\/de\/wp-json\/wp\/v2\/media?parent=5068"}],"wp:term":[{"taxonomy":"product_brand","embeddable":true,"href":"https:\/\/www.eliassen.nl\/de\/wp-json\/wp\/v2\/product_brand?post=5068"},{"taxonomy":"product_cat","embeddable":true,"href":"https:\/\/www.eliassen.nl\/de\/wp-json\/wp\/v2\/product_cat?post=5068"},{"taxonomy":"product_tag","embeddable":true,"href":"https:\/\/www.eliassen.nl\/de\/wp-json\/wp\/v2\/product_tag?post=5068"}],"curies":[{"name":"wp","href":"https:\/\/api.w.org\/{rel}","templated":true}]}}