{"id":4582,"date":"2019-10-28T15:46:36","date_gmt":"2019-10-28T15:46:36","guid":{"rendered":"https:\/\/www.eliassen.nl\/?product=angel-bild-eloa-gross"},"modified":"2026-01-16T13:11:38","modified_gmt":"2026-01-16T12:11:38","slug":"weibliche-engelsstatue-mit-flugeln-eloa","status":"publish","type":"product","link":"https:\/\/www.eliassen.nl\/de\/weibliche-engelsstatue-mit-flugeln-eloa\/","title":{"rendered":"Weiblicher Engel Statue mit Fl\u00fcgeln Eloa 170cm"},"content":{"rendered":"<p>Eine gro\u00dfe und einzigartige Skulptur einer sitzenden weiblichen Engelsstatue mit ausgebreiteten Fl\u00fcgeln. Hergestellt aus bestem Kunststein. Gr\u00f6\u00dfe: 170cm hoch.<\/p>\n<ul>\n<li>Massiver Kunststein<\/li>\n<li>Gr\u00f6\u00dfe 85cm breit und 168cm hoch<\/li>\n<li>260kg<\/li>\n<li>2 Jahre Garantie<\/li>\n<li>Wir sind bestrebt, dieses Produkt auch immer in unserem Ausstellungsraum zu haben, damit Sie dieses Modell auch live sehen k\u00f6nnen. Rufen Sie uns an oder mailen Sie uns, wenn Sie kommen m\u00f6chten, um Missverst\u00e4ndnisse zu vermeiden.<\/li>\n<\/ul>\n","protected":false},"excerpt":{"rendered":"<p>Eine gro\u00dfe und einzigartige Skulptur einer sitzenden weiblichen Engelsstatue mit ausgebreiteten Fl\u00fcgeln. Hergestellt aus bestem Kunststein. Gr\u00f6\u00dfe: 170cm hoch. Massiver Kunststein Gr\u00f6\u00dfe 85cm breit und 168cm hoch 260kg 2 Jahre Garantie Wir sind bestrebt, dieses Produkt auch immer in unserem Ausstellungsraum zu haben, damit Sie dieses Modell auch live sehen k\u00f6nnen. Rufen Sie uns an &hellip;<\/p>\n","protected":false},"featured_media":4567,"template":"","meta":{"_acf_changed":false,"_genesis_title":"","_genesis_description":""},"product_brand":[6956],"product_cat":[677,695,7239],"product_tag":[],"class_list":{"0":"post-4582","1":"product","2":"type-product","3":"status-publish","4":"has-post-thumbnail","6":"product_brand-vidroflor-de","7":"product_cat-betonstatuen","8":"product_cat-engels-und-marienstatuen","9":"product_cat-bilder","11":"first","12":"instock","13":"taxable","14":"shipping-taxable","15":"purchasable","16":"product-type-simple"},"acf":[],"meta_all":{"total_sales":"0","wcml_sync_hash":{"postmeta_fields":"672a71912560daf5571c1c73bec3eb78"},"attr_label_translations":[],"cor_restricted_countries":[]},"meta_all_flat":{"total_sales":"0","wcml_sync_hash.postmeta_fields":"672a71912560daf5571c1c73bec3eb78"},"yoast_head":"<!-- This site is optimized with the Yoast SEO Premium plugin v26.2 (Yoast SEO v27.2) - https:\/\/yoast.com\/product\/yoast-seo-premium-wordpress\/ -->\n<title>Weibliche Engelsstatue mit Fl\u00fcgeln Eloa | 170cm | Eliassen.nl<\/title>\n<meta name=\"description\" content=\"Weibliche Engelsstatue mit Fl\u00fcgeln Eloa aus bestem Steinguss. \u221a Gr\u00f6\u00dfe 170cm. \u221a Farbe: Nat\u00fcrlich \u221a 10 Jahre Garantie!\" \/>\n<meta name=\"robots\" content=\"index, follow, max-snippet:-1, max-image-preview:large, max-video-preview:-1\" \/>\n<link rel=\"canonical\" href=\"https:\/\/www.eliassen.nl\/de\/weibliche-engelsstatue-mit-flugeln-eloa\/\" \/>\n<meta property=\"og:locale\" content=\"de_DE\" \/>\n<meta property=\"og:type\" content=\"article\" \/>\n<meta property=\"og:title\" content=\"vidroflor Weiblicher Engel Statue mit Fl\u00fcgeln Eloa 170cm - Eliassen.nl\" \/>\n<meta property=\"og:description\" content=\"Weibliche Engelsstatue mit Fl\u00fcgeln Eloa aus bestem Steinguss. \u221a Gr\u00f6\u00dfe 170cm. \u221a Farbe: Nat\u00fcrlich \u221a 10 Jahre Garantie!\" \/>\n<meta property=\"og:url\" content=\"https:\/\/www.eliassen.nl\/de\/weibliche-engelsstatue-mit-flugeln-eloa\/\" \/>\n<meta property=\"og:site_name\" content=\"Eliassen.nl\" \/>\n<meta property=\"article:publisher\" content=\"https:\/\/www.facebook.com\/TuincentrumEliassenAmmerzoden\" \/>\n<meta property=\"article:modified_time\" content=\"2026-01-16T12:11:38+00:00\" \/>\n<meta property=\"og:image\" content=\"https:\/\/www.eliassen.nl\/wp-content\/uploads\/2024\/01\/vrouwelijkeengelbeeldmetvleugelseloa.jpg\" \/>\n\t<meta property=\"og:image:width\" content=\"265\" \/>\n\t<meta property=\"og:image:height\" content=\"320\" \/>\n\t<meta property=\"og:image:type\" content=\"image\/jpeg\" \/>\n<meta name=\"twitter:card\" content=\"summary_large_image\" \/>\n<script type=\"application\/ld+json\" class=\"yoast-schema-graph\">{\"@context\":\"https:\/\/schema.org\",\"@graph\":[{\"@type\":\"WebPage\",\"@id\":\"https:\/\/www.eliassen.nl\/de\/weibliche-engelsstatue-mit-flugeln-eloa\/\",\"url\":\"https:\/\/www.eliassen.nl\/de\/weibliche-engelsstatue-mit-flugeln-eloa\/\",\"name\":\"Weibliche Engelsstatue mit Fl\u00fcgeln Eloa | 170cm | Eliassen.nl\",\"isPartOf\":{\"@id\":\"https:\/\/www.eliassen.nl\/de\/#website\"},\"primaryImageOfPage\":{\"@id\":\"https:\/\/www.eliassen.nl\/de\/weibliche-engelsstatue-mit-flugeln-eloa\/#primaryimage\"},\"image\":{\"@id\":\"https:\/\/www.eliassen.nl\/de\/weibliche-engelsstatue-mit-flugeln-eloa\/#primaryimage\"},\"thumbnailUrl\":\"https:\/\/www.eliassen.nl\/wp-content\/uploads\/2024\/01\/vrouwelijkeengelbeeldmetvleugelseloa.jpg\",\"datePublished\":\"2019-10-28T15:46:36+00:00\",\"dateModified\":\"2026-01-16T12:11:38+00:00\",\"description\":\"Weibliche Engelsstatue mit Fl\u00fcgeln Eloa aus bestem Steinguss. \u221a Gr\u00f6\u00dfe 170cm. \u221a Farbe: Nat\u00fcrlich \u221a 10 Jahre Garantie!\",\"breadcrumb\":{\"@id\":\"https:\/\/www.eliassen.nl\/de\/weibliche-engelsstatue-mit-flugeln-eloa\/#breadcrumb\"},\"inLanguage\":\"de\",\"potentialAction\":[{\"@type\":\"ReadAction\",\"target\":[\"https:\/\/www.eliassen.nl\/de\/weibliche-engelsstatue-mit-flugeln-eloa\/\"]}]},{\"@type\":\"ImageObject\",\"inLanguage\":\"de\",\"@id\":\"https:\/\/www.eliassen.nl\/de\/weibliche-engelsstatue-mit-flugeln-eloa\/#primaryimage\",\"url\":\"https:\/\/www.eliassen.nl\/wp-content\/uploads\/2024\/01\/vrouwelijkeengelbeeldmetvleugelseloa.jpg\",\"contentUrl\":\"https:\/\/www.eliassen.nl\/wp-content\/uploads\/2024\/01\/vrouwelijkeengelbeeldmetvleugelseloa.jpg\",\"width\":265,\"height\":320,\"caption\":\"Weiblicher Engel Statue mit Fl\u00fcgeln Eloa\"},{\"@type\":\"BreadcrumbList\",\"@id\":\"https:\/\/www.eliassen.nl\/de\/weibliche-engelsstatue-mit-flugeln-eloa\/#breadcrumb\",\"itemListElement\":[{\"@type\":\"ListItem\",\"position\":1,\"name\":\"Home\",\"item\":\"https:\/\/www.eliassen.nl\/de\/\"},{\"@type\":\"ListItem\",\"position\":2,\"name\":\"Shop\",\"item\":\"https:\/\/www.eliassen.nl\/de\/shop\/\"},{\"@type\":\"ListItem\",\"position\":3,\"name\":\"Bilder\",\"item\":\"https:\/\/www.eliassen.nl\/de\/bilder\/\"},{\"@type\":\"ListItem\",\"position\":4,\"name\":\"Betonstatuen\",\"item\":\"https:\/\/www.eliassen.nl\/de\/bilder\/betonstatuen\/\"},{\"@type\":\"ListItem\",\"position\":5,\"name\":\"Engels- und Marienstatuen\",\"item\":\"https:\/\/www.eliassen.nl\/de\/bilder\/betonstatuen\/engels-und-marienstatuen\/\"},{\"@type\":\"ListItem\",\"position\":6,\"name\":\"Weiblicher Engel Statue mit Fl\u00fcgeln Eloa 170cm\"}]},{\"@type\":\"WebSite\",\"@id\":\"https:\/\/www.eliassen.nl\/de\/#website\",\"url\":\"https:\/\/www.eliassen.nl\/de\/\",\"name\":\"Eliassen Home & Garden Pleasure\",\"description\":\"\",\"publisher\":{\"@id\":\"https:\/\/www.eliassen.nl\/de\/#organization\"},\"alternateName\":\"Eliassen.nl\",\"potentialAction\":[{\"@type\":\"SearchAction\",\"target\":{\"@type\":\"EntryPoint\",\"urlTemplate\":\"https:\/\/www.eliassen.nl\/de\/?s={search_term_string}\"},\"query-input\":{\"@type\":\"PropertyValueSpecification\",\"valueRequired\":true,\"valueName\":\"search_term_string\"}}],\"inLanguage\":\"de\"},{\"@type\":[\"Organization\",\"Place\"],\"@id\":\"https:\/\/www.eliassen.nl\/de\/#organization\",\"name\":\"Eliassen Home & Garden Pleasure\",\"url\":\"https:\/\/www.eliassen.nl\/de\/\",\"logo\":{\"@id\":\"https:\/\/www.eliassen.nl\/de\/weibliche-engelsstatue-mit-flugeln-eloa\/#local-main-organization-logo\"},\"image\":{\"@id\":\"https:\/\/www.eliassen.nl\/de\/weibliche-engelsstatue-mit-flugeln-eloa\/#local-main-organization-logo\"},\"sameAs\":[\"https:\/\/www.facebook.com\/TuincentrumEliassenAmmerzoden\",\"https:\/\/www.instagram.com\/eliassenhomeandgarden\/\",\"https:\/\/nl.pinterest.com\/eliassenhomeandgarden\/\",\"https:\/\/www.youtube.com\/@eliassenhomegardenpleasure4558\"],\"telephone\":[],\"openingHoursSpecification\":[{\"@type\":\"OpeningHoursSpecification\",\"dayOfWeek\":[\"Monday\",\"Tuesday\",\"Wednesday\",\"Thursday\",\"Friday\",\"Saturday\",\"Sunday\"],\"opens\":\"09:00\",\"closes\":\"17:00\"}]},{\"@type\":\"ImageObject\",\"inLanguage\":\"de\",\"@id\":\"https:\/\/www.eliassen.nl\/de\/weibliche-engelsstatue-mit-flugeln-eloa\/#local-main-organization-logo\",\"url\":\"https:\/\/www.eliassen.nl\/wp-content\/uploads\/2024\/01\/logo_4nd.jpg\",\"contentUrl\":\"https:\/\/www.eliassen.nl\/wp-content\/uploads\/2024\/01\/logo_4nd.jpg\",\"width\":500,\"height\":500,\"caption\":\"Eliassen Home & Garden Pleasure\"}]}<\/script>\n<meta property=\"product:price:amount\" content=\"1450.00\" \/>\n<meta property=\"product:price:currency\" content=\"EUR\" \/>\n<meta property=\"og:availability\" content=\"instock\" \/>\n<meta property=\"product:availability\" content=\"instock\" \/>\n<meta property=\"product:retailer_item_id\" content=\"116300\" \/>\n<meta property=\"product:condition\" content=\"new\" \/>\n<!-- \/ Yoast SEO Premium plugin. -->","yoast_head_json":{"title":"Weibliche Engelsstatue mit Fl\u00fcgeln Eloa | 170cm | Eliassen.nl","description":"Weibliche Engelsstatue mit Fl\u00fcgeln Eloa aus bestem Steinguss. \u221a Gr\u00f6\u00dfe 170cm. \u221a Farbe: Nat\u00fcrlich \u221a 10 Jahre Garantie!","robots":{"index":"index","follow":"follow","max-snippet":"max-snippet:-1","max-image-preview":"max-image-preview:large","max-video-preview":"max-video-preview:-1"},"canonical":"https:\/\/www.eliassen.nl\/de\/weibliche-engelsstatue-mit-flugeln-eloa\/","og_locale":"de_DE","og_type":"article","og_title":"vidroflor Weiblicher Engel Statue mit Fl\u00fcgeln Eloa 170cm - Eliassen.nl","og_description":"Weibliche Engelsstatue mit Fl\u00fcgeln Eloa aus bestem Steinguss. \u221a Gr\u00f6\u00dfe 170cm. \u221a Farbe: Nat\u00fcrlich \u221a 10 Jahre Garantie!","og_url":"https:\/\/www.eliassen.nl\/de\/weibliche-engelsstatue-mit-flugeln-eloa\/","og_site_name":"Eliassen.nl","article_publisher":"https:\/\/www.facebook.com\/TuincentrumEliassenAmmerzoden","article_modified_time":"2026-01-16T12:11:38+00:00","og_image":[{"width":265,"height":320,"url":"https:\/\/www.eliassen.nl\/wp-content\/uploads\/2024\/01\/vrouwelijkeengelbeeldmetvleugelseloa.jpg","type":"image\/jpeg"}],"twitter_card":"summary_large_image","schema":{"@context":"https:\/\/schema.org","@graph":[{"@type":"WebPage","@id":"https:\/\/www.eliassen.nl\/de\/weibliche-engelsstatue-mit-flugeln-eloa\/","url":"https:\/\/www.eliassen.nl\/de\/weibliche-engelsstatue-mit-flugeln-eloa\/","name":"Weibliche Engelsstatue mit Fl\u00fcgeln Eloa | 170cm | Eliassen.nl","isPartOf":{"@id":"https:\/\/www.eliassen.nl\/de\/#website"},"primaryImageOfPage":{"@id":"https:\/\/www.eliassen.nl\/de\/weibliche-engelsstatue-mit-flugeln-eloa\/#primaryimage"},"image":{"@id":"https:\/\/www.eliassen.nl\/de\/weibliche-engelsstatue-mit-flugeln-eloa\/#primaryimage"},"thumbnailUrl":"https:\/\/www.eliassen.nl\/wp-content\/uploads\/2024\/01\/vrouwelijkeengelbeeldmetvleugelseloa.jpg","datePublished":"2019-10-28T15:46:36+00:00","dateModified":"2026-01-16T12:11:38+00:00","description":"Weibliche Engelsstatue mit Fl\u00fcgeln Eloa aus bestem Steinguss. \u221a Gr\u00f6\u00dfe 170cm. \u221a Farbe: Nat\u00fcrlich \u221a 10 Jahre Garantie!","breadcrumb":{"@id":"https:\/\/www.eliassen.nl\/de\/weibliche-engelsstatue-mit-flugeln-eloa\/#breadcrumb"},"inLanguage":"de","potentialAction":[{"@type":"ReadAction","target":["https:\/\/www.eliassen.nl\/de\/weibliche-engelsstatue-mit-flugeln-eloa\/"]}]},{"@type":"ImageObject","inLanguage":"de","@id":"https:\/\/www.eliassen.nl\/de\/weibliche-engelsstatue-mit-flugeln-eloa\/#primaryimage","url":"https:\/\/www.eliassen.nl\/wp-content\/uploads\/2024\/01\/vrouwelijkeengelbeeldmetvleugelseloa.jpg","contentUrl":"https:\/\/www.eliassen.nl\/wp-content\/uploads\/2024\/01\/vrouwelijkeengelbeeldmetvleugelseloa.jpg","width":265,"height":320,"caption":"Weiblicher Engel Statue mit Fl\u00fcgeln Eloa"},{"@type":"BreadcrumbList","@id":"https:\/\/www.eliassen.nl\/de\/weibliche-engelsstatue-mit-flugeln-eloa\/#breadcrumb","itemListElement":[{"@type":"ListItem","position":1,"name":"Home","item":"https:\/\/www.eliassen.nl\/de\/"},{"@type":"ListItem","position":2,"name":"Shop","item":"https:\/\/www.eliassen.nl\/de\/shop\/"},{"@type":"ListItem","position":3,"name":"Bilder","item":"https:\/\/www.eliassen.nl\/de\/bilder\/"},{"@type":"ListItem","position":4,"name":"Betonstatuen","item":"https:\/\/www.eliassen.nl\/de\/bilder\/betonstatuen\/"},{"@type":"ListItem","position":5,"name":"Engels- und Marienstatuen","item":"https:\/\/www.eliassen.nl\/de\/bilder\/betonstatuen\/engels-und-marienstatuen\/"},{"@type":"ListItem","position":6,"name":"Weiblicher Engel Statue mit Fl\u00fcgeln Eloa 170cm"}]},{"@type":"WebSite","@id":"https:\/\/www.eliassen.nl\/de\/#website","url":"https:\/\/www.eliassen.nl\/de\/","name":"Eliassen Home & Garden Pleasure","description":"","publisher":{"@id":"https:\/\/www.eliassen.nl\/de\/#organization"},"alternateName":"Eliassen.nl","potentialAction":[{"@type":"SearchAction","target":{"@type":"EntryPoint","urlTemplate":"https:\/\/www.eliassen.nl\/de\/?s={search_term_string}"},"query-input":{"@type":"PropertyValueSpecification","valueRequired":true,"valueName":"search_term_string"}}],"inLanguage":"de"},{"@type":["Organization","Place"],"@id":"https:\/\/www.eliassen.nl\/de\/#organization","name":"Eliassen Home & Garden Pleasure","url":"https:\/\/www.eliassen.nl\/de\/","logo":{"@id":"https:\/\/www.eliassen.nl\/de\/weibliche-engelsstatue-mit-flugeln-eloa\/#local-main-organization-logo"},"image":{"@id":"https:\/\/www.eliassen.nl\/de\/weibliche-engelsstatue-mit-flugeln-eloa\/#local-main-organization-logo"},"sameAs":["https:\/\/www.facebook.com\/TuincentrumEliassenAmmerzoden","https:\/\/www.instagram.com\/eliassenhomeandgarden\/","https:\/\/nl.pinterest.com\/eliassenhomeandgarden\/","https:\/\/www.youtube.com\/@eliassenhomegardenpleasure4558"],"telephone":[],"openingHoursSpecification":[{"@type":"OpeningHoursSpecification","dayOfWeek":["Monday","Tuesday","Wednesday","Thursday","Friday","Saturday","Sunday"],"opens":"09:00","closes":"17:00"}]},{"@type":"ImageObject","inLanguage":"de","@id":"https:\/\/www.eliassen.nl\/de\/weibliche-engelsstatue-mit-flugeln-eloa\/#local-main-organization-logo","url":"https:\/\/www.eliassen.nl\/wp-content\/uploads\/2024\/01\/logo_4nd.jpg","contentUrl":"https:\/\/www.eliassen.nl\/wp-content\/uploads\/2024\/01\/logo_4nd.jpg","width":500,"height":500,"caption":"Eliassen Home & Garden Pleasure"}]},"product_price_amount":"1450.00","product_price_currency":"EUR","og_availability":"instock","product_availability":"instock","product_retailer_item_id":"116300","product_condition":"new"},"df_price":1450,"df_sale_price":"","df_regular_price":1450,"df_image_link":"https:\/\/www.eliassen.nl\/wp-content\/uploads\/2024\/01\/vrouwelijkeengelbeeldmetvleugelseloa.jpg","image":"https:\/\/www.eliassen.nl\/wp-content\/uploads\/2024\/01\/vrouwelijkeengelbeeldmetvleugelseloa.jpg","price_search":"<span class=\"woocommerce-Price-amount amount\"><bdi><span class=\"woocommerce-Price-currencySymbol\">&euro;<\/span>&nbsp;1.450,00<\/bdi><\/span>","category":"Betonstatuen","global_unique_id":"7438235696621","_links":{"self":[{"href":"https:\/\/www.eliassen.nl\/de\/wp-json\/wp\/v2\/product\/4582","targetHints":{"allow":["GET"]}}],"collection":[{"href":"https:\/\/www.eliassen.nl\/de\/wp-json\/wp\/v2\/product"}],"about":[{"href":"https:\/\/www.eliassen.nl\/de\/wp-json\/wp\/v2\/types\/product"}],"wp:featuredmedia":[{"embeddable":true,"href":"https:\/\/www.eliassen.nl\/de\/wp-json\/wp\/v2\/media\/4567"}],"wp:attachment":[{"href":"https:\/\/www.eliassen.nl\/de\/wp-json\/wp\/v2\/media?parent=4582"}],"wp:term":[{"taxonomy":"product_brand","embeddable":true,"href":"https:\/\/www.eliassen.nl\/de\/wp-json\/wp\/v2\/product_brand?post=4582"},{"taxonomy":"product_cat","embeddable":true,"href":"https:\/\/www.eliassen.nl\/de\/wp-json\/wp\/v2\/product_cat?post=4582"},{"taxonomy":"product_tag","embeddable":true,"href":"https:\/\/www.eliassen.nl\/de\/wp-json\/wp\/v2\/product_tag?post=4582"}],"curies":[{"name":"wp","href":"https:\/\/api.w.org\/{rel}","templated":true}]}}