{"id":4537,"date":"2019-10-28T15:45:45","date_gmt":"2019-10-28T15:45:45","guid":{"rendered":"https:\/\/www.eliassen.nl\/?product=3d-malerei-metall-80x80cm-brown-cafe-copy"},"modified":"2026-01-07T12:01:18","modified_gmt":"2026-01-07T11:01:18","slug":"3d-malerei-metall-harley-davidson-80x60cm","status":"publish","type":"product","link":"https:\/\/www.eliassen.nl\/de\/3d-malerei-metall-harley-davidson-80x60cm\/","title":{"rendered":"3D Malerei Metall Harley Davidson 80x60cm"},"content":{"rendered":"<p>Das 3-D-Gem\u00e4lde, das eine Harley Davidson darstellt, ist vollst\u00e4ndig von Hand aus Eisen gefertigt, einschlie\u00dflich des Hintergrunds. Besondere Tiefenwirkung, da die Figur weiter als der Hintergrund herausragt.<br \/>\nEine sch\u00f6ne Wanddekoration f\u00fcr Ihr Zuhause oder drau\u00dfen unter einer Veranda.<\/p>\n<p>Da es handgefertigt ist, kann das tats\u00e4chliche Design leicht vom Foto abweichen. Besuchen Sie unseren Shop und sehen Sie sich diese Serie an. Wir haben fast die gesamte Kollektion dieser Serie auf Lager, die die gr\u00f6\u00dfte in den Niederlanden ist !!!<\/p>\n<ul>\n<li>  Gr\u00f6\u00dfe 80 x 60cm<\/li>\n<li>  Einfach mit 2 Schrauben aufzuh\u00e4ngen<\/li>\n<li> Schnelle Lieferung<\/li>\n<li>  Gr\u00f6\u00dfte Sammlung in den Benelux-L\u00e4ndern, auch f\u00fcr Live-Viewing verf\u00fcgbar<\/li>\n<\/ul>\n<div><\/div>\n","protected":false},"excerpt":{"rendered":"<p>3D Malerei<\/p>\n","protected":false},"featured_media":4534,"template":"","meta":{"_acf_changed":false,"_genesis_title":"","_genesis_description":""},"product_brand":[7505],"product_cat":[419,440,410],"product_tag":[],"class_list":{"0":"post-4537","1":"product","2":"type-product","3":"status-publish","4":"has-post-thumbnail","6":"product_brand-sonstige","7":"product_cat-3d-gemaelde-aus-metall","8":"product_cat-andere-groessen-3d-gemaelde-aus-metall","9":"product_cat-gemaelde","11":"first","12":"instock","13":"taxable","14":"shipping-taxable","15":"purchasable","16":"product-type-simple"},"acf":[],"meta_all":{"total_sales":"0","wcml_sync_hash":{"postmeta_fields":"6a28187d2ae98bb6dd7380c7e04474b8"},"attr_label_translations":[],"cor_restricted_countries":[]},"meta_all_flat":{"total_sales":"0","wcml_sync_hash.postmeta_fields":"6a28187d2ae98bb6dd7380c7e04474b8"},"yoast_head":"<!-- This site is optimized with the Yoast SEO Premium plugin v26.2 (Yoast SEO v27.2) - https:\/\/yoast.com\/product\/yoast-seo-premium-wordpress\/ -->\n<title>3D-Malerei Metall Harley Davidson | 80x60cm | Eliassen.nl<\/title>\n<meta name=\"description\" content=\"Malerei kaufen Harley Davidson? Sehen Sie sich dieses farbenfrohe Gem\u00e4lde als sch\u00f6ne Wanddekoration f\u00fcr Ihr Zuhause oder Ihr B\u00fcro an. Sehen Sie auch LIVE!\" \/>\n<meta name=\"robots\" content=\"index, follow, max-snippet:-1, max-image-preview:large, max-video-preview:-1\" \/>\n<link rel=\"canonical\" href=\"https:\/\/www.eliassen.nl\/de\/3d-malerei-metall-harley-davidson-80x60cm\/\" \/>\n<meta property=\"og:locale\" content=\"de_DE\" \/>\n<meta property=\"og:type\" content=\"article\" \/>\n<meta property=\"og:title\" content=\"Sonstige 3D Malerei Metall Harley Davidson 80x60cm - Eliassen.nl\" \/>\n<meta property=\"og:description\" content=\"Malerei kaufen Harley Davidson? Sehen Sie sich dieses farbenfrohe Gem\u00e4lde als sch\u00f6ne Wanddekoration f\u00fcr Ihr Zuhause oder Ihr B\u00fcro an. Sehen Sie auch LIVE!\" \/>\n<meta property=\"og:url\" content=\"https:\/\/www.eliassen.nl\/de\/3d-malerei-metall-harley-davidson-80x60cm\/\" \/>\n<meta property=\"og:site_name\" content=\"Eliassen.nl\" \/>\n<meta property=\"article:publisher\" content=\"https:\/\/www.facebook.com\/TuincentrumEliassenAmmerzoden\" \/>\n<meta property=\"article:modified_time\" content=\"2026-01-07T11:01:18+00:00\" \/>\n<meta property=\"og:image\" content=\"https:\/\/www.eliassen.nl\/wp-content\/uploads\/2024\/01\/3dschilderijmetaalharleydavidson80x60cmeli.jpg\" \/>\n\t<meta property=\"og:image:width\" content=\"1024\" \/>\n\t<meta property=\"og:image:height\" content=\"769\" \/>\n\t<meta property=\"og:image:type\" content=\"image\/jpeg\" \/>\n<meta name=\"twitter:card\" content=\"summary_large_image\" \/>\n<script type=\"application\/ld+json\" class=\"yoast-schema-graph\">{\"@context\":\"https:\/\/schema.org\",\"@graph\":[{\"@type\":\"WebPage\",\"@id\":\"https:\/\/www.eliassen.nl\/de\/3d-malerei-metall-harley-davidson-80x60cm\/\",\"url\":\"https:\/\/www.eliassen.nl\/de\/3d-malerei-metall-harley-davidson-80x60cm\/\",\"name\":\"3D-Malerei Metall Harley Davidson | 80x60cm | Eliassen.nl\",\"isPartOf\":{\"@id\":\"https:\/\/www.eliassen.nl\/de\/#website\"},\"primaryImageOfPage\":{\"@id\":\"https:\/\/www.eliassen.nl\/de\/3d-malerei-metall-harley-davidson-80x60cm\/#primaryimage\"},\"image\":{\"@id\":\"https:\/\/www.eliassen.nl\/de\/3d-malerei-metall-harley-davidson-80x60cm\/#primaryimage\"},\"thumbnailUrl\":\"https:\/\/www.eliassen.nl\/wp-content\/uploads\/2024\/01\/3dschilderijmetaalharleydavidson80x60cmeli.jpg\",\"datePublished\":\"2019-10-28T15:45:45+00:00\",\"dateModified\":\"2026-01-07T11:01:18+00:00\",\"description\":\"Malerei kaufen Harley Davidson? Sehen Sie sich dieses farbenfrohe Gem\u00e4lde als sch\u00f6ne Wanddekoration f\u00fcr Ihr Zuhause oder Ihr B\u00fcro an. Sehen Sie auch LIVE!\",\"breadcrumb\":{\"@id\":\"https:\/\/www.eliassen.nl\/de\/3d-malerei-metall-harley-davidson-80x60cm\/#breadcrumb\"},\"inLanguage\":\"de\",\"potentialAction\":[{\"@type\":\"ReadAction\",\"target\":[\"https:\/\/www.eliassen.nl\/de\/3d-malerei-metall-harley-davidson-80x60cm\/\"]}]},{\"@type\":\"ImageObject\",\"inLanguage\":\"de\",\"@id\":\"https:\/\/www.eliassen.nl\/de\/3d-malerei-metall-harley-davidson-80x60cm\/#primaryimage\",\"url\":\"https:\/\/www.eliassen.nl\/wp-content\/uploads\/2024\/01\/3dschilderijmetaalharleydavidson80x60cmeli.jpg\",\"contentUrl\":\"https:\/\/www.eliassen.nl\/wp-content\/uploads\/2024\/01\/3dschilderijmetaalharleydavidson80x60cmeli.jpg\",\"width\":1024,\"height\":769,\"caption\":\"3D Malerei Metall Harley Davidson 80x60cm - Eliassen.nl\"},{\"@type\":\"BreadcrumbList\",\"@id\":\"https:\/\/www.eliassen.nl\/de\/3d-malerei-metall-harley-davidson-80x60cm\/#breadcrumb\",\"itemListElement\":[{\"@type\":\"ListItem\",\"position\":1,\"name\":\"Home\",\"item\":\"https:\/\/www.eliassen.nl\/de\/\"},{\"@type\":\"ListItem\",\"position\":2,\"name\":\"Shop\",\"item\":\"https:\/\/www.eliassen.nl\/de\/shop\/\"},{\"@type\":\"ListItem\",\"position\":3,\"name\":\"Gem\u00e4lde\",\"item\":\"https:\/\/www.eliassen.nl\/de\/gemaelde\/\"},{\"@type\":\"ListItem\",\"position\":4,\"name\":\"3D Gem\u00e4lde aus Metall\",\"item\":\"https:\/\/www.eliassen.nl\/de\/gemaelde\/3d-gemaelde-aus-metall\/\"},{\"@type\":\"ListItem\",\"position\":5,\"name\":\"Andere Gr\u00f6\u00dfen 3D-Gem\u00e4lde aus Metall\",\"item\":\"https:\/\/www.eliassen.nl\/de\/gemaelde\/3d-gemaelde-aus-metall\/andere-groessen-3d-gemaelde-aus-metall\/\"},{\"@type\":\"ListItem\",\"position\":6,\"name\":\"3D Malerei Metall Harley Davidson 80x60cm\"}]},{\"@type\":\"WebSite\",\"@id\":\"https:\/\/www.eliassen.nl\/de\/#website\",\"url\":\"https:\/\/www.eliassen.nl\/de\/\",\"name\":\"Eliassen Home & Garden Pleasure\",\"description\":\"\",\"publisher\":{\"@id\":\"https:\/\/www.eliassen.nl\/de\/#organization\"},\"alternateName\":\"Eliassen.nl\",\"potentialAction\":[{\"@type\":\"SearchAction\",\"target\":{\"@type\":\"EntryPoint\",\"urlTemplate\":\"https:\/\/www.eliassen.nl\/de\/?s={search_term_string}\"},\"query-input\":{\"@type\":\"PropertyValueSpecification\",\"valueRequired\":true,\"valueName\":\"search_term_string\"}}],\"inLanguage\":\"de\"},{\"@type\":[\"Organization\",\"Place\"],\"@id\":\"https:\/\/www.eliassen.nl\/de\/#organization\",\"name\":\"Eliassen Home & Garden Pleasure\",\"url\":\"https:\/\/www.eliassen.nl\/de\/\",\"logo\":{\"@id\":\"https:\/\/www.eliassen.nl\/de\/3d-malerei-metall-harley-davidson-80x60cm\/#local-main-organization-logo\"},\"image\":{\"@id\":\"https:\/\/www.eliassen.nl\/de\/3d-malerei-metall-harley-davidson-80x60cm\/#local-main-organization-logo\"},\"sameAs\":[\"https:\/\/www.facebook.com\/TuincentrumEliassenAmmerzoden\",\"https:\/\/www.instagram.com\/eliassenhomeandgarden\/\",\"https:\/\/nl.pinterest.com\/eliassenhomeandgarden\/\",\"https:\/\/www.youtube.com\/@eliassenhomegardenpleasure4558\"],\"telephone\":[],\"openingHoursSpecification\":[{\"@type\":\"OpeningHoursSpecification\",\"dayOfWeek\":[\"Monday\",\"Tuesday\",\"Wednesday\",\"Thursday\",\"Friday\",\"Saturday\",\"Sunday\"],\"opens\":\"09:00\",\"closes\":\"17:00\"}]},{\"@type\":\"ImageObject\",\"inLanguage\":\"de\",\"@id\":\"https:\/\/www.eliassen.nl\/de\/3d-malerei-metall-harley-davidson-80x60cm\/#local-main-organization-logo\",\"url\":\"https:\/\/www.eliassen.nl\/wp-content\/uploads\/2024\/01\/logo_4nd.jpg\",\"contentUrl\":\"https:\/\/www.eliassen.nl\/wp-content\/uploads\/2024\/01\/logo_4nd.jpg\",\"width\":500,\"height\":500,\"caption\":\"Eliassen Home & Garden Pleasure\"}]}<\/script>\n<meta property=\"product:price:amount\" content=\"139.00\" \/>\n<meta property=\"product:price:currency\" content=\"EUR\" \/>\n<meta property=\"og:availability\" content=\"instock\" \/>\n<meta property=\"product:availability\" content=\"instock\" \/>\n<meta property=\"product:retailer_item_id\" content=\"T1305\" \/>\n<meta property=\"product:condition\" content=\"new\" \/>\n<!-- \/ Yoast SEO Premium plugin. -->","yoast_head_json":{"title":"3D-Malerei Metall Harley Davidson | 80x60cm | Eliassen.nl","description":"Malerei kaufen Harley Davidson? Sehen Sie sich dieses farbenfrohe Gem\u00e4lde als sch\u00f6ne Wanddekoration f\u00fcr Ihr Zuhause oder Ihr B\u00fcro an. Sehen Sie auch LIVE!","robots":{"index":"index","follow":"follow","max-snippet":"max-snippet:-1","max-image-preview":"max-image-preview:large","max-video-preview":"max-video-preview:-1"},"canonical":"https:\/\/www.eliassen.nl\/de\/3d-malerei-metall-harley-davidson-80x60cm\/","og_locale":"de_DE","og_type":"article","og_title":"Sonstige 3D Malerei Metall Harley Davidson 80x60cm - Eliassen.nl","og_description":"Malerei kaufen Harley Davidson? Sehen Sie sich dieses farbenfrohe Gem\u00e4lde als sch\u00f6ne Wanddekoration f\u00fcr Ihr Zuhause oder Ihr B\u00fcro an. Sehen Sie auch LIVE!","og_url":"https:\/\/www.eliassen.nl\/de\/3d-malerei-metall-harley-davidson-80x60cm\/","og_site_name":"Eliassen.nl","article_publisher":"https:\/\/www.facebook.com\/TuincentrumEliassenAmmerzoden","article_modified_time":"2026-01-07T11:01:18+00:00","og_image":[{"width":1024,"height":769,"url":"https:\/\/www.eliassen.nl\/wp-content\/uploads\/2024\/01\/3dschilderijmetaalharleydavidson80x60cmeli.jpg","type":"image\/jpeg"}],"twitter_card":"summary_large_image","schema":{"@context":"https:\/\/schema.org","@graph":[{"@type":"WebPage","@id":"https:\/\/www.eliassen.nl\/de\/3d-malerei-metall-harley-davidson-80x60cm\/","url":"https:\/\/www.eliassen.nl\/de\/3d-malerei-metall-harley-davidson-80x60cm\/","name":"3D-Malerei Metall Harley Davidson | 80x60cm | Eliassen.nl","isPartOf":{"@id":"https:\/\/www.eliassen.nl\/de\/#website"},"primaryImageOfPage":{"@id":"https:\/\/www.eliassen.nl\/de\/3d-malerei-metall-harley-davidson-80x60cm\/#primaryimage"},"image":{"@id":"https:\/\/www.eliassen.nl\/de\/3d-malerei-metall-harley-davidson-80x60cm\/#primaryimage"},"thumbnailUrl":"https:\/\/www.eliassen.nl\/wp-content\/uploads\/2024\/01\/3dschilderijmetaalharleydavidson80x60cmeli.jpg","datePublished":"2019-10-28T15:45:45+00:00","dateModified":"2026-01-07T11:01:18+00:00","description":"Malerei kaufen Harley Davidson? Sehen Sie sich dieses farbenfrohe Gem\u00e4lde als sch\u00f6ne Wanddekoration f\u00fcr Ihr Zuhause oder Ihr B\u00fcro an. Sehen Sie auch LIVE!","breadcrumb":{"@id":"https:\/\/www.eliassen.nl\/de\/3d-malerei-metall-harley-davidson-80x60cm\/#breadcrumb"},"inLanguage":"de","potentialAction":[{"@type":"ReadAction","target":["https:\/\/www.eliassen.nl\/de\/3d-malerei-metall-harley-davidson-80x60cm\/"]}]},{"@type":"ImageObject","inLanguage":"de","@id":"https:\/\/www.eliassen.nl\/de\/3d-malerei-metall-harley-davidson-80x60cm\/#primaryimage","url":"https:\/\/www.eliassen.nl\/wp-content\/uploads\/2024\/01\/3dschilderijmetaalharleydavidson80x60cmeli.jpg","contentUrl":"https:\/\/www.eliassen.nl\/wp-content\/uploads\/2024\/01\/3dschilderijmetaalharleydavidson80x60cmeli.jpg","width":1024,"height":769,"caption":"3D Malerei Metall Harley Davidson 80x60cm - Eliassen.nl"},{"@type":"BreadcrumbList","@id":"https:\/\/www.eliassen.nl\/de\/3d-malerei-metall-harley-davidson-80x60cm\/#breadcrumb","itemListElement":[{"@type":"ListItem","position":1,"name":"Home","item":"https:\/\/www.eliassen.nl\/de\/"},{"@type":"ListItem","position":2,"name":"Shop","item":"https:\/\/www.eliassen.nl\/de\/shop\/"},{"@type":"ListItem","position":3,"name":"Gem\u00e4lde","item":"https:\/\/www.eliassen.nl\/de\/gemaelde\/"},{"@type":"ListItem","position":4,"name":"3D Gem\u00e4lde aus Metall","item":"https:\/\/www.eliassen.nl\/de\/gemaelde\/3d-gemaelde-aus-metall\/"},{"@type":"ListItem","position":5,"name":"Andere Gr\u00f6\u00dfen 3D-Gem\u00e4lde aus Metall","item":"https:\/\/www.eliassen.nl\/de\/gemaelde\/3d-gemaelde-aus-metall\/andere-groessen-3d-gemaelde-aus-metall\/"},{"@type":"ListItem","position":6,"name":"3D Malerei Metall Harley Davidson 80x60cm"}]},{"@type":"WebSite","@id":"https:\/\/www.eliassen.nl\/de\/#website","url":"https:\/\/www.eliassen.nl\/de\/","name":"Eliassen Home & Garden Pleasure","description":"","publisher":{"@id":"https:\/\/www.eliassen.nl\/de\/#organization"},"alternateName":"Eliassen.nl","potentialAction":[{"@type":"SearchAction","target":{"@type":"EntryPoint","urlTemplate":"https:\/\/www.eliassen.nl\/de\/?s={search_term_string}"},"query-input":{"@type":"PropertyValueSpecification","valueRequired":true,"valueName":"search_term_string"}}],"inLanguage":"de"},{"@type":["Organization","Place"],"@id":"https:\/\/www.eliassen.nl\/de\/#organization","name":"Eliassen Home & Garden Pleasure","url":"https:\/\/www.eliassen.nl\/de\/","logo":{"@id":"https:\/\/www.eliassen.nl\/de\/3d-malerei-metall-harley-davidson-80x60cm\/#local-main-organization-logo"},"image":{"@id":"https:\/\/www.eliassen.nl\/de\/3d-malerei-metall-harley-davidson-80x60cm\/#local-main-organization-logo"},"sameAs":["https:\/\/www.facebook.com\/TuincentrumEliassenAmmerzoden","https:\/\/www.instagram.com\/eliassenhomeandgarden\/","https:\/\/nl.pinterest.com\/eliassenhomeandgarden\/","https:\/\/www.youtube.com\/@eliassenhomegardenpleasure4558"],"telephone":[],"openingHoursSpecification":[{"@type":"OpeningHoursSpecification","dayOfWeek":["Monday","Tuesday","Wednesday","Thursday","Friday","Saturday","Sunday"],"opens":"09:00","closes":"17:00"}]},{"@type":"ImageObject","inLanguage":"de","@id":"https:\/\/www.eliassen.nl\/de\/3d-malerei-metall-harley-davidson-80x60cm\/#local-main-organization-logo","url":"https:\/\/www.eliassen.nl\/wp-content\/uploads\/2024\/01\/logo_4nd.jpg","contentUrl":"https:\/\/www.eliassen.nl\/wp-content\/uploads\/2024\/01\/logo_4nd.jpg","width":500,"height":500,"caption":"Eliassen Home & Garden Pleasure"}]},"product_price_amount":"139.00","product_price_currency":"EUR","og_availability":"instock","product_availability":"instock","product_retailer_item_id":"T1305","product_condition":"new"},"df_price":139,"df_sale_price":"","df_regular_price":139,"df_image_link":"https:\/\/www.eliassen.nl\/wp-content\/uploads\/2024\/01\/3dschilderijmetaalharleydavidson80x60cmeli.jpg","image":"https:\/\/www.eliassen.nl\/wp-content\/uploads\/2024\/01\/3dschilderijmetaalharleydavidson80x60cmeli.jpg","price_search":"<span class=\"woocommerce-Price-amount amount\"><bdi><span class=\"woocommerce-Price-currencySymbol\">&euro;<\/span>&nbsp;139,00<\/bdi><\/span>","category":"3D Gem\u00e4lde aus Metall","global_unique_id":"5410807013052","_links":{"self":[{"href":"https:\/\/www.eliassen.nl\/de\/wp-json\/wp\/v2\/product\/4537","targetHints":{"allow":["GET"]}}],"collection":[{"href":"https:\/\/www.eliassen.nl\/de\/wp-json\/wp\/v2\/product"}],"about":[{"href":"https:\/\/www.eliassen.nl\/de\/wp-json\/wp\/v2\/types\/product"}],"wp:featuredmedia":[{"embeddable":true,"href":"https:\/\/www.eliassen.nl\/de\/wp-json\/wp\/v2\/media\/4534"}],"wp:attachment":[{"href":"https:\/\/www.eliassen.nl\/de\/wp-json\/wp\/v2\/media?parent=4537"}],"wp:term":[{"taxonomy":"product_brand","embeddable":true,"href":"https:\/\/www.eliassen.nl\/de\/wp-json\/wp\/v2\/product_brand?post=4537"},{"taxonomy":"product_cat","embeddable":true,"href":"https:\/\/www.eliassen.nl\/de\/wp-json\/wp\/v2\/product_cat?post=4537"},{"taxonomy":"product_tag","embeddable":true,"href":"https:\/\/www.eliassen.nl\/de\/wp-json\/wp\/v2\/product_tag?post=4537"}],"curies":[{"name":"wp","href":"https:\/\/api.w.org\/{rel}","templated":true}]}}