{"id":35491,"date":"2021-04-15T20:25:45","date_gmt":"2021-04-15T20:25:45","guid":{"rendered":"https:\/\/www.eliassen.nl\/?product=bloempot-rond-supergroot-rinca-102cm-antraciet"},"modified":"2026-02-04T12:07:25","modified_gmt":"2026-02-04T11:07:25","slug":"blumentopf-rund-super-gross-rinca-doppio-102cm-anthrazit-doppelwandig","status":"publish","type":"product","link":"https:\/\/www.eliassen.nl\/de\/blumentopf-rund-super-gross-rinca-doppio-102cm-anthrazit-doppelwandig\/","title":{"rendered":"Blumentopf rund super gro\u00df Rinca doppio 102cm anthrazit doppelwandig"},"content":{"rendered":"<p>Wenn Sie einen gro\u00dfen runden Blumentopf in der Farbe Anthrazit suchen, der f\u00fcr Palmen, Olivenb\u00e4ume oder andere mediterrane Pflanzen geeignet ist, der sehr robust, farbecht und leicht ist, dann ist die Wahl f\u00fcr diesen Topf schnell getroffen. Dieser Blumentopf ist von einem echten Exemplar nicht zu unterscheiden. Die Farbe und das Aussehen sind genau wie bei einem toskanischen Tontopf. Das liegt zum Teil daran, dass diese Kanne im so genannten Rotationsverfahren hergestellt wird, bei dem eine sch\u00f6ne Struktur entsteht. Diese Serie von T\u00f6pfen ist doppelwandig. Durch die isolierende Luftschicht zwischen den 2 W\u00e4nden leiden Ihre Pflanzen bei Frost weniger. Der Topf ist sowohl f\u00fcr den Innen- als auch f\u00fcr den Au\u00dfenbereich geeignet. Wenn Sie ihn im Garten verwenden, denken Sie daran, den Stopfen aus der Innenwand zu ziehen und vier L\u00f6cher in den Boden des \u00e4u\u00dferen Topfes zu bohren. Da dieser Topf viel Weichmacher enth\u00e4lt, m\u00fcssen Sie keine spontanen Risse bef\u00fcrchten.<\/p>\n<ul>\n<li>Gr\u00f6\u00dfe: oberer Durchmesser 102cm, Gesamth\u00f6he 78cm und unterer Durchmesser 56cm<\/li>\n<li>Farbecht<\/li>\n<li>Leichtgewicht<\/li>\n<li>100% frostbest\u00e4ndig<\/li>\n<li>Nicht zu unterscheiden von echten Steingut-T\u00f6pfen<\/li>\n<li>Sehr stark<\/li>\n<li>Doppelwandig<\/li>\n<li>Verkratzt Ihren teuren Fu\u00dfboden nicht<\/li>\n<li>2 Jahre Garantie auf alles<\/li>\n<\/ul>\n","protected":false},"excerpt":{"rendered":"<p>Wenn Sie einen gro\u00dfen runden Blumentopf in der Farbe Anthrazit suchen, der f\u00fcr Palmen, Olivenb\u00e4ume oder andere mediterrane Pflanzen geeignet ist, der sehr robust, farbecht und leicht ist, dann ist die Wahl f\u00fcr diesen Topf schnell getroffen. Dieser Blumentopf ist von einem echten Exemplar nicht zu unterscheiden. Die Farbe und das Aussehen sind genau wie &hellip;<\/p>\n","protected":false},"featured_media":35473,"template":"","meta":{"_acf_changed":false,"_genesis_title":"","_genesis_description":""},"product_brand":[7505],"product_cat":[722,740],"product_tag":[],"class_list":{"0":"post-35491","1":"product","2":"type-product","3":"status-publish","4":"has-post-thumbnail","6":"product_brand-sonstige","7":"product_cat-blumentoepfe-und-pflanzgefaesse","8":"product_cat-pflanzkuebel-fuer-den-aussenbereich-gross-leicht","10":"first","11":"outofstock","12":"sale","13":"taxable","14":"shipping-taxable","15":"purchasable","16":"product-type-simple"},"acf":[],"meta_all":{"total_sales":"7","wcml_sync_hash":{"postmeta_fields":"447d2446118fdac7cc33dd428dfc348a"},"attr_label_translations":[],"cor_restricted_countries":[]},"meta_all_flat":{"total_sales":"7","wcml_sync_hash.postmeta_fields":"447d2446118fdac7cc33dd428dfc348a"},"yoast_head":"<!-- This site is optimized with the Yoast SEO Premium plugin v26.2 (Yoast SEO v27.2) - https:\/\/yoast.com\/product\/yoast-seo-premium-wordpress\/ -->\n<title>XXL Blumentopf rund Anthrazit | 102 cm | Doppelwandig | Eliassen.nl<\/title>\n<meta name=\"description\" content=\"Sie m\u00f6chten einen sch\u00f6nen anthrazitfarbenen XXL-Blumentopf von Tuscan kaufen? Sehen Sie sich dieses sch\u00f6ne Exemplar an, das f\u00fcr den Innen- und Au\u00dfenbereich geeignet ist. Doppelwandig. \u221a 2 Jahre Garantie\" \/>\n<meta name=\"robots\" content=\"index, follow, max-snippet:-1, max-image-preview:large, max-video-preview:-1\" \/>\n<link rel=\"canonical\" href=\"https:\/\/www.eliassen.nl\/de\/blumentopf-rund-super-gross-rinca-doppio-102cm-anthrazit-doppelwandig\/\" \/>\n<meta property=\"og:locale\" content=\"de_DE\" \/>\n<meta property=\"og:type\" content=\"article\" \/>\n<meta property=\"og:title\" content=\"Sonstige Blumentopf rund super gro\u00df Rinca doppio 102cm anthrazit doppelwandig - Eliassen.nl\" \/>\n<meta property=\"og:description\" content=\"Sie m\u00f6chten einen sch\u00f6nen anthrazitfarbenen XXL-Blumentopf von Tuscan kaufen? Sehen Sie sich dieses sch\u00f6ne Exemplar an, das f\u00fcr den Innen- und Au\u00dfenbereich geeignet ist. Doppelwandig. \u221a 2 Jahre Garantie\" \/>\n<meta property=\"og:url\" content=\"https:\/\/www.eliassen.nl\/de\/blumentopf-rund-super-gross-rinca-doppio-102cm-anthrazit-doppelwandig\/\" \/>\n<meta property=\"og:site_name\" content=\"Eliassen.nl\" \/>\n<meta property=\"article:publisher\" content=\"https:\/\/www.facebook.com\/TuincentrumEliassenAmmerzoden\" \/>\n<meta property=\"article:modified_time\" content=\"2026-02-04T11:07:25+00:00\" \/>\n<meta property=\"og:image\" content=\"https:\/\/www.eliassen.nl\/wp-content\/uploads\/2024\/01\/antracie_2nd.jpg\" \/>\n\t<meta property=\"og:image:width\" content=\"2048\" \/>\n\t<meta property=\"og:image:height\" content=\"1795\" \/>\n\t<meta property=\"og:image:type\" content=\"image\/jpeg\" \/>\n<meta name=\"twitter:card\" content=\"summary_large_image\" \/>\n<script type=\"application\/ld+json\" class=\"yoast-schema-graph\">{\"@context\":\"https:\/\/schema.org\",\"@graph\":[{\"@type\":\"WebPage\",\"@id\":\"https:\/\/www.eliassen.nl\/de\/blumentopf-rund-super-gross-rinca-doppio-102cm-anthrazit-doppelwandig\/\",\"url\":\"https:\/\/www.eliassen.nl\/de\/blumentopf-rund-super-gross-rinca-doppio-102cm-anthrazit-doppelwandig\/\",\"name\":\"XXL Blumentopf rund Anthrazit | 102 cm | Doppelwandig | Eliassen.nl\",\"isPartOf\":{\"@id\":\"https:\/\/www.eliassen.nl\/de\/#website\"},\"primaryImageOfPage\":{\"@id\":\"https:\/\/www.eliassen.nl\/de\/blumentopf-rund-super-gross-rinca-doppio-102cm-anthrazit-doppelwandig\/#primaryimage\"},\"image\":{\"@id\":\"https:\/\/www.eliassen.nl\/de\/blumentopf-rund-super-gross-rinca-doppio-102cm-anthrazit-doppelwandig\/#primaryimage\"},\"thumbnailUrl\":\"https:\/\/www.eliassen.nl\/wp-content\/uploads\/2024\/01\/antracie_2nd.jpg\",\"datePublished\":\"2021-04-15T20:25:45+00:00\",\"dateModified\":\"2026-02-04T11:07:25+00:00\",\"description\":\"Sie m\u00f6chten einen sch\u00f6nen anthrazitfarbenen XXL-Blumentopf von Tuscan kaufen? Sehen Sie sich dieses sch\u00f6ne Exemplar an, das f\u00fcr den Innen- und Au\u00dfenbereich geeignet ist. Doppelwandig. \u221a 2 Jahre Garantie\",\"breadcrumb\":{\"@id\":\"https:\/\/www.eliassen.nl\/de\/blumentopf-rund-super-gross-rinca-doppio-102cm-anthrazit-doppelwandig\/#breadcrumb\"},\"inLanguage\":\"de\",\"potentialAction\":[{\"@type\":\"ReadAction\",\"target\":[\"https:\/\/www.eliassen.nl\/de\/blumentopf-rund-super-gross-rinca-doppio-102cm-anthrazit-doppelwandig\/\"]}]},{\"@type\":\"ImageObject\",\"inLanguage\":\"de\",\"@id\":\"https:\/\/www.eliassen.nl\/de\/blumentopf-rund-super-gross-rinca-doppio-102cm-anthrazit-doppelwandig\/#primaryimage\",\"url\":\"https:\/\/www.eliassen.nl\/wp-content\/uploads\/2024\/01\/antracie_2nd.jpg\",\"contentUrl\":\"https:\/\/www.eliassen.nl\/wp-content\/uploads\/2024\/01\/antracie_2nd.jpg\",\"width\":2048,\"height\":1795,\"caption\":\"Anthrazit\"},{\"@type\":\"BreadcrumbList\",\"@id\":\"https:\/\/www.eliassen.nl\/de\/blumentopf-rund-super-gross-rinca-doppio-102cm-anthrazit-doppelwandig\/#breadcrumb\",\"itemListElement\":[{\"@type\":\"ListItem\",\"position\":1,\"name\":\"Home\",\"item\":\"https:\/\/www.eliassen.nl\/de\/\"},{\"@type\":\"ListItem\",\"position\":2,\"name\":\"Shop\",\"item\":\"https:\/\/www.eliassen.nl\/de\/shop\/\"},{\"@type\":\"ListItem\",\"position\":3,\"name\":\"Blument\u00f6pfe und Pflanzgef\u00e4\u00dfe\",\"item\":\"https:\/\/www.eliassen.nl\/de\/blumentoepfe-und-pflanzgefaesse\/\"},{\"@type\":\"ListItem\",\"position\":4,\"name\":\"Pflanzk\u00fcbel f\u00fcr den Au\u00dfenbereich gro\u00df leicht\",\"item\":\"https:\/\/www.eliassen.nl\/de\/blumentoepfe-und-pflanzgefaesse\/pflanzkuebel-fuer-den-aussenbereich-gross-leicht\/\"},{\"@type\":\"ListItem\",\"position\":5,\"name\":\"Blumentopf rund super gro\u00df Rinca doppio 102cm anthrazit doppelwandig\"}]},{\"@type\":\"WebSite\",\"@id\":\"https:\/\/www.eliassen.nl\/de\/#website\",\"url\":\"https:\/\/www.eliassen.nl\/de\/\",\"name\":\"Eliassen Home & Garden Pleasure\",\"description\":\"\",\"publisher\":{\"@id\":\"https:\/\/www.eliassen.nl\/de\/#organization\"},\"alternateName\":\"Eliassen.nl\",\"potentialAction\":[{\"@type\":\"SearchAction\",\"target\":{\"@type\":\"EntryPoint\",\"urlTemplate\":\"https:\/\/www.eliassen.nl\/de\/?s={search_term_string}\"},\"query-input\":{\"@type\":\"PropertyValueSpecification\",\"valueRequired\":true,\"valueName\":\"search_term_string\"}}],\"inLanguage\":\"de\"},{\"@type\":[\"Organization\",\"Place\"],\"@id\":\"https:\/\/www.eliassen.nl\/de\/#organization\",\"name\":\"Eliassen Home & Garden Pleasure\",\"url\":\"https:\/\/www.eliassen.nl\/de\/\",\"logo\":{\"@id\":\"https:\/\/www.eliassen.nl\/de\/blumentopf-rund-super-gross-rinca-doppio-102cm-anthrazit-doppelwandig\/#local-main-organization-logo\"},\"image\":{\"@id\":\"https:\/\/www.eliassen.nl\/de\/blumentopf-rund-super-gross-rinca-doppio-102cm-anthrazit-doppelwandig\/#local-main-organization-logo\"},\"sameAs\":[\"https:\/\/www.facebook.com\/TuincentrumEliassenAmmerzoden\",\"https:\/\/www.instagram.com\/eliassenhomeandgarden\/\",\"https:\/\/nl.pinterest.com\/eliassenhomeandgarden\/\",\"https:\/\/www.youtube.com\/@eliassenhomegardenpleasure4558\"],\"telephone\":[],\"openingHoursSpecification\":[{\"@type\":\"OpeningHoursSpecification\",\"dayOfWeek\":[\"Monday\",\"Tuesday\",\"Wednesday\",\"Thursday\",\"Friday\",\"Saturday\",\"Sunday\"],\"opens\":\"09:00\",\"closes\":\"17:00\"}]},{\"@type\":\"ImageObject\",\"inLanguage\":\"de\",\"@id\":\"https:\/\/www.eliassen.nl\/de\/blumentopf-rund-super-gross-rinca-doppio-102cm-anthrazit-doppelwandig\/#local-main-organization-logo\",\"url\":\"https:\/\/www.eliassen.nl\/wp-content\/uploads\/2024\/01\/logo_4nd.jpg\",\"contentUrl\":\"https:\/\/www.eliassen.nl\/wp-content\/uploads\/2024\/01\/logo_4nd.jpg\",\"width\":500,\"height\":500,\"caption\":\"Eliassen Home & Garden Pleasure\"}]}<\/script>\n<meta property=\"product:price:amount\" content=\"175.00\" \/>\n<meta property=\"product:price:currency\" content=\"EUR\" \/>\n<meta property=\"og:availability\" content=\"out of stock\" \/>\n<meta property=\"product:availability\" content=\"out of stock\" \/>\n<meta property=\"product:retailer_item_id\" content=\"117402\" \/>\n<meta property=\"product:condition\" content=\"new\" \/>\n<!-- \/ Yoast SEO Premium plugin. -->","yoast_head_json":{"title":"XXL Blumentopf rund Anthrazit | 102 cm | Doppelwandig | Eliassen.nl","description":"Sie m\u00f6chten einen sch\u00f6nen anthrazitfarbenen XXL-Blumentopf von Tuscan kaufen? Sehen Sie sich dieses sch\u00f6ne Exemplar an, das f\u00fcr den Innen- und Au\u00dfenbereich geeignet ist. Doppelwandig. \u221a 2 Jahre Garantie","robots":{"index":"index","follow":"follow","max-snippet":"max-snippet:-1","max-image-preview":"max-image-preview:large","max-video-preview":"max-video-preview:-1"},"canonical":"https:\/\/www.eliassen.nl\/de\/blumentopf-rund-super-gross-rinca-doppio-102cm-anthrazit-doppelwandig\/","og_locale":"de_DE","og_type":"article","og_title":"Sonstige Blumentopf rund super gro\u00df Rinca doppio 102cm anthrazit doppelwandig - Eliassen.nl","og_description":"Sie m\u00f6chten einen sch\u00f6nen anthrazitfarbenen XXL-Blumentopf von Tuscan kaufen? Sehen Sie sich dieses sch\u00f6ne Exemplar an, das f\u00fcr den Innen- und Au\u00dfenbereich geeignet ist. Doppelwandig. \u221a 2 Jahre Garantie","og_url":"https:\/\/www.eliassen.nl\/de\/blumentopf-rund-super-gross-rinca-doppio-102cm-anthrazit-doppelwandig\/","og_site_name":"Eliassen.nl","article_publisher":"https:\/\/www.facebook.com\/TuincentrumEliassenAmmerzoden","article_modified_time":"2026-02-04T11:07:25+00:00","og_image":[{"width":2048,"height":1795,"url":"https:\/\/www.eliassen.nl\/wp-content\/uploads\/2024\/01\/antracie_2nd.jpg","type":"image\/jpeg"}],"twitter_card":"summary_large_image","schema":{"@context":"https:\/\/schema.org","@graph":[{"@type":"WebPage","@id":"https:\/\/www.eliassen.nl\/de\/blumentopf-rund-super-gross-rinca-doppio-102cm-anthrazit-doppelwandig\/","url":"https:\/\/www.eliassen.nl\/de\/blumentopf-rund-super-gross-rinca-doppio-102cm-anthrazit-doppelwandig\/","name":"XXL Blumentopf rund Anthrazit | 102 cm | Doppelwandig | Eliassen.nl","isPartOf":{"@id":"https:\/\/www.eliassen.nl\/de\/#website"},"primaryImageOfPage":{"@id":"https:\/\/www.eliassen.nl\/de\/blumentopf-rund-super-gross-rinca-doppio-102cm-anthrazit-doppelwandig\/#primaryimage"},"image":{"@id":"https:\/\/www.eliassen.nl\/de\/blumentopf-rund-super-gross-rinca-doppio-102cm-anthrazit-doppelwandig\/#primaryimage"},"thumbnailUrl":"https:\/\/www.eliassen.nl\/wp-content\/uploads\/2024\/01\/antracie_2nd.jpg","datePublished":"2021-04-15T20:25:45+00:00","dateModified":"2026-02-04T11:07:25+00:00","description":"Sie m\u00f6chten einen sch\u00f6nen anthrazitfarbenen XXL-Blumentopf von Tuscan kaufen? Sehen Sie sich dieses sch\u00f6ne Exemplar an, das f\u00fcr den Innen- und Au\u00dfenbereich geeignet ist. Doppelwandig. \u221a 2 Jahre Garantie","breadcrumb":{"@id":"https:\/\/www.eliassen.nl\/de\/blumentopf-rund-super-gross-rinca-doppio-102cm-anthrazit-doppelwandig\/#breadcrumb"},"inLanguage":"de","potentialAction":[{"@type":"ReadAction","target":["https:\/\/www.eliassen.nl\/de\/blumentopf-rund-super-gross-rinca-doppio-102cm-anthrazit-doppelwandig\/"]}]},{"@type":"ImageObject","inLanguage":"de","@id":"https:\/\/www.eliassen.nl\/de\/blumentopf-rund-super-gross-rinca-doppio-102cm-anthrazit-doppelwandig\/#primaryimage","url":"https:\/\/www.eliassen.nl\/wp-content\/uploads\/2024\/01\/antracie_2nd.jpg","contentUrl":"https:\/\/www.eliassen.nl\/wp-content\/uploads\/2024\/01\/antracie_2nd.jpg","width":2048,"height":1795,"caption":"Anthrazit"},{"@type":"BreadcrumbList","@id":"https:\/\/www.eliassen.nl\/de\/blumentopf-rund-super-gross-rinca-doppio-102cm-anthrazit-doppelwandig\/#breadcrumb","itemListElement":[{"@type":"ListItem","position":1,"name":"Home","item":"https:\/\/www.eliassen.nl\/de\/"},{"@type":"ListItem","position":2,"name":"Shop","item":"https:\/\/www.eliassen.nl\/de\/shop\/"},{"@type":"ListItem","position":3,"name":"Blument\u00f6pfe und Pflanzgef\u00e4\u00dfe","item":"https:\/\/www.eliassen.nl\/de\/blumentoepfe-und-pflanzgefaesse\/"},{"@type":"ListItem","position":4,"name":"Pflanzk\u00fcbel f\u00fcr den Au\u00dfenbereich gro\u00df leicht","item":"https:\/\/www.eliassen.nl\/de\/blumentoepfe-und-pflanzgefaesse\/pflanzkuebel-fuer-den-aussenbereich-gross-leicht\/"},{"@type":"ListItem","position":5,"name":"Blumentopf rund super gro\u00df Rinca doppio 102cm anthrazit doppelwandig"}]},{"@type":"WebSite","@id":"https:\/\/www.eliassen.nl\/de\/#website","url":"https:\/\/www.eliassen.nl\/de\/","name":"Eliassen Home & Garden Pleasure","description":"","publisher":{"@id":"https:\/\/www.eliassen.nl\/de\/#organization"},"alternateName":"Eliassen.nl","potentialAction":[{"@type":"SearchAction","target":{"@type":"EntryPoint","urlTemplate":"https:\/\/www.eliassen.nl\/de\/?s={search_term_string}"},"query-input":{"@type":"PropertyValueSpecification","valueRequired":true,"valueName":"search_term_string"}}],"inLanguage":"de"},{"@type":["Organization","Place"],"@id":"https:\/\/www.eliassen.nl\/de\/#organization","name":"Eliassen Home & Garden Pleasure","url":"https:\/\/www.eliassen.nl\/de\/","logo":{"@id":"https:\/\/www.eliassen.nl\/de\/blumentopf-rund-super-gross-rinca-doppio-102cm-anthrazit-doppelwandig\/#local-main-organization-logo"},"image":{"@id":"https:\/\/www.eliassen.nl\/de\/blumentopf-rund-super-gross-rinca-doppio-102cm-anthrazit-doppelwandig\/#local-main-organization-logo"},"sameAs":["https:\/\/www.facebook.com\/TuincentrumEliassenAmmerzoden","https:\/\/www.instagram.com\/eliassenhomeandgarden\/","https:\/\/nl.pinterest.com\/eliassenhomeandgarden\/","https:\/\/www.youtube.com\/@eliassenhomegardenpleasure4558"],"telephone":[],"openingHoursSpecification":[{"@type":"OpeningHoursSpecification","dayOfWeek":["Monday","Tuesday","Wednesday","Thursday","Friday","Saturday","Sunday"],"opens":"09:00","closes":"17:00"}]},{"@type":"ImageObject","inLanguage":"de","@id":"https:\/\/www.eliassen.nl\/de\/blumentopf-rund-super-gross-rinca-doppio-102cm-anthrazit-doppelwandig\/#local-main-organization-logo","url":"https:\/\/www.eliassen.nl\/wp-content\/uploads\/2024\/01\/logo_4nd.jpg","contentUrl":"https:\/\/www.eliassen.nl\/wp-content\/uploads\/2024\/01\/logo_4nd.jpg","width":500,"height":500,"caption":"Eliassen Home & Garden Pleasure"}]},"product_price_amount":"175.00","product_price_currency":"EUR","og_availability":"out of stock","product_availability":"out of stock","product_retailer_item_id":"117402","product_condition":"new"},"df_price":175,"df_sale_price":175,"df_regular_price":289,"df_image_link":"https:\/\/www.eliassen.nl\/wp-content\/uploads\/2024\/01\/antracie_2nd.jpg","image":"https:\/\/www.eliassen.nl\/wp-content\/uploads\/2024\/01\/antracie_2nd.jpg","price_search":"<span class=\"woocommerce-Price-amount amount\"><bdi><span class=\"woocommerce-Price-currencySymbol\">&euro;<\/span>&nbsp;175,00<\/bdi><\/span>","category":"Blument\u00f6pfe und Pflanzgef\u00e4\u00dfe","global_unique_id":"8714075818706","_links":{"self":[{"href":"https:\/\/www.eliassen.nl\/de\/wp-json\/wp\/v2\/product\/35491","targetHints":{"allow":["GET"]}}],"collection":[{"href":"https:\/\/www.eliassen.nl\/de\/wp-json\/wp\/v2\/product"}],"about":[{"href":"https:\/\/www.eliassen.nl\/de\/wp-json\/wp\/v2\/types\/product"}],"wp:featuredmedia":[{"embeddable":true,"href":"https:\/\/www.eliassen.nl\/de\/wp-json\/wp\/v2\/media\/35473"}],"wp:attachment":[{"href":"https:\/\/www.eliassen.nl\/de\/wp-json\/wp\/v2\/media?parent=35491"}],"wp:term":[{"taxonomy":"product_brand","embeddable":true,"href":"https:\/\/www.eliassen.nl\/de\/wp-json\/wp\/v2\/product_brand?post=35491"},{"taxonomy":"product_cat","embeddable":true,"href":"https:\/\/www.eliassen.nl\/de\/wp-json\/wp\/v2\/product_cat?post=35491"},{"taxonomy":"product_tag","embeddable":true,"href":"https:\/\/www.eliassen.nl\/de\/wp-json\/wp\/v2\/product_tag?post=35491"}],"curies":[{"name":"wp","href":"https:\/\/api.w.org\/{rel}","templated":true}]}}