{"id":34615,"date":"2021-04-14T13:58:54","date_gmt":"2021-04-14T13:58:54","guid":{"rendered":"https:\/\/www.eliassen.nl\/?product=omabank-120cm"},"modified":"2026-04-13T14:17:24","modified_gmt":"2026-04-13T12:17:24","slug":"oma-sofa-120cm","status":"publish","type":"product","link":"https:\/\/www.eliassen.nl\/de\/oma-sofa-120cm\/","title":{"rendered":"Oma Bank 120cm breit"},"content":{"rendered":"<p><strong>W\u00e4hlen Sie die obige Version.<\/strong><\/p>\n<p>Ein Klassiker, dieses Lattenrostsofa, das sich hervorragend zum Sitzen eignet. Verzinkter, schwerer Ziersockel mit vorgebohrten Hartholzlatten. Bausatz Chassis und zus\u00e4tzlicher Streifen in der Mitte, mit Schrauben und Muttern aus Edelstahl und Montagebeschreibung. 120cm breit<\/p>\n<p>Das von diesem niederl\u00e4ndischen Unternehmen verwendete Holz ist garantiert FSC-Holz, das unter der Lizenznummer C016391hou registriert ist.<\/p>\n<p><strong>W\u00e4hlen Sie die obige Version<\/strong><\/p>\n<ul>\n<li>Niederl\u00e4ndische Herstellung<\/li>\n<li>Baukasten<\/li>\n<li>120 breit, H\u00f6he 81cm, Sitzh\u00f6he 43cm, Sitztiefe 40cm, Gesamttiefe des Sofas 85cm<\/li>\n<li>FSC-Holz, Lizenz C016391<\/li>\n<li>10 Jahre Garantie<\/li>\n<li>Wir haben diesen Artikel in unserem Ausstellungsraum.<\/li>\n<li>Wahlweise montiert geliefert zu 70.00 Aufpreis<\/li>\n<\/ul>\n<p>Gartenbank mit Hartholzlatten<\/p>\n<p>Gartenbank aus der Vergangenheit<\/p>\n","protected":false},"excerpt":{"rendered":"<p>Altmodische sehr solide Gartenbank Parkbank Gartenbank. Wird bei Bedarf montiert geliefert.<\/p>\n<p><strong>VERF\u00dcGBAR AB ENDE MAI<\/strong><\/p>\n","protected":false},"featured_media":34600,"template":"","meta":{"_acf_changed":false,"_genesis_title":"","_genesis_description":""},"product_brand":[6938],"product_cat":[806,761,752],"product_tag":[],"class_list":{"0":"post-34615","1":"product","2":"type-product","3":"status-publish","4":"has-post-thumbnail","6":"product_brand-talen-staphorst-de","7":"product_cat-gartenbaenke","8":"product_cat-gartenmoebel","9":"product_cat-weitere-artikel","11":"first","12":"onbackorder","13":"taxable","14":"shipping-taxable","15":"purchasable","16":"product-type-variable"},"acf":[],"meta_all":{"total_sales":"28","wcml_sync_hash":{"postmeta_fields":"ad9447e7db56acba880c58eb2cde340d"},"attr_label_translations":[],"cor_restricted_countries":[]},"meta_all_flat":{"total_sales":"28","wcml_sync_hash.postmeta_fields":"ad9447e7db56acba880c58eb2cde340d"},"yoast_head":"<!-- This site is optimized with the Yoast SEO Premium plugin v26.2 (Yoast SEO v27.2) - https:\/\/yoast.com\/product\/yoast-seo-premium-wordpress\/ -->\n<title>Omabank 120cm | Eliassen<\/title>\n<meta name=\"description\" content=\"Kaufen Sie Omabank 120cm bei Eliassen online oder sehen Sie es sich live im Ausstellungsraum an. Altbew\u00e4hrte Qualit\u00e4t zu einem g\u00fcnstigen Preis.\" \/>\n<meta name=\"robots\" content=\"index, follow, max-snippet:-1, max-image-preview:large, max-video-preview:-1\" \/>\n<link rel=\"canonical\" href=\"https:\/\/www.eliassen.nl\/de\/oma-sofa-120cm\/\" \/>\n<meta property=\"og:locale\" content=\"de_DE\" \/>\n<meta property=\"og:type\" content=\"article\" \/>\n<meta property=\"og:title\" content=\"Talen Staphorst Oma Bank 120cm breit - Eliassen.nl\" \/>\n<meta property=\"og:description\" content=\"Kaufen Sie Omabank 120cm bei Eliassen online oder sehen Sie es sich live im Ausstellungsraum an. Altbew\u00e4hrte Qualit\u00e4t zu einem g\u00fcnstigen Preis.\" \/>\n<meta property=\"og:url\" content=\"https:\/\/www.eliassen.nl\/de\/oma-sofa-120cm\/\" \/>\n<meta property=\"og:site_name\" content=\"Eliassen.nl\" \/>\n<meta property=\"article:publisher\" content=\"https:\/\/www.facebook.com\/TuincentrumEliassenAmmerzoden\" \/>\n<meta property=\"article:modified_time\" content=\"2026-04-13T12:17:24+00:00\" \/>\n<meta property=\"og:image\" content=\"https:\/\/www.eliassen.nl\/wp-content\/uploads\/2024\/01\/oma120.jpg\" \/>\n\t<meta property=\"og:image:width\" content=\"1920\" \/>\n\t<meta property=\"og:image:height\" content=\"1440\" \/>\n\t<meta property=\"og:image:type\" content=\"image\/jpeg\" \/>\n<meta name=\"twitter:card\" content=\"summary_large_image\" \/>\n<script type=\"application\/ld+json\" class=\"yoast-schema-graph\">{\"@context\":\"https:\/\/schema.org\",\"@graph\":[{\"@type\":\"WebPage\",\"@id\":\"https:\/\/www.eliassen.nl\/de\/oma-sofa-120cm\/\",\"url\":\"https:\/\/www.eliassen.nl\/de\/oma-sofa-120cm\/\",\"name\":\"Omabank 120cm | Eliassen\",\"isPartOf\":{\"@id\":\"https:\/\/www.eliassen.nl\/de\/#website\"},\"primaryImageOfPage\":{\"@id\":\"https:\/\/www.eliassen.nl\/de\/oma-sofa-120cm\/#primaryimage\"},\"image\":{\"@id\":\"https:\/\/www.eliassen.nl\/de\/oma-sofa-120cm\/#primaryimage\"},\"thumbnailUrl\":\"https:\/\/www.eliassen.nl\/wp-content\/uploads\/2024\/01\/oma120.jpg\",\"datePublished\":\"2021-04-14T13:58:54+00:00\",\"dateModified\":\"2026-04-13T12:17:24+00:00\",\"description\":\"Kaufen Sie Omabank 120cm bei Eliassen online oder sehen Sie es sich live im Ausstellungsraum an. Altbew\u00e4hrte Qualit\u00e4t zu einem g\u00fcnstigen Preis.\",\"breadcrumb\":{\"@id\":\"https:\/\/www.eliassen.nl\/de\/oma-sofa-120cm\/#breadcrumb\"},\"inLanguage\":\"de\",\"potentialAction\":[{\"@type\":\"ReadAction\",\"target\":[\"https:\/\/www.eliassen.nl\/de\/oma-sofa-120cm\/\"]}]},{\"@type\":\"ImageObject\",\"inLanguage\":\"de\",\"@id\":\"https:\/\/www.eliassen.nl\/de\/oma-sofa-120cm\/#primaryimage\",\"url\":\"https:\/\/www.eliassen.nl\/wp-content\/uploads\/2024\/01\/oma120.jpg\",\"contentUrl\":\"https:\/\/www.eliassen.nl\/wp-content\/uploads\/2024\/01\/oma120.jpg\",\"width\":1920,\"height\":1440,\"caption\":\"Oma120\"},{\"@type\":\"BreadcrumbList\",\"@id\":\"https:\/\/www.eliassen.nl\/de\/oma-sofa-120cm\/#breadcrumb\",\"itemListElement\":[{\"@type\":\"ListItem\",\"position\":1,\"name\":\"Home\",\"item\":\"https:\/\/www.eliassen.nl\/de\/\"},{\"@type\":\"ListItem\",\"position\":2,\"name\":\"Shop\",\"item\":\"https:\/\/www.eliassen.nl\/de\/shop\/\"},{\"@type\":\"ListItem\",\"position\":3,\"name\":\"Weitere Artikel\",\"item\":\"https:\/\/www.eliassen.nl\/de\/weitere-artikel\/\"},{\"@type\":\"ListItem\",\"position\":4,\"name\":\"Oma Bank 120cm breit\"}]},{\"@type\":\"WebSite\",\"@id\":\"https:\/\/www.eliassen.nl\/de\/#website\",\"url\":\"https:\/\/www.eliassen.nl\/de\/\",\"name\":\"Eliassen Home & Garden Pleasure\",\"description\":\"\",\"publisher\":{\"@id\":\"https:\/\/www.eliassen.nl\/de\/#organization\"},\"alternateName\":\"Eliassen.nl\",\"potentialAction\":[{\"@type\":\"SearchAction\",\"target\":{\"@type\":\"EntryPoint\",\"urlTemplate\":\"https:\/\/www.eliassen.nl\/de\/?s={search_term_string}\"},\"query-input\":{\"@type\":\"PropertyValueSpecification\",\"valueRequired\":true,\"valueName\":\"search_term_string\"}}],\"inLanguage\":\"de\"},{\"@type\":[\"Organization\",\"Place\"],\"@id\":\"https:\/\/www.eliassen.nl\/de\/#organization\",\"name\":\"Eliassen Home & Garden Pleasure\",\"url\":\"https:\/\/www.eliassen.nl\/de\/\",\"logo\":{\"@id\":\"https:\/\/www.eliassen.nl\/de\/oma-sofa-120cm\/#local-main-organization-logo\"},\"image\":{\"@id\":\"https:\/\/www.eliassen.nl\/de\/oma-sofa-120cm\/#local-main-organization-logo\"},\"sameAs\":[\"https:\/\/www.facebook.com\/TuincentrumEliassenAmmerzoden\",\"https:\/\/www.instagram.com\/eliassenhomeandgarden\/\",\"https:\/\/nl.pinterest.com\/eliassenhomeandgarden\/\",\"https:\/\/www.youtube.com\/@eliassenhomegardenpleasure4558\"],\"telephone\":[],\"openingHoursSpecification\":[{\"@type\":\"OpeningHoursSpecification\",\"dayOfWeek\":[\"Monday\",\"Tuesday\",\"Wednesday\",\"Thursday\",\"Friday\",\"Saturday\",\"Sunday\"],\"opens\":\"09:00\",\"closes\":\"17:00\"}]},{\"@type\":\"ImageObject\",\"inLanguage\":\"de\",\"@id\":\"https:\/\/www.eliassen.nl\/de\/oma-sofa-120cm\/#local-main-organization-logo\",\"url\":\"https:\/\/www.eliassen.nl\/wp-content\/uploads\/2024\/01\/logo_4nd.jpg\",\"contentUrl\":\"https:\/\/www.eliassen.nl\/wp-content\/uploads\/2024\/01\/logo_4nd.jpg\",\"width\":500,\"height\":500,\"caption\":\"Eliassen Home & Garden Pleasure\"}]}<\/script>\n<meta property=\"og:availability\" content=\"backorder\" \/>\n<meta property=\"product:availability\" content=\"available for order\" \/>\n<meta property=\"product:retailer_item_id\" content=\"0413\" \/>\n<meta property=\"product:condition\" content=\"new\" \/>\n<!-- \/ Yoast SEO Premium plugin. -->","yoast_head_json":{"title":"Omabank 120cm | Eliassen","description":"Kaufen Sie Omabank 120cm bei Eliassen online oder sehen Sie es sich live im Ausstellungsraum an. Altbew\u00e4hrte Qualit\u00e4t zu einem g\u00fcnstigen Preis.","robots":{"index":"index","follow":"follow","max-snippet":"max-snippet:-1","max-image-preview":"max-image-preview:large","max-video-preview":"max-video-preview:-1"},"canonical":"https:\/\/www.eliassen.nl\/de\/oma-sofa-120cm\/","og_locale":"de_DE","og_type":"article","og_title":"Talen Staphorst Oma Bank 120cm breit - Eliassen.nl","og_description":"Kaufen Sie Omabank 120cm bei Eliassen online oder sehen Sie es sich live im Ausstellungsraum an. Altbew\u00e4hrte Qualit\u00e4t zu einem g\u00fcnstigen Preis.","og_url":"https:\/\/www.eliassen.nl\/de\/oma-sofa-120cm\/","og_site_name":"Eliassen.nl","article_publisher":"https:\/\/www.facebook.com\/TuincentrumEliassenAmmerzoden","article_modified_time":"2026-04-13T12:17:24+00:00","og_image":[{"width":1920,"height":1440,"url":"https:\/\/www.eliassen.nl\/wp-content\/uploads\/2024\/01\/oma120.jpg","type":"image\/jpeg"}],"twitter_card":"summary_large_image","schema":{"@context":"https:\/\/schema.org","@graph":[{"@type":"WebPage","@id":"https:\/\/www.eliassen.nl\/de\/oma-sofa-120cm\/","url":"https:\/\/www.eliassen.nl\/de\/oma-sofa-120cm\/","name":"Omabank 120cm | Eliassen","isPartOf":{"@id":"https:\/\/www.eliassen.nl\/de\/#website"},"primaryImageOfPage":{"@id":"https:\/\/www.eliassen.nl\/de\/oma-sofa-120cm\/#primaryimage"},"image":{"@id":"https:\/\/www.eliassen.nl\/de\/oma-sofa-120cm\/#primaryimage"},"thumbnailUrl":"https:\/\/www.eliassen.nl\/wp-content\/uploads\/2024\/01\/oma120.jpg","datePublished":"2021-04-14T13:58:54+00:00","dateModified":"2026-04-13T12:17:24+00:00","description":"Kaufen Sie Omabank 120cm bei Eliassen online oder sehen Sie es sich live im Ausstellungsraum an. Altbew\u00e4hrte Qualit\u00e4t zu einem g\u00fcnstigen Preis.","breadcrumb":{"@id":"https:\/\/www.eliassen.nl\/de\/oma-sofa-120cm\/#breadcrumb"},"inLanguage":"de","potentialAction":[{"@type":"ReadAction","target":["https:\/\/www.eliassen.nl\/de\/oma-sofa-120cm\/"]}]},{"@type":"ImageObject","inLanguage":"de","@id":"https:\/\/www.eliassen.nl\/de\/oma-sofa-120cm\/#primaryimage","url":"https:\/\/www.eliassen.nl\/wp-content\/uploads\/2024\/01\/oma120.jpg","contentUrl":"https:\/\/www.eliassen.nl\/wp-content\/uploads\/2024\/01\/oma120.jpg","width":1920,"height":1440,"caption":"Oma120"},{"@type":"BreadcrumbList","@id":"https:\/\/www.eliassen.nl\/de\/oma-sofa-120cm\/#breadcrumb","itemListElement":[{"@type":"ListItem","position":1,"name":"Home","item":"https:\/\/www.eliassen.nl\/de\/"},{"@type":"ListItem","position":2,"name":"Shop","item":"https:\/\/www.eliassen.nl\/de\/shop\/"},{"@type":"ListItem","position":3,"name":"Weitere Artikel","item":"https:\/\/www.eliassen.nl\/de\/weitere-artikel\/"},{"@type":"ListItem","position":4,"name":"Oma Bank 120cm breit"}]},{"@type":"WebSite","@id":"https:\/\/www.eliassen.nl\/de\/#website","url":"https:\/\/www.eliassen.nl\/de\/","name":"Eliassen Home & Garden Pleasure","description":"","publisher":{"@id":"https:\/\/www.eliassen.nl\/de\/#organization"},"alternateName":"Eliassen.nl","potentialAction":[{"@type":"SearchAction","target":{"@type":"EntryPoint","urlTemplate":"https:\/\/www.eliassen.nl\/de\/?s={search_term_string}"},"query-input":{"@type":"PropertyValueSpecification","valueRequired":true,"valueName":"search_term_string"}}],"inLanguage":"de"},{"@type":["Organization","Place"],"@id":"https:\/\/www.eliassen.nl\/de\/#organization","name":"Eliassen Home & Garden Pleasure","url":"https:\/\/www.eliassen.nl\/de\/","logo":{"@id":"https:\/\/www.eliassen.nl\/de\/oma-sofa-120cm\/#local-main-organization-logo"},"image":{"@id":"https:\/\/www.eliassen.nl\/de\/oma-sofa-120cm\/#local-main-organization-logo"},"sameAs":["https:\/\/www.facebook.com\/TuincentrumEliassenAmmerzoden","https:\/\/www.instagram.com\/eliassenhomeandgarden\/","https:\/\/nl.pinterest.com\/eliassenhomeandgarden\/","https:\/\/www.youtube.com\/@eliassenhomegardenpleasure4558"],"telephone":[],"openingHoursSpecification":[{"@type":"OpeningHoursSpecification","dayOfWeek":["Monday","Tuesday","Wednesday","Thursday","Friday","Saturday","Sunday"],"opens":"09:00","closes":"17:00"}]},{"@type":"ImageObject","inLanguage":"de","@id":"https:\/\/www.eliassen.nl\/de\/oma-sofa-120cm\/#local-main-organization-logo","url":"https:\/\/www.eliassen.nl\/wp-content\/uploads\/2024\/01\/logo_4nd.jpg","contentUrl":"https:\/\/www.eliassen.nl\/wp-content\/uploads\/2024\/01\/logo_4nd.jpg","width":500,"height":500,"caption":"Eliassen Home & Garden Pleasure"}]},"og_availability":"backorder","product_availability":"available for order","product_retailer_item_id":"0413","product_condition":"new"},"df_price":249,"df_sale_price":"","df_regular_price":249,"df_image_link":"https:\/\/www.eliassen.nl\/wp-content\/uploads\/2024\/01\/oma120.jpg","image":"https:\/\/www.eliassen.nl\/wp-content\/uploads\/2024\/01\/oma120.jpg","price_search":"<span class=\"woocommerce-Price-amount amount\"><bdi><span class=\"woocommerce-Price-currencySymbol\">&euro;<\/span>&nbsp;249,00<\/bdi><\/span>","category":"Gartenb\u00e4nke","global_unique_id":"8719074041308","_links":{"self":[{"href":"https:\/\/www.eliassen.nl\/de\/wp-json\/wp\/v2\/product\/34615","targetHints":{"allow":["GET"]}}],"collection":[{"href":"https:\/\/www.eliassen.nl\/de\/wp-json\/wp\/v2\/product"}],"about":[{"href":"https:\/\/www.eliassen.nl\/de\/wp-json\/wp\/v2\/types\/product"}],"wp:featuredmedia":[{"embeddable":true,"href":"https:\/\/www.eliassen.nl\/de\/wp-json\/wp\/v2\/media\/34600"}],"wp:attachment":[{"href":"https:\/\/www.eliassen.nl\/de\/wp-json\/wp\/v2\/media?parent=34615"}],"wp:term":[{"taxonomy":"product_brand","embeddable":true,"href":"https:\/\/www.eliassen.nl\/de\/wp-json\/wp\/v2\/product_brand?post=34615"},{"taxonomy":"product_cat","embeddable":true,"href":"https:\/\/www.eliassen.nl\/de\/wp-json\/wp\/v2\/product_cat?post=34615"},{"taxonomy":"product_tag","embeddable":true,"href":"https:\/\/www.eliassen.nl\/de\/wp-json\/wp\/v2\/product_tag?post=34615"}],"curies":[{"name":"wp","href":"https:\/\/api.w.org\/{rel}","templated":true}]}}