{"id":33922,"date":"2021-04-01T15:28:52","date_gmt":"2021-04-01T15:28:52","guid":{"rendered":"https:\/\/www.eliassen.nl\/?product=miniatuur-model-motor-120166432"},"modified":"2026-01-12T15:48:35","modified_gmt":"2026-01-12T14:48:35","slug":"miniaturmodell-motor","status":"publish","type":"product","link":"https:\/\/www.eliassen.nl\/de\/miniaturmodell-motor\/","title":{"rendered":"Miniaturmodell Motor 28cm"},"content":{"rendered":"<p>Sch\u00f6nes handgefertigtes Modell eines silber\/schwarzen Motorrads.<br \/>\nHergestellt aus Zinn mit h\u00f6chster Genauigkeit, mit vielen kleinen Details.<br \/>\nEin sehr sch\u00f6nes Dekorationsst\u00fcck f\u00fcr Ihr Zuhause oder Ihr Gesch\u00e4ft.<br \/>\nFarben und Details k\u00f6nnen leicht vom Foto abweichen, da es sich um handgefertigte Produkte handelt.<\/p>\n<ul>\n<li><strong>Fast alles aus dieser Serie k\u00f6nnen Sie sich auch in unserem Shop ansehen<\/strong><\/li>\n<li>Material: Wei\u00dfblech<\/li>\n<li>Gr\u00f6\u00dfe: 28 x 14 cm.<\/li>\n<li>Verpackt in stabilem Karton<\/li>\n<li>Schnelle Lieferung<\/li>\n<li>Bitte beachten Sie, dass es sich hierbei nicht um ein Spielzeug handelt.<\/li>\n<\/ul>\n","protected":false},"excerpt":{"rendered":"<p>Sch\u00f6nes handgefertigtes Modell eines silber\/schwarzen Motorrads. Hergestellt aus Zinn mit h\u00f6chster Genauigkeit, mit vielen kleinen Details. Ein sehr sch\u00f6nes Dekorationsst\u00fcck f\u00fcr Ihr Zuhause oder Ihr Gesch\u00e4ft. Farben und Details k\u00f6nnen leicht vom Foto abweichen, da es sich um handgefertigte Produkte handelt. Fast alles aus dieser Serie k\u00f6nnen Sie sich auch in unserem Shop ansehen Material: &hellip;<\/p>\n","protected":false},"featured_media":33904,"template":"","meta":{"_acf_changed":false,"_genesis_title":"","_genesis_description":""},"product_brand":[7505],"product_cat":[659,668],"product_tag":[],"class_list":{"0":"post-33922","1":"product","2":"type-product","3":"status-publish","4":"has-post-thumbnail","6":"product_brand-sonstige","7":"product_cat-dekoration-aus-metall","8":"product_cat-miniaturfahrzeuge-aus-metall","10":"first","11":"instock","12":"taxable","13":"shipping-taxable","14":"purchasable","15":"product-type-simple"},"acf":[],"meta_all":{"total_sales":"4","wcml_sync_hash":{"postmeta_fields":"ea7ae72f329d33e9435d998c29f1abca"},"attr_label_translations":[],"cor_restricted_countries":[]},"meta_all_flat":{"total_sales":"4","wcml_sync_hash.postmeta_fields":"ea7ae72f329d33e9435d998c29f1abca"},"yoast_head":"<!-- This site is optimized with the Yoast SEO Premium plugin v26.2 (Yoast SEO v27.2) - https:\/\/yoast.com\/product\/yoast-seo-premium-wordpress\/ -->\n<title>Miniaturmodell Motor | Eliassen<\/title>\n<meta name=\"description\" content=\"Bei Eliassen k\u00f6nnen Sie Miniaturmodellmotoren online kaufen oder live im Ausstellungsraum betrachten. Wir haben die beste Metalldekoration, Miniaturfahrzeuge aus Metall\" \/>\n<meta name=\"robots\" content=\"index, follow, max-snippet:-1, max-image-preview:large, max-video-preview:-1\" \/>\n<link rel=\"canonical\" href=\"https:\/\/www.eliassen.nl\/de\/miniaturmodell-motor\/\" \/>\n<meta property=\"og:locale\" content=\"de_DE\" \/>\n<meta property=\"og:type\" content=\"article\" \/>\n<meta property=\"og:title\" content=\"Sonstige Miniaturmodell Motor 28cm - Eliassen.nl\" \/>\n<meta property=\"og:description\" content=\"Bei Eliassen k\u00f6nnen Sie Miniaturmodellmotoren online kaufen oder live im Ausstellungsraum betrachten. Wir haben die beste Metalldekoration, Miniaturfahrzeuge aus Metall\" \/>\n<meta property=\"og:url\" content=\"https:\/\/www.eliassen.nl\/de\/miniaturmodell-motor\/\" \/>\n<meta property=\"og:site_name\" content=\"Eliassen.nl\" \/>\n<meta property=\"article:publisher\" content=\"https:\/\/www.facebook.com\/TuincentrumEliassenAmmerzoden\" \/>\n<meta property=\"article:modified_time\" content=\"2026-01-12T14:48:35+00:00\" \/>\n<meta property=\"og:image\" content=\"https:\/\/www.eliassen.nl\/wp-content\/uploads\/2024\/01\/331111a.jpg\" \/>\n\t<meta property=\"og:image:width\" content=\"1440\" \/>\n\t<meta property=\"og:image:height\" content=\"1080\" \/>\n\t<meta property=\"og:image:type\" content=\"image\/jpeg\" \/>\n<meta name=\"twitter:card\" content=\"summary_large_image\" \/>\n<script type=\"application\/ld+json\" class=\"yoast-schema-graph\">{\"@context\":\"https:\/\/schema.org\",\"@graph\":[{\"@type\":\"WebPage\",\"@id\":\"https:\/\/www.eliassen.nl\/de\/miniaturmodell-motor\/\",\"url\":\"https:\/\/www.eliassen.nl\/de\/miniaturmodell-motor\/\",\"name\":\"Miniaturmodell Motor | Eliassen\",\"isPartOf\":{\"@id\":\"https:\/\/www.eliassen.nl\/de\/#website\"},\"primaryImageOfPage\":{\"@id\":\"https:\/\/www.eliassen.nl\/de\/miniaturmodell-motor\/#primaryimage\"},\"image\":{\"@id\":\"https:\/\/www.eliassen.nl\/de\/miniaturmodell-motor\/#primaryimage\"},\"thumbnailUrl\":\"https:\/\/www.eliassen.nl\/wp-content\/uploads\/2024\/01\/331111a.jpg\",\"datePublished\":\"2021-04-01T15:28:52+00:00\",\"dateModified\":\"2026-01-12T14:48:35+00:00\",\"description\":\"Bei Eliassen k\u00f6nnen Sie Miniaturmodellmotoren online kaufen oder live im Ausstellungsraum betrachten. Wir haben die beste Metalldekoration, Miniaturfahrzeuge aus Metall\",\"breadcrumb\":{\"@id\":\"https:\/\/www.eliassen.nl\/de\/miniaturmodell-motor\/#breadcrumb\"},\"inLanguage\":\"de\",\"potentialAction\":[{\"@type\":\"ReadAction\",\"target\":[\"https:\/\/www.eliassen.nl\/de\/miniaturmodell-motor\/\"]}]},{\"@type\":\"ImageObject\",\"inLanguage\":\"de\",\"@id\":\"https:\/\/www.eliassen.nl\/de\/miniaturmodell-motor\/#primaryimage\",\"url\":\"https:\/\/www.eliassen.nl\/wp-content\/uploads\/2024\/01\/331111a.jpg\",\"contentUrl\":\"https:\/\/www.eliassen.nl\/wp-content\/uploads\/2024\/01\/331111a.jpg\",\"width\":1440,\"height\":1080,\"caption\":\"331111a\"},{\"@type\":\"BreadcrumbList\",\"@id\":\"https:\/\/www.eliassen.nl\/de\/miniaturmodell-motor\/#breadcrumb\",\"itemListElement\":[{\"@type\":\"ListItem\",\"position\":1,\"name\":\"Home\",\"item\":\"https:\/\/www.eliassen.nl\/de\/\"},{\"@type\":\"ListItem\",\"position\":2,\"name\":\"Shop\",\"item\":\"https:\/\/www.eliassen.nl\/de\/shop\/\"},{\"@type\":\"ListItem\",\"position\":3,\"name\":\"Dekoration aus Metall\",\"item\":\"https:\/\/www.eliassen.nl\/de\/dekoration-aus-metall\/\"},{\"@type\":\"ListItem\",\"position\":4,\"name\":\"Miniaturfahrzeuge aus Metall\",\"item\":\"https:\/\/www.eliassen.nl\/de\/dekoration-aus-metall\/miniaturfahrzeuge-aus-metall\/\"},{\"@type\":\"ListItem\",\"position\":5,\"name\":\"Miniaturmodell Motor 28cm\"}]},{\"@type\":\"WebSite\",\"@id\":\"https:\/\/www.eliassen.nl\/de\/#website\",\"url\":\"https:\/\/www.eliassen.nl\/de\/\",\"name\":\"Eliassen Home & Garden Pleasure\",\"description\":\"\",\"publisher\":{\"@id\":\"https:\/\/www.eliassen.nl\/de\/#organization\"},\"alternateName\":\"Eliassen.nl\",\"potentialAction\":[{\"@type\":\"SearchAction\",\"target\":{\"@type\":\"EntryPoint\",\"urlTemplate\":\"https:\/\/www.eliassen.nl\/de\/?s={search_term_string}\"},\"query-input\":{\"@type\":\"PropertyValueSpecification\",\"valueRequired\":true,\"valueName\":\"search_term_string\"}}],\"inLanguage\":\"de\"},{\"@type\":[\"Organization\",\"Place\"],\"@id\":\"https:\/\/www.eliassen.nl\/de\/#organization\",\"name\":\"Eliassen Home & Garden Pleasure\",\"url\":\"https:\/\/www.eliassen.nl\/de\/\",\"logo\":{\"@id\":\"https:\/\/www.eliassen.nl\/de\/miniaturmodell-motor\/#local-main-organization-logo\"},\"image\":{\"@id\":\"https:\/\/www.eliassen.nl\/de\/miniaturmodell-motor\/#local-main-organization-logo\"},\"sameAs\":[\"https:\/\/www.facebook.com\/TuincentrumEliassenAmmerzoden\",\"https:\/\/www.instagram.com\/eliassenhomeandgarden\/\",\"https:\/\/nl.pinterest.com\/eliassenhomeandgarden\/\",\"https:\/\/www.youtube.com\/@eliassenhomegardenpleasure4558\"],\"telephone\":[],\"openingHoursSpecification\":[{\"@type\":\"OpeningHoursSpecification\",\"dayOfWeek\":[\"Monday\",\"Tuesday\",\"Wednesday\",\"Thursday\",\"Friday\",\"Saturday\",\"Sunday\"],\"opens\":\"09:00\",\"closes\":\"17:00\"}]},{\"@type\":\"ImageObject\",\"inLanguage\":\"de\",\"@id\":\"https:\/\/www.eliassen.nl\/de\/miniaturmodell-motor\/#local-main-organization-logo\",\"url\":\"https:\/\/www.eliassen.nl\/wp-content\/uploads\/2024\/01\/logo_4nd.jpg\",\"contentUrl\":\"https:\/\/www.eliassen.nl\/wp-content\/uploads\/2024\/01\/logo_4nd.jpg\",\"width\":500,\"height\":500,\"caption\":\"Eliassen Home & Garden Pleasure\"}]}<\/script>\n<meta property=\"product:price:amount\" content=\"29.50\" \/>\n<meta property=\"product:price:currency\" content=\"EUR\" \/>\n<meta property=\"og:availability\" content=\"instock\" \/>\n<meta property=\"product:availability\" content=\"instock\" \/>\n<meta property=\"product:retailer_item_id\" content=\"331111\" \/>\n<meta property=\"product:condition\" content=\"new\" \/>\n<!-- \/ Yoast SEO Premium plugin. -->","yoast_head_json":{"title":"Miniaturmodell Motor | Eliassen","description":"Bei Eliassen k\u00f6nnen Sie Miniaturmodellmotoren online kaufen oder live im Ausstellungsraum betrachten. Wir haben die beste Metalldekoration, Miniaturfahrzeuge aus Metall","robots":{"index":"index","follow":"follow","max-snippet":"max-snippet:-1","max-image-preview":"max-image-preview:large","max-video-preview":"max-video-preview:-1"},"canonical":"https:\/\/www.eliassen.nl\/de\/miniaturmodell-motor\/","og_locale":"de_DE","og_type":"article","og_title":"Sonstige Miniaturmodell Motor 28cm - Eliassen.nl","og_description":"Bei Eliassen k\u00f6nnen Sie Miniaturmodellmotoren online kaufen oder live im Ausstellungsraum betrachten. Wir haben die beste Metalldekoration, Miniaturfahrzeuge aus Metall","og_url":"https:\/\/www.eliassen.nl\/de\/miniaturmodell-motor\/","og_site_name":"Eliassen.nl","article_publisher":"https:\/\/www.facebook.com\/TuincentrumEliassenAmmerzoden","article_modified_time":"2026-01-12T14:48:35+00:00","og_image":[{"width":1440,"height":1080,"url":"https:\/\/www.eliassen.nl\/wp-content\/uploads\/2024\/01\/331111a.jpg","type":"image\/jpeg"}],"twitter_card":"summary_large_image","schema":{"@context":"https:\/\/schema.org","@graph":[{"@type":"WebPage","@id":"https:\/\/www.eliassen.nl\/de\/miniaturmodell-motor\/","url":"https:\/\/www.eliassen.nl\/de\/miniaturmodell-motor\/","name":"Miniaturmodell Motor | Eliassen","isPartOf":{"@id":"https:\/\/www.eliassen.nl\/de\/#website"},"primaryImageOfPage":{"@id":"https:\/\/www.eliassen.nl\/de\/miniaturmodell-motor\/#primaryimage"},"image":{"@id":"https:\/\/www.eliassen.nl\/de\/miniaturmodell-motor\/#primaryimage"},"thumbnailUrl":"https:\/\/www.eliassen.nl\/wp-content\/uploads\/2024\/01\/331111a.jpg","datePublished":"2021-04-01T15:28:52+00:00","dateModified":"2026-01-12T14:48:35+00:00","description":"Bei Eliassen k\u00f6nnen Sie Miniaturmodellmotoren online kaufen oder live im Ausstellungsraum betrachten. Wir haben die beste Metalldekoration, Miniaturfahrzeuge aus Metall","breadcrumb":{"@id":"https:\/\/www.eliassen.nl\/de\/miniaturmodell-motor\/#breadcrumb"},"inLanguage":"de","potentialAction":[{"@type":"ReadAction","target":["https:\/\/www.eliassen.nl\/de\/miniaturmodell-motor\/"]}]},{"@type":"ImageObject","inLanguage":"de","@id":"https:\/\/www.eliassen.nl\/de\/miniaturmodell-motor\/#primaryimage","url":"https:\/\/www.eliassen.nl\/wp-content\/uploads\/2024\/01\/331111a.jpg","contentUrl":"https:\/\/www.eliassen.nl\/wp-content\/uploads\/2024\/01\/331111a.jpg","width":1440,"height":1080,"caption":"331111a"},{"@type":"BreadcrumbList","@id":"https:\/\/www.eliassen.nl\/de\/miniaturmodell-motor\/#breadcrumb","itemListElement":[{"@type":"ListItem","position":1,"name":"Home","item":"https:\/\/www.eliassen.nl\/de\/"},{"@type":"ListItem","position":2,"name":"Shop","item":"https:\/\/www.eliassen.nl\/de\/shop\/"},{"@type":"ListItem","position":3,"name":"Dekoration aus Metall","item":"https:\/\/www.eliassen.nl\/de\/dekoration-aus-metall\/"},{"@type":"ListItem","position":4,"name":"Miniaturfahrzeuge aus Metall","item":"https:\/\/www.eliassen.nl\/de\/dekoration-aus-metall\/miniaturfahrzeuge-aus-metall\/"},{"@type":"ListItem","position":5,"name":"Miniaturmodell Motor 28cm"}]},{"@type":"WebSite","@id":"https:\/\/www.eliassen.nl\/de\/#website","url":"https:\/\/www.eliassen.nl\/de\/","name":"Eliassen Home & Garden Pleasure","description":"","publisher":{"@id":"https:\/\/www.eliassen.nl\/de\/#organization"},"alternateName":"Eliassen.nl","potentialAction":[{"@type":"SearchAction","target":{"@type":"EntryPoint","urlTemplate":"https:\/\/www.eliassen.nl\/de\/?s={search_term_string}"},"query-input":{"@type":"PropertyValueSpecification","valueRequired":true,"valueName":"search_term_string"}}],"inLanguage":"de"},{"@type":["Organization","Place"],"@id":"https:\/\/www.eliassen.nl\/de\/#organization","name":"Eliassen Home & Garden Pleasure","url":"https:\/\/www.eliassen.nl\/de\/","logo":{"@id":"https:\/\/www.eliassen.nl\/de\/miniaturmodell-motor\/#local-main-organization-logo"},"image":{"@id":"https:\/\/www.eliassen.nl\/de\/miniaturmodell-motor\/#local-main-organization-logo"},"sameAs":["https:\/\/www.facebook.com\/TuincentrumEliassenAmmerzoden","https:\/\/www.instagram.com\/eliassenhomeandgarden\/","https:\/\/nl.pinterest.com\/eliassenhomeandgarden\/","https:\/\/www.youtube.com\/@eliassenhomegardenpleasure4558"],"telephone":[],"openingHoursSpecification":[{"@type":"OpeningHoursSpecification","dayOfWeek":["Monday","Tuesday","Wednesday","Thursday","Friday","Saturday","Sunday"],"opens":"09:00","closes":"17:00"}]},{"@type":"ImageObject","inLanguage":"de","@id":"https:\/\/www.eliassen.nl\/de\/miniaturmodell-motor\/#local-main-organization-logo","url":"https:\/\/www.eliassen.nl\/wp-content\/uploads\/2024\/01\/logo_4nd.jpg","contentUrl":"https:\/\/www.eliassen.nl\/wp-content\/uploads\/2024\/01\/logo_4nd.jpg","width":500,"height":500,"caption":"Eliassen Home & Garden Pleasure"}]},"product_price_amount":"29.50","product_price_currency":"EUR","og_availability":"instock","product_availability":"instock","product_retailer_item_id":"331111","product_condition":"new"},"df_price":29.5,"df_sale_price":"","df_regular_price":29.5,"df_image_link":"https:\/\/www.eliassen.nl\/wp-content\/uploads\/2024\/01\/331111a.jpg","image":"https:\/\/www.eliassen.nl\/wp-content\/uploads\/2024\/01\/331111a.jpg","price_search":"<span class=\"woocommerce-Price-amount amount\"><bdi><span class=\"woocommerce-Price-currencySymbol\">&euro;<\/span>&nbsp;29,50<\/bdi><\/span>","category":"Dekoration aus Metall","global_unique_id":"9503782472931","_links":{"self":[{"href":"https:\/\/www.eliassen.nl\/de\/wp-json\/wp\/v2\/product\/33922","targetHints":{"allow":["GET"]}}],"collection":[{"href":"https:\/\/www.eliassen.nl\/de\/wp-json\/wp\/v2\/product"}],"about":[{"href":"https:\/\/www.eliassen.nl\/de\/wp-json\/wp\/v2\/types\/product"}],"wp:featuredmedia":[{"embeddable":true,"href":"https:\/\/www.eliassen.nl\/de\/wp-json\/wp\/v2\/media\/33904"}],"wp:attachment":[{"href":"https:\/\/www.eliassen.nl\/de\/wp-json\/wp\/v2\/media?parent=33922"}],"wp:term":[{"taxonomy":"product_brand","embeddable":true,"href":"https:\/\/www.eliassen.nl\/de\/wp-json\/wp\/v2\/product_brand?post=33922"},{"taxonomy":"product_cat","embeddable":true,"href":"https:\/\/www.eliassen.nl\/de\/wp-json\/wp\/v2\/product_cat?post=33922"},{"taxonomy":"product_tag","embeddable":true,"href":"https:\/\/www.eliassen.nl\/de\/wp-json\/wp\/v2\/product_tag?post=33922"}],"curies":[{"name":"wp","href":"https:\/\/api.w.org\/{rel}","templated":true}]}}