{"id":2788,"date":"2019-10-28T15:27:40","date_gmt":"2019-10-28T15:27:40","guid":{"rendered":"https:\/\/www.eliassen.nl\/?product=bronze-frau-auf-der-hand"},"modified":"2026-01-16T13:04:48","modified_gmt":"2026-01-16T12:04:48","slug":"bronze-frau-auf-der-hand","status":"publish","type":"product","link":"https:\/\/www.eliassen.nl\/de\/bronze-frau-auf-der-hand\/","title":{"rendered":"Bronzeskulptur Frau auf Faust"},"content":{"rendered":"<p>Wundersch\u00f6ne Skulptur eines Turners, der eine Faust macht. Hergestellt aus 100% hochwertiger Bronze mit einem Mindestkupfergehalt von 75%, der eine sehr lange Lebensdauer und keine unsch\u00f6nen Flecken garantiert. Ein sch\u00f6nes und langlebiges Dekorationsobjekt f\u00fcr Haus, Gesch\u00e4ft oder Garten, aber auch ein wunderbares Geschenk. Suchen Sie eine Bronzestatue f\u00fcr ein Jubil\u00e4um? Wir k\u00f6nnen auch Textschilder f\u00fcr den Sockel liefern.<br \/>Die Gr\u00f6\u00dfen sind inkl. Marmorsockel, wie auf dem Foto gezeigt. Die Farbe des Sockels kann variieren, da es sich um Naturstein handelt.<\/p>\n<ul>\n<li>Gr\u00f6\u00dfe: H\u00f6he 31 cm Breite 13,3 cm L\u00e4nge 20,5 cm.<\/li>\n<li>Wird mit Zertifikat geliefert.<\/li>\n<li>Schnelle Lieferung.<\/li>\n<li>30 Jahre Garantie.<\/li>\n<li><strong>Bei uns finden Sie die gr\u00f6\u00dfte Sammlung von Bronzeskulpturen, die Sie live betrachten k\u00f6nnen.<\/strong><\/li>\n<li>Wir verkaufen nur Statuen aus 100% Bronze, also keine Statuen mit einer Bronzebeschichtung.<\/li>\n<\/ul>\n","protected":false},"excerpt":{"rendered":"<p>Wundersch\u00f6ne Skulptur eines Turners, der eine Faust macht. Hergestellt aus 100% hochwertiger Bronze mit einem Mindestkupfergehalt von 75%, der eine sehr lange Lebensdauer und keine unsch\u00f6nen Flecken garantiert. Ein sch\u00f6nes und langlebiges Dekorationsobjekt f\u00fcr Haus, Gesch\u00e4ft oder Garten, aber auch ein wunderbares Geschenk. Suchen Sie eine Bronzestatue f\u00fcr ein Jubil\u00e4um? Wir k\u00f6nnen auch Textschilder f\u00fcr &hellip;<\/p>\n","protected":false},"featured_media":2776,"template":"","meta":{"_acf_changed":false,"_genesis_title":"","_genesis_description":""},"product_brand":[7505],"product_cat":[629,613,7239],"product_tag":[],"class_list":{"0":"post-2788","1":"product","2":"type-product","3":"status-publish","4":"has-post-thumbnail","6":"product_brand-sonstige","7":"product_cat-nackte-bilder","8":"product_cat-bronzestatuen","9":"product_cat-bilder","11":"first","12":"instock","13":"taxable","14":"shipping-taxable","15":"purchasable","16":"product-type-simple"},"acf":[],"meta_all":{"total_sales":"0","wcml_sync_hash":{"postmeta_fields":"4006208c4d0baca3b4a81b7350b429bf"},"attr_label_translations":[]},"meta_all_flat":{"total_sales":"0","wcml_sync_hash.postmeta_fields":"4006208c4d0baca3b4a81b7350b429bf"},"yoast_head":"<!-- This site is optimized with the Yoast SEO Premium plugin v26.2 (Yoast SEO v27.2) - https:\/\/yoast.com\/product\/yoast-seo-premium-wordpress\/ -->\n<title>Bronzeskulptur Frau auf Faust | Eliassen<\/title>\n<meta name=\"description\" content=\"Bei Eliassen k\u00f6nnen Sie die Bronzeskulptur Frau auf Faust online kaufen oder live im Ausstellungsraum betrachten. Wir haben die sch\u00f6nsten Bronzestatuen, Aktstatuen\" \/>\n<meta name=\"robots\" content=\"index, follow, max-snippet:-1, max-image-preview:large, max-video-preview:-1\" \/>\n<link rel=\"canonical\" href=\"https:\/\/www.eliassen.nl\/de\/bronze-frau-auf-der-hand\/\" \/>\n<meta property=\"og:locale\" content=\"de_DE\" \/>\n<meta property=\"og:type\" content=\"article\" \/>\n<meta property=\"og:title\" content=\"Sonstige Bronzeskulptur Frau auf Faust - Eliassen.nl\" \/>\n<meta property=\"og:description\" content=\"Bei Eliassen k\u00f6nnen Sie die Bronzeskulptur Frau auf Faust online kaufen oder live im Ausstellungsraum betrachten. Wir haben die sch\u00f6nsten Bronzestatuen, Aktstatuen\" \/>\n<meta property=\"og:url\" content=\"https:\/\/www.eliassen.nl\/de\/bronze-frau-auf-der-hand\/\" \/>\n<meta property=\"og:site_name\" content=\"Eliassen.nl\" \/>\n<meta property=\"article:publisher\" content=\"https:\/\/www.facebook.com\/TuincentrumEliassenAmmerzoden\" \/>\n<meta property=\"article:modified_time\" content=\"2026-01-16T12:04:48+00:00\" \/>\n<meta property=\"og:image\" content=\"https:\/\/www.eliassen.nl\/wp-content\/uploads\/2024\/01\/jk25001.jpg\" \/>\n\t<meta property=\"og:image:width\" content=\"979\" \/>\n\t<meta property=\"og:image:height\" content=\"1024\" \/>\n\t<meta property=\"og:image:type\" content=\"image\/jpeg\" \/>\n<meta name=\"twitter:card\" content=\"summary_large_image\" \/>\n<script type=\"application\/ld+json\" class=\"yoast-schema-graph\">{\"@context\":\"https:\/\/schema.org\",\"@graph\":[{\"@type\":\"WebPage\",\"@id\":\"https:\/\/www.eliassen.nl\/de\/bronze-frau-auf-der-hand\/\",\"url\":\"https:\/\/www.eliassen.nl\/de\/bronze-frau-auf-der-hand\/\",\"name\":\"Bronzeskulptur Frau auf Faust | Eliassen\",\"isPartOf\":{\"@id\":\"https:\/\/www.eliassen.nl\/de\/#website\"},\"primaryImageOfPage\":{\"@id\":\"https:\/\/www.eliassen.nl\/de\/bronze-frau-auf-der-hand\/#primaryimage\"},\"image\":{\"@id\":\"https:\/\/www.eliassen.nl\/de\/bronze-frau-auf-der-hand\/#primaryimage\"},\"thumbnailUrl\":\"https:\/\/www.eliassen.nl\/wp-content\/uploads\/2024\/01\/jk25001.jpg\",\"datePublished\":\"2019-10-28T15:27:40+00:00\",\"dateModified\":\"2026-01-16T12:04:48+00:00\",\"description\":\"Bei Eliassen k\u00f6nnen Sie die Bronzeskulptur Frau auf Faust online kaufen oder live im Ausstellungsraum betrachten. Wir haben die sch\u00f6nsten Bronzestatuen, Aktstatuen\",\"breadcrumb\":{\"@id\":\"https:\/\/www.eliassen.nl\/de\/bronze-frau-auf-der-hand\/#breadcrumb\"},\"inLanguage\":\"de\",\"potentialAction\":[{\"@type\":\"ReadAction\",\"target\":[\"https:\/\/www.eliassen.nl\/de\/bronze-frau-auf-der-hand\/\"]}]},{\"@type\":\"ImageObject\",\"inLanguage\":\"de\",\"@id\":\"https:\/\/www.eliassen.nl\/de\/bronze-frau-auf-der-hand\/#primaryimage\",\"url\":\"https:\/\/www.eliassen.nl\/wp-content\/uploads\/2024\/01\/jk25001.jpg\",\"contentUrl\":\"https:\/\/www.eliassen.nl\/wp-content\/uploads\/2024\/01\/jk25001.jpg\",\"width\":979,\"height\":1024,\"caption\":\"jk-25-001\"},{\"@type\":\"BreadcrumbList\",\"@id\":\"https:\/\/www.eliassen.nl\/de\/bronze-frau-auf-der-hand\/#breadcrumb\",\"itemListElement\":[{\"@type\":\"ListItem\",\"position\":1,\"name\":\"Home\",\"item\":\"https:\/\/www.eliassen.nl\/de\/\"},{\"@type\":\"ListItem\",\"position\":2,\"name\":\"Shop\",\"item\":\"https:\/\/www.eliassen.nl\/de\/shop\/\"},{\"@type\":\"ListItem\",\"position\":3,\"name\":\"Bronzestatuen\",\"item\":\"https:\/\/www.eliassen.nl\/de\/bronzestatuen\/\"},{\"@type\":\"ListItem\",\"position\":4,\"name\":\"Aktfiguren aus Bronze\",\"item\":\"https:\/\/www.eliassen.nl\/de\/bilder\/bronzestatuen\/nackte-bilder\/\"},{\"@type\":\"ListItem\",\"position\":5,\"name\":\"Bronzeskulptur Frau auf Faust\"}]},{\"@type\":\"WebSite\",\"@id\":\"https:\/\/www.eliassen.nl\/de\/#website\",\"url\":\"https:\/\/www.eliassen.nl\/de\/\",\"name\":\"Eliassen Home & Garden Pleasure\",\"description\":\"\",\"publisher\":{\"@id\":\"https:\/\/www.eliassen.nl\/de\/#organization\"},\"alternateName\":\"Eliassen.nl\",\"potentialAction\":[{\"@type\":\"SearchAction\",\"target\":{\"@type\":\"EntryPoint\",\"urlTemplate\":\"https:\/\/www.eliassen.nl\/de\/?s={search_term_string}\"},\"query-input\":{\"@type\":\"PropertyValueSpecification\",\"valueRequired\":true,\"valueName\":\"search_term_string\"}}],\"inLanguage\":\"de\"},{\"@type\":[\"Organization\",\"Place\"],\"@id\":\"https:\/\/www.eliassen.nl\/de\/#organization\",\"name\":\"Eliassen Home & Garden Pleasure\",\"url\":\"https:\/\/www.eliassen.nl\/de\/\",\"logo\":{\"@id\":\"https:\/\/www.eliassen.nl\/de\/bronze-frau-auf-der-hand\/#local-main-organization-logo\"},\"image\":{\"@id\":\"https:\/\/www.eliassen.nl\/de\/bronze-frau-auf-der-hand\/#local-main-organization-logo\"},\"sameAs\":[\"https:\/\/www.facebook.com\/TuincentrumEliassenAmmerzoden\",\"https:\/\/www.instagram.com\/eliassenhomeandgarden\/\",\"https:\/\/nl.pinterest.com\/eliassenhomeandgarden\/\",\"https:\/\/www.youtube.com\/@eliassenhomegardenpleasure4558\"],\"telephone\":[],\"openingHoursSpecification\":[{\"@type\":\"OpeningHoursSpecification\",\"dayOfWeek\":[\"Monday\",\"Tuesday\",\"Wednesday\",\"Thursday\",\"Friday\",\"Saturday\",\"Sunday\"],\"opens\":\"09:00\",\"closes\":\"17:00\"}]},{\"@type\":\"ImageObject\",\"inLanguage\":\"de\",\"@id\":\"https:\/\/www.eliassen.nl\/de\/bronze-frau-auf-der-hand\/#local-main-organization-logo\",\"url\":\"https:\/\/www.eliassen.nl\/wp-content\/uploads\/2024\/01\/logo_4nd.jpg\",\"contentUrl\":\"https:\/\/www.eliassen.nl\/wp-content\/uploads\/2024\/01\/logo_4nd.jpg\",\"width\":500,\"height\":500,\"caption\":\"Eliassen Home & Garden Pleasure\"}]}<\/script>\n<meta property=\"product:price:amount\" content=\"190.00\" \/>\n<meta property=\"product:price:currency\" content=\"EUR\" \/>\n<meta property=\"og:availability\" content=\"instock\" \/>\n<meta property=\"product:availability\" content=\"instock\" \/>\n<meta property=\"product:retailer_item_id\" content=\"Jk-25\" \/>\n<meta property=\"product:condition\" content=\"new\" \/>\n<!-- \/ Yoast SEO Premium plugin. -->","yoast_head_json":{"title":"Bronzeskulptur Frau auf Faust | Eliassen","description":"Bei Eliassen k\u00f6nnen Sie die Bronzeskulptur Frau auf Faust online kaufen oder live im Ausstellungsraum betrachten. Wir haben die sch\u00f6nsten Bronzestatuen, Aktstatuen","robots":{"index":"index","follow":"follow","max-snippet":"max-snippet:-1","max-image-preview":"max-image-preview:large","max-video-preview":"max-video-preview:-1"},"canonical":"https:\/\/www.eliassen.nl\/de\/bronze-frau-auf-der-hand\/","og_locale":"de_DE","og_type":"article","og_title":"Sonstige Bronzeskulptur Frau auf Faust - Eliassen.nl","og_description":"Bei Eliassen k\u00f6nnen Sie die Bronzeskulptur Frau auf Faust online kaufen oder live im Ausstellungsraum betrachten. Wir haben die sch\u00f6nsten Bronzestatuen, Aktstatuen","og_url":"https:\/\/www.eliassen.nl\/de\/bronze-frau-auf-der-hand\/","og_site_name":"Eliassen.nl","article_publisher":"https:\/\/www.facebook.com\/TuincentrumEliassenAmmerzoden","article_modified_time":"2026-01-16T12:04:48+00:00","og_image":[{"width":979,"height":1024,"url":"https:\/\/www.eliassen.nl\/wp-content\/uploads\/2024\/01\/jk25001.jpg","type":"image\/jpeg"}],"twitter_card":"summary_large_image","schema":{"@context":"https:\/\/schema.org","@graph":[{"@type":"WebPage","@id":"https:\/\/www.eliassen.nl\/de\/bronze-frau-auf-der-hand\/","url":"https:\/\/www.eliassen.nl\/de\/bronze-frau-auf-der-hand\/","name":"Bronzeskulptur Frau auf Faust | Eliassen","isPartOf":{"@id":"https:\/\/www.eliassen.nl\/de\/#website"},"primaryImageOfPage":{"@id":"https:\/\/www.eliassen.nl\/de\/bronze-frau-auf-der-hand\/#primaryimage"},"image":{"@id":"https:\/\/www.eliassen.nl\/de\/bronze-frau-auf-der-hand\/#primaryimage"},"thumbnailUrl":"https:\/\/www.eliassen.nl\/wp-content\/uploads\/2024\/01\/jk25001.jpg","datePublished":"2019-10-28T15:27:40+00:00","dateModified":"2026-01-16T12:04:48+00:00","description":"Bei Eliassen k\u00f6nnen Sie die Bronzeskulptur Frau auf Faust online kaufen oder live im Ausstellungsraum betrachten. Wir haben die sch\u00f6nsten Bronzestatuen, Aktstatuen","breadcrumb":{"@id":"https:\/\/www.eliassen.nl\/de\/bronze-frau-auf-der-hand\/#breadcrumb"},"inLanguage":"de","potentialAction":[{"@type":"ReadAction","target":["https:\/\/www.eliassen.nl\/de\/bronze-frau-auf-der-hand\/"]}]},{"@type":"ImageObject","inLanguage":"de","@id":"https:\/\/www.eliassen.nl\/de\/bronze-frau-auf-der-hand\/#primaryimage","url":"https:\/\/www.eliassen.nl\/wp-content\/uploads\/2024\/01\/jk25001.jpg","contentUrl":"https:\/\/www.eliassen.nl\/wp-content\/uploads\/2024\/01\/jk25001.jpg","width":979,"height":1024,"caption":"jk-25-001"},{"@type":"BreadcrumbList","@id":"https:\/\/www.eliassen.nl\/de\/bronze-frau-auf-der-hand\/#breadcrumb","itemListElement":[{"@type":"ListItem","position":1,"name":"Home","item":"https:\/\/www.eliassen.nl\/de\/"},{"@type":"ListItem","position":2,"name":"Shop","item":"https:\/\/www.eliassen.nl\/de\/shop\/"},{"@type":"ListItem","position":3,"name":"Bronzestatuen","item":"https:\/\/www.eliassen.nl\/de\/bronzestatuen\/"},{"@type":"ListItem","position":4,"name":"Aktfiguren aus Bronze","item":"https:\/\/www.eliassen.nl\/de\/bilder\/bronzestatuen\/nackte-bilder\/"},{"@type":"ListItem","position":5,"name":"Bronzeskulptur Frau auf Faust"}]},{"@type":"WebSite","@id":"https:\/\/www.eliassen.nl\/de\/#website","url":"https:\/\/www.eliassen.nl\/de\/","name":"Eliassen Home & Garden Pleasure","description":"","publisher":{"@id":"https:\/\/www.eliassen.nl\/de\/#organization"},"alternateName":"Eliassen.nl","potentialAction":[{"@type":"SearchAction","target":{"@type":"EntryPoint","urlTemplate":"https:\/\/www.eliassen.nl\/de\/?s={search_term_string}"},"query-input":{"@type":"PropertyValueSpecification","valueRequired":true,"valueName":"search_term_string"}}],"inLanguage":"de"},{"@type":["Organization","Place"],"@id":"https:\/\/www.eliassen.nl\/de\/#organization","name":"Eliassen Home & Garden Pleasure","url":"https:\/\/www.eliassen.nl\/de\/","logo":{"@id":"https:\/\/www.eliassen.nl\/de\/bronze-frau-auf-der-hand\/#local-main-organization-logo"},"image":{"@id":"https:\/\/www.eliassen.nl\/de\/bronze-frau-auf-der-hand\/#local-main-organization-logo"},"sameAs":["https:\/\/www.facebook.com\/TuincentrumEliassenAmmerzoden","https:\/\/www.instagram.com\/eliassenhomeandgarden\/","https:\/\/nl.pinterest.com\/eliassenhomeandgarden\/","https:\/\/www.youtube.com\/@eliassenhomegardenpleasure4558"],"telephone":[],"openingHoursSpecification":[{"@type":"OpeningHoursSpecification","dayOfWeek":["Monday","Tuesday","Wednesday","Thursday","Friday","Saturday","Sunday"],"opens":"09:00","closes":"17:00"}]},{"@type":"ImageObject","inLanguage":"de","@id":"https:\/\/www.eliassen.nl\/de\/bronze-frau-auf-der-hand\/#local-main-organization-logo","url":"https:\/\/www.eliassen.nl\/wp-content\/uploads\/2024\/01\/logo_4nd.jpg","contentUrl":"https:\/\/www.eliassen.nl\/wp-content\/uploads\/2024\/01\/logo_4nd.jpg","width":500,"height":500,"caption":"Eliassen Home & Garden Pleasure"}]},"product_price_amount":"190.00","product_price_currency":"EUR","og_availability":"instock","product_availability":"instock","product_retailer_item_id":"Jk-25","product_condition":"new"},"df_price":190,"df_sale_price":"","df_regular_price":190,"df_image_link":"https:\/\/www.eliassen.nl\/wp-content\/uploads\/2024\/01\/jk25001.jpg","image":"https:\/\/www.eliassen.nl\/wp-content\/uploads\/2024\/01\/jk25001.jpg","price_search":"<span class=\"woocommerce-Price-amount amount\"><bdi><span class=\"woocommerce-Price-currencySymbol\">&euro;<\/span>&nbsp;190,00<\/bdi><\/span>","category":"Aktfiguren aus Bronze","global_unique_id":"7438245847891","_links":{"self":[{"href":"https:\/\/www.eliassen.nl\/de\/wp-json\/wp\/v2\/product\/2788","targetHints":{"allow":["GET"]}}],"collection":[{"href":"https:\/\/www.eliassen.nl\/de\/wp-json\/wp\/v2\/product"}],"about":[{"href":"https:\/\/www.eliassen.nl\/de\/wp-json\/wp\/v2\/types\/product"}],"wp:featuredmedia":[{"embeddable":true,"href":"https:\/\/www.eliassen.nl\/de\/wp-json\/wp\/v2\/media\/2776"}],"wp:attachment":[{"href":"https:\/\/www.eliassen.nl\/de\/wp-json\/wp\/v2\/media?parent=2788"}],"wp:term":[{"taxonomy":"product_brand","embeddable":true,"href":"https:\/\/www.eliassen.nl\/de\/wp-json\/wp\/v2\/product_brand?post=2788"},{"taxonomy":"product_cat","embeddable":true,"href":"https:\/\/www.eliassen.nl\/de\/wp-json\/wp\/v2\/product_cat?post=2788"},{"taxonomy":"product_tag","embeddable":true,"href":"https:\/\/www.eliassen.nl\/de\/wp-json\/wp\/v2\/product_tag?post=2788"}],"curies":[{"name":"wp","href":"https:\/\/api.w.org\/{rel}","templated":true}]}}