{"id":2758,"date":"2019-10-28T15:27:34","date_gmt":"2019-10-28T15:27:34","guid":{"rendered":"https:\/\/www.eliassen.nl\/?product=dicke-bronzestatue-liegende-frau"},"modified":"2026-01-16T13:04:56","modified_gmt":"2026-01-16T12:04:56","slug":"bild-dicke-bronze-liegende-frau","status":"publish","type":"product","link":"https:\/\/www.eliassen.nl\/de\/bild-dicke-bronze-liegende-frau\/","title":{"rendered":"Statue Bronze fette liegende Frau"},"content":{"rendered":"<p>Wundersch\u00f6ne surreale Statue einer dicken Frau aus hochwertiger Bronze mit einem Mindestkupfergehalt von 75%, der eine sehr lange Lebensdauer gew\u00e4hrleistet. Ein sch\u00f6nes und langlebiges Dekorationsobjekt f\u00fcr Haus, Gesch\u00e4ft oder Garten, aber auch ein wunderbares Geschenk. Suchen Sie eine Bronzestatue f\u00fcr ein Jubil\u00e4um? Wir k\u00f6nnen auch Textschilder f\u00fcr den Sockel liefern.<br \/><span style=\"text-decoration: underline;\">Die Gr\u00f6\u00dfen sind inkl. Marmorsockel, wie auf dem Foto gezeigt. Die Farbe des Sockels kann variieren, da es sich um Naturstein handelt.<\/span><\/p>\n<ul>\n<li>Gr\u00f6\u00dfe: H\u00f6he 25cm Breite 13cm L\u00e4nge 45cm.<\/li>\n<li>Wird mit Zertifikat geliefert.<\/li>\n<li>Schnelle Lieferung.<\/li>\n<li>30 Jahre Garantie.<\/li>\n<li><strong>Die gr\u00f6\u00dfte Sammlung von Bronzeskulpturen, die live zu sehen ist.<\/strong><\/li>\n<\/ul>\n","protected":false},"excerpt":{"rendered":"<p>Wundersch\u00f6ne surreale Statue einer dicken Frau aus hochwertiger Bronze mit einem Mindestkupfergehalt von 75%, der eine sehr lange Lebensdauer gew\u00e4hrleistet. Ein sch\u00f6nes und langlebiges Dekorationsobjekt f\u00fcr Haus, Gesch\u00e4ft oder Garten, aber auch ein wunderbares Geschenk. Suchen Sie eine Bronzestatue f\u00fcr ein Jubil\u00e4um? Wir k\u00f6nnen auch Textschilder f\u00fcr den Sockel liefern.Die Gr\u00f6\u00dfen sind inkl. Marmorsockel, wie &hellip;<\/p>\n","protected":false},"featured_media":2749,"template":"","meta":{"_acf_changed":false,"_genesis_title":"","_genesis_description":""},"product_brand":[7505],"product_cat":[632,613,7239],"product_tag":[],"class_list":{"0":"post-2758","1":"product","2":"type-product","3":"status-publish","4":"has-post-thumbnail","6":"product_brand-sonstige","7":"product_cat-bilder-von-dicken-frauen","8":"product_cat-bronzestatuen","9":"product_cat-bilder","11":"first","12":"instock","13":"taxable","14":"shipping-taxable","15":"purchasable","16":"product-type-simple"},"acf":[],"meta_all":{"total_sales":"0","wcml_sync_hash":{"postmeta_fields":"67078c9fbe98c06617d7773360a579db"},"attr_label_translations":[]},"meta_all_flat":{"total_sales":"0","wcml_sync_hash.postmeta_fields":"67078c9fbe98c06617d7773360a579db"},"yoast_head":"<!-- This site is optimized with the Yoast SEO Premium plugin v26.2 (Yoast SEO v27.2) - https:\/\/yoast.com\/product\/yoast-seo-premium-wordpress\/ -->\n<title>Skulptur Bronze Liegende Frau | Eliassen<\/title>\n<meta name=\"description\" content=\"Bei Eliassen k\u00f6nnen Sie Statue Bronze Dicke liegende Frau online kaufen oder live im Ausstellungsraum betrachten. Wir haben die sch\u00f6nsten Bronzestatuen, Fat Lady Statuen\" \/>\n<meta name=\"robots\" content=\"index, follow, max-snippet:-1, max-image-preview:large, max-video-preview:-1\" \/>\n<link rel=\"canonical\" href=\"https:\/\/www.eliassen.nl\/de\/bild-dicke-bronze-liegende-frau\/\" \/>\n<meta property=\"og:locale\" content=\"de_DE\" \/>\n<meta property=\"og:type\" content=\"article\" \/>\n<meta property=\"og:title\" content=\"Sonstige Statue Bronze fette liegende Frau - Eliassen.nl\" \/>\n<meta property=\"og:description\" content=\"Bei Eliassen k\u00f6nnen Sie Statue Bronze Dicke liegende Frau online kaufen oder live im Ausstellungsraum betrachten. Wir haben die sch\u00f6nsten Bronzestatuen, Fat Lady Statuen\" \/>\n<meta property=\"og:url\" content=\"https:\/\/www.eliassen.nl\/de\/bild-dicke-bronze-liegende-frau\/\" \/>\n<meta property=\"og:site_name\" content=\"Eliassen.nl\" \/>\n<meta property=\"article:publisher\" content=\"https:\/\/www.facebook.com\/TuincentrumEliassenAmmerzoden\" \/>\n<meta property=\"article:modified_time\" content=\"2026-01-16T12:04:56+00:00\" \/>\n<meta property=\"og:image\" content=\"https:\/\/www.eliassen.nl\/wp-content\/uploads\/2024\/01\/fa440011.jpg\" \/>\n\t<meta property=\"og:image:width\" content=\"1024\" \/>\n\t<meta property=\"og:image:height\" content=\"703\" \/>\n\t<meta property=\"og:image:type\" content=\"image\/jpeg\" \/>\n<meta name=\"twitter:card\" content=\"summary_large_image\" \/>\n<script type=\"application\/ld+json\" class=\"yoast-schema-graph\">{\"@context\":\"https:\/\/schema.org\",\"@graph\":[{\"@type\":\"WebPage\",\"@id\":\"https:\/\/www.eliassen.nl\/de\/bild-dicke-bronze-liegende-frau\/\",\"url\":\"https:\/\/www.eliassen.nl\/de\/bild-dicke-bronze-liegende-frau\/\",\"name\":\"Skulptur Bronze Liegende Frau | Eliassen\",\"isPartOf\":{\"@id\":\"https:\/\/www.eliassen.nl\/de\/#website\"},\"primaryImageOfPage\":{\"@id\":\"https:\/\/www.eliassen.nl\/de\/bild-dicke-bronze-liegende-frau\/#primaryimage\"},\"image\":{\"@id\":\"https:\/\/www.eliassen.nl\/de\/bild-dicke-bronze-liegende-frau\/#primaryimage\"},\"thumbnailUrl\":\"https:\/\/www.eliassen.nl\/wp-content\/uploads\/2024\/01\/fa440011.jpg\",\"datePublished\":\"2019-10-28T15:27:34+00:00\",\"dateModified\":\"2026-01-16T12:04:56+00:00\",\"description\":\"Bei Eliassen k\u00f6nnen Sie Statue Bronze Dicke liegende Frau online kaufen oder live im Ausstellungsraum betrachten. Wir haben die sch\u00f6nsten Bronzestatuen, Fat Lady Statuen\",\"breadcrumb\":{\"@id\":\"https:\/\/www.eliassen.nl\/de\/bild-dicke-bronze-liegende-frau\/#breadcrumb\"},\"inLanguage\":\"de\",\"potentialAction\":[{\"@type\":\"ReadAction\",\"target\":[\"https:\/\/www.eliassen.nl\/de\/bild-dicke-bronze-liegende-frau\/\"]}]},{\"@type\":\"ImageObject\",\"inLanguage\":\"de\",\"@id\":\"https:\/\/www.eliassen.nl\/de\/bild-dicke-bronze-liegende-frau\/#primaryimage\",\"url\":\"https:\/\/www.eliassen.nl\/wp-content\/uploads\/2024\/01\/fa440011.jpg\",\"contentUrl\":\"https:\/\/www.eliassen.nl\/wp-content\/uploads\/2024\/01\/fa440011.jpg\",\"width\":1024,\"height\":703,\"caption\":\"fa-44-001-1\"},{\"@type\":\"BreadcrumbList\",\"@id\":\"https:\/\/www.eliassen.nl\/de\/bild-dicke-bronze-liegende-frau\/#breadcrumb\",\"itemListElement\":[{\"@type\":\"ListItem\",\"position\":1,\"name\":\"Home\",\"item\":\"https:\/\/www.eliassen.nl\/de\/\"},{\"@type\":\"ListItem\",\"position\":2,\"name\":\"Shop\",\"item\":\"https:\/\/www.eliassen.nl\/de\/shop\/\"},{\"@type\":\"ListItem\",\"position\":3,\"name\":\"Bronzestatuen\",\"item\":\"https:\/\/www.eliassen.nl\/de\/bronzestatuen\/\"},{\"@type\":\"ListItem\",\"position\":4,\"name\":\"Bilder von dicken Frauen\",\"item\":\"https:\/\/www.eliassen.nl\/de\/bilder\/bronzestatuen\/bilder-von-dicken-frauen\/\"},{\"@type\":\"ListItem\",\"position\":5,\"name\":\"Statue Bronze fette liegende Frau\"}]},{\"@type\":\"WebSite\",\"@id\":\"https:\/\/www.eliassen.nl\/de\/#website\",\"url\":\"https:\/\/www.eliassen.nl\/de\/\",\"name\":\"Eliassen Home & Garden Pleasure\",\"description\":\"\",\"publisher\":{\"@id\":\"https:\/\/www.eliassen.nl\/de\/#organization\"},\"alternateName\":\"Eliassen.nl\",\"potentialAction\":[{\"@type\":\"SearchAction\",\"target\":{\"@type\":\"EntryPoint\",\"urlTemplate\":\"https:\/\/www.eliassen.nl\/de\/?s={search_term_string}\"},\"query-input\":{\"@type\":\"PropertyValueSpecification\",\"valueRequired\":true,\"valueName\":\"search_term_string\"}}],\"inLanguage\":\"de\"},{\"@type\":[\"Organization\",\"Place\"],\"@id\":\"https:\/\/www.eliassen.nl\/de\/#organization\",\"name\":\"Eliassen Home & Garden Pleasure\",\"url\":\"https:\/\/www.eliassen.nl\/de\/\",\"logo\":{\"@id\":\"https:\/\/www.eliassen.nl\/de\/bild-dicke-bronze-liegende-frau\/#local-main-organization-logo\"},\"image\":{\"@id\":\"https:\/\/www.eliassen.nl\/de\/bild-dicke-bronze-liegende-frau\/#local-main-organization-logo\"},\"sameAs\":[\"https:\/\/www.facebook.com\/TuincentrumEliassenAmmerzoden\",\"https:\/\/www.instagram.com\/eliassenhomeandgarden\/\",\"https:\/\/nl.pinterest.com\/eliassenhomeandgarden\/\",\"https:\/\/www.youtube.com\/@eliassenhomegardenpleasure4558\"],\"telephone\":[],\"openingHoursSpecification\":[{\"@type\":\"OpeningHoursSpecification\",\"dayOfWeek\":[\"Monday\",\"Tuesday\",\"Wednesday\",\"Thursday\",\"Friday\",\"Saturday\",\"Sunday\"],\"opens\":\"09:00\",\"closes\":\"17:00\"}]},{\"@type\":\"ImageObject\",\"inLanguage\":\"de\",\"@id\":\"https:\/\/www.eliassen.nl\/de\/bild-dicke-bronze-liegende-frau\/#local-main-organization-logo\",\"url\":\"https:\/\/www.eliassen.nl\/wp-content\/uploads\/2024\/01\/logo_4nd.jpg\",\"contentUrl\":\"https:\/\/www.eliassen.nl\/wp-content\/uploads\/2024\/01\/logo_4nd.jpg\",\"width\":500,\"height\":500,\"caption\":\"Eliassen Home & Garden Pleasure\"}]}<\/script>\n<meta property=\"product:price:amount\" content=\"250.00\" \/>\n<meta property=\"product:price:currency\" content=\"EUR\" \/>\n<meta property=\"og:availability\" content=\"instock\" \/>\n<meta property=\"product:availability\" content=\"instock\" \/>\n<meta property=\"product:retailer_item_id\" content=\"Fa-44\" \/>\n<meta property=\"product:condition\" content=\"new\" \/>\n<!-- \/ Yoast SEO Premium plugin. -->","yoast_head_json":{"title":"Skulptur Bronze Liegende Frau | Eliassen","description":"Bei Eliassen k\u00f6nnen Sie Statue Bronze Dicke liegende Frau online kaufen oder live im Ausstellungsraum betrachten. Wir haben die sch\u00f6nsten Bronzestatuen, Fat Lady Statuen","robots":{"index":"index","follow":"follow","max-snippet":"max-snippet:-1","max-image-preview":"max-image-preview:large","max-video-preview":"max-video-preview:-1"},"canonical":"https:\/\/www.eliassen.nl\/de\/bild-dicke-bronze-liegende-frau\/","og_locale":"de_DE","og_type":"article","og_title":"Sonstige Statue Bronze fette liegende Frau - Eliassen.nl","og_description":"Bei Eliassen k\u00f6nnen Sie Statue Bronze Dicke liegende Frau online kaufen oder live im Ausstellungsraum betrachten. Wir haben die sch\u00f6nsten Bronzestatuen, Fat Lady Statuen","og_url":"https:\/\/www.eliassen.nl\/de\/bild-dicke-bronze-liegende-frau\/","og_site_name":"Eliassen.nl","article_publisher":"https:\/\/www.facebook.com\/TuincentrumEliassenAmmerzoden","article_modified_time":"2026-01-16T12:04:56+00:00","og_image":[{"width":1024,"height":703,"url":"https:\/\/www.eliassen.nl\/wp-content\/uploads\/2024\/01\/fa440011.jpg","type":"image\/jpeg"}],"twitter_card":"summary_large_image","schema":{"@context":"https:\/\/schema.org","@graph":[{"@type":"WebPage","@id":"https:\/\/www.eliassen.nl\/de\/bild-dicke-bronze-liegende-frau\/","url":"https:\/\/www.eliassen.nl\/de\/bild-dicke-bronze-liegende-frau\/","name":"Skulptur Bronze Liegende Frau | Eliassen","isPartOf":{"@id":"https:\/\/www.eliassen.nl\/de\/#website"},"primaryImageOfPage":{"@id":"https:\/\/www.eliassen.nl\/de\/bild-dicke-bronze-liegende-frau\/#primaryimage"},"image":{"@id":"https:\/\/www.eliassen.nl\/de\/bild-dicke-bronze-liegende-frau\/#primaryimage"},"thumbnailUrl":"https:\/\/www.eliassen.nl\/wp-content\/uploads\/2024\/01\/fa440011.jpg","datePublished":"2019-10-28T15:27:34+00:00","dateModified":"2026-01-16T12:04:56+00:00","description":"Bei Eliassen k\u00f6nnen Sie Statue Bronze Dicke liegende Frau online kaufen oder live im Ausstellungsraum betrachten. Wir haben die sch\u00f6nsten Bronzestatuen, Fat Lady Statuen","breadcrumb":{"@id":"https:\/\/www.eliassen.nl\/de\/bild-dicke-bronze-liegende-frau\/#breadcrumb"},"inLanguage":"de","potentialAction":[{"@type":"ReadAction","target":["https:\/\/www.eliassen.nl\/de\/bild-dicke-bronze-liegende-frau\/"]}]},{"@type":"ImageObject","inLanguage":"de","@id":"https:\/\/www.eliassen.nl\/de\/bild-dicke-bronze-liegende-frau\/#primaryimage","url":"https:\/\/www.eliassen.nl\/wp-content\/uploads\/2024\/01\/fa440011.jpg","contentUrl":"https:\/\/www.eliassen.nl\/wp-content\/uploads\/2024\/01\/fa440011.jpg","width":1024,"height":703,"caption":"fa-44-001-1"},{"@type":"BreadcrumbList","@id":"https:\/\/www.eliassen.nl\/de\/bild-dicke-bronze-liegende-frau\/#breadcrumb","itemListElement":[{"@type":"ListItem","position":1,"name":"Home","item":"https:\/\/www.eliassen.nl\/de\/"},{"@type":"ListItem","position":2,"name":"Shop","item":"https:\/\/www.eliassen.nl\/de\/shop\/"},{"@type":"ListItem","position":3,"name":"Bronzestatuen","item":"https:\/\/www.eliassen.nl\/de\/bronzestatuen\/"},{"@type":"ListItem","position":4,"name":"Bilder von dicken Frauen","item":"https:\/\/www.eliassen.nl\/de\/bilder\/bronzestatuen\/bilder-von-dicken-frauen\/"},{"@type":"ListItem","position":5,"name":"Statue Bronze fette liegende Frau"}]},{"@type":"WebSite","@id":"https:\/\/www.eliassen.nl\/de\/#website","url":"https:\/\/www.eliassen.nl\/de\/","name":"Eliassen Home & Garden Pleasure","description":"","publisher":{"@id":"https:\/\/www.eliassen.nl\/de\/#organization"},"alternateName":"Eliassen.nl","potentialAction":[{"@type":"SearchAction","target":{"@type":"EntryPoint","urlTemplate":"https:\/\/www.eliassen.nl\/de\/?s={search_term_string}"},"query-input":{"@type":"PropertyValueSpecification","valueRequired":true,"valueName":"search_term_string"}}],"inLanguage":"de"},{"@type":["Organization","Place"],"@id":"https:\/\/www.eliassen.nl\/de\/#organization","name":"Eliassen Home & Garden Pleasure","url":"https:\/\/www.eliassen.nl\/de\/","logo":{"@id":"https:\/\/www.eliassen.nl\/de\/bild-dicke-bronze-liegende-frau\/#local-main-organization-logo"},"image":{"@id":"https:\/\/www.eliassen.nl\/de\/bild-dicke-bronze-liegende-frau\/#local-main-organization-logo"},"sameAs":["https:\/\/www.facebook.com\/TuincentrumEliassenAmmerzoden","https:\/\/www.instagram.com\/eliassenhomeandgarden\/","https:\/\/nl.pinterest.com\/eliassenhomeandgarden\/","https:\/\/www.youtube.com\/@eliassenhomegardenpleasure4558"],"telephone":[],"openingHoursSpecification":[{"@type":"OpeningHoursSpecification","dayOfWeek":["Monday","Tuesday","Wednesday","Thursday","Friday","Saturday","Sunday"],"opens":"09:00","closes":"17:00"}]},{"@type":"ImageObject","inLanguage":"de","@id":"https:\/\/www.eliassen.nl\/de\/bild-dicke-bronze-liegende-frau\/#local-main-organization-logo","url":"https:\/\/www.eliassen.nl\/wp-content\/uploads\/2024\/01\/logo_4nd.jpg","contentUrl":"https:\/\/www.eliassen.nl\/wp-content\/uploads\/2024\/01\/logo_4nd.jpg","width":500,"height":500,"caption":"Eliassen Home & Garden Pleasure"}]},"product_price_amount":"250.00","product_price_currency":"EUR","og_availability":"instock","product_availability":"instock","product_retailer_item_id":"Fa-44","product_condition":"new"},"df_price":250,"df_sale_price":"","df_regular_price":250,"df_image_link":"https:\/\/www.eliassen.nl\/wp-content\/uploads\/2024\/01\/fa440011.jpg","image":"https:\/\/www.eliassen.nl\/wp-content\/uploads\/2024\/01\/fa440011.jpg","price_search":"<span class=\"woocommerce-Price-amount amount\"><bdi><span class=\"woocommerce-Price-currencySymbol\">&euro;<\/span>&nbsp;250,00<\/bdi><\/span>","category":"Bilder von dicken Frauen","global_unique_id":"7438245847846","_links":{"self":[{"href":"https:\/\/www.eliassen.nl\/de\/wp-json\/wp\/v2\/product\/2758","targetHints":{"allow":["GET"]}}],"collection":[{"href":"https:\/\/www.eliassen.nl\/de\/wp-json\/wp\/v2\/product"}],"about":[{"href":"https:\/\/www.eliassen.nl\/de\/wp-json\/wp\/v2\/types\/product"}],"wp:featuredmedia":[{"embeddable":true,"href":"https:\/\/www.eliassen.nl\/de\/wp-json\/wp\/v2\/media\/2749"}],"wp:attachment":[{"href":"https:\/\/www.eliassen.nl\/de\/wp-json\/wp\/v2\/media?parent=2758"}],"wp:term":[{"taxonomy":"product_brand","embeddable":true,"href":"https:\/\/www.eliassen.nl\/de\/wp-json\/wp\/v2\/product_brand?post=2758"},{"taxonomy":"product_cat","embeddable":true,"href":"https:\/\/www.eliassen.nl\/de\/wp-json\/wp\/v2\/product_cat?post=2758"},{"taxonomy":"product_tag","embeddable":true,"href":"https:\/\/www.eliassen.nl\/de\/wp-json\/wp\/v2\/product_tag?post=2758"}],"curies":[{"name":"wp","href":"https:\/\/api.w.org\/{rel}","templated":true}]}}