{"id":2746,"date":"2019-10-28T15:27:32","date_gmt":"2019-10-28T15:27:32","guid":{"rendered":"https:\/\/www.eliassen.nl\/?product=bronze-horse-moderne"},"modified":"2026-01-16T13:04:34","modified_gmt":"2026-01-16T12:04:34","slug":"bronze-horse-moderne","status":"publish","type":"product","link":"https:\/\/www.eliassen.nl\/de\/bronze-horse-moderne\/","title":{"rendered":"Bronzeskulptur Pferd modern"},"content":{"rendered":"<p>Wundersch\u00f6ne Skulptur eines figurativ gestalteten Pferdes aus hochwertiger Bronze mit einem Mindestkupfergehalt von 75%, der eine sehr lange Lebensdauer gew\u00e4hrleistet. Ein sch\u00f6nes und langlebiges Dekorationsobjekt f\u00fcr Haus, Gesch\u00e4ft oder Garten, aber auch ein wunderbares Geschenk. Suchen Sie eine Bronzestatue f\u00fcr ein Jubil\u00e4um? Wir k\u00f6nnen auch Textschilder f\u00fcr den Sockel liefern.<br \/><span style=\"text-decoration: underline;\">Die Gr\u00f6\u00dfen sind inkl. Marmorsockel, wie auf dem Foto gezeigt.<\/span><\/p>\n<ul>\n<li>Gr\u00f6\u00dfe: H\u00f6he 27cm x L\u00e4nge 49cm.<\/li>\n<li>Wird mit Zertifikat geliefert.<\/li>\n<li>Schnelle Lieferung.<\/li>\n<li>30 Jahre Garantie.<\/li>\n<li><strong>Die gr\u00f6\u00dfte Sammlung von Bronzeskulpturen, die live zu sehen ist.<\/strong><\/li>\n<\/ul>\n","protected":false},"excerpt":{"rendered":"<p>Wundersch\u00f6ne Skulptur eines figurativ gestalteten Pferdes aus hochwertiger Bronze mit einem Mindestkupfergehalt von 75%, der eine sehr lange Lebensdauer gew\u00e4hrleistet. Ein sch\u00f6nes und langlebiges Dekorationsobjekt f\u00fcr Haus, Gesch\u00e4ft oder Garten, aber auch ein wunderbares Geschenk. Suchen Sie eine Bronzestatue f\u00fcr ein Jubil\u00e4um? Wir k\u00f6nnen auch Textschilder f\u00fcr den Sockel liefern.Die Gr\u00f6\u00dfen sind inkl. Marmorsockel, wie &hellip;<\/p>\n","protected":false},"featured_media":2734,"template":"","meta":{"_acf_changed":false,"_genesis_title":"","_genesis_description":""},"product_brand":[7505],"product_cat":[613,635,7239],"product_tag":[],"class_list":{"0":"post-2746","1":"product","2":"type-product","3":"status-publish","4":"has-post-thumbnail","6":"product_brand-sonstige","7":"product_cat-bronzestatuen","8":"product_cat-tierstatuen-aus-bronze","9":"product_cat-bilder","11":"first","12":"outofstock","13":"taxable","14":"shipping-taxable","15":"purchasable","16":"product-type-simple"},"acf":[],"meta_all":{"total_sales":"1","wcml_sync_hash":{"postmeta_fields":"f881d85017018b394fffb322bba0a483"},"attr_label_translations":[]},"meta_all_flat":{"total_sales":"1","wcml_sync_hash.postmeta_fields":"f881d85017018b394fffb322bba0a483"},"yoast_head":"<!-- This site is optimized with the Yoast SEO Premium plugin v26.2 (Yoast SEO v27.2) - https:\/\/yoast.com\/product\/yoast-seo-premium-wordpress\/ -->\n<title>Bronzeskulptur Pferd modern | Eliassen<\/title>\n<meta name=\"description\" content=\"Kaufen Sie bei Eliassen die Bronzeskulptur Pferd modern online oder besichtigen Sie sie live im Ausstellungsraum. Wir haben die sch\u00f6nsten Bronzestatuen, Tierstatuen aus Bronze\" \/>\n<meta name=\"robots\" content=\"index, follow, max-snippet:-1, max-image-preview:large, max-video-preview:-1\" \/>\n<link rel=\"canonical\" href=\"https:\/\/www.eliassen.nl\/de\/bronze-horse-moderne\/\" \/>\n<meta property=\"og:locale\" content=\"de_DE\" \/>\n<meta property=\"og:type\" content=\"article\" \/>\n<meta property=\"og:title\" content=\"Sonstige Bronzeskulptur Pferd modern - Eliassen.nl\" \/>\n<meta property=\"og:description\" content=\"Kaufen Sie bei Eliassen die Bronzeskulptur Pferd modern online oder besichtigen Sie sie live im Ausstellungsraum. Wir haben die sch\u00f6nsten Bronzestatuen, Tierstatuen aus Bronze\" \/>\n<meta property=\"og:url\" content=\"https:\/\/www.eliassen.nl\/de\/bronze-horse-moderne\/\" \/>\n<meta property=\"og:site_name\" content=\"Eliassen.nl\" \/>\n<meta property=\"article:publisher\" content=\"https:\/\/www.facebook.com\/TuincentrumEliassenAmmerzoden\" \/>\n<meta property=\"article:modified_time\" content=\"2026-01-16T12:04:34+00:00\" \/>\n<meta property=\"og:image\" content=\"https:\/\/www.eliassen.nl\/wp-content\/uploads\/2024\/01\/xt790011.jpg\" \/>\n\t<meta property=\"og:image:width\" content=\"1024\" \/>\n\t<meta property=\"og:image:height\" content=\"658\" \/>\n\t<meta property=\"og:image:type\" content=\"image\/jpeg\" \/>\n<meta name=\"twitter:card\" content=\"summary_large_image\" \/>\n<script type=\"application\/ld+json\" class=\"yoast-schema-graph\">{\"@context\":\"https:\/\/schema.org\",\"@graph\":[{\"@type\":\"WebPage\",\"@id\":\"https:\/\/www.eliassen.nl\/de\/bronze-horse-moderne\/\",\"url\":\"https:\/\/www.eliassen.nl\/de\/bronze-horse-moderne\/\",\"name\":\"Bronzeskulptur Pferd modern | Eliassen\",\"isPartOf\":{\"@id\":\"https:\/\/www.eliassen.nl\/de\/#website\"},\"primaryImageOfPage\":{\"@id\":\"https:\/\/www.eliassen.nl\/de\/bronze-horse-moderne\/#primaryimage\"},\"image\":{\"@id\":\"https:\/\/www.eliassen.nl\/de\/bronze-horse-moderne\/#primaryimage\"},\"thumbnailUrl\":\"https:\/\/www.eliassen.nl\/wp-content\/uploads\/2024\/01\/xt790011.jpg\",\"datePublished\":\"2019-10-28T15:27:32+00:00\",\"dateModified\":\"2026-01-16T12:04:34+00:00\",\"description\":\"Kaufen Sie bei Eliassen die Bronzeskulptur Pferd modern online oder besichtigen Sie sie live im Ausstellungsraum. Wir haben die sch\u00f6nsten Bronzestatuen, Tierstatuen aus Bronze\",\"breadcrumb\":{\"@id\":\"https:\/\/www.eliassen.nl\/de\/bronze-horse-moderne\/#breadcrumb\"},\"inLanguage\":\"de\",\"potentialAction\":[{\"@type\":\"ReadAction\",\"target\":[\"https:\/\/www.eliassen.nl\/de\/bronze-horse-moderne\/\"]}]},{\"@type\":\"ImageObject\",\"inLanguage\":\"de\",\"@id\":\"https:\/\/www.eliassen.nl\/de\/bronze-horse-moderne\/#primaryimage\",\"url\":\"https:\/\/www.eliassen.nl\/wp-content\/uploads\/2024\/01\/xt790011.jpg\",\"contentUrl\":\"https:\/\/www.eliassen.nl\/wp-content\/uploads\/2024\/01\/xt790011.jpg\",\"width\":1024,\"height\":658,\"caption\":\"xt-79-001-1\"},{\"@type\":\"BreadcrumbList\",\"@id\":\"https:\/\/www.eliassen.nl\/de\/bronze-horse-moderne\/#breadcrumb\",\"itemListElement\":[{\"@type\":\"ListItem\",\"position\":1,\"name\":\"Home\",\"item\":\"https:\/\/www.eliassen.nl\/de\/\"},{\"@type\":\"ListItem\",\"position\":2,\"name\":\"Shop\",\"item\":\"https:\/\/www.eliassen.nl\/de\/shop\/\"},{\"@type\":\"ListItem\",\"position\":3,\"name\":\"Bronzestatuen\",\"item\":\"https:\/\/www.eliassen.nl\/de\/bronzestatuen\/\"},{\"@type\":\"ListItem\",\"position\":4,\"name\":\"Tierstatuen aus Bronze\",\"item\":\"https:\/\/www.eliassen.nl\/de\/bilder\/bronzestatuen\/tierstatuen-aus-bronze\/\"},{\"@type\":\"ListItem\",\"position\":5,\"name\":\"Bronzeskulptur Pferd modern\"}]},{\"@type\":\"WebSite\",\"@id\":\"https:\/\/www.eliassen.nl\/de\/#website\",\"url\":\"https:\/\/www.eliassen.nl\/de\/\",\"name\":\"Eliassen Home & Garden Pleasure\",\"description\":\"\",\"publisher\":{\"@id\":\"https:\/\/www.eliassen.nl\/de\/#organization\"},\"alternateName\":\"Eliassen.nl\",\"potentialAction\":[{\"@type\":\"SearchAction\",\"target\":{\"@type\":\"EntryPoint\",\"urlTemplate\":\"https:\/\/www.eliassen.nl\/de\/?s={search_term_string}\"},\"query-input\":{\"@type\":\"PropertyValueSpecification\",\"valueRequired\":true,\"valueName\":\"search_term_string\"}}],\"inLanguage\":\"de\"},{\"@type\":[\"Organization\",\"Place\"],\"@id\":\"https:\/\/www.eliassen.nl\/de\/#organization\",\"name\":\"Eliassen Home & Garden Pleasure\",\"url\":\"https:\/\/www.eliassen.nl\/de\/\",\"logo\":{\"@id\":\"https:\/\/www.eliassen.nl\/de\/bronze-horse-moderne\/#local-main-organization-logo\"},\"image\":{\"@id\":\"https:\/\/www.eliassen.nl\/de\/bronze-horse-moderne\/#local-main-organization-logo\"},\"sameAs\":[\"https:\/\/www.facebook.com\/TuincentrumEliassenAmmerzoden\",\"https:\/\/www.instagram.com\/eliassenhomeandgarden\/\",\"https:\/\/nl.pinterest.com\/eliassenhomeandgarden\/\",\"https:\/\/www.youtube.com\/@eliassenhomegardenpleasure4558\"],\"telephone\":[],\"openingHoursSpecification\":[{\"@type\":\"OpeningHoursSpecification\",\"dayOfWeek\":[\"Monday\",\"Tuesday\",\"Wednesday\",\"Thursday\",\"Friday\",\"Saturday\",\"Sunday\"],\"opens\":\"09:00\",\"closes\":\"17:00\"}]},{\"@type\":\"ImageObject\",\"inLanguage\":\"de\",\"@id\":\"https:\/\/www.eliassen.nl\/de\/bronze-horse-moderne\/#local-main-organization-logo\",\"url\":\"https:\/\/www.eliassen.nl\/wp-content\/uploads\/2024\/01\/logo_4nd.jpg\",\"contentUrl\":\"https:\/\/www.eliassen.nl\/wp-content\/uploads\/2024\/01\/logo_4nd.jpg\",\"width\":500,\"height\":500,\"caption\":\"Eliassen Home & Garden Pleasure\"}]}<\/script>\n<meta property=\"product:price:amount\" content=\"242.00\" \/>\n<meta property=\"product:price:currency\" content=\"EUR\" \/>\n<meta property=\"og:availability\" content=\"out of stock\" \/>\n<meta property=\"product:availability\" content=\"out of stock\" \/>\n<meta property=\"product:retailer_item_id\" content=\"Xt-79\" \/>\n<meta property=\"product:condition\" content=\"new\" \/>\n<!-- \/ Yoast SEO Premium plugin. -->","yoast_head_json":{"title":"Bronzeskulptur Pferd modern | Eliassen","description":"Kaufen Sie bei Eliassen die Bronzeskulptur Pferd modern online oder besichtigen Sie sie live im Ausstellungsraum. Wir haben die sch\u00f6nsten Bronzestatuen, Tierstatuen aus Bronze","robots":{"index":"index","follow":"follow","max-snippet":"max-snippet:-1","max-image-preview":"max-image-preview:large","max-video-preview":"max-video-preview:-1"},"canonical":"https:\/\/www.eliassen.nl\/de\/bronze-horse-moderne\/","og_locale":"de_DE","og_type":"article","og_title":"Sonstige Bronzeskulptur Pferd modern - Eliassen.nl","og_description":"Kaufen Sie bei Eliassen die Bronzeskulptur Pferd modern online oder besichtigen Sie sie live im Ausstellungsraum. Wir haben die sch\u00f6nsten Bronzestatuen, Tierstatuen aus Bronze","og_url":"https:\/\/www.eliassen.nl\/de\/bronze-horse-moderne\/","og_site_name":"Eliassen.nl","article_publisher":"https:\/\/www.facebook.com\/TuincentrumEliassenAmmerzoden","article_modified_time":"2026-01-16T12:04:34+00:00","og_image":[{"width":1024,"height":658,"url":"https:\/\/www.eliassen.nl\/wp-content\/uploads\/2024\/01\/xt790011.jpg","type":"image\/jpeg"}],"twitter_card":"summary_large_image","schema":{"@context":"https:\/\/schema.org","@graph":[{"@type":"WebPage","@id":"https:\/\/www.eliassen.nl\/de\/bronze-horse-moderne\/","url":"https:\/\/www.eliassen.nl\/de\/bronze-horse-moderne\/","name":"Bronzeskulptur Pferd modern | Eliassen","isPartOf":{"@id":"https:\/\/www.eliassen.nl\/de\/#website"},"primaryImageOfPage":{"@id":"https:\/\/www.eliassen.nl\/de\/bronze-horse-moderne\/#primaryimage"},"image":{"@id":"https:\/\/www.eliassen.nl\/de\/bronze-horse-moderne\/#primaryimage"},"thumbnailUrl":"https:\/\/www.eliassen.nl\/wp-content\/uploads\/2024\/01\/xt790011.jpg","datePublished":"2019-10-28T15:27:32+00:00","dateModified":"2026-01-16T12:04:34+00:00","description":"Kaufen Sie bei Eliassen die Bronzeskulptur Pferd modern online oder besichtigen Sie sie live im Ausstellungsraum. Wir haben die sch\u00f6nsten Bronzestatuen, Tierstatuen aus Bronze","breadcrumb":{"@id":"https:\/\/www.eliassen.nl\/de\/bronze-horse-moderne\/#breadcrumb"},"inLanguage":"de","potentialAction":[{"@type":"ReadAction","target":["https:\/\/www.eliassen.nl\/de\/bronze-horse-moderne\/"]}]},{"@type":"ImageObject","inLanguage":"de","@id":"https:\/\/www.eliassen.nl\/de\/bronze-horse-moderne\/#primaryimage","url":"https:\/\/www.eliassen.nl\/wp-content\/uploads\/2024\/01\/xt790011.jpg","contentUrl":"https:\/\/www.eliassen.nl\/wp-content\/uploads\/2024\/01\/xt790011.jpg","width":1024,"height":658,"caption":"xt-79-001-1"},{"@type":"BreadcrumbList","@id":"https:\/\/www.eliassen.nl\/de\/bronze-horse-moderne\/#breadcrumb","itemListElement":[{"@type":"ListItem","position":1,"name":"Home","item":"https:\/\/www.eliassen.nl\/de\/"},{"@type":"ListItem","position":2,"name":"Shop","item":"https:\/\/www.eliassen.nl\/de\/shop\/"},{"@type":"ListItem","position":3,"name":"Bronzestatuen","item":"https:\/\/www.eliassen.nl\/de\/bronzestatuen\/"},{"@type":"ListItem","position":4,"name":"Tierstatuen aus Bronze","item":"https:\/\/www.eliassen.nl\/de\/bilder\/bronzestatuen\/tierstatuen-aus-bronze\/"},{"@type":"ListItem","position":5,"name":"Bronzeskulptur Pferd modern"}]},{"@type":"WebSite","@id":"https:\/\/www.eliassen.nl\/de\/#website","url":"https:\/\/www.eliassen.nl\/de\/","name":"Eliassen Home & Garden Pleasure","description":"","publisher":{"@id":"https:\/\/www.eliassen.nl\/de\/#organization"},"alternateName":"Eliassen.nl","potentialAction":[{"@type":"SearchAction","target":{"@type":"EntryPoint","urlTemplate":"https:\/\/www.eliassen.nl\/de\/?s={search_term_string}"},"query-input":{"@type":"PropertyValueSpecification","valueRequired":true,"valueName":"search_term_string"}}],"inLanguage":"de"},{"@type":["Organization","Place"],"@id":"https:\/\/www.eliassen.nl\/de\/#organization","name":"Eliassen Home & Garden Pleasure","url":"https:\/\/www.eliassen.nl\/de\/","logo":{"@id":"https:\/\/www.eliassen.nl\/de\/bronze-horse-moderne\/#local-main-organization-logo"},"image":{"@id":"https:\/\/www.eliassen.nl\/de\/bronze-horse-moderne\/#local-main-organization-logo"},"sameAs":["https:\/\/www.facebook.com\/TuincentrumEliassenAmmerzoden","https:\/\/www.instagram.com\/eliassenhomeandgarden\/","https:\/\/nl.pinterest.com\/eliassenhomeandgarden\/","https:\/\/www.youtube.com\/@eliassenhomegardenpleasure4558"],"telephone":[],"openingHoursSpecification":[{"@type":"OpeningHoursSpecification","dayOfWeek":["Monday","Tuesday","Wednesday","Thursday","Friday","Saturday","Sunday"],"opens":"09:00","closes":"17:00"}]},{"@type":"ImageObject","inLanguage":"de","@id":"https:\/\/www.eliassen.nl\/de\/bronze-horse-moderne\/#local-main-organization-logo","url":"https:\/\/www.eliassen.nl\/wp-content\/uploads\/2024\/01\/logo_4nd.jpg","contentUrl":"https:\/\/www.eliassen.nl\/wp-content\/uploads\/2024\/01\/logo_4nd.jpg","width":500,"height":500,"caption":"Eliassen Home & Garden Pleasure"}]},"product_price_amount":"242.00","product_price_currency":"EUR","og_availability":"out of stock","product_availability":"out of stock","product_retailer_item_id":"Xt-79","product_condition":"new"},"df_price":242,"df_sale_price":"","df_regular_price":242,"df_image_link":"https:\/\/www.eliassen.nl\/wp-content\/uploads\/2024\/01\/xt790011.jpg","image":"https:\/\/www.eliassen.nl\/wp-content\/uploads\/2024\/01\/xt790011.jpg","price_search":"<span class=\"woocommerce-Price-amount amount\"><bdi><span class=\"woocommerce-Price-currencySymbol\">&euro;<\/span>&nbsp;242,00<\/bdi><\/span>","category":"Bronzestatuen","global_unique_id":"7438245847822","_links":{"self":[{"href":"https:\/\/www.eliassen.nl\/de\/wp-json\/wp\/v2\/product\/2746","targetHints":{"allow":["GET"]}}],"collection":[{"href":"https:\/\/www.eliassen.nl\/de\/wp-json\/wp\/v2\/product"}],"about":[{"href":"https:\/\/www.eliassen.nl\/de\/wp-json\/wp\/v2\/types\/product"}],"wp:featuredmedia":[{"embeddable":true,"href":"https:\/\/www.eliassen.nl\/de\/wp-json\/wp\/v2\/media\/2734"}],"wp:attachment":[{"href":"https:\/\/www.eliassen.nl\/de\/wp-json\/wp\/v2\/media?parent=2746"}],"wp:term":[{"taxonomy":"product_brand","embeddable":true,"href":"https:\/\/www.eliassen.nl\/de\/wp-json\/wp\/v2\/product_brand?post=2746"},{"taxonomy":"product_cat","embeddable":true,"href":"https:\/\/www.eliassen.nl\/de\/wp-json\/wp\/v2\/product_cat?post=2746"},{"taxonomy":"product_tag","embeddable":true,"href":"https:\/\/www.eliassen.nl\/de\/wp-json\/wp\/v2\/product_tag?post=2746"}],"curies":[{"name":"wp","href":"https:\/\/api.w.org\/{rel}","templated":true}]}}