{"id":27178,"date":"2021-03-11T17:18:43","date_gmt":"2021-03-11T17:18:43","guid":{"rendered":"https:\/\/www.eliassen.nl\/?product=vogelvoederhuis-roest-53cm"},"modified":"2026-04-07T20:53:27","modified_gmt":"2026-04-07T18:53:27","slug":"vogelhauschen-hausrost-53cm","status":"publish","type":"product","link":"https:\/\/www.eliassen.nl\/de\/vogelhauschen-hausrost-53cm\/","title":{"rendered":"Vogelfutterautomat Rost auf Stange 190cm"},"content":{"rendered":"<p>Ein zeitloses St\u00fcck Gartendekoration, das auch das ganze Jahr \u00fcber die Blicke auf sich zieht, das ist dieses Modell Vogelfutterhaus aus unbehandeltem Metall. Dieser Futterautomat sieht mit Fenstern und T\u00fcren lustig aus. Wenn Sie st\u00e4ndig Vogelfutter in dieses Haus stellen, werden die V\u00f6gel das ganze Jahr \u00fcber hierher str\u00f6men. Alles ist aus 2 mm dickem, unbehandeltem Eisen gefertigt, was ihm eine sch\u00f6ne und zeitlose braune Farbe verleiht.<\/p>\n<p><strong>Auch attraktiv, wenn im Dunkeln eine Kerze im Futterhaus angez\u00fcndet wird.<\/strong><\/p>\n<p>Die Gesamth\u00f6he von Futterhaus und Stall betr\u00e4gt 190 cm, ein St\u00fcck davon muss in den Boden gesteckt werden.<\/p>\n<ul>\n<li>Gesamth\u00f6he 190cm<\/li>\n<li>Gr\u00f6\u00dfe Haus 53cm hoch, Tablett 22cm, Dicke des Hauses 12cm<\/li>\n<li>Material: unbehandeltes Metall 2 mm dick<\/li>\n<li>2 Jahre Garantie<\/li>\n<li>Achten Sie auf Roststellen in Ihrem Garten<\/li>\n<\/ul>\n","protected":false},"excerpt":{"rendered":"<p>Ein zeitloses St\u00fcck Gartendekoration, das auch das ganze Jahr \u00fcber die Blicke auf sich zieht, das ist dieses Modell Vogelfutterhaus aus unbehandeltem Metall. Dieser Futterautomat sieht mit Fenstern und T\u00fcren lustig aus. Wenn Sie st\u00e4ndig Vogelfutter in dieses Haus stellen, werden die V\u00f6gel das ganze Jahr \u00fcber hierher str\u00f6men. Alles ist aus 2 mm dickem, &hellip;<\/p>\n","protected":false},"featured_media":27163,"template":"","meta":{"_acf_changed":false,"_genesis_title":"","_genesis_description":""},"product_brand":[7505],"product_cat":[851,836],"product_tag":[],"class_list":{"0":"post-27178","1":"product","2":"type-product","3":"status-publish","4":"has-post-thumbnail","6":"product_brand-sonstige","7":"product_cat-gartenpfaehle-aus-still","8":"product_cat-gartenstecker","10":"first","11":"instock","12":"taxable","13":"shipping-taxable","14":"purchasable","15":"product-type-simple"},"acf":[],"meta_all":{"total_sales":"7","wcml_sync_hash":{"postmeta_fields":"9f8bb18f0b2d23535b9d4e45ead65281"},"attr_label_translations":[],"cor_restricted_countries":[]},"meta_all_flat":{"total_sales":"7","wcml_sync_hash.postmeta_fields":"9f8bb18f0b2d23535b9d4e45ead65281"},"yoast_head":"<!-- This site is optimized with the Yoast SEO Premium plugin v26.2 (Yoast SEO v27.2) - https:\/\/yoast.com\/product\/yoast-seo-premium-wordpress\/ -->\n<title>Vogelfutterhaus Rost 53cm | Eliassen<\/title>\n<meta name=\"description\" content=\"Bei Eliassen k\u00f6nnen Sie Vogelfutterh\u00e4uschen Rost 53cm online kaufen oder live im Showroom ansehen. Wir haben die sch\u00f6nsten Gartenpf\u00e4hle, Gartenpf\u00e4hle aus Metall 10282571\" \/>\n<meta name=\"robots\" content=\"index, follow, max-snippet:-1, max-image-preview:large, max-video-preview:-1\" \/>\n<link rel=\"canonical\" href=\"https:\/\/www.eliassen.nl\/de\/vogelhauschen-hausrost-53cm\/\" \/>\n<meta property=\"og:locale\" content=\"de_DE\" \/>\n<meta property=\"og:type\" content=\"article\" \/>\n<meta property=\"og:title\" content=\"Sonstige Vogelfutterautomat Rost auf Stange 190cm - Eliassen.nl\" \/>\n<meta property=\"og:description\" content=\"Bei Eliassen k\u00f6nnen Sie Vogelfutterh\u00e4uschen Rost 53cm online kaufen oder live im Showroom ansehen. Wir haben die sch\u00f6nsten Gartenpf\u00e4hle, Gartenpf\u00e4hle aus Metall 10282571\" \/>\n<meta property=\"og:url\" content=\"https:\/\/www.eliassen.nl\/de\/vogelhauschen-hausrost-53cm\/\" \/>\n<meta property=\"og:site_name\" content=\"Eliassen.nl\" \/>\n<meta property=\"article:publisher\" content=\"https:\/\/www.facebook.com\/TuincentrumEliassenAmmerzoden\" \/>\n<meta property=\"article:modified_time\" content=\"2026-04-07T18:53:27+00:00\" \/>\n<meta property=\"og:image\" content=\"https:\/\/www.eliassen.nl\/wp-content\/uploads\/2024\/01\/20210317114629fotos.png\" \/>\n\t<meta property=\"og:image:width\" content=\"377\" \/>\n\t<meta property=\"og:image:height\" content=\"941\" \/>\n\t<meta property=\"og:image:type\" content=\"image\/png\" \/>\n<meta name=\"twitter:card\" content=\"summary_large_image\" \/>\n<script type=\"application\/ld+json\" class=\"yoast-schema-graph\">{\"@context\":\"https:\/\/schema.org\",\"@graph\":[{\"@type\":\"WebPage\",\"@id\":\"https:\/\/www.eliassen.nl\/de\/vogelhauschen-hausrost-53cm\/\",\"url\":\"https:\/\/www.eliassen.nl\/de\/vogelhauschen-hausrost-53cm\/\",\"name\":\"Vogelfutterhaus Rost 53cm | Eliassen\",\"isPartOf\":{\"@id\":\"https:\/\/www.eliassen.nl\/de\/#website\"},\"primaryImageOfPage\":{\"@id\":\"https:\/\/www.eliassen.nl\/de\/vogelhauschen-hausrost-53cm\/#primaryimage\"},\"image\":{\"@id\":\"https:\/\/www.eliassen.nl\/de\/vogelhauschen-hausrost-53cm\/#primaryimage\"},\"thumbnailUrl\":\"https:\/\/www.eliassen.nl\/wp-content\/uploads\/2024\/01\/20210317114629fotos.png\",\"datePublished\":\"2021-03-11T17:18:43+00:00\",\"dateModified\":\"2026-04-07T18:53:27+00:00\",\"description\":\"Bei Eliassen k\u00f6nnen Sie Vogelfutterh\u00e4uschen Rost 53cm online kaufen oder live im Showroom ansehen. Wir haben die sch\u00f6nsten Gartenpf\u00e4hle, Gartenpf\u00e4hle aus Metall 10282571\",\"breadcrumb\":{\"@id\":\"https:\/\/www.eliassen.nl\/de\/vogelhauschen-hausrost-53cm\/#breadcrumb\"},\"inLanguage\":\"de\",\"potentialAction\":[{\"@type\":\"ReadAction\",\"target\":[\"https:\/\/www.eliassen.nl\/de\/vogelhauschen-hausrost-53cm\/\"]}]},{\"@type\":\"ImageObject\",\"inLanguage\":\"de\",\"@id\":\"https:\/\/www.eliassen.nl\/de\/vogelhauschen-hausrost-53cm\/#primaryimage\",\"url\":\"https:\/\/www.eliassen.nl\/wp-content\/uploads\/2024\/01\/20210317114629fotos.png\",\"contentUrl\":\"https:\/\/www.eliassen.nl\/wp-content\/uploads\/2024\/01\/20210317114629fotos.png\",\"width\":377,\"height\":941,\"caption\":\"2021-03-17 11_46_29-Bilder\"},{\"@type\":\"BreadcrumbList\",\"@id\":\"https:\/\/www.eliassen.nl\/de\/vogelhauschen-hausrost-53cm\/#breadcrumb\",\"itemListElement\":[{\"@type\":\"ListItem\",\"position\":1,\"name\":\"Home\",\"item\":\"https:\/\/www.eliassen.nl\/de\/\"},{\"@type\":\"ListItem\",\"position\":2,\"name\":\"Shop\",\"item\":\"https:\/\/www.eliassen.nl\/de\/shop\/\"},{\"@type\":\"ListItem\",\"position\":3,\"name\":\"Gartenstecker\",\"item\":\"https:\/\/www.eliassen.nl\/de\/gartenstecker\/\"},{\"@type\":\"ListItem\",\"position\":4,\"name\":\"Gartenpf\u00e4hle aus still\",\"item\":\"https:\/\/www.eliassen.nl\/de\/gartenstecker\/gartenpfaehle-aus-still\/\"},{\"@type\":\"ListItem\",\"position\":5,\"name\":\"Vogelfutterautomat Rost auf Stange 190cm\"}]},{\"@type\":\"WebSite\",\"@id\":\"https:\/\/www.eliassen.nl\/de\/#website\",\"url\":\"https:\/\/www.eliassen.nl\/de\/\",\"name\":\"Eliassen Home & Garden Pleasure\",\"description\":\"\",\"publisher\":{\"@id\":\"https:\/\/www.eliassen.nl\/de\/#organization\"},\"alternateName\":\"Eliassen.nl\",\"potentialAction\":[{\"@type\":\"SearchAction\",\"target\":{\"@type\":\"EntryPoint\",\"urlTemplate\":\"https:\/\/www.eliassen.nl\/de\/?s={search_term_string}\"},\"query-input\":{\"@type\":\"PropertyValueSpecification\",\"valueRequired\":true,\"valueName\":\"search_term_string\"}}],\"inLanguage\":\"de\"},{\"@type\":[\"Organization\",\"Place\"],\"@id\":\"https:\/\/www.eliassen.nl\/de\/#organization\",\"name\":\"Eliassen Home & Garden Pleasure\",\"url\":\"https:\/\/www.eliassen.nl\/de\/\",\"logo\":{\"@id\":\"https:\/\/www.eliassen.nl\/de\/vogelhauschen-hausrost-53cm\/#local-main-organization-logo\"},\"image\":{\"@id\":\"https:\/\/www.eliassen.nl\/de\/vogelhauschen-hausrost-53cm\/#local-main-organization-logo\"},\"sameAs\":[\"https:\/\/www.facebook.com\/TuincentrumEliassenAmmerzoden\",\"https:\/\/www.instagram.com\/eliassenhomeandgarden\/\",\"https:\/\/nl.pinterest.com\/eliassenhomeandgarden\/\",\"https:\/\/www.youtube.com\/@eliassenhomegardenpleasure4558\"],\"telephone\":[],\"openingHoursSpecification\":[{\"@type\":\"OpeningHoursSpecification\",\"dayOfWeek\":[\"Monday\",\"Tuesday\",\"Wednesday\",\"Thursday\",\"Friday\",\"Saturday\",\"Sunday\"],\"opens\":\"09:00\",\"closes\":\"17:00\"}]},{\"@type\":\"ImageObject\",\"inLanguage\":\"de\",\"@id\":\"https:\/\/www.eliassen.nl\/de\/vogelhauschen-hausrost-53cm\/#local-main-organization-logo\",\"url\":\"https:\/\/www.eliassen.nl\/wp-content\/uploads\/2024\/01\/logo_4nd.jpg\",\"contentUrl\":\"https:\/\/www.eliassen.nl\/wp-content\/uploads\/2024\/01\/logo_4nd.jpg\",\"width\":500,\"height\":500,\"caption\":\"Eliassen Home & Garden Pleasure\"}]}<\/script>\n<meta property=\"product:price:amount\" content=\"89.50\" \/>\n<meta property=\"product:price:currency\" content=\"EUR\" \/>\n<meta property=\"og:availability\" content=\"instock\" \/>\n<meta property=\"product:availability\" content=\"instock\" \/>\n<meta property=\"product:retailer_item_id\" content=\"71700vhrs3-71700st12-150\" \/>\n<meta property=\"product:condition\" content=\"new\" \/>\n<!-- \/ Yoast SEO Premium plugin. -->","yoast_head_json":{"title":"Vogelfutterhaus Rost 53cm | Eliassen","description":"Bei Eliassen k\u00f6nnen Sie Vogelfutterh\u00e4uschen Rost 53cm online kaufen oder live im Showroom ansehen. Wir haben die sch\u00f6nsten Gartenpf\u00e4hle, Gartenpf\u00e4hle aus Metall 10282571","robots":{"index":"index","follow":"follow","max-snippet":"max-snippet:-1","max-image-preview":"max-image-preview:large","max-video-preview":"max-video-preview:-1"},"canonical":"https:\/\/www.eliassen.nl\/de\/vogelhauschen-hausrost-53cm\/","og_locale":"de_DE","og_type":"article","og_title":"Sonstige Vogelfutterautomat Rost auf Stange 190cm - Eliassen.nl","og_description":"Bei Eliassen k\u00f6nnen Sie Vogelfutterh\u00e4uschen Rost 53cm online kaufen oder live im Showroom ansehen. Wir haben die sch\u00f6nsten Gartenpf\u00e4hle, Gartenpf\u00e4hle aus Metall 10282571","og_url":"https:\/\/www.eliassen.nl\/de\/vogelhauschen-hausrost-53cm\/","og_site_name":"Eliassen.nl","article_publisher":"https:\/\/www.facebook.com\/TuincentrumEliassenAmmerzoden","article_modified_time":"2026-04-07T18:53:27+00:00","og_image":[{"width":377,"height":941,"url":"https:\/\/www.eliassen.nl\/wp-content\/uploads\/2024\/01\/20210317114629fotos.png","type":"image\/png"}],"twitter_card":"summary_large_image","schema":{"@context":"https:\/\/schema.org","@graph":[{"@type":"WebPage","@id":"https:\/\/www.eliassen.nl\/de\/vogelhauschen-hausrost-53cm\/","url":"https:\/\/www.eliassen.nl\/de\/vogelhauschen-hausrost-53cm\/","name":"Vogelfutterhaus Rost 53cm | Eliassen","isPartOf":{"@id":"https:\/\/www.eliassen.nl\/de\/#website"},"primaryImageOfPage":{"@id":"https:\/\/www.eliassen.nl\/de\/vogelhauschen-hausrost-53cm\/#primaryimage"},"image":{"@id":"https:\/\/www.eliassen.nl\/de\/vogelhauschen-hausrost-53cm\/#primaryimage"},"thumbnailUrl":"https:\/\/www.eliassen.nl\/wp-content\/uploads\/2024\/01\/20210317114629fotos.png","datePublished":"2021-03-11T17:18:43+00:00","dateModified":"2026-04-07T18:53:27+00:00","description":"Bei Eliassen k\u00f6nnen Sie Vogelfutterh\u00e4uschen Rost 53cm online kaufen oder live im Showroom ansehen. Wir haben die sch\u00f6nsten Gartenpf\u00e4hle, Gartenpf\u00e4hle aus Metall 10282571","breadcrumb":{"@id":"https:\/\/www.eliassen.nl\/de\/vogelhauschen-hausrost-53cm\/#breadcrumb"},"inLanguage":"de","potentialAction":[{"@type":"ReadAction","target":["https:\/\/www.eliassen.nl\/de\/vogelhauschen-hausrost-53cm\/"]}]},{"@type":"ImageObject","inLanguage":"de","@id":"https:\/\/www.eliassen.nl\/de\/vogelhauschen-hausrost-53cm\/#primaryimage","url":"https:\/\/www.eliassen.nl\/wp-content\/uploads\/2024\/01\/20210317114629fotos.png","contentUrl":"https:\/\/www.eliassen.nl\/wp-content\/uploads\/2024\/01\/20210317114629fotos.png","width":377,"height":941,"caption":"2021-03-17 11_46_29-Bilder"},{"@type":"BreadcrumbList","@id":"https:\/\/www.eliassen.nl\/de\/vogelhauschen-hausrost-53cm\/#breadcrumb","itemListElement":[{"@type":"ListItem","position":1,"name":"Home","item":"https:\/\/www.eliassen.nl\/de\/"},{"@type":"ListItem","position":2,"name":"Shop","item":"https:\/\/www.eliassen.nl\/de\/shop\/"},{"@type":"ListItem","position":3,"name":"Gartenstecker","item":"https:\/\/www.eliassen.nl\/de\/gartenstecker\/"},{"@type":"ListItem","position":4,"name":"Gartenpf\u00e4hle aus still","item":"https:\/\/www.eliassen.nl\/de\/gartenstecker\/gartenpfaehle-aus-still\/"},{"@type":"ListItem","position":5,"name":"Vogelfutterautomat Rost auf Stange 190cm"}]},{"@type":"WebSite","@id":"https:\/\/www.eliassen.nl\/de\/#website","url":"https:\/\/www.eliassen.nl\/de\/","name":"Eliassen Home & Garden Pleasure","description":"","publisher":{"@id":"https:\/\/www.eliassen.nl\/de\/#organization"},"alternateName":"Eliassen.nl","potentialAction":[{"@type":"SearchAction","target":{"@type":"EntryPoint","urlTemplate":"https:\/\/www.eliassen.nl\/de\/?s={search_term_string}"},"query-input":{"@type":"PropertyValueSpecification","valueRequired":true,"valueName":"search_term_string"}}],"inLanguage":"de"},{"@type":["Organization","Place"],"@id":"https:\/\/www.eliassen.nl\/de\/#organization","name":"Eliassen Home & Garden Pleasure","url":"https:\/\/www.eliassen.nl\/de\/","logo":{"@id":"https:\/\/www.eliassen.nl\/de\/vogelhauschen-hausrost-53cm\/#local-main-organization-logo"},"image":{"@id":"https:\/\/www.eliassen.nl\/de\/vogelhauschen-hausrost-53cm\/#local-main-organization-logo"},"sameAs":["https:\/\/www.facebook.com\/TuincentrumEliassenAmmerzoden","https:\/\/www.instagram.com\/eliassenhomeandgarden\/","https:\/\/nl.pinterest.com\/eliassenhomeandgarden\/","https:\/\/www.youtube.com\/@eliassenhomegardenpleasure4558"],"telephone":[],"openingHoursSpecification":[{"@type":"OpeningHoursSpecification","dayOfWeek":["Monday","Tuesday","Wednesday","Thursday","Friday","Saturday","Sunday"],"opens":"09:00","closes":"17:00"}]},{"@type":"ImageObject","inLanguage":"de","@id":"https:\/\/www.eliassen.nl\/de\/vogelhauschen-hausrost-53cm\/#local-main-organization-logo","url":"https:\/\/www.eliassen.nl\/wp-content\/uploads\/2024\/01\/logo_4nd.jpg","contentUrl":"https:\/\/www.eliassen.nl\/wp-content\/uploads\/2024\/01\/logo_4nd.jpg","width":500,"height":500,"caption":"Eliassen Home & Garden Pleasure"}]},"product_price_amount":"89.50","product_price_currency":"EUR","og_availability":"instock","product_availability":"instock","product_retailer_item_id":"71700vhrs3-71700st12-150","product_condition":"new"},"df_price":89.5,"df_sale_price":"","df_regular_price":89.5,"df_image_link":"https:\/\/www.eliassen.nl\/wp-content\/uploads\/2024\/01\/20210317114629fotos.png","image":"https:\/\/www.eliassen.nl\/wp-content\/uploads\/2024\/01\/20210317114629fotos.png","price_search":"<span class=\"woocommerce-Price-amount amount\"><bdi><span class=\"woocommerce-Price-currencySymbol\">&euro;<\/span>&nbsp;89,50<\/bdi><\/span>","category":"Gartenpf\u00e4hle aus still","global_unique_id":"5414471187552","_links":{"self":[{"href":"https:\/\/www.eliassen.nl\/de\/wp-json\/wp\/v2\/product\/27178","targetHints":{"allow":["GET"]}}],"collection":[{"href":"https:\/\/www.eliassen.nl\/de\/wp-json\/wp\/v2\/product"}],"about":[{"href":"https:\/\/www.eliassen.nl\/de\/wp-json\/wp\/v2\/types\/product"}],"wp:featuredmedia":[{"embeddable":true,"href":"https:\/\/www.eliassen.nl\/de\/wp-json\/wp\/v2\/media\/27163"}],"wp:attachment":[{"href":"https:\/\/www.eliassen.nl\/de\/wp-json\/wp\/v2\/media?parent=27178"}],"wp:term":[{"taxonomy":"product_brand","embeddable":true,"href":"https:\/\/www.eliassen.nl\/de\/wp-json\/wp\/v2\/product_brand?post=27178"},{"taxonomy":"product_cat","embeddable":true,"href":"https:\/\/www.eliassen.nl\/de\/wp-json\/wp\/v2\/product_cat?post=27178"},{"taxonomy":"product_tag","embeddable":true,"href":"https:\/\/www.eliassen.nl\/de\/wp-json\/wp\/v2\/product_tag?post=27178"}],"curies":[{"name":"wp","href":"https:\/\/api.w.org\/{rel}","templated":true}]}}