{"id":27160,"date":"2021-03-11T17:17:04","date_gmt":"2021-03-11T17:17:04","guid":{"rendered":"https:\/\/www.eliassen.nl\/?product=vogelvoederhuis-roest-45cm"},"modified":"2026-03-04T13:50:55","modified_gmt":"2026-03-04T12:50:55","slug":"vogelhauschen-hausrost-45cm","status":"publish","type":"product","link":"https:\/\/www.eliassen.nl\/de\/vogelhauschen-hausrost-45cm\/","title":{"rendered":"Vogelfutterhaus Rost 45cm mit Stange"},"content":{"rendered":"<p>Ein zeitloses St\u00fcck Gartendekoration, das auch das ganze Jahr \u00fcber die Blicke auf sich zieht, das ist dieses Modell Vogelfutterhaus aus unbehandeltem Metall. Dieser Futterautomat sieht mit Fenstern und T\u00fcren lustig aus. Wenn Sie st\u00e4ndig Vogelfutter in dieses Haus stellen, werden die V\u00f6gel das ganze Jahr \u00fcber hierher str\u00f6men. Alles ist aus 2 mm dickem, unbehandeltem Eisen gefertigt, was ihm eine sch\u00f6ne und zeitlose braune Farbe verleiht.  <strong>Auch attraktiv, wenn im Dunkeln eine Kerze im Futterhaus angez\u00fcndet wird.<\/strong>  Die Gesamth\u00f6he von Futterhaus und Stall betr\u00e4gt 180 cm, ein St\u00fcck davon muss in den Boden gesteckt werden.<\/p>\n<ul>\n<li>Gesamth\u00f6he 180cm<\/li>\n<li>Gr\u00f6\u00dfe Haus 45cm hoch, Tablett 22cm, Hausdurchmesser 22cm<\/li>\n<li>Material: unbehandeltes Metall 2 mm dick<\/li>\n<li>2 Jahre Garantie<\/li>\n<li>Achten Sie auf Roststellen in Ihrem Garten<\/li>\n<\/ul>\n","protected":false},"excerpt":{"rendered":"<p>Ein zeitloses St\u00fcck Gartendekoration, das auch das ganze Jahr \u00fcber die Blicke auf sich zieht, das ist dieses Modell Vogelfutterhaus aus unbehandeltem Metall. Dieser Futterautomat sieht mit Fenstern und T\u00fcren lustig aus. Wenn Sie st\u00e4ndig Vogelfutter in dieses Haus stellen, werden die V\u00f6gel das ganze Jahr \u00fcber hierher str\u00f6men. Alles ist aus 2 mm dickem, &hellip;<\/p>\n","protected":false},"featured_media":27148,"template":"","meta":{"_acf_changed":false,"_genesis_title":"","_genesis_description":""},"product_brand":[7505],"product_cat":[851,836],"product_tag":[],"class_list":{"0":"post-27160","1":"product","2":"type-product","3":"status-publish","4":"has-post-thumbnail","6":"product_brand-sonstige","7":"product_cat-gartenpfaehle-aus-still","8":"product_cat-gartenstecker","10":"first","11":"instock","12":"taxable","13":"shipping-taxable","14":"purchasable","15":"product-type-simple"},"acf":[],"meta_all":{"total_sales":"8","wcml_sync_hash":{"postmeta_fields":"04e60e169ad23ec718b0d2880718778d"},"attr_label_translations":[],"cor_restricted_countries":[]},"meta_all_flat":{"total_sales":"8","wcml_sync_hash.postmeta_fields":"04e60e169ad23ec718b0d2880718778d"},"yoast_head":"<!-- This site is optimized with the Yoast SEO Premium plugin v26.2 (Yoast SEO v27.2) - https:\/\/yoast.com\/product\/yoast-seo-premium-wordpress\/ -->\n<title>Vogelfutterhaus Rost 45cm | Eliassen<\/title>\n<meta name=\"description\" content=\"Bei Eliassen k\u00f6nnen Sie Vogelfutterh\u00e4uschen Rost 45cm online kaufen oder live im Showroom ansehen. Wir haben die sch\u00f6nsten Gartenpf\u00e4hle, Gartenpf\u00e4hle aus Metall 10282571\" \/>\n<meta name=\"robots\" content=\"index, follow, max-snippet:-1, max-image-preview:large, max-video-preview:-1\" \/>\n<link rel=\"canonical\" href=\"https:\/\/www.eliassen.nl\/de\/vogelhauschen-hausrost-45cm\/\" \/>\n<meta property=\"og:locale\" content=\"de_DE\" \/>\n<meta property=\"og:type\" content=\"article\" \/>\n<meta property=\"og:title\" content=\"Sonstige Vogelfutterhaus Rost 45cm mit Stange - Eliassen.nl\" \/>\n<meta property=\"og:description\" content=\"Bei Eliassen k\u00f6nnen Sie Vogelfutterh\u00e4uschen Rost 45cm online kaufen oder live im Showroom ansehen. Wir haben die sch\u00f6nsten Gartenpf\u00e4hle, Gartenpf\u00e4hle aus Metall 10282571\" \/>\n<meta property=\"og:url\" content=\"https:\/\/www.eliassen.nl\/de\/vogelhauschen-hausrost-45cm\/\" \/>\n<meta property=\"og:site_name\" content=\"Eliassen.nl\" \/>\n<meta property=\"article:publisher\" content=\"https:\/\/www.facebook.com\/TuincentrumEliassenAmmerzoden\" \/>\n<meta property=\"article:modified_time\" content=\"2026-03-04T12:50:55+00:00\" \/>\n<meta property=\"og:image\" content=\"https:\/\/www.eliassen.nl\/wp-content\/uploads\/2024\/01\/vhr45.jpg\" \/>\n\t<meta property=\"og:image:width\" content=\"338\" \/>\n\t<meta property=\"og:image:height\" content=\"587\" \/>\n\t<meta property=\"og:image:type\" content=\"image\/jpeg\" \/>\n<meta name=\"twitter:card\" content=\"summary_large_image\" \/>\n<script type=\"application\/ld+json\" class=\"yoast-schema-graph\">{\"@context\":\"https:\/\/schema.org\",\"@graph\":[{\"@type\":\"WebPage\",\"@id\":\"https:\/\/www.eliassen.nl\/de\/vogelhauschen-hausrost-45cm\/\",\"url\":\"https:\/\/www.eliassen.nl\/de\/vogelhauschen-hausrost-45cm\/\",\"name\":\"Vogelfutterhaus Rost 45cm | Eliassen\",\"isPartOf\":{\"@id\":\"https:\/\/www.eliassen.nl\/de\/#website\"},\"primaryImageOfPage\":{\"@id\":\"https:\/\/www.eliassen.nl\/de\/vogelhauschen-hausrost-45cm\/#primaryimage\"},\"image\":{\"@id\":\"https:\/\/www.eliassen.nl\/de\/vogelhauschen-hausrost-45cm\/#primaryimage\"},\"thumbnailUrl\":\"https:\/\/www.eliassen.nl\/wp-content\/uploads\/2024\/01\/vhr45.jpg\",\"datePublished\":\"2021-03-11T17:17:04+00:00\",\"dateModified\":\"2026-03-04T12:50:55+00:00\",\"description\":\"Bei Eliassen k\u00f6nnen Sie Vogelfutterh\u00e4uschen Rost 45cm online kaufen oder live im Showroom ansehen. Wir haben die sch\u00f6nsten Gartenpf\u00e4hle, Gartenpf\u00e4hle aus Metall 10282571\",\"breadcrumb\":{\"@id\":\"https:\/\/www.eliassen.nl\/de\/vogelhauschen-hausrost-45cm\/#breadcrumb\"},\"inLanguage\":\"de\",\"potentialAction\":[{\"@type\":\"ReadAction\",\"target\":[\"https:\/\/www.eliassen.nl\/de\/vogelhauschen-hausrost-45cm\/\"]}]},{\"@type\":\"ImageObject\",\"inLanguage\":\"de\",\"@id\":\"https:\/\/www.eliassen.nl\/de\/vogelhauschen-hausrost-45cm\/#primaryimage\",\"url\":\"https:\/\/www.eliassen.nl\/wp-content\/uploads\/2024\/01\/vhr45.jpg\",\"contentUrl\":\"https:\/\/www.eliassen.nl\/wp-content\/uploads\/2024\/01\/vhr45.jpg\",\"width\":338,\"height\":587,\"caption\":\"vhr45\"},{\"@type\":\"BreadcrumbList\",\"@id\":\"https:\/\/www.eliassen.nl\/de\/vogelhauschen-hausrost-45cm\/#breadcrumb\",\"itemListElement\":[{\"@type\":\"ListItem\",\"position\":1,\"name\":\"Home\",\"item\":\"https:\/\/www.eliassen.nl\/de\/\"},{\"@type\":\"ListItem\",\"position\":2,\"name\":\"Shop\",\"item\":\"https:\/\/www.eliassen.nl\/de\/shop\/\"},{\"@type\":\"ListItem\",\"position\":3,\"name\":\"Gartenstecker\",\"item\":\"https:\/\/www.eliassen.nl\/de\/gartenstecker\/\"},{\"@type\":\"ListItem\",\"position\":4,\"name\":\"Gartenpf\u00e4hle aus still\",\"item\":\"https:\/\/www.eliassen.nl\/de\/gartenstecker\/gartenpfaehle-aus-still\/\"},{\"@type\":\"ListItem\",\"position\":5,\"name\":\"Vogelfutterhaus Rost 45cm mit Stange\"}]},{\"@type\":\"WebSite\",\"@id\":\"https:\/\/www.eliassen.nl\/de\/#website\",\"url\":\"https:\/\/www.eliassen.nl\/de\/\",\"name\":\"Eliassen Home & Garden Pleasure\",\"description\":\"\",\"publisher\":{\"@id\":\"https:\/\/www.eliassen.nl\/de\/#organization\"},\"alternateName\":\"Eliassen.nl\",\"potentialAction\":[{\"@type\":\"SearchAction\",\"target\":{\"@type\":\"EntryPoint\",\"urlTemplate\":\"https:\/\/www.eliassen.nl\/de\/?s={search_term_string}\"},\"query-input\":{\"@type\":\"PropertyValueSpecification\",\"valueRequired\":true,\"valueName\":\"search_term_string\"}}],\"inLanguage\":\"de\"},{\"@type\":[\"Organization\",\"Place\"],\"@id\":\"https:\/\/www.eliassen.nl\/de\/#organization\",\"name\":\"Eliassen Home & Garden Pleasure\",\"url\":\"https:\/\/www.eliassen.nl\/de\/\",\"logo\":{\"@id\":\"https:\/\/www.eliassen.nl\/de\/vogelhauschen-hausrost-45cm\/#local-main-organization-logo\"},\"image\":{\"@id\":\"https:\/\/www.eliassen.nl\/de\/vogelhauschen-hausrost-45cm\/#local-main-organization-logo\"},\"sameAs\":[\"https:\/\/www.facebook.com\/TuincentrumEliassenAmmerzoden\",\"https:\/\/www.instagram.com\/eliassenhomeandgarden\/\",\"https:\/\/nl.pinterest.com\/eliassenhomeandgarden\/\",\"https:\/\/www.youtube.com\/@eliassenhomegardenpleasure4558\"],\"telephone\":[],\"openingHoursSpecification\":[{\"@type\":\"OpeningHoursSpecification\",\"dayOfWeek\":[\"Monday\",\"Tuesday\",\"Wednesday\",\"Thursday\",\"Friday\",\"Saturday\",\"Sunday\"],\"opens\":\"09:00\",\"closes\":\"17:00\"}]},{\"@type\":\"ImageObject\",\"inLanguage\":\"de\",\"@id\":\"https:\/\/www.eliassen.nl\/de\/vogelhauschen-hausrost-45cm\/#local-main-organization-logo\",\"url\":\"https:\/\/www.eliassen.nl\/wp-content\/uploads\/2024\/01\/logo_4nd.jpg\",\"contentUrl\":\"https:\/\/www.eliassen.nl\/wp-content\/uploads\/2024\/01\/logo_4nd.jpg\",\"width\":500,\"height\":500,\"caption\":\"Eliassen Home & Garden Pleasure\"}]}<\/script>\n<meta property=\"product:price:amount\" content=\"89.50\" \/>\n<meta property=\"product:price:currency\" content=\"EUR\" \/>\n<meta property=\"og:availability\" content=\"instock\" \/>\n<meta property=\"product:availability\" content=\"instock\" \/>\n<meta property=\"product:retailer_item_id\" content=\"71700vhr45-71700st12-150\" \/>\n<meta property=\"product:condition\" content=\"new\" \/>\n<!-- \/ Yoast SEO Premium plugin. -->","yoast_head_json":{"title":"Vogelfutterhaus Rost 45cm | Eliassen","description":"Bei Eliassen k\u00f6nnen Sie Vogelfutterh\u00e4uschen Rost 45cm online kaufen oder live im Showroom ansehen. Wir haben die sch\u00f6nsten Gartenpf\u00e4hle, Gartenpf\u00e4hle aus Metall 10282571","robots":{"index":"index","follow":"follow","max-snippet":"max-snippet:-1","max-image-preview":"max-image-preview:large","max-video-preview":"max-video-preview:-1"},"canonical":"https:\/\/www.eliassen.nl\/de\/vogelhauschen-hausrost-45cm\/","og_locale":"de_DE","og_type":"article","og_title":"Sonstige Vogelfutterhaus Rost 45cm mit Stange - Eliassen.nl","og_description":"Bei Eliassen k\u00f6nnen Sie Vogelfutterh\u00e4uschen Rost 45cm online kaufen oder live im Showroom ansehen. Wir haben die sch\u00f6nsten Gartenpf\u00e4hle, Gartenpf\u00e4hle aus Metall 10282571","og_url":"https:\/\/www.eliassen.nl\/de\/vogelhauschen-hausrost-45cm\/","og_site_name":"Eliassen.nl","article_publisher":"https:\/\/www.facebook.com\/TuincentrumEliassenAmmerzoden","article_modified_time":"2026-03-04T12:50:55+00:00","og_image":[{"width":338,"height":587,"url":"https:\/\/www.eliassen.nl\/wp-content\/uploads\/2024\/01\/vhr45.jpg","type":"image\/jpeg"}],"twitter_card":"summary_large_image","schema":{"@context":"https:\/\/schema.org","@graph":[{"@type":"WebPage","@id":"https:\/\/www.eliassen.nl\/de\/vogelhauschen-hausrost-45cm\/","url":"https:\/\/www.eliassen.nl\/de\/vogelhauschen-hausrost-45cm\/","name":"Vogelfutterhaus Rost 45cm | Eliassen","isPartOf":{"@id":"https:\/\/www.eliassen.nl\/de\/#website"},"primaryImageOfPage":{"@id":"https:\/\/www.eliassen.nl\/de\/vogelhauschen-hausrost-45cm\/#primaryimage"},"image":{"@id":"https:\/\/www.eliassen.nl\/de\/vogelhauschen-hausrost-45cm\/#primaryimage"},"thumbnailUrl":"https:\/\/www.eliassen.nl\/wp-content\/uploads\/2024\/01\/vhr45.jpg","datePublished":"2021-03-11T17:17:04+00:00","dateModified":"2026-03-04T12:50:55+00:00","description":"Bei Eliassen k\u00f6nnen Sie Vogelfutterh\u00e4uschen Rost 45cm online kaufen oder live im Showroom ansehen. Wir haben die sch\u00f6nsten Gartenpf\u00e4hle, Gartenpf\u00e4hle aus Metall 10282571","breadcrumb":{"@id":"https:\/\/www.eliassen.nl\/de\/vogelhauschen-hausrost-45cm\/#breadcrumb"},"inLanguage":"de","potentialAction":[{"@type":"ReadAction","target":["https:\/\/www.eliassen.nl\/de\/vogelhauschen-hausrost-45cm\/"]}]},{"@type":"ImageObject","inLanguage":"de","@id":"https:\/\/www.eliassen.nl\/de\/vogelhauschen-hausrost-45cm\/#primaryimage","url":"https:\/\/www.eliassen.nl\/wp-content\/uploads\/2024\/01\/vhr45.jpg","contentUrl":"https:\/\/www.eliassen.nl\/wp-content\/uploads\/2024\/01\/vhr45.jpg","width":338,"height":587,"caption":"vhr45"},{"@type":"BreadcrumbList","@id":"https:\/\/www.eliassen.nl\/de\/vogelhauschen-hausrost-45cm\/#breadcrumb","itemListElement":[{"@type":"ListItem","position":1,"name":"Home","item":"https:\/\/www.eliassen.nl\/de\/"},{"@type":"ListItem","position":2,"name":"Shop","item":"https:\/\/www.eliassen.nl\/de\/shop\/"},{"@type":"ListItem","position":3,"name":"Gartenstecker","item":"https:\/\/www.eliassen.nl\/de\/gartenstecker\/"},{"@type":"ListItem","position":4,"name":"Gartenpf\u00e4hle aus still","item":"https:\/\/www.eliassen.nl\/de\/gartenstecker\/gartenpfaehle-aus-still\/"},{"@type":"ListItem","position":5,"name":"Vogelfutterhaus Rost 45cm mit Stange"}]},{"@type":"WebSite","@id":"https:\/\/www.eliassen.nl\/de\/#website","url":"https:\/\/www.eliassen.nl\/de\/","name":"Eliassen Home & Garden Pleasure","description":"","publisher":{"@id":"https:\/\/www.eliassen.nl\/de\/#organization"},"alternateName":"Eliassen.nl","potentialAction":[{"@type":"SearchAction","target":{"@type":"EntryPoint","urlTemplate":"https:\/\/www.eliassen.nl\/de\/?s={search_term_string}"},"query-input":{"@type":"PropertyValueSpecification","valueRequired":true,"valueName":"search_term_string"}}],"inLanguage":"de"},{"@type":["Organization","Place"],"@id":"https:\/\/www.eliassen.nl\/de\/#organization","name":"Eliassen Home & Garden Pleasure","url":"https:\/\/www.eliassen.nl\/de\/","logo":{"@id":"https:\/\/www.eliassen.nl\/de\/vogelhauschen-hausrost-45cm\/#local-main-organization-logo"},"image":{"@id":"https:\/\/www.eliassen.nl\/de\/vogelhauschen-hausrost-45cm\/#local-main-organization-logo"},"sameAs":["https:\/\/www.facebook.com\/TuincentrumEliassenAmmerzoden","https:\/\/www.instagram.com\/eliassenhomeandgarden\/","https:\/\/nl.pinterest.com\/eliassenhomeandgarden\/","https:\/\/www.youtube.com\/@eliassenhomegardenpleasure4558"],"telephone":[],"openingHoursSpecification":[{"@type":"OpeningHoursSpecification","dayOfWeek":["Monday","Tuesday","Wednesday","Thursday","Friday","Saturday","Sunday"],"opens":"09:00","closes":"17:00"}]},{"@type":"ImageObject","inLanguage":"de","@id":"https:\/\/www.eliassen.nl\/de\/vogelhauschen-hausrost-45cm\/#local-main-organization-logo","url":"https:\/\/www.eliassen.nl\/wp-content\/uploads\/2024\/01\/logo_4nd.jpg","contentUrl":"https:\/\/www.eliassen.nl\/wp-content\/uploads\/2024\/01\/logo_4nd.jpg","width":500,"height":500,"caption":"Eliassen Home & Garden Pleasure"}]},"product_price_amount":"89.50","product_price_currency":"EUR","og_availability":"instock","product_availability":"instock","product_retailer_item_id":"71700vhr45-71700st12-150","product_condition":"new"},"df_price":89.5,"df_sale_price":"","df_regular_price":89.5,"df_image_link":"https:\/\/www.eliassen.nl\/wp-content\/uploads\/2024\/01\/vhr45.jpg","image":"https:\/\/www.eliassen.nl\/wp-content\/uploads\/2024\/01\/vhr45.jpg","price_search":"<span class=\"woocommerce-Price-amount amount\"><bdi><span class=\"woocommerce-Price-currencySymbol\">&euro;<\/span>&nbsp;89,50<\/bdi><\/span>","category":"Gartenpf\u00e4hle aus still","global_unique_id":"5414471178956","_links":{"self":[{"href":"https:\/\/www.eliassen.nl\/de\/wp-json\/wp\/v2\/product\/27160","targetHints":{"allow":["GET"]}}],"collection":[{"href":"https:\/\/www.eliassen.nl\/de\/wp-json\/wp\/v2\/product"}],"about":[{"href":"https:\/\/www.eliassen.nl\/de\/wp-json\/wp\/v2\/types\/product"}],"wp:featuredmedia":[{"embeddable":true,"href":"https:\/\/www.eliassen.nl\/de\/wp-json\/wp\/v2\/media\/27148"}],"wp:attachment":[{"href":"https:\/\/www.eliassen.nl\/de\/wp-json\/wp\/v2\/media?parent=27160"}],"wp:term":[{"taxonomy":"product_brand","embeddable":true,"href":"https:\/\/www.eliassen.nl\/de\/wp-json\/wp\/v2\/product_brand?post=27160"},{"taxonomy":"product_cat","embeddable":true,"href":"https:\/\/www.eliassen.nl\/de\/wp-json\/wp\/v2\/product_cat?post=27160"},{"taxonomy":"product_tag","embeddable":true,"href":"https:\/\/www.eliassen.nl\/de\/wp-json\/wp\/v2\/product_tag?post=27160"}],"curies":[{"name":"wp","href":"https:\/\/api.w.org\/{rel}","templated":true}]}}