{"id":26953,"date":"2021-03-11T10:09:30","date_gmt":"2021-03-11T10:09:30","guid":{"rendered":"https:\/\/www.eliassen.nl\/?product=zuil-roest-bladeren-100cm"},"modified":"2026-01-16T13:53:24","modified_gmt":"2026-01-16T12:53:24","slug":"spalte-rostblatter-100cm","status":"publish","type":"product","link":"https:\/\/www.eliassen.nl\/de\/spalte-rostblatter-100cm\/","title":{"rendered":"S\u00e4ulenrost Bl\u00e4tter 100cm mit Licht"},"content":{"rendered":"<p>Einen unverwechselbaren Stimmungsmacher in Ihrem Garten nennen Sie sicher diese beleuchtete S\u00e4ule. In diesem Sockel werden so genannte Blumen hergestellt, durch die warmes, wei\u00dfes Licht in der Dunkelheit leuchtet. Diese S\u00e4ule ist aus 2 mm dickem, unbehandeltem Eisen gefertigt, was ihr eine sch\u00f6ne und zeitlose (rost)braune Farbe verleiht.  <\/p>\n<p>Dieser Sockel enth\u00e4lt eine kleine LED-Leuchte, die von einem Regal gehalten wird. Sie stellen die LED-Leuchte ab, legen den Sockel dar\u00fcber und sind fertig.<\/p>\n<p>Sie werden begeistert sein von der m\u00e4rchenhaften Atmosph\u00e4re, die diese halbrunde S\u00e4ule erzeugt.<\/p>\n<p>Dieser Sockel kann \u00fcberall im Garten aufgestellt werden, mit einem Topf, einer Statue oder einer Sonnenuhr darauf.<\/p>\n<ul>\n<li>Gr\u00f6\u00dfe: 35x35cm, H\u00f6he 100cm<\/li>\n<li>Inklusive LED-Lampe 1 Watt, mit einer Kabell\u00e4nge von 7,5 Metern<\/li>\n<li>Material: unbehandeltes Metall 2 mm dick<\/li>\n<li>2 Jahre Garantie<\/li>\n<li>Achten Sie auf Rostflecken auf Zierpflastern<\/li>\n<\/ul>\n","protected":false},"excerpt":{"rendered":"<p>Einen unverwechselbaren Stimmungsmacher in Ihrem Garten nennen Sie sicher diese beleuchtete S\u00e4ule. In diesem Sockel werden so genannte Blumen hergestellt, durch die warmes, wei\u00dfes Licht in der Dunkelheit leuchtet. Diese S\u00e4ule ist aus 2 mm dickem, unbehandeltem Eisen gefertigt, was ihr eine sch\u00f6ne und zeitlose (rost)braune Farbe verleiht. Dieser Sockel enth\u00e4lt eine kleine LED-Leuchte, die &hellip;<\/p>\n","protected":false},"featured_media":26932,"template":"","meta":{"_acf_changed":false,"_genesis_title":"","_genesis_description":""},"product_brand":[7505],"product_cat":[899,797,782,746],"product_tag":[],"class_list":{"0":"post-26953","1":"product","2":"type-product","3":"status-publish","4":"has-post-thumbnail","6":"product_brand-sonstige","7":"product_cat-ambientebeleuchtung-aussen","8":"product_cat-metallsockel","9":"product_cat-sockel","10":"product_cat-stimmungsvolle-beleuchtung","12":"first","13":"instock","14":"taxable","15":"shipping-taxable","16":"purchasable","17":"product-type-simple"},"acf":[],"meta_all":{"total_sales":"1","wcml_sync_hash":{"postmeta_fields":"a353de0764a32c2ff8dc2709c1a098c9"},"attr_label_translations":[]},"meta_all_flat":{"total_sales":"1","wcml_sync_hash.postmeta_fields":"a353de0764a32c2ff8dc2709c1a098c9"},"yoast_head":"<!-- This site is optimized with the Yoast SEO Premium plugin v26.2 (Yoast SEO v27.2) - https:\/\/yoast.com\/product\/yoast-seo-premium-wordpress\/ -->\n<title>S\u00e4ule rostfarben mit Bl\u00e4ttern | Led-Beleuchtung | 100cm<\/title>\n<meta name=\"description\" content=\"Die rostfarbene S\u00e4ule f\u00fcr Ihren Garten sorgt f\u00fcr eine m\u00e4rchenhafte Atmosph\u00e4re. Er hat eine halbrunde Form. 2 Jahre Garantie! Sehen Sie alle unsere Produkte LIVE in unserem Ausstellungsraum!\" \/>\n<meta name=\"robots\" content=\"index, follow, max-snippet:-1, max-image-preview:large, max-video-preview:-1\" \/>\n<link rel=\"canonical\" href=\"https:\/\/www.eliassen.nl\/de\/spalte-rostblatter-100cm\/\" \/>\n<meta property=\"og:locale\" content=\"de_DE\" \/>\n<meta property=\"og:type\" content=\"article\" \/>\n<meta property=\"og:title\" content=\"Sonstige S\u00e4ulenrost Bl\u00e4tter 100cm mit Licht - Eliassen.nl\" \/>\n<meta property=\"og:description\" content=\"Die rostfarbene S\u00e4ule f\u00fcr Ihren Garten sorgt f\u00fcr eine m\u00e4rchenhafte Atmosph\u00e4re. Er hat eine halbrunde Form. 2 Jahre Garantie! Sehen Sie alle unsere Produkte LIVE in unserem Ausstellungsraum!\" \/>\n<meta property=\"og:url\" content=\"https:\/\/www.eliassen.nl\/de\/spalte-rostblatter-100cm\/\" \/>\n<meta property=\"og:site_name\" content=\"Eliassen.nl\" \/>\n<meta property=\"article:publisher\" content=\"https:\/\/www.facebook.com\/TuincentrumEliassenAmmerzoden\" \/>\n<meta property=\"article:modified_time\" content=\"2026-01-16T12:53:24+00:00\" \/>\n<meta property=\"og:image\" content=\"https:\/\/www.eliassen.nl\/wp-content\/uploads\/2024\/01\/71700bds100.jpg\" \/>\n\t<meta property=\"og:image:width\" content=\"1365\" \/>\n\t<meta property=\"og:image:height\" content=\"2048\" \/>\n\t<meta property=\"og:image:type\" content=\"image\/jpeg\" \/>\n<meta name=\"twitter:card\" content=\"summary_large_image\" \/>\n<script type=\"application\/ld+json\" class=\"yoast-schema-graph\">{\"@context\":\"https:\/\/schema.org\",\"@graph\":[{\"@type\":\"WebPage\",\"@id\":\"https:\/\/www.eliassen.nl\/de\/spalte-rostblatter-100cm\/\",\"url\":\"https:\/\/www.eliassen.nl\/de\/spalte-rostblatter-100cm\/\",\"name\":\"S\u00e4ule rostfarben mit Bl\u00e4ttern | Led-Beleuchtung | 100cm\",\"isPartOf\":{\"@id\":\"https:\/\/www.eliassen.nl\/de\/#website\"},\"primaryImageOfPage\":{\"@id\":\"https:\/\/www.eliassen.nl\/de\/spalte-rostblatter-100cm\/#primaryimage\"},\"image\":{\"@id\":\"https:\/\/www.eliassen.nl\/de\/spalte-rostblatter-100cm\/#primaryimage\"},\"thumbnailUrl\":\"https:\/\/www.eliassen.nl\/wp-content\/uploads\/2024\/01\/71700bds100.jpg\",\"datePublished\":\"2021-03-11T10:09:30+00:00\",\"dateModified\":\"2026-01-16T12:53:24+00:00\",\"description\":\"Die rostfarbene S\u00e4ule f\u00fcr Ihren Garten sorgt f\u00fcr eine m\u00e4rchenhafte Atmosph\u00e4re. Er hat eine halbrunde Form. 2 Jahre Garantie! Sehen Sie alle unsere Produkte LIVE in unserem Ausstellungsraum!\",\"breadcrumb\":{\"@id\":\"https:\/\/www.eliassen.nl\/de\/spalte-rostblatter-100cm\/#breadcrumb\"},\"inLanguage\":\"de\",\"potentialAction\":[{\"@type\":\"ReadAction\",\"target\":[\"https:\/\/www.eliassen.nl\/de\/spalte-rostblatter-100cm\/\"]}]},{\"@type\":\"ImageObject\",\"inLanguage\":\"de\",\"@id\":\"https:\/\/www.eliassen.nl\/de\/spalte-rostblatter-100cm\/#primaryimage\",\"url\":\"https:\/\/www.eliassen.nl\/wp-content\/uploads\/2024\/01\/71700bds100.jpg\",\"contentUrl\":\"https:\/\/www.eliassen.nl\/wp-content\/uploads\/2024\/01\/71700bds100.jpg\",\"width\":1365,\"height\":2048,\"caption\":\"71700BDS100\"},{\"@type\":\"BreadcrumbList\",\"@id\":\"https:\/\/www.eliassen.nl\/de\/spalte-rostblatter-100cm\/#breadcrumb\",\"itemListElement\":[{\"@type\":\"ListItem\",\"position\":1,\"name\":\"Home\",\"item\":\"https:\/\/www.eliassen.nl\/de\/\"},{\"@type\":\"ListItem\",\"position\":2,\"name\":\"Shop\",\"item\":\"https:\/\/www.eliassen.nl\/de\/shop\/\"},{\"@type\":\"ListItem\",\"position\":3,\"name\":\"Stimmungsvolle Beleuchtung\",\"item\":\"https:\/\/www.eliassen.nl\/de\/stimmungsvolle-beleuchtung\/\"},{\"@type\":\"ListItem\",\"position\":4,\"name\":\"Ambientebeleuchtung au\u00dfen\",\"item\":\"https:\/\/www.eliassen.nl\/de\/stimmungsvolle-beleuchtung\/ambientebeleuchtung-aussen\/\"},{\"@type\":\"ListItem\",\"position\":5,\"name\":\"S\u00e4ulenrost Bl\u00e4tter 100cm mit Licht\"}]},{\"@type\":\"WebSite\",\"@id\":\"https:\/\/www.eliassen.nl\/de\/#website\",\"url\":\"https:\/\/www.eliassen.nl\/de\/\",\"name\":\"Eliassen Home & Garden Pleasure\",\"description\":\"\",\"publisher\":{\"@id\":\"https:\/\/www.eliassen.nl\/de\/#organization\"},\"alternateName\":\"Eliassen.nl\",\"potentialAction\":[{\"@type\":\"SearchAction\",\"target\":{\"@type\":\"EntryPoint\",\"urlTemplate\":\"https:\/\/www.eliassen.nl\/de\/?s={search_term_string}\"},\"query-input\":{\"@type\":\"PropertyValueSpecification\",\"valueRequired\":true,\"valueName\":\"search_term_string\"}}],\"inLanguage\":\"de\"},{\"@type\":[\"Organization\",\"Place\"],\"@id\":\"https:\/\/www.eliassen.nl\/de\/#organization\",\"name\":\"Eliassen Home & Garden Pleasure\",\"url\":\"https:\/\/www.eliassen.nl\/de\/\",\"logo\":{\"@id\":\"https:\/\/www.eliassen.nl\/de\/spalte-rostblatter-100cm\/#local-main-organization-logo\"},\"image\":{\"@id\":\"https:\/\/www.eliassen.nl\/de\/spalte-rostblatter-100cm\/#local-main-organization-logo\"},\"sameAs\":[\"https:\/\/www.facebook.com\/TuincentrumEliassenAmmerzoden\",\"https:\/\/www.instagram.com\/eliassenhomeandgarden\/\",\"https:\/\/nl.pinterest.com\/eliassenhomeandgarden\/\",\"https:\/\/www.youtube.com\/@eliassenhomegardenpleasure4558\"],\"telephone\":[],\"openingHoursSpecification\":[{\"@type\":\"OpeningHoursSpecification\",\"dayOfWeek\":[\"Monday\",\"Tuesday\",\"Wednesday\",\"Thursday\",\"Friday\",\"Saturday\",\"Sunday\"],\"opens\":\"09:00\",\"closes\":\"17:00\"}]},{\"@type\":\"ImageObject\",\"inLanguage\":\"de\",\"@id\":\"https:\/\/www.eliassen.nl\/de\/spalte-rostblatter-100cm\/#local-main-organization-logo\",\"url\":\"https:\/\/www.eliassen.nl\/wp-content\/uploads\/2024\/01\/logo_4nd.jpg\",\"contentUrl\":\"https:\/\/www.eliassen.nl\/wp-content\/uploads\/2024\/01\/logo_4nd.jpg\",\"width\":500,\"height\":500,\"caption\":\"Eliassen Home & Garden Pleasure\"}]}<\/script>\n<meta property=\"product:price:amount\" content=\"289.00\" \/>\n<meta property=\"product:price:currency\" content=\"EUR\" \/>\n<meta property=\"og:availability\" content=\"instock\" \/>\n<meta property=\"product:availability\" content=\"instock\" \/>\n<meta property=\"product:retailer_item_id\" content=\"71700bds100\" \/>\n<meta property=\"product:condition\" content=\"new\" \/>\n<!-- \/ Yoast SEO Premium plugin. -->","yoast_head_json":{"title":"S\u00e4ule rostfarben mit Bl\u00e4ttern | Led-Beleuchtung | 100cm","description":"Die rostfarbene S\u00e4ule f\u00fcr Ihren Garten sorgt f\u00fcr eine m\u00e4rchenhafte Atmosph\u00e4re. Er hat eine halbrunde Form. 2 Jahre Garantie! Sehen Sie alle unsere Produkte LIVE in unserem Ausstellungsraum!","robots":{"index":"index","follow":"follow","max-snippet":"max-snippet:-1","max-image-preview":"max-image-preview:large","max-video-preview":"max-video-preview:-1"},"canonical":"https:\/\/www.eliassen.nl\/de\/spalte-rostblatter-100cm\/","og_locale":"de_DE","og_type":"article","og_title":"Sonstige S\u00e4ulenrost Bl\u00e4tter 100cm mit Licht - Eliassen.nl","og_description":"Die rostfarbene S\u00e4ule f\u00fcr Ihren Garten sorgt f\u00fcr eine m\u00e4rchenhafte Atmosph\u00e4re. Er hat eine halbrunde Form. 2 Jahre Garantie! Sehen Sie alle unsere Produkte LIVE in unserem Ausstellungsraum!","og_url":"https:\/\/www.eliassen.nl\/de\/spalte-rostblatter-100cm\/","og_site_name":"Eliassen.nl","article_publisher":"https:\/\/www.facebook.com\/TuincentrumEliassenAmmerzoden","article_modified_time":"2026-01-16T12:53:24+00:00","og_image":[{"width":1365,"height":2048,"url":"https:\/\/www.eliassen.nl\/wp-content\/uploads\/2024\/01\/71700bds100.jpg","type":"image\/jpeg"}],"twitter_card":"summary_large_image","schema":{"@context":"https:\/\/schema.org","@graph":[{"@type":"WebPage","@id":"https:\/\/www.eliassen.nl\/de\/spalte-rostblatter-100cm\/","url":"https:\/\/www.eliassen.nl\/de\/spalte-rostblatter-100cm\/","name":"S\u00e4ule rostfarben mit Bl\u00e4ttern | Led-Beleuchtung | 100cm","isPartOf":{"@id":"https:\/\/www.eliassen.nl\/de\/#website"},"primaryImageOfPage":{"@id":"https:\/\/www.eliassen.nl\/de\/spalte-rostblatter-100cm\/#primaryimage"},"image":{"@id":"https:\/\/www.eliassen.nl\/de\/spalte-rostblatter-100cm\/#primaryimage"},"thumbnailUrl":"https:\/\/www.eliassen.nl\/wp-content\/uploads\/2024\/01\/71700bds100.jpg","datePublished":"2021-03-11T10:09:30+00:00","dateModified":"2026-01-16T12:53:24+00:00","description":"Die rostfarbene S\u00e4ule f\u00fcr Ihren Garten sorgt f\u00fcr eine m\u00e4rchenhafte Atmosph\u00e4re. Er hat eine halbrunde Form. 2 Jahre Garantie! Sehen Sie alle unsere Produkte LIVE in unserem Ausstellungsraum!","breadcrumb":{"@id":"https:\/\/www.eliassen.nl\/de\/spalte-rostblatter-100cm\/#breadcrumb"},"inLanguage":"de","potentialAction":[{"@type":"ReadAction","target":["https:\/\/www.eliassen.nl\/de\/spalte-rostblatter-100cm\/"]}]},{"@type":"ImageObject","inLanguage":"de","@id":"https:\/\/www.eliassen.nl\/de\/spalte-rostblatter-100cm\/#primaryimage","url":"https:\/\/www.eliassen.nl\/wp-content\/uploads\/2024\/01\/71700bds100.jpg","contentUrl":"https:\/\/www.eliassen.nl\/wp-content\/uploads\/2024\/01\/71700bds100.jpg","width":1365,"height":2048,"caption":"71700BDS100"},{"@type":"BreadcrumbList","@id":"https:\/\/www.eliassen.nl\/de\/spalte-rostblatter-100cm\/#breadcrumb","itemListElement":[{"@type":"ListItem","position":1,"name":"Home","item":"https:\/\/www.eliassen.nl\/de\/"},{"@type":"ListItem","position":2,"name":"Shop","item":"https:\/\/www.eliassen.nl\/de\/shop\/"},{"@type":"ListItem","position":3,"name":"Stimmungsvolle Beleuchtung","item":"https:\/\/www.eliassen.nl\/de\/stimmungsvolle-beleuchtung\/"},{"@type":"ListItem","position":4,"name":"Ambientebeleuchtung au\u00dfen","item":"https:\/\/www.eliassen.nl\/de\/stimmungsvolle-beleuchtung\/ambientebeleuchtung-aussen\/"},{"@type":"ListItem","position":5,"name":"S\u00e4ulenrost Bl\u00e4tter 100cm mit Licht"}]},{"@type":"WebSite","@id":"https:\/\/www.eliassen.nl\/de\/#website","url":"https:\/\/www.eliassen.nl\/de\/","name":"Eliassen Home & Garden Pleasure","description":"","publisher":{"@id":"https:\/\/www.eliassen.nl\/de\/#organization"},"alternateName":"Eliassen.nl","potentialAction":[{"@type":"SearchAction","target":{"@type":"EntryPoint","urlTemplate":"https:\/\/www.eliassen.nl\/de\/?s={search_term_string}"},"query-input":{"@type":"PropertyValueSpecification","valueRequired":true,"valueName":"search_term_string"}}],"inLanguage":"de"},{"@type":["Organization","Place"],"@id":"https:\/\/www.eliassen.nl\/de\/#organization","name":"Eliassen Home & Garden Pleasure","url":"https:\/\/www.eliassen.nl\/de\/","logo":{"@id":"https:\/\/www.eliassen.nl\/de\/spalte-rostblatter-100cm\/#local-main-organization-logo"},"image":{"@id":"https:\/\/www.eliassen.nl\/de\/spalte-rostblatter-100cm\/#local-main-organization-logo"},"sameAs":["https:\/\/www.facebook.com\/TuincentrumEliassenAmmerzoden","https:\/\/www.instagram.com\/eliassenhomeandgarden\/","https:\/\/nl.pinterest.com\/eliassenhomeandgarden\/","https:\/\/www.youtube.com\/@eliassenhomegardenpleasure4558"],"telephone":[],"openingHoursSpecification":[{"@type":"OpeningHoursSpecification","dayOfWeek":["Monday","Tuesday","Wednesday","Thursday","Friday","Saturday","Sunday"],"opens":"09:00","closes":"17:00"}]},{"@type":"ImageObject","inLanguage":"de","@id":"https:\/\/www.eliassen.nl\/de\/spalte-rostblatter-100cm\/#local-main-organization-logo","url":"https:\/\/www.eliassen.nl\/wp-content\/uploads\/2024\/01\/logo_4nd.jpg","contentUrl":"https:\/\/www.eliassen.nl\/wp-content\/uploads\/2024\/01\/logo_4nd.jpg","width":500,"height":500,"caption":"Eliassen Home & Garden Pleasure"}]},"product_price_amount":"289.00","product_price_currency":"EUR","og_availability":"instock","product_availability":"instock","product_retailer_item_id":"71700bds100","product_condition":"new"},"df_price":289,"df_sale_price":"","df_regular_price":289,"df_image_link":"https:\/\/www.eliassen.nl\/wp-content\/uploads\/2024\/01\/71700bds100.jpg","image":"https:\/\/www.eliassen.nl\/wp-content\/uploads\/2024\/01\/71700bds100.jpg","price_search":"<span class=\"woocommerce-Price-amount amount\"><bdi><span class=\"woocommerce-Price-currencySymbol\">&euro;<\/span>&nbsp;289,00<\/bdi><\/span>","category":"Ambientebeleuchtung au\u00dfen","global_unique_id":"5414471196035","_links":{"self":[{"href":"https:\/\/www.eliassen.nl\/de\/wp-json\/wp\/v2\/product\/26953","targetHints":{"allow":["GET"]}}],"collection":[{"href":"https:\/\/www.eliassen.nl\/de\/wp-json\/wp\/v2\/product"}],"about":[{"href":"https:\/\/www.eliassen.nl\/de\/wp-json\/wp\/v2\/types\/product"}],"wp:featuredmedia":[{"embeddable":true,"href":"https:\/\/www.eliassen.nl\/de\/wp-json\/wp\/v2\/media\/26932"}],"wp:attachment":[{"href":"https:\/\/www.eliassen.nl\/de\/wp-json\/wp\/v2\/media?parent=26953"}],"wp:term":[{"taxonomy":"product_brand","embeddable":true,"href":"https:\/\/www.eliassen.nl\/de\/wp-json\/wp\/v2\/product_brand?post=26953"},{"taxonomy":"product_cat","embeddable":true,"href":"https:\/\/www.eliassen.nl\/de\/wp-json\/wp\/v2\/product_cat?post=26953"},{"taxonomy":"product_tag","embeddable":true,"href":"https:\/\/www.eliassen.nl\/de\/wp-json\/wp\/v2\/product_tag?post=26953"}],"curies":[{"name":"wp","href":"https:\/\/api.w.org\/{rel}","templated":true}]}}