{"id":26836,"date":"2021-02-24T20:16:53","date_gmt":"2021-02-24T19:16:53","guid":{"rendered":"https:\/\/www.eliassen.nl\/?product=bloempot-rond-groot-rinca-82cm-roestkleur"},"modified":"2024-12-05T15:45:22","modified_gmt":"2024-12-05T14:45:22","slug":"blumentopf-rund-gross-rinca-82cm-rostfarben-doppelwandig","status":"publish","type":"product","link":"https:\/\/www.eliassen.nl\/de\/blumentopf-rund-gross-rinca-82cm-rostfarben-doppelwandig\/","title":{"rendered":"Blumentopf rund gro\u00df Rinca 82cm rostfarben doppelwandig"},"content":{"rendered":"<p>M\u00f6chten Sie einen gro\u00dfen runden rostfarbenen Blumentopf, der f\u00fcr Palmen, Olivenb\u00e4ume oder andere mediterrane Pflanzen geeignet ist, der sehr stark, farbecht und leicht ist?<\/p>\n<p>Dann ist die Wahl f\u00fcr diesen Topf schnell getroffen. Sie k\u00f6nnen diesen gro\u00dfen Blumentopf nicht vom Original unterscheiden, die Farbe und das Aussehen sind genau die gleichen wie bei einem toskanischen Keramiktopf. Das liegt unter anderem daran, dass dieser Topf im sogenannten Rotationsverfahren hergestellt wird, wodurch eine sch\u00f6ne Struktur entsteht.<\/p>\n<p>Diese Topfserie ist doppelwandig, Ihre Pflanzen leiden weniger unter Frost aufgrund der isolierenden Luftschicht zwischen den 2 W\u00e4nden. Der Blumentopf ist f\u00fcr den Innen- und Au\u00dfenbereich geeignet.Vergessen Sie bei der Verwendung im Garten nicht, den Stecker aus der Innenwand zu ziehen und vier L\u00f6cher in den Boden des Au\u00dfentopfs zu bohren. Da dieser Topf viel Weichmacher enth\u00e4lt, m\u00fcssen Sie sich bei diesem Topf keine Sorgen um spontane Risse machen.<\/p>\n<ul>\n<li>Gr\u00f6\u00dfe oberer Durchmesser 82 cm, Gesamth\u00f6he 63 cm und unterer Durchmesser 45 cm.<\/li>\n<li>Farbe: Rostbraun<\/li>\n<li>Farbecht<\/li>\n<li>Leicht<\/li>\n<li>100 % frostbest\u00e4ndig<\/li>\n<li>Von echten Steingutt\u00f6pfen nicht zu unterscheiden<\/li>\n<li>F\u00fcr drinnen und drau\u00dfen<\/li>\n<li>sehr stark<\/li>\n<li>Doppelwandig<\/li>\n<li>wird Ihren teuren Boden nicht zerkratzen<\/li>\n<li>2 Jahre Garantie auf alles<\/li>\n<li><strong>Material: strapazierf\u00e4higer Kunststoff<\/strong><\/li>\n<\/ul>\n<p>\u00a0<\/p>\n","protected":false},"excerpt":{"rendered":"<p>M\u00f6chten Sie einen gro\u00dfen runden rostfarbenen Blumentopf, der f\u00fcr Palmen, Olivenb\u00e4ume oder andere mediterrane Pflanzen geeignet ist, der sehr stark, farbecht und leicht ist? Dann ist die Wahl f\u00fcr diesen Topf schnell getroffen. Sie k\u00f6nnen diesen gro\u00dfen Blumentopf nicht vom Original unterscheiden, die Farbe und das Aussehen sind genau die gleichen wie bei einem toskanischen &hellip;<\/p>\n","protected":false},"featured_media":26821,"template":"","meta":{"_acf_changed":false,"_genesis_title":"","_genesis_description":""},"product_brand":[],"product_cat":[722,740],"product_tag":[],"class_list":{"0":"post-26836","1":"product","2":"type-product","3":"status-publish","4":"has-post-thumbnail","6":"product_cat-blumentoepfe-und-pflanzgefaesse","7":"product_cat-pflanzkuebel-fuer-den-aussenbereich-gross-leicht","9":"first","10":"outofstock","11":"taxable","12":"shipping-taxable","13":"purchasable","14":"product-type-simple"},"acf":[],"meta_all":{"total_sales":"3","wcml_sync_hash":{"postmeta_fields":"29208e9b42d7ce274a71600942928a87"},"attr_label_translations":[]},"meta_all_flat":{"total_sales":"3","wcml_sync_hash.postmeta_fields":"29208e9b42d7ce274a71600942928a87"},"yoast_head":"<!-- This site is optimized with the Yoast SEO Premium plugin v26.2 (Yoast SEO v27.2) - https:\/\/yoast.com\/product\/yoast-seo-premium-wordpress\/ -->\n<title>Blumentopf rund gro\u00df Rinca 82cm ROST FARBE - Eliassen.nl<\/title>\n<meta name=\"description\" content=\"Rostfarbener gro\u00dfer runder Blumentopf f\u00fcr den Innen- und Au\u00dfenbereich, 100 frostbest\u00e4ndig! Rostfarben und f\u00fcr gro\u00dfe Pflanzen wie Palmen geeignet.\" \/>\n<meta name=\"robots\" content=\"index, follow, max-snippet:-1, max-image-preview:large, max-video-preview:-1\" \/>\n<link rel=\"canonical\" href=\"https:\/\/www.eliassen.nl\/de\/blumentopf-rund-gross-rinca-82cm-rostfarben-doppelwandig\/\" \/>\n<meta property=\"og:locale\" content=\"de_DE\" \/>\n<meta property=\"og:type\" content=\"article\" \/>\n<meta property=\"og:title\" content=\"Blumentopf rund gro\u00df Rinca 82cm rostfarben doppelwandig - Eliassen.nl\" \/>\n<meta property=\"og:description\" content=\"Rostfarbener gro\u00dfer runder Blumentopf f\u00fcr den Innen- und Au\u00dfenbereich, 100 frostbest\u00e4ndig! Rostfarben und f\u00fcr gro\u00dfe Pflanzen wie Palmen geeignet.\" \/>\n<meta property=\"og:url\" content=\"https:\/\/www.eliassen.nl\/de\/blumentopf-rund-gross-rinca-82cm-rostfarben-doppelwandig\/\" \/>\n<meta property=\"og:site_name\" content=\"Eliassen.nl\" \/>\n<meta property=\"article:publisher\" content=\"https:\/\/www.facebook.com\/TuincentrumEliassenAmmerzoden\" \/>\n<meta property=\"article:modified_time\" content=\"2024-12-05T14:45:22+00:00\" \/>\n<meta property=\"og:image\" content=\"https:\/\/www.eliassen.nl\/wp-content\/uploads\/2024\/01\/bloempotrondgrootrinca82cmroestkleur.jpg\" \/>\n\t<meta property=\"og:image:width\" content=\"912\" \/>\n\t<meta property=\"og:image:height\" content=\"763\" \/>\n\t<meta property=\"og:image:type\" content=\"image\/jpeg\" \/>\n<meta name=\"twitter:card\" content=\"summary_large_image\" \/>\n<script type=\"application\/ld+json\" class=\"yoast-schema-graph\">{\"@context\":\"https:\/\/schema.org\",\"@graph\":[{\"@type\":\"WebPage\",\"@id\":\"https:\/\/www.eliassen.nl\/de\/blumentopf-rund-gross-rinca-82cm-rostfarben-doppelwandig\/\",\"url\":\"https:\/\/www.eliassen.nl\/de\/blumentopf-rund-gross-rinca-82cm-rostfarben-doppelwandig\/\",\"name\":\"Blumentopf rund gro\u00df Rinca 82cm ROST FARBE - Eliassen.nl\",\"isPartOf\":{\"@id\":\"https:\/\/www.eliassen.nl\/de\/#website\"},\"primaryImageOfPage\":{\"@id\":\"https:\/\/www.eliassen.nl\/de\/blumentopf-rund-gross-rinca-82cm-rostfarben-doppelwandig\/#primaryimage\"},\"image\":{\"@id\":\"https:\/\/www.eliassen.nl\/de\/blumentopf-rund-gross-rinca-82cm-rostfarben-doppelwandig\/#primaryimage\"},\"thumbnailUrl\":\"https:\/\/www.eliassen.nl\/wp-content\/uploads\/2024\/01\/bloempotrondgrootrinca82cmroestkleur.jpg\",\"datePublished\":\"2021-02-24T19:16:53+00:00\",\"dateModified\":\"2024-12-05T14:45:22+00:00\",\"description\":\"Rostfarbener gro\u00dfer runder Blumentopf f\u00fcr den Innen- und Au\u00dfenbereich, 100 frostbest\u00e4ndig! Rostfarben und f\u00fcr gro\u00dfe Pflanzen wie Palmen geeignet.\",\"breadcrumb\":{\"@id\":\"https:\/\/www.eliassen.nl\/de\/blumentopf-rund-gross-rinca-82cm-rostfarben-doppelwandig\/#breadcrumb\"},\"inLanguage\":\"de\",\"potentialAction\":[{\"@type\":\"ReadAction\",\"target\":[\"https:\/\/www.eliassen.nl\/de\/blumentopf-rund-gross-rinca-82cm-rostfarben-doppelwandig\/\"]}]},{\"@type\":\"ImageObject\",\"inLanguage\":\"de\",\"@id\":\"https:\/\/www.eliassen.nl\/de\/blumentopf-rund-gross-rinca-82cm-rostfarben-doppelwandig\/#primaryimage\",\"url\":\"https:\/\/www.eliassen.nl\/wp-content\/uploads\/2024\/01\/bloempotrondgrootrinca82cmroestkleur.jpg\",\"contentUrl\":\"https:\/\/www.eliassen.nl\/wp-content\/uploads\/2024\/01\/bloempotrondgrootrinca82cmroestkleur.jpg\",\"width\":912,\"height\":763,\"caption\":\"Bloempot rond groot Rinca 82cm roestkleur\"},{\"@type\":\"BreadcrumbList\",\"@id\":\"https:\/\/www.eliassen.nl\/de\/blumentopf-rund-gross-rinca-82cm-rostfarben-doppelwandig\/#breadcrumb\",\"itemListElement\":[{\"@type\":\"ListItem\",\"position\":1,\"name\":\"Home\",\"item\":\"https:\/\/www.eliassen.nl\/de\/\"},{\"@type\":\"ListItem\",\"position\":2,\"name\":\"Shop\",\"item\":\"https:\/\/www.eliassen.nl\/de\/shop\/\"},{\"@type\":\"ListItem\",\"position\":3,\"name\":\"Blument\u00f6pfe und Pflanzgef\u00e4\u00dfe\",\"item\":\"https:\/\/www.eliassen.nl\/de\/blumentoepfe-und-pflanzgefaesse\/\"},{\"@type\":\"ListItem\",\"position\":4,\"name\":\"Pflanzk\u00fcbel f\u00fcr den Au\u00dfenbereich gro\u00df leicht\",\"item\":\"https:\/\/www.eliassen.nl\/de\/blumentoepfe-und-pflanzgefaesse\/pflanzkuebel-fuer-den-aussenbereich-gross-leicht\/\"},{\"@type\":\"ListItem\",\"position\":5,\"name\":\"Blumentopf rund gro\u00df Rinca 82cm rostfarben doppelwandig\"}]},{\"@type\":\"WebSite\",\"@id\":\"https:\/\/www.eliassen.nl\/de\/#website\",\"url\":\"https:\/\/www.eliassen.nl\/de\/\",\"name\":\"Eliassen Home & Garden Pleasure\",\"description\":\"\",\"publisher\":{\"@id\":\"https:\/\/www.eliassen.nl\/de\/#organization\"},\"alternateName\":\"Eliassen.nl\",\"potentialAction\":[{\"@type\":\"SearchAction\",\"target\":{\"@type\":\"EntryPoint\",\"urlTemplate\":\"https:\/\/www.eliassen.nl\/de\/?s={search_term_string}\"},\"query-input\":{\"@type\":\"PropertyValueSpecification\",\"valueRequired\":true,\"valueName\":\"search_term_string\"}}],\"inLanguage\":\"de\"},{\"@type\":[\"Organization\",\"Place\"],\"@id\":\"https:\/\/www.eliassen.nl\/de\/#organization\",\"name\":\"Eliassen Home & Garden Pleasure\",\"url\":\"https:\/\/www.eliassen.nl\/de\/\",\"logo\":{\"@id\":\"https:\/\/www.eliassen.nl\/de\/blumentopf-rund-gross-rinca-82cm-rostfarben-doppelwandig\/#local-main-organization-logo\"},\"image\":{\"@id\":\"https:\/\/www.eliassen.nl\/de\/blumentopf-rund-gross-rinca-82cm-rostfarben-doppelwandig\/#local-main-organization-logo\"},\"sameAs\":[\"https:\/\/www.facebook.com\/TuincentrumEliassenAmmerzoden\",\"https:\/\/www.instagram.com\/eliassenhomeandgarden\/\",\"https:\/\/nl.pinterest.com\/eliassenhomeandgarden\/\",\"https:\/\/www.youtube.com\/@eliassenhomegardenpleasure4558\"],\"telephone\":[],\"openingHoursSpecification\":[{\"@type\":\"OpeningHoursSpecification\",\"dayOfWeek\":[\"Monday\",\"Tuesday\",\"Wednesday\",\"Thursday\",\"Friday\",\"Saturday\",\"Sunday\"],\"opens\":\"09:00\",\"closes\":\"17:00\"}]},{\"@type\":\"ImageObject\",\"inLanguage\":\"de\",\"@id\":\"https:\/\/www.eliassen.nl\/de\/blumentopf-rund-gross-rinca-82cm-rostfarben-doppelwandig\/#local-main-organization-logo\",\"url\":\"https:\/\/www.eliassen.nl\/wp-content\/uploads\/2024\/01\/logo_4nd.jpg\",\"contentUrl\":\"https:\/\/www.eliassen.nl\/wp-content\/uploads\/2024\/01\/logo_4nd.jpg\",\"width\":500,\"height\":500,\"caption\":\"Eliassen Home & Garden Pleasure\"}]}<\/script>\n<meta property=\"product:price:amount\" content=\"145.00\" \/>\n<meta property=\"product:price:currency\" content=\"EUR\" \/>\n<meta property=\"og:availability\" content=\"out of stock\" \/>\n<meta property=\"product:availability\" content=\"out of stock\" \/>\n<meta property=\"product:retailer_item_id\" content=\"117401\" \/>\n<meta property=\"product:condition\" content=\"new\" \/>\n<!-- \/ Yoast SEO Premium plugin. -->","yoast_head_json":{"title":"Blumentopf rund gro\u00df Rinca 82cm ROST FARBE - Eliassen.nl","description":"Rostfarbener gro\u00dfer runder Blumentopf f\u00fcr den Innen- und Au\u00dfenbereich, 100 frostbest\u00e4ndig! Rostfarben und f\u00fcr gro\u00dfe Pflanzen wie Palmen geeignet.","robots":{"index":"index","follow":"follow","max-snippet":"max-snippet:-1","max-image-preview":"max-image-preview:large","max-video-preview":"max-video-preview:-1"},"canonical":"https:\/\/www.eliassen.nl\/de\/blumentopf-rund-gross-rinca-82cm-rostfarben-doppelwandig\/","og_locale":"de_DE","og_type":"article","og_title":"Blumentopf rund gro\u00df Rinca 82cm rostfarben doppelwandig - Eliassen.nl","og_description":"Rostfarbener gro\u00dfer runder Blumentopf f\u00fcr den Innen- und Au\u00dfenbereich, 100 frostbest\u00e4ndig! Rostfarben und f\u00fcr gro\u00dfe Pflanzen wie Palmen geeignet.","og_url":"https:\/\/www.eliassen.nl\/de\/blumentopf-rund-gross-rinca-82cm-rostfarben-doppelwandig\/","og_site_name":"Eliassen.nl","article_publisher":"https:\/\/www.facebook.com\/TuincentrumEliassenAmmerzoden","article_modified_time":"2024-12-05T14:45:22+00:00","og_image":[{"width":912,"height":763,"url":"https:\/\/www.eliassen.nl\/wp-content\/uploads\/2024\/01\/bloempotrondgrootrinca82cmroestkleur.jpg","type":"image\/jpeg"}],"twitter_card":"summary_large_image","schema":{"@context":"https:\/\/schema.org","@graph":[{"@type":"WebPage","@id":"https:\/\/www.eliassen.nl\/de\/blumentopf-rund-gross-rinca-82cm-rostfarben-doppelwandig\/","url":"https:\/\/www.eliassen.nl\/de\/blumentopf-rund-gross-rinca-82cm-rostfarben-doppelwandig\/","name":"Blumentopf rund gro\u00df Rinca 82cm ROST FARBE - Eliassen.nl","isPartOf":{"@id":"https:\/\/www.eliassen.nl\/de\/#website"},"primaryImageOfPage":{"@id":"https:\/\/www.eliassen.nl\/de\/blumentopf-rund-gross-rinca-82cm-rostfarben-doppelwandig\/#primaryimage"},"image":{"@id":"https:\/\/www.eliassen.nl\/de\/blumentopf-rund-gross-rinca-82cm-rostfarben-doppelwandig\/#primaryimage"},"thumbnailUrl":"https:\/\/www.eliassen.nl\/wp-content\/uploads\/2024\/01\/bloempotrondgrootrinca82cmroestkleur.jpg","datePublished":"2021-02-24T19:16:53+00:00","dateModified":"2024-12-05T14:45:22+00:00","description":"Rostfarbener gro\u00dfer runder Blumentopf f\u00fcr den Innen- und Au\u00dfenbereich, 100 frostbest\u00e4ndig! Rostfarben und f\u00fcr gro\u00dfe Pflanzen wie Palmen geeignet.","breadcrumb":{"@id":"https:\/\/www.eliassen.nl\/de\/blumentopf-rund-gross-rinca-82cm-rostfarben-doppelwandig\/#breadcrumb"},"inLanguage":"de","potentialAction":[{"@type":"ReadAction","target":["https:\/\/www.eliassen.nl\/de\/blumentopf-rund-gross-rinca-82cm-rostfarben-doppelwandig\/"]}]},{"@type":"ImageObject","inLanguage":"de","@id":"https:\/\/www.eliassen.nl\/de\/blumentopf-rund-gross-rinca-82cm-rostfarben-doppelwandig\/#primaryimage","url":"https:\/\/www.eliassen.nl\/wp-content\/uploads\/2024\/01\/bloempotrondgrootrinca82cmroestkleur.jpg","contentUrl":"https:\/\/www.eliassen.nl\/wp-content\/uploads\/2024\/01\/bloempotrondgrootrinca82cmroestkleur.jpg","width":912,"height":763,"caption":"Bloempot rond groot Rinca 82cm roestkleur"},{"@type":"BreadcrumbList","@id":"https:\/\/www.eliassen.nl\/de\/blumentopf-rund-gross-rinca-82cm-rostfarben-doppelwandig\/#breadcrumb","itemListElement":[{"@type":"ListItem","position":1,"name":"Home","item":"https:\/\/www.eliassen.nl\/de\/"},{"@type":"ListItem","position":2,"name":"Shop","item":"https:\/\/www.eliassen.nl\/de\/shop\/"},{"@type":"ListItem","position":3,"name":"Blument\u00f6pfe und Pflanzgef\u00e4\u00dfe","item":"https:\/\/www.eliassen.nl\/de\/blumentoepfe-und-pflanzgefaesse\/"},{"@type":"ListItem","position":4,"name":"Pflanzk\u00fcbel f\u00fcr den Au\u00dfenbereich gro\u00df leicht","item":"https:\/\/www.eliassen.nl\/de\/blumentoepfe-und-pflanzgefaesse\/pflanzkuebel-fuer-den-aussenbereich-gross-leicht\/"},{"@type":"ListItem","position":5,"name":"Blumentopf rund gro\u00df Rinca 82cm rostfarben doppelwandig"}]},{"@type":"WebSite","@id":"https:\/\/www.eliassen.nl\/de\/#website","url":"https:\/\/www.eliassen.nl\/de\/","name":"Eliassen Home & Garden Pleasure","description":"","publisher":{"@id":"https:\/\/www.eliassen.nl\/de\/#organization"},"alternateName":"Eliassen.nl","potentialAction":[{"@type":"SearchAction","target":{"@type":"EntryPoint","urlTemplate":"https:\/\/www.eliassen.nl\/de\/?s={search_term_string}"},"query-input":{"@type":"PropertyValueSpecification","valueRequired":true,"valueName":"search_term_string"}}],"inLanguage":"de"},{"@type":["Organization","Place"],"@id":"https:\/\/www.eliassen.nl\/de\/#organization","name":"Eliassen Home & Garden Pleasure","url":"https:\/\/www.eliassen.nl\/de\/","logo":{"@id":"https:\/\/www.eliassen.nl\/de\/blumentopf-rund-gross-rinca-82cm-rostfarben-doppelwandig\/#local-main-organization-logo"},"image":{"@id":"https:\/\/www.eliassen.nl\/de\/blumentopf-rund-gross-rinca-82cm-rostfarben-doppelwandig\/#local-main-organization-logo"},"sameAs":["https:\/\/www.facebook.com\/TuincentrumEliassenAmmerzoden","https:\/\/www.instagram.com\/eliassenhomeandgarden\/","https:\/\/nl.pinterest.com\/eliassenhomeandgarden\/","https:\/\/www.youtube.com\/@eliassenhomegardenpleasure4558"],"telephone":[],"openingHoursSpecification":[{"@type":"OpeningHoursSpecification","dayOfWeek":["Monday","Tuesday","Wednesday","Thursday","Friday","Saturday","Sunday"],"opens":"09:00","closes":"17:00"}]},{"@type":"ImageObject","inLanguage":"de","@id":"https:\/\/www.eliassen.nl\/de\/blumentopf-rund-gross-rinca-82cm-rostfarben-doppelwandig\/#local-main-organization-logo","url":"https:\/\/www.eliassen.nl\/wp-content\/uploads\/2024\/01\/logo_4nd.jpg","contentUrl":"https:\/\/www.eliassen.nl\/wp-content\/uploads\/2024\/01\/logo_4nd.jpg","width":500,"height":500,"caption":"Eliassen Home & Garden Pleasure"}]},"product_price_amount":"145.00","product_price_currency":"EUR","og_availability":"out of stock","product_availability":"out of stock","product_retailer_item_id":"117401","product_condition":"new"},"df_price":145,"df_sale_price":"","df_regular_price":145,"df_image_link":"https:\/\/www.eliassen.nl\/wp-content\/uploads\/2024\/01\/bloempotrondgrootrinca82cmroestkleur.jpg","image":"https:\/\/www.eliassen.nl\/wp-content\/uploads\/2024\/01\/bloempotrondgrootrinca82cmroestkleur.jpg","price_search":"<span class=\"woocommerce-Price-amount amount\"><bdi><span class=\"woocommerce-Price-currencySymbol\">&euro;<\/span>&nbsp;145,00<\/bdi><\/span>","category":"Blument\u00f6pfe und Pflanzgef\u00e4\u00dfe","global_unique_id":"8714075818690","_links":{"self":[{"href":"https:\/\/www.eliassen.nl\/de\/wp-json\/wp\/v2\/product\/26836","targetHints":{"allow":["GET"]}}],"collection":[{"href":"https:\/\/www.eliassen.nl\/de\/wp-json\/wp\/v2\/product"}],"about":[{"href":"https:\/\/www.eliassen.nl\/de\/wp-json\/wp\/v2\/types\/product"}],"wp:featuredmedia":[{"embeddable":true,"href":"https:\/\/www.eliassen.nl\/de\/wp-json\/wp\/v2\/media\/26821"}],"wp:attachment":[{"href":"https:\/\/www.eliassen.nl\/de\/wp-json\/wp\/v2\/media?parent=26836"}],"wp:term":[{"taxonomy":"product_brand","embeddable":true,"href":"https:\/\/www.eliassen.nl\/de\/wp-json\/wp\/v2\/product_brand?post=26836"},{"taxonomy":"product_cat","embeddable":true,"href":"https:\/\/www.eliassen.nl\/de\/wp-json\/wp\/v2\/product_cat?post=26836"},{"taxonomy":"product_tag","embeddable":true,"href":"https:\/\/www.eliassen.nl\/de\/wp-json\/wp\/v2\/product_tag?post=26836"}],"curies":[{"name":"wp","href":"https:\/\/api.w.org\/{rel}","templated":true}]}}