{"id":26548,"date":"2021-02-11T14:14:30","date_gmt":"2021-02-11T13:14:30","guid":{"rendered":"https:\/\/www.eliassen.nl\/?product=sierkeien-plat-wit-5-8-cm"},"modified":"2026-04-21T14:05:56","modified_gmt":"2026-04-21T12:05:56","slug":"dekokiesel-flach-weiss-5-8-cm-20kg-das-beste-zum-malen","status":"publish","type":"product","link":"https:\/\/www.eliassen.nl\/de\/dekokiesel-flach-weiss-5-8-cm-20kg-das-beste-zum-malen\/","title":{"rendered":"Dekorative Felsbrocken flach wei\u00df 5-10 cm 20kg. Das Beste f\u00fcr die Malerei!"},"content":{"rendered":"<p><video controls=\"controls\" width=\"300\" height=\"150\"><br \/>\n<\/video><\/p>\n<p>Sch\u00f6ne ovale flache Felsbrocken zum Malen.<\/p>\n<p>&nbsp;<\/p>\n<p>Kaufen Sie wei\u00dfe Dekobl\u00f6cke f\u00fcr Ihre Wasserdekoration oder f\u00fcr den Garten? Sch\u00f6ne gro\u00dfe, sehr harte, flache Quarzsteine in wei\u00dfer Farbe, die kaum gr\u00fcn werden. Farben sch\u00f6n mit Ihrem Ornament, in den Gr\u00f6\u00dfen 50-80mm.v Malerei !!! Pro m2 dieser Gr\u00f6\u00dfe 5-10cm sind etwa 5 S\u00e4cke.  <strong>Dies sind auch die besten glatten Steine zum Malen !!!<\/strong>  Es hat sich herausgestellt, dass viele Menschen, Schulen, Hobbyclubs usw. unsere gro\u00dfen Felsbrocken 5-8 cm bestellen, um sie als Hobby zu bemalen, aber auch als Gedenksteine an einem Grab, einem vergrabenen Haustier usw.<\/p>\n<p>So k\u00f6nnen Sie umrechnen, was Sie ungef\u00e4hr brauchen.<br \/>\nWir empfehlen, das Gittertuch auf das Gitter zu legen, bevor Sie die Steine darauf platzieren.<\/p>\n<ul>\n<li>gewaschene Felsbrocken<\/li>\n<li><strong>seltene<\/strong> <strong>flache<\/strong> Arten<\/li>\n<li>sehr robuste Sorte, die nicht schnell gr\u00fcn wird<\/li>\n<li>l\u00e4sst sich wunderbar mit Wasserornamenten kombinieren, ist aber auch anderswo im Garten sch\u00f6n<\/li>\n<li><strong>Sehen Sie genau die gleichen Felsbrocken anderswo billiger? Wir erstatten Ihnen die Differenz !!!<\/strong><\/li>\n<li><strong>Die Fotos zeigen die Farben dieser Felsbrocken in trockenem und nassem Zustand<\/strong><\/li>\n<\/ul>\n","protected":false},"excerpt":{"rendered":"<p>Am besten zum Malen mit sch\u00f6ner flacher Form.<\/p>\n","protected":false},"featured_media":79327,"template":"","meta":{"_acf_changed":false,"_genesis_title":"","_genesis_description":""},"product_brand":[7505],"product_cat":[770,752],"product_tag":[],"class_list":{"0":"post-26548","1":"product","2":"type-product","3":"status-publish","4":"has-post-thumbnail","6":"product_brand-sonstige","7":"product_cat-edelsteine","8":"product_cat-weitere-artikel","10":"first","11":"instock","12":"taxable","13":"shipping-taxable","14":"purchasable","15":"product-type-simple"},"acf":[],"meta_all":{"wcml_sync_hash":{"postmeta_fields":"3178f82b50e610670fbe0ba99cc379ba"},"attr_label_translations":[],"total_sales":"192","cor_restricted_countries":[]},"meta_all_flat":{"wcml_sync_hash.postmeta_fields":"3178f82b50e610670fbe0ba99cc379ba","total_sales":"192"},"yoast_head":"<!-- This site is optimized with the Yoast SEO Premium plugin v26.2 (Yoast SEO v27.2) - https:\/\/yoast.com\/product\/yoast-seo-premium-wordpress\/ -->\n<title>Dekorative Felsbl\u00f6cke flach wei\u00df 5-8 cm. | Eliassen<\/title>\n<meta name=\"description\" content=\"Kaufen Sie bei Eliassen Sierkeien flat white 5-10cm. online oder live im Ausstellungsraum ansehen. Auch die besten Sorten zum Malen!\" \/>\n<meta name=\"robots\" content=\"index, follow, max-snippet:-1, max-image-preview:large, max-video-preview:-1\" \/>\n<link rel=\"canonical\" href=\"https:\/\/www.eliassen.nl\/de\/dekokiesel-flach-weiss-5-8-cm-20kg-das-beste-zum-malen\/\" \/>\n<meta property=\"og:locale\" content=\"de_DE\" \/>\n<meta property=\"og:type\" content=\"article\" \/>\n<meta property=\"og:title\" content=\"Sonstige Dekorative Felsbrocken flach wei\u00df 5-10 cm 20kg. Das Beste f\u00fcr die Malerei! - Eliassen.nl\" \/>\n<meta property=\"og:description\" content=\"Kaufen Sie bei Eliassen Sierkeien flat white 5-10cm. online oder live im Ausstellungsraum ansehen. Auch die besten Sorten zum Malen!\" \/>\n<meta property=\"og:url\" content=\"https:\/\/www.eliassen.nl\/de\/dekokiesel-flach-weiss-5-8-cm-20kg-das-beste-zum-malen\/\" \/>\n<meta property=\"og:site_name\" content=\"Eliassen.nl\" \/>\n<meta property=\"article:publisher\" content=\"https:\/\/www.facebook.com\/TuincentrumEliassenAmmerzoden\" \/>\n<meta property=\"article:modified_time\" content=\"2026-04-21T12:05:56+00:00\" \/>\n<meta property=\"og:image\" content=\"https:\/\/www.eliassen.nl\/wp-content\/uploads\/2024\/01\/sierkeienplatwit58cmdebestevoorbeschilder.jpg\" \/>\n\t<meta property=\"og:image:width\" content=\"1279\" \/>\n\t<meta property=\"og:image:height\" content=\"978\" \/>\n\t<meta property=\"og:image:type\" content=\"image\/jpeg\" \/>\n<meta name=\"twitter:card\" content=\"summary_large_image\" \/>\n<script type=\"application\/ld+json\" class=\"yoast-schema-graph\">{\"@context\":\"https:\/\/schema.org\",\"@graph\":[{\"@type\":\"WebPage\",\"@id\":\"https:\/\/www.eliassen.nl\/de\/dekokiesel-flach-weiss-5-8-cm-20kg-das-beste-zum-malen\/\",\"url\":\"https:\/\/www.eliassen.nl\/de\/dekokiesel-flach-weiss-5-8-cm-20kg-das-beste-zum-malen\/\",\"name\":\"Dekorative Felsbl\u00f6cke flach wei\u00df 5-8 cm. | Eliassen\",\"isPartOf\":{\"@id\":\"https:\/\/www.eliassen.nl\/de\/#website\"},\"primaryImageOfPage\":{\"@id\":\"https:\/\/www.eliassen.nl\/de\/dekokiesel-flach-weiss-5-8-cm-20kg-das-beste-zum-malen\/#primaryimage\"},\"image\":{\"@id\":\"https:\/\/www.eliassen.nl\/de\/dekokiesel-flach-weiss-5-8-cm-20kg-das-beste-zum-malen\/#primaryimage\"},\"thumbnailUrl\":\"https:\/\/www.eliassen.nl\/wp-content\/uploads\/2024\/01\/sierkeienplatwit58cmdebestevoorbeschilder.jpg\",\"datePublished\":\"2021-02-11T13:14:30+00:00\",\"dateModified\":\"2026-04-21T12:05:56+00:00\",\"description\":\"Kaufen Sie bei Eliassen Sierkeien flat white 5-10cm. online oder live im Ausstellungsraum ansehen. Auch die besten Sorten zum Malen!\",\"breadcrumb\":{\"@id\":\"https:\/\/www.eliassen.nl\/de\/dekokiesel-flach-weiss-5-8-cm-20kg-das-beste-zum-malen\/#breadcrumb\"},\"inLanguage\":\"de\",\"potentialAction\":[{\"@type\":\"ReadAction\",\"target\":[\"https:\/\/www.eliassen.nl\/de\/dekokiesel-flach-weiss-5-8-cm-20kg-das-beste-zum-malen\/\"]}]},{\"@type\":\"ImageObject\",\"inLanguage\":\"de\",\"@id\":\"https:\/\/www.eliassen.nl\/de\/dekokiesel-flach-weiss-5-8-cm-20kg-das-beste-zum-malen\/#primaryimage\",\"url\":\"https:\/\/www.eliassen.nl\/wp-content\/uploads\/2024\/01\/sierkeienplatwit58cmdebestevoorbeschilder.jpg\",\"contentUrl\":\"https:\/\/www.eliassen.nl\/wp-content\/uploads\/2024\/01\/sierkeienplatwit58cmdebestevoorbeschilder.jpg\",\"width\":1279,\"height\":978,\"caption\":\"Dekobl\u00f6cke-flach-wei\u00df-5-8-cm-das-beste-f\u00fcr-maler\"},{\"@type\":\"BreadcrumbList\",\"@id\":\"https:\/\/www.eliassen.nl\/de\/dekokiesel-flach-weiss-5-8-cm-20kg-das-beste-zum-malen\/#breadcrumb\",\"itemListElement\":[{\"@type\":\"ListItem\",\"position\":1,\"name\":\"Home\",\"item\":\"https:\/\/www.eliassen.nl\/de\/\"},{\"@type\":\"ListItem\",\"position\":2,\"name\":\"Shop\",\"item\":\"https:\/\/www.eliassen.nl\/de\/shop\/\"},{\"@type\":\"ListItem\",\"position\":3,\"name\":\"Weitere Artikel\",\"item\":\"https:\/\/www.eliassen.nl\/de\/weitere-artikel\/\"},{\"@type\":\"ListItem\",\"position\":4,\"name\":\"Edelsteine\",\"item\":\"https:\/\/www.eliassen.nl\/de\/garten-andere\/edelsteine\/\"},{\"@type\":\"ListItem\",\"position\":5,\"name\":\"Dekorative Felsbrocken flach wei\u00df 5-10 cm 20kg. Das Beste f\u00fcr die Malerei!\"}]},{\"@type\":\"WebSite\",\"@id\":\"https:\/\/www.eliassen.nl\/de\/#website\",\"url\":\"https:\/\/www.eliassen.nl\/de\/\",\"name\":\"Eliassen Home & Garden Pleasure\",\"description\":\"\",\"publisher\":{\"@id\":\"https:\/\/www.eliassen.nl\/de\/#organization\"},\"alternateName\":\"Eliassen.nl\",\"potentialAction\":[{\"@type\":\"SearchAction\",\"target\":{\"@type\":\"EntryPoint\",\"urlTemplate\":\"https:\/\/www.eliassen.nl\/de\/?s={search_term_string}\"},\"query-input\":{\"@type\":\"PropertyValueSpecification\",\"valueRequired\":true,\"valueName\":\"search_term_string\"}}],\"inLanguage\":\"de\"},{\"@type\":[\"Organization\",\"Place\"],\"@id\":\"https:\/\/www.eliassen.nl\/de\/#organization\",\"name\":\"Eliassen Home & Garden Pleasure\",\"url\":\"https:\/\/www.eliassen.nl\/de\/\",\"logo\":{\"@id\":\"https:\/\/www.eliassen.nl\/de\/dekokiesel-flach-weiss-5-8-cm-20kg-das-beste-zum-malen\/#local-main-organization-logo\"},\"image\":{\"@id\":\"https:\/\/www.eliassen.nl\/de\/dekokiesel-flach-weiss-5-8-cm-20kg-das-beste-zum-malen\/#local-main-organization-logo\"},\"sameAs\":[\"https:\/\/www.facebook.com\/TuincentrumEliassenAmmerzoden\",\"https:\/\/www.instagram.com\/eliassenhomeandgarden\/\",\"https:\/\/nl.pinterest.com\/eliassenhomeandgarden\/\",\"https:\/\/www.youtube.com\/@eliassenhomegardenpleasure4558\"],\"telephone\":[],\"openingHoursSpecification\":[{\"@type\":\"OpeningHoursSpecification\",\"dayOfWeek\":[\"Monday\",\"Tuesday\",\"Wednesday\",\"Thursday\",\"Friday\",\"Saturday\",\"Sunday\"],\"opens\":\"09:00\",\"closes\":\"17:00\"}]},{\"@type\":\"ImageObject\",\"inLanguage\":\"de\",\"@id\":\"https:\/\/www.eliassen.nl\/de\/dekokiesel-flach-weiss-5-8-cm-20kg-das-beste-zum-malen\/#local-main-organization-logo\",\"url\":\"https:\/\/www.eliassen.nl\/wp-content\/uploads\/2024\/01\/logo_4nd.jpg\",\"contentUrl\":\"https:\/\/www.eliassen.nl\/wp-content\/uploads\/2024\/01\/logo_4nd.jpg\",\"width\":500,\"height\":500,\"caption\":\"Eliassen Home & Garden Pleasure\"}]}<\/script>\n<meta property=\"product:price:amount\" content=\"22.50\" \/>\n<meta property=\"product:price:currency\" content=\"EUR\" \/>\n<meta property=\"og:availability\" content=\"instock\" \/>\n<meta property=\"product:availability\" content=\"instock\" \/>\n<meta property=\"product:retailer_item_id\" content=\"Whifl5080\" \/>\n<meta property=\"product:condition\" content=\"new\" \/>\n<!-- \/ Yoast SEO Premium plugin. -->","yoast_head_json":{"title":"Dekorative Felsbl\u00f6cke flach wei\u00df 5-8 cm. | Eliassen","description":"Kaufen Sie bei Eliassen Sierkeien flat white 5-10cm. online oder live im Ausstellungsraum ansehen. Auch die besten Sorten zum Malen!","robots":{"index":"index","follow":"follow","max-snippet":"max-snippet:-1","max-image-preview":"max-image-preview:large","max-video-preview":"max-video-preview:-1"},"canonical":"https:\/\/www.eliassen.nl\/de\/dekokiesel-flach-weiss-5-8-cm-20kg-das-beste-zum-malen\/","og_locale":"de_DE","og_type":"article","og_title":"Sonstige Dekorative Felsbrocken flach wei\u00df 5-10 cm 20kg. Das Beste f\u00fcr die Malerei! - Eliassen.nl","og_description":"Kaufen Sie bei Eliassen Sierkeien flat white 5-10cm. online oder live im Ausstellungsraum ansehen. Auch die besten Sorten zum Malen!","og_url":"https:\/\/www.eliassen.nl\/de\/dekokiesel-flach-weiss-5-8-cm-20kg-das-beste-zum-malen\/","og_site_name":"Eliassen.nl","article_publisher":"https:\/\/www.facebook.com\/TuincentrumEliassenAmmerzoden","article_modified_time":"2026-04-21T12:05:56+00:00","og_image":[{"width":1279,"height":978,"url":"https:\/\/www.eliassen.nl\/wp-content\/uploads\/2024\/01\/sierkeienplatwit58cmdebestevoorbeschilder.jpg","type":"image\/jpeg"}],"twitter_card":"summary_large_image","schema":{"@context":"https:\/\/schema.org","@graph":[{"@type":"WebPage","@id":"https:\/\/www.eliassen.nl\/de\/dekokiesel-flach-weiss-5-8-cm-20kg-das-beste-zum-malen\/","url":"https:\/\/www.eliassen.nl\/de\/dekokiesel-flach-weiss-5-8-cm-20kg-das-beste-zum-malen\/","name":"Dekorative Felsbl\u00f6cke flach wei\u00df 5-8 cm. | Eliassen","isPartOf":{"@id":"https:\/\/www.eliassen.nl\/de\/#website"},"primaryImageOfPage":{"@id":"https:\/\/www.eliassen.nl\/de\/dekokiesel-flach-weiss-5-8-cm-20kg-das-beste-zum-malen\/#primaryimage"},"image":{"@id":"https:\/\/www.eliassen.nl\/de\/dekokiesel-flach-weiss-5-8-cm-20kg-das-beste-zum-malen\/#primaryimage"},"thumbnailUrl":"https:\/\/www.eliassen.nl\/wp-content\/uploads\/2024\/01\/sierkeienplatwit58cmdebestevoorbeschilder.jpg","datePublished":"2021-02-11T13:14:30+00:00","dateModified":"2026-04-21T12:05:56+00:00","description":"Kaufen Sie bei Eliassen Sierkeien flat white 5-10cm. online oder live im Ausstellungsraum ansehen. Auch die besten Sorten zum Malen!","breadcrumb":{"@id":"https:\/\/www.eliassen.nl\/de\/dekokiesel-flach-weiss-5-8-cm-20kg-das-beste-zum-malen\/#breadcrumb"},"inLanguage":"de","potentialAction":[{"@type":"ReadAction","target":["https:\/\/www.eliassen.nl\/de\/dekokiesel-flach-weiss-5-8-cm-20kg-das-beste-zum-malen\/"]}]},{"@type":"ImageObject","inLanguage":"de","@id":"https:\/\/www.eliassen.nl\/de\/dekokiesel-flach-weiss-5-8-cm-20kg-das-beste-zum-malen\/#primaryimage","url":"https:\/\/www.eliassen.nl\/wp-content\/uploads\/2024\/01\/sierkeienplatwit58cmdebestevoorbeschilder.jpg","contentUrl":"https:\/\/www.eliassen.nl\/wp-content\/uploads\/2024\/01\/sierkeienplatwit58cmdebestevoorbeschilder.jpg","width":1279,"height":978,"caption":"Dekobl\u00f6cke-flach-wei\u00df-5-8-cm-das-beste-f\u00fcr-maler"},{"@type":"BreadcrumbList","@id":"https:\/\/www.eliassen.nl\/de\/dekokiesel-flach-weiss-5-8-cm-20kg-das-beste-zum-malen\/#breadcrumb","itemListElement":[{"@type":"ListItem","position":1,"name":"Home","item":"https:\/\/www.eliassen.nl\/de\/"},{"@type":"ListItem","position":2,"name":"Shop","item":"https:\/\/www.eliassen.nl\/de\/shop\/"},{"@type":"ListItem","position":3,"name":"Weitere Artikel","item":"https:\/\/www.eliassen.nl\/de\/weitere-artikel\/"},{"@type":"ListItem","position":4,"name":"Edelsteine","item":"https:\/\/www.eliassen.nl\/de\/garten-andere\/edelsteine\/"},{"@type":"ListItem","position":5,"name":"Dekorative Felsbrocken flach wei\u00df 5-10 cm 20kg. Das Beste f\u00fcr die Malerei!"}]},{"@type":"WebSite","@id":"https:\/\/www.eliassen.nl\/de\/#website","url":"https:\/\/www.eliassen.nl\/de\/","name":"Eliassen Home & Garden Pleasure","description":"","publisher":{"@id":"https:\/\/www.eliassen.nl\/de\/#organization"},"alternateName":"Eliassen.nl","potentialAction":[{"@type":"SearchAction","target":{"@type":"EntryPoint","urlTemplate":"https:\/\/www.eliassen.nl\/de\/?s={search_term_string}"},"query-input":{"@type":"PropertyValueSpecification","valueRequired":true,"valueName":"search_term_string"}}],"inLanguage":"de"},{"@type":["Organization","Place"],"@id":"https:\/\/www.eliassen.nl\/de\/#organization","name":"Eliassen Home & Garden Pleasure","url":"https:\/\/www.eliassen.nl\/de\/","logo":{"@id":"https:\/\/www.eliassen.nl\/de\/dekokiesel-flach-weiss-5-8-cm-20kg-das-beste-zum-malen\/#local-main-organization-logo"},"image":{"@id":"https:\/\/www.eliassen.nl\/de\/dekokiesel-flach-weiss-5-8-cm-20kg-das-beste-zum-malen\/#local-main-organization-logo"},"sameAs":["https:\/\/www.facebook.com\/TuincentrumEliassenAmmerzoden","https:\/\/www.instagram.com\/eliassenhomeandgarden\/","https:\/\/nl.pinterest.com\/eliassenhomeandgarden\/","https:\/\/www.youtube.com\/@eliassenhomegardenpleasure4558"],"telephone":[],"openingHoursSpecification":[{"@type":"OpeningHoursSpecification","dayOfWeek":["Monday","Tuesday","Wednesday","Thursday","Friday","Saturday","Sunday"],"opens":"09:00","closes":"17:00"}]},{"@type":"ImageObject","inLanguage":"de","@id":"https:\/\/www.eliassen.nl\/de\/dekokiesel-flach-weiss-5-8-cm-20kg-das-beste-zum-malen\/#local-main-organization-logo","url":"https:\/\/www.eliassen.nl\/wp-content\/uploads\/2024\/01\/logo_4nd.jpg","contentUrl":"https:\/\/www.eliassen.nl\/wp-content\/uploads\/2024\/01\/logo_4nd.jpg","width":500,"height":500,"caption":"Eliassen Home & Garden Pleasure"}]},"product_price_amount":"22.50","product_price_currency":"EUR","og_availability":"instock","product_availability":"instock","product_retailer_item_id":"Whifl5080","product_condition":"new"},"df_price":22.5,"df_sale_price":"","df_regular_price":22.5,"df_image_link":"https:\/\/www.eliassen.nl\/wp-content\/uploads\/2024\/01\/sierkeienplatwit58cmdebestevoorbeschilder.jpg","image":"https:\/\/www.eliassen.nl\/wp-content\/uploads\/2024\/01\/sierkeienplatwit58cmdebestevoorbeschilder.jpg","price_search":"<span class=\"woocommerce-Price-amount amount\"><bdi><span class=\"woocommerce-Price-currencySymbol\">&euro;<\/span>&nbsp;22,50<\/bdi><\/span>","category":"Edelsteine","global_unique_id":"6013821190120","_links":{"self":[{"href":"https:\/\/www.eliassen.nl\/de\/wp-json\/wp\/v2\/product\/26548","targetHints":{"allow":["GET"]}}],"collection":[{"href":"https:\/\/www.eliassen.nl\/de\/wp-json\/wp\/v2\/product"}],"about":[{"href":"https:\/\/www.eliassen.nl\/de\/wp-json\/wp\/v2\/types\/product"}],"wp:featuredmedia":[{"embeddable":true,"href":"https:\/\/www.eliassen.nl\/de\/wp-json\/wp\/v2\/media\/79327"}],"wp:attachment":[{"href":"https:\/\/www.eliassen.nl\/de\/wp-json\/wp\/v2\/media?parent=26548"}],"wp:term":[{"taxonomy":"product_brand","embeddable":true,"href":"https:\/\/www.eliassen.nl\/de\/wp-json\/wp\/v2\/product_brand?post=26548"},{"taxonomy":"product_cat","embeddable":true,"href":"https:\/\/www.eliassen.nl\/de\/wp-json\/wp\/v2\/product_cat?post=26548"},{"taxonomy":"product_tag","embeddable":true,"href":"https:\/\/www.eliassen.nl\/de\/wp-json\/wp\/v2\/product_tag?post=26548"}],"curies":[{"name":"wp","href":"https:\/\/api.w.org\/{rel}","templated":true}]}}