{"id":26464,"date":"2021-02-11T12:44:21","date_gmt":"2021-02-11T12:44:21","guid":{"rendered":"https:\/\/www.eliassen.nl\/?product=sierkeien-zwart-grijs-voor-sierbestrating-gepolijs"},"modified":"2025-12-08T16:46:54","modified_gmt":"2025-12-08T15:46:54","slug":"dekokiesel-schwarz-poliert-3-5cm-20kg","status":"publish","type":"product","link":"https:\/\/www.eliassen.nl\/de\/dekokiesel-schwarz-poliert-3-5cm-20kg\/","title":{"rendered":"Dekorative Felsbrocken schwarz poliert 3-5cm 20kg"},"content":{"rendered":"<p><video controls=\"controls\" width=\"300\" height=\"150\"><source src=\"https:\/\/cdn.webshopapp.com\/shops\/289658\/files\/443748778\/sierstenen-pebbles-gepolijst-zwart-grijs-eliassenn.mp4\" type=\"video\/mp4\"><\/source><\/video><\/p>\n<p>Diese schwarzen polierten Zierkiesel oder polierten Kieselsteine oder Pflastersteine sind einzigartig.<br \/>\nDiese gewaschenen, polierten Kieselsteine eignen sich sehr gut, um Ihr Wasserornament stilvoll abzurunden, aber nat\u00fcrlich auch f\u00fcr den Abschluss von Rabatten, Gartenwegen, Parkpl\u00e4tzen, in Kombination mit Zierpflaster oder f\u00fcr einen stilvollen Abschluss eines Grabmals.<br \/>\nGr\u00f6\u00dfe: 3-5cm.<\/p>\n<ul>\n<li><span style=\"color: #000000;\">Inhalt 20 kg<\/span><\/li>\n<li><span style=\"color: #000000;\">Hochexklusiver Steintyp<\/span><\/li>\n<li><span style=\"color: #000000;\">in 2 Gr\u00f6\u00dfen<\/span><\/li>\n<li><span style=\"color: #000000;\">Auch zur Abholung in unserem Gesch\u00e4ft erh\u00e4ltlich<\/span><\/li>\n<li><span style=\"color: #000000;\">Eigene Aktie<\/span><\/li>\n<li><strong><span style=\"color: #000000;\">Sehen Sie genau die gleichen Felsbrocken anderswo billiger? Wir erstatten Ihnen die Differenz !!!<\/span><\/strong><\/li>\n<\/ul>\n","protected":false},"excerpt":{"rendered":"<p>Diese schwarzen polierten Zierkiesel oder polierten Kieselsteine oder Pflastersteine sind einzigartig. Diese gewaschenen, polierten Kieselsteine eignen sich sehr gut, um Ihr Wasserornament stilvoll abzurunden, aber nat\u00fcrlich auch f\u00fcr den Abschluss von Rabatten, Gartenwegen, Parkpl\u00e4tzen, in Kombination mit Zierpflaster oder f\u00fcr einen stilvollen Abschluss eines Grabmals. Gr\u00f6\u00dfe: 3-5cm. Inhalt 20 kg Hochexklusiver Steintyp in 2 Gr\u00f6\u00dfen &hellip;<\/p>\n","protected":false},"featured_media":26452,"template":"","meta":{"_acf_changed":false,"_genesis_title":"","_genesis_description":""},"product_brand":[6916],"product_cat":[770,545,536,752],"product_tag":[7427],"class_list":{"0":"post-26464","1":"product","2":"type-product","3":"status-publish","4":"has-post-thumbnail","6":"product_brand-eliassen-de","7":"product_cat-edelsteine","8":"product_cat-teile-wasserspiele","9":"product_cat-wassereigenschaften","10":"product_cat-weitere-artikel","11":"product_tag-ziersteine-20kg","13":"first","14":"instock","15":"taxable","16":"shipping-taxable","17":"purchasable","18":"product-type-simple"},"acf":[],"meta_all":{"wcml_sync_hash":{"postmeta_fields":"4cf4a3e4cb71b30bd5dc96effcb51065"},"attr_label_translations":[],"total_sales":"32","cor_restricted_countries":[]},"meta_all_flat":{"wcml_sync_hash.postmeta_fields":"4cf4a3e4cb71b30bd5dc96effcb51065","total_sales":"32"},"yoast_head":"<!-- This site is optimized with the Yoast SEO Premium plugin v26.2 (Yoast SEO v27.2) - https:\/\/yoast.com\/product\/yoast-seo-premium-wordpress\/ -->\n<title>Dekorative Felsbl\u00f6cke schwarz-grau poliert | 3-5 cm. | Eliassen.co.uk<\/title>\n<meta name=\"description\" content=\"Sehen Sie sich diese sch\u00f6nen dekorativen Felsbrocken in der Farbe Schwarz-Grau an. Vollst\u00e4ndig poliert, also ein sch\u00f6ner Blickfang f\u00fcr Ihren Garten. Oder besuchen Sie unseren Ausstellungsraum in Ammerzoden!\" \/>\n<meta name=\"robots\" content=\"index, follow, max-snippet:-1, max-image-preview:large, max-video-preview:-1\" \/>\n<link rel=\"canonical\" href=\"https:\/\/www.eliassen.nl\/de\/dekokiesel-schwarz-poliert-3-5cm-20kg\/\" \/>\n<meta property=\"og:locale\" content=\"de_DE\" \/>\n<meta property=\"og:type\" content=\"article\" \/>\n<meta property=\"og:title\" content=\"Eliassen Dekorative Felsbrocken schwarz poliert 3-5cm 20kg - Eliassen.nl\" \/>\n<meta property=\"og:description\" content=\"Sehen Sie sich diese sch\u00f6nen dekorativen Felsbrocken in der Farbe Schwarz-Grau an. Vollst\u00e4ndig poliert, also ein sch\u00f6ner Blickfang f\u00fcr Ihren Garten. Oder besuchen Sie unseren Ausstellungsraum in Ammerzoden!\" \/>\n<meta property=\"og:url\" content=\"https:\/\/www.eliassen.nl\/de\/dekokiesel-schwarz-poliert-3-5cm-20kg\/\" \/>\n<meta property=\"og:site_name\" content=\"Eliassen.nl\" \/>\n<meta property=\"article:publisher\" content=\"https:\/\/www.facebook.com\/TuincentrumEliassenAmmerzoden\" \/>\n<meta property=\"article:modified_time\" content=\"2025-12-08T15:46:54+00:00\" \/>\n<meta property=\"og:image\" content=\"https:\/\/www.eliassen.nl\/wp-content\/uploads\/2024\/01\/sierkeienzwartgrijsgepolijst35cmeliassenn.jpg\" \/>\n\t<meta property=\"og:image:width\" content=\"1487\" \/>\n\t<meta property=\"og:image:height\" content=\"953\" \/>\n\t<meta property=\"og:image:type\" content=\"image\/jpeg\" \/>\n<meta name=\"twitter:card\" content=\"summary_large_image\" \/>\n<script type=\"application\/ld+json\" class=\"yoast-schema-graph\">{\"@context\":\"https:\/\/schema.org\",\"@graph\":[{\"@type\":\"WebPage\",\"@id\":\"https:\/\/www.eliassen.nl\/de\/dekokiesel-schwarz-poliert-3-5cm-20kg\/\",\"url\":\"https:\/\/www.eliassen.nl\/de\/dekokiesel-schwarz-poliert-3-5cm-20kg\/\",\"name\":\"Dekorative Felsbl\u00f6cke schwarz-grau poliert | 3-5 cm. | Eliassen.co.uk\",\"isPartOf\":{\"@id\":\"https:\/\/www.eliassen.nl\/de\/#website\"},\"primaryImageOfPage\":{\"@id\":\"https:\/\/www.eliassen.nl\/de\/dekokiesel-schwarz-poliert-3-5cm-20kg\/#primaryimage\"},\"image\":{\"@id\":\"https:\/\/www.eliassen.nl\/de\/dekokiesel-schwarz-poliert-3-5cm-20kg\/#primaryimage\"},\"thumbnailUrl\":\"https:\/\/www.eliassen.nl\/wp-content\/uploads\/2024\/01\/sierkeienzwartgrijsgepolijst35cmeliassenn.jpg\",\"datePublished\":\"2021-02-11T12:44:21+00:00\",\"dateModified\":\"2025-12-08T15:46:54+00:00\",\"description\":\"Sehen Sie sich diese sch\u00f6nen dekorativen Felsbrocken in der Farbe Schwarz-Grau an. Vollst\u00e4ndig poliert, also ein sch\u00f6ner Blickfang f\u00fcr Ihren Garten. Oder besuchen Sie unseren Ausstellungsraum in Ammerzoden!\",\"breadcrumb\":{\"@id\":\"https:\/\/www.eliassen.nl\/de\/dekokiesel-schwarz-poliert-3-5cm-20kg\/#breadcrumb\"},\"inLanguage\":\"de\",\"potentialAction\":[{\"@type\":\"ReadAction\",\"target\":[\"https:\/\/www.eliassen.nl\/de\/dekokiesel-schwarz-poliert-3-5cm-20kg\/\"]}]},{\"@type\":\"ImageObject\",\"inLanguage\":\"de\",\"@id\":\"https:\/\/www.eliassen.nl\/de\/dekokiesel-schwarz-poliert-3-5cm-20kg\/#primaryimage\",\"url\":\"https:\/\/www.eliassen.nl\/wp-content\/uploads\/2024\/01\/sierkeienzwartgrijsgepolijst35cmeliassenn.jpg\",\"contentUrl\":\"https:\/\/www.eliassen.nl\/wp-content\/uploads\/2024\/01\/sierkeienzwartgrijsgepolijst35cmeliassenn.jpg\",\"width\":1487,\"height\":953,\"caption\":\"Dekorative Felsbl\u00f6cke schwarz-grau poliert 3-5 cm - Eliassen.nl\"},{\"@type\":\"BreadcrumbList\",\"@id\":\"https:\/\/www.eliassen.nl\/de\/dekokiesel-schwarz-poliert-3-5cm-20kg\/#breadcrumb\",\"itemListElement\":[{\"@type\":\"ListItem\",\"position\":1,\"name\":\"Home\",\"item\":\"https:\/\/www.eliassen.nl\/de\/\"},{\"@type\":\"ListItem\",\"position\":2,\"name\":\"Shop\",\"item\":\"https:\/\/www.eliassen.nl\/de\/shop\/\"},{\"@type\":\"ListItem\",\"position\":3,\"name\":\"Weitere Artikel\",\"item\":\"https:\/\/www.eliassen.nl\/de\/weitere-artikel\/\"},{\"@type\":\"ListItem\",\"position\":4,\"name\":\"Edelsteine\",\"item\":\"https:\/\/www.eliassen.nl\/de\/garten-andere\/edelsteine\/\"},{\"@type\":\"ListItem\",\"position\":5,\"name\":\"Dekorative Felsbrocken schwarz poliert 3-5cm 20kg\"}]},{\"@type\":\"WebSite\",\"@id\":\"https:\/\/www.eliassen.nl\/de\/#website\",\"url\":\"https:\/\/www.eliassen.nl\/de\/\",\"name\":\"Eliassen Home & Garden Pleasure\",\"description\":\"\",\"publisher\":{\"@id\":\"https:\/\/www.eliassen.nl\/de\/#organization\"},\"alternateName\":\"Eliassen.nl\",\"potentialAction\":[{\"@type\":\"SearchAction\",\"target\":{\"@type\":\"EntryPoint\",\"urlTemplate\":\"https:\/\/www.eliassen.nl\/de\/?s={search_term_string}\"},\"query-input\":{\"@type\":\"PropertyValueSpecification\",\"valueRequired\":true,\"valueName\":\"search_term_string\"}}],\"inLanguage\":\"de\"},{\"@type\":[\"Organization\",\"Place\"],\"@id\":\"https:\/\/www.eliassen.nl\/de\/#organization\",\"name\":\"Eliassen Home & Garden Pleasure\",\"url\":\"https:\/\/www.eliassen.nl\/de\/\",\"logo\":{\"@id\":\"https:\/\/www.eliassen.nl\/de\/dekokiesel-schwarz-poliert-3-5cm-20kg\/#local-main-organization-logo\"},\"image\":{\"@id\":\"https:\/\/www.eliassen.nl\/de\/dekokiesel-schwarz-poliert-3-5cm-20kg\/#local-main-organization-logo\"},\"sameAs\":[\"https:\/\/www.facebook.com\/TuincentrumEliassenAmmerzoden\",\"https:\/\/www.instagram.com\/eliassenhomeandgarden\/\",\"https:\/\/nl.pinterest.com\/eliassenhomeandgarden\/\",\"https:\/\/www.youtube.com\/@eliassenhomegardenpleasure4558\"],\"telephone\":[],\"openingHoursSpecification\":[{\"@type\":\"OpeningHoursSpecification\",\"dayOfWeek\":[\"Monday\",\"Tuesday\",\"Wednesday\",\"Thursday\",\"Friday\",\"Saturday\",\"Sunday\"],\"opens\":\"09:00\",\"closes\":\"17:00\"}]},{\"@type\":\"ImageObject\",\"inLanguage\":\"de\",\"@id\":\"https:\/\/www.eliassen.nl\/de\/dekokiesel-schwarz-poliert-3-5cm-20kg\/#local-main-organization-logo\",\"url\":\"https:\/\/www.eliassen.nl\/wp-content\/uploads\/2024\/01\/logo_4nd.jpg\",\"contentUrl\":\"https:\/\/www.eliassen.nl\/wp-content\/uploads\/2024\/01\/logo_4nd.jpg\",\"width\":500,\"height\":500,\"caption\":\"Eliassen Home & Garden Pleasure\"}]}<\/script>\n<meta property=\"product:price:amount\" content=\"29.50\" \/>\n<meta property=\"product:price:currency\" content=\"EUR\" \/>\n<meta property=\"og:availability\" content=\"instock\" \/>\n<meta property=\"product:availability\" content=\"instock\" \/>\n<meta property=\"product:retailer_item_id\" content=\"Sierkeipolijst3-5\" \/>\n<meta property=\"product:condition\" content=\"new\" \/>\n<!-- \/ Yoast SEO Premium plugin. -->","yoast_head_json":{"title":"Dekorative Felsbl\u00f6cke schwarz-grau poliert | 3-5 cm. | Eliassen.co.uk","description":"Sehen Sie sich diese sch\u00f6nen dekorativen Felsbrocken in der Farbe Schwarz-Grau an. Vollst\u00e4ndig poliert, also ein sch\u00f6ner Blickfang f\u00fcr Ihren Garten. Oder besuchen Sie unseren Ausstellungsraum in Ammerzoden!","robots":{"index":"index","follow":"follow","max-snippet":"max-snippet:-1","max-image-preview":"max-image-preview:large","max-video-preview":"max-video-preview:-1"},"canonical":"https:\/\/www.eliassen.nl\/de\/dekokiesel-schwarz-poliert-3-5cm-20kg\/","og_locale":"de_DE","og_type":"article","og_title":"Eliassen Dekorative Felsbrocken schwarz poliert 3-5cm 20kg - Eliassen.nl","og_description":"Sehen Sie sich diese sch\u00f6nen dekorativen Felsbrocken in der Farbe Schwarz-Grau an. Vollst\u00e4ndig poliert, also ein sch\u00f6ner Blickfang f\u00fcr Ihren Garten. Oder besuchen Sie unseren Ausstellungsraum in Ammerzoden!","og_url":"https:\/\/www.eliassen.nl\/de\/dekokiesel-schwarz-poliert-3-5cm-20kg\/","og_site_name":"Eliassen.nl","article_publisher":"https:\/\/www.facebook.com\/TuincentrumEliassenAmmerzoden","article_modified_time":"2025-12-08T15:46:54+00:00","og_image":[{"width":1487,"height":953,"url":"https:\/\/www.eliassen.nl\/wp-content\/uploads\/2024\/01\/sierkeienzwartgrijsgepolijst35cmeliassenn.jpg","type":"image\/jpeg"}],"twitter_card":"summary_large_image","schema":{"@context":"https:\/\/schema.org","@graph":[{"@type":"WebPage","@id":"https:\/\/www.eliassen.nl\/de\/dekokiesel-schwarz-poliert-3-5cm-20kg\/","url":"https:\/\/www.eliassen.nl\/de\/dekokiesel-schwarz-poliert-3-5cm-20kg\/","name":"Dekorative Felsbl\u00f6cke schwarz-grau poliert | 3-5 cm. | Eliassen.co.uk","isPartOf":{"@id":"https:\/\/www.eliassen.nl\/de\/#website"},"primaryImageOfPage":{"@id":"https:\/\/www.eliassen.nl\/de\/dekokiesel-schwarz-poliert-3-5cm-20kg\/#primaryimage"},"image":{"@id":"https:\/\/www.eliassen.nl\/de\/dekokiesel-schwarz-poliert-3-5cm-20kg\/#primaryimage"},"thumbnailUrl":"https:\/\/www.eliassen.nl\/wp-content\/uploads\/2024\/01\/sierkeienzwartgrijsgepolijst35cmeliassenn.jpg","datePublished":"2021-02-11T12:44:21+00:00","dateModified":"2025-12-08T15:46:54+00:00","description":"Sehen Sie sich diese sch\u00f6nen dekorativen Felsbrocken in der Farbe Schwarz-Grau an. Vollst\u00e4ndig poliert, also ein sch\u00f6ner Blickfang f\u00fcr Ihren Garten. Oder besuchen Sie unseren Ausstellungsraum in Ammerzoden!","breadcrumb":{"@id":"https:\/\/www.eliassen.nl\/de\/dekokiesel-schwarz-poliert-3-5cm-20kg\/#breadcrumb"},"inLanguage":"de","potentialAction":[{"@type":"ReadAction","target":["https:\/\/www.eliassen.nl\/de\/dekokiesel-schwarz-poliert-3-5cm-20kg\/"]}]},{"@type":"ImageObject","inLanguage":"de","@id":"https:\/\/www.eliassen.nl\/de\/dekokiesel-schwarz-poliert-3-5cm-20kg\/#primaryimage","url":"https:\/\/www.eliassen.nl\/wp-content\/uploads\/2024\/01\/sierkeienzwartgrijsgepolijst35cmeliassenn.jpg","contentUrl":"https:\/\/www.eliassen.nl\/wp-content\/uploads\/2024\/01\/sierkeienzwartgrijsgepolijst35cmeliassenn.jpg","width":1487,"height":953,"caption":"Dekorative Felsbl\u00f6cke schwarz-grau poliert 3-5 cm - Eliassen.nl"},{"@type":"BreadcrumbList","@id":"https:\/\/www.eliassen.nl\/de\/dekokiesel-schwarz-poliert-3-5cm-20kg\/#breadcrumb","itemListElement":[{"@type":"ListItem","position":1,"name":"Home","item":"https:\/\/www.eliassen.nl\/de\/"},{"@type":"ListItem","position":2,"name":"Shop","item":"https:\/\/www.eliassen.nl\/de\/shop\/"},{"@type":"ListItem","position":3,"name":"Weitere Artikel","item":"https:\/\/www.eliassen.nl\/de\/weitere-artikel\/"},{"@type":"ListItem","position":4,"name":"Edelsteine","item":"https:\/\/www.eliassen.nl\/de\/garten-andere\/edelsteine\/"},{"@type":"ListItem","position":5,"name":"Dekorative Felsbrocken schwarz poliert 3-5cm 20kg"}]},{"@type":"WebSite","@id":"https:\/\/www.eliassen.nl\/de\/#website","url":"https:\/\/www.eliassen.nl\/de\/","name":"Eliassen Home & Garden Pleasure","description":"","publisher":{"@id":"https:\/\/www.eliassen.nl\/de\/#organization"},"alternateName":"Eliassen.nl","potentialAction":[{"@type":"SearchAction","target":{"@type":"EntryPoint","urlTemplate":"https:\/\/www.eliassen.nl\/de\/?s={search_term_string}"},"query-input":{"@type":"PropertyValueSpecification","valueRequired":true,"valueName":"search_term_string"}}],"inLanguage":"de"},{"@type":["Organization","Place"],"@id":"https:\/\/www.eliassen.nl\/de\/#organization","name":"Eliassen Home & Garden Pleasure","url":"https:\/\/www.eliassen.nl\/de\/","logo":{"@id":"https:\/\/www.eliassen.nl\/de\/dekokiesel-schwarz-poliert-3-5cm-20kg\/#local-main-organization-logo"},"image":{"@id":"https:\/\/www.eliassen.nl\/de\/dekokiesel-schwarz-poliert-3-5cm-20kg\/#local-main-organization-logo"},"sameAs":["https:\/\/www.facebook.com\/TuincentrumEliassenAmmerzoden","https:\/\/www.instagram.com\/eliassenhomeandgarden\/","https:\/\/nl.pinterest.com\/eliassenhomeandgarden\/","https:\/\/www.youtube.com\/@eliassenhomegardenpleasure4558"],"telephone":[],"openingHoursSpecification":[{"@type":"OpeningHoursSpecification","dayOfWeek":["Monday","Tuesday","Wednesday","Thursday","Friday","Saturday","Sunday"],"opens":"09:00","closes":"17:00"}]},{"@type":"ImageObject","inLanguage":"de","@id":"https:\/\/www.eliassen.nl\/de\/dekokiesel-schwarz-poliert-3-5cm-20kg\/#local-main-organization-logo","url":"https:\/\/www.eliassen.nl\/wp-content\/uploads\/2024\/01\/logo_4nd.jpg","contentUrl":"https:\/\/www.eliassen.nl\/wp-content\/uploads\/2024\/01\/logo_4nd.jpg","width":500,"height":500,"caption":"Eliassen Home & Garden Pleasure"}]},"product_price_amount":"29.50","product_price_currency":"EUR","og_availability":"instock","product_availability":"instock","product_retailer_item_id":"Sierkeipolijst3-5","product_condition":"new"},"df_price":29.5,"df_sale_price":"","df_regular_price":29.5,"df_image_link":"https:\/\/www.eliassen.nl\/wp-content\/uploads\/2024\/01\/sierkeienzwartgrijsgepolijst35cmeliassenn.jpg","image":"https:\/\/www.eliassen.nl\/wp-content\/uploads\/2024\/01\/sierkeienzwartgrijsgepolijst35cmeliassenn.jpg","price_search":"<span class=\"woocommerce-Price-amount amount\"><bdi><span class=\"woocommerce-Price-currencySymbol\">&euro;<\/span>&nbsp;29,50<\/bdi><\/span>","category":"Edelsteine","global_unique_id":"7438245884872","_links":{"self":[{"href":"https:\/\/www.eliassen.nl\/de\/wp-json\/wp\/v2\/product\/26464","targetHints":{"allow":["GET"]}}],"collection":[{"href":"https:\/\/www.eliassen.nl\/de\/wp-json\/wp\/v2\/product"}],"about":[{"href":"https:\/\/www.eliassen.nl\/de\/wp-json\/wp\/v2\/types\/product"}],"wp:featuredmedia":[{"embeddable":true,"href":"https:\/\/www.eliassen.nl\/de\/wp-json\/wp\/v2\/media\/26452"}],"wp:attachment":[{"href":"https:\/\/www.eliassen.nl\/de\/wp-json\/wp\/v2\/media?parent=26464"}],"wp:term":[{"taxonomy":"product_brand","embeddable":true,"href":"https:\/\/www.eliassen.nl\/de\/wp-json\/wp\/v2\/product_brand?post=26464"},{"taxonomy":"product_cat","embeddable":true,"href":"https:\/\/www.eliassen.nl\/de\/wp-json\/wp\/v2\/product_cat?post=26464"},{"taxonomy":"product_tag","embeddable":true,"href":"https:\/\/www.eliassen.nl\/de\/wp-json\/wp\/v2\/product_tag?post=26464"}],"curies":[{"name":"wp","href":"https:\/\/api.w.org\/{rel}","templated":true}]}}