{"id":26278,"date":"2020-12-09T11:27:52","date_gmt":"2020-12-09T11:27:52","guid":{"rendered":"https:\/\/www.eliassen.nl\/?product=schilderij-3d-metaal-che-guevara"},"modified":"2026-02-02T15:51:05","modified_gmt":"2026-02-02T14:51:05","slug":"malerei-3d-metall-che-guevara","status":"publish","type":"product","link":"https:\/\/www.eliassen.nl\/de\/malerei-3d-metall-che-guevara\/","title":{"rendered":"Gem\u00e4lde 3d Metall Che Guevara 100x100cm"},"content":{"rendered":"<p data-path-to-node=\"2\">Bringen Sie eine m\u00e4chtige und historische Ikone in Ihr Interieur mit diesem beeindruckenden 3D-Metallbild von Che Guevara. Mit einer gro\u00dfz\u00fcgigen Gr\u00f6\u00dfe von 100 x 100 cm ist dieses Kunstwerk ein absoluter Blickfang. Das Bildnis des weltber\u00fchmten Revolution\u00e4rs ist aus Metall gefertigt. Sowohl das Portr\u00e4t als auch der Hintergrund bestehen vollst\u00e4ndig aus Eisen und verleihen ihm einen robusten und industriellen Charakter.<\/p>\n<p data-path-to-node=\"3\">Das Einzigartige an diesem Wandobjekt ist der ausgepr\u00e4gte 3D-Effekt: Die verschiedenen Elemente des Portr\u00e4ts sind weiter vom Hintergrund entfernt, wodurch das Gesicht wirklich hervorsticht und das Gem\u00e4lde an Ihrer Wand lebendig zu werden scheint. Da jedes St\u00fcck komplett handgefertigt und bemalt ist, werden Sie ein einzigartiges Objekt in Ihrem Zuhause haben; Farben und Details k\u00f6nnen daher leicht vom Foto abweichen. Dieses Gem\u00e4lde ist eine fantastische Erg\u00e4nzung f\u00fcr Ihr Wohnzimmer, Ihr B\u00fcro oder Ihr Gesch\u00e4ft, aber dank seiner strapazierf\u00e4higen Materialien eignet es sich auch hervorragend zum Aufh\u00e4ngen im Freien unter einem Baldachin. M\u00f6chten Sie die Tiefe und die Details dieses exklusiven Modells lieber erst einmal in natura bewundern? Sie sind herzlich eingeladen, unseren Ausstellungsraum in Ammerzoden zu besuchen, wo wir die gr\u00f6\u00dfte Kollektion von 3D-Metallbildern in den Benelux-L\u00e4ndern pr\u00e4sentieren.<\/p>\n<p><strong>DIESES MODELL IST NUR BEI UNS ZU VERKAUFEN!<\/strong><\/p>\n<h2>Wer war Che Guevara?<\/h2>\n<p>Urspr\u00fcnglich wurde er unter dem Namen Ernesto Guevara in Argentinien geboren. Che Guevara war ein kubanischer Guerillaf\u00fchrer und geh\u00f6rte zur revolution\u00e4ren Bewegung von Fidel Castro. Er ist immer noch unglaublich beliebt, obwohl er schon vor 50 Jahren gestorben ist.<\/p>\n<p>Che Guevara w\u00e4chst in einer Familie mit f\u00fcnf Kindern auf. Als solche war die Familie einigerma\u00dfen wohlhabend, auch weil sein Vater Architekt war und ein gutes Einkommen hatte. Mit 19 Jahren entschied er sich f\u00fcr ein Medizinstudium an der Universit\u00e4t.<\/p>\n<p>Che Guevara reiste ausgiebig durch S\u00fcdamerika, und es wird gesagt, dass er auf diesen Reisen revolution\u00e4re Gedanken entwickelte, auch weil er in ganz S\u00fcdamerika mit so viel Armut konfrontiert wurde.<\/p>\n<p>In S\u00fcdamerika wird Che immer noch als Heiliger verehrt. Vor allem, weil sie sich f\u00fcr das Allgemeinwohl geopfert hat. Che wollte f\u00fcr all die Ungleichheit und Armut k\u00e4mpfen, mit der er st\u00e4ndig konfrontiert war. Im Alter von 28 Jahren schloss sich Che der Guerillabewegung von Fidel Castro an. Gemeinsam wollten sie 1959 den kubanischen Diktator Fulgencio Batista st\u00fcrzen. Dies gelang, und so wurde Che Minister. Che hatte auch Bolivien ins Visier genommen, aber die Macht der bolivianischen Armee war zu stark. Auch hier wurde Che verletzt. Er wurde gefangen genommen und Che wurde am 9. Oktober 1967 hingerichtet.<\/p>\n<p>&nbsp;<\/p>\n","protected":false},"excerpt":{"rendered":"<p>Dieses handgefertigte 3D-Wandbild aus Metall (100&#215;100 cm) zeigt das ikonische Portr\u00e4t von Che Guevara mit einer einzigartigen Tiefenwirkung. Das robuste Kunstwerk aus Eisen hat einen robusten industriellen Charakter und ist ein charaktervoller Blickfang f\u00fcr drinnen und drau\u00dfen unter einer Veranda.<\/p>\n","protected":false},"featured_media":26275,"template":"","meta":{"_acf_changed":false,"_genesis_title":"","_genesis_description":""},"product_brand":[7505],"product_cat":[419,428,410],"product_tag":[],"class_list":{"0":"post-26278","1":"product","2":"type-product","3":"status-publish","4":"has-post-thumbnail","6":"product_brand-sonstige","7":"product_cat-3d-gemaelde-aus-metall","8":"product_cat-3d-gemaelde-aus-metall-im-format-100x100cm","9":"product_cat-gemaelde","11":"first","12":"instock","13":"sale","14":"taxable","15":"shipping-taxable","16":"purchasable","17":"product-type-simple"},"acf":[],"meta_all":{"total_sales":"1","wcml_sync_hash":{"postmeta_fields":"400df56576c1418dd569cdc91f96d198"},"attr_label_translations":[],"cor_restricted_countries":[]},"meta_all_flat":{"total_sales":"1","wcml_sync_hash.postmeta_fields":"400df56576c1418dd569cdc91f96d198"},"yoast_head":"<!-- This site is optimized with the Yoast SEO Premium plugin v26.2 (Yoast SEO v27.2) - https:\/\/yoast.com\/product\/yoast-seo-premium-wordpress\/ -->\n<title>Gem\u00e4lde 3d Metall Che Guevara 100x100cm | Eliassen<\/title>\n<meta name=\"description\" content=\"Kaufen Sie das einzigartige 3D-Metallbild &#039;Che Guevara&#039; (100x100cm) von Eliassen. Handgefertigt mit 3D-Effekt und industriellem Look. Sehen Sie sich die Kollektion im Showroom an!\" \/>\n<meta name=\"robots\" content=\"index, follow, max-snippet:-1, max-image-preview:large, max-video-preview:-1\" \/>\n<link rel=\"canonical\" href=\"https:\/\/www.eliassen.nl\/de\/malerei-3d-metall-che-guevara\/\" \/>\n<meta property=\"og:locale\" content=\"de_DE\" \/>\n<meta property=\"og:type\" content=\"article\" \/>\n<meta property=\"og:title\" content=\"Sonstige Gem\u00e4lde 3d Metall Che Guevara 100x100cm - Eliassen.nl\" \/>\n<meta property=\"og:description\" content=\"Kaufen Sie das einzigartige 3D-Metallbild &#039;Che Guevara&#039; (100x100cm) von Eliassen. Handgefertigt mit 3D-Effekt und industriellem Look. Sehen Sie sich die Kollektion im Showroom an!\" \/>\n<meta property=\"og:url\" content=\"https:\/\/www.eliassen.nl\/de\/malerei-3d-metall-che-guevara\/\" \/>\n<meta property=\"og:site_name\" content=\"Eliassen.nl\" \/>\n<meta property=\"article:publisher\" content=\"https:\/\/www.facebook.com\/TuincentrumEliassenAmmerzoden\" \/>\n<meta property=\"article:modified_time\" content=\"2026-02-02T14:51:05+00:00\" \/>\n<meta property=\"og:image\" content=\"https:\/\/www.eliassen.nl\/wp-content\/uploads\/2024\/01\/schilderij3dmetaalmaxverstappenformule180x1.jpg\" \/>\n\t<meta property=\"og:image:width\" content=\"2032\" \/>\n\t<meta property=\"og:image:height\" content=\"2048\" \/>\n\t<meta property=\"og:image:type\" content=\"image\/jpeg\" \/>\n<meta name=\"twitter:card\" content=\"summary_large_image\" \/>\n<script type=\"application\/ld+json\" class=\"yoast-schema-graph\">{\"@context\":\"https:\/\/schema.org\",\"@graph\":[{\"@type\":\"WebPage\",\"@id\":\"https:\/\/www.eliassen.nl\/de\/malerei-3d-metall-che-guevara\/\",\"url\":\"https:\/\/www.eliassen.nl\/de\/malerei-3d-metall-che-guevara\/\",\"name\":\"Gem\u00e4lde 3d Metall Che Guevara 100x100cm | Eliassen\",\"isPartOf\":{\"@id\":\"https:\/\/www.eliassen.nl\/de\/#website\"},\"primaryImageOfPage\":{\"@id\":\"https:\/\/www.eliassen.nl\/de\/malerei-3d-metall-che-guevara\/#primaryimage\"},\"image\":{\"@id\":\"https:\/\/www.eliassen.nl\/de\/malerei-3d-metall-che-guevara\/#primaryimage\"},\"thumbnailUrl\":\"https:\/\/www.eliassen.nl\/wp-content\/uploads\/2024\/01\/schilderij3dmetaalmaxverstappenformule180x1.jpg\",\"datePublished\":\"2020-12-09T11:27:52+00:00\",\"dateModified\":\"2026-02-02T14:51:05+00:00\",\"description\":\"Kaufen Sie das einzigartige 3D-Metallbild 'Che Guevara' (100x100cm) von Eliassen. Handgefertigt mit 3D-Effekt und industriellem Look. Sehen Sie sich die Kollektion im Showroom an!\",\"breadcrumb\":{\"@id\":\"https:\/\/www.eliassen.nl\/de\/malerei-3d-metall-che-guevara\/#breadcrumb\"},\"inLanguage\":\"de\",\"potentialAction\":[{\"@type\":\"ReadAction\",\"target\":[\"https:\/\/www.eliassen.nl\/de\/malerei-3d-metall-che-guevara\/\"]}]},{\"@type\":\"ImageObject\",\"inLanguage\":\"de\",\"@id\":\"https:\/\/www.eliassen.nl\/de\/malerei-3d-metall-che-guevara\/#primaryimage\",\"url\":\"https:\/\/www.eliassen.nl\/wp-content\/uploads\/2024\/01\/schilderij3dmetaalmaxverstappenformule180x1.jpg\",\"contentUrl\":\"https:\/\/www.eliassen.nl\/wp-content\/uploads\/2024\/01\/schilderij3dmetaalmaxverstappenformule180x1.jpg\",\"width\":2032,\"height\":2048,\"caption\":\"Gem\u00e4lde 3d Metall Max verstappen Formel 1 80x120cm - Eliassen.nl\"},{\"@type\":\"BreadcrumbList\",\"@id\":\"https:\/\/www.eliassen.nl\/de\/malerei-3d-metall-che-guevara\/#breadcrumb\",\"itemListElement\":[{\"@type\":\"ListItem\",\"position\":1,\"name\":\"Home\",\"item\":\"https:\/\/www.eliassen.nl\/de\/\"},{\"@type\":\"ListItem\",\"position\":2,\"name\":\"Shop\",\"item\":\"https:\/\/www.eliassen.nl\/de\/shop\/\"},{\"@type\":\"ListItem\",\"position\":3,\"name\":\"Gem\u00e4lde\",\"item\":\"https:\/\/www.eliassen.nl\/de\/gemaelde\/\"},{\"@type\":\"ListItem\",\"position\":4,\"name\":\"3D Gem\u00e4lde aus Metall\",\"item\":\"https:\/\/www.eliassen.nl\/de\/gemaelde\/3d-gemaelde-aus-metall\/\"},{\"@type\":\"ListItem\",\"position\":5,\"name\":\"3D Gem\u00e4lde aus Metall 100x100 cm\",\"item\":\"https:\/\/www.eliassen.nl\/de\/gemaelde\/3d-gemaelde-aus-metall\/3d-gemaelde-aus-metall-im-format-100x100cm\/\"},{\"@type\":\"ListItem\",\"position\":6,\"name\":\"Gem\u00e4lde 3d Metall Che Guevara 100x100cm\"}]},{\"@type\":\"WebSite\",\"@id\":\"https:\/\/www.eliassen.nl\/de\/#website\",\"url\":\"https:\/\/www.eliassen.nl\/de\/\",\"name\":\"Eliassen Home & Garden Pleasure\",\"description\":\"\",\"publisher\":{\"@id\":\"https:\/\/www.eliassen.nl\/de\/#organization\"},\"alternateName\":\"Eliassen.nl\",\"potentialAction\":[{\"@type\":\"SearchAction\",\"target\":{\"@type\":\"EntryPoint\",\"urlTemplate\":\"https:\/\/www.eliassen.nl\/de\/?s={search_term_string}\"},\"query-input\":{\"@type\":\"PropertyValueSpecification\",\"valueRequired\":true,\"valueName\":\"search_term_string\"}}],\"inLanguage\":\"de\"},{\"@type\":[\"Organization\",\"Place\"],\"@id\":\"https:\/\/www.eliassen.nl\/de\/#organization\",\"name\":\"Eliassen Home & Garden Pleasure\",\"url\":\"https:\/\/www.eliassen.nl\/de\/\",\"logo\":{\"@id\":\"https:\/\/www.eliassen.nl\/de\/malerei-3d-metall-che-guevara\/#local-main-organization-logo\"},\"image\":{\"@id\":\"https:\/\/www.eliassen.nl\/de\/malerei-3d-metall-che-guevara\/#local-main-organization-logo\"},\"sameAs\":[\"https:\/\/www.facebook.com\/TuincentrumEliassenAmmerzoden\",\"https:\/\/www.instagram.com\/eliassenhomeandgarden\/\",\"https:\/\/nl.pinterest.com\/eliassenhomeandgarden\/\",\"https:\/\/www.youtube.com\/@eliassenhomegardenpleasure4558\"],\"telephone\":[],\"openingHoursSpecification\":[{\"@type\":\"OpeningHoursSpecification\",\"dayOfWeek\":[\"Monday\",\"Tuesday\",\"Wednesday\",\"Thursday\",\"Friday\",\"Saturday\",\"Sunday\"],\"opens\":\"09:00\",\"closes\":\"17:00\"}]},{\"@type\":\"ImageObject\",\"inLanguage\":\"de\",\"@id\":\"https:\/\/www.eliassen.nl\/de\/malerei-3d-metall-che-guevara\/#local-main-organization-logo\",\"url\":\"https:\/\/www.eliassen.nl\/wp-content\/uploads\/2024\/01\/logo_4nd.jpg\",\"contentUrl\":\"https:\/\/www.eliassen.nl\/wp-content\/uploads\/2024\/01\/logo_4nd.jpg\",\"width\":500,\"height\":500,\"caption\":\"Eliassen Home & Garden Pleasure\"}]}<\/script>\n<meta property=\"product:price:amount\" content=\"69.00\" \/>\n<meta property=\"product:price:currency\" content=\"EUR\" \/>\n<meta property=\"og:availability\" content=\"instock\" \/>\n<meta property=\"product:availability\" content=\"instock\" \/>\n<meta property=\"product:retailer_item_id\" content=\"T1890\" \/>\n<meta property=\"product:condition\" content=\"new\" \/>\n<!-- \/ Yoast SEO Premium plugin. -->","yoast_head_json":{"title":"Gem\u00e4lde 3d Metall Che Guevara 100x100cm | Eliassen","description":"Kaufen Sie das einzigartige 3D-Metallbild 'Che Guevara' (100x100cm) von Eliassen. Handgefertigt mit 3D-Effekt und industriellem Look. Sehen Sie sich die Kollektion im Showroom an!","robots":{"index":"index","follow":"follow","max-snippet":"max-snippet:-1","max-image-preview":"max-image-preview:large","max-video-preview":"max-video-preview:-1"},"canonical":"https:\/\/www.eliassen.nl\/de\/malerei-3d-metall-che-guevara\/","og_locale":"de_DE","og_type":"article","og_title":"Sonstige Gem\u00e4lde 3d Metall Che Guevara 100x100cm - Eliassen.nl","og_description":"Kaufen Sie das einzigartige 3D-Metallbild 'Che Guevara' (100x100cm) von Eliassen. Handgefertigt mit 3D-Effekt und industriellem Look. Sehen Sie sich die Kollektion im Showroom an!","og_url":"https:\/\/www.eliassen.nl\/de\/malerei-3d-metall-che-guevara\/","og_site_name":"Eliassen.nl","article_publisher":"https:\/\/www.facebook.com\/TuincentrumEliassenAmmerzoden","article_modified_time":"2026-02-02T14:51:05+00:00","og_image":[{"width":2032,"height":2048,"url":"https:\/\/www.eliassen.nl\/wp-content\/uploads\/2024\/01\/schilderij3dmetaalmaxverstappenformule180x1.jpg","type":"image\/jpeg"}],"twitter_card":"summary_large_image","schema":{"@context":"https:\/\/schema.org","@graph":[{"@type":"WebPage","@id":"https:\/\/www.eliassen.nl\/de\/malerei-3d-metall-che-guevara\/","url":"https:\/\/www.eliassen.nl\/de\/malerei-3d-metall-che-guevara\/","name":"Gem\u00e4lde 3d Metall Che Guevara 100x100cm | Eliassen","isPartOf":{"@id":"https:\/\/www.eliassen.nl\/de\/#website"},"primaryImageOfPage":{"@id":"https:\/\/www.eliassen.nl\/de\/malerei-3d-metall-che-guevara\/#primaryimage"},"image":{"@id":"https:\/\/www.eliassen.nl\/de\/malerei-3d-metall-che-guevara\/#primaryimage"},"thumbnailUrl":"https:\/\/www.eliassen.nl\/wp-content\/uploads\/2024\/01\/schilderij3dmetaalmaxverstappenformule180x1.jpg","datePublished":"2020-12-09T11:27:52+00:00","dateModified":"2026-02-02T14:51:05+00:00","description":"Kaufen Sie das einzigartige 3D-Metallbild 'Che Guevara' (100x100cm) von Eliassen. Handgefertigt mit 3D-Effekt und industriellem Look. Sehen Sie sich die Kollektion im Showroom an!","breadcrumb":{"@id":"https:\/\/www.eliassen.nl\/de\/malerei-3d-metall-che-guevara\/#breadcrumb"},"inLanguage":"de","potentialAction":[{"@type":"ReadAction","target":["https:\/\/www.eliassen.nl\/de\/malerei-3d-metall-che-guevara\/"]}]},{"@type":"ImageObject","inLanguage":"de","@id":"https:\/\/www.eliassen.nl\/de\/malerei-3d-metall-che-guevara\/#primaryimage","url":"https:\/\/www.eliassen.nl\/wp-content\/uploads\/2024\/01\/schilderij3dmetaalmaxverstappenformule180x1.jpg","contentUrl":"https:\/\/www.eliassen.nl\/wp-content\/uploads\/2024\/01\/schilderij3dmetaalmaxverstappenformule180x1.jpg","width":2032,"height":2048,"caption":"Gem\u00e4lde 3d Metall Max verstappen Formel 1 80x120cm - Eliassen.nl"},{"@type":"BreadcrumbList","@id":"https:\/\/www.eliassen.nl\/de\/malerei-3d-metall-che-guevara\/#breadcrumb","itemListElement":[{"@type":"ListItem","position":1,"name":"Home","item":"https:\/\/www.eliassen.nl\/de\/"},{"@type":"ListItem","position":2,"name":"Shop","item":"https:\/\/www.eliassen.nl\/de\/shop\/"},{"@type":"ListItem","position":3,"name":"Gem\u00e4lde","item":"https:\/\/www.eliassen.nl\/de\/gemaelde\/"},{"@type":"ListItem","position":4,"name":"3D Gem\u00e4lde aus Metall","item":"https:\/\/www.eliassen.nl\/de\/gemaelde\/3d-gemaelde-aus-metall\/"},{"@type":"ListItem","position":5,"name":"3D Gem\u00e4lde aus Metall 100x100 cm","item":"https:\/\/www.eliassen.nl\/de\/gemaelde\/3d-gemaelde-aus-metall\/3d-gemaelde-aus-metall-im-format-100x100cm\/"},{"@type":"ListItem","position":6,"name":"Gem\u00e4lde 3d Metall Che Guevara 100x100cm"}]},{"@type":"WebSite","@id":"https:\/\/www.eliassen.nl\/de\/#website","url":"https:\/\/www.eliassen.nl\/de\/","name":"Eliassen Home & Garden Pleasure","description":"","publisher":{"@id":"https:\/\/www.eliassen.nl\/de\/#organization"},"alternateName":"Eliassen.nl","potentialAction":[{"@type":"SearchAction","target":{"@type":"EntryPoint","urlTemplate":"https:\/\/www.eliassen.nl\/de\/?s={search_term_string}"},"query-input":{"@type":"PropertyValueSpecification","valueRequired":true,"valueName":"search_term_string"}}],"inLanguage":"de"},{"@type":["Organization","Place"],"@id":"https:\/\/www.eliassen.nl\/de\/#organization","name":"Eliassen Home & Garden Pleasure","url":"https:\/\/www.eliassen.nl\/de\/","logo":{"@id":"https:\/\/www.eliassen.nl\/de\/malerei-3d-metall-che-guevara\/#local-main-organization-logo"},"image":{"@id":"https:\/\/www.eliassen.nl\/de\/malerei-3d-metall-che-guevara\/#local-main-organization-logo"},"sameAs":["https:\/\/www.facebook.com\/TuincentrumEliassenAmmerzoden","https:\/\/www.instagram.com\/eliassenhomeandgarden\/","https:\/\/nl.pinterest.com\/eliassenhomeandgarden\/","https:\/\/www.youtube.com\/@eliassenhomegardenpleasure4558"],"telephone":[],"openingHoursSpecification":[{"@type":"OpeningHoursSpecification","dayOfWeek":["Monday","Tuesday","Wednesday","Thursday","Friday","Saturday","Sunday"],"opens":"09:00","closes":"17:00"}]},{"@type":"ImageObject","inLanguage":"de","@id":"https:\/\/www.eliassen.nl\/de\/malerei-3d-metall-che-guevara\/#local-main-organization-logo","url":"https:\/\/www.eliassen.nl\/wp-content\/uploads\/2024\/01\/logo_4nd.jpg","contentUrl":"https:\/\/www.eliassen.nl\/wp-content\/uploads\/2024\/01\/logo_4nd.jpg","width":500,"height":500,"caption":"Eliassen Home & Garden Pleasure"}]},"product_price_amount":"69.00","product_price_currency":"EUR","og_availability":"instock","product_availability":"instock","product_retailer_item_id":"T1890","product_condition":"new"},"df_price":69,"df_sale_price":69,"df_regular_price":219,"df_image_link":"https:\/\/www.eliassen.nl\/wp-content\/uploads\/2024\/01\/schilderij3dmetaalmaxverstappenformule180x1.jpg","image":"https:\/\/www.eliassen.nl\/wp-content\/uploads\/2024\/01\/schilderij3dmetaalmaxverstappenformule180x1.jpg","price_search":"<span class=\"woocommerce-Price-amount amount\"><bdi><span class=\"woocommerce-Price-currencySymbol\">&euro;<\/span>&nbsp;69,00<\/bdi><\/span>","category":"3D Gem\u00e4lde aus Metall","global_unique_id":"9503753485267","_links":{"self":[{"href":"https:\/\/www.eliassen.nl\/de\/wp-json\/wp\/v2\/product\/26278","targetHints":{"allow":["GET"]}}],"collection":[{"href":"https:\/\/www.eliassen.nl\/de\/wp-json\/wp\/v2\/product"}],"about":[{"href":"https:\/\/www.eliassen.nl\/de\/wp-json\/wp\/v2\/types\/product"}],"wp:featuredmedia":[{"embeddable":true,"href":"https:\/\/www.eliassen.nl\/de\/wp-json\/wp\/v2\/media\/26275"}],"wp:attachment":[{"href":"https:\/\/www.eliassen.nl\/de\/wp-json\/wp\/v2\/media?parent=26278"}],"wp:term":[{"taxonomy":"product_brand","embeddable":true,"href":"https:\/\/www.eliassen.nl\/de\/wp-json\/wp\/v2\/product_brand?post=26278"},{"taxonomy":"product_cat","embeddable":true,"href":"https:\/\/www.eliassen.nl\/de\/wp-json\/wp\/v2\/product_cat?post=26278"},{"taxonomy":"product_tag","embeddable":true,"href":"https:\/\/www.eliassen.nl\/de\/wp-json\/wp\/v2\/product_tag?post=26278"}],"curies":[{"name":"wp","href":"https:\/\/api.w.org\/{rel}","templated":true}]}}