{"id":26023,"date":"2020-11-04T11:15:15","date_gmt":"2020-11-04T10:15:15","guid":{"rendered":"https:\/\/www.eliassen.nl\/?product=glasschilderij-120x120-cm-coco-chanel-woman"},"modified":"2026-01-07T13:17:44","modified_gmt":"2026-01-07T12:17:44","slug":"glasgemalde-coco-chanel-frau-120x120-cm","status":"publish","type":"product","link":"https:\/\/www.eliassen.nl\/de\/glasgemalde-coco-chanel-frau-120x120-cm\/","title":{"rendered":"Glasgem\u00e4lde Coco Chanel Frau 120&#215;120 cm."},"content":{"rendered":"<p>Dieses Gem\u00e4lde aus geh\u00e4rtetem Glas ist ein sehr sch\u00f6nes St\u00fcck Wanddekoration f\u00fcr jedes moderne Heim oder Gesch\u00e4ftsinterieur. Dieses Modell-Glasgem\u00e4lde, das eine Frau darstellt, die f\u00fcr Chanel modelt, ist messerscharf. Bei diesem Modell wird das Bild auf die Vorderseite gedruckt, wo das 3d einen sch\u00f6nen sichtbaren und f\u00fchlbaren Effekt erzeugt. Dieses Modell hat einen matten Farbeffekt und ist nicht gl\u00e4nzend.  <br \/><strong>Wir haben fast die gesamte Kollektion von<\/strong> <strong>dieses Webshops (allein mehr als 400 Modelle) in unserem Gesch\u00e4ft vorr\u00e4tig, was in den Niederlanden einzigartig ist !!!<\/strong><\/p>\n<ul type=\"disc\">\n<li class=\"x_MsoNormal\">  Gr\u00f6\u00dfe 120&#215;120 cm.<\/li>\n<li class=\"x_MsoNormal\">  Schnelle Lieferung.<\/li>\n<li class=\"x_MsoNormal\">  Praktisch unzerbrechlich.<\/li>\n<li class=\"x_MsoNormal\">  Superscharfes Bild.<\/li>\n<li class=\"x_MsoNormal\">  4 mm dickes geh\u00e4rtetes Glas.<\/li>\n<li class=\"x_MsoNormal\">  Praktisch unempfindlich gegen Kratzer.<\/li>\n<li class=\"x_MsoNormal\">  Mit 2 Haken zum einfachen Aufh\u00e4ngen.<\/li>\n<\/ul>\n","protected":false},"excerpt":{"rendered":"<p>Dieses Gem\u00e4lde aus geh\u00e4rtetem Glas ist ein sehr sch\u00f6nes St\u00fcck Wanddekoration f\u00fcr jedes moderne Heim oder Gesch\u00e4ftsinterieur. Dieses Modell-Glasgem\u00e4lde, das eine Frau darstellt, die f\u00fcr Chanel modelt, ist messerscharf. Bei diesem Modell wird das Bild auf die Vorderseite gedruckt, wo das 3d einen sch\u00f6nen sichtbaren und f\u00fchlbaren Effekt erzeugt. Dieses Modell hat einen matten Farbeffekt &hellip;<\/p>\n","protected":false},"featured_media":26020,"template":"","meta":{"_acf_changed":false,"_genesis_title":"","_genesis_description":""},"product_brand":[6940],"product_cat":[470,410,443],"product_tag":[],"class_list":{"0":"post-26023","1":"product","2":"type-product","3":"status-publish","4":"has-post-thumbnail","6":"product_brand-ter-halle-de","7":"product_cat-andere-groessen-von-glasgemaelden","8":"product_cat-gemaelde","9":"product_cat-glasmalereien","11":"first","12":"instock","13":"taxable","14":"shipping-taxable","15":"purchasable","16":"product-type-simple"},"acf":[],"meta_all":{"total_sales":"0","wcml_sync_hash":{"postmeta_fields":"fc94e0fbc40e43adaddb5d8b36e2a02f"},"attr_label_translations":[]},"meta_all_flat":{"total_sales":"0","wcml_sync_hash.postmeta_fields":"fc94e0fbc40e43adaddb5d8b36e2a02f"},"yoast_head":"<!-- This site is optimized with the Yoast SEO Premium plugin v26.2 (Yoast SEO v27.2) - https:\/\/yoast.com\/product\/yoast-seo-premium-wordpress\/ -->\n<title>Glasmalerei 120x120 cm Coco Chanel Frau | Eliassen<\/title>\n<meta name=\"description\" content=\"Kaufen Sie bei Eliassen das Glasgem\u00e4lde 120x120 cm Coco Chanel Frau online oder sehen Sie es sich live im Ausstellungsraum an. Bestellen Sie direkt online.\" \/>\n<meta name=\"robots\" content=\"index, follow, max-snippet:-1, max-image-preview:large, max-video-preview:-1\" \/>\n<link rel=\"canonical\" href=\"https:\/\/www.eliassen.nl\/de\/glasgemalde-coco-chanel-frau-120x120-cm\/\" \/>\n<meta property=\"og:locale\" content=\"de_DE\" \/>\n<meta property=\"og:type\" content=\"article\" \/>\n<meta property=\"og:title\" content=\"Ter Halle Glasgem\u00e4lde Coco Chanel Frau 120x120 cm. - Eliassen.nl\" \/>\n<meta property=\"og:description\" content=\"Kaufen Sie bei Eliassen das Glasgem\u00e4lde 120x120 cm Coco Chanel Frau online oder sehen Sie es sich live im Ausstellungsraum an. Bestellen Sie direkt online.\" \/>\n<meta property=\"og:url\" content=\"https:\/\/www.eliassen.nl\/de\/glasgemalde-coco-chanel-frau-120x120-cm\/\" \/>\n<meta property=\"og:site_name\" content=\"Eliassen.nl\" \/>\n<meta property=\"article:publisher\" content=\"https:\/\/www.facebook.com\/TuincentrumEliassenAmmerzoden\" \/>\n<meta property=\"article:modified_time\" content=\"2026-01-07T12:17:44+00:00\" \/>\n<meta property=\"og:image\" content=\"https:\/\/www.eliassen.nl\/wp-content\/uploads\/2024\/01\/eliassenglasschilderij120x120cmcocochanelwom.jpg\" \/>\n\t<meta property=\"og:image:width\" content=\"1200\" \/>\n\t<meta property=\"og:image:height\" content=\"1200\" \/>\n\t<meta property=\"og:image:type\" content=\"image\/jpeg\" \/>\n<meta name=\"twitter:card\" content=\"summary_large_image\" \/>\n<script type=\"application\/ld+json\" class=\"yoast-schema-graph\">{\"@context\":\"https:\/\/schema.org\",\"@graph\":[{\"@type\":\"WebPage\",\"@id\":\"https:\/\/www.eliassen.nl\/de\/glasgemalde-coco-chanel-frau-120x120-cm\/\",\"url\":\"https:\/\/www.eliassen.nl\/de\/glasgemalde-coco-chanel-frau-120x120-cm\/\",\"name\":\"Glasmalerei 120x120 cm Coco Chanel Frau | Eliassen\",\"isPartOf\":{\"@id\":\"https:\/\/www.eliassen.nl\/de\/#website\"},\"primaryImageOfPage\":{\"@id\":\"https:\/\/www.eliassen.nl\/de\/glasgemalde-coco-chanel-frau-120x120-cm\/#primaryimage\"},\"image\":{\"@id\":\"https:\/\/www.eliassen.nl\/de\/glasgemalde-coco-chanel-frau-120x120-cm\/#primaryimage\"},\"thumbnailUrl\":\"https:\/\/www.eliassen.nl\/wp-content\/uploads\/2024\/01\/eliassenglasschilderij120x120cmcocochanelwom.jpg\",\"datePublished\":\"2020-11-04T10:15:15+00:00\",\"dateModified\":\"2026-01-07T12:17:44+00:00\",\"description\":\"Kaufen Sie bei Eliassen das Glasgem\u00e4lde 120x120 cm Coco Chanel Frau online oder sehen Sie es sich live im Ausstellungsraum an. Bestellen Sie direkt online.\",\"breadcrumb\":{\"@id\":\"https:\/\/www.eliassen.nl\/de\/glasgemalde-coco-chanel-frau-120x120-cm\/#breadcrumb\"},\"inLanguage\":\"de\",\"potentialAction\":[{\"@type\":\"ReadAction\",\"target\":[\"https:\/\/www.eliassen.nl\/de\/glasgemalde-coco-chanel-frau-120x120-cm\/\"]}]},{\"@type\":\"ImageObject\",\"inLanguage\":\"de\",\"@id\":\"https:\/\/www.eliassen.nl\/de\/glasgemalde-coco-chanel-frau-120x120-cm\/#primaryimage\",\"url\":\"https:\/\/www.eliassen.nl\/wp-content\/uploads\/2024\/01\/eliassenglasschilderij120x120cmcocochanelwom.jpg\",\"contentUrl\":\"https:\/\/www.eliassen.nl\/wp-content\/uploads\/2024\/01\/eliassenglasschilderij120x120cmcocochanelwom.jpg\",\"width\":1200,\"height\":1200,\"caption\":\"Eliassen Glasgem\u00e4lde 120x120 cm. Coco Chanel Frau\"},{\"@type\":\"BreadcrumbList\",\"@id\":\"https:\/\/www.eliassen.nl\/de\/glasgemalde-coco-chanel-frau-120x120-cm\/#breadcrumb\",\"itemListElement\":[{\"@type\":\"ListItem\",\"position\":1,\"name\":\"Home\",\"item\":\"https:\/\/www.eliassen.nl\/de\/\"},{\"@type\":\"ListItem\",\"position\":2,\"name\":\"Shop\",\"item\":\"https:\/\/www.eliassen.nl\/de\/shop\/\"},{\"@type\":\"ListItem\",\"position\":3,\"name\":\"Glasmalereien\",\"item\":\"https:\/\/www.eliassen.nl\/de\/gemaelde\/glasmalereien\/\"},{\"@type\":\"ListItem\",\"position\":4,\"name\":\"Andere Gr\u00f6\u00dfen von Glasgem\u00e4lden\",\"item\":\"https:\/\/www.eliassen.nl\/de\/gemaelde\/glasmalereien\/andere-groessen-von-glasgemaelden\/\"},{\"@type\":\"ListItem\",\"position\":5,\"name\":\"Glasgem\u00e4lde Coco Chanel Frau 120&#215;120 cm.\"}]},{\"@type\":\"WebSite\",\"@id\":\"https:\/\/www.eliassen.nl\/de\/#website\",\"url\":\"https:\/\/www.eliassen.nl\/de\/\",\"name\":\"Eliassen Home & Garden Pleasure\",\"description\":\"\",\"publisher\":{\"@id\":\"https:\/\/www.eliassen.nl\/de\/#organization\"},\"alternateName\":\"Eliassen.nl\",\"potentialAction\":[{\"@type\":\"SearchAction\",\"target\":{\"@type\":\"EntryPoint\",\"urlTemplate\":\"https:\/\/www.eliassen.nl\/de\/?s={search_term_string}\"},\"query-input\":{\"@type\":\"PropertyValueSpecification\",\"valueRequired\":true,\"valueName\":\"search_term_string\"}}],\"inLanguage\":\"de\"},{\"@type\":[\"Organization\",\"Place\"],\"@id\":\"https:\/\/www.eliassen.nl\/de\/#organization\",\"name\":\"Eliassen Home & Garden Pleasure\",\"url\":\"https:\/\/www.eliassen.nl\/de\/\",\"logo\":{\"@id\":\"https:\/\/www.eliassen.nl\/de\/glasgemalde-coco-chanel-frau-120x120-cm\/#local-main-organization-logo\"},\"image\":{\"@id\":\"https:\/\/www.eliassen.nl\/de\/glasgemalde-coco-chanel-frau-120x120-cm\/#local-main-organization-logo\"},\"sameAs\":[\"https:\/\/www.facebook.com\/TuincentrumEliassenAmmerzoden\",\"https:\/\/www.instagram.com\/eliassenhomeandgarden\/\",\"https:\/\/nl.pinterest.com\/eliassenhomeandgarden\/\",\"https:\/\/www.youtube.com\/@eliassenhomegardenpleasure4558\"],\"telephone\":[],\"openingHoursSpecification\":[{\"@type\":\"OpeningHoursSpecification\",\"dayOfWeek\":[\"Monday\",\"Tuesday\",\"Wednesday\",\"Thursday\",\"Friday\",\"Saturday\",\"Sunday\"],\"opens\":\"09:00\",\"closes\":\"17:00\"}]},{\"@type\":\"ImageObject\",\"inLanguage\":\"de\",\"@id\":\"https:\/\/www.eliassen.nl\/de\/glasgemalde-coco-chanel-frau-120x120-cm\/#local-main-organization-logo\",\"url\":\"https:\/\/www.eliassen.nl\/wp-content\/uploads\/2024\/01\/logo_4nd.jpg\",\"contentUrl\":\"https:\/\/www.eliassen.nl\/wp-content\/uploads\/2024\/01\/logo_4nd.jpg\",\"width\":500,\"height\":500,\"caption\":\"Eliassen Home & Garden Pleasure\"}]}<\/script>\n<meta property=\"product:price:amount\" content=\"309.00\" \/>\n<meta property=\"product:price:currency\" content=\"EUR\" \/>\n<meta property=\"og:availability\" content=\"instock\" \/>\n<meta property=\"product:availability\" content=\"instock\" \/>\n<meta property=\"product:retailer_item_id\" content=\"Glas1201203d-014\" \/>\n<meta property=\"product:condition\" content=\"new\" \/>\n<!-- \/ Yoast SEO Premium plugin. -->","yoast_head_json":{"title":"Glasmalerei 120x120 cm Coco Chanel Frau | Eliassen","description":"Kaufen Sie bei Eliassen das Glasgem\u00e4lde 120x120 cm Coco Chanel Frau online oder sehen Sie es sich live im Ausstellungsraum an. Bestellen Sie direkt online.","robots":{"index":"index","follow":"follow","max-snippet":"max-snippet:-1","max-image-preview":"max-image-preview:large","max-video-preview":"max-video-preview:-1"},"canonical":"https:\/\/www.eliassen.nl\/de\/glasgemalde-coco-chanel-frau-120x120-cm\/","og_locale":"de_DE","og_type":"article","og_title":"Ter Halle Glasgem\u00e4lde Coco Chanel Frau 120x120 cm. - Eliassen.nl","og_description":"Kaufen Sie bei Eliassen das Glasgem\u00e4lde 120x120 cm Coco Chanel Frau online oder sehen Sie es sich live im Ausstellungsraum an. Bestellen Sie direkt online.","og_url":"https:\/\/www.eliassen.nl\/de\/glasgemalde-coco-chanel-frau-120x120-cm\/","og_site_name":"Eliassen.nl","article_publisher":"https:\/\/www.facebook.com\/TuincentrumEliassenAmmerzoden","article_modified_time":"2026-01-07T12:17:44+00:00","og_image":[{"width":1200,"height":1200,"url":"https:\/\/www.eliassen.nl\/wp-content\/uploads\/2024\/01\/eliassenglasschilderij120x120cmcocochanelwom.jpg","type":"image\/jpeg"}],"twitter_card":"summary_large_image","schema":{"@context":"https:\/\/schema.org","@graph":[{"@type":"WebPage","@id":"https:\/\/www.eliassen.nl\/de\/glasgemalde-coco-chanel-frau-120x120-cm\/","url":"https:\/\/www.eliassen.nl\/de\/glasgemalde-coco-chanel-frau-120x120-cm\/","name":"Glasmalerei 120x120 cm Coco Chanel Frau | Eliassen","isPartOf":{"@id":"https:\/\/www.eliassen.nl\/de\/#website"},"primaryImageOfPage":{"@id":"https:\/\/www.eliassen.nl\/de\/glasgemalde-coco-chanel-frau-120x120-cm\/#primaryimage"},"image":{"@id":"https:\/\/www.eliassen.nl\/de\/glasgemalde-coco-chanel-frau-120x120-cm\/#primaryimage"},"thumbnailUrl":"https:\/\/www.eliassen.nl\/wp-content\/uploads\/2024\/01\/eliassenglasschilderij120x120cmcocochanelwom.jpg","datePublished":"2020-11-04T10:15:15+00:00","dateModified":"2026-01-07T12:17:44+00:00","description":"Kaufen Sie bei Eliassen das Glasgem\u00e4lde 120x120 cm Coco Chanel Frau online oder sehen Sie es sich live im Ausstellungsraum an. Bestellen Sie direkt online.","breadcrumb":{"@id":"https:\/\/www.eliassen.nl\/de\/glasgemalde-coco-chanel-frau-120x120-cm\/#breadcrumb"},"inLanguage":"de","potentialAction":[{"@type":"ReadAction","target":["https:\/\/www.eliassen.nl\/de\/glasgemalde-coco-chanel-frau-120x120-cm\/"]}]},{"@type":"ImageObject","inLanguage":"de","@id":"https:\/\/www.eliassen.nl\/de\/glasgemalde-coco-chanel-frau-120x120-cm\/#primaryimage","url":"https:\/\/www.eliassen.nl\/wp-content\/uploads\/2024\/01\/eliassenglasschilderij120x120cmcocochanelwom.jpg","contentUrl":"https:\/\/www.eliassen.nl\/wp-content\/uploads\/2024\/01\/eliassenglasschilderij120x120cmcocochanelwom.jpg","width":1200,"height":1200,"caption":"Eliassen Glasgem\u00e4lde 120x120 cm. Coco Chanel Frau"},{"@type":"BreadcrumbList","@id":"https:\/\/www.eliassen.nl\/de\/glasgemalde-coco-chanel-frau-120x120-cm\/#breadcrumb","itemListElement":[{"@type":"ListItem","position":1,"name":"Home","item":"https:\/\/www.eliassen.nl\/de\/"},{"@type":"ListItem","position":2,"name":"Shop","item":"https:\/\/www.eliassen.nl\/de\/shop\/"},{"@type":"ListItem","position":3,"name":"Glasmalereien","item":"https:\/\/www.eliassen.nl\/de\/gemaelde\/glasmalereien\/"},{"@type":"ListItem","position":4,"name":"Andere Gr\u00f6\u00dfen von Glasgem\u00e4lden","item":"https:\/\/www.eliassen.nl\/de\/gemaelde\/glasmalereien\/andere-groessen-von-glasgemaelden\/"},{"@type":"ListItem","position":5,"name":"Glasgem\u00e4lde Coco Chanel Frau 120&#215;120 cm."}]},{"@type":"WebSite","@id":"https:\/\/www.eliassen.nl\/de\/#website","url":"https:\/\/www.eliassen.nl\/de\/","name":"Eliassen Home & Garden Pleasure","description":"","publisher":{"@id":"https:\/\/www.eliassen.nl\/de\/#organization"},"alternateName":"Eliassen.nl","potentialAction":[{"@type":"SearchAction","target":{"@type":"EntryPoint","urlTemplate":"https:\/\/www.eliassen.nl\/de\/?s={search_term_string}"},"query-input":{"@type":"PropertyValueSpecification","valueRequired":true,"valueName":"search_term_string"}}],"inLanguage":"de"},{"@type":["Organization","Place"],"@id":"https:\/\/www.eliassen.nl\/de\/#organization","name":"Eliassen Home & Garden Pleasure","url":"https:\/\/www.eliassen.nl\/de\/","logo":{"@id":"https:\/\/www.eliassen.nl\/de\/glasgemalde-coco-chanel-frau-120x120-cm\/#local-main-organization-logo"},"image":{"@id":"https:\/\/www.eliassen.nl\/de\/glasgemalde-coco-chanel-frau-120x120-cm\/#local-main-organization-logo"},"sameAs":["https:\/\/www.facebook.com\/TuincentrumEliassenAmmerzoden","https:\/\/www.instagram.com\/eliassenhomeandgarden\/","https:\/\/nl.pinterest.com\/eliassenhomeandgarden\/","https:\/\/www.youtube.com\/@eliassenhomegardenpleasure4558"],"telephone":[],"openingHoursSpecification":[{"@type":"OpeningHoursSpecification","dayOfWeek":["Monday","Tuesday","Wednesday","Thursday","Friday","Saturday","Sunday"],"opens":"09:00","closes":"17:00"}]},{"@type":"ImageObject","inLanguage":"de","@id":"https:\/\/www.eliassen.nl\/de\/glasgemalde-coco-chanel-frau-120x120-cm\/#local-main-organization-logo","url":"https:\/\/www.eliassen.nl\/wp-content\/uploads\/2024\/01\/logo_4nd.jpg","contentUrl":"https:\/\/www.eliassen.nl\/wp-content\/uploads\/2024\/01\/logo_4nd.jpg","width":500,"height":500,"caption":"Eliassen Home & Garden Pleasure"}]},"product_price_amount":"309.00","product_price_currency":"EUR","og_availability":"instock","product_availability":"instock","product_retailer_item_id":"Glas1201203d-014","product_condition":"new"},"df_price":309,"df_sale_price":"","df_regular_price":309,"df_image_link":"https:\/\/www.eliassen.nl\/wp-content\/uploads\/2024\/01\/eliassenglasschilderij120x120cmcocochanelwom.jpg","image":"https:\/\/www.eliassen.nl\/wp-content\/uploads\/2024\/01\/eliassenglasschilderij120x120cmcocochanelwom.jpg","price_search":"<span class=\"woocommerce-Price-amount amount\"><bdi><span class=\"woocommerce-Price-currencySymbol\">&euro;<\/span>&nbsp;309,00<\/bdi><\/span>","category":"Andere Gr\u00f6\u00dfen von Glasgem\u00e4lden","global_unique_id":"8714688592581","_links":{"self":[{"href":"https:\/\/www.eliassen.nl\/de\/wp-json\/wp\/v2\/product\/26023","targetHints":{"allow":["GET"]}}],"collection":[{"href":"https:\/\/www.eliassen.nl\/de\/wp-json\/wp\/v2\/product"}],"about":[{"href":"https:\/\/www.eliassen.nl\/de\/wp-json\/wp\/v2\/types\/product"}],"wp:featuredmedia":[{"embeddable":true,"href":"https:\/\/www.eliassen.nl\/de\/wp-json\/wp\/v2\/media\/26020"}],"wp:attachment":[{"href":"https:\/\/www.eliassen.nl\/de\/wp-json\/wp\/v2\/media?parent=26023"}],"wp:term":[{"taxonomy":"product_brand","embeddable":true,"href":"https:\/\/www.eliassen.nl\/de\/wp-json\/wp\/v2\/product_brand?post=26023"},{"taxonomy":"product_cat","embeddable":true,"href":"https:\/\/www.eliassen.nl\/de\/wp-json\/wp\/v2\/product_cat?post=26023"},{"taxonomy":"product_tag","embeddable":true,"href":"https:\/\/www.eliassen.nl\/de\/wp-json\/wp\/v2\/product_tag?post=26023"}],"curies":[{"name":"wp","href":"https:\/\/api.w.org\/{rel}","templated":true}]}}