{"id":25864,"date":"2020-10-21T12:18:03","date_gmt":"2020-10-21T12:18:03","guid":{"rendered":"https:\/\/www.eliassen.nl\/?product=klok-met-tandwielen-shiny-silver-53cm"},"modified":"2025-10-21T16:25:39","modified_gmt":"2025-10-21T14:25:39","slug":"uhr-mit-zahnradern-glanzendes-silber-53cm","status":"publish","type":"product","link":"https:\/\/www.eliassen.nl\/de\/uhr-mit-zahnradern-glanzendes-silber-53cm\/","title":{"rendered":"Uhr mit Zahnr\u00e4dern Gl\u00e4nzend Silber 53cm"},"content":{"rendered":"<p>Diese silberfarbene Wanduhr mit Zahnr\u00e4dern ist eine cool aussehende Wanddekoration. Diese silberne Wanduhr hat einen schlichten, eleganten Look, der perfekt in moderne Wohn- und Arbeitsumgebungen passt. Die Kombination mit transparenten Ziffern macht diese Uhr einzigartig.<br \/>\nIst mit einem silbernen Metallrand erh\u00e4ltlich, aber Sie k\u00f6nnen auch einen schwarzen Metallrand w\u00e4hlen, der die gleiche Farbe beh\u00e4lt. Diese Wanduhr verf\u00fcgt \u00fcber 5 Zahnr\u00e4der, die sich leise drehen und so f\u00fcr einen spielerischen Effekt sorgen.<\/p>\n<p><strong>Sie k\u00f6nnen dieses Modell auch live bei uns im Haus besichtigen.<\/strong><\/p>\n<ul>\n<li>Gr\u00f6\u00dfe: Durchmesser 53 cm, Dicke 8 cm<\/li>\n<li>Material: Stahl, vernickelt, Glas<\/li>\n<li>Material Zifferblatt: Metall<\/li>\n<li>Mit Sekundenzeiger<\/li>\n<li>Stromversorgung f\u00fcr die Uhr 1x AA-Batterie Stromversorgung f\u00fcr das Getriebe 2x AA-Batterie<\/li>\n<li>Garantie: 1 Jahr<\/li>\n<\/ul>\n","protected":false},"excerpt":{"rendered":"<p>Versand nach Deutschland nicht m\u00f6glich.<\/p>\n","protected":false},"featured_media":25849,"template":"","meta":{"_acf_changed":false,"_genesis_title":"","_genesis_description":""},"product_brand":[7481],"product_cat":[509,521],"product_tag":[],"class_list":{"0":"post-25864","1":"product","2":"type-product","3":"status-publish","4":"has-post-thumbnail","6":"product_brand-waren","7":"product_cat-wanddekoration","8":"product_cat-wanduhren","10":"first","11":"instock","12":"sale","13":"taxable","14":"shipping-taxable","15":"purchasable","16":"product-type-simple"},"acf":[],"meta_all":{"total_sales":"2","wcml_sync_hash":{"postmeta_fields":"d24a2b66e809b3cd74c36d54663b7c99"},"attr_label_translations":[],"cor_restricted_countries":["DIE"],"cor_product_add":"ja"},"meta_all_flat":{"total_sales":"2","wcml_sync_hash.postmeta_fields":"d24a2b66e809b3cd74c36d54663b7c99","cor_restricted_countries.0":"DIE","cor_product_add":"ja"},"yoast_head":"<!-- This site is optimized with the Yoast SEO Premium plugin v26.2 (Yoast SEO v27.2) - https:\/\/yoast.com\/product\/yoast-seo-premium-wordpress\/ -->\n<title>Uhr mit Zahnr\u00e4dern Gl\u00e4nzend Silber 53cm | Eliassen<\/title>\n<meta name=\"description\" content=\"Bei Eliassen k\u00f6nnen Sie die Uhr mit Zahnr\u00e4dern Shiny silver 53cm online kaufen oder live im Ausstellungsraum betrachten. Wir haben die sch\u00f6nsten Wanddekorationen, Wanduhren\" \/>\n<meta name=\"robots\" content=\"index, follow, max-snippet:-1, max-image-preview:large, max-video-preview:-1\" \/>\n<link rel=\"canonical\" href=\"https:\/\/www.eliassen.nl\/de\/uhr-mit-zahnradern-glanzendes-silber-53cm\/\" \/>\n<meta property=\"og:locale\" content=\"de_DE\" \/>\n<meta property=\"og:type\" content=\"article\" \/>\n<meta property=\"og:title\" content=\"Waren Uhr mit Zahnr\u00e4dern Gl\u00e4nzend Silber 53cm - Eliassen.nl\" \/>\n<meta property=\"og:description\" content=\"Bei Eliassen k\u00f6nnen Sie die Uhr mit Zahnr\u00e4dern Shiny silver 53cm online kaufen oder live im Ausstellungsraum betrachten. Wir haben die sch\u00f6nsten Wanddekorationen, Wanduhren\" \/>\n<meta property=\"og:url\" content=\"https:\/\/www.eliassen.nl\/de\/uhr-mit-zahnradern-glanzendes-silber-53cm\/\" \/>\n<meta property=\"og:site_name\" content=\"Eliassen.nl\" \/>\n<meta property=\"article:publisher\" content=\"https:\/\/www.facebook.com\/TuincentrumEliassenAmmerzoden\" \/>\n<meta property=\"article:modified_time\" content=\"2025-10-21T14:25:39+00:00\" \/>\n<meta property=\"og:image\" content=\"https:\/\/www.eliassen.nl\/wp-content\/uploads\/2024\/01\/eliassenklokmettandwielenshinysilver53cm.jpg\" \/>\n\t<meta property=\"og:image:width\" content=\"650\" \/>\n\t<meta property=\"og:image:height\" content=\"487\" \/>\n\t<meta property=\"og:image:type\" content=\"image\/jpeg\" \/>\n<meta name=\"twitter:card\" content=\"summary_large_image\" \/>\n<script type=\"application\/ld+json\" class=\"yoast-schema-graph\">{\"@context\":\"https:\/\/schema.org\",\"@graph\":[{\"@type\":\"WebPage\",\"@id\":\"https:\/\/www.eliassen.nl\/de\/uhr-mit-zahnradern-glanzendes-silber-53cm\/\",\"url\":\"https:\/\/www.eliassen.nl\/de\/uhr-mit-zahnradern-glanzendes-silber-53cm\/\",\"name\":\"Uhr mit Zahnr\u00e4dern Gl\u00e4nzend Silber 53cm | Eliassen\",\"isPartOf\":{\"@id\":\"https:\/\/www.eliassen.nl\/de\/#website\"},\"primaryImageOfPage\":{\"@id\":\"https:\/\/www.eliassen.nl\/de\/uhr-mit-zahnradern-glanzendes-silber-53cm\/#primaryimage\"},\"image\":{\"@id\":\"https:\/\/www.eliassen.nl\/de\/uhr-mit-zahnradern-glanzendes-silber-53cm\/#primaryimage\"},\"thumbnailUrl\":\"https:\/\/www.eliassen.nl\/wp-content\/uploads\/2024\/01\/eliassenklokmettandwielenshinysilver53cm.jpg\",\"datePublished\":\"2020-10-21T12:18:03+00:00\",\"dateModified\":\"2025-10-21T14:25:39+00:00\",\"description\":\"Bei Eliassen k\u00f6nnen Sie die Uhr mit Zahnr\u00e4dern Shiny silver 53cm online kaufen oder live im Ausstellungsraum betrachten. Wir haben die sch\u00f6nsten Wanddekorationen, Wanduhren\",\"breadcrumb\":{\"@id\":\"https:\/\/www.eliassen.nl\/de\/uhr-mit-zahnradern-glanzendes-silber-53cm\/#breadcrumb\"},\"inLanguage\":\"de\",\"potentialAction\":[{\"@type\":\"ReadAction\",\"target\":[\"https:\/\/www.eliassen.nl\/de\/uhr-mit-zahnradern-glanzendes-silber-53cm\/\"]}]},{\"@type\":\"ImageObject\",\"inLanguage\":\"de\",\"@id\":\"https:\/\/www.eliassen.nl\/de\/uhr-mit-zahnradern-glanzendes-silber-53cm\/#primaryimage\",\"url\":\"https:\/\/www.eliassen.nl\/wp-content\/uploads\/2024\/01\/eliassenklokmettandwielenshinysilver53cm.jpg\",\"contentUrl\":\"https:\/\/www.eliassen.nl\/wp-content\/uploads\/2024\/01\/eliassenklokmettandwielenshinysilver53cm.jpg\",\"width\":650,\"height\":487,\"caption\":\"Eliassen Uhr mit Zahnr\u00e4dern Gl\u00e4nzend Silber 53cm\"},{\"@type\":\"BreadcrumbList\",\"@id\":\"https:\/\/www.eliassen.nl\/de\/uhr-mit-zahnradern-glanzendes-silber-53cm\/#breadcrumb\",\"itemListElement\":[{\"@type\":\"ListItem\",\"position\":1,\"name\":\"Home\",\"item\":\"https:\/\/www.eliassen.nl\/de\/\"},{\"@type\":\"ListItem\",\"position\":2,\"name\":\"Shop\",\"item\":\"https:\/\/www.eliassen.nl\/de\/shop\/\"},{\"@type\":\"ListItem\",\"position\":3,\"name\":\"Wanddekoration\",\"item\":\"https:\/\/www.eliassen.nl\/de\/wanddekoration\/\"},{\"@type\":\"ListItem\",\"position\":4,\"name\":\"Wanduhren\",\"item\":\"https:\/\/www.eliassen.nl\/de\/wanddekoration\/wanduhren\/\"},{\"@type\":\"ListItem\",\"position\":5,\"name\":\"Uhr mit Zahnr\u00e4dern Gl\u00e4nzend Silber 53cm\"}]},{\"@type\":\"WebSite\",\"@id\":\"https:\/\/www.eliassen.nl\/de\/#website\",\"url\":\"https:\/\/www.eliassen.nl\/de\/\",\"name\":\"Eliassen Home & Garden Pleasure\",\"description\":\"\",\"publisher\":{\"@id\":\"https:\/\/www.eliassen.nl\/de\/#organization\"},\"alternateName\":\"Eliassen.nl\",\"potentialAction\":[{\"@type\":\"SearchAction\",\"target\":{\"@type\":\"EntryPoint\",\"urlTemplate\":\"https:\/\/www.eliassen.nl\/de\/?s={search_term_string}\"},\"query-input\":{\"@type\":\"PropertyValueSpecification\",\"valueRequired\":true,\"valueName\":\"search_term_string\"}}],\"inLanguage\":\"de\"},{\"@type\":[\"Organization\",\"Place\"],\"@id\":\"https:\/\/www.eliassen.nl\/de\/#organization\",\"name\":\"Eliassen Home & Garden Pleasure\",\"url\":\"https:\/\/www.eliassen.nl\/de\/\",\"logo\":{\"@id\":\"https:\/\/www.eliassen.nl\/de\/uhr-mit-zahnradern-glanzendes-silber-53cm\/#local-main-organization-logo\"},\"image\":{\"@id\":\"https:\/\/www.eliassen.nl\/de\/uhr-mit-zahnradern-glanzendes-silber-53cm\/#local-main-organization-logo\"},\"sameAs\":[\"https:\/\/www.facebook.com\/TuincentrumEliassenAmmerzoden\",\"https:\/\/www.instagram.com\/eliassenhomeandgarden\/\",\"https:\/\/nl.pinterest.com\/eliassenhomeandgarden\/\",\"https:\/\/www.youtube.com\/@eliassenhomegardenpleasure4558\"],\"telephone\":[],\"openingHoursSpecification\":[{\"@type\":\"OpeningHoursSpecification\",\"dayOfWeek\":[\"Monday\",\"Tuesday\",\"Wednesday\",\"Thursday\",\"Friday\",\"Saturday\",\"Sunday\"],\"opens\":\"09:00\",\"closes\":\"17:00\"}]},{\"@type\":\"ImageObject\",\"inLanguage\":\"de\",\"@id\":\"https:\/\/www.eliassen.nl\/de\/uhr-mit-zahnradern-glanzendes-silber-53cm\/#local-main-organization-logo\",\"url\":\"https:\/\/www.eliassen.nl\/wp-content\/uploads\/2024\/01\/logo_4nd.jpg\",\"contentUrl\":\"https:\/\/www.eliassen.nl\/wp-content\/uploads\/2024\/01\/logo_4nd.jpg\",\"width\":500,\"height\":500,\"caption\":\"Eliassen Home & Garden Pleasure\"}]}<\/script>\n<meta property=\"product:price:amount\" content=\"25.00\" \/>\n<meta property=\"product:price:currency\" content=\"EUR\" \/>\n<meta property=\"og:availability\" content=\"instock\" \/>\n<meta property=\"product:availability\" content=\"instock\" \/>\n<meta property=\"product:retailer_item_id\" content=\"G6050071 actie\" \/>\n<meta property=\"product:condition\" content=\"new\" \/>\n<!-- \/ Yoast SEO Premium plugin. -->","yoast_head_json":{"title":"Uhr mit Zahnr\u00e4dern Gl\u00e4nzend Silber 53cm | Eliassen","description":"Bei Eliassen k\u00f6nnen Sie die Uhr mit Zahnr\u00e4dern Shiny silver 53cm online kaufen oder live im Ausstellungsraum betrachten. Wir haben die sch\u00f6nsten Wanddekorationen, Wanduhren","robots":{"index":"index","follow":"follow","max-snippet":"max-snippet:-1","max-image-preview":"max-image-preview:large","max-video-preview":"max-video-preview:-1"},"canonical":"https:\/\/www.eliassen.nl\/de\/uhr-mit-zahnradern-glanzendes-silber-53cm\/","og_locale":"de_DE","og_type":"article","og_title":"Waren Uhr mit Zahnr\u00e4dern Gl\u00e4nzend Silber 53cm - Eliassen.nl","og_description":"Bei Eliassen k\u00f6nnen Sie die Uhr mit Zahnr\u00e4dern Shiny silver 53cm online kaufen oder live im Ausstellungsraum betrachten. Wir haben die sch\u00f6nsten Wanddekorationen, Wanduhren","og_url":"https:\/\/www.eliassen.nl\/de\/uhr-mit-zahnradern-glanzendes-silber-53cm\/","og_site_name":"Eliassen.nl","article_publisher":"https:\/\/www.facebook.com\/TuincentrumEliassenAmmerzoden","article_modified_time":"2025-10-21T14:25:39+00:00","og_image":[{"width":650,"height":487,"url":"https:\/\/www.eliassen.nl\/wp-content\/uploads\/2024\/01\/eliassenklokmettandwielenshinysilver53cm.jpg","type":"image\/jpeg"}],"twitter_card":"summary_large_image","schema":{"@context":"https:\/\/schema.org","@graph":[{"@type":"WebPage","@id":"https:\/\/www.eliassen.nl\/de\/uhr-mit-zahnradern-glanzendes-silber-53cm\/","url":"https:\/\/www.eliassen.nl\/de\/uhr-mit-zahnradern-glanzendes-silber-53cm\/","name":"Uhr mit Zahnr\u00e4dern Gl\u00e4nzend Silber 53cm | Eliassen","isPartOf":{"@id":"https:\/\/www.eliassen.nl\/de\/#website"},"primaryImageOfPage":{"@id":"https:\/\/www.eliassen.nl\/de\/uhr-mit-zahnradern-glanzendes-silber-53cm\/#primaryimage"},"image":{"@id":"https:\/\/www.eliassen.nl\/de\/uhr-mit-zahnradern-glanzendes-silber-53cm\/#primaryimage"},"thumbnailUrl":"https:\/\/www.eliassen.nl\/wp-content\/uploads\/2024\/01\/eliassenklokmettandwielenshinysilver53cm.jpg","datePublished":"2020-10-21T12:18:03+00:00","dateModified":"2025-10-21T14:25:39+00:00","description":"Bei Eliassen k\u00f6nnen Sie die Uhr mit Zahnr\u00e4dern Shiny silver 53cm online kaufen oder live im Ausstellungsraum betrachten. Wir haben die sch\u00f6nsten Wanddekorationen, Wanduhren","breadcrumb":{"@id":"https:\/\/www.eliassen.nl\/de\/uhr-mit-zahnradern-glanzendes-silber-53cm\/#breadcrumb"},"inLanguage":"de","potentialAction":[{"@type":"ReadAction","target":["https:\/\/www.eliassen.nl\/de\/uhr-mit-zahnradern-glanzendes-silber-53cm\/"]}]},{"@type":"ImageObject","inLanguage":"de","@id":"https:\/\/www.eliassen.nl\/de\/uhr-mit-zahnradern-glanzendes-silber-53cm\/#primaryimage","url":"https:\/\/www.eliassen.nl\/wp-content\/uploads\/2024\/01\/eliassenklokmettandwielenshinysilver53cm.jpg","contentUrl":"https:\/\/www.eliassen.nl\/wp-content\/uploads\/2024\/01\/eliassenklokmettandwielenshinysilver53cm.jpg","width":650,"height":487,"caption":"Eliassen Uhr mit Zahnr\u00e4dern Gl\u00e4nzend Silber 53cm"},{"@type":"BreadcrumbList","@id":"https:\/\/www.eliassen.nl\/de\/uhr-mit-zahnradern-glanzendes-silber-53cm\/#breadcrumb","itemListElement":[{"@type":"ListItem","position":1,"name":"Home","item":"https:\/\/www.eliassen.nl\/de\/"},{"@type":"ListItem","position":2,"name":"Shop","item":"https:\/\/www.eliassen.nl\/de\/shop\/"},{"@type":"ListItem","position":3,"name":"Wanddekoration","item":"https:\/\/www.eliassen.nl\/de\/wanddekoration\/"},{"@type":"ListItem","position":4,"name":"Wanduhren","item":"https:\/\/www.eliassen.nl\/de\/wanddekoration\/wanduhren\/"},{"@type":"ListItem","position":5,"name":"Uhr mit Zahnr\u00e4dern Gl\u00e4nzend Silber 53cm"}]},{"@type":"WebSite","@id":"https:\/\/www.eliassen.nl\/de\/#website","url":"https:\/\/www.eliassen.nl\/de\/","name":"Eliassen Home & Garden Pleasure","description":"","publisher":{"@id":"https:\/\/www.eliassen.nl\/de\/#organization"},"alternateName":"Eliassen.nl","potentialAction":[{"@type":"SearchAction","target":{"@type":"EntryPoint","urlTemplate":"https:\/\/www.eliassen.nl\/de\/?s={search_term_string}"},"query-input":{"@type":"PropertyValueSpecification","valueRequired":true,"valueName":"search_term_string"}}],"inLanguage":"de"},{"@type":["Organization","Place"],"@id":"https:\/\/www.eliassen.nl\/de\/#organization","name":"Eliassen Home & Garden Pleasure","url":"https:\/\/www.eliassen.nl\/de\/","logo":{"@id":"https:\/\/www.eliassen.nl\/de\/uhr-mit-zahnradern-glanzendes-silber-53cm\/#local-main-organization-logo"},"image":{"@id":"https:\/\/www.eliassen.nl\/de\/uhr-mit-zahnradern-glanzendes-silber-53cm\/#local-main-organization-logo"},"sameAs":["https:\/\/www.facebook.com\/TuincentrumEliassenAmmerzoden","https:\/\/www.instagram.com\/eliassenhomeandgarden\/","https:\/\/nl.pinterest.com\/eliassenhomeandgarden\/","https:\/\/www.youtube.com\/@eliassenhomegardenpleasure4558"],"telephone":[],"openingHoursSpecification":[{"@type":"OpeningHoursSpecification","dayOfWeek":["Monday","Tuesday","Wednesday","Thursday","Friday","Saturday","Sunday"],"opens":"09:00","closes":"17:00"}]},{"@type":"ImageObject","inLanguage":"de","@id":"https:\/\/www.eliassen.nl\/de\/uhr-mit-zahnradern-glanzendes-silber-53cm\/#local-main-organization-logo","url":"https:\/\/www.eliassen.nl\/wp-content\/uploads\/2024\/01\/logo_4nd.jpg","contentUrl":"https:\/\/www.eliassen.nl\/wp-content\/uploads\/2024\/01\/logo_4nd.jpg","width":500,"height":500,"caption":"Eliassen Home & Garden Pleasure"}]},"product_price_amount":"25.00","product_price_currency":"EUR","og_availability":"instock","product_availability":"instock","product_retailer_item_id":"G6050071 actie","product_condition":"new"},"df_price":25,"df_sale_price":25,"df_regular_price":89.5,"df_image_link":"https:\/\/www.eliassen.nl\/wp-content\/uploads\/2024\/01\/eliassenklokmettandwielenshinysilver53cm.jpg","image":"https:\/\/www.eliassen.nl\/wp-content\/uploads\/2024\/01\/eliassenklokmettandwielenshinysilver53cm.jpg","price_search":"<span class=\"woocommerce-Price-amount amount\"><bdi><span class=\"woocommerce-Price-currencySymbol\">&euro;<\/span>&nbsp;25,00<\/bdi><\/span>","category":"Wanddekoration","global_unique_id":"8719716050071","_links":{"self":[{"href":"https:\/\/www.eliassen.nl\/de\/wp-json\/wp\/v2\/product\/25864","targetHints":{"allow":["GET"]}}],"collection":[{"href":"https:\/\/www.eliassen.nl\/de\/wp-json\/wp\/v2\/product"}],"about":[{"href":"https:\/\/www.eliassen.nl\/de\/wp-json\/wp\/v2\/types\/product"}],"wp:featuredmedia":[{"embeddable":true,"href":"https:\/\/www.eliassen.nl\/de\/wp-json\/wp\/v2\/media\/25849"}],"wp:attachment":[{"href":"https:\/\/www.eliassen.nl\/de\/wp-json\/wp\/v2\/media?parent=25864"}],"wp:term":[{"taxonomy":"product_brand","embeddable":true,"href":"https:\/\/www.eliassen.nl\/de\/wp-json\/wp\/v2\/product_brand?post=25864"},{"taxonomy":"product_cat","embeddable":true,"href":"https:\/\/www.eliassen.nl\/de\/wp-json\/wp\/v2\/product_cat?post=25864"},{"taxonomy":"product_tag","embeddable":true,"href":"https:\/\/www.eliassen.nl\/de\/wp-json\/wp\/v2\/product_tag?post=25864"}],"curies":[{"name":"wp","href":"https:\/\/api.w.org\/{rel}","templated":true}]}}