{"id":25846,"date":"2020-10-21T09:21:55","date_gmt":"2020-10-21T09:21:55","guid":{"rendered":"https:\/\/www.eliassen.nl\/?product=grote-zonnewijzer-brons-90cm"},"modified":"2026-01-16T13:51:33","modified_gmt":"2026-01-16T12:51:33","slug":"grosse-sonnenuhr-bronze-90cm","status":"publish","type":"product","link":"https:\/\/www.eliassen.nl\/de\/grosse-sonnenuhr-bronze-90cm\/","title":{"rendered":"Gro\u00dfe Sonnenuhr Bronze 90cm"},"content":{"rendered":"<p>Versch\u00f6nern Sie Ihren Garten oder Ihre Innenr\u00e4ume mit einer Sonnenuhr aus Bronze. Das authentische Aussehen dieser Sonnenuhr ist ein wahrer Genuss, wenn Sie authentische Statuen und Sonnenuhren aus Bronze, Messing oder Kupfer m\u00f6gen.<\/p>\n<p><em>Wie funktionieren die Sonnenuhren?<\/em><\/p>\n<p>Eine Sonnenuhr ist ein Hilfsmittel zur Anzeige der Uhrzeit anhand der Sonne. Dies kann z.B. in Form eines Flugzeugs oder einer Scheibe sein.<\/p>\n<p>Der Kupfergehalt dieser Bronzesonnenuhr betr\u00e4gt mindestens 75%. Dies garantiert eine sehr lange Lebensdauer. Die meisten Statuen haben an der Unterseite ein M8-Gewinde, mit dem Sie die Statue z.B. an einer S\u00e4ule befestigen k\u00f6nnen.<\/p>\n<p>Wir haben eine gro\u00dfe Auswahl an verschiedenen Bronze-Sonnenuhren. Diese k\u00f6nnen Sie sowohl auf der Website als auch in unserem Ausstellungsraum besichtigen!<\/p>\n<ul>\n<li>Ma\u00dfe: 51x62x90cm hoch. Fu\u00dfdurchmesser 24cm.<\/li>\n<li>Material: Bronze<\/li>\n<li>Gewicht: 13,5 KG<\/li>\n<\/ul>\n","protected":false},"excerpt":{"rendered":"<p>Bronze-Sonnenuhr<\/p>\n","protected":false},"featured_media":25837,"template":"","meta":{"_acf_changed":false,"_genesis_title":"","_genesis_description":""},"product_brand":[7505],"product_cat":[647,613,755,752,7239],"product_tag":[],"class_list":{"0":"post-25846","1":"product","2":"type-product","3":"status-publish","4":"has-post-thumbnail","6":"product_brand-sonstige","7":"product_cat-bronzene-sonnenuhren","8":"product_cat-bronzestatuen","9":"product_cat-sonnenuhren","10":"product_cat-weitere-artikel","11":"product_cat-bilder","13":"first","14":"onbackorder","15":"taxable","16":"shipping-taxable","17":"purchasable","18":"product-type-simple"},"acf":[],"meta_all":{"total_sales":"2","wcml_sync_hash":{"postmeta_fields":"795a253db4b0496726e8cd7385924086"},"attr_label_translations":[],"cor_restricted_countries":[]},"meta_all_flat":{"total_sales":"2","wcml_sync_hash.postmeta_fields":"795a253db4b0496726e8cd7385924086"},"yoast_head":"<!-- This site is optimized with the Yoast SEO Premium plugin v26.2 (Yoast SEO v27.2) - https:\/\/yoast.com\/product\/yoast-seo-premium-wordpress\/ -->\n<title>Gro\u00dfe Sonnenuhr Bronze 90cm | Eliassen.nl<\/title>\n<meta name=\"description\" content=\"Suchen Sie eine Sonnenuhr? Bestellen Sie jetzt gro\u00dfe Sonnenuhr Bronze. Kaufen Sie Sonnenuhren aus Bronze einfach auf unserer Website. Gro\u00dfe Auswahl \u2713 Schnelle Lieferung\" \/>\n<meta name=\"robots\" content=\"index, follow, max-snippet:-1, max-image-preview:large, max-video-preview:-1\" \/>\n<link rel=\"canonical\" href=\"https:\/\/www.eliassen.nl\/de\/grosse-sonnenuhr-bronze-90cm\/\" \/>\n<meta property=\"og:locale\" content=\"de_DE\" \/>\n<meta property=\"og:type\" content=\"article\" \/>\n<meta property=\"og:title\" content=\"Sonstige Gro\u00dfe Sonnenuhr Bronze 90cm - Eliassen.nl\" \/>\n<meta property=\"og:description\" content=\"Suchen Sie eine Sonnenuhr? Bestellen Sie jetzt gro\u00dfe Sonnenuhr Bronze. Kaufen Sie Sonnenuhren aus Bronze einfach auf unserer Website. Gro\u00dfe Auswahl \u2713 Schnelle Lieferung\" \/>\n<meta property=\"og:url\" content=\"https:\/\/www.eliassen.nl\/de\/grosse-sonnenuhr-bronze-90cm\/\" \/>\n<meta property=\"og:site_name\" content=\"Eliassen.nl\" \/>\n<meta property=\"article:publisher\" content=\"https:\/\/www.facebook.com\/TuincentrumEliassenAmmerzoden\" \/>\n<meta property=\"article:modified_time\" content=\"2026-01-16T12:51:33+00:00\" \/>\n<meta property=\"og:image\" content=\"https:\/\/www.eliassen.nl\/wp-content\/uploads\/2024\/01\/grotezonnewijzerbrons90cmga0387eliassennl.jpg\" \/>\n\t<meta property=\"og:image:width\" content=\"2048\" \/>\n\t<meta property=\"og:image:height\" content=\"1536\" \/>\n\t<meta property=\"og:image:type\" content=\"image\/jpeg\" \/>\n<meta name=\"twitter:card\" content=\"summary_large_image\" \/>\n<script type=\"application\/ld+json\" class=\"yoast-schema-graph\">{\"@context\":\"https:\/\/schema.org\",\"@graph\":[{\"@type\":\"WebPage\",\"@id\":\"https:\/\/www.eliassen.nl\/de\/grosse-sonnenuhr-bronze-90cm\/\",\"url\":\"https:\/\/www.eliassen.nl\/de\/grosse-sonnenuhr-bronze-90cm\/\",\"name\":\"Gro\u00dfe Sonnenuhr Bronze 90cm | Eliassen.nl\",\"isPartOf\":{\"@id\":\"https:\/\/www.eliassen.nl\/de\/#website\"},\"primaryImageOfPage\":{\"@id\":\"https:\/\/www.eliassen.nl\/de\/grosse-sonnenuhr-bronze-90cm\/#primaryimage\"},\"image\":{\"@id\":\"https:\/\/www.eliassen.nl\/de\/grosse-sonnenuhr-bronze-90cm\/#primaryimage\"},\"thumbnailUrl\":\"https:\/\/www.eliassen.nl\/wp-content\/uploads\/2024\/01\/grotezonnewijzerbrons90cmga0387eliassennl.jpg\",\"datePublished\":\"2020-10-21T09:21:55+00:00\",\"dateModified\":\"2026-01-16T12:51:33+00:00\",\"description\":\"Suchen Sie eine Sonnenuhr? Bestellen Sie jetzt gro\u00dfe Sonnenuhr Bronze. Kaufen Sie Sonnenuhren aus Bronze einfach auf unserer Website. Gro\u00dfe Auswahl \u2713 Schnelle Lieferung\",\"breadcrumb\":{\"@id\":\"https:\/\/www.eliassen.nl\/de\/grosse-sonnenuhr-bronze-90cm\/#breadcrumb\"},\"inLanguage\":\"de\",\"potentialAction\":[{\"@type\":\"ReadAction\",\"target\":[\"https:\/\/www.eliassen.nl\/de\/grosse-sonnenuhr-bronze-90cm\/\"]}]},{\"@type\":\"ImageObject\",\"inLanguage\":\"de\",\"@id\":\"https:\/\/www.eliassen.nl\/de\/grosse-sonnenuhr-bronze-90cm\/#primaryimage\",\"url\":\"https:\/\/www.eliassen.nl\/wp-content\/uploads\/2024\/01\/grotezonnewijzerbrons90cmga0387eliassennl.jpg\",\"contentUrl\":\"https:\/\/www.eliassen.nl\/wp-content\/uploads\/2024\/01\/grotezonnewijzerbrons90cmga0387eliassennl.jpg\",\"width\":2048,\"height\":1536,\"caption\":\"Gro\u00dfe Sonnenuhr Bronze 90cm Ga0387 - Eliassen.nl\"},{\"@type\":\"BreadcrumbList\",\"@id\":\"https:\/\/www.eliassen.nl\/de\/grosse-sonnenuhr-bronze-90cm\/#breadcrumb\",\"itemListElement\":[{\"@type\":\"ListItem\",\"position\":1,\"name\":\"Home\",\"item\":\"https:\/\/www.eliassen.nl\/de\/\"},{\"@type\":\"ListItem\",\"position\":2,\"name\":\"Shop\",\"item\":\"https:\/\/www.eliassen.nl\/de\/shop\/\"},{\"@type\":\"ListItem\",\"position\":3,\"name\":\"Bronzestatuen\",\"item\":\"https:\/\/www.eliassen.nl\/de\/bronzestatuen\/\"},{\"@type\":\"ListItem\",\"position\":4,\"name\":\"Bronzene Sonnenuhren\",\"item\":\"https:\/\/www.eliassen.nl\/de\/bilder\/bronzestatuen\/bronzene-sonnenuhren\/\"},{\"@type\":\"ListItem\",\"position\":5,\"name\":\"Gro\u00dfe Sonnenuhr Bronze 90cm\"}]},{\"@type\":\"WebSite\",\"@id\":\"https:\/\/www.eliassen.nl\/de\/#website\",\"url\":\"https:\/\/www.eliassen.nl\/de\/\",\"name\":\"Eliassen Home & Garden Pleasure\",\"description\":\"\",\"publisher\":{\"@id\":\"https:\/\/www.eliassen.nl\/de\/#organization\"},\"alternateName\":\"Eliassen.nl\",\"potentialAction\":[{\"@type\":\"SearchAction\",\"target\":{\"@type\":\"EntryPoint\",\"urlTemplate\":\"https:\/\/www.eliassen.nl\/de\/?s={search_term_string}\"},\"query-input\":{\"@type\":\"PropertyValueSpecification\",\"valueRequired\":true,\"valueName\":\"search_term_string\"}}],\"inLanguage\":\"de\"},{\"@type\":[\"Organization\",\"Place\"],\"@id\":\"https:\/\/www.eliassen.nl\/de\/#organization\",\"name\":\"Eliassen Home & Garden Pleasure\",\"url\":\"https:\/\/www.eliassen.nl\/de\/\",\"logo\":{\"@id\":\"https:\/\/www.eliassen.nl\/de\/grosse-sonnenuhr-bronze-90cm\/#local-main-organization-logo\"},\"image\":{\"@id\":\"https:\/\/www.eliassen.nl\/de\/grosse-sonnenuhr-bronze-90cm\/#local-main-organization-logo\"},\"sameAs\":[\"https:\/\/www.facebook.com\/TuincentrumEliassenAmmerzoden\",\"https:\/\/www.instagram.com\/eliassenhomeandgarden\/\",\"https:\/\/nl.pinterest.com\/eliassenhomeandgarden\/\",\"https:\/\/www.youtube.com\/@eliassenhomegardenpleasure4558\"],\"telephone\":[],\"openingHoursSpecification\":[{\"@type\":\"OpeningHoursSpecification\",\"dayOfWeek\":[\"Monday\",\"Tuesday\",\"Wednesday\",\"Thursday\",\"Friday\",\"Saturday\",\"Sunday\"],\"opens\":\"09:00\",\"closes\":\"17:00\"}]},{\"@type\":\"ImageObject\",\"inLanguage\":\"de\",\"@id\":\"https:\/\/www.eliassen.nl\/de\/grosse-sonnenuhr-bronze-90cm\/#local-main-organization-logo\",\"url\":\"https:\/\/www.eliassen.nl\/wp-content\/uploads\/2024\/01\/logo_4nd.jpg\",\"contentUrl\":\"https:\/\/www.eliassen.nl\/wp-content\/uploads\/2024\/01\/logo_4nd.jpg\",\"width\":500,\"height\":500,\"caption\":\"Eliassen Home & Garden Pleasure\"}]}<\/script>\n<meta property=\"product:price:amount\" content=\"1699.00\" \/>\n<meta property=\"product:price:currency\" content=\"EUR\" \/>\n<meta property=\"og:availability\" content=\"backorder\" \/>\n<meta property=\"product:availability\" content=\"available for order\" \/>\n<meta property=\"product:retailer_item_id\" content=\"Ga0387-2\" \/>\n<meta property=\"product:condition\" content=\"new\" \/>\n<!-- \/ Yoast SEO Premium plugin. -->","yoast_head_json":{"title":"Gro\u00dfe Sonnenuhr Bronze 90cm | Eliassen.nl","description":"Suchen Sie eine Sonnenuhr? Bestellen Sie jetzt gro\u00dfe Sonnenuhr Bronze. Kaufen Sie Sonnenuhren aus Bronze einfach auf unserer Website. Gro\u00dfe Auswahl \u2713 Schnelle Lieferung","robots":{"index":"index","follow":"follow","max-snippet":"max-snippet:-1","max-image-preview":"max-image-preview:large","max-video-preview":"max-video-preview:-1"},"canonical":"https:\/\/www.eliassen.nl\/de\/grosse-sonnenuhr-bronze-90cm\/","og_locale":"de_DE","og_type":"article","og_title":"Sonstige Gro\u00dfe Sonnenuhr Bronze 90cm - Eliassen.nl","og_description":"Suchen Sie eine Sonnenuhr? Bestellen Sie jetzt gro\u00dfe Sonnenuhr Bronze. Kaufen Sie Sonnenuhren aus Bronze einfach auf unserer Website. Gro\u00dfe Auswahl \u2713 Schnelle Lieferung","og_url":"https:\/\/www.eliassen.nl\/de\/grosse-sonnenuhr-bronze-90cm\/","og_site_name":"Eliassen.nl","article_publisher":"https:\/\/www.facebook.com\/TuincentrumEliassenAmmerzoden","article_modified_time":"2026-01-16T12:51:33+00:00","og_image":[{"width":2048,"height":1536,"url":"https:\/\/www.eliassen.nl\/wp-content\/uploads\/2024\/01\/grotezonnewijzerbrons90cmga0387eliassennl.jpg","type":"image\/jpeg"}],"twitter_card":"summary_large_image","schema":{"@context":"https:\/\/schema.org","@graph":[{"@type":"WebPage","@id":"https:\/\/www.eliassen.nl\/de\/grosse-sonnenuhr-bronze-90cm\/","url":"https:\/\/www.eliassen.nl\/de\/grosse-sonnenuhr-bronze-90cm\/","name":"Gro\u00dfe Sonnenuhr Bronze 90cm | Eliassen.nl","isPartOf":{"@id":"https:\/\/www.eliassen.nl\/de\/#website"},"primaryImageOfPage":{"@id":"https:\/\/www.eliassen.nl\/de\/grosse-sonnenuhr-bronze-90cm\/#primaryimage"},"image":{"@id":"https:\/\/www.eliassen.nl\/de\/grosse-sonnenuhr-bronze-90cm\/#primaryimage"},"thumbnailUrl":"https:\/\/www.eliassen.nl\/wp-content\/uploads\/2024\/01\/grotezonnewijzerbrons90cmga0387eliassennl.jpg","datePublished":"2020-10-21T09:21:55+00:00","dateModified":"2026-01-16T12:51:33+00:00","description":"Suchen Sie eine Sonnenuhr? Bestellen Sie jetzt gro\u00dfe Sonnenuhr Bronze. Kaufen Sie Sonnenuhren aus Bronze einfach auf unserer Website. Gro\u00dfe Auswahl \u2713 Schnelle Lieferung","breadcrumb":{"@id":"https:\/\/www.eliassen.nl\/de\/grosse-sonnenuhr-bronze-90cm\/#breadcrumb"},"inLanguage":"de","potentialAction":[{"@type":"ReadAction","target":["https:\/\/www.eliassen.nl\/de\/grosse-sonnenuhr-bronze-90cm\/"]}]},{"@type":"ImageObject","inLanguage":"de","@id":"https:\/\/www.eliassen.nl\/de\/grosse-sonnenuhr-bronze-90cm\/#primaryimage","url":"https:\/\/www.eliassen.nl\/wp-content\/uploads\/2024\/01\/grotezonnewijzerbrons90cmga0387eliassennl.jpg","contentUrl":"https:\/\/www.eliassen.nl\/wp-content\/uploads\/2024\/01\/grotezonnewijzerbrons90cmga0387eliassennl.jpg","width":2048,"height":1536,"caption":"Gro\u00dfe Sonnenuhr Bronze 90cm Ga0387 - Eliassen.nl"},{"@type":"BreadcrumbList","@id":"https:\/\/www.eliassen.nl\/de\/grosse-sonnenuhr-bronze-90cm\/#breadcrumb","itemListElement":[{"@type":"ListItem","position":1,"name":"Home","item":"https:\/\/www.eliassen.nl\/de\/"},{"@type":"ListItem","position":2,"name":"Shop","item":"https:\/\/www.eliassen.nl\/de\/shop\/"},{"@type":"ListItem","position":3,"name":"Bronzestatuen","item":"https:\/\/www.eliassen.nl\/de\/bronzestatuen\/"},{"@type":"ListItem","position":4,"name":"Bronzene Sonnenuhren","item":"https:\/\/www.eliassen.nl\/de\/bilder\/bronzestatuen\/bronzene-sonnenuhren\/"},{"@type":"ListItem","position":5,"name":"Gro\u00dfe Sonnenuhr Bronze 90cm"}]},{"@type":"WebSite","@id":"https:\/\/www.eliassen.nl\/de\/#website","url":"https:\/\/www.eliassen.nl\/de\/","name":"Eliassen Home & Garden Pleasure","description":"","publisher":{"@id":"https:\/\/www.eliassen.nl\/de\/#organization"},"alternateName":"Eliassen.nl","potentialAction":[{"@type":"SearchAction","target":{"@type":"EntryPoint","urlTemplate":"https:\/\/www.eliassen.nl\/de\/?s={search_term_string}"},"query-input":{"@type":"PropertyValueSpecification","valueRequired":true,"valueName":"search_term_string"}}],"inLanguage":"de"},{"@type":["Organization","Place"],"@id":"https:\/\/www.eliassen.nl\/de\/#organization","name":"Eliassen Home & Garden Pleasure","url":"https:\/\/www.eliassen.nl\/de\/","logo":{"@id":"https:\/\/www.eliassen.nl\/de\/grosse-sonnenuhr-bronze-90cm\/#local-main-organization-logo"},"image":{"@id":"https:\/\/www.eliassen.nl\/de\/grosse-sonnenuhr-bronze-90cm\/#local-main-organization-logo"},"sameAs":["https:\/\/www.facebook.com\/TuincentrumEliassenAmmerzoden","https:\/\/www.instagram.com\/eliassenhomeandgarden\/","https:\/\/nl.pinterest.com\/eliassenhomeandgarden\/","https:\/\/www.youtube.com\/@eliassenhomegardenpleasure4558"],"telephone":[],"openingHoursSpecification":[{"@type":"OpeningHoursSpecification","dayOfWeek":["Monday","Tuesday","Wednesday","Thursday","Friday","Saturday","Sunday"],"opens":"09:00","closes":"17:00"}]},{"@type":"ImageObject","inLanguage":"de","@id":"https:\/\/www.eliassen.nl\/de\/grosse-sonnenuhr-bronze-90cm\/#local-main-organization-logo","url":"https:\/\/www.eliassen.nl\/wp-content\/uploads\/2024\/01\/logo_4nd.jpg","contentUrl":"https:\/\/www.eliassen.nl\/wp-content\/uploads\/2024\/01\/logo_4nd.jpg","width":500,"height":500,"caption":"Eliassen Home & Garden Pleasure"}]},"product_price_amount":"1699.00","product_price_currency":"EUR","og_availability":"backorder","product_availability":"available for order","product_retailer_item_id":"Ga0387-2","product_condition":"new"},"df_price":1699,"df_sale_price":"","df_regular_price":1699,"df_image_link":"https:\/\/www.eliassen.nl\/wp-content\/uploads\/2024\/01\/grotezonnewijzerbrons90cmga0387eliassennl.jpg","image":"https:\/\/www.eliassen.nl\/wp-content\/uploads\/2024\/01\/grotezonnewijzerbrons90cmga0387eliassennl.jpg","price_search":"<span class=\"woocommerce-Price-amount amount\"><bdi><span class=\"woocommerce-Price-currencySymbol\">&euro;<\/span>&nbsp;1.699,00<\/bdi><\/span>","category":"Bronzene Sonnenuhren","global_unique_id":"5410807903872","_links":{"self":[{"href":"https:\/\/www.eliassen.nl\/de\/wp-json\/wp\/v2\/product\/25846","targetHints":{"allow":["GET"]}}],"collection":[{"href":"https:\/\/www.eliassen.nl\/de\/wp-json\/wp\/v2\/product"}],"about":[{"href":"https:\/\/www.eliassen.nl\/de\/wp-json\/wp\/v2\/types\/product"}],"wp:featuredmedia":[{"embeddable":true,"href":"https:\/\/www.eliassen.nl\/de\/wp-json\/wp\/v2\/media\/25837"}],"wp:attachment":[{"href":"https:\/\/www.eliassen.nl\/de\/wp-json\/wp\/v2\/media?parent=25846"}],"wp:term":[{"taxonomy":"product_brand","embeddable":true,"href":"https:\/\/www.eliassen.nl\/de\/wp-json\/wp\/v2\/product_brand?post=25846"},{"taxonomy":"product_cat","embeddable":true,"href":"https:\/\/www.eliassen.nl\/de\/wp-json\/wp\/v2\/product_cat?post=25846"},{"taxonomy":"product_tag","embeddable":true,"href":"https:\/\/www.eliassen.nl\/de\/wp-json\/wp\/v2\/product_tag?post=25846"}],"curies":[{"name":"wp","href":"https:\/\/api.w.org\/{rel}","templated":true}]}}