{"id":25738,"date":"2020-10-15T14:09:58","date_gmt":"2020-10-15T14:09:58","guid":{"rendered":"https:\/\/www.eliassen.nl\/?product=ledset-3-delig-voor-waterornamenten"},"modified":"2025-12-08T16:46:02","modified_gmt":"2025-12-08T15:46:02","slug":"led-set-3-teilig-fur-wasserspiele","status":"publish","type":"product","link":"https:\/\/www.eliassen.nl\/de\/led-set-3-teilig-fur-wasserspiele\/","title":{"rendered":"LED-Set 3-teilig f\u00fcr Wasserornamente"},"content":{"rendered":"<p>LED-Leuchte 3-teilig mit 6 LEDs pro Einheit, 31mm Durchmesser, um alte LEDs zu ersetzen oder einfach nur, wenn Sie etwas mit Wasser beleuchten m\u00f6chten. Schlauchanschluss 1\/2 Zoll. Das Set besteht aus 3x LED-Einheiten mit je 1,5 m Kabel. Die Kabell\u00e4nge vom Transformator betr\u00e4gt 500 cm mit einem 3-Wege-Stecker am Ende.<\/p>\n<p><strong>W\u00e4hlen Sie hier oben Ihre Version aus.<\/strong><\/p>\n<ul>\n<li>Lange Kabell\u00e4nge, 6,5 Meter vom Transformator zur LED.<\/li>\n<li>Lichtfarbe Warmwei\u00df<\/li>\n<li>Leistungsaufnahme pro LED-Einheit 0,5 W<\/li>\n<li>Sichere 12Volt Spannung<\/li>\n<li>Garantie 1 Jahr<\/li>\n<\/ul>\n","protected":false},"excerpt":{"rendered":"<p>LED-Leuchte 3-teilig mit 6 LEDs pro Einheit, 31mm Durchmesser, um alte LEDs zu ersetzen oder einfach nur, wenn Sie etwas mit Wasser beleuchten m\u00f6chten. Schlauchanschluss 1\/2 Zoll. Das Set besteht aus 3x LED-Einheiten mit je 1,5 m Kabel. Die Kabell\u00e4nge vom Transformator betr\u00e4gt 500 cm mit einem 3-Wege-Stecker am Ende. W\u00e4hlen Sie hier oben Ihre &hellip;<\/p>\n","protected":false},"featured_media":25726,"template":"","meta":{"_acf_changed":false,"_genesis_title":"","_genesis_description":""},"product_brand":[6916],"product_cat":[545,536],"product_tag":[],"class_list":{"0":"post-25738","1":"product","2":"type-product","3":"status-publish","4":"has-post-thumbnail","6":"product_brand-eliassen-de","7":"product_cat-teile-wasserspiele","8":"product_cat-wassereigenschaften","10":"first","11":"instock","12":"taxable","13":"shipping-taxable","14":"purchasable","15":"product-type-simple"},"acf":[],"meta_all":{"total_sales":"43","wcml_sync_hash":{"postmeta_fields":"89e84cfea8f9fa00f6ada2389d67bcda"},"attr_label_translations":[],"cor_restricted_countries":[]},"meta_all_flat":{"total_sales":"43","wcml_sync_hash.postmeta_fields":"89e84cfea8f9fa00f6ada2389d67bcda"},"yoast_head":"<!-- This site is optimized with the Yoast SEO Premium plugin v26.2 (Yoast SEO v27.2) - https:\/\/yoast.com\/product\/yoast-seo-premium-wordpress\/ -->\n<title>LED-Set 3-teilig f\u00fcr Wasserornamente<\/title>\n<meta name=\"description\" content=\"Suchen Sie ein LED-Set? Bestellen Sie jetzt Ledset 3-teilig f\u00fcr Wasserornamente. Kaufen Sie Wasserornamente einfach auf unserer Website. Gro\u00dfe Auswahl \u2713 Schnelle Lieferung\" \/>\n<meta name=\"robots\" content=\"index, follow, max-snippet:-1, max-image-preview:large, max-video-preview:-1\" \/>\n<link rel=\"canonical\" href=\"https:\/\/www.eliassen.nl\/de\/led-set-3-teilig-fur-wasserspiele\/\" \/>\n<meta property=\"og:locale\" content=\"de_DE\" \/>\n<meta property=\"og:type\" content=\"article\" \/>\n<meta property=\"og:title\" content=\"Eliassen LED-Set 3-teilig f\u00fcr Wasserornamente - Eliassen.nl\" \/>\n<meta property=\"og:description\" content=\"Suchen Sie ein LED-Set? Bestellen Sie jetzt Ledset 3-teilig f\u00fcr Wasserornamente. Kaufen Sie Wasserornamente einfach auf unserer Website. Gro\u00dfe Auswahl \u2713 Schnelle Lieferung\" \/>\n<meta property=\"og:url\" content=\"https:\/\/www.eliassen.nl\/de\/led-set-3-teilig-fur-wasserspiele\/\" \/>\n<meta property=\"og:site_name\" content=\"Eliassen.nl\" \/>\n<meta property=\"article:publisher\" content=\"https:\/\/www.facebook.com\/TuincentrumEliassenAmmerzoden\" \/>\n<meta property=\"article:modified_time\" content=\"2025-12-08T15:46:02+00:00\" \/>\n<meta property=\"og:image\" content=\"https:\/\/www.eliassen.nl\/wp-content\/uploads\/2024\/01\/qq20230327113216.jpg\" \/>\n\t<meta property=\"og:image:width\" content=\"2048\" \/>\n\t<meta property=\"og:image:height\" content=\"1536\" \/>\n\t<meta property=\"og:image:type\" content=\"image\/jpeg\" \/>\n<meta name=\"twitter:card\" content=\"summary_large_image\" \/>\n<script type=\"application\/ld+json\" class=\"yoast-schema-graph\">{\"@context\":\"https:\/\/schema.org\",\"@graph\":[{\"@type\":\"WebPage\",\"@id\":\"https:\/\/www.eliassen.nl\/de\/led-set-3-teilig-fur-wasserspiele\/\",\"url\":\"https:\/\/www.eliassen.nl\/de\/led-set-3-teilig-fur-wasserspiele\/\",\"name\":\"LED-Set 3-teilig f\u00fcr Wasserornamente\",\"isPartOf\":{\"@id\":\"https:\/\/www.eliassen.nl\/de\/#website\"},\"primaryImageOfPage\":{\"@id\":\"https:\/\/www.eliassen.nl\/de\/led-set-3-teilig-fur-wasserspiele\/#primaryimage\"},\"image\":{\"@id\":\"https:\/\/www.eliassen.nl\/de\/led-set-3-teilig-fur-wasserspiele\/#primaryimage\"},\"thumbnailUrl\":\"https:\/\/www.eliassen.nl\/wp-content\/uploads\/2024\/01\/qq20230327113216.jpg\",\"datePublished\":\"2020-10-15T14:09:58+00:00\",\"dateModified\":\"2025-12-08T15:46:02+00:00\",\"description\":\"Suchen Sie ein LED-Set? Bestellen Sie jetzt Ledset 3-teilig f\u00fcr Wasserornamente. Kaufen Sie Wasserornamente einfach auf unserer Website. Gro\u00dfe Auswahl \u2713 Schnelle Lieferung\",\"breadcrumb\":{\"@id\":\"https:\/\/www.eliassen.nl\/de\/led-set-3-teilig-fur-wasserspiele\/#breadcrumb\"},\"inLanguage\":\"de\",\"potentialAction\":[{\"@type\":\"ReadAction\",\"target\":[\"https:\/\/www.eliassen.nl\/de\/led-set-3-teilig-fur-wasserspiele\/\"]}]},{\"@type\":\"ImageObject\",\"inLanguage\":\"de\",\"@id\":\"https:\/\/www.eliassen.nl\/de\/led-set-3-teilig-fur-wasserspiele\/#primaryimage\",\"url\":\"https:\/\/www.eliassen.nl\/wp-content\/uploads\/2024\/01\/qq20230327113216.jpg\",\"contentUrl\":\"https:\/\/www.eliassen.nl\/wp-content\/uploads\/2024\/01\/qq20230327113216.jpg\",\"width\":2048,\"height\":1536,\"caption\":\"QQ\u56fe\u724720230327113216\"},{\"@type\":\"BreadcrumbList\",\"@id\":\"https:\/\/www.eliassen.nl\/de\/led-set-3-teilig-fur-wasserspiele\/#breadcrumb\",\"itemListElement\":[{\"@type\":\"ListItem\",\"position\":1,\"name\":\"Home\",\"item\":\"https:\/\/www.eliassen.nl\/de\/\"},{\"@type\":\"ListItem\",\"position\":2,\"name\":\"Shop\",\"item\":\"https:\/\/www.eliassen.nl\/de\/shop\/\"},{\"@type\":\"ListItem\",\"position\":3,\"name\":\"Wasserspiele\",\"item\":\"https:\/\/www.eliassen.nl\/de\/wassereigenschaften\/\"},{\"@type\":\"ListItem\",\"position\":4,\"name\":\"Teile Wasserspiele\",\"item\":\"https:\/\/www.eliassen.nl\/de\/wassereigenschaften\/teile-wasserspiele\/\"},{\"@type\":\"ListItem\",\"position\":5,\"name\":\"LED-Set 3-teilig f\u00fcr Wasserornamente\"}]},{\"@type\":\"WebSite\",\"@id\":\"https:\/\/www.eliassen.nl\/de\/#website\",\"url\":\"https:\/\/www.eliassen.nl\/de\/\",\"name\":\"Eliassen Home & Garden Pleasure\",\"description\":\"\",\"publisher\":{\"@id\":\"https:\/\/www.eliassen.nl\/de\/#organization\"},\"alternateName\":\"Eliassen.nl\",\"potentialAction\":[{\"@type\":\"SearchAction\",\"target\":{\"@type\":\"EntryPoint\",\"urlTemplate\":\"https:\/\/www.eliassen.nl\/de\/?s={search_term_string}\"},\"query-input\":{\"@type\":\"PropertyValueSpecification\",\"valueRequired\":true,\"valueName\":\"search_term_string\"}}],\"inLanguage\":\"de\"},{\"@type\":[\"Organization\",\"Place\"],\"@id\":\"https:\/\/www.eliassen.nl\/de\/#organization\",\"name\":\"Eliassen Home & Garden Pleasure\",\"url\":\"https:\/\/www.eliassen.nl\/de\/\",\"logo\":{\"@id\":\"https:\/\/www.eliassen.nl\/de\/led-set-3-teilig-fur-wasserspiele\/#local-main-organization-logo\"},\"image\":{\"@id\":\"https:\/\/www.eliassen.nl\/de\/led-set-3-teilig-fur-wasserspiele\/#local-main-organization-logo\"},\"sameAs\":[\"https:\/\/www.facebook.com\/TuincentrumEliassenAmmerzoden\",\"https:\/\/www.instagram.com\/eliassenhomeandgarden\/\",\"https:\/\/nl.pinterest.com\/eliassenhomeandgarden\/\",\"https:\/\/www.youtube.com\/@eliassenhomegardenpleasure4558\"],\"telephone\":[],\"openingHoursSpecification\":[{\"@type\":\"OpeningHoursSpecification\",\"dayOfWeek\":[\"Monday\",\"Tuesday\",\"Wednesday\",\"Thursday\",\"Friday\",\"Saturday\",\"Sunday\"],\"opens\":\"09:00\",\"closes\":\"17:00\"}]},{\"@type\":\"ImageObject\",\"inLanguage\":\"de\",\"@id\":\"https:\/\/www.eliassen.nl\/de\/led-set-3-teilig-fur-wasserspiele\/#local-main-organization-logo\",\"url\":\"https:\/\/www.eliassen.nl\/wp-content\/uploads\/2024\/01\/logo_4nd.jpg\",\"contentUrl\":\"https:\/\/www.eliassen.nl\/wp-content\/uploads\/2024\/01\/logo_4nd.jpg\",\"width\":500,\"height\":500,\"caption\":\"Eliassen Home & Garden Pleasure\"}]}<\/script>\n<meta property=\"product:price:amount\" content=\"49.50\" \/>\n<meta property=\"product:price:currency\" content=\"EUR\" \/>\n<meta property=\"og:availability\" content=\"instock\" \/>\n<meta property=\"product:availability\" content=\"instock\" \/>\n<meta property=\"product:retailer_item_id\" content=\"Ledset3d\" \/>\n<meta property=\"product:condition\" content=\"new\" \/>\n<!-- \/ Yoast SEO Premium plugin. -->","yoast_head_json":{"title":"LED-Set 3-teilig f\u00fcr Wasserornamente","description":"Suchen Sie ein LED-Set? Bestellen Sie jetzt Ledset 3-teilig f\u00fcr Wasserornamente. Kaufen Sie Wasserornamente einfach auf unserer Website. Gro\u00dfe Auswahl \u2713 Schnelle Lieferung","robots":{"index":"index","follow":"follow","max-snippet":"max-snippet:-1","max-image-preview":"max-image-preview:large","max-video-preview":"max-video-preview:-1"},"canonical":"https:\/\/www.eliassen.nl\/de\/led-set-3-teilig-fur-wasserspiele\/","og_locale":"de_DE","og_type":"article","og_title":"Eliassen LED-Set 3-teilig f\u00fcr Wasserornamente - Eliassen.nl","og_description":"Suchen Sie ein LED-Set? Bestellen Sie jetzt Ledset 3-teilig f\u00fcr Wasserornamente. Kaufen Sie Wasserornamente einfach auf unserer Website. Gro\u00dfe Auswahl \u2713 Schnelle Lieferung","og_url":"https:\/\/www.eliassen.nl\/de\/led-set-3-teilig-fur-wasserspiele\/","og_site_name":"Eliassen.nl","article_publisher":"https:\/\/www.facebook.com\/TuincentrumEliassenAmmerzoden","article_modified_time":"2025-12-08T15:46:02+00:00","og_image":[{"width":2048,"height":1536,"url":"https:\/\/www.eliassen.nl\/wp-content\/uploads\/2024\/01\/qq20230327113216.jpg","type":"image\/jpeg"}],"twitter_card":"summary_large_image","schema":{"@context":"https:\/\/schema.org","@graph":[{"@type":"WebPage","@id":"https:\/\/www.eliassen.nl\/de\/led-set-3-teilig-fur-wasserspiele\/","url":"https:\/\/www.eliassen.nl\/de\/led-set-3-teilig-fur-wasserspiele\/","name":"LED-Set 3-teilig f\u00fcr Wasserornamente","isPartOf":{"@id":"https:\/\/www.eliassen.nl\/de\/#website"},"primaryImageOfPage":{"@id":"https:\/\/www.eliassen.nl\/de\/led-set-3-teilig-fur-wasserspiele\/#primaryimage"},"image":{"@id":"https:\/\/www.eliassen.nl\/de\/led-set-3-teilig-fur-wasserspiele\/#primaryimage"},"thumbnailUrl":"https:\/\/www.eliassen.nl\/wp-content\/uploads\/2024\/01\/qq20230327113216.jpg","datePublished":"2020-10-15T14:09:58+00:00","dateModified":"2025-12-08T15:46:02+00:00","description":"Suchen Sie ein LED-Set? Bestellen Sie jetzt Ledset 3-teilig f\u00fcr Wasserornamente. Kaufen Sie Wasserornamente einfach auf unserer Website. Gro\u00dfe Auswahl \u2713 Schnelle Lieferung","breadcrumb":{"@id":"https:\/\/www.eliassen.nl\/de\/led-set-3-teilig-fur-wasserspiele\/#breadcrumb"},"inLanguage":"de","potentialAction":[{"@type":"ReadAction","target":["https:\/\/www.eliassen.nl\/de\/led-set-3-teilig-fur-wasserspiele\/"]}]},{"@type":"ImageObject","inLanguage":"de","@id":"https:\/\/www.eliassen.nl\/de\/led-set-3-teilig-fur-wasserspiele\/#primaryimage","url":"https:\/\/www.eliassen.nl\/wp-content\/uploads\/2024\/01\/qq20230327113216.jpg","contentUrl":"https:\/\/www.eliassen.nl\/wp-content\/uploads\/2024\/01\/qq20230327113216.jpg","width":2048,"height":1536,"caption":"QQ\u56fe\u724720230327113216"},{"@type":"BreadcrumbList","@id":"https:\/\/www.eliassen.nl\/de\/led-set-3-teilig-fur-wasserspiele\/#breadcrumb","itemListElement":[{"@type":"ListItem","position":1,"name":"Home","item":"https:\/\/www.eliassen.nl\/de\/"},{"@type":"ListItem","position":2,"name":"Shop","item":"https:\/\/www.eliassen.nl\/de\/shop\/"},{"@type":"ListItem","position":3,"name":"Wasserspiele","item":"https:\/\/www.eliassen.nl\/de\/wassereigenschaften\/"},{"@type":"ListItem","position":4,"name":"Teile Wasserspiele","item":"https:\/\/www.eliassen.nl\/de\/wassereigenschaften\/teile-wasserspiele\/"},{"@type":"ListItem","position":5,"name":"LED-Set 3-teilig f\u00fcr Wasserornamente"}]},{"@type":"WebSite","@id":"https:\/\/www.eliassen.nl\/de\/#website","url":"https:\/\/www.eliassen.nl\/de\/","name":"Eliassen Home & Garden Pleasure","description":"","publisher":{"@id":"https:\/\/www.eliassen.nl\/de\/#organization"},"alternateName":"Eliassen.nl","potentialAction":[{"@type":"SearchAction","target":{"@type":"EntryPoint","urlTemplate":"https:\/\/www.eliassen.nl\/de\/?s={search_term_string}"},"query-input":{"@type":"PropertyValueSpecification","valueRequired":true,"valueName":"search_term_string"}}],"inLanguage":"de"},{"@type":["Organization","Place"],"@id":"https:\/\/www.eliassen.nl\/de\/#organization","name":"Eliassen Home & Garden Pleasure","url":"https:\/\/www.eliassen.nl\/de\/","logo":{"@id":"https:\/\/www.eliassen.nl\/de\/led-set-3-teilig-fur-wasserspiele\/#local-main-organization-logo"},"image":{"@id":"https:\/\/www.eliassen.nl\/de\/led-set-3-teilig-fur-wasserspiele\/#local-main-organization-logo"},"sameAs":["https:\/\/www.facebook.com\/TuincentrumEliassenAmmerzoden","https:\/\/www.instagram.com\/eliassenhomeandgarden\/","https:\/\/nl.pinterest.com\/eliassenhomeandgarden\/","https:\/\/www.youtube.com\/@eliassenhomegardenpleasure4558"],"telephone":[],"openingHoursSpecification":[{"@type":"OpeningHoursSpecification","dayOfWeek":["Monday","Tuesday","Wednesday","Thursday","Friday","Saturday","Sunday"],"opens":"09:00","closes":"17:00"}]},{"@type":"ImageObject","inLanguage":"de","@id":"https:\/\/www.eliassen.nl\/de\/led-set-3-teilig-fur-wasserspiele\/#local-main-organization-logo","url":"https:\/\/www.eliassen.nl\/wp-content\/uploads\/2024\/01\/logo_4nd.jpg","contentUrl":"https:\/\/www.eliassen.nl\/wp-content\/uploads\/2024\/01\/logo_4nd.jpg","width":500,"height":500,"caption":"Eliassen Home & Garden Pleasure"}]},"product_price_amount":"49.50","product_price_currency":"EUR","og_availability":"instock","product_availability":"instock","product_retailer_item_id":"Ledset3d","product_condition":"new"},"df_price":49.5,"df_sale_price":"","df_regular_price":49.5,"df_image_link":"https:\/\/www.eliassen.nl\/wp-content\/uploads\/2024\/01\/qq20230327113216.jpg","image":"https:\/\/www.eliassen.nl\/wp-content\/uploads\/2024\/01\/qq20230327113216.jpg","price_search":"<span class=\"woocommerce-Price-amount amount\"><bdi><span class=\"woocommerce-Price-currencySymbol\">&euro;<\/span>&nbsp;49,50<\/bdi><\/span>","category":"Teile Wasserspiele","global_unique_id":"6096543932995","_links":{"self":[{"href":"https:\/\/www.eliassen.nl\/de\/wp-json\/wp\/v2\/product\/25738","targetHints":{"allow":["GET"]}}],"collection":[{"href":"https:\/\/www.eliassen.nl\/de\/wp-json\/wp\/v2\/product"}],"about":[{"href":"https:\/\/www.eliassen.nl\/de\/wp-json\/wp\/v2\/types\/product"}],"wp:featuredmedia":[{"embeddable":true,"href":"https:\/\/www.eliassen.nl\/de\/wp-json\/wp\/v2\/media\/25726"}],"wp:attachment":[{"href":"https:\/\/www.eliassen.nl\/de\/wp-json\/wp\/v2\/media?parent=25738"}],"wp:term":[{"taxonomy":"product_brand","embeddable":true,"href":"https:\/\/www.eliassen.nl\/de\/wp-json\/wp\/v2\/product_brand?post=25738"},{"taxonomy":"product_cat","embeddable":true,"href":"https:\/\/www.eliassen.nl\/de\/wp-json\/wp\/v2\/product_cat?post=25738"},{"taxonomy":"product_tag","embeddable":true,"href":"https:\/\/www.eliassen.nl\/de\/wp-json\/wp\/v2\/product_tag?post=25738"}],"curies":[{"name":"wp","href":"https:\/\/api.w.org\/{rel}","templated":true}]}}