{"id":25120,"date":"2020-09-18T16:08:34","date_gmt":"2020-09-18T16:08:34","guid":{"rendered":"https:\/\/www.eliassen.nl\/?product=bronzen-familie-vier"},"modified":"2026-01-16T13:51:05","modified_gmt":"2026-01-16T12:51:05","slug":"bronzeskulptur-einer-vierkopfigen-familie","status":"publish","type":"product","link":"https:\/\/www.eliassen.nl\/de\/bronzeskulptur-einer-vierkopfigen-familie\/","title":{"rendered":"Bronzestatue Familie vier Personen 66cm"},"content":{"rendered":"<p>Sch\u00f6nes modernes Bild einer vierk\u00f6pfigen Familie. Hergestellt aus 100% hochwertiger Bronze mit einem Mindestkupfergehalt von 75%, was eine sehr lange Lebensdauer und keine unansehnlichen Flecken garantiert. Ein sch\u00f6nes und langlebiges Dekorationsobjekt f\u00fcr Haus, Gesch\u00e4ft oder Garten sowie ein wunderbares Geschenk.<\/p>\n<p>Besuchen Sie unseren Ausstellungsraum, um sich diese Skulptur anzusehen.<\/p>\n<ul>\n<li>Gr\u00f6\u00dfe: 66x23x23 cm.<\/li>\n<li>Wird mit Zertifikat geliefert.<\/li>\n<li>Schnelle Lieferung.<\/li>\n<li>30 Jahre Garantie.<\/li>\n<li><strong>Bei uns finden Sie die gr\u00f6\u00dfte Sammlung von Bronzeskulpturen, die Sie live betrachten k\u00f6nnen.<\/strong><\/li>\n<\/ul>\n","protected":false},"excerpt":{"rendered":"<p>Sch\u00f6nes modernes Bild einer vierk\u00f6pfigen Familie. Hergestellt aus 100% hochwertiger Bronze mit einem Mindestkupfergehalt von 75%, was eine sehr lange Lebensdauer und keine unansehnlichen Flecken garantiert. Ein sch\u00f6nes und langlebiges Dekorationsobjekt f\u00fcr Haus, Gesch\u00e4ft oder Garten sowie ein wunderbares Geschenk. Besuchen Sie unseren Ausstellungsraum, um sich diese Skulptur anzusehen. Gr\u00f6\u00dfe: 66x23x23 cm. Wird mit Zertifikat &hellip;<\/p>\n","protected":false},"featured_media":25117,"template":"","meta":{"_acf_changed":false,"_genesis_title":"","_genesis_description":""},"product_brand":[7505],"product_cat":[613,1364,620,7239],"product_tag":[],"class_list":{"0":"post-25120","1":"product","2":"type-product","3":"status-publish","4":"has-post-thumbnail","6":"product_brand-sonstige","7":"product_cat-bronzestatuen","8":"product_cat-figuren-liebe","9":"product_cat-moderne-bronzestatuen","10":"product_cat-bilder","12":"first","13":"instock","14":"taxable","15":"shipping-taxable","16":"purchasable","17":"product-type-simple"},"acf":[],"meta_all":{"total_sales":"2","wcml_sync_hash":{"postmeta_fields":"7c33915a556a1d087828671213f0503c"},"attr_label_translations":[],"cor_restricted_countries":[]},"meta_all_flat":{"total_sales":"2","wcml_sync_hash.postmeta_fields":"7c33915a556a1d087828671213f0503c"},"yoast_head":"<!-- This site is optimized with the Yoast SEO Premium plugin v26.2 (Yoast SEO v27.2) - https:\/\/yoast.com\/product\/yoast-seo-premium-wordpress\/ -->\n<title>Bronzeskulptur Familie vier Personen | Eliassen<\/title>\n<meta name=\"description\" content=\"Bei Eliassen k\u00f6nnen Sie die Bronzestatue Familie vier Personen online kaufen oder live im Ausstellungsraum betrachten. Bestellen Sie direkt online.\" \/>\n<meta name=\"robots\" content=\"index, follow, max-snippet:-1, max-image-preview:large, max-video-preview:-1\" \/>\n<link rel=\"canonical\" href=\"https:\/\/www.eliassen.nl\/de\/bronzeskulptur-einer-vierkopfigen-familie\/\" \/>\n<meta property=\"og:locale\" content=\"de_DE\" \/>\n<meta property=\"og:type\" content=\"article\" \/>\n<meta property=\"og:title\" content=\"Sonstige Bronzestatue Familie vier Personen 66cm - Eliassen.nl\" \/>\n<meta property=\"og:description\" content=\"Bei Eliassen k\u00f6nnen Sie die Bronzestatue Familie vier Personen online kaufen oder live im Ausstellungsraum betrachten. Bestellen Sie direkt online.\" \/>\n<meta property=\"og:url\" content=\"https:\/\/www.eliassen.nl\/de\/bronzeskulptur-einer-vierkopfigen-familie\/\" \/>\n<meta property=\"og:site_name\" content=\"Eliassen.nl\" \/>\n<meta property=\"article:publisher\" content=\"https:\/\/www.facebook.com\/TuincentrumEliassenAmmerzoden\" \/>\n<meta property=\"article:modified_time\" content=\"2026-01-16T12:51:05+00:00\" \/>\n<meta property=\"og:image\" content=\"https:\/\/www.eliassen.nl\/wp-content\/uploads\/2024\/01\/eliassenbronzenbeeldfamilievierpersonen.jpg\" \/>\n\t<meta property=\"og:image:width\" content=\"1000\" \/>\n\t<meta property=\"og:image:height\" content=\"750\" \/>\n\t<meta property=\"og:image:type\" content=\"image\/jpeg\" \/>\n<meta name=\"twitter:card\" content=\"summary_large_image\" \/>\n<script type=\"application\/ld+json\" class=\"yoast-schema-graph\">{\"@context\":\"https:\/\/schema.org\",\"@graph\":[{\"@type\":\"WebPage\",\"@id\":\"https:\/\/www.eliassen.nl\/de\/bronzeskulptur-einer-vierkopfigen-familie\/\",\"url\":\"https:\/\/www.eliassen.nl\/de\/bronzeskulptur-einer-vierkopfigen-familie\/\",\"name\":\"Bronzeskulptur Familie vier Personen | Eliassen\",\"isPartOf\":{\"@id\":\"https:\/\/www.eliassen.nl\/de\/#website\"},\"primaryImageOfPage\":{\"@id\":\"https:\/\/www.eliassen.nl\/de\/bronzeskulptur-einer-vierkopfigen-familie\/#primaryimage\"},\"image\":{\"@id\":\"https:\/\/www.eliassen.nl\/de\/bronzeskulptur-einer-vierkopfigen-familie\/#primaryimage\"},\"thumbnailUrl\":\"https:\/\/www.eliassen.nl\/wp-content\/uploads\/2024\/01\/eliassenbronzenbeeldfamilievierpersonen.jpg\",\"datePublished\":\"2020-09-18T16:08:34+00:00\",\"dateModified\":\"2026-01-16T12:51:05+00:00\",\"description\":\"Bei Eliassen k\u00f6nnen Sie die Bronzestatue Familie vier Personen online kaufen oder live im Ausstellungsraum betrachten. Bestellen Sie direkt online.\",\"breadcrumb\":{\"@id\":\"https:\/\/www.eliassen.nl\/de\/bronzeskulptur-einer-vierkopfigen-familie\/#breadcrumb\"},\"inLanguage\":\"de\",\"potentialAction\":[{\"@type\":\"ReadAction\",\"target\":[\"https:\/\/www.eliassen.nl\/de\/bronzeskulptur-einer-vierkopfigen-familie\/\"]}]},{\"@type\":\"ImageObject\",\"inLanguage\":\"de\",\"@id\":\"https:\/\/www.eliassen.nl\/de\/bronzeskulptur-einer-vierkopfigen-familie\/#primaryimage\",\"url\":\"https:\/\/www.eliassen.nl\/wp-content\/uploads\/2024\/01\/eliassenbronzenbeeldfamilievierpersonen.jpg\",\"contentUrl\":\"https:\/\/www.eliassen.nl\/wp-content\/uploads\/2024\/01\/eliassenbronzenbeeldfamilievierpersonen.jpg\",\"width\":1000,\"height\":750,\"caption\":\"Eliassen Bronze Skulptur Familie vier\"},{\"@type\":\"BreadcrumbList\",\"@id\":\"https:\/\/www.eliassen.nl\/de\/bronzeskulptur-einer-vierkopfigen-familie\/#breadcrumb\",\"itemListElement\":[{\"@type\":\"ListItem\",\"position\":1,\"name\":\"Home\",\"item\":\"https:\/\/www.eliassen.nl\/de\/\"},{\"@type\":\"ListItem\",\"position\":2,\"name\":\"Shop\",\"item\":\"https:\/\/www.eliassen.nl\/de\/shop\/\"},{\"@type\":\"ListItem\",\"position\":3,\"name\":\"Bilder\",\"item\":\"https:\/\/www.eliassen.nl\/de\/bilder\/\"},{\"@type\":\"ListItem\",\"position\":4,\"name\":\"Figuren Liebe\",\"item\":\"https:\/\/www.eliassen.nl\/de\/bilder\/figuren-liebe\/\"},{\"@type\":\"ListItem\",\"position\":5,\"name\":\"Bronzestatue Familie vier Personen 66cm\"}]},{\"@type\":\"WebSite\",\"@id\":\"https:\/\/www.eliassen.nl\/de\/#website\",\"url\":\"https:\/\/www.eliassen.nl\/de\/\",\"name\":\"Eliassen Home & Garden Pleasure\",\"description\":\"\",\"publisher\":{\"@id\":\"https:\/\/www.eliassen.nl\/de\/#organization\"},\"alternateName\":\"Eliassen.nl\",\"potentialAction\":[{\"@type\":\"SearchAction\",\"target\":{\"@type\":\"EntryPoint\",\"urlTemplate\":\"https:\/\/www.eliassen.nl\/de\/?s={search_term_string}\"},\"query-input\":{\"@type\":\"PropertyValueSpecification\",\"valueRequired\":true,\"valueName\":\"search_term_string\"}}],\"inLanguage\":\"de\"},{\"@type\":[\"Organization\",\"Place\"],\"@id\":\"https:\/\/www.eliassen.nl\/de\/#organization\",\"name\":\"Eliassen Home & Garden Pleasure\",\"url\":\"https:\/\/www.eliassen.nl\/de\/\",\"logo\":{\"@id\":\"https:\/\/www.eliassen.nl\/de\/bronzeskulptur-einer-vierkopfigen-familie\/#local-main-organization-logo\"},\"image\":{\"@id\":\"https:\/\/www.eliassen.nl\/de\/bronzeskulptur-einer-vierkopfigen-familie\/#local-main-organization-logo\"},\"sameAs\":[\"https:\/\/www.facebook.com\/TuincentrumEliassenAmmerzoden\",\"https:\/\/www.instagram.com\/eliassenhomeandgarden\/\",\"https:\/\/nl.pinterest.com\/eliassenhomeandgarden\/\",\"https:\/\/www.youtube.com\/@eliassenhomegardenpleasure4558\"],\"telephone\":[],\"openingHoursSpecification\":[{\"@type\":\"OpeningHoursSpecification\",\"dayOfWeek\":[\"Monday\",\"Tuesday\",\"Wednesday\",\"Thursday\",\"Friday\",\"Saturday\",\"Sunday\"],\"opens\":\"09:00\",\"closes\":\"17:00\"}]},{\"@type\":\"ImageObject\",\"inLanguage\":\"de\",\"@id\":\"https:\/\/www.eliassen.nl\/de\/bronzeskulptur-einer-vierkopfigen-familie\/#local-main-organization-logo\",\"url\":\"https:\/\/www.eliassen.nl\/wp-content\/uploads\/2024\/01\/logo_4nd.jpg\",\"contentUrl\":\"https:\/\/www.eliassen.nl\/wp-content\/uploads\/2024\/01\/logo_4nd.jpg\",\"width\":500,\"height\":500,\"caption\":\"Eliassen Home & Garden Pleasure\"}]}<\/script>\n<meta property=\"product:price:amount\" content=\"679.00\" \/>\n<meta property=\"product:price:currency\" content=\"EUR\" \/>\n<meta property=\"og:availability\" content=\"instock\" \/>\n<meta property=\"product:availability\" content=\"instock\" \/>\n<meta property=\"product:retailer_item_id\" content=\"An2755\" \/>\n<meta property=\"product:condition\" content=\"new\" \/>\n<!-- \/ Yoast SEO Premium plugin. -->","yoast_head_json":{"title":"Bronzeskulptur Familie vier Personen | Eliassen","description":"Bei Eliassen k\u00f6nnen Sie die Bronzestatue Familie vier Personen online kaufen oder live im Ausstellungsraum betrachten. Bestellen Sie direkt online.","robots":{"index":"index","follow":"follow","max-snippet":"max-snippet:-1","max-image-preview":"max-image-preview:large","max-video-preview":"max-video-preview:-1"},"canonical":"https:\/\/www.eliassen.nl\/de\/bronzeskulptur-einer-vierkopfigen-familie\/","og_locale":"de_DE","og_type":"article","og_title":"Sonstige Bronzestatue Familie vier Personen 66cm - Eliassen.nl","og_description":"Bei Eliassen k\u00f6nnen Sie die Bronzestatue Familie vier Personen online kaufen oder live im Ausstellungsraum betrachten. Bestellen Sie direkt online.","og_url":"https:\/\/www.eliassen.nl\/de\/bronzeskulptur-einer-vierkopfigen-familie\/","og_site_name":"Eliassen.nl","article_publisher":"https:\/\/www.facebook.com\/TuincentrumEliassenAmmerzoden","article_modified_time":"2026-01-16T12:51:05+00:00","og_image":[{"width":1000,"height":750,"url":"https:\/\/www.eliassen.nl\/wp-content\/uploads\/2024\/01\/eliassenbronzenbeeldfamilievierpersonen.jpg","type":"image\/jpeg"}],"twitter_card":"summary_large_image","schema":{"@context":"https:\/\/schema.org","@graph":[{"@type":"WebPage","@id":"https:\/\/www.eliassen.nl\/de\/bronzeskulptur-einer-vierkopfigen-familie\/","url":"https:\/\/www.eliassen.nl\/de\/bronzeskulptur-einer-vierkopfigen-familie\/","name":"Bronzeskulptur Familie vier Personen | Eliassen","isPartOf":{"@id":"https:\/\/www.eliassen.nl\/de\/#website"},"primaryImageOfPage":{"@id":"https:\/\/www.eliassen.nl\/de\/bronzeskulptur-einer-vierkopfigen-familie\/#primaryimage"},"image":{"@id":"https:\/\/www.eliassen.nl\/de\/bronzeskulptur-einer-vierkopfigen-familie\/#primaryimage"},"thumbnailUrl":"https:\/\/www.eliassen.nl\/wp-content\/uploads\/2024\/01\/eliassenbronzenbeeldfamilievierpersonen.jpg","datePublished":"2020-09-18T16:08:34+00:00","dateModified":"2026-01-16T12:51:05+00:00","description":"Bei Eliassen k\u00f6nnen Sie die Bronzestatue Familie vier Personen online kaufen oder live im Ausstellungsraum betrachten. Bestellen Sie direkt online.","breadcrumb":{"@id":"https:\/\/www.eliassen.nl\/de\/bronzeskulptur-einer-vierkopfigen-familie\/#breadcrumb"},"inLanguage":"de","potentialAction":[{"@type":"ReadAction","target":["https:\/\/www.eliassen.nl\/de\/bronzeskulptur-einer-vierkopfigen-familie\/"]}]},{"@type":"ImageObject","inLanguage":"de","@id":"https:\/\/www.eliassen.nl\/de\/bronzeskulptur-einer-vierkopfigen-familie\/#primaryimage","url":"https:\/\/www.eliassen.nl\/wp-content\/uploads\/2024\/01\/eliassenbronzenbeeldfamilievierpersonen.jpg","contentUrl":"https:\/\/www.eliassen.nl\/wp-content\/uploads\/2024\/01\/eliassenbronzenbeeldfamilievierpersonen.jpg","width":1000,"height":750,"caption":"Eliassen Bronze Skulptur Familie vier"},{"@type":"BreadcrumbList","@id":"https:\/\/www.eliassen.nl\/de\/bronzeskulptur-einer-vierkopfigen-familie\/#breadcrumb","itemListElement":[{"@type":"ListItem","position":1,"name":"Home","item":"https:\/\/www.eliassen.nl\/de\/"},{"@type":"ListItem","position":2,"name":"Shop","item":"https:\/\/www.eliassen.nl\/de\/shop\/"},{"@type":"ListItem","position":3,"name":"Bilder","item":"https:\/\/www.eliassen.nl\/de\/bilder\/"},{"@type":"ListItem","position":4,"name":"Figuren Liebe","item":"https:\/\/www.eliassen.nl\/de\/bilder\/figuren-liebe\/"},{"@type":"ListItem","position":5,"name":"Bronzestatue Familie vier Personen 66cm"}]},{"@type":"WebSite","@id":"https:\/\/www.eliassen.nl\/de\/#website","url":"https:\/\/www.eliassen.nl\/de\/","name":"Eliassen Home & Garden Pleasure","description":"","publisher":{"@id":"https:\/\/www.eliassen.nl\/de\/#organization"},"alternateName":"Eliassen.nl","potentialAction":[{"@type":"SearchAction","target":{"@type":"EntryPoint","urlTemplate":"https:\/\/www.eliassen.nl\/de\/?s={search_term_string}"},"query-input":{"@type":"PropertyValueSpecification","valueRequired":true,"valueName":"search_term_string"}}],"inLanguage":"de"},{"@type":["Organization","Place"],"@id":"https:\/\/www.eliassen.nl\/de\/#organization","name":"Eliassen Home & Garden Pleasure","url":"https:\/\/www.eliassen.nl\/de\/","logo":{"@id":"https:\/\/www.eliassen.nl\/de\/bronzeskulptur-einer-vierkopfigen-familie\/#local-main-organization-logo"},"image":{"@id":"https:\/\/www.eliassen.nl\/de\/bronzeskulptur-einer-vierkopfigen-familie\/#local-main-organization-logo"},"sameAs":["https:\/\/www.facebook.com\/TuincentrumEliassenAmmerzoden","https:\/\/www.instagram.com\/eliassenhomeandgarden\/","https:\/\/nl.pinterest.com\/eliassenhomeandgarden\/","https:\/\/www.youtube.com\/@eliassenhomegardenpleasure4558"],"telephone":[],"openingHoursSpecification":[{"@type":"OpeningHoursSpecification","dayOfWeek":["Monday","Tuesday","Wednesday","Thursday","Friday","Saturday","Sunday"],"opens":"09:00","closes":"17:00"}]},{"@type":"ImageObject","inLanguage":"de","@id":"https:\/\/www.eliassen.nl\/de\/bronzeskulptur-einer-vierkopfigen-familie\/#local-main-organization-logo","url":"https:\/\/www.eliassen.nl\/wp-content\/uploads\/2024\/01\/logo_4nd.jpg","contentUrl":"https:\/\/www.eliassen.nl\/wp-content\/uploads\/2024\/01\/logo_4nd.jpg","width":500,"height":500,"caption":"Eliassen Home & Garden Pleasure"}]},"product_price_amount":"679.00","product_price_currency":"EUR","og_availability":"instock","product_availability":"instock","product_retailer_item_id":"An2755","product_condition":"new"},"df_price":679,"df_sale_price":"","df_regular_price":679,"df_image_link":"https:\/\/www.eliassen.nl\/wp-content\/uploads\/2024\/01\/eliassenbronzenbeeldfamilievierpersonen.jpg","image":"https:\/\/www.eliassen.nl\/wp-content\/uploads\/2024\/01\/eliassenbronzenbeeldfamilievierpersonen.jpg","price_search":"<span class=\"woocommerce-Price-amount amount\"><bdi><span class=\"woocommerce-Price-currencySymbol\">&euro;<\/span>&nbsp;679,00<\/bdi><\/span>","category":"Bronzestatuen","global_unique_id":"5410807027554","_links":{"self":[{"href":"https:\/\/www.eliassen.nl\/de\/wp-json\/wp\/v2\/product\/25120","targetHints":{"allow":["GET"]}}],"collection":[{"href":"https:\/\/www.eliassen.nl\/de\/wp-json\/wp\/v2\/product"}],"about":[{"href":"https:\/\/www.eliassen.nl\/de\/wp-json\/wp\/v2\/types\/product"}],"wp:featuredmedia":[{"embeddable":true,"href":"https:\/\/www.eliassen.nl\/de\/wp-json\/wp\/v2\/media\/25117"}],"wp:attachment":[{"href":"https:\/\/www.eliassen.nl\/de\/wp-json\/wp\/v2\/media?parent=25120"}],"wp:term":[{"taxonomy":"product_brand","embeddable":true,"href":"https:\/\/www.eliassen.nl\/de\/wp-json\/wp\/v2\/product_brand?post=25120"},{"taxonomy":"product_cat","embeddable":true,"href":"https:\/\/www.eliassen.nl\/de\/wp-json\/wp\/v2\/product_cat?post=25120"},{"taxonomy":"product_tag","embeddable":true,"href":"https:\/\/www.eliassen.nl\/de\/wp-json\/wp\/v2\/product_tag?post=25120"}],"curies":[{"name":"wp","href":"https:\/\/api.w.org\/{rel}","templated":true}]}}