{"id":25072,"date":"2020-09-18T15:47:23","date_gmt":"2020-09-18T15:47:23","guid":{"rendered":"https:\/\/www.eliassen.nl\/?product=billenvrouw-rechts-113215779"},"modified":"2026-01-16T13:50:49","modified_gmt":"2026-01-16T12:50:49","slug":"gesass-frau-auf-der-rechten-seite","status":"publish","type":"product","link":"https:\/\/www.eliassen.nl\/de\/gesass-frau-auf-der-rechten-seite\/","title":{"rendered":"Vorbau rechts"},"content":{"rendered":"<p>Sch\u00f6ne moderne Skulptur einer dicken Frau. Hergestellt aus 100% hochwertiger Bronze mit einem Mindestkupfergehalt von 75%, was eine sehr lange Lebensdauer und keine unansehnlichen Flecken garantiert. Ein sch\u00f6nes und langlebiges Dekorationsobjekt f\u00fcr Haus, Gesch\u00e4ft oder Garten sowie ein wunderbares Geschenk.  <\/p>\n<p>Besuchen Sie unseren Ausstellungsraum, um sich diese Skulptur anzusehen.<\/p>\n<ul>\n<li>Gr\u00f6\u00dfe: 19x11x17 cm.<\/li>\n<li>Wird mit Zertifikat geliefert.<\/li>\n<li>Schnelle Lieferung.<\/li>\n<li>30 Jahre Garantie.<\/li>\n<li><strong>Bei uns finden Sie die gr\u00f6\u00dfte Sammlung von Bronzeskulpturen, die Sie live betrachten k\u00f6nnen.<\/strong><\/li>\n<\/ul>\n","protected":false},"excerpt":{"rendered":"<p>Sch\u00f6ne moderne Skulptur einer dicken Frau. Hergestellt aus 100% hochwertiger Bronze mit einem Mindestkupfergehalt von 75%, was eine sehr lange Lebensdauer und keine unansehnlichen Flecken garantiert. Ein sch\u00f6nes und langlebiges Dekorationsobjekt f\u00fcr Haus, Gesch\u00e4ft oder Garten sowie ein wunderbares Geschenk. Besuchen Sie unseren Ausstellungsraum, um sich diese Skulptur anzusehen. Gr\u00f6\u00dfe: 19x11x17 cm. Wird mit Zertifikat &hellip;<\/p>\n","protected":false},"featured_media":25069,"template":"","meta":{"_acf_changed":false,"_genesis_title":"","_genesis_description":""},"product_brand":[7505],"product_cat":[632,613,7239],"product_tag":[],"class_list":{"0":"post-25072","1":"product","2":"type-product","3":"status-publish","4":"has-post-thumbnail","6":"product_brand-sonstige","7":"product_cat-bilder-von-dicken-frauen","8":"product_cat-bronzestatuen","9":"product_cat-bilder","11":"first","12":"instock","13":"taxable","14":"shipping-taxable","15":"purchasable","16":"product-type-simple"},"acf":[],"meta_all":{"total_sales":"0","wcml_sync_hash":{"postmeta_fields":"cae1efc224e45268bd305c43b6c20db4"},"attr_label_translations":[]},"meta_all_flat":{"total_sales":"0","wcml_sync_hash.postmeta_fields":"cae1efc224e45268bd305c43b6c20db4"},"yoast_head":"<!-- This site is optimized with the Yoast SEO Premium plugin v26.2 (Yoast SEO v27.2) - https:\/\/yoast.com\/product\/yoast-seo-premium-wordpress\/ -->\n<title>Vorbau rechts<\/title>\n<meta name=\"description\" content=\"Suchen Sie eine Bronzeskulptur? Bestellen Sie Billenvrouw gleich jetzt. Kaufen Sie Bronzeskulpturen einfach auf unserer Website. Gro\u00dfe Auswahl \u2713 Schnelle Lieferung\" \/>\n<meta name=\"robots\" content=\"index, follow, max-snippet:-1, max-image-preview:large, max-video-preview:-1\" \/>\n<link rel=\"canonical\" href=\"https:\/\/www.eliassen.nl\/de\/gesass-frau-auf-der-rechten-seite\/\" \/>\n<meta property=\"og:locale\" content=\"de_DE\" \/>\n<meta property=\"og:type\" content=\"article\" \/>\n<meta property=\"og:title\" content=\"Sonstige Vorbau rechts - Eliassen.nl\" \/>\n<meta property=\"og:description\" content=\"Suchen Sie eine Bronzeskulptur? Bestellen Sie Billenvrouw gleich jetzt. Kaufen Sie Bronzeskulpturen einfach auf unserer Website. Gro\u00dfe Auswahl \u2713 Schnelle Lieferung\" \/>\n<meta property=\"og:url\" content=\"https:\/\/www.eliassen.nl\/de\/gesass-frau-auf-der-rechten-seite\/\" \/>\n<meta property=\"og:site_name\" content=\"Eliassen.nl\" \/>\n<meta property=\"article:publisher\" content=\"https:\/\/www.facebook.com\/TuincentrumEliassenAmmerzoden\" \/>\n<meta property=\"article:modified_time\" content=\"2026-01-16T12:50:49+00:00\" \/>\n<meta property=\"og:image\" content=\"https:\/\/www.eliassen.nl\/wp-content\/uploads\/2024\/01\/eliassenbillenvrouwrechts.png\" \/>\n\t<meta property=\"og:image:width\" content=\"599\" \/>\n\t<meta property=\"og:image:height\" content=\"851\" \/>\n\t<meta property=\"og:image:type\" content=\"image\/png\" \/>\n<meta name=\"twitter:card\" content=\"summary_large_image\" \/>\n<script type=\"application\/ld+json\" class=\"yoast-schema-graph\">{\"@context\":\"https:\/\/schema.org\",\"@graph\":[{\"@type\":\"WebPage\",\"@id\":\"https:\/\/www.eliassen.nl\/de\/gesass-frau-auf-der-rechten-seite\/\",\"url\":\"https:\/\/www.eliassen.nl\/de\/gesass-frau-auf-der-rechten-seite\/\",\"name\":\"Vorbau rechts\",\"isPartOf\":{\"@id\":\"https:\/\/www.eliassen.nl\/de\/#website\"},\"primaryImageOfPage\":{\"@id\":\"https:\/\/www.eliassen.nl\/de\/gesass-frau-auf-der-rechten-seite\/#primaryimage\"},\"image\":{\"@id\":\"https:\/\/www.eliassen.nl\/de\/gesass-frau-auf-der-rechten-seite\/#primaryimage\"},\"thumbnailUrl\":\"https:\/\/www.eliassen.nl\/wp-content\/uploads\/2024\/01\/eliassenbillenvrouwrechts.png\",\"datePublished\":\"2020-09-18T15:47:23+00:00\",\"dateModified\":\"2026-01-16T12:50:49+00:00\",\"description\":\"Suchen Sie eine Bronzeskulptur? Bestellen Sie Billenvrouw gleich jetzt. Kaufen Sie Bronzeskulpturen einfach auf unserer Website. Gro\u00dfe Auswahl \u2713 Schnelle Lieferung\",\"breadcrumb\":{\"@id\":\"https:\/\/www.eliassen.nl\/de\/gesass-frau-auf-der-rechten-seite\/#breadcrumb\"},\"inLanguage\":\"de\",\"potentialAction\":[{\"@type\":\"ReadAction\",\"target\":[\"https:\/\/www.eliassen.nl\/de\/gesass-frau-auf-der-rechten-seite\/\"]}]},{\"@type\":\"ImageObject\",\"inLanguage\":\"de\",\"@id\":\"https:\/\/www.eliassen.nl\/de\/gesass-frau-auf-der-rechten-seite\/#primaryimage\",\"url\":\"https:\/\/www.eliassen.nl\/wp-content\/uploads\/2024\/01\/eliassenbillenvrouwrechts.png\",\"contentUrl\":\"https:\/\/www.eliassen.nl\/wp-content\/uploads\/2024\/01\/eliassenbillenvrouwrechts.png\",\"width\":599,\"height\":851,\"caption\":\"Eliassen Billenvrouw rechts\"},{\"@type\":\"BreadcrumbList\",\"@id\":\"https:\/\/www.eliassen.nl\/de\/gesass-frau-auf-der-rechten-seite\/#breadcrumb\",\"itemListElement\":[{\"@type\":\"ListItem\",\"position\":1,\"name\":\"Home\",\"item\":\"https:\/\/www.eliassen.nl\/de\/\"},{\"@type\":\"ListItem\",\"position\":2,\"name\":\"Shop\",\"item\":\"https:\/\/www.eliassen.nl\/de\/shop\/\"},{\"@type\":\"ListItem\",\"position\":3,\"name\":\"Bronzestatuen\",\"item\":\"https:\/\/www.eliassen.nl\/de\/bronzestatuen\/\"},{\"@type\":\"ListItem\",\"position\":4,\"name\":\"Bilder von dicken Frauen\",\"item\":\"https:\/\/www.eliassen.nl\/de\/bilder\/bronzestatuen\/bilder-von-dicken-frauen\/\"},{\"@type\":\"ListItem\",\"position\":5,\"name\":\"Vorbau rechts\"}]},{\"@type\":\"WebSite\",\"@id\":\"https:\/\/www.eliassen.nl\/de\/#website\",\"url\":\"https:\/\/www.eliassen.nl\/de\/\",\"name\":\"Eliassen Home & Garden Pleasure\",\"description\":\"\",\"publisher\":{\"@id\":\"https:\/\/www.eliassen.nl\/de\/#organization\"},\"alternateName\":\"Eliassen.nl\",\"potentialAction\":[{\"@type\":\"SearchAction\",\"target\":{\"@type\":\"EntryPoint\",\"urlTemplate\":\"https:\/\/www.eliassen.nl\/de\/?s={search_term_string}\"},\"query-input\":{\"@type\":\"PropertyValueSpecification\",\"valueRequired\":true,\"valueName\":\"search_term_string\"}}],\"inLanguage\":\"de\"},{\"@type\":[\"Organization\",\"Place\"],\"@id\":\"https:\/\/www.eliassen.nl\/de\/#organization\",\"name\":\"Eliassen Home & Garden Pleasure\",\"url\":\"https:\/\/www.eliassen.nl\/de\/\",\"logo\":{\"@id\":\"https:\/\/www.eliassen.nl\/de\/gesass-frau-auf-der-rechten-seite\/#local-main-organization-logo\"},\"image\":{\"@id\":\"https:\/\/www.eliassen.nl\/de\/gesass-frau-auf-der-rechten-seite\/#local-main-organization-logo\"},\"sameAs\":[\"https:\/\/www.facebook.com\/TuincentrumEliassenAmmerzoden\",\"https:\/\/www.instagram.com\/eliassenhomeandgarden\/\",\"https:\/\/nl.pinterest.com\/eliassenhomeandgarden\/\",\"https:\/\/www.youtube.com\/@eliassenhomegardenpleasure4558\"],\"telephone\":[],\"openingHoursSpecification\":[{\"@type\":\"OpeningHoursSpecification\",\"dayOfWeek\":[\"Monday\",\"Tuesday\",\"Wednesday\",\"Thursday\",\"Friday\",\"Saturday\",\"Sunday\"],\"opens\":\"09:00\",\"closes\":\"17:00\"}]},{\"@type\":\"ImageObject\",\"inLanguage\":\"de\",\"@id\":\"https:\/\/www.eliassen.nl\/de\/gesass-frau-auf-der-rechten-seite\/#local-main-organization-logo\",\"url\":\"https:\/\/www.eliassen.nl\/wp-content\/uploads\/2024\/01\/logo_4nd.jpg\",\"contentUrl\":\"https:\/\/www.eliassen.nl\/wp-content\/uploads\/2024\/01\/logo_4nd.jpg\",\"width\":500,\"height\":500,\"caption\":\"Eliassen Home & Garden Pleasure\"}]}<\/script>\n<meta property=\"product:price:amount\" content=\"213.00\" \/>\n<meta property=\"product:price:currency\" content=\"EUR\" \/>\n<meta property=\"og:availability\" content=\"instock\" \/>\n<meta property=\"product:availability\" content=\"instock\" \/>\n<meta property=\"product:retailer_item_id\" content=\"An1370br-b-r\" \/>\n<meta property=\"product:condition\" content=\"new\" \/>\n<!-- \/ Yoast SEO Premium plugin. -->","yoast_head_json":{"title":"Vorbau rechts","description":"Suchen Sie eine Bronzeskulptur? Bestellen Sie Billenvrouw gleich jetzt. Kaufen Sie Bronzeskulpturen einfach auf unserer Website. Gro\u00dfe Auswahl \u2713 Schnelle Lieferung","robots":{"index":"index","follow":"follow","max-snippet":"max-snippet:-1","max-image-preview":"max-image-preview:large","max-video-preview":"max-video-preview:-1"},"canonical":"https:\/\/www.eliassen.nl\/de\/gesass-frau-auf-der-rechten-seite\/","og_locale":"de_DE","og_type":"article","og_title":"Sonstige Vorbau rechts - Eliassen.nl","og_description":"Suchen Sie eine Bronzeskulptur? Bestellen Sie Billenvrouw gleich jetzt. Kaufen Sie Bronzeskulpturen einfach auf unserer Website. Gro\u00dfe Auswahl \u2713 Schnelle Lieferung","og_url":"https:\/\/www.eliassen.nl\/de\/gesass-frau-auf-der-rechten-seite\/","og_site_name":"Eliassen.nl","article_publisher":"https:\/\/www.facebook.com\/TuincentrumEliassenAmmerzoden","article_modified_time":"2026-01-16T12:50:49+00:00","og_image":[{"width":599,"height":851,"url":"https:\/\/www.eliassen.nl\/wp-content\/uploads\/2024\/01\/eliassenbillenvrouwrechts.png","type":"image\/png"}],"twitter_card":"summary_large_image","schema":{"@context":"https:\/\/schema.org","@graph":[{"@type":"WebPage","@id":"https:\/\/www.eliassen.nl\/de\/gesass-frau-auf-der-rechten-seite\/","url":"https:\/\/www.eliassen.nl\/de\/gesass-frau-auf-der-rechten-seite\/","name":"Vorbau rechts","isPartOf":{"@id":"https:\/\/www.eliassen.nl\/de\/#website"},"primaryImageOfPage":{"@id":"https:\/\/www.eliassen.nl\/de\/gesass-frau-auf-der-rechten-seite\/#primaryimage"},"image":{"@id":"https:\/\/www.eliassen.nl\/de\/gesass-frau-auf-der-rechten-seite\/#primaryimage"},"thumbnailUrl":"https:\/\/www.eliassen.nl\/wp-content\/uploads\/2024\/01\/eliassenbillenvrouwrechts.png","datePublished":"2020-09-18T15:47:23+00:00","dateModified":"2026-01-16T12:50:49+00:00","description":"Suchen Sie eine Bronzeskulptur? Bestellen Sie Billenvrouw gleich jetzt. Kaufen Sie Bronzeskulpturen einfach auf unserer Website. Gro\u00dfe Auswahl \u2713 Schnelle Lieferung","breadcrumb":{"@id":"https:\/\/www.eliassen.nl\/de\/gesass-frau-auf-der-rechten-seite\/#breadcrumb"},"inLanguage":"de","potentialAction":[{"@type":"ReadAction","target":["https:\/\/www.eliassen.nl\/de\/gesass-frau-auf-der-rechten-seite\/"]}]},{"@type":"ImageObject","inLanguage":"de","@id":"https:\/\/www.eliassen.nl\/de\/gesass-frau-auf-der-rechten-seite\/#primaryimage","url":"https:\/\/www.eliassen.nl\/wp-content\/uploads\/2024\/01\/eliassenbillenvrouwrechts.png","contentUrl":"https:\/\/www.eliassen.nl\/wp-content\/uploads\/2024\/01\/eliassenbillenvrouwrechts.png","width":599,"height":851,"caption":"Eliassen Billenvrouw rechts"},{"@type":"BreadcrumbList","@id":"https:\/\/www.eliassen.nl\/de\/gesass-frau-auf-der-rechten-seite\/#breadcrumb","itemListElement":[{"@type":"ListItem","position":1,"name":"Home","item":"https:\/\/www.eliassen.nl\/de\/"},{"@type":"ListItem","position":2,"name":"Shop","item":"https:\/\/www.eliassen.nl\/de\/shop\/"},{"@type":"ListItem","position":3,"name":"Bronzestatuen","item":"https:\/\/www.eliassen.nl\/de\/bronzestatuen\/"},{"@type":"ListItem","position":4,"name":"Bilder von dicken Frauen","item":"https:\/\/www.eliassen.nl\/de\/bilder\/bronzestatuen\/bilder-von-dicken-frauen\/"},{"@type":"ListItem","position":5,"name":"Vorbau rechts"}]},{"@type":"WebSite","@id":"https:\/\/www.eliassen.nl\/de\/#website","url":"https:\/\/www.eliassen.nl\/de\/","name":"Eliassen Home & Garden Pleasure","description":"","publisher":{"@id":"https:\/\/www.eliassen.nl\/de\/#organization"},"alternateName":"Eliassen.nl","potentialAction":[{"@type":"SearchAction","target":{"@type":"EntryPoint","urlTemplate":"https:\/\/www.eliassen.nl\/de\/?s={search_term_string}"},"query-input":{"@type":"PropertyValueSpecification","valueRequired":true,"valueName":"search_term_string"}}],"inLanguage":"de"},{"@type":["Organization","Place"],"@id":"https:\/\/www.eliassen.nl\/de\/#organization","name":"Eliassen Home & Garden Pleasure","url":"https:\/\/www.eliassen.nl\/de\/","logo":{"@id":"https:\/\/www.eliassen.nl\/de\/gesass-frau-auf-der-rechten-seite\/#local-main-organization-logo"},"image":{"@id":"https:\/\/www.eliassen.nl\/de\/gesass-frau-auf-der-rechten-seite\/#local-main-organization-logo"},"sameAs":["https:\/\/www.facebook.com\/TuincentrumEliassenAmmerzoden","https:\/\/www.instagram.com\/eliassenhomeandgarden\/","https:\/\/nl.pinterest.com\/eliassenhomeandgarden\/","https:\/\/www.youtube.com\/@eliassenhomegardenpleasure4558"],"telephone":[],"openingHoursSpecification":[{"@type":"OpeningHoursSpecification","dayOfWeek":["Monday","Tuesday","Wednesday","Thursday","Friday","Saturday","Sunday"],"opens":"09:00","closes":"17:00"}]},{"@type":"ImageObject","inLanguage":"de","@id":"https:\/\/www.eliassen.nl\/de\/gesass-frau-auf-der-rechten-seite\/#local-main-organization-logo","url":"https:\/\/www.eliassen.nl\/wp-content\/uploads\/2024\/01\/logo_4nd.jpg","contentUrl":"https:\/\/www.eliassen.nl\/wp-content\/uploads\/2024\/01\/logo_4nd.jpg","width":500,"height":500,"caption":"Eliassen Home & Garden Pleasure"}]},"product_price_amount":"213.00","product_price_currency":"EUR","og_availability":"instock","product_availability":"instock","product_retailer_item_id":"An1370br-b-r","product_condition":"new"},"df_price":213,"df_sale_price":"","df_regular_price":213,"df_image_link":"https:\/\/www.eliassen.nl\/wp-content\/uploads\/2024\/01\/eliassenbillenvrouwrechts.png","image":"https:\/\/www.eliassen.nl\/wp-content\/uploads\/2024\/01\/eliassenbillenvrouwrechts.png","price_search":"<span class=\"woocommerce-Price-amount amount\"><bdi><span class=\"woocommerce-Price-currencySymbol\">&euro;<\/span>&nbsp;213,00<\/bdi><\/span>","category":"Bilder von dicken Frauen","global_unique_id":"5410807913703","_links":{"self":[{"href":"https:\/\/www.eliassen.nl\/de\/wp-json\/wp\/v2\/product\/25072","targetHints":{"allow":["GET"]}}],"collection":[{"href":"https:\/\/www.eliassen.nl\/de\/wp-json\/wp\/v2\/product"}],"about":[{"href":"https:\/\/www.eliassen.nl\/de\/wp-json\/wp\/v2\/types\/product"}],"wp:featuredmedia":[{"embeddable":true,"href":"https:\/\/www.eliassen.nl\/de\/wp-json\/wp\/v2\/media\/25069"}],"wp:attachment":[{"href":"https:\/\/www.eliassen.nl\/de\/wp-json\/wp\/v2\/media?parent=25072"}],"wp:term":[{"taxonomy":"product_brand","embeddable":true,"href":"https:\/\/www.eliassen.nl\/de\/wp-json\/wp\/v2\/product_brand?post=25072"},{"taxonomy":"product_cat","embeddable":true,"href":"https:\/\/www.eliassen.nl\/de\/wp-json\/wp\/v2\/product_cat?post=25072"},{"taxonomy":"product_tag","embeddable":true,"href":"https:\/\/www.eliassen.nl\/de\/wp-json\/wp\/v2\/product_tag?post=25072"}],"curies":[{"name":"wp","href":"https:\/\/api.w.org\/{rel}","templated":true}]}}