{"id":24943,"date":"2020-09-14T14:15:46","date_gmt":"2020-09-14T14:15:46","guid":{"rendered":"https:\/\/www.eliassen.nl\/?product=klok-mappemonde"},"modified":"2025-11-27T13:52:46","modified_gmt":"2025-11-27T12:52:46","slug":"uhr-mappemonde","status":"publish","type":"product","link":"https:\/\/www.eliassen.nl\/de\/uhr-mappemonde\/","title":{"rendered":"Uhr Mappemonde 48cm"},"content":{"rendered":"<p>Diese Wanduhr von Mappemonde ist komplett aus Metall gefertigt und ist eine sch\u00f6ne Wanddekoration f\u00fcr Ihr Zuhause oder Ihren Arbeitsplatz.<br \/>\nDieses St\u00fcck Wanddekoration ist nur f\u00fcr den Innenbereich geeignet.<\/p>\n<p>Sie k\u00f6nnen sich diese Uhr auch in unserem Gesch\u00e4ft ansehen. Wir haben fast die gesamte Serie dieser Uhren in unserem Gesch\u00e4ft ausgestellt!<\/p>\n<p>Technische Daten:<\/p>\n<ul>\n<li>Garantie: 1 Jahr<\/li>\n<li>Gr\u00f6\u00dfe: 48&#215;6 cm<\/li>\n<li>Material: Metall\/Glas<\/li>\n<li>Farbe: mattgrauer Rand mit verschiedenfarbiger R\u00fcckwand.<\/li>\n<li>Stromversorgung: 1x AA-Batterie<\/li>\n<li>Einfaches Aufh\u00e4ngen mit 1 Schraube<\/li>\n<li>Verpackt in einem stabilen Karton.<\/li>\n<\/ul>\n","protected":false},"excerpt":{"rendered":"<p>Diese Wanduhr von Mappemonde ist komplett aus Metall gefertigt und ist eine sch\u00f6ne Wanddekoration f\u00fcr Ihr Zuhause oder Ihren Arbeitsplatz. Dieses St\u00fcck Wanddekoration ist nur f\u00fcr den Innenbereich geeignet. Sie k\u00f6nnen sich diese Uhr auch in unserem Gesch\u00e4ft ansehen. Wir haben fast die gesamte Serie dieser Uhren in unserem Gesch\u00e4ft ausgestellt! Technische Daten: Garantie: 1 &hellip;<\/p>\n","protected":false},"featured_media":24925,"template":"","meta":{"_acf_changed":false,"_genesis_title":"","_genesis_description":""},"product_brand":[7505],"product_cat":[509,521,7064],"product_tag":[],"class_list":{"0":"post-24943","1":"product","2":"type-product","3":"status-publish","4":"has-post-thumbnail","6":"product_brand-sonstige","7":"product_cat-wanddekoration","8":"product_cat-wanduhren","9":"product_cat-werbeartikel","11":"first","12":"instock","13":"sale","14":"taxable","15":"shipping-taxable","16":"purchasable","17":"product-type-simple"},"acf":[],"meta_all":{"total_sales":"4","wcml_sync_hash":{"postmeta_fields":"fc08eff33ecd1b5720ff04dca6a1373a"},"attr_label_translations":[],"cor_restricted_countries":["DIE"],"cor_product_add":"ja"},"meta_all_flat":{"total_sales":"4","wcml_sync_hash.postmeta_fields":"fc08eff33ecd1b5720ff04dca6a1373a","cor_restricted_countries.0":"DIE","cor_product_add":"ja"},"yoast_head":"<!-- This site is optimized with the Yoast SEO Premium plugin v26.2 (Yoast SEO v27.2) - https:\/\/yoast.com\/product\/yoast-seo-premium-wordpress\/ -->\n<title>Uhr Mappemonde<\/title>\n<meta name=\"description\" content=\"Suchen Sie eine Uhr? Bestellen Sie Clock Mappemonde jetzt. Wanduhr einfach auf unserer Website kaufen. Gro\u00dfe Auswahl \u2713 Schnelle Lieferung\" \/>\n<meta name=\"robots\" content=\"index, follow, max-snippet:-1, max-image-preview:large, max-video-preview:-1\" \/>\n<link rel=\"canonical\" href=\"https:\/\/www.eliassen.nl\/de\/uhr-mappemonde\/\" \/>\n<meta property=\"og:locale\" content=\"de_DE\" \/>\n<meta property=\"og:type\" content=\"article\" \/>\n<meta property=\"og:title\" content=\"Sonstige Uhr Mappemonde 48cm - Eliassen.nl\" \/>\n<meta property=\"og:description\" content=\"Suchen Sie eine Uhr? Bestellen Sie Clock Mappemonde jetzt. Wanduhr einfach auf unserer Website kaufen. Gro\u00dfe Auswahl \u2713 Schnelle Lieferung\" \/>\n<meta property=\"og:url\" content=\"https:\/\/www.eliassen.nl\/de\/uhr-mappemonde\/\" \/>\n<meta property=\"og:site_name\" content=\"Eliassen.nl\" \/>\n<meta property=\"article:publisher\" content=\"https:\/\/www.facebook.com\/TuincentrumEliassenAmmerzoden\" \/>\n<meta property=\"article:modified_time\" content=\"2025-11-27T12:52:46+00:00\" \/>\n<meta property=\"og:image\" content=\"https:\/\/www.eliassen.nl\/wp-content\/uploads\/2024\/01\/eliassenklokmappemonde.jpg\" \/>\n\t<meta property=\"og:image:width\" content=\"480\" \/>\n\t<meta property=\"og:image:height\" content=\"480\" \/>\n\t<meta property=\"og:image:type\" content=\"image\/jpeg\" \/>\n<meta name=\"twitter:card\" content=\"summary_large_image\" \/>\n<script type=\"application\/ld+json\" class=\"yoast-schema-graph\">{\"@context\":\"https:\/\/schema.org\",\"@graph\":[{\"@type\":\"WebPage\",\"@id\":\"https:\/\/www.eliassen.nl\/de\/uhr-mappemonde\/\",\"url\":\"https:\/\/www.eliassen.nl\/de\/uhr-mappemonde\/\",\"name\":\"Uhr Mappemonde\",\"isPartOf\":{\"@id\":\"https:\/\/www.eliassen.nl\/de\/#website\"},\"primaryImageOfPage\":{\"@id\":\"https:\/\/www.eliassen.nl\/de\/uhr-mappemonde\/#primaryimage\"},\"image\":{\"@id\":\"https:\/\/www.eliassen.nl\/de\/uhr-mappemonde\/#primaryimage\"},\"thumbnailUrl\":\"https:\/\/www.eliassen.nl\/wp-content\/uploads\/2024\/01\/eliassenklokmappemonde.jpg\",\"datePublished\":\"2020-09-14T14:15:46+00:00\",\"dateModified\":\"2025-11-27T12:52:46+00:00\",\"description\":\"Suchen Sie eine Uhr? Bestellen Sie Clock Mappemonde jetzt. Wanduhr einfach auf unserer Website kaufen. Gro\u00dfe Auswahl \u2713 Schnelle Lieferung\",\"breadcrumb\":{\"@id\":\"https:\/\/www.eliassen.nl\/de\/uhr-mappemonde\/#breadcrumb\"},\"inLanguage\":\"de\",\"potentialAction\":[{\"@type\":\"ReadAction\",\"target\":[\"https:\/\/www.eliassen.nl\/de\/uhr-mappemonde\/\"]}]},{\"@type\":\"ImageObject\",\"inLanguage\":\"de\",\"@id\":\"https:\/\/www.eliassen.nl\/de\/uhr-mappemonde\/#primaryimage\",\"url\":\"https:\/\/www.eliassen.nl\/wp-content\/uploads\/2024\/01\/eliassenklokmappemonde.jpg\",\"contentUrl\":\"https:\/\/www.eliassen.nl\/wp-content\/uploads\/2024\/01\/eliassenklokmappemonde.jpg\",\"width\":480,\"height\":480,\"caption\":\"Eliassen Klok Mappemonde\"},{\"@type\":\"BreadcrumbList\",\"@id\":\"https:\/\/www.eliassen.nl\/de\/uhr-mappemonde\/#breadcrumb\",\"itemListElement\":[{\"@type\":\"ListItem\",\"position\":1,\"name\":\"Home\",\"item\":\"https:\/\/www.eliassen.nl\/de\/\"},{\"@type\":\"ListItem\",\"position\":2,\"name\":\"Shop\",\"item\":\"https:\/\/www.eliassen.nl\/de\/shop\/\"},{\"@type\":\"ListItem\",\"position\":3,\"name\":\"Wanddekoration\",\"item\":\"https:\/\/www.eliassen.nl\/de\/wanddekoration\/\"},{\"@type\":\"ListItem\",\"position\":4,\"name\":\"Wanduhren\",\"item\":\"https:\/\/www.eliassen.nl\/de\/wanddekoration\/wanduhren\/\"},{\"@type\":\"ListItem\",\"position\":5,\"name\":\"Uhr Mappemonde 48cm\"}]},{\"@type\":\"WebSite\",\"@id\":\"https:\/\/www.eliassen.nl\/de\/#website\",\"url\":\"https:\/\/www.eliassen.nl\/de\/\",\"name\":\"Eliassen Home & Garden Pleasure\",\"description\":\"\",\"publisher\":{\"@id\":\"https:\/\/www.eliassen.nl\/de\/#organization\"},\"alternateName\":\"Eliassen.nl\",\"potentialAction\":[{\"@type\":\"SearchAction\",\"target\":{\"@type\":\"EntryPoint\",\"urlTemplate\":\"https:\/\/www.eliassen.nl\/de\/?s={search_term_string}\"},\"query-input\":{\"@type\":\"PropertyValueSpecification\",\"valueRequired\":true,\"valueName\":\"search_term_string\"}}],\"inLanguage\":\"de\"},{\"@type\":[\"Organization\",\"Place\"],\"@id\":\"https:\/\/www.eliassen.nl\/de\/#organization\",\"name\":\"Eliassen Home & Garden Pleasure\",\"url\":\"https:\/\/www.eliassen.nl\/de\/\",\"logo\":{\"@id\":\"https:\/\/www.eliassen.nl\/de\/uhr-mappemonde\/#local-main-organization-logo\"},\"image\":{\"@id\":\"https:\/\/www.eliassen.nl\/de\/uhr-mappemonde\/#local-main-organization-logo\"},\"sameAs\":[\"https:\/\/www.facebook.com\/TuincentrumEliassenAmmerzoden\",\"https:\/\/www.instagram.com\/eliassenhomeandgarden\/\",\"https:\/\/nl.pinterest.com\/eliassenhomeandgarden\/\",\"https:\/\/www.youtube.com\/@eliassenhomegardenpleasure4558\"],\"telephone\":[],\"openingHoursSpecification\":[{\"@type\":\"OpeningHoursSpecification\",\"dayOfWeek\":[\"Monday\",\"Tuesday\",\"Wednesday\",\"Thursday\",\"Friday\",\"Saturday\",\"Sunday\"],\"opens\":\"09:00\",\"closes\":\"17:00\"}]},{\"@type\":\"ImageObject\",\"inLanguage\":\"de\",\"@id\":\"https:\/\/www.eliassen.nl\/de\/uhr-mappemonde\/#local-main-organization-logo\",\"url\":\"https:\/\/www.eliassen.nl\/wp-content\/uploads\/2024\/01\/logo_4nd.jpg\",\"contentUrl\":\"https:\/\/www.eliassen.nl\/wp-content\/uploads\/2024\/01\/logo_4nd.jpg\",\"width\":500,\"height\":500,\"caption\":\"Eliassen Home & Garden Pleasure\"}]}<\/script>\n<meta property=\"product:price:amount\" content=\"19.95\" \/>\n<meta property=\"product:price:currency\" content=\"EUR\" \/>\n<meta property=\"og:availability\" content=\"instock\" \/>\n<meta property=\"product:availability\" content=\"instock\" \/>\n<meta property=\"product:retailer_item_id\" content=\"2005902\" \/>\n<meta property=\"product:condition\" content=\"new\" \/>\n<!-- \/ Yoast SEO Premium plugin. -->","yoast_head_json":{"title":"Uhr Mappemonde","description":"Suchen Sie eine Uhr? Bestellen Sie Clock Mappemonde jetzt. Wanduhr einfach auf unserer Website kaufen. Gro\u00dfe Auswahl \u2713 Schnelle Lieferung","robots":{"index":"index","follow":"follow","max-snippet":"max-snippet:-1","max-image-preview":"max-image-preview:large","max-video-preview":"max-video-preview:-1"},"canonical":"https:\/\/www.eliassen.nl\/de\/uhr-mappemonde\/","og_locale":"de_DE","og_type":"article","og_title":"Sonstige Uhr Mappemonde 48cm - Eliassen.nl","og_description":"Suchen Sie eine Uhr? Bestellen Sie Clock Mappemonde jetzt. Wanduhr einfach auf unserer Website kaufen. Gro\u00dfe Auswahl \u2713 Schnelle Lieferung","og_url":"https:\/\/www.eliassen.nl\/de\/uhr-mappemonde\/","og_site_name":"Eliassen.nl","article_publisher":"https:\/\/www.facebook.com\/TuincentrumEliassenAmmerzoden","article_modified_time":"2025-11-27T12:52:46+00:00","og_image":[{"width":480,"height":480,"url":"https:\/\/www.eliassen.nl\/wp-content\/uploads\/2024\/01\/eliassenklokmappemonde.jpg","type":"image\/jpeg"}],"twitter_card":"summary_large_image","schema":{"@context":"https:\/\/schema.org","@graph":[{"@type":"WebPage","@id":"https:\/\/www.eliassen.nl\/de\/uhr-mappemonde\/","url":"https:\/\/www.eliassen.nl\/de\/uhr-mappemonde\/","name":"Uhr Mappemonde","isPartOf":{"@id":"https:\/\/www.eliassen.nl\/de\/#website"},"primaryImageOfPage":{"@id":"https:\/\/www.eliassen.nl\/de\/uhr-mappemonde\/#primaryimage"},"image":{"@id":"https:\/\/www.eliassen.nl\/de\/uhr-mappemonde\/#primaryimage"},"thumbnailUrl":"https:\/\/www.eliassen.nl\/wp-content\/uploads\/2024\/01\/eliassenklokmappemonde.jpg","datePublished":"2020-09-14T14:15:46+00:00","dateModified":"2025-11-27T12:52:46+00:00","description":"Suchen Sie eine Uhr? Bestellen Sie Clock Mappemonde jetzt. Wanduhr einfach auf unserer Website kaufen. Gro\u00dfe Auswahl \u2713 Schnelle Lieferung","breadcrumb":{"@id":"https:\/\/www.eliassen.nl\/de\/uhr-mappemonde\/#breadcrumb"},"inLanguage":"de","potentialAction":[{"@type":"ReadAction","target":["https:\/\/www.eliassen.nl\/de\/uhr-mappemonde\/"]}]},{"@type":"ImageObject","inLanguage":"de","@id":"https:\/\/www.eliassen.nl\/de\/uhr-mappemonde\/#primaryimage","url":"https:\/\/www.eliassen.nl\/wp-content\/uploads\/2024\/01\/eliassenklokmappemonde.jpg","contentUrl":"https:\/\/www.eliassen.nl\/wp-content\/uploads\/2024\/01\/eliassenklokmappemonde.jpg","width":480,"height":480,"caption":"Eliassen Klok Mappemonde"},{"@type":"BreadcrumbList","@id":"https:\/\/www.eliassen.nl\/de\/uhr-mappemonde\/#breadcrumb","itemListElement":[{"@type":"ListItem","position":1,"name":"Home","item":"https:\/\/www.eliassen.nl\/de\/"},{"@type":"ListItem","position":2,"name":"Shop","item":"https:\/\/www.eliassen.nl\/de\/shop\/"},{"@type":"ListItem","position":3,"name":"Wanddekoration","item":"https:\/\/www.eliassen.nl\/de\/wanddekoration\/"},{"@type":"ListItem","position":4,"name":"Wanduhren","item":"https:\/\/www.eliassen.nl\/de\/wanddekoration\/wanduhren\/"},{"@type":"ListItem","position":5,"name":"Uhr Mappemonde 48cm"}]},{"@type":"WebSite","@id":"https:\/\/www.eliassen.nl\/de\/#website","url":"https:\/\/www.eliassen.nl\/de\/","name":"Eliassen Home & Garden Pleasure","description":"","publisher":{"@id":"https:\/\/www.eliassen.nl\/de\/#organization"},"alternateName":"Eliassen.nl","potentialAction":[{"@type":"SearchAction","target":{"@type":"EntryPoint","urlTemplate":"https:\/\/www.eliassen.nl\/de\/?s={search_term_string}"},"query-input":{"@type":"PropertyValueSpecification","valueRequired":true,"valueName":"search_term_string"}}],"inLanguage":"de"},{"@type":["Organization","Place"],"@id":"https:\/\/www.eliassen.nl\/de\/#organization","name":"Eliassen Home & Garden Pleasure","url":"https:\/\/www.eliassen.nl\/de\/","logo":{"@id":"https:\/\/www.eliassen.nl\/de\/uhr-mappemonde\/#local-main-organization-logo"},"image":{"@id":"https:\/\/www.eliassen.nl\/de\/uhr-mappemonde\/#local-main-organization-logo"},"sameAs":["https:\/\/www.facebook.com\/TuincentrumEliassenAmmerzoden","https:\/\/www.instagram.com\/eliassenhomeandgarden\/","https:\/\/nl.pinterest.com\/eliassenhomeandgarden\/","https:\/\/www.youtube.com\/@eliassenhomegardenpleasure4558"],"telephone":[],"openingHoursSpecification":[{"@type":"OpeningHoursSpecification","dayOfWeek":["Monday","Tuesday","Wednesday","Thursday","Friday","Saturday","Sunday"],"opens":"09:00","closes":"17:00"}]},{"@type":"ImageObject","inLanguage":"de","@id":"https:\/\/www.eliassen.nl\/de\/uhr-mappemonde\/#local-main-organization-logo","url":"https:\/\/www.eliassen.nl\/wp-content\/uploads\/2024\/01\/logo_4nd.jpg","contentUrl":"https:\/\/www.eliassen.nl\/wp-content\/uploads\/2024\/01\/logo_4nd.jpg","width":500,"height":500,"caption":"Eliassen Home & Garden Pleasure"}]},"product_price_amount":"19.95","product_price_currency":"EUR","og_availability":"instock","product_availability":"instock","product_retailer_item_id":"2005902","product_condition":"new"},"df_price":19.95,"df_sale_price":19.95,"df_regular_price":37.5,"df_image_link":"https:\/\/www.eliassen.nl\/wp-content\/uploads\/2024\/01\/eliassenklokmappemonde.jpg","image":"https:\/\/www.eliassen.nl\/wp-content\/uploads\/2024\/01\/eliassenklokmappemonde.jpg","price_search":"<span class=\"woocommerce-Price-amount amount\"><bdi><span class=\"woocommerce-Price-currencySymbol\">&euro;<\/span>&nbsp;19,95<\/bdi><\/span>","category":"Wanddekoration","global_unique_id":"9501252289959","_links":{"self":[{"href":"https:\/\/www.eliassen.nl\/de\/wp-json\/wp\/v2\/product\/24943","targetHints":{"allow":["GET"]}}],"collection":[{"href":"https:\/\/www.eliassen.nl\/de\/wp-json\/wp\/v2\/product"}],"about":[{"href":"https:\/\/www.eliassen.nl\/de\/wp-json\/wp\/v2\/types\/product"}],"wp:featuredmedia":[{"embeddable":true,"href":"https:\/\/www.eliassen.nl\/de\/wp-json\/wp\/v2\/media\/24925"}],"wp:attachment":[{"href":"https:\/\/www.eliassen.nl\/de\/wp-json\/wp\/v2\/media?parent=24943"}],"wp:term":[{"taxonomy":"product_brand","embeddable":true,"href":"https:\/\/www.eliassen.nl\/de\/wp-json\/wp\/v2\/product_brand?post=24943"},{"taxonomy":"product_cat","embeddable":true,"href":"https:\/\/www.eliassen.nl\/de\/wp-json\/wp\/v2\/product_cat?post=24943"},{"taxonomy":"product_tag","embeddable":true,"href":"https:\/\/www.eliassen.nl\/de\/wp-json\/wp\/v2\/product_tag?post=24943"}],"curies":[{"name":"wp","href":"https:\/\/api.w.org\/{rel}","templated":true}]}}