{"id":24841,"date":"2020-09-04T16:59:26","date_gmt":"2020-09-04T16:59:26","guid":{"rendered":"https:\/\/www.eliassen.nl\/?product=metalen-gevechtsvliegtuig"},"modified":"2025-11-27T13:50:49","modified_gmt":"2025-11-27T12:50:49","slug":"metallkampfflugzeug","status":"publish","type":"product","link":"https:\/\/www.eliassen.nl\/de\/metallkampfflugzeug\/","title":{"rendered":"Metall-Kampfflugzeug"},"content":{"rendered":"<p>Sch\u00f6nes handgefertigtes Modell eines Kampfflugzeugs.<br \/>Hergestellt aus Zinn mit h\u00f6chster Genauigkeit, mit vielen kleinen Details.<br \/>Ein sehr sch\u00f6nes Dekorationsst\u00fcck f\u00fcr Ihr Zuhause oder Ihr Gesch\u00e4ft.<br \/>Farben und Details k\u00f6nnen leicht vom Foto abweichen, da es sich um handgefertigte Produkte handelt.<\/p>\n<ul>\n<li><strong>Fast alles aus dieser Serie k\u00f6nnen Sie sich auch in unserem Shop ansehen<\/strong><\/li>\n<li>Material: Wei\u00dfblech<\/li>\n<li>Gr\u00f6\u00dfe: 14x44x40 cm.<\/li>\n<li>Verpackt in stabilem Karton<\/li>\n<li>Schnelle Lieferung<\/li>\n<li>Bitte beachten Sie, dass es sich hierbei nicht um ein Spielzeug handelt.<\/li>\n<\/ul>\n","protected":false},"excerpt":{"rendered":"<p>Sch\u00f6nes handgefertigtes Modell eines Kampfflugzeugs.Hergestellt aus Zinn mit h\u00f6chster Genauigkeit, mit vielen kleinen Details.Ein sehr sch\u00f6nes Dekorationsst\u00fcck f\u00fcr Ihr Zuhause oder Ihr Gesch\u00e4ft.Farben und Details k\u00f6nnen leicht vom Foto abweichen, da es sich um handgefertigte Produkte handelt. Fast alles aus dieser Serie k\u00f6nnen Sie sich auch in unserem Shop ansehen Material: Wei\u00dfblech Gr\u00f6\u00dfe: 14x44x40 cm. &hellip;<\/p>\n","protected":false},"featured_media":24838,"template":"","meta":{"_acf_changed":false,"_genesis_title":"","_genesis_description":""},"product_brand":[7505],"product_cat":[659,668],"product_tag":[],"class_list":{"0":"post-24841","1":"product","2":"type-product","3":"status-publish","4":"has-post-thumbnail","6":"product_brand-sonstige","7":"product_cat-dekoration-aus-metall","8":"product_cat-miniaturfahrzeuge-aus-metall","10":"first","11":"instock","12":"taxable","13":"shipping-taxable","14":"purchasable","15":"product-type-simple"},"acf":[],"meta_all":{"total_sales":"0","wcml_sync_hash":{"postmeta_fields":"ca6902b5d5d9cbb9f6be786bdcc35f9a"},"attr_label_translations":[]},"meta_all_flat":{"total_sales":"0","wcml_sync_hash.postmeta_fields":"ca6902b5d5d9cbb9f6be786bdcc35f9a"},"yoast_head":"<!-- This site is optimized with the Yoast SEO Premium plugin v26.2 (Yoast SEO v27.2) - https:\/\/yoast.com\/product\/yoast-seo-premium-wordpress\/ -->\n<title>Metall-Kampfflugzeug<\/title>\n<meta name=\"description\" content=\"Suchen Sie eine Metallfigur? Bestellen Sie jetzt Metall-Kampfflugzeug. Kaufen Sie Metalldekoration einfach auf unserer Website. Gro\u00dfe Auswahl \u2713 Schnelle Lieferung\" \/>\n<meta name=\"robots\" content=\"index, follow, max-snippet:-1, max-image-preview:large, max-video-preview:-1\" \/>\n<link rel=\"canonical\" href=\"https:\/\/www.eliassen.nl\/de\/metallkampfflugzeug\/\" \/>\n<meta property=\"og:locale\" content=\"de_DE\" \/>\n<meta property=\"og:type\" content=\"article\" \/>\n<meta property=\"og:title\" content=\"Sonstige Metall-Kampfflugzeug - Eliassen.nl\" \/>\n<meta property=\"og:description\" content=\"Suchen Sie eine Metallfigur? Bestellen Sie jetzt Metall-Kampfflugzeug. Kaufen Sie Metalldekoration einfach auf unserer Website. Gro\u00dfe Auswahl \u2713 Schnelle Lieferung\" \/>\n<meta property=\"og:url\" content=\"https:\/\/www.eliassen.nl\/de\/metallkampfflugzeug\/\" \/>\n<meta property=\"og:site_name\" content=\"Eliassen.nl\" \/>\n<meta property=\"article:publisher\" content=\"https:\/\/www.facebook.com\/TuincentrumEliassenAmmerzoden\" \/>\n<meta property=\"article:modified_time\" content=\"2025-11-27T12:50:49+00:00\" \/>\n<meta property=\"og:image\" content=\"https:\/\/www.eliassen.nl\/wp-content\/uploads\/2024\/01\/eliassenmetalengevechtsvliegtuig.jpg\" \/>\n\t<meta property=\"og:image:width\" content=\"560\" \/>\n\t<meta property=\"og:image:height\" content=\"560\" \/>\n\t<meta property=\"og:image:type\" content=\"image\/jpeg\" \/>\n<meta name=\"twitter:card\" content=\"summary_large_image\" \/>\n<script type=\"application\/ld+json\" class=\"yoast-schema-graph\">{\"@context\":\"https:\/\/schema.org\",\"@graph\":[{\"@type\":\"WebPage\",\"@id\":\"https:\/\/www.eliassen.nl\/de\/metallkampfflugzeug\/\",\"url\":\"https:\/\/www.eliassen.nl\/de\/metallkampfflugzeug\/\",\"name\":\"Metall-Kampfflugzeug\",\"isPartOf\":{\"@id\":\"https:\/\/www.eliassen.nl\/de\/#website\"},\"primaryImageOfPage\":{\"@id\":\"https:\/\/www.eliassen.nl\/de\/metallkampfflugzeug\/#primaryimage\"},\"image\":{\"@id\":\"https:\/\/www.eliassen.nl\/de\/metallkampfflugzeug\/#primaryimage\"},\"thumbnailUrl\":\"https:\/\/www.eliassen.nl\/wp-content\/uploads\/2024\/01\/eliassenmetalengevechtsvliegtuig.jpg\",\"datePublished\":\"2020-09-04T16:59:26+00:00\",\"dateModified\":\"2025-11-27T12:50:49+00:00\",\"description\":\"Suchen Sie eine Metallfigur? Bestellen Sie jetzt Metall-Kampfflugzeug. Kaufen Sie Metalldekoration einfach auf unserer Website. Gro\u00dfe Auswahl \u2713 Schnelle Lieferung\",\"breadcrumb\":{\"@id\":\"https:\/\/www.eliassen.nl\/de\/metallkampfflugzeug\/#breadcrumb\"},\"inLanguage\":\"de\",\"potentialAction\":[{\"@type\":\"ReadAction\",\"target\":[\"https:\/\/www.eliassen.nl\/de\/metallkampfflugzeug\/\"]}]},{\"@type\":\"ImageObject\",\"inLanguage\":\"de\",\"@id\":\"https:\/\/www.eliassen.nl\/de\/metallkampfflugzeug\/#primaryimage\",\"url\":\"https:\/\/www.eliassen.nl\/wp-content\/uploads\/2024\/01\/eliassenmetalengevechtsvliegtuig.jpg\",\"contentUrl\":\"https:\/\/www.eliassen.nl\/wp-content\/uploads\/2024\/01\/eliassenmetalengevechtsvliegtuig.jpg\",\"width\":560,\"height\":560,\"caption\":\"Eliassen Metall-Kampfflugzeug\"},{\"@type\":\"BreadcrumbList\",\"@id\":\"https:\/\/www.eliassen.nl\/de\/metallkampfflugzeug\/#breadcrumb\",\"itemListElement\":[{\"@type\":\"ListItem\",\"position\":1,\"name\":\"Home\",\"item\":\"https:\/\/www.eliassen.nl\/de\/\"},{\"@type\":\"ListItem\",\"position\":2,\"name\":\"Shop\",\"item\":\"https:\/\/www.eliassen.nl\/de\/shop\/\"},{\"@type\":\"ListItem\",\"position\":3,\"name\":\"Dekoration aus Metall\",\"item\":\"https:\/\/www.eliassen.nl\/de\/dekoration-aus-metall\/\"},{\"@type\":\"ListItem\",\"position\":4,\"name\":\"Miniaturfahrzeuge aus Metall\",\"item\":\"https:\/\/www.eliassen.nl\/de\/dekoration-aus-metall\/miniaturfahrzeuge-aus-metall\/\"},{\"@type\":\"ListItem\",\"position\":5,\"name\":\"Metall-Kampfflugzeug\"}]},{\"@type\":\"WebSite\",\"@id\":\"https:\/\/www.eliassen.nl\/de\/#website\",\"url\":\"https:\/\/www.eliassen.nl\/de\/\",\"name\":\"Eliassen Home & Garden Pleasure\",\"description\":\"\",\"publisher\":{\"@id\":\"https:\/\/www.eliassen.nl\/de\/#organization\"},\"alternateName\":\"Eliassen.nl\",\"potentialAction\":[{\"@type\":\"SearchAction\",\"target\":{\"@type\":\"EntryPoint\",\"urlTemplate\":\"https:\/\/www.eliassen.nl\/de\/?s={search_term_string}\"},\"query-input\":{\"@type\":\"PropertyValueSpecification\",\"valueRequired\":true,\"valueName\":\"search_term_string\"}}],\"inLanguage\":\"de\"},{\"@type\":[\"Organization\",\"Place\"],\"@id\":\"https:\/\/www.eliassen.nl\/de\/#organization\",\"name\":\"Eliassen Home & Garden Pleasure\",\"url\":\"https:\/\/www.eliassen.nl\/de\/\",\"logo\":{\"@id\":\"https:\/\/www.eliassen.nl\/de\/metallkampfflugzeug\/#local-main-organization-logo\"},\"image\":{\"@id\":\"https:\/\/www.eliassen.nl\/de\/metallkampfflugzeug\/#local-main-organization-logo\"},\"sameAs\":[\"https:\/\/www.facebook.com\/TuincentrumEliassenAmmerzoden\",\"https:\/\/www.instagram.com\/eliassenhomeandgarden\/\",\"https:\/\/nl.pinterest.com\/eliassenhomeandgarden\/\",\"https:\/\/www.youtube.com\/@eliassenhomegardenpleasure4558\"],\"telephone\":[],\"openingHoursSpecification\":[{\"@type\":\"OpeningHoursSpecification\",\"dayOfWeek\":[\"Monday\",\"Tuesday\",\"Wednesday\",\"Thursday\",\"Friday\",\"Saturday\",\"Sunday\"],\"opens\":\"09:00\",\"closes\":\"17:00\"}]},{\"@type\":\"ImageObject\",\"inLanguage\":\"de\",\"@id\":\"https:\/\/www.eliassen.nl\/de\/metallkampfflugzeug\/#local-main-organization-logo\",\"url\":\"https:\/\/www.eliassen.nl\/wp-content\/uploads\/2024\/01\/logo_4nd.jpg\",\"contentUrl\":\"https:\/\/www.eliassen.nl\/wp-content\/uploads\/2024\/01\/logo_4nd.jpg\",\"width\":500,\"height\":500,\"caption\":\"Eliassen Home & Garden Pleasure\"}]}<\/script>\n<meta property=\"product:price:amount\" content=\"37.50\" \/>\n<meta property=\"product:price:currency\" content=\"EUR\" \/>\n<meta property=\"og:availability\" content=\"instock\" \/>\n<meta property=\"product:availability\" content=\"instock\" \/>\n<meta property=\"product:retailer_item_id\" content=\"Bl-309\" \/>\n<meta property=\"product:condition\" content=\"new\" \/>\n<!-- \/ Yoast SEO Premium plugin. -->","yoast_head_json":{"title":"Metall-Kampfflugzeug","description":"Suchen Sie eine Metallfigur? Bestellen Sie jetzt Metall-Kampfflugzeug. Kaufen Sie Metalldekoration einfach auf unserer Website. Gro\u00dfe Auswahl \u2713 Schnelle Lieferung","robots":{"index":"index","follow":"follow","max-snippet":"max-snippet:-1","max-image-preview":"max-image-preview:large","max-video-preview":"max-video-preview:-1"},"canonical":"https:\/\/www.eliassen.nl\/de\/metallkampfflugzeug\/","og_locale":"de_DE","og_type":"article","og_title":"Sonstige Metall-Kampfflugzeug - Eliassen.nl","og_description":"Suchen Sie eine Metallfigur? Bestellen Sie jetzt Metall-Kampfflugzeug. Kaufen Sie Metalldekoration einfach auf unserer Website. Gro\u00dfe Auswahl \u2713 Schnelle Lieferung","og_url":"https:\/\/www.eliassen.nl\/de\/metallkampfflugzeug\/","og_site_name":"Eliassen.nl","article_publisher":"https:\/\/www.facebook.com\/TuincentrumEliassenAmmerzoden","article_modified_time":"2025-11-27T12:50:49+00:00","og_image":[{"width":560,"height":560,"url":"https:\/\/www.eliassen.nl\/wp-content\/uploads\/2024\/01\/eliassenmetalengevechtsvliegtuig.jpg","type":"image\/jpeg"}],"twitter_card":"summary_large_image","schema":{"@context":"https:\/\/schema.org","@graph":[{"@type":"WebPage","@id":"https:\/\/www.eliassen.nl\/de\/metallkampfflugzeug\/","url":"https:\/\/www.eliassen.nl\/de\/metallkampfflugzeug\/","name":"Metall-Kampfflugzeug","isPartOf":{"@id":"https:\/\/www.eliassen.nl\/de\/#website"},"primaryImageOfPage":{"@id":"https:\/\/www.eliassen.nl\/de\/metallkampfflugzeug\/#primaryimage"},"image":{"@id":"https:\/\/www.eliassen.nl\/de\/metallkampfflugzeug\/#primaryimage"},"thumbnailUrl":"https:\/\/www.eliassen.nl\/wp-content\/uploads\/2024\/01\/eliassenmetalengevechtsvliegtuig.jpg","datePublished":"2020-09-04T16:59:26+00:00","dateModified":"2025-11-27T12:50:49+00:00","description":"Suchen Sie eine Metallfigur? Bestellen Sie jetzt Metall-Kampfflugzeug. Kaufen Sie Metalldekoration einfach auf unserer Website. Gro\u00dfe Auswahl \u2713 Schnelle Lieferung","breadcrumb":{"@id":"https:\/\/www.eliassen.nl\/de\/metallkampfflugzeug\/#breadcrumb"},"inLanguage":"de","potentialAction":[{"@type":"ReadAction","target":["https:\/\/www.eliassen.nl\/de\/metallkampfflugzeug\/"]}]},{"@type":"ImageObject","inLanguage":"de","@id":"https:\/\/www.eliassen.nl\/de\/metallkampfflugzeug\/#primaryimage","url":"https:\/\/www.eliassen.nl\/wp-content\/uploads\/2024\/01\/eliassenmetalengevechtsvliegtuig.jpg","contentUrl":"https:\/\/www.eliassen.nl\/wp-content\/uploads\/2024\/01\/eliassenmetalengevechtsvliegtuig.jpg","width":560,"height":560,"caption":"Eliassen Metall-Kampfflugzeug"},{"@type":"BreadcrumbList","@id":"https:\/\/www.eliassen.nl\/de\/metallkampfflugzeug\/#breadcrumb","itemListElement":[{"@type":"ListItem","position":1,"name":"Home","item":"https:\/\/www.eliassen.nl\/de\/"},{"@type":"ListItem","position":2,"name":"Shop","item":"https:\/\/www.eliassen.nl\/de\/shop\/"},{"@type":"ListItem","position":3,"name":"Dekoration aus Metall","item":"https:\/\/www.eliassen.nl\/de\/dekoration-aus-metall\/"},{"@type":"ListItem","position":4,"name":"Miniaturfahrzeuge aus Metall","item":"https:\/\/www.eliassen.nl\/de\/dekoration-aus-metall\/miniaturfahrzeuge-aus-metall\/"},{"@type":"ListItem","position":5,"name":"Metall-Kampfflugzeug"}]},{"@type":"WebSite","@id":"https:\/\/www.eliassen.nl\/de\/#website","url":"https:\/\/www.eliassen.nl\/de\/","name":"Eliassen Home & Garden Pleasure","description":"","publisher":{"@id":"https:\/\/www.eliassen.nl\/de\/#organization"},"alternateName":"Eliassen.nl","potentialAction":[{"@type":"SearchAction","target":{"@type":"EntryPoint","urlTemplate":"https:\/\/www.eliassen.nl\/de\/?s={search_term_string}"},"query-input":{"@type":"PropertyValueSpecification","valueRequired":true,"valueName":"search_term_string"}}],"inLanguage":"de"},{"@type":["Organization","Place"],"@id":"https:\/\/www.eliassen.nl\/de\/#organization","name":"Eliassen Home & Garden Pleasure","url":"https:\/\/www.eliassen.nl\/de\/","logo":{"@id":"https:\/\/www.eliassen.nl\/de\/metallkampfflugzeug\/#local-main-organization-logo"},"image":{"@id":"https:\/\/www.eliassen.nl\/de\/metallkampfflugzeug\/#local-main-organization-logo"},"sameAs":["https:\/\/www.facebook.com\/TuincentrumEliassenAmmerzoden","https:\/\/www.instagram.com\/eliassenhomeandgarden\/","https:\/\/nl.pinterest.com\/eliassenhomeandgarden\/","https:\/\/www.youtube.com\/@eliassenhomegardenpleasure4558"],"telephone":[],"openingHoursSpecification":[{"@type":"OpeningHoursSpecification","dayOfWeek":["Monday","Tuesday","Wednesday","Thursday","Friday","Saturday","Sunday"],"opens":"09:00","closes":"17:00"}]},{"@type":"ImageObject","inLanguage":"de","@id":"https:\/\/www.eliassen.nl\/de\/metallkampfflugzeug\/#local-main-organization-logo","url":"https:\/\/www.eliassen.nl\/wp-content\/uploads\/2024\/01\/logo_4nd.jpg","contentUrl":"https:\/\/www.eliassen.nl\/wp-content\/uploads\/2024\/01\/logo_4nd.jpg","width":500,"height":500,"caption":"Eliassen Home & Garden Pleasure"}]},"product_price_amount":"37.50","product_price_currency":"EUR","og_availability":"instock","product_availability":"instock","product_retailer_item_id":"Bl-309","product_condition":"new"},"df_price":37.5,"df_sale_price":"","df_regular_price":37.5,"df_image_link":"https:\/\/www.eliassen.nl\/wp-content\/uploads\/2024\/01\/eliassenmetalengevechtsvliegtuig.jpg","image":"https:\/\/www.eliassen.nl\/wp-content\/uploads\/2024\/01\/eliassenmetalengevechtsvliegtuig.jpg","price_search":"<span class=\"woocommerce-Price-amount amount\"><bdi><span class=\"woocommerce-Price-currencySymbol\">&euro;<\/span>&nbsp;37,50<\/bdi><\/span>","category":"Dekoration aus Metall","global_unique_id":"9507352863693","_links":{"self":[{"href":"https:\/\/www.eliassen.nl\/de\/wp-json\/wp\/v2\/product\/24841","targetHints":{"allow":["GET"]}}],"collection":[{"href":"https:\/\/www.eliassen.nl\/de\/wp-json\/wp\/v2\/product"}],"about":[{"href":"https:\/\/www.eliassen.nl\/de\/wp-json\/wp\/v2\/types\/product"}],"wp:featuredmedia":[{"embeddable":true,"href":"https:\/\/www.eliassen.nl\/de\/wp-json\/wp\/v2\/media\/24838"}],"wp:attachment":[{"href":"https:\/\/www.eliassen.nl\/de\/wp-json\/wp\/v2\/media?parent=24841"}],"wp:term":[{"taxonomy":"product_brand","embeddable":true,"href":"https:\/\/www.eliassen.nl\/de\/wp-json\/wp\/v2\/product_brand?post=24841"},{"taxonomy":"product_cat","embeddable":true,"href":"https:\/\/www.eliassen.nl\/de\/wp-json\/wp\/v2\/product_cat?post=24841"},{"taxonomy":"product_tag","embeddable":true,"href":"https:\/\/www.eliassen.nl\/de\/wp-json\/wp\/v2\/product_tag?post=24841"}],"curies":[{"name":"wp","href":"https:\/\/api.w.org\/{rel}","templated":true}]}}