{"id":24601,"date":"2020-08-11T12:26:50","date_gmt":"2020-08-11T12:26:50","guid":{"rendered":"https:\/\/www.eliassen.nl\/?product=vogelbad-op-hoge-voet-gietijzer"},"modified":"2025-11-27T14:42:37","modified_gmt":"2025-11-27T13:42:37","slug":"vogelbad-auf-hochbasiertem-gusseisen","status":"publish","type":"product","link":"https:\/\/www.eliassen.nl\/de\/vogelbad-auf-hochbasiertem-gusseisen\/","title":{"rendered":"Vogeltr\u00e4nke auf hohem Sockel aus Gusseisen"},"content":{"rendered":"<p>Bieten Sie V\u00f6geln eine sichere und erh\u00f6hte Wasserstelle mit dieser klassischen und dekorativen Vogeltr\u00e4nke. Dank seines Standfu\u00dfes kann er \u00fcberall aufgestellt werden. Ein Vogel hat sich bereits auf der Kante niedergelassen, und es liegt an den anderen V\u00f6geln, ihm so schnell wie m\u00f6glich zu folgen. Dar\u00fcber hinaus eignet sich diese Vogeltr\u00e4nke auch hervorragend als Futterschale.<\/p>\n<p>&#8211; geeignet als Vogelbad oder Futterschale<\/p>\n<p>&#8211; leicht zu montieren<\/p>\n<p>Gr\u00f6\u00dfe 22x22x38 cm. hoch<\/p>\n","protected":false},"excerpt":{"rendered":"<p>Bieten Sie V\u00f6geln eine sichere und erh\u00f6hte Wasserstelle mit dieser klassischen und dekorativen Vogeltr\u00e4nke. Dank seines Standfu\u00dfes kann er \u00fcberall aufgestellt werden. Ein Vogel hat sich bereits auf der Kante niedergelassen, und es liegt an den anderen V\u00f6geln, ihm so schnell wie m\u00f6glich zu folgen. Dar\u00fcber hinaus eignet sich diese Vogeltr\u00e4nke auch hervorragend als Futterschale. &hellip;<\/p>\n","protected":false},"featured_media":24598,"template":"","meta":{"_acf_changed":false,"_genesis_title":"","_genesis_description":""},"product_brand":[7505],"product_cat":[707],"product_tag":[],"class_list":{"0":"post-24601","1":"product","2":"type-product","3":"status-publish","4":"has-post-thumbnail","6":"product_brand-sonstige","7":"product_cat-vogeltraenken","9":"first","10":"instock","11":"taxable","12":"shipping-taxable","13":"purchasable","14":"product-type-simple"},"acf":[],"meta_all":{"total_sales":"5","wcml_sync_hash":{"postmeta_fields":"97c55464d006193cc31d21d6d1736a1a"},"attr_label_translations":[]},"meta_all_flat":{"total_sales":"5","wcml_sync_hash.postmeta_fields":"97c55464d006193cc31d21d6d1736a1a"},"yoast_head":"<!-- This site is optimized with the Yoast SEO Premium plugin v26.2 (Yoast SEO v27.2) - https:\/\/yoast.com\/product\/yoast-seo-premium-wordpress\/ -->\n<title>Vogeltr\u00e4nke auf hohem Sockel aus Gusseisen | Eliassen<\/title>\n<meta name=\"description\" content=\"Bei Eliassen k\u00f6nnen Sie Bird Bath auf Gusseisen mit hohem Sockel online kaufen oder live im Ausstellungsraum betrachten. Wir haben die sch\u00f6nsten Vogeltr\u00e4nken\" \/>\n<meta name=\"robots\" content=\"index, follow, max-snippet:-1, max-image-preview:large, max-video-preview:-1\" \/>\n<link rel=\"canonical\" href=\"https:\/\/www.eliassen.nl\/de\/vogelbad-auf-hochbasiertem-gusseisen\/\" \/>\n<meta property=\"og:locale\" content=\"de_DE\" \/>\n<meta property=\"og:type\" content=\"article\" \/>\n<meta property=\"og:title\" content=\"Sonstige Vogeltr\u00e4nke auf hohem Sockel aus Gusseisen - Eliassen.nl\" \/>\n<meta property=\"og:description\" content=\"Bei Eliassen k\u00f6nnen Sie Bird Bath auf Gusseisen mit hohem Sockel online kaufen oder live im Ausstellungsraum betrachten. Wir haben die sch\u00f6nsten Vogeltr\u00e4nken\" \/>\n<meta property=\"og:url\" content=\"https:\/\/www.eliassen.nl\/de\/vogelbad-auf-hochbasiertem-gusseisen\/\" \/>\n<meta property=\"og:site_name\" content=\"Eliassen.nl\" \/>\n<meta property=\"article:publisher\" content=\"https:\/\/www.facebook.com\/TuincentrumEliassenAmmerzoden\" \/>\n<meta property=\"article:modified_time\" content=\"2025-11-27T13:42:37+00:00\" \/>\n<meta property=\"og:image\" content=\"https:\/\/www.eliassen.nl\/wp-content\/uploads\/2024\/01\/eliassenvogelbadophogevoetgietijzer.png\" \/>\n\t<meta property=\"og:image:width\" content=\"270\" \/>\n\t<meta property=\"og:image:height\" content=\"270\" \/>\n\t<meta property=\"og:image:type\" content=\"image\/png\" \/>\n<meta name=\"twitter:card\" content=\"summary_large_image\" \/>\n<script type=\"application\/ld+json\" class=\"yoast-schema-graph\">{\"@context\":\"https:\/\/schema.org\",\"@graph\":[{\"@type\":\"WebPage\",\"@id\":\"https:\/\/www.eliassen.nl\/de\/vogelbad-auf-hochbasiertem-gusseisen\/\",\"url\":\"https:\/\/www.eliassen.nl\/de\/vogelbad-auf-hochbasiertem-gusseisen\/\",\"name\":\"Vogeltr\u00e4nke auf hohem Sockel aus Gusseisen | Eliassen\",\"isPartOf\":{\"@id\":\"https:\/\/www.eliassen.nl\/de\/#website\"},\"primaryImageOfPage\":{\"@id\":\"https:\/\/www.eliassen.nl\/de\/vogelbad-auf-hochbasiertem-gusseisen\/#primaryimage\"},\"image\":{\"@id\":\"https:\/\/www.eliassen.nl\/de\/vogelbad-auf-hochbasiertem-gusseisen\/#primaryimage\"},\"thumbnailUrl\":\"https:\/\/www.eliassen.nl\/wp-content\/uploads\/2024\/01\/eliassenvogelbadophogevoetgietijzer.png\",\"datePublished\":\"2020-08-11T12:26:50+00:00\",\"dateModified\":\"2025-11-27T13:42:37+00:00\",\"description\":\"Bei Eliassen k\u00f6nnen Sie Bird Bath auf Gusseisen mit hohem Sockel online kaufen oder live im Ausstellungsraum betrachten. Wir haben die sch\u00f6nsten Vogeltr\u00e4nken\",\"breadcrumb\":{\"@id\":\"https:\/\/www.eliassen.nl\/de\/vogelbad-auf-hochbasiertem-gusseisen\/#breadcrumb\"},\"inLanguage\":\"de\",\"potentialAction\":[{\"@type\":\"ReadAction\",\"target\":[\"https:\/\/www.eliassen.nl\/de\/vogelbad-auf-hochbasiertem-gusseisen\/\"]}]},{\"@type\":\"ImageObject\",\"inLanguage\":\"de\",\"@id\":\"https:\/\/www.eliassen.nl\/de\/vogelbad-auf-hochbasiertem-gusseisen\/#primaryimage\",\"url\":\"https:\/\/www.eliassen.nl\/wp-content\/uploads\/2024\/01\/eliassenvogelbadophogevoetgietijzer.png\",\"contentUrl\":\"https:\/\/www.eliassen.nl\/wp-content\/uploads\/2024\/01\/eliassenvogelbadophogevoetgietijzer.png\",\"width\":270,\"height\":270,\"caption\":\"Eliassen Vogelbad auf hohem Sockel aus Gusseisen\"},{\"@type\":\"BreadcrumbList\",\"@id\":\"https:\/\/www.eliassen.nl\/de\/vogelbad-auf-hochbasiertem-gusseisen\/#breadcrumb\",\"itemListElement\":[{\"@type\":\"ListItem\",\"position\":1,\"name\":\"Home\",\"item\":\"https:\/\/www.eliassen.nl\/de\/\"},{\"@type\":\"ListItem\",\"position\":2,\"name\":\"Shop\",\"item\":\"https:\/\/www.eliassen.nl\/de\/shop\/\"},{\"@type\":\"ListItem\",\"position\":3,\"name\":\"Vogeltr\u00e4nken\",\"item\":\"https:\/\/www.eliassen.nl\/de\/vogeltraenken\/\"},{\"@type\":\"ListItem\",\"position\":4,\"name\":\"Vogeltr\u00e4nke auf hohem Sockel aus Gusseisen\"}]},{\"@type\":\"WebSite\",\"@id\":\"https:\/\/www.eliassen.nl\/de\/#website\",\"url\":\"https:\/\/www.eliassen.nl\/de\/\",\"name\":\"Eliassen Home & Garden Pleasure\",\"description\":\"\",\"publisher\":{\"@id\":\"https:\/\/www.eliassen.nl\/de\/#organization\"},\"alternateName\":\"Eliassen.nl\",\"potentialAction\":[{\"@type\":\"SearchAction\",\"target\":{\"@type\":\"EntryPoint\",\"urlTemplate\":\"https:\/\/www.eliassen.nl\/de\/?s={search_term_string}\"},\"query-input\":{\"@type\":\"PropertyValueSpecification\",\"valueRequired\":true,\"valueName\":\"search_term_string\"}}],\"inLanguage\":\"de\"},{\"@type\":[\"Organization\",\"Place\"],\"@id\":\"https:\/\/www.eliassen.nl\/de\/#organization\",\"name\":\"Eliassen Home & Garden Pleasure\",\"url\":\"https:\/\/www.eliassen.nl\/de\/\",\"logo\":{\"@id\":\"https:\/\/www.eliassen.nl\/de\/vogelbad-auf-hochbasiertem-gusseisen\/#local-main-organization-logo\"},\"image\":{\"@id\":\"https:\/\/www.eliassen.nl\/de\/vogelbad-auf-hochbasiertem-gusseisen\/#local-main-organization-logo\"},\"sameAs\":[\"https:\/\/www.facebook.com\/TuincentrumEliassenAmmerzoden\",\"https:\/\/www.instagram.com\/eliassenhomeandgarden\/\",\"https:\/\/nl.pinterest.com\/eliassenhomeandgarden\/\",\"https:\/\/www.youtube.com\/@eliassenhomegardenpleasure4558\"],\"telephone\":[],\"openingHoursSpecification\":[{\"@type\":\"OpeningHoursSpecification\",\"dayOfWeek\":[\"Monday\",\"Tuesday\",\"Wednesday\",\"Thursday\",\"Friday\",\"Saturday\",\"Sunday\"],\"opens\":\"09:00\",\"closes\":\"17:00\"}]},{\"@type\":\"ImageObject\",\"inLanguage\":\"de\",\"@id\":\"https:\/\/www.eliassen.nl\/de\/vogelbad-auf-hochbasiertem-gusseisen\/#local-main-organization-logo\",\"url\":\"https:\/\/www.eliassen.nl\/wp-content\/uploads\/2024\/01\/logo_4nd.jpg\",\"contentUrl\":\"https:\/\/www.eliassen.nl\/wp-content\/uploads\/2024\/01\/logo_4nd.jpg\",\"width\":500,\"height\":500,\"caption\":\"Eliassen Home & Garden Pleasure\"}]}<\/script>\n<meta property=\"product:price:amount\" content=\"24.50\" \/>\n<meta property=\"product:price:currency\" content=\"EUR\" \/>\n<meta property=\"og:availability\" content=\"instock\" \/>\n<meta property=\"product:availability\" content=\"instock\" \/>\n<meta property=\"product:retailer_item_id\" content=\"Fb165\" \/>\n<meta property=\"product:condition\" content=\"new\" \/>\n<!-- \/ Yoast SEO Premium plugin. -->","yoast_head_json":{"title":"Vogeltr\u00e4nke auf hohem Sockel aus Gusseisen | Eliassen","description":"Bei Eliassen k\u00f6nnen Sie Bird Bath auf Gusseisen mit hohem Sockel online kaufen oder live im Ausstellungsraum betrachten. Wir haben die sch\u00f6nsten Vogeltr\u00e4nken","robots":{"index":"index","follow":"follow","max-snippet":"max-snippet:-1","max-image-preview":"max-image-preview:large","max-video-preview":"max-video-preview:-1"},"canonical":"https:\/\/www.eliassen.nl\/de\/vogelbad-auf-hochbasiertem-gusseisen\/","og_locale":"de_DE","og_type":"article","og_title":"Sonstige Vogeltr\u00e4nke auf hohem Sockel aus Gusseisen - Eliassen.nl","og_description":"Bei Eliassen k\u00f6nnen Sie Bird Bath auf Gusseisen mit hohem Sockel online kaufen oder live im Ausstellungsraum betrachten. Wir haben die sch\u00f6nsten Vogeltr\u00e4nken","og_url":"https:\/\/www.eliassen.nl\/de\/vogelbad-auf-hochbasiertem-gusseisen\/","og_site_name":"Eliassen.nl","article_publisher":"https:\/\/www.facebook.com\/TuincentrumEliassenAmmerzoden","article_modified_time":"2025-11-27T13:42:37+00:00","og_image":[{"width":270,"height":270,"url":"https:\/\/www.eliassen.nl\/wp-content\/uploads\/2024\/01\/eliassenvogelbadophogevoetgietijzer.png","type":"image\/png"}],"twitter_card":"summary_large_image","schema":{"@context":"https:\/\/schema.org","@graph":[{"@type":"WebPage","@id":"https:\/\/www.eliassen.nl\/de\/vogelbad-auf-hochbasiertem-gusseisen\/","url":"https:\/\/www.eliassen.nl\/de\/vogelbad-auf-hochbasiertem-gusseisen\/","name":"Vogeltr\u00e4nke auf hohem Sockel aus Gusseisen | Eliassen","isPartOf":{"@id":"https:\/\/www.eliassen.nl\/de\/#website"},"primaryImageOfPage":{"@id":"https:\/\/www.eliassen.nl\/de\/vogelbad-auf-hochbasiertem-gusseisen\/#primaryimage"},"image":{"@id":"https:\/\/www.eliassen.nl\/de\/vogelbad-auf-hochbasiertem-gusseisen\/#primaryimage"},"thumbnailUrl":"https:\/\/www.eliassen.nl\/wp-content\/uploads\/2024\/01\/eliassenvogelbadophogevoetgietijzer.png","datePublished":"2020-08-11T12:26:50+00:00","dateModified":"2025-11-27T13:42:37+00:00","description":"Bei Eliassen k\u00f6nnen Sie Bird Bath auf Gusseisen mit hohem Sockel online kaufen oder live im Ausstellungsraum betrachten. Wir haben die sch\u00f6nsten Vogeltr\u00e4nken","breadcrumb":{"@id":"https:\/\/www.eliassen.nl\/de\/vogelbad-auf-hochbasiertem-gusseisen\/#breadcrumb"},"inLanguage":"de","potentialAction":[{"@type":"ReadAction","target":["https:\/\/www.eliassen.nl\/de\/vogelbad-auf-hochbasiertem-gusseisen\/"]}]},{"@type":"ImageObject","inLanguage":"de","@id":"https:\/\/www.eliassen.nl\/de\/vogelbad-auf-hochbasiertem-gusseisen\/#primaryimage","url":"https:\/\/www.eliassen.nl\/wp-content\/uploads\/2024\/01\/eliassenvogelbadophogevoetgietijzer.png","contentUrl":"https:\/\/www.eliassen.nl\/wp-content\/uploads\/2024\/01\/eliassenvogelbadophogevoetgietijzer.png","width":270,"height":270,"caption":"Eliassen Vogelbad auf hohem Sockel aus Gusseisen"},{"@type":"BreadcrumbList","@id":"https:\/\/www.eliassen.nl\/de\/vogelbad-auf-hochbasiertem-gusseisen\/#breadcrumb","itemListElement":[{"@type":"ListItem","position":1,"name":"Home","item":"https:\/\/www.eliassen.nl\/de\/"},{"@type":"ListItem","position":2,"name":"Shop","item":"https:\/\/www.eliassen.nl\/de\/shop\/"},{"@type":"ListItem","position":3,"name":"Vogeltr\u00e4nken","item":"https:\/\/www.eliassen.nl\/de\/vogeltraenken\/"},{"@type":"ListItem","position":4,"name":"Vogeltr\u00e4nke auf hohem Sockel aus Gusseisen"}]},{"@type":"WebSite","@id":"https:\/\/www.eliassen.nl\/de\/#website","url":"https:\/\/www.eliassen.nl\/de\/","name":"Eliassen Home & Garden Pleasure","description":"","publisher":{"@id":"https:\/\/www.eliassen.nl\/de\/#organization"},"alternateName":"Eliassen.nl","potentialAction":[{"@type":"SearchAction","target":{"@type":"EntryPoint","urlTemplate":"https:\/\/www.eliassen.nl\/de\/?s={search_term_string}"},"query-input":{"@type":"PropertyValueSpecification","valueRequired":true,"valueName":"search_term_string"}}],"inLanguage":"de"},{"@type":["Organization","Place"],"@id":"https:\/\/www.eliassen.nl\/de\/#organization","name":"Eliassen Home & Garden Pleasure","url":"https:\/\/www.eliassen.nl\/de\/","logo":{"@id":"https:\/\/www.eliassen.nl\/de\/vogelbad-auf-hochbasiertem-gusseisen\/#local-main-organization-logo"},"image":{"@id":"https:\/\/www.eliassen.nl\/de\/vogelbad-auf-hochbasiertem-gusseisen\/#local-main-organization-logo"},"sameAs":["https:\/\/www.facebook.com\/TuincentrumEliassenAmmerzoden","https:\/\/www.instagram.com\/eliassenhomeandgarden\/","https:\/\/nl.pinterest.com\/eliassenhomeandgarden\/","https:\/\/www.youtube.com\/@eliassenhomegardenpleasure4558"],"telephone":[],"openingHoursSpecification":[{"@type":"OpeningHoursSpecification","dayOfWeek":["Monday","Tuesday","Wednesday","Thursday","Friday","Saturday","Sunday"],"opens":"09:00","closes":"17:00"}]},{"@type":"ImageObject","inLanguage":"de","@id":"https:\/\/www.eliassen.nl\/de\/vogelbad-auf-hochbasiertem-gusseisen\/#local-main-organization-logo","url":"https:\/\/www.eliassen.nl\/wp-content\/uploads\/2024\/01\/logo_4nd.jpg","contentUrl":"https:\/\/www.eliassen.nl\/wp-content\/uploads\/2024\/01\/logo_4nd.jpg","width":500,"height":500,"caption":"Eliassen Home & Garden Pleasure"}]},"product_price_amount":"24.50","product_price_currency":"EUR","og_availability":"instock","product_availability":"instock","product_retailer_item_id":"Fb165","product_condition":"new"},"df_price":24.5,"df_sale_price":"","df_regular_price":24.5,"df_image_link":"https:\/\/www.eliassen.nl\/wp-content\/uploads\/2024\/01\/eliassenvogelbadophogevoetgietijzer.png","image":"https:\/\/www.eliassen.nl\/wp-content\/uploads\/2024\/01\/eliassenvogelbadophogevoetgietijzer.png","price_search":"<span class=\"woocommerce-Price-amount amount\"><bdi><span class=\"woocommerce-Price-currencySymbol\">&euro;<\/span>&nbsp;24,50<\/bdi><\/span>","category":"Vogeltr\u00e4nken","global_unique_id":"8714982042164","_links":{"self":[{"href":"https:\/\/www.eliassen.nl\/de\/wp-json\/wp\/v2\/product\/24601","targetHints":{"allow":["GET"]}}],"collection":[{"href":"https:\/\/www.eliassen.nl\/de\/wp-json\/wp\/v2\/product"}],"about":[{"href":"https:\/\/www.eliassen.nl\/de\/wp-json\/wp\/v2\/types\/product"}],"wp:featuredmedia":[{"embeddable":true,"href":"https:\/\/www.eliassen.nl\/de\/wp-json\/wp\/v2\/media\/24598"}],"wp:attachment":[{"href":"https:\/\/www.eliassen.nl\/de\/wp-json\/wp\/v2\/media?parent=24601"}],"wp:term":[{"taxonomy":"product_brand","embeddable":true,"href":"https:\/\/www.eliassen.nl\/de\/wp-json\/wp\/v2\/product_brand?post=24601"},{"taxonomy":"product_cat","embeddable":true,"href":"https:\/\/www.eliassen.nl\/de\/wp-json\/wp\/v2\/product_cat?post=24601"},{"taxonomy":"product_tag","embeddable":true,"href":"https:\/\/www.eliassen.nl\/de\/wp-json\/wp\/v2\/product_tag?post=24601"}],"curies":[{"name":"wp","href":"https:\/\/api.w.org\/{rel}","templated":true}]}}