{"id":24316,"date":"2020-07-06T12:09:59","date_gmt":"2020-07-06T12:09:59","guid":{"rendered":"https:\/\/www.eliassen.nl\/?product=tuinsteker-draairad"},"modified":"2025-11-27T14:02:06","modified_gmt":"2025-11-27T13:02:06","slug":"drehrad-fur-gartenstecker","status":"publish","type":"product","link":"https:\/\/www.eliassen.nl\/de\/drehrad-fur-gartenstecker\/","title":{"rendered":"Gartenpfahlwender"},"content":{"rendered":"<p>Diese mehrfarbige M\u00fchle ist in jedem Garten ein fr\u00f6hlicher Blickfang.<br \/>Dieses 124 cm gro\u00dfe Modell dreht sich schon bei leichtem Wind, da die drehenden Teile mit Kugellagern ausgestattet sind.  <br \/>Diese fr\u00f6hliche Windhose ist auch zum Verschenken oder Beschenken geeignet.<br \/>Ausgestattet mit einem stabilen Stift, so dass er in jeder Art von Boden fest steht.<br \/>Wird als Bausatz geliefert.<br \/>Dieses Modell ist auch in unserem Ausstellungsraum zu sehen.<\/p>\n<p>Diese Windturbine ist f\u00fcr einen leisen Betrieb ausgelegt. Bei starkem Wind oder Sturm sollte es also im Windschatten liegen.<\/p>\n<ul>\n<li>Gr\u00f6\u00dfe: 30 cm breit und 124 cm hoch.  <\/li>\n<li>Farbe: Mehrfarbig.<\/li>\n<li>Material: Metall.<\/li>\n<li>Schnelle Lieferung.<\/li>\n<li>Eigene Aktien.<\/li>\n<li>Bitte beachten Sie: Dies ist kein Spielzeug!<\/li>\n<li>Die beiden Schichten der Klingen drehen sich in entgegengesetzte Richtungen.<\/li>\n<\/ul>\n","protected":false},"excerpt":{"rendered":"<p>Diese mehrfarbige M\u00fchle ist in jedem Garten ein fr\u00f6hlicher Blickfang.Dieses 124 cm gro\u00dfe Modell dreht sich schon bei leichtem Wind, da die drehenden Teile mit Kugellagern ausgestattet sind. Diese fr\u00f6hliche Windhose ist auch zum Verschenken oder Beschenken geeignet.Ausgestattet mit einem stabilen Stift, so dass er in jeder Art von Boden fest steht.Wird als Bausatz geliefert.Dieses &hellip;<\/p>\n","protected":false},"featured_media":24313,"template":"","meta":{"_acf_changed":false,"_genesis_title":"","_genesis_description":""},"product_brand":[7505],"product_cat":[836,845],"product_tag":[],"class_list":{"0":"post-24316","1":"product","2":"type-product","3":"status-publish","4":"has-post-thumbnail","6":"product_brand-sonstige","7":"product_cat-gartenstecker","8":"product_cat-windmuehlen","10":"first","11":"instock","12":"taxable","13":"shipping-taxable","14":"purchasable","15":"product-type-simple"},"acf":[],"meta_all":{"total_sales":"1","wcml_sync_hash":{"postmeta_fields":"23fe5c76ff42dcd37d614bae3f1df441"},"attr_label_translations":[]},"meta_all_flat":{"total_sales":"1","wcml_sync_hash.postmeta_fields":"23fe5c76ff42dcd37d614bae3f1df441"},"yoast_head":"<!-- This site is optimized with the Yoast SEO Premium plugin v26.2 (Yoast SEO v27.2) - https:\/\/yoast.com\/product\/yoast-seo-premium-wordpress\/ -->\n<title>Gartenpfahl Drehrad - Eliassen<\/title>\n<meta name=\"description\" content=\"Suchen Sie einen Gartenhocker? Bestellen Sie jetzt Gartenpf\u00e4hle Drehscheibe. Kaufen Sie Metallfiguren ganz einfach auf unserer Website. Gro\u00dfe Auswahl \u2713 Schnelle Lieferung\" \/>\n<meta name=\"robots\" content=\"index, follow, max-snippet:-1, max-image-preview:large, max-video-preview:-1\" \/>\n<link rel=\"canonical\" href=\"https:\/\/www.eliassen.nl\/de\/drehrad-fur-gartenstecker\/\" \/>\n<meta property=\"og:locale\" content=\"de_DE\" \/>\n<meta property=\"og:type\" content=\"article\" \/>\n<meta property=\"og:title\" content=\"Sonstige Gartenpfahlwender - Eliassen.nl\" \/>\n<meta property=\"og:description\" content=\"Suchen Sie einen Gartenhocker? Bestellen Sie jetzt Gartenpf\u00e4hle Drehscheibe. Kaufen Sie Metallfiguren ganz einfach auf unserer Website. Gro\u00dfe Auswahl \u2713 Schnelle Lieferung\" \/>\n<meta property=\"og:url\" content=\"https:\/\/www.eliassen.nl\/de\/drehrad-fur-gartenstecker\/\" \/>\n<meta property=\"og:site_name\" content=\"Eliassen.nl\" \/>\n<meta property=\"article:publisher\" content=\"https:\/\/www.facebook.com\/TuincentrumEliassenAmmerzoden\" \/>\n<meta property=\"article:modified_time\" content=\"2025-11-27T13:02:06+00:00\" \/>\n<meta property=\"og:image\" content=\"https:\/\/www.eliassen.nl\/wp-content\/uploads\/2024\/01\/eliassentuinstekerdraairad.jpg\" \/>\n\t<meta property=\"og:image:width\" content=\"2048\" \/>\n\t<meta property=\"og:image:height\" content=\"1536\" \/>\n\t<meta property=\"og:image:type\" content=\"image\/jpeg\" \/>\n<meta name=\"twitter:card\" content=\"summary_large_image\" \/>\n<script type=\"application\/ld+json\" class=\"yoast-schema-graph\">{\"@context\":\"https:\/\/schema.org\",\"@graph\":[{\"@type\":\"WebPage\",\"@id\":\"https:\/\/www.eliassen.nl\/de\/drehrad-fur-gartenstecker\/\",\"url\":\"https:\/\/www.eliassen.nl\/de\/drehrad-fur-gartenstecker\/\",\"name\":\"Gartenpfahl Drehrad - Eliassen\",\"isPartOf\":{\"@id\":\"https:\/\/www.eliassen.nl\/de\/#website\"},\"primaryImageOfPage\":{\"@id\":\"https:\/\/www.eliassen.nl\/de\/drehrad-fur-gartenstecker\/#primaryimage\"},\"image\":{\"@id\":\"https:\/\/www.eliassen.nl\/de\/drehrad-fur-gartenstecker\/#primaryimage\"},\"thumbnailUrl\":\"https:\/\/www.eliassen.nl\/wp-content\/uploads\/2024\/01\/eliassentuinstekerdraairad.jpg\",\"datePublished\":\"2020-07-06T12:09:59+00:00\",\"dateModified\":\"2025-11-27T13:02:06+00:00\",\"description\":\"Suchen Sie einen Gartenhocker? Bestellen Sie jetzt Gartenpf\u00e4hle Drehscheibe. Kaufen Sie Metallfiguren ganz einfach auf unserer Website. Gro\u00dfe Auswahl \u2713 Schnelle Lieferung\",\"breadcrumb\":{\"@id\":\"https:\/\/www.eliassen.nl\/de\/drehrad-fur-gartenstecker\/#breadcrumb\"},\"inLanguage\":\"de\",\"potentialAction\":[{\"@type\":\"ReadAction\",\"target\":[\"https:\/\/www.eliassen.nl\/de\/drehrad-fur-gartenstecker\/\"]}]},{\"@type\":\"ImageObject\",\"inLanguage\":\"de\",\"@id\":\"https:\/\/www.eliassen.nl\/de\/drehrad-fur-gartenstecker\/#primaryimage\",\"url\":\"https:\/\/www.eliassen.nl\/wp-content\/uploads\/2024\/01\/eliassentuinstekerdraairad.jpg\",\"contentUrl\":\"https:\/\/www.eliassen.nl\/wp-content\/uploads\/2024\/01\/eliassentuinstekerdraairad.jpg\",\"width\":2048,\"height\":1536,\"caption\":\"Eliassen Gartenstab-Drehrad\"},{\"@type\":\"BreadcrumbList\",\"@id\":\"https:\/\/www.eliassen.nl\/de\/drehrad-fur-gartenstecker\/#breadcrumb\",\"itemListElement\":[{\"@type\":\"ListItem\",\"position\":1,\"name\":\"Home\",\"item\":\"https:\/\/www.eliassen.nl\/de\/\"},{\"@type\":\"ListItem\",\"position\":2,\"name\":\"Shop\",\"item\":\"https:\/\/www.eliassen.nl\/de\/shop\/\"},{\"@type\":\"ListItem\",\"position\":3,\"name\":\"Gartenstecker\",\"item\":\"https:\/\/www.eliassen.nl\/de\/gartenstecker\/\"},{\"@type\":\"ListItem\",\"position\":4,\"name\":\"Windm\u00fchlen\",\"item\":\"https:\/\/www.eliassen.nl\/de\/gartenstecker\/windmuehlen\/\"},{\"@type\":\"ListItem\",\"position\":5,\"name\":\"Gartenpfahlwender\"}]},{\"@type\":\"WebSite\",\"@id\":\"https:\/\/www.eliassen.nl\/de\/#website\",\"url\":\"https:\/\/www.eliassen.nl\/de\/\",\"name\":\"Eliassen Home & Garden Pleasure\",\"description\":\"\",\"publisher\":{\"@id\":\"https:\/\/www.eliassen.nl\/de\/#organization\"},\"alternateName\":\"Eliassen.nl\",\"potentialAction\":[{\"@type\":\"SearchAction\",\"target\":{\"@type\":\"EntryPoint\",\"urlTemplate\":\"https:\/\/www.eliassen.nl\/de\/?s={search_term_string}\"},\"query-input\":{\"@type\":\"PropertyValueSpecification\",\"valueRequired\":true,\"valueName\":\"search_term_string\"}}],\"inLanguage\":\"de\"},{\"@type\":[\"Organization\",\"Place\"],\"@id\":\"https:\/\/www.eliassen.nl\/de\/#organization\",\"name\":\"Eliassen Home & Garden Pleasure\",\"url\":\"https:\/\/www.eliassen.nl\/de\/\",\"logo\":{\"@id\":\"https:\/\/www.eliassen.nl\/de\/drehrad-fur-gartenstecker\/#local-main-organization-logo\"},\"image\":{\"@id\":\"https:\/\/www.eliassen.nl\/de\/drehrad-fur-gartenstecker\/#local-main-organization-logo\"},\"sameAs\":[\"https:\/\/www.facebook.com\/TuincentrumEliassenAmmerzoden\",\"https:\/\/www.instagram.com\/eliassenhomeandgarden\/\",\"https:\/\/nl.pinterest.com\/eliassenhomeandgarden\/\",\"https:\/\/www.youtube.com\/@eliassenhomegardenpleasure4558\"],\"telephone\":[],\"openingHoursSpecification\":[{\"@type\":\"OpeningHoursSpecification\",\"dayOfWeek\":[\"Monday\",\"Tuesday\",\"Wednesday\",\"Thursday\",\"Friday\",\"Saturday\",\"Sunday\"],\"opens\":\"09:00\",\"closes\":\"17:00\"}]},{\"@type\":\"ImageObject\",\"inLanguage\":\"de\",\"@id\":\"https:\/\/www.eliassen.nl\/de\/drehrad-fur-gartenstecker\/#local-main-organization-logo\",\"url\":\"https:\/\/www.eliassen.nl\/wp-content\/uploads\/2024\/01\/logo_4nd.jpg\",\"contentUrl\":\"https:\/\/www.eliassen.nl\/wp-content\/uploads\/2024\/01\/logo_4nd.jpg\",\"width\":500,\"height\":500,\"caption\":\"Eliassen Home & Garden Pleasure\"}]}<\/script>\n<meta property=\"product:price:amount\" content=\"28.50\" \/>\n<meta property=\"product:price:currency\" content=\"EUR\" \/>\n<meta property=\"og:availability\" content=\"instock\" \/>\n<meta property=\"product:availability\" content=\"instock\" \/>\n<meta property=\"product:retailer_item_id\" content=\"571298\" \/>\n<meta property=\"product:condition\" content=\"new\" \/>\n<!-- \/ Yoast SEO Premium plugin. -->","yoast_head_json":{"title":"Gartenpfahl Drehrad - Eliassen","description":"Suchen Sie einen Gartenhocker? Bestellen Sie jetzt Gartenpf\u00e4hle Drehscheibe. Kaufen Sie Metallfiguren ganz einfach auf unserer Website. Gro\u00dfe Auswahl \u2713 Schnelle Lieferung","robots":{"index":"index","follow":"follow","max-snippet":"max-snippet:-1","max-image-preview":"max-image-preview:large","max-video-preview":"max-video-preview:-1"},"canonical":"https:\/\/www.eliassen.nl\/de\/drehrad-fur-gartenstecker\/","og_locale":"de_DE","og_type":"article","og_title":"Sonstige Gartenpfahlwender - Eliassen.nl","og_description":"Suchen Sie einen Gartenhocker? Bestellen Sie jetzt Gartenpf\u00e4hle Drehscheibe. Kaufen Sie Metallfiguren ganz einfach auf unserer Website. Gro\u00dfe Auswahl \u2713 Schnelle Lieferung","og_url":"https:\/\/www.eliassen.nl\/de\/drehrad-fur-gartenstecker\/","og_site_name":"Eliassen.nl","article_publisher":"https:\/\/www.facebook.com\/TuincentrumEliassenAmmerzoden","article_modified_time":"2025-11-27T13:02:06+00:00","og_image":[{"width":2048,"height":1536,"url":"https:\/\/www.eliassen.nl\/wp-content\/uploads\/2024\/01\/eliassentuinstekerdraairad.jpg","type":"image\/jpeg"}],"twitter_card":"summary_large_image","schema":{"@context":"https:\/\/schema.org","@graph":[{"@type":"WebPage","@id":"https:\/\/www.eliassen.nl\/de\/drehrad-fur-gartenstecker\/","url":"https:\/\/www.eliassen.nl\/de\/drehrad-fur-gartenstecker\/","name":"Gartenpfahl Drehrad - Eliassen","isPartOf":{"@id":"https:\/\/www.eliassen.nl\/de\/#website"},"primaryImageOfPage":{"@id":"https:\/\/www.eliassen.nl\/de\/drehrad-fur-gartenstecker\/#primaryimage"},"image":{"@id":"https:\/\/www.eliassen.nl\/de\/drehrad-fur-gartenstecker\/#primaryimage"},"thumbnailUrl":"https:\/\/www.eliassen.nl\/wp-content\/uploads\/2024\/01\/eliassentuinstekerdraairad.jpg","datePublished":"2020-07-06T12:09:59+00:00","dateModified":"2025-11-27T13:02:06+00:00","description":"Suchen Sie einen Gartenhocker? Bestellen Sie jetzt Gartenpf\u00e4hle Drehscheibe. Kaufen Sie Metallfiguren ganz einfach auf unserer Website. Gro\u00dfe Auswahl \u2713 Schnelle Lieferung","breadcrumb":{"@id":"https:\/\/www.eliassen.nl\/de\/drehrad-fur-gartenstecker\/#breadcrumb"},"inLanguage":"de","potentialAction":[{"@type":"ReadAction","target":["https:\/\/www.eliassen.nl\/de\/drehrad-fur-gartenstecker\/"]}]},{"@type":"ImageObject","inLanguage":"de","@id":"https:\/\/www.eliassen.nl\/de\/drehrad-fur-gartenstecker\/#primaryimage","url":"https:\/\/www.eliassen.nl\/wp-content\/uploads\/2024\/01\/eliassentuinstekerdraairad.jpg","contentUrl":"https:\/\/www.eliassen.nl\/wp-content\/uploads\/2024\/01\/eliassentuinstekerdraairad.jpg","width":2048,"height":1536,"caption":"Eliassen Gartenstab-Drehrad"},{"@type":"BreadcrumbList","@id":"https:\/\/www.eliassen.nl\/de\/drehrad-fur-gartenstecker\/#breadcrumb","itemListElement":[{"@type":"ListItem","position":1,"name":"Home","item":"https:\/\/www.eliassen.nl\/de\/"},{"@type":"ListItem","position":2,"name":"Shop","item":"https:\/\/www.eliassen.nl\/de\/shop\/"},{"@type":"ListItem","position":3,"name":"Gartenstecker","item":"https:\/\/www.eliassen.nl\/de\/gartenstecker\/"},{"@type":"ListItem","position":4,"name":"Windm\u00fchlen","item":"https:\/\/www.eliassen.nl\/de\/gartenstecker\/windmuehlen\/"},{"@type":"ListItem","position":5,"name":"Gartenpfahlwender"}]},{"@type":"WebSite","@id":"https:\/\/www.eliassen.nl\/de\/#website","url":"https:\/\/www.eliassen.nl\/de\/","name":"Eliassen Home & Garden Pleasure","description":"","publisher":{"@id":"https:\/\/www.eliassen.nl\/de\/#organization"},"alternateName":"Eliassen.nl","potentialAction":[{"@type":"SearchAction","target":{"@type":"EntryPoint","urlTemplate":"https:\/\/www.eliassen.nl\/de\/?s={search_term_string}"},"query-input":{"@type":"PropertyValueSpecification","valueRequired":true,"valueName":"search_term_string"}}],"inLanguage":"de"},{"@type":["Organization","Place"],"@id":"https:\/\/www.eliassen.nl\/de\/#organization","name":"Eliassen Home & Garden Pleasure","url":"https:\/\/www.eliassen.nl\/de\/","logo":{"@id":"https:\/\/www.eliassen.nl\/de\/drehrad-fur-gartenstecker\/#local-main-organization-logo"},"image":{"@id":"https:\/\/www.eliassen.nl\/de\/drehrad-fur-gartenstecker\/#local-main-organization-logo"},"sameAs":["https:\/\/www.facebook.com\/TuincentrumEliassenAmmerzoden","https:\/\/www.instagram.com\/eliassenhomeandgarden\/","https:\/\/nl.pinterest.com\/eliassenhomeandgarden\/","https:\/\/www.youtube.com\/@eliassenhomegardenpleasure4558"],"telephone":[],"openingHoursSpecification":[{"@type":"OpeningHoursSpecification","dayOfWeek":["Monday","Tuesday","Wednesday","Thursday","Friday","Saturday","Sunday"],"opens":"09:00","closes":"17:00"}]},{"@type":"ImageObject","inLanguage":"de","@id":"https:\/\/www.eliassen.nl\/de\/drehrad-fur-gartenstecker\/#local-main-organization-logo","url":"https:\/\/www.eliassen.nl\/wp-content\/uploads\/2024\/01\/logo_4nd.jpg","contentUrl":"https:\/\/www.eliassen.nl\/wp-content\/uploads\/2024\/01\/logo_4nd.jpg","width":500,"height":500,"caption":"Eliassen Home & Garden Pleasure"}]},"product_price_amount":"28.50","product_price_currency":"EUR","og_availability":"instock","product_availability":"instock","product_retailer_item_id":"571298","product_condition":"new"},"df_price":28.5,"df_sale_price":"","df_regular_price":28.5,"df_image_link":"https:\/\/www.eliassen.nl\/wp-content\/uploads\/2024\/01\/eliassentuinstekerdraairad.jpg","image":"https:\/\/www.eliassen.nl\/wp-content\/uploads\/2024\/01\/eliassentuinstekerdraairad.jpg","price_search":"<span class=\"woocommerce-Price-amount amount\"><bdi><span class=\"woocommerce-Price-currencySymbol\">&euro;<\/span>&nbsp;28,50<\/bdi><\/span>","category":"Gartenstecker","global_unique_id":"4025809571298","_links":{"self":[{"href":"https:\/\/www.eliassen.nl\/de\/wp-json\/wp\/v2\/product\/24316","targetHints":{"allow":["GET"]}}],"collection":[{"href":"https:\/\/www.eliassen.nl\/de\/wp-json\/wp\/v2\/product"}],"about":[{"href":"https:\/\/www.eliassen.nl\/de\/wp-json\/wp\/v2\/types\/product"}],"wp:featuredmedia":[{"embeddable":true,"href":"https:\/\/www.eliassen.nl\/de\/wp-json\/wp\/v2\/media\/24313"}],"wp:attachment":[{"href":"https:\/\/www.eliassen.nl\/de\/wp-json\/wp\/v2\/media?parent=24316"}],"wp:term":[{"taxonomy":"product_brand","embeddable":true,"href":"https:\/\/www.eliassen.nl\/de\/wp-json\/wp\/v2\/product_brand?post=24316"},{"taxonomy":"product_cat","embeddable":true,"href":"https:\/\/www.eliassen.nl\/de\/wp-json\/wp\/v2\/product_cat?post=24316"},{"taxonomy":"product_tag","embeddable":true,"href":"https:\/\/www.eliassen.nl\/de\/wp-json\/wp\/v2\/product_tag?post=24316"}],"curies":[{"name":"wp","href":"https:\/\/api.w.org\/{rel}","templated":true}]}}