{"id":24280,"date":"2020-06-29T13:56:00","date_gmt":"2020-06-29T13:56:00","guid":{"rendered":"https:\/\/www.eliassen.nl\/?product=waterfontein-love-118cm"},"modified":"2026-01-16T13:48:23","modified_gmt":"2026-01-16T12:48:23","slug":"wasserbrunnen-mit-led-beleuchtung-love-118cm","status":"publish","type":"product","link":"https:\/\/www.eliassen.nl\/de\/wasserbrunnen-mit-led-beleuchtung-love-118cm\/","title":{"rendered":"Wasserfont\u00e4ne mit LED-Licht Liebe 118cm"},"content":{"rendered":"<p><video controls=\"controls\" width=\"300\" height=\"150\"><br \/>\n<\/video><br \/>\nEine robuste Wasserfont\u00e4ne mit LED-Leuchten, die \u00fcberall aufgestellt werden kann. Hergestellt aus dem starken und farbechten Polyresin. Sie k\u00f6nnen dieses Modell \u00fcberall aufstellen, denn es ist autark. Das liegt daran, dass sich die Wasserversorgung im Boden des Brunnens befindet.<\/p>\n<p>Sie k\u00f6nnen diesen Brunnen auch in Innenr\u00e4umen oder im B\u00fcro verwenden. Genie\u00dfen Sie den beruhigenden Klang des pl\u00e4tschernden Wassers und erh\u00f6hen Sie die Luftfeuchtigkeit f\u00fcr eine optimale Wohn- oder Arbeitsumgebung.<\/p>\n<p><strong>Dieses Modell steht nirgendwo anders zum Verkauf und kann auch in unserem Ausstellungsraum besichtigt werden.  <\/strong><\/p>\n<ul>\n<li>Gr\u00f6\u00dfe 36x27x118cm hoch<\/li>\n<li>Material: Polyresin<\/li>\n<li>Nicht gef\u00e4rbtes Modell, das Material hat diese Farbe von selbst<\/li>\n<li>Brillanter Effekt in der Dunkelheit<\/li>\n<li>Ausgestattet mit Pumpe und LED-Licht in warmwei\u00dfer Lichtfarbe, Kabel 10 Meter lang<\/li>\n<li>Garantie 1 Jahr, mit Ausnahme von Durchbrennen der Pumpe aufgrund von Trockenlauf<\/li>\n<li>Dieses Modell ist von einer Seite des Wasserlaufs<\/li>\n<li>Nirgendwo sonst zu verkaufen, propriet\u00e4res Modell.<\/li>\n<\/ul>\n","protected":false},"excerpt":{"rendered":"<p>Eine robuste Wasserfont\u00e4ne mit LED-Leuchten, die \u00fcberall aufgestellt werden kann. Hergestellt aus dem starken und farbechten Polyresin. Sie k\u00f6nnen dieses Modell \u00fcberall aufstellen, denn es ist autark. Das liegt daran, dass sich die Wasserversorgung im Boden des Brunnens befindet. Sie k\u00f6nnen diesen Brunnen auch in Innenr\u00e4umen oder im B\u00fcro verwenden. Genie\u00dfen Sie den beruhigenden Klang &hellip;<\/p>\n","protected":false},"featured_media":24259,"template":"","meta":{"_acf_changed":false,"_genesis_title":"","_genesis_description":""},"product_brand":[6916],"product_cat":[596,539,599,548,536,542,581,602],"product_tag":[7371],"class_list":{"0":"post-24280","1":"product","2":"type-product","3":"status-publish","4":"has-post-thumbnail","6":"product_brand-eliassen-de","7":"product_cat-auslass-fuer-wasserspiele","8":"product_cat-einzigartige-eigene-modelle-von-losen-wasserspiele","9":"product_cat-guenstige-wasserspiele","10":"product_cat-terrassenbrunnen","11":"product_cat-wassereigenschaften","12":"product_cat-wasserspiele-am-ausgang","13":"product_cat-wasserspiele-aus-kunststoff","14":"product_cat-zimmerbrunnen","15":"product_tag-kunststoff-wasserornamente","17":"first","18":"outofstock","19":"taxable","20":"shipping-taxable","21":"purchasable","22":"product-type-simple"},"acf":[],"meta_all":{"wcml_sync_hash":{"postmeta_fields":"b088b5e3b3322923ac7d1dd1cba2fe0a"},"attr_label_translations":[],"searchwp_related":"water fontein ledverlichting love 118cm love 118cm","total_sales":"9","cor_restricted_countries":[]},"meta_all_flat":{"wcml_sync_hash.postmeta_fields":"b088b5e3b3322923ac7d1dd1cba2fe0a","searchwp_related":"water fontein ledverlichting love 118cm love 118cm","total_sales":"9"},"yoast_head":"<!-- This site is optimized with the Yoast SEO Premium plugin v26.2 (Yoast SEO v27.2) - https:\/\/yoast.com\/product\/yoast-seo-premium-wordpress\/ -->\n<title>Steinerne Wasserfont\u00e4ne mit LED-Beleuchtung | 118cm | Eliassen.nl<\/title>\n<meta name=\"description\" content=\"Wasserornament aus Stein mit LED-Beleuchtung. Steinart: Polyresin. Nirgendwo sonst zu verkaufen! Ausgestattet mit Pumpe und LED-Licht. \u221a +300 Wasserornamente \u221a LIVE zu sehen!\" \/>\n<meta name=\"robots\" content=\"index, follow, max-snippet:-1, max-image-preview:large, max-video-preview:-1\" \/>\n<link rel=\"canonical\" href=\"https:\/\/www.eliassen.nl\/de\/wasserbrunnen-mit-led-beleuchtung-love-118cm\/\" \/>\n<meta property=\"og:locale\" content=\"de_DE\" \/>\n<meta property=\"og:type\" content=\"article\" \/>\n<meta property=\"og:title\" content=\"Eliassen Wasserfont\u00e4ne mit LED-Licht Liebe 118cm - Eliassen.nl\" \/>\n<meta property=\"og:description\" content=\"Wasserornament aus Stein mit LED-Beleuchtung. Steinart: Polyresin. Nirgendwo sonst zu verkaufen! Ausgestattet mit Pumpe und LED-Licht. \u221a +300 Wasserornamente \u221a LIVE zu sehen!\" \/>\n<meta property=\"og:url\" content=\"https:\/\/www.eliassen.nl\/de\/wasserbrunnen-mit-led-beleuchtung-love-118cm\/\" \/>\n<meta property=\"og:site_name\" content=\"Eliassen.nl\" \/>\n<meta property=\"article:publisher\" content=\"https:\/\/www.facebook.com\/TuincentrumEliassenAmmerzoden\" \/>\n<meta property=\"article:modified_time\" content=\"2026-01-16T12:48:23+00:00\" \/>\n<meta property=\"og:image\" content=\"https:\/\/www.eliassen.nl\/wp-content\/uploads\/2024\/01\/stenenwaterfonteinmetledverlichtinglove118cm.jpg\" \/>\n\t<meta property=\"og:image:width\" content=\"1365\" \/>\n\t<meta property=\"og:image:height\" content=\"2048\" \/>\n\t<meta property=\"og:image:type\" content=\"image\/jpeg\" \/>\n<meta name=\"twitter:card\" content=\"summary_large_image\" \/>\n<script type=\"application\/ld+json\" class=\"yoast-schema-graph\">{\"@context\":\"https:\/\/schema.org\",\"@graph\":[{\"@type\":\"WebPage\",\"@id\":\"https:\/\/www.eliassen.nl\/de\/wasserbrunnen-mit-led-beleuchtung-love-118cm\/\",\"url\":\"https:\/\/www.eliassen.nl\/de\/wasserbrunnen-mit-led-beleuchtung-love-118cm\/\",\"name\":\"Steinerne Wasserfont\u00e4ne mit LED-Beleuchtung | 118cm | Eliassen.nl\",\"isPartOf\":{\"@id\":\"https:\/\/www.eliassen.nl\/de\/#website\"},\"primaryImageOfPage\":{\"@id\":\"https:\/\/www.eliassen.nl\/de\/wasserbrunnen-mit-led-beleuchtung-love-118cm\/#primaryimage\"},\"image\":{\"@id\":\"https:\/\/www.eliassen.nl\/de\/wasserbrunnen-mit-led-beleuchtung-love-118cm\/#primaryimage\"},\"thumbnailUrl\":\"https:\/\/www.eliassen.nl\/wp-content\/uploads\/2024\/01\/stenenwaterfonteinmetledverlichtinglove118cm.jpg\",\"datePublished\":\"2020-06-29T13:56:00+00:00\",\"dateModified\":\"2026-01-16T12:48:23+00:00\",\"description\":\"Wasserornament aus Stein mit LED-Beleuchtung. Steinart: Polyresin. Nirgendwo sonst zu verkaufen! Ausgestattet mit Pumpe und LED-Licht. \u221a +300 Wasserornamente \u221a LIVE zu sehen!\",\"breadcrumb\":{\"@id\":\"https:\/\/www.eliassen.nl\/de\/wasserbrunnen-mit-led-beleuchtung-love-118cm\/#breadcrumb\"},\"inLanguage\":\"de\",\"potentialAction\":[{\"@type\":\"ReadAction\",\"target\":[\"https:\/\/www.eliassen.nl\/de\/wasserbrunnen-mit-led-beleuchtung-love-118cm\/\"]}]},{\"@type\":\"ImageObject\",\"inLanguage\":\"de\",\"@id\":\"https:\/\/www.eliassen.nl\/de\/wasserbrunnen-mit-led-beleuchtung-love-118cm\/#primaryimage\",\"url\":\"https:\/\/www.eliassen.nl\/wp-content\/uploads\/2024\/01\/stenenwaterfonteinmetledverlichtinglove118cm.jpg\",\"contentUrl\":\"https:\/\/www.eliassen.nl\/wp-content\/uploads\/2024\/01\/stenenwaterfonteinmetledverlichtinglove118cm.jpg\",\"width\":1365,\"height\":2048,\"caption\":\"Wasserbrunnen aus Stein mit LED-Beleuchtung Love 118cm - Eliassen.nl\"},{\"@type\":\"BreadcrumbList\",\"@id\":\"https:\/\/www.eliassen.nl\/de\/wasserbrunnen-mit-led-beleuchtung-love-118cm\/#breadcrumb\",\"itemListElement\":[{\"@type\":\"ListItem\",\"position\":1,\"name\":\"Home\",\"item\":\"https:\/\/www.eliassen.nl\/de\/\"},{\"@type\":\"ListItem\",\"position\":2,\"name\":\"Shop\",\"item\":\"https:\/\/www.eliassen.nl\/de\/shop\/\"},{\"@type\":\"ListItem\",\"position\":3,\"name\":\"Wasserspiele\",\"item\":\"https:\/\/www.eliassen.nl\/de\/wassereigenschaften\/\"},{\"@type\":\"ListItem\",\"position\":4,\"name\":\"Auslass f\u00fcr Wasserspiele\",\"item\":\"https:\/\/www.eliassen.nl\/de\/wassereigenschaften\/auslass-fuer-wasserspiele\/\"},{\"@type\":\"ListItem\",\"position\":5,\"name\":\"Wasserfont\u00e4ne mit LED-Licht Liebe 118cm\"}]},{\"@type\":\"WebSite\",\"@id\":\"https:\/\/www.eliassen.nl\/de\/#website\",\"url\":\"https:\/\/www.eliassen.nl\/de\/\",\"name\":\"Eliassen Home & Garden Pleasure\",\"description\":\"\",\"publisher\":{\"@id\":\"https:\/\/www.eliassen.nl\/de\/#organization\"},\"alternateName\":\"Eliassen.nl\",\"potentialAction\":[{\"@type\":\"SearchAction\",\"target\":{\"@type\":\"EntryPoint\",\"urlTemplate\":\"https:\/\/www.eliassen.nl\/de\/?s={search_term_string}\"},\"query-input\":{\"@type\":\"PropertyValueSpecification\",\"valueRequired\":true,\"valueName\":\"search_term_string\"}}],\"inLanguage\":\"de\"},{\"@type\":[\"Organization\",\"Place\"],\"@id\":\"https:\/\/www.eliassen.nl\/de\/#organization\",\"name\":\"Eliassen Home & Garden Pleasure\",\"url\":\"https:\/\/www.eliassen.nl\/de\/\",\"logo\":{\"@id\":\"https:\/\/www.eliassen.nl\/de\/wasserbrunnen-mit-led-beleuchtung-love-118cm\/#local-main-organization-logo\"},\"image\":{\"@id\":\"https:\/\/www.eliassen.nl\/de\/wasserbrunnen-mit-led-beleuchtung-love-118cm\/#local-main-organization-logo\"},\"sameAs\":[\"https:\/\/www.facebook.com\/TuincentrumEliassenAmmerzoden\",\"https:\/\/www.instagram.com\/eliassenhomeandgarden\/\",\"https:\/\/nl.pinterest.com\/eliassenhomeandgarden\/\",\"https:\/\/www.youtube.com\/@eliassenhomegardenpleasure4558\"],\"telephone\":[],\"openingHoursSpecification\":[{\"@type\":\"OpeningHoursSpecification\",\"dayOfWeek\":[\"Monday\",\"Tuesday\",\"Wednesday\",\"Thursday\",\"Friday\",\"Saturday\",\"Sunday\"],\"opens\":\"09:00\",\"closes\":\"17:00\"}]},{\"@type\":\"ImageObject\",\"inLanguage\":\"de\",\"@id\":\"https:\/\/www.eliassen.nl\/de\/wasserbrunnen-mit-led-beleuchtung-love-118cm\/#local-main-organization-logo\",\"url\":\"https:\/\/www.eliassen.nl\/wp-content\/uploads\/2024\/01\/logo_4nd.jpg\",\"contentUrl\":\"https:\/\/www.eliassen.nl\/wp-content\/uploads\/2024\/01\/logo_4nd.jpg\",\"width\":500,\"height\":500,\"caption\":\"Eliassen Home & Garden Pleasure\"}]}<\/script>\n<meta property=\"product:price:amount\" content=\"309.00\" \/>\n<meta property=\"product:price:currency\" content=\"EUR\" \/>\n<meta property=\"og:availability\" content=\"out of stock\" \/>\n<meta property=\"product:availability\" content=\"out of stock\" \/>\n<meta property=\"product:retailer_item_id\" content=\"Lr61057\" \/>\n<meta property=\"product:condition\" content=\"new\" \/>\n<!-- \/ Yoast SEO Premium plugin. -->","yoast_head_json":{"title":"Steinerne Wasserfont\u00e4ne mit LED-Beleuchtung | 118cm | Eliassen.nl","description":"Wasserornament aus Stein mit LED-Beleuchtung. Steinart: Polyresin. Nirgendwo sonst zu verkaufen! Ausgestattet mit Pumpe und LED-Licht. \u221a +300 Wasserornamente \u221a LIVE zu sehen!","robots":{"index":"index","follow":"follow","max-snippet":"max-snippet:-1","max-image-preview":"max-image-preview:large","max-video-preview":"max-video-preview:-1"},"canonical":"https:\/\/www.eliassen.nl\/de\/wasserbrunnen-mit-led-beleuchtung-love-118cm\/","og_locale":"de_DE","og_type":"article","og_title":"Eliassen Wasserfont\u00e4ne mit LED-Licht Liebe 118cm - Eliassen.nl","og_description":"Wasserornament aus Stein mit LED-Beleuchtung. Steinart: Polyresin. Nirgendwo sonst zu verkaufen! Ausgestattet mit Pumpe und LED-Licht. \u221a +300 Wasserornamente \u221a LIVE zu sehen!","og_url":"https:\/\/www.eliassen.nl\/de\/wasserbrunnen-mit-led-beleuchtung-love-118cm\/","og_site_name":"Eliassen.nl","article_publisher":"https:\/\/www.facebook.com\/TuincentrumEliassenAmmerzoden","article_modified_time":"2026-01-16T12:48:23+00:00","og_image":[{"width":1365,"height":2048,"url":"https:\/\/www.eliassen.nl\/wp-content\/uploads\/2024\/01\/stenenwaterfonteinmetledverlichtinglove118cm.jpg","type":"image\/jpeg"}],"twitter_card":"summary_large_image","schema":{"@context":"https:\/\/schema.org","@graph":[{"@type":"WebPage","@id":"https:\/\/www.eliassen.nl\/de\/wasserbrunnen-mit-led-beleuchtung-love-118cm\/","url":"https:\/\/www.eliassen.nl\/de\/wasserbrunnen-mit-led-beleuchtung-love-118cm\/","name":"Steinerne Wasserfont\u00e4ne mit LED-Beleuchtung | 118cm | Eliassen.nl","isPartOf":{"@id":"https:\/\/www.eliassen.nl\/de\/#website"},"primaryImageOfPage":{"@id":"https:\/\/www.eliassen.nl\/de\/wasserbrunnen-mit-led-beleuchtung-love-118cm\/#primaryimage"},"image":{"@id":"https:\/\/www.eliassen.nl\/de\/wasserbrunnen-mit-led-beleuchtung-love-118cm\/#primaryimage"},"thumbnailUrl":"https:\/\/www.eliassen.nl\/wp-content\/uploads\/2024\/01\/stenenwaterfonteinmetledverlichtinglove118cm.jpg","datePublished":"2020-06-29T13:56:00+00:00","dateModified":"2026-01-16T12:48:23+00:00","description":"Wasserornament aus Stein mit LED-Beleuchtung. Steinart: Polyresin. Nirgendwo sonst zu verkaufen! Ausgestattet mit Pumpe und LED-Licht. \u221a +300 Wasserornamente \u221a LIVE zu sehen!","breadcrumb":{"@id":"https:\/\/www.eliassen.nl\/de\/wasserbrunnen-mit-led-beleuchtung-love-118cm\/#breadcrumb"},"inLanguage":"de","potentialAction":[{"@type":"ReadAction","target":["https:\/\/www.eliassen.nl\/de\/wasserbrunnen-mit-led-beleuchtung-love-118cm\/"]}]},{"@type":"ImageObject","inLanguage":"de","@id":"https:\/\/www.eliassen.nl\/de\/wasserbrunnen-mit-led-beleuchtung-love-118cm\/#primaryimage","url":"https:\/\/www.eliassen.nl\/wp-content\/uploads\/2024\/01\/stenenwaterfonteinmetledverlichtinglove118cm.jpg","contentUrl":"https:\/\/www.eliassen.nl\/wp-content\/uploads\/2024\/01\/stenenwaterfonteinmetledverlichtinglove118cm.jpg","width":1365,"height":2048,"caption":"Wasserbrunnen aus Stein mit LED-Beleuchtung Love 118cm - Eliassen.nl"},{"@type":"BreadcrumbList","@id":"https:\/\/www.eliassen.nl\/de\/wasserbrunnen-mit-led-beleuchtung-love-118cm\/#breadcrumb","itemListElement":[{"@type":"ListItem","position":1,"name":"Home","item":"https:\/\/www.eliassen.nl\/de\/"},{"@type":"ListItem","position":2,"name":"Shop","item":"https:\/\/www.eliassen.nl\/de\/shop\/"},{"@type":"ListItem","position":3,"name":"Wasserspiele","item":"https:\/\/www.eliassen.nl\/de\/wassereigenschaften\/"},{"@type":"ListItem","position":4,"name":"Auslass f\u00fcr Wasserspiele","item":"https:\/\/www.eliassen.nl\/de\/wassereigenschaften\/auslass-fuer-wasserspiele\/"},{"@type":"ListItem","position":5,"name":"Wasserfont\u00e4ne mit LED-Licht Liebe 118cm"}]},{"@type":"WebSite","@id":"https:\/\/www.eliassen.nl\/de\/#website","url":"https:\/\/www.eliassen.nl\/de\/","name":"Eliassen Home & Garden Pleasure","description":"","publisher":{"@id":"https:\/\/www.eliassen.nl\/de\/#organization"},"alternateName":"Eliassen.nl","potentialAction":[{"@type":"SearchAction","target":{"@type":"EntryPoint","urlTemplate":"https:\/\/www.eliassen.nl\/de\/?s={search_term_string}"},"query-input":{"@type":"PropertyValueSpecification","valueRequired":true,"valueName":"search_term_string"}}],"inLanguage":"de"},{"@type":["Organization","Place"],"@id":"https:\/\/www.eliassen.nl\/de\/#organization","name":"Eliassen Home & Garden Pleasure","url":"https:\/\/www.eliassen.nl\/de\/","logo":{"@id":"https:\/\/www.eliassen.nl\/de\/wasserbrunnen-mit-led-beleuchtung-love-118cm\/#local-main-organization-logo"},"image":{"@id":"https:\/\/www.eliassen.nl\/de\/wasserbrunnen-mit-led-beleuchtung-love-118cm\/#local-main-organization-logo"},"sameAs":["https:\/\/www.facebook.com\/TuincentrumEliassenAmmerzoden","https:\/\/www.instagram.com\/eliassenhomeandgarden\/","https:\/\/nl.pinterest.com\/eliassenhomeandgarden\/","https:\/\/www.youtube.com\/@eliassenhomegardenpleasure4558"],"telephone":[],"openingHoursSpecification":[{"@type":"OpeningHoursSpecification","dayOfWeek":["Monday","Tuesday","Wednesday","Thursday","Friday","Saturday","Sunday"],"opens":"09:00","closes":"17:00"}]},{"@type":"ImageObject","inLanguage":"de","@id":"https:\/\/www.eliassen.nl\/de\/wasserbrunnen-mit-led-beleuchtung-love-118cm\/#local-main-organization-logo","url":"https:\/\/www.eliassen.nl\/wp-content\/uploads\/2024\/01\/logo_4nd.jpg","contentUrl":"https:\/\/www.eliassen.nl\/wp-content\/uploads\/2024\/01\/logo_4nd.jpg","width":500,"height":500,"caption":"Eliassen Home & Garden Pleasure"}]},"product_price_amount":"309.00","product_price_currency":"EUR","og_availability":"out of stock","product_availability":"out of stock","product_retailer_item_id":"Lr61057","product_condition":"new"},"df_price":309,"df_sale_price":"","df_regular_price":309,"df_image_link":"https:\/\/www.eliassen.nl\/wp-content\/uploads\/2024\/01\/stenenwaterfonteinmetledverlichtinglove118cm.jpg","image":"https:\/\/www.eliassen.nl\/wp-content\/uploads\/2024\/01\/stenenwaterfonteinmetledverlichtinglove118cm.jpg","price_search":"<span class=\"woocommerce-Price-amount amount\"><bdi><span class=\"woocommerce-Price-currencySymbol\">&euro;<\/span>&nbsp;309,00<\/bdi><\/span>","category":"Auslass f\u00fcr Wasserspiele","global_unique_id":"9502854128516","_links":{"self":[{"href":"https:\/\/www.eliassen.nl\/de\/wp-json\/wp\/v2\/product\/24280","targetHints":{"allow":["GET"]}}],"collection":[{"href":"https:\/\/www.eliassen.nl\/de\/wp-json\/wp\/v2\/product"}],"about":[{"href":"https:\/\/www.eliassen.nl\/de\/wp-json\/wp\/v2\/types\/product"}],"wp:featuredmedia":[{"embeddable":true,"href":"https:\/\/www.eliassen.nl\/de\/wp-json\/wp\/v2\/media\/24259"}],"wp:attachment":[{"href":"https:\/\/www.eliassen.nl\/de\/wp-json\/wp\/v2\/media?parent=24280"}],"wp:term":[{"taxonomy":"product_brand","embeddable":true,"href":"https:\/\/www.eliassen.nl\/de\/wp-json\/wp\/v2\/product_brand?post=24280"},{"taxonomy":"product_cat","embeddable":true,"href":"https:\/\/www.eliassen.nl\/de\/wp-json\/wp\/v2\/product_cat?post=24280"},{"taxonomy":"product_tag","embeddable":true,"href":"https:\/\/www.eliassen.nl\/de\/wp-json\/wp\/v2\/product_tag?post=24280"}],"curies":[{"name":"wp","href":"https:\/\/api.w.org\/{rel}","templated":true}]}}