{"id":23986,"date":"2020-05-09T09:37:08","date_gmt":"2020-05-09T09:37:08","guid":{"rendered":"https:\/\/www.eliassen.nl\/?product=donderglas-barometer"},"modified":"2025-11-27T14:43:01","modified_gmt":"2025-11-27T13:43:01","slug":"donnerglasbarometer-esschert","status":"publish","type":"product","link":"https:\/\/www.eliassen.nl\/de\/donnerglasbarometer-esschert\/","title":{"rendered":"Donnerglas Barometer Esschert"},"content":{"rendered":"<p>Die Funktionsweise dieses wettervorhersagenden Donnerglases oder Wetterglases ist seit dem fr\u00fchen 17. Jahrhundert bekannt. Bei hohem Luftdruck (gutes Wetter) wird der Fl\u00fcssigkeitsstand in der T\u00fclle des Donnerglases nach unten gedr\u00fcckt und bei niedrigem Luftdruck (schlechtes Wetter) steigt der Pegel in der T\u00fclle des Donnerglases an. Wenn sich ein Gewitter n\u00e4hert, kann die Fl\u00fcssigkeit bis zu dem Punkt aufsteigen, an dem sie aus der T\u00fclle des Gewitterglases tropft. F\u00fcllen Sie das Donnerglas (nur zu einem Drittel) mit abgekochtem oder entmineralisiertem Wasser und f\u00e4rben Sie es mit dem mitgelieferten (blauen) Tintenpulver.<\/p>\n<p>Dieses Donnerglas wird in einer bedruckten Geschenkbox und mit einer Spritze zum einfachen Bef\u00fcllen geliefert. Blaues Tintenpulver ist ebenfalls enthalten.<\/p>\n<p>Ma\u00dfe: 14 x 13 x 28 cm<\/p>\n<ul>\n<li>Gr\u00f6\u00dfe 14x13x28cm<\/li>\n<li>Material: Gusseisen und Glas<\/li>\n<li>Garantie: 1 Jahr ohne Frostsch\u00e4den<\/li>\n<li>Auch in unserem Shop erh\u00e4ltlich<\/li>\n<\/ul>\n","protected":false},"excerpt":{"rendered":"<p>Die Funktionsweise dieses wettervorhersagenden Donnerglases oder Wetterglases ist seit dem fr\u00fchen 17. Jahrhundert bekannt. Bei hohem Luftdruck (gutes Wetter) wird der Fl\u00fcssigkeitsstand in der T\u00fclle des Donnerglases nach unten gedr\u00fcckt und bei niedrigem Luftdruck (schlechtes Wetter) steigt der Pegel in der T\u00fclle des Donnerglases an. Wenn sich ein Gewitter n\u00e4hert, kann die Fl\u00fcssigkeit bis zu &hellip;<\/p>\n","protected":false},"featured_media":23977,"template":"","meta":{"_acf_changed":false,"_genesis_title":"","_genesis_description":""},"product_brand":[7505],"product_cat":[767,752],"product_tag":[],"class_list":{"0":"post-23986","1":"product","2":"type-product","3":"status-publish","4":"has-post-thumbnail","6":"product_brand-sonstige","7":"product_cat-sonstig","8":"product_cat-weitere-artikel","10":"first","11":"instock","12":"taxable","13":"shipping-taxable","14":"purchasable","15":"product-type-simple"},"acf":[],"meta_all":{"total_sales":"14","wcml_sync_hash":{"postmeta_fields":"0cd62d65d9cca01af35af91cba204696"},"attr_label_translations":[]},"meta_all_flat":{"total_sales":"14","wcml_sync_hash.postmeta_fields":"0cd62d65d9cca01af35af91cba204696"},"yoast_head":"<!-- This site is optimized with the Yoast SEO Premium plugin v26.2 (Yoast SEO v27.2) - https:\/\/yoast.com\/product\/yoast-seo-premium-wordpress\/ -->\n<title>Donnerglasbarometer aus Gusseisen - Eliassen<\/title>\n<meta name=\"description\" content=\"Suchen Sie ein Barometer? Bestellen Sie jetzt Donnerglasbarometer Esschert. Donnerglas kaufen Sie einfach auf unserer Website. Gro\u00dfe Auswahl \u2713 Schnelle Lieferung\" \/>\n<meta name=\"robots\" content=\"index, follow, max-snippet:-1, max-image-preview:large, max-video-preview:-1\" \/>\n<link rel=\"canonical\" href=\"https:\/\/www.eliassen.nl\/de\/donnerglasbarometer-esschert\/\" \/>\n<meta property=\"og:locale\" content=\"de_DE\" \/>\n<meta property=\"og:type\" content=\"article\" \/>\n<meta property=\"og:title\" content=\"Sonstige Donnerglas Barometer Esschert - Eliassen.nl\" \/>\n<meta property=\"og:description\" content=\"Suchen Sie ein Barometer? Bestellen Sie jetzt Donnerglasbarometer Esschert. Donnerglas kaufen Sie einfach auf unserer Website. Gro\u00dfe Auswahl \u2713 Schnelle Lieferung\" \/>\n<meta property=\"og:url\" content=\"https:\/\/www.eliassen.nl\/de\/donnerglasbarometer-esschert\/\" \/>\n<meta property=\"og:site_name\" content=\"Eliassen.nl\" \/>\n<meta property=\"article:publisher\" content=\"https:\/\/www.facebook.com\/TuincentrumEliassenAmmerzoden\" \/>\n<meta property=\"article:modified_time\" content=\"2025-11-27T13:43:01+00:00\" \/>\n<meta property=\"og:image\" content=\"https:\/\/www.eliassen.nl\/wp-content\/uploads\/2024\/01\/eliassendonderglasbarometeresschert.jpg\" \/>\n\t<meta property=\"og:image:width\" content=\"2048\" \/>\n\t<meta property=\"og:image:height\" content=\"2048\" \/>\n\t<meta property=\"og:image:type\" content=\"image\/jpeg\" \/>\n<meta name=\"twitter:card\" content=\"summary_large_image\" \/>\n<script type=\"application\/ld+json\" class=\"yoast-schema-graph\">{\"@context\":\"https:\/\/schema.org\",\"@graph\":[{\"@type\":\"WebPage\",\"@id\":\"https:\/\/www.eliassen.nl\/de\/donnerglasbarometer-esschert\/\",\"url\":\"https:\/\/www.eliassen.nl\/de\/donnerglasbarometer-esschert\/\",\"name\":\"Donnerglasbarometer aus Gusseisen - Eliassen\",\"isPartOf\":{\"@id\":\"https:\/\/www.eliassen.nl\/de\/#website\"},\"primaryImageOfPage\":{\"@id\":\"https:\/\/www.eliassen.nl\/de\/donnerglasbarometer-esschert\/#primaryimage\"},\"image\":{\"@id\":\"https:\/\/www.eliassen.nl\/de\/donnerglasbarometer-esschert\/#primaryimage\"},\"thumbnailUrl\":\"https:\/\/www.eliassen.nl\/wp-content\/uploads\/2024\/01\/eliassendonderglasbarometeresschert.jpg\",\"datePublished\":\"2020-05-09T09:37:08+00:00\",\"dateModified\":\"2025-11-27T13:43:01+00:00\",\"description\":\"Suchen Sie ein Barometer? Bestellen Sie jetzt Donnerglasbarometer Esschert. Donnerglas kaufen Sie einfach auf unserer Website. Gro\u00dfe Auswahl \u2713 Schnelle Lieferung\",\"breadcrumb\":{\"@id\":\"https:\/\/www.eliassen.nl\/de\/donnerglasbarometer-esschert\/#breadcrumb\"},\"inLanguage\":\"de\",\"potentialAction\":[{\"@type\":\"ReadAction\",\"target\":[\"https:\/\/www.eliassen.nl\/de\/donnerglasbarometer-esschert\/\"]}]},{\"@type\":\"ImageObject\",\"inLanguage\":\"de\",\"@id\":\"https:\/\/www.eliassen.nl\/de\/donnerglasbarometer-esschert\/#primaryimage\",\"url\":\"https:\/\/www.eliassen.nl\/wp-content\/uploads\/2024\/01\/eliassendonderglasbarometeresschert.jpg\",\"contentUrl\":\"https:\/\/www.eliassen.nl\/wp-content\/uploads\/2024\/01\/eliassendonderglasbarometeresschert.jpg\",\"width\":2048,\"height\":2048,\"caption\":\"Eliassen Thunder Glasbarometer Esschert\"},{\"@type\":\"BreadcrumbList\",\"@id\":\"https:\/\/www.eliassen.nl\/de\/donnerglasbarometer-esschert\/#breadcrumb\",\"itemListElement\":[{\"@type\":\"ListItem\",\"position\":1,\"name\":\"Home\",\"item\":\"https:\/\/www.eliassen.nl\/de\/\"},{\"@type\":\"ListItem\",\"position\":2,\"name\":\"Shop\",\"item\":\"https:\/\/www.eliassen.nl\/de\/shop\/\"},{\"@type\":\"ListItem\",\"position\":3,\"name\":\"Weitere Artikel\",\"item\":\"https:\/\/www.eliassen.nl\/de\/weitere-artikel\/\"},{\"@type\":\"ListItem\",\"position\":4,\"name\":\"Sonstig\",\"item\":\"https:\/\/www.eliassen.nl\/de\/garten-andere\/sonstig\/\"},{\"@type\":\"ListItem\",\"position\":5,\"name\":\"Donnerglas Barometer Esschert\"}]},{\"@type\":\"WebSite\",\"@id\":\"https:\/\/www.eliassen.nl\/de\/#website\",\"url\":\"https:\/\/www.eliassen.nl\/de\/\",\"name\":\"Eliassen Home & Garden Pleasure\",\"description\":\"\",\"publisher\":{\"@id\":\"https:\/\/www.eliassen.nl\/de\/#organization\"},\"alternateName\":\"Eliassen.nl\",\"potentialAction\":[{\"@type\":\"SearchAction\",\"target\":{\"@type\":\"EntryPoint\",\"urlTemplate\":\"https:\/\/www.eliassen.nl\/de\/?s={search_term_string}\"},\"query-input\":{\"@type\":\"PropertyValueSpecification\",\"valueRequired\":true,\"valueName\":\"search_term_string\"}}],\"inLanguage\":\"de\"},{\"@type\":[\"Organization\",\"Place\"],\"@id\":\"https:\/\/www.eliassen.nl\/de\/#organization\",\"name\":\"Eliassen Home & Garden Pleasure\",\"url\":\"https:\/\/www.eliassen.nl\/de\/\",\"logo\":{\"@id\":\"https:\/\/www.eliassen.nl\/de\/donnerglasbarometer-esschert\/#local-main-organization-logo\"},\"image\":{\"@id\":\"https:\/\/www.eliassen.nl\/de\/donnerglasbarometer-esschert\/#local-main-organization-logo\"},\"sameAs\":[\"https:\/\/www.facebook.com\/TuincentrumEliassenAmmerzoden\",\"https:\/\/www.instagram.com\/eliassenhomeandgarden\/\",\"https:\/\/nl.pinterest.com\/eliassenhomeandgarden\/\",\"https:\/\/www.youtube.com\/@eliassenhomegardenpleasure4558\"],\"telephone\":[],\"openingHoursSpecification\":[{\"@type\":\"OpeningHoursSpecification\",\"dayOfWeek\":[\"Monday\",\"Tuesday\",\"Wednesday\",\"Thursday\",\"Friday\",\"Saturday\",\"Sunday\"],\"opens\":\"09:00\",\"closes\":\"17:00\"}]},{\"@type\":\"ImageObject\",\"inLanguage\":\"de\",\"@id\":\"https:\/\/www.eliassen.nl\/de\/donnerglasbarometer-esschert\/#local-main-organization-logo\",\"url\":\"https:\/\/www.eliassen.nl\/wp-content\/uploads\/2024\/01\/logo_4nd.jpg\",\"contentUrl\":\"https:\/\/www.eliassen.nl\/wp-content\/uploads\/2024\/01\/logo_4nd.jpg\",\"width\":500,\"height\":500,\"caption\":\"Eliassen Home & Garden Pleasure\"}]}<\/script>\n<meta property=\"product:price:amount\" content=\"24.50\" \/>\n<meta property=\"product:price:currency\" content=\"EUR\" \/>\n<meta property=\"og:availability\" content=\"instock\" \/>\n<meta property=\"product:availability\" content=\"instock\" \/>\n<meta property=\"product:retailer_item_id\" content=\"Th31\" \/>\n<meta property=\"product:condition\" content=\"new\" \/>\n<!-- \/ Yoast SEO Premium plugin. -->","yoast_head_json":{"title":"Donnerglasbarometer aus Gusseisen - Eliassen","description":"Suchen Sie ein Barometer? Bestellen Sie jetzt Donnerglasbarometer Esschert. Donnerglas kaufen Sie einfach auf unserer Website. Gro\u00dfe Auswahl \u2713 Schnelle Lieferung","robots":{"index":"index","follow":"follow","max-snippet":"max-snippet:-1","max-image-preview":"max-image-preview:large","max-video-preview":"max-video-preview:-1"},"canonical":"https:\/\/www.eliassen.nl\/de\/donnerglasbarometer-esschert\/","og_locale":"de_DE","og_type":"article","og_title":"Sonstige Donnerglas Barometer Esschert - Eliassen.nl","og_description":"Suchen Sie ein Barometer? Bestellen Sie jetzt Donnerglasbarometer Esschert. Donnerglas kaufen Sie einfach auf unserer Website. Gro\u00dfe Auswahl \u2713 Schnelle Lieferung","og_url":"https:\/\/www.eliassen.nl\/de\/donnerglasbarometer-esschert\/","og_site_name":"Eliassen.nl","article_publisher":"https:\/\/www.facebook.com\/TuincentrumEliassenAmmerzoden","article_modified_time":"2025-11-27T13:43:01+00:00","og_image":[{"width":2048,"height":2048,"url":"https:\/\/www.eliassen.nl\/wp-content\/uploads\/2024\/01\/eliassendonderglasbarometeresschert.jpg","type":"image\/jpeg"}],"twitter_card":"summary_large_image","schema":{"@context":"https:\/\/schema.org","@graph":[{"@type":"WebPage","@id":"https:\/\/www.eliassen.nl\/de\/donnerglasbarometer-esschert\/","url":"https:\/\/www.eliassen.nl\/de\/donnerglasbarometer-esschert\/","name":"Donnerglasbarometer aus Gusseisen - Eliassen","isPartOf":{"@id":"https:\/\/www.eliassen.nl\/de\/#website"},"primaryImageOfPage":{"@id":"https:\/\/www.eliassen.nl\/de\/donnerglasbarometer-esschert\/#primaryimage"},"image":{"@id":"https:\/\/www.eliassen.nl\/de\/donnerglasbarometer-esschert\/#primaryimage"},"thumbnailUrl":"https:\/\/www.eliassen.nl\/wp-content\/uploads\/2024\/01\/eliassendonderglasbarometeresschert.jpg","datePublished":"2020-05-09T09:37:08+00:00","dateModified":"2025-11-27T13:43:01+00:00","description":"Suchen Sie ein Barometer? Bestellen Sie jetzt Donnerglasbarometer Esschert. Donnerglas kaufen Sie einfach auf unserer Website. Gro\u00dfe Auswahl \u2713 Schnelle Lieferung","breadcrumb":{"@id":"https:\/\/www.eliassen.nl\/de\/donnerglasbarometer-esschert\/#breadcrumb"},"inLanguage":"de","potentialAction":[{"@type":"ReadAction","target":["https:\/\/www.eliassen.nl\/de\/donnerglasbarometer-esschert\/"]}]},{"@type":"ImageObject","inLanguage":"de","@id":"https:\/\/www.eliassen.nl\/de\/donnerglasbarometer-esschert\/#primaryimage","url":"https:\/\/www.eliassen.nl\/wp-content\/uploads\/2024\/01\/eliassendonderglasbarometeresschert.jpg","contentUrl":"https:\/\/www.eliassen.nl\/wp-content\/uploads\/2024\/01\/eliassendonderglasbarometeresschert.jpg","width":2048,"height":2048,"caption":"Eliassen Thunder Glasbarometer Esschert"},{"@type":"BreadcrumbList","@id":"https:\/\/www.eliassen.nl\/de\/donnerglasbarometer-esschert\/#breadcrumb","itemListElement":[{"@type":"ListItem","position":1,"name":"Home","item":"https:\/\/www.eliassen.nl\/de\/"},{"@type":"ListItem","position":2,"name":"Shop","item":"https:\/\/www.eliassen.nl\/de\/shop\/"},{"@type":"ListItem","position":3,"name":"Weitere Artikel","item":"https:\/\/www.eliassen.nl\/de\/weitere-artikel\/"},{"@type":"ListItem","position":4,"name":"Sonstig","item":"https:\/\/www.eliassen.nl\/de\/garten-andere\/sonstig\/"},{"@type":"ListItem","position":5,"name":"Donnerglas Barometer Esschert"}]},{"@type":"WebSite","@id":"https:\/\/www.eliassen.nl\/de\/#website","url":"https:\/\/www.eliassen.nl\/de\/","name":"Eliassen Home & Garden Pleasure","description":"","publisher":{"@id":"https:\/\/www.eliassen.nl\/de\/#organization"},"alternateName":"Eliassen.nl","potentialAction":[{"@type":"SearchAction","target":{"@type":"EntryPoint","urlTemplate":"https:\/\/www.eliassen.nl\/de\/?s={search_term_string}"},"query-input":{"@type":"PropertyValueSpecification","valueRequired":true,"valueName":"search_term_string"}}],"inLanguage":"de"},{"@type":["Organization","Place"],"@id":"https:\/\/www.eliassen.nl\/de\/#organization","name":"Eliassen Home & Garden Pleasure","url":"https:\/\/www.eliassen.nl\/de\/","logo":{"@id":"https:\/\/www.eliassen.nl\/de\/donnerglasbarometer-esschert\/#local-main-organization-logo"},"image":{"@id":"https:\/\/www.eliassen.nl\/de\/donnerglasbarometer-esschert\/#local-main-organization-logo"},"sameAs":["https:\/\/www.facebook.com\/TuincentrumEliassenAmmerzoden","https:\/\/www.instagram.com\/eliassenhomeandgarden\/","https:\/\/nl.pinterest.com\/eliassenhomeandgarden\/","https:\/\/www.youtube.com\/@eliassenhomegardenpleasure4558"],"telephone":[],"openingHoursSpecification":[{"@type":"OpeningHoursSpecification","dayOfWeek":["Monday","Tuesday","Wednesday","Thursday","Friday","Saturday","Sunday"],"opens":"09:00","closes":"17:00"}]},{"@type":"ImageObject","inLanguage":"de","@id":"https:\/\/www.eliassen.nl\/de\/donnerglasbarometer-esschert\/#local-main-organization-logo","url":"https:\/\/www.eliassen.nl\/wp-content\/uploads\/2024\/01\/logo_4nd.jpg","contentUrl":"https:\/\/www.eliassen.nl\/wp-content\/uploads\/2024\/01\/logo_4nd.jpg","width":500,"height":500,"caption":"Eliassen Home & Garden Pleasure"}]},"product_price_amount":"24.50","product_price_currency":"EUR","og_availability":"instock","product_availability":"instock","product_retailer_item_id":"Th31","product_condition":"new"},"df_price":24.5,"df_sale_price":"","df_regular_price":24.5,"df_image_link":"https:\/\/www.eliassen.nl\/wp-content\/uploads\/2024\/01\/eliassendonderglasbarometeresschert.jpg","image":"https:\/\/www.eliassen.nl\/wp-content\/uploads\/2024\/01\/eliassendonderglasbarometeresschert.jpg","price_search":"<span class=\"woocommerce-Price-amount amount\"><bdi><span class=\"woocommerce-Price-currencySymbol\">&euro;<\/span>&nbsp;24,50<\/bdi><\/span>","category":"Sonstig","global_unique_id":"8714982022081","_links":{"self":[{"href":"https:\/\/www.eliassen.nl\/de\/wp-json\/wp\/v2\/product\/23986","targetHints":{"allow":["GET"]}}],"collection":[{"href":"https:\/\/www.eliassen.nl\/de\/wp-json\/wp\/v2\/product"}],"about":[{"href":"https:\/\/www.eliassen.nl\/de\/wp-json\/wp\/v2\/types\/product"}],"wp:featuredmedia":[{"embeddable":true,"href":"https:\/\/www.eliassen.nl\/de\/wp-json\/wp\/v2\/media\/23977"}],"wp:attachment":[{"href":"https:\/\/www.eliassen.nl\/de\/wp-json\/wp\/v2\/media?parent=23986"}],"wp:term":[{"taxonomy":"product_brand","embeddable":true,"href":"https:\/\/www.eliassen.nl\/de\/wp-json\/wp\/v2\/product_brand?post=23986"},{"taxonomy":"product_cat","embeddable":true,"href":"https:\/\/www.eliassen.nl\/de\/wp-json\/wp\/v2\/product_cat?post=23986"},{"taxonomy":"product_tag","embeddable":true,"href":"https:\/\/www.eliassen.nl\/de\/wp-json\/wp\/v2\/product_tag?post=23986"}],"curies":[{"name":"wp","href":"https:\/\/api.w.org\/{rel}","templated":true}]}}