{"id":23752,"date":"2020-04-15T12:18:14","date_gmt":"2020-04-15T12:18:14","guid":{"rendered":"https:\/\/www.eliassen.nl\/?product=vis-op-voet-medium"},"modified":"2025-11-26T17:20:58","modified_gmt":"2025-11-26T16:20:58","slug":"fisch-zu-fuss-mittel","status":"publish","type":"product","link":"https:\/\/www.eliassen.nl\/de\/fisch-zu-fuss-mittel\/","title":{"rendered":"Fisch zu Fu\u00df mittel"},"content":{"rendered":"<p>Hervorragend verarbeitete Metallskulptur eines Fisches auf einem Sockel. Eine Zierde im Haus auf einem Schrank oder vor dem Fenster, oder im Garten und sch\u00f6n zu verschenken. Vollst\u00e4ndig handgefertigt und bemalt.  <br \/>Da es sich um ein handgefertigtes Produkt handelt, kann das Bild leicht von Ihrer Bestellung abweichen.<\/p>\n<p><strong>Wir haben fast alles aus dieser Serie im Ausstellungsraum, kommen Sie doch einfach vorbei und schauen Sie sich um.<\/strong><\/p>\n<ul>\n<li>Gr\u00f6\u00dfe 29x25x45cm<\/li>\n<li>Schnelle Lieferung<\/li>\n<li>100% handgefertigt<\/li>\n<li>Schnelle Lieferung<\/li>\n<li>1 Jahr Garantie.<\/li>\n<\/ul>\n","protected":false},"excerpt":{"rendered":"<p>Hervorragend verarbeitete Metallskulptur eines Fisches auf einem Sockel. Eine Zierde im Haus auf einem Schrank oder vor dem Fenster, oder im Garten und sch\u00f6n zu verschenken. Vollst\u00e4ndig handgefertigt und bemalt. Da es sich um ein handgefertigtes Produkt handelt, kann das Bild leicht von Ihrer Bestellung abweichen. Wir haben fast alles aus dieser Serie im Ausstellungsraum, &hellip;<\/p>\n","protected":false},"featured_media":23746,"template":"","meta":{"_acf_changed":false,"_genesis_title":"","_genesis_description":""},"product_brand":[7505],"product_cat":[665,659],"product_tag":[],"class_list":{"0":"post-23752","1":"product","2":"type-product","3":"status-publish","4":"has-post-thumbnail","6":"product_brand-sonstige","7":"product_cat-dekofiguren-aus-metall","8":"product_cat-dekoration-aus-metall","10":"first","11":"instock","12":"taxable","13":"shipping-taxable","14":"purchasable","15":"product-type-simple"},"acf":[],"meta_all":{"total_sales":"0","wcml_sync_hash":{"postmeta_fields":"68396fc7d83ba6c0351f884348732f6c"},"attr_label_translations":[]},"meta_all_flat":{"total_sales":"0","wcml_sync_hash.postmeta_fields":"68396fc7d83ba6c0351f884348732f6c"},"yoast_head":"<!-- This site is optimized with the Yoast SEO Premium plugin v26.2 (Yoast SEO v27.2) - https:\/\/yoast.com\/product\/yoast-seo-premium-wordpress\/ -->\n<title>Fisch zu Fu\u00df mittel | Eliassen<\/title>\n<meta name=\"description\" content=\"Bei Eliassen k\u00f6nnen Sie Fish on foot medium online kaufen oder live im Ausstellungsraum betrachten. Wir haben die sch\u00f6nsten Metalldekorationen, Metalldekorationsfiguren\" \/>\n<meta name=\"robots\" content=\"index, follow, max-snippet:-1, max-image-preview:large, max-video-preview:-1\" \/>\n<link rel=\"canonical\" href=\"https:\/\/www.eliassen.nl\/de\/fisch-zu-fuss-mittel\/\" \/>\n<meta property=\"og:locale\" content=\"de_DE\" \/>\n<meta property=\"og:type\" content=\"article\" \/>\n<meta property=\"og:title\" content=\"Sonstige Fisch zu Fu\u00df mittel - Eliassen.nl\" \/>\n<meta property=\"og:description\" content=\"Bei Eliassen k\u00f6nnen Sie Fish on foot medium online kaufen oder live im Ausstellungsraum betrachten. Wir haben die sch\u00f6nsten Metalldekorationen, Metalldekorationsfiguren\" \/>\n<meta property=\"og:url\" content=\"https:\/\/www.eliassen.nl\/de\/fisch-zu-fuss-mittel\/\" \/>\n<meta property=\"og:site_name\" content=\"Eliassen.nl\" \/>\n<meta property=\"article:publisher\" content=\"https:\/\/www.facebook.com\/TuincentrumEliassenAmmerzoden\" \/>\n<meta property=\"article:modified_time\" content=\"2025-11-26T16:20:58+00:00\" \/>\n<meta property=\"og:image\" content=\"https:\/\/www.eliassen.nl\/wp-content\/uploads\/2024\/01\/eliassenvisopvoetmedium.jpg\" \/>\n\t<meta property=\"og:image:width\" content=\"1000\" \/>\n\t<meta property=\"og:image:height\" content=\"750\" \/>\n\t<meta property=\"og:image:type\" content=\"image\/jpeg\" \/>\n<meta name=\"twitter:card\" content=\"summary_large_image\" \/>\n<script type=\"application\/ld+json\" class=\"yoast-schema-graph\">{\"@context\":\"https:\/\/schema.org\",\"@graph\":[{\"@type\":\"WebPage\",\"@id\":\"https:\/\/www.eliassen.nl\/de\/fisch-zu-fuss-mittel\/\",\"url\":\"https:\/\/www.eliassen.nl\/de\/fisch-zu-fuss-mittel\/\",\"name\":\"Fisch zu Fu\u00df mittel | Eliassen\",\"isPartOf\":{\"@id\":\"https:\/\/www.eliassen.nl\/de\/#website\"},\"primaryImageOfPage\":{\"@id\":\"https:\/\/www.eliassen.nl\/de\/fisch-zu-fuss-mittel\/#primaryimage\"},\"image\":{\"@id\":\"https:\/\/www.eliassen.nl\/de\/fisch-zu-fuss-mittel\/#primaryimage\"},\"thumbnailUrl\":\"https:\/\/www.eliassen.nl\/wp-content\/uploads\/2024\/01\/eliassenvisopvoetmedium.jpg\",\"datePublished\":\"2020-04-15T12:18:14+00:00\",\"dateModified\":\"2025-11-26T16:20:58+00:00\",\"description\":\"Bei Eliassen k\u00f6nnen Sie Fish on foot medium online kaufen oder live im Ausstellungsraum betrachten. Wir haben die sch\u00f6nsten Metalldekorationen, Metalldekorationsfiguren\",\"breadcrumb\":{\"@id\":\"https:\/\/www.eliassen.nl\/de\/fisch-zu-fuss-mittel\/#breadcrumb\"},\"inLanguage\":\"de\",\"potentialAction\":[{\"@type\":\"ReadAction\",\"target\":[\"https:\/\/www.eliassen.nl\/de\/fisch-zu-fuss-mittel\/\"]}]},{\"@type\":\"ImageObject\",\"inLanguage\":\"de\",\"@id\":\"https:\/\/www.eliassen.nl\/de\/fisch-zu-fuss-mittel\/#primaryimage\",\"url\":\"https:\/\/www.eliassen.nl\/wp-content\/uploads\/2024\/01\/eliassenvisopvoetmedium.jpg\",\"contentUrl\":\"https:\/\/www.eliassen.nl\/wp-content\/uploads\/2024\/01\/eliassenvisopvoetmedium.jpg\",\"width\":1000,\"height\":750,\"caption\":\"Eliassen Fish zu Fu\u00df mittel\"},{\"@type\":\"BreadcrumbList\",\"@id\":\"https:\/\/www.eliassen.nl\/de\/fisch-zu-fuss-mittel\/#breadcrumb\",\"itemListElement\":[{\"@type\":\"ListItem\",\"position\":1,\"name\":\"Home\",\"item\":\"https:\/\/www.eliassen.nl\/de\/\"},{\"@type\":\"ListItem\",\"position\":2,\"name\":\"Shop\",\"item\":\"https:\/\/www.eliassen.nl\/de\/shop\/\"},{\"@type\":\"ListItem\",\"position\":3,\"name\":\"Dekoration aus Metall\",\"item\":\"https:\/\/www.eliassen.nl\/de\/dekoration-aus-metall\/\"},{\"@type\":\"ListItem\",\"position\":4,\"name\":\"Dekofiguren aus Metall\",\"item\":\"https:\/\/www.eliassen.nl\/de\/dekoration-aus-metall\/dekofiguren-aus-metall\/\"},{\"@type\":\"ListItem\",\"position\":5,\"name\":\"Fisch zu Fu\u00df mittel\"}]},{\"@type\":\"WebSite\",\"@id\":\"https:\/\/www.eliassen.nl\/de\/#website\",\"url\":\"https:\/\/www.eliassen.nl\/de\/\",\"name\":\"Eliassen Home & Garden Pleasure\",\"description\":\"\",\"publisher\":{\"@id\":\"https:\/\/www.eliassen.nl\/de\/#organization\"},\"alternateName\":\"Eliassen.nl\",\"potentialAction\":[{\"@type\":\"SearchAction\",\"target\":{\"@type\":\"EntryPoint\",\"urlTemplate\":\"https:\/\/www.eliassen.nl\/de\/?s={search_term_string}\"},\"query-input\":{\"@type\":\"PropertyValueSpecification\",\"valueRequired\":true,\"valueName\":\"search_term_string\"}}],\"inLanguage\":\"de\"},{\"@type\":[\"Organization\",\"Place\"],\"@id\":\"https:\/\/www.eliassen.nl\/de\/#organization\",\"name\":\"Eliassen Home & Garden Pleasure\",\"url\":\"https:\/\/www.eliassen.nl\/de\/\",\"logo\":{\"@id\":\"https:\/\/www.eliassen.nl\/de\/fisch-zu-fuss-mittel\/#local-main-organization-logo\"},\"image\":{\"@id\":\"https:\/\/www.eliassen.nl\/de\/fisch-zu-fuss-mittel\/#local-main-organization-logo\"},\"sameAs\":[\"https:\/\/www.facebook.com\/TuincentrumEliassenAmmerzoden\",\"https:\/\/www.instagram.com\/eliassenhomeandgarden\/\",\"https:\/\/nl.pinterest.com\/eliassenhomeandgarden\/\",\"https:\/\/www.youtube.com\/@eliassenhomegardenpleasure4558\"],\"telephone\":[],\"openingHoursSpecification\":[{\"@type\":\"OpeningHoursSpecification\",\"dayOfWeek\":[\"Monday\",\"Tuesday\",\"Wednesday\",\"Thursday\",\"Friday\",\"Saturday\",\"Sunday\"],\"opens\":\"09:00\",\"closes\":\"17:00\"}]},{\"@type\":\"ImageObject\",\"inLanguage\":\"de\",\"@id\":\"https:\/\/www.eliassen.nl\/de\/fisch-zu-fuss-mittel\/#local-main-organization-logo\",\"url\":\"https:\/\/www.eliassen.nl\/wp-content\/uploads\/2024\/01\/logo_4nd.jpg\",\"contentUrl\":\"https:\/\/www.eliassen.nl\/wp-content\/uploads\/2024\/01\/logo_4nd.jpg\",\"width\":500,\"height\":500,\"caption\":\"Eliassen Home & Garden Pleasure\"}]}<\/script>\n<meta property=\"product:price:amount\" content=\"74.00\" \/>\n<meta property=\"product:price:currency\" content=\"EUR\" \/>\n<meta property=\"og:availability\" content=\"instock\" \/>\n<meta property=\"product:availability\" content=\"instock\" \/>\n<meta property=\"product:retailer_item_id\" content=\"Md16131 geu\" \/>\n<meta property=\"product:condition\" content=\"new\" \/>\n<!-- \/ Yoast SEO Premium plugin. -->","yoast_head_json":{"title":"Fisch zu Fu\u00df mittel | Eliassen","description":"Bei Eliassen k\u00f6nnen Sie Fish on foot medium online kaufen oder live im Ausstellungsraum betrachten. Wir haben die sch\u00f6nsten Metalldekorationen, Metalldekorationsfiguren","robots":{"index":"index","follow":"follow","max-snippet":"max-snippet:-1","max-image-preview":"max-image-preview:large","max-video-preview":"max-video-preview:-1"},"canonical":"https:\/\/www.eliassen.nl\/de\/fisch-zu-fuss-mittel\/","og_locale":"de_DE","og_type":"article","og_title":"Sonstige Fisch zu Fu\u00df mittel - Eliassen.nl","og_description":"Bei Eliassen k\u00f6nnen Sie Fish on foot medium online kaufen oder live im Ausstellungsraum betrachten. Wir haben die sch\u00f6nsten Metalldekorationen, Metalldekorationsfiguren","og_url":"https:\/\/www.eliassen.nl\/de\/fisch-zu-fuss-mittel\/","og_site_name":"Eliassen.nl","article_publisher":"https:\/\/www.facebook.com\/TuincentrumEliassenAmmerzoden","article_modified_time":"2025-11-26T16:20:58+00:00","og_image":[{"width":1000,"height":750,"url":"https:\/\/www.eliassen.nl\/wp-content\/uploads\/2024\/01\/eliassenvisopvoetmedium.jpg","type":"image\/jpeg"}],"twitter_card":"summary_large_image","schema":{"@context":"https:\/\/schema.org","@graph":[{"@type":"WebPage","@id":"https:\/\/www.eliassen.nl\/de\/fisch-zu-fuss-mittel\/","url":"https:\/\/www.eliassen.nl\/de\/fisch-zu-fuss-mittel\/","name":"Fisch zu Fu\u00df mittel | Eliassen","isPartOf":{"@id":"https:\/\/www.eliassen.nl\/de\/#website"},"primaryImageOfPage":{"@id":"https:\/\/www.eliassen.nl\/de\/fisch-zu-fuss-mittel\/#primaryimage"},"image":{"@id":"https:\/\/www.eliassen.nl\/de\/fisch-zu-fuss-mittel\/#primaryimage"},"thumbnailUrl":"https:\/\/www.eliassen.nl\/wp-content\/uploads\/2024\/01\/eliassenvisopvoetmedium.jpg","datePublished":"2020-04-15T12:18:14+00:00","dateModified":"2025-11-26T16:20:58+00:00","description":"Bei Eliassen k\u00f6nnen Sie Fish on foot medium online kaufen oder live im Ausstellungsraum betrachten. Wir haben die sch\u00f6nsten Metalldekorationen, Metalldekorationsfiguren","breadcrumb":{"@id":"https:\/\/www.eliassen.nl\/de\/fisch-zu-fuss-mittel\/#breadcrumb"},"inLanguage":"de","potentialAction":[{"@type":"ReadAction","target":["https:\/\/www.eliassen.nl\/de\/fisch-zu-fuss-mittel\/"]}]},{"@type":"ImageObject","inLanguage":"de","@id":"https:\/\/www.eliassen.nl\/de\/fisch-zu-fuss-mittel\/#primaryimage","url":"https:\/\/www.eliassen.nl\/wp-content\/uploads\/2024\/01\/eliassenvisopvoetmedium.jpg","contentUrl":"https:\/\/www.eliassen.nl\/wp-content\/uploads\/2024\/01\/eliassenvisopvoetmedium.jpg","width":1000,"height":750,"caption":"Eliassen Fish zu Fu\u00df mittel"},{"@type":"BreadcrumbList","@id":"https:\/\/www.eliassen.nl\/de\/fisch-zu-fuss-mittel\/#breadcrumb","itemListElement":[{"@type":"ListItem","position":1,"name":"Home","item":"https:\/\/www.eliassen.nl\/de\/"},{"@type":"ListItem","position":2,"name":"Shop","item":"https:\/\/www.eliassen.nl\/de\/shop\/"},{"@type":"ListItem","position":3,"name":"Dekoration aus Metall","item":"https:\/\/www.eliassen.nl\/de\/dekoration-aus-metall\/"},{"@type":"ListItem","position":4,"name":"Dekofiguren aus Metall","item":"https:\/\/www.eliassen.nl\/de\/dekoration-aus-metall\/dekofiguren-aus-metall\/"},{"@type":"ListItem","position":5,"name":"Fisch zu Fu\u00df mittel"}]},{"@type":"WebSite","@id":"https:\/\/www.eliassen.nl\/de\/#website","url":"https:\/\/www.eliassen.nl\/de\/","name":"Eliassen Home & Garden Pleasure","description":"","publisher":{"@id":"https:\/\/www.eliassen.nl\/de\/#organization"},"alternateName":"Eliassen.nl","potentialAction":[{"@type":"SearchAction","target":{"@type":"EntryPoint","urlTemplate":"https:\/\/www.eliassen.nl\/de\/?s={search_term_string}"},"query-input":{"@type":"PropertyValueSpecification","valueRequired":true,"valueName":"search_term_string"}}],"inLanguage":"de"},{"@type":["Organization","Place"],"@id":"https:\/\/www.eliassen.nl\/de\/#organization","name":"Eliassen Home & Garden Pleasure","url":"https:\/\/www.eliassen.nl\/de\/","logo":{"@id":"https:\/\/www.eliassen.nl\/de\/fisch-zu-fuss-mittel\/#local-main-organization-logo"},"image":{"@id":"https:\/\/www.eliassen.nl\/de\/fisch-zu-fuss-mittel\/#local-main-organization-logo"},"sameAs":["https:\/\/www.facebook.com\/TuincentrumEliassenAmmerzoden","https:\/\/www.instagram.com\/eliassenhomeandgarden\/","https:\/\/nl.pinterest.com\/eliassenhomeandgarden\/","https:\/\/www.youtube.com\/@eliassenhomegardenpleasure4558"],"telephone":[],"openingHoursSpecification":[{"@type":"OpeningHoursSpecification","dayOfWeek":["Monday","Tuesday","Wednesday","Thursday","Friday","Saturday","Sunday"],"opens":"09:00","closes":"17:00"}]},{"@type":"ImageObject","inLanguage":"de","@id":"https:\/\/www.eliassen.nl\/de\/fisch-zu-fuss-mittel\/#local-main-organization-logo","url":"https:\/\/www.eliassen.nl\/wp-content\/uploads\/2024\/01\/logo_4nd.jpg","contentUrl":"https:\/\/www.eliassen.nl\/wp-content\/uploads\/2024\/01\/logo_4nd.jpg","width":500,"height":500,"caption":"Eliassen Home & Garden Pleasure"}]},"product_price_amount":"74.00","product_price_currency":"EUR","og_availability":"instock","product_availability":"instock","product_retailer_item_id":"Md16131 geu","product_condition":"new"},"df_price":74,"df_sale_price":"","df_regular_price":74,"df_image_link":"https:\/\/www.eliassen.nl\/wp-content\/uploads\/2024\/01\/eliassenvisopvoetmedium.jpg","image":"https:\/\/www.eliassen.nl\/wp-content\/uploads\/2024\/01\/eliassenvisopvoetmedium.jpg","price_search":"<span class=\"woocommerce-Price-amount amount\"><bdi><span class=\"woocommerce-Price-currencySymbol\">&euro;<\/span>&nbsp;74,00<\/bdi><\/span>","category":"Dekofiguren aus Metall","global_unique_id":"6096528547541","_links":{"self":[{"href":"https:\/\/www.eliassen.nl\/de\/wp-json\/wp\/v2\/product\/23752","targetHints":{"allow":["GET"]}}],"collection":[{"href":"https:\/\/www.eliassen.nl\/de\/wp-json\/wp\/v2\/product"}],"about":[{"href":"https:\/\/www.eliassen.nl\/de\/wp-json\/wp\/v2\/types\/product"}],"wp:featuredmedia":[{"embeddable":true,"href":"https:\/\/www.eliassen.nl\/de\/wp-json\/wp\/v2\/media\/23746"}],"wp:attachment":[{"href":"https:\/\/www.eliassen.nl\/de\/wp-json\/wp\/v2\/media?parent=23752"}],"wp:term":[{"taxonomy":"product_brand","embeddable":true,"href":"https:\/\/www.eliassen.nl\/de\/wp-json\/wp\/v2\/product_brand?post=23752"},{"taxonomy":"product_cat","embeddable":true,"href":"https:\/\/www.eliassen.nl\/de\/wp-json\/wp\/v2\/product_cat?post=23752"},{"taxonomy":"product_tag","embeddable":true,"href":"https:\/\/www.eliassen.nl\/de\/wp-json\/wp\/v2\/product_tag?post=23752"}],"curies":[{"name":"wp","href":"https:\/\/api.w.org\/{rel}","templated":true}]}}