{"id":23677,"date":"2020-04-08T18:04:10","date_gmt":"2020-04-08T18:04:10","guid":{"rendered":"https:\/\/www.eliassen.nl\/?product=bolpot-rond-codi-zilvergrijs-hoogglans-40cm"},"modified":"2026-01-23T19:01:59","modified_gmt":"2026-01-23T18:01:59","slug":"zwiebeltopf-um-codi-silbergrau-hochglanz-40cm","status":"publish","type":"product","link":"https:\/\/www.eliassen.nl\/de\/zwiebeltopf-um-codi-silbergrau-hochglanz-40cm\/","title":{"rendered":"Kugeltopf rund Codi silber grau hochglanz 40cm"},"content":{"rendered":"<p>Sch\u00f6ner konvexer Topf aus Polystone. Diese Weltkugel ist ein wundersch\u00f6nes Dekorationsst\u00fcck f\u00fcr Ihr Interieur oder Ihr Gesch\u00e4ft. Sie k\u00f6nnen diesen wuchtigen Topf in hochgl\u00e4nzendem Silbergrau mit Ihren anderen M\u00f6beln in fast jeder modernen Einrichtung kombinieren. Polystone ist ein Material aus Steinsplitt\/Pulver, das mit einem Kunstharz vermischt ist. Diese Mischung, kombiniert mit Glasfasermatten, ist ein sehr starkes Material, das ideal f\u00fcr dieses Produkt geeignet ist. Als Finish wurde ein Hochglanzlack verwendet, der mit Autolack verglichen werden kann.<\/p>\n<p><strong>Fast alle Produkte aus dieser Serie k\u00f6nnen Sie auch in unserem Shop ansehen!<\/strong><\/p>\n<ul>\n<li>Gr\u00f6\u00dfe : 40x30cm hoch, Durchmesser des Lochs 27cm<\/li>\n<li>Sch\u00f6n in Kombination mit einer S\u00e4ule<\/li>\n<li>Ausgestattet mit Filzpads auf der Unterseite<\/li>\n<li>Sehr stabil, sch\u00f6n verarbeitet<\/li>\n<li>Lieferung aus unserem eigenen Lager.<\/li>\n<\/ul>\n","protected":false},"excerpt":{"rendered":"<p>Sch\u00f6ner konvexer Topf aus Polystone. Diese Weltkugel ist ein wundersch\u00f6nes Dekorationsst\u00fcck f\u00fcr Ihr Interieur oder Ihr Gesch\u00e4ft. Sie k\u00f6nnen diesen wuchtigen Topf in hochgl\u00e4nzendem Silbergrau mit Ihren anderen M\u00f6beln in fast jeder modernen Einrichtung kombinieren. Polystone ist ein Material aus Steinsplitt\/Pulver, das mit einem Kunstharz vermischt ist. Diese Mischung, kombiniert mit Glasfasermatten, ist ein sehr &hellip;<\/p>\n","protected":false},"featured_media":23674,"template":"","meta":{"_acf_changed":false,"_genesis_title":"","_genesis_description":""},"product_brand":[7505],"product_cat":[722,740,725],"product_tag":[7298],"class_list":{"0":"post-23677","1":"product","2":"type-product","3":"status-publish","4":"has-post-thumbnail","6":"product_brand-sonstige","7":"product_cat-blumentoepfe-und-pflanzgefaesse","8":"product_cat-pflanzkuebel-fuer-den-aussenbereich-gross-leicht","9":"product_cat-vasen-und-toepfe-im-modernen-design","10":"product_tag-groser-kunststoff","12":"first","13":"instock","14":"taxable","15":"shipping-taxable","16":"purchasable","17":"product-type-simple"},"acf":[],"meta_all":{"total_sales":"0","wcml_sync_hash":{"postmeta_fields":"b5d5b79d38d9289520fa0a218e666cca"},"attr_label_translations":[],"cor_restricted_countries":[]},"meta_all_flat":{"total_sales":"0","wcml_sync_hash.postmeta_fields":"b5d5b79d38d9289520fa0a218e666cca"},"yoast_head":"<!-- This site is optimized with the Yoast SEO Premium plugin v26.2 (Yoast SEO v27.2) - https:\/\/yoast.com\/product\/yoast-seo-premium-wordpress\/ -->\n<title>Blumenk\u00fcbel rund Codi silbergrau hochglanz 40cm - Eliassen<\/title>\n<meta name=\"description\" content=\"Suchen Sie eine Vase? Bestellen Sie jetzt Gl\u00fchbirnenglas rund Codi silbergrau hochglanz. Blumentopf kaufen einfach auf unserer Website. Gro\u00dfe Auswahl \u2713 Schnelle Lieferung\" \/>\n<meta name=\"robots\" content=\"index, follow, max-snippet:-1, max-image-preview:large, max-video-preview:-1\" \/>\n<link rel=\"canonical\" href=\"https:\/\/www.eliassen.nl\/de\/zwiebeltopf-um-codi-silbergrau-hochglanz-40cm\/\" \/>\n<meta property=\"og:locale\" content=\"de_DE\" \/>\n<meta property=\"og:type\" content=\"article\" \/>\n<meta property=\"og:title\" content=\"Sonstige Kugeltopf rund Codi silber grau hochglanz 40cm - Eliassen.nl\" \/>\n<meta property=\"og:description\" content=\"Suchen Sie eine Vase? Bestellen Sie jetzt Gl\u00fchbirnenglas rund Codi silbergrau hochglanz. Blumentopf kaufen einfach auf unserer Website. Gro\u00dfe Auswahl \u2713 Schnelle Lieferung\" \/>\n<meta property=\"og:url\" content=\"https:\/\/www.eliassen.nl\/de\/zwiebeltopf-um-codi-silbergrau-hochglanz-40cm\/\" \/>\n<meta property=\"og:site_name\" content=\"Eliassen.nl\" \/>\n<meta property=\"article:publisher\" content=\"https:\/\/www.facebook.com\/TuincentrumEliassenAmmerzoden\" \/>\n<meta property=\"article:modified_time\" content=\"2026-01-23T18:01:59+00:00\" \/>\n<meta property=\"og:image\" content=\"https:\/\/www.eliassen.nl\/wp-content\/uploads\/2024\/01\/eliassenbolpotrondcodizilvergrijshoogglans40.jpg\" \/>\n\t<meta property=\"og:image:width\" content=\"606\" \/>\n\t<meta property=\"og:image:height\" content=\"491\" \/>\n\t<meta property=\"og:image:type\" content=\"image\/jpeg\" \/>\n<meta name=\"twitter:card\" content=\"summary_large_image\" \/>\n<script type=\"application\/ld+json\" class=\"yoast-schema-graph\">{\"@context\":\"https:\/\/schema.org\",\"@graph\":[{\"@type\":\"WebPage\",\"@id\":\"https:\/\/www.eliassen.nl\/de\/zwiebeltopf-um-codi-silbergrau-hochglanz-40cm\/\",\"url\":\"https:\/\/www.eliassen.nl\/de\/zwiebeltopf-um-codi-silbergrau-hochglanz-40cm\/\",\"name\":\"Blumenk\u00fcbel rund Codi silbergrau hochglanz 40cm - Eliassen\",\"isPartOf\":{\"@id\":\"https:\/\/www.eliassen.nl\/de\/#website\"},\"primaryImageOfPage\":{\"@id\":\"https:\/\/www.eliassen.nl\/de\/zwiebeltopf-um-codi-silbergrau-hochglanz-40cm\/#primaryimage\"},\"image\":{\"@id\":\"https:\/\/www.eliassen.nl\/de\/zwiebeltopf-um-codi-silbergrau-hochglanz-40cm\/#primaryimage\"},\"thumbnailUrl\":\"https:\/\/www.eliassen.nl\/wp-content\/uploads\/2024\/01\/eliassenbolpotrondcodizilvergrijshoogglans40.jpg\",\"datePublished\":\"2020-04-08T18:04:10+00:00\",\"dateModified\":\"2026-01-23T18:01:59+00:00\",\"description\":\"Suchen Sie eine Vase? Bestellen Sie jetzt Gl\u00fchbirnenglas rund Codi silbergrau hochglanz. Blumentopf kaufen einfach auf unserer Website. Gro\u00dfe Auswahl \u2713 Schnelle Lieferung\",\"breadcrumb\":{\"@id\":\"https:\/\/www.eliassen.nl\/de\/zwiebeltopf-um-codi-silbergrau-hochglanz-40cm\/#breadcrumb\"},\"inLanguage\":\"de\",\"potentialAction\":[{\"@type\":\"ReadAction\",\"target\":[\"https:\/\/www.eliassen.nl\/de\/zwiebeltopf-um-codi-silbergrau-hochglanz-40cm\/\"]}]},{\"@type\":\"ImageObject\",\"inLanguage\":\"de\",\"@id\":\"https:\/\/www.eliassen.nl\/de\/zwiebeltopf-um-codi-silbergrau-hochglanz-40cm\/#primaryimage\",\"url\":\"https:\/\/www.eliassen.nl\/wp-content\/uploads\/2024\/01\/eliassenbolpotrondcodizilvergrijshoogglans40.jpg\",\"contentUrl\":\"https:\/\/www.eliassen.nl\/wp-content\/uploads\/2024\/01\/eliassenbolpotrondcodizilvergrijshoogglans40.jpg\",\"width\":606,\"height\":491,\"caption\":\"Eliassen Bulbentopf rund Codi silber grau hochglanz 40cm\"},{\"@type\":\"BreadcrumbList\",\"@id\":\"https:\/\/www.eliassen.nl\/de\/zwiebeltopf-um-codi-silbergrau-hochglanz-40cm\/#breadcrumb\",\"itemListElement\":[{\"@type\":\"ListItem\",\"position\":1,\"name\":\"Home\",\"item\":\"https:\/\/www.eliassen.nl\/de\/\"},{\"@type\":\"ListItem\",\"position\":2,\"name\":\"Shop\",\"item\":\"https:\/\/www.eliassen.nl\/de\/shop\/\"},{\"@type\":\"ListItem\",\"position\":3,\"name\":\"Blument\u00f6pfe und Pflanzgef\u00e4\u00dfe\",\"item\":\"https:\/\/www.eliassen.nl\/de\/blumentoepfe-und-pflanzgefaesse\/\"},{\"@type\":\"ListItem\",\"position\":4,\"name\":\"Pflanzk\u00fcbel f\u00fcr den Au\u00dfenbereich gro\u00df leicht\",\"item\":\"https:\/\/www.eliassen.nl\/de\/blumentoepfe-und-pflanzgefaesse\/pflanzkuebel-fuer-den-aussenbereich-gross-leicht\/\"},{\"@type\":\"ListItem\",\"position\":5,\"name\":\"Kugeltopf rund Codi silber grau hochglanz 40cm\"}]},{\"@type\":\"WebSite\",\"@id\":\"https:\/\/www.eliassen.nl\/de\/#website\",\"url\":\"https:\/\/www.eliassen.nl\/de\/\",\"name\":\"Eliassen Home & Garden Pleasure\",\"description\":\"\",\"publisher\":{\"@id\":\"https:\/\/www.eliassen.nl\/de\/#organization\"},\"alternateName\":\"Eliassen.nl\",\"potentialAction\":[{\"@type\":\"SearchAction\",\"target\":{\"@type\":\"EntryPoint\",\"urlTemplate\":\"https:\/\/www.eliassen.nl\/de\/?s={search_term_string}\"},\"query-input\":{\"@type\":\"PropertyValueSpecification\",\"valueRequired\":true,\"valueName\":\"search_term_string\"}}],\"inLanguage\":\"de\"},{\"@type\":[\"Organization\",\"Place\"],\"@id\":\"https:\/\/www.eliassen.nl\/de\/#organization\",\"name\":\"Eliassen Home & Garden Pleasure\",\"url\":\"https:\/\/www.eliassen.nl\/de\/\",\"logo\":{\"@id\":\"https:\/\/www.eliassen.nl\/de\/zwiebeltopf-um-codi-silbergrau-hochglanz-40cm\/#local-main-organization-logo\"},\"image\":{\"@id\":\"https:\/\/www.eliassen.nl\/de\/zwiebeltopf-um-codi-silbergrau-hochglanz-40cm\/#local-main-organization-logo\"},\"sameAs\":[\"https:\/\/www.facebook.com\/TuincentrumEliassenAmmerzoden\",\"https:\/\/www.instagram.com\/eliassenhomeandgarden\/\",\"https:\/\/nl.pinterest.com\/eliassenhomeandgarden\/\",\"https:\/\/www.youtube.com\/@eliassenhomegardenpleasure4558\"],\"telephone\":[],\"openingHoursSpecification\":[{\"@type\":\"OpeningHoursSpecification\",\"dayOfWeek\":[\"Monday\",\"Tuesday\",\"Wednesday\",\"Thursday\",\"Friday\",\"Saturday\",\"Sunday\"],\"opens\":\"09:00\",\"closes\":\"17:00\"}]},{\"@type\":\"ImageObject\",\"inLanguage\":\"de\",\"@id\":\"https:\/\/www.eliassen.nl\/de\/zwiebeltopf-um-codi-silbergrau-hochglanz-40cm\/#local-main-organization-logo\",\"url\":\"https:\/\/www.eliassen.nl\/wp-content\/uploads\/2024\/01\/logo_4nd.jpg\",\"contentUrl\":\"https:\/\/www.eliassen.nl\/wp-content\/uploads\/2024\/01\/logo_4nd.jpg\",\"width\":500,\"height\":500,\"caption\":\"Eliassen Home & Garden Pleasure\"}]}<\/script>\n<meta property=\"product:price:amount\" content=\"59.50\" \/>\n<meta property=\"product:price:currency\" content=\"EUR\" \/>\n<meta property=\"og:availability\" content=\"instock\" \/>\n<meta property=\"product:availability\" content=\"instock\" \/>\n<meta property=\"product:retailer_item_id\" content=\"9259-b-014\" \/>\n<meta property=\"product:condition\" content=\"new\" \/>\n<!-- \/ Yoast SEO Premium plugin. -->","yoast_head_json":{"title":"Blumenk\u00fcbel rund Codi silbergrau hochglanz 40cm - Eliassen","description":"Suchen Sie eine Vase? Bestellen Sie jetzt Gl\u00fchbirnenglas rund Codi silbergrau hochglanz. Blumentopf kaufen einfach auf unserer Website. Gro\u00dfe Auswahl \u2713 Schnelle Lieferung","robots":{"index":"index","follow":"follow","max-snippet":"max-snippet:-1","max-image-preview":"max-image-preview:large","max-video-preview":"max-video-preview:-1"},"canonical":"https:\/\/www.eliassen.nl\/de\/zwiebeltopf-um-codi-silbergrau-hochglanz-40cm\/","og_locale":"de_DE","og_type":"article","og_title":"Sonstige Kugeltopf rund Codi silber grau hochglanz 40cm - Eliassen.nl","og_description":"Suchen Sie eine Vase? Bestellen Sie jetzt Gl\u00fchbirnenglas rund Codi silbergrau hochglanz. Blumentopf kaufen einfach auf unserer Website. Gro\u00dfe Auswahl \u2713 Schnelle Lieferung","og_url":"https:\/\/www.eliassen.nl\/de\/zwiebeltopf-um-codi-silbergrau-hochglanz-40cm\/","og_site_name":"Eliassen.nl","article_publisher":"https:\/\/www.facebook.com\/TuincentrumEliassenAmmerzoden","article_modified_time":"2026-01-23T18:01:59+00:00","og_image":[{"width":606,"height":491,"url":"https:\/\/www.eliassen.nl\/wp-content\/uploads\/2024\/01\/eliassenbolpotrondcodizilvergrijshoogglans40.jpg","type":"image\/jpeg"}],"twitter_card":"summary_large_image","schema":{"@context":"https:\/\/schema.org","@graph":[{"@type":"WebPage","@id":"https:\/\/www.eliassen.nl\/de\/zwiebeltopf-um-codi-silbergrau-hochglanz-40cm\/","url":"https:\/\/www.eliassen.nl\/de\/zwiebeltopf-um-codi-silbergrau-hochglanz-40cm\/","name":"Blumenk\u00fcbel rund Codi silbergrau hochglanz 40cm - Eliassen","isPartOf":{"@id":"https:\/\/www.eliassen.nl\/de\/#website"},"primaryImageOfPage":{"@id":"https:\/\/www.eliassen.nl\/de\/zwiebeltopf-um-codi-silbergrau-hochglanz-40cm\/#primaryimage"},"image":{"@id":"https:\/\/www.eliassen.nl\/de\/zwiebeltopf-um-codi-silbergrau-hochglanz-40cm\/#primaryimage"},"thumbnailUrl":"https:\/\/www.eliassen.nl\/wp-content\/uploads\/2024\/01\/eliassenbolpotrondcodizilvergrijshoogglans40.jpg","datePublished":"2020-04-08T18:04:10+00:00","dateModified":"2026-01-23T18:01:59+00:00","description":"Suchen Sie eine Vase? Bestellen Sie jetzt Gl\u00fchbirnenglas rund Codi silbergrau hochglanz. Blumentopf kaufen einfach auf unserer Website. Gro\u00dfe Auswahl \u2713 Schnelle Lieferung","breadcrumb":{"@id":"https:\/\/www.eliassen.nl\/de\/zwiebeltopf-um-codi-silbergrau-hochglanz-40cm\/#breadcrumb"},"inLanguage":"de","potentialAction":[{"@type":"ReadAction","target":["https:\/\/www.eliassen.nl\/de\/zwiebeltopf-um-codi-silbergrau-hochglanz-40cm\/"]}]},{"@type":"ImageObject","inLanguage":"de","@id":"https:\/\/www.eliassen.nl\/de\/zwiebeltopf-um-codi-silbergrau-hochglanz-40cm\/#primaryimage","url":"https:\/\/www.eliassen.nl\/wp-content\/uploads\/2024\/01\/eliassenbolpotrondcodizilvergrijshoogglans40.jpg","contentUrl":"https:\/\/www.eliassen.nl\/wp-content\/uploads\/2024\/01\/eliassenbolpotrondcodizilvergrijshoogglans40.jpg","width":606,"height":491,"caption":"Eliassen Bulbentopf rund Codi silber grau hochglanz 40cm"},{"@type":"BreadcrumbList","@id":"https:\/\/www.eliassen.nl\/de\/zwiebeltopf-um-codi-silbergrau-hochglanz-40cm\/#breadcrumb","itemListElement":[{"@type":"ListItem","position":1,"name":"Home","item":"https:\/\/www.eliassen.nl\/de\/"},{"@type":"ListItem","position":2,"name":"Shop","item":"https:\/\/www.eliassen.nl\/de\/shop\/"},{"@type":"ListItem","position":3,"name":"Blument\u00f6pfe und Pflanzgef\u00e4\u00dfe","item":"https:\/\/www.eliassen.nl\/de\/blumentoepfe-und-pflanzgefaesse\/"},{"@type":"ListItem","position":4,"name":"Pflanzk\u00fcbel f\u00fcr den Au\u00dfenbereich gro\u00df leicht","item":"https:\/\/www.eliassen.nl\/de\/blumentoepfe-und-pflanzgefaesse\/pflanzkuebel-fuer-den-aussenbereich-gross-leicht\/"},{"@type":"ListItem","position":5,"name":"Kugeltopf rund Codi silber grau hochglanz 40cm"}]},{"@type":"WebSite","@id":"https:\/\/www.eliassen.nl\/de\/#website","url":"https:\/\/www.eliassen.nl\/de\/","name":"Eliassen Home & Garden Pleasure","description":"","publisher":{"@id":"https:\/\/www.eliassen.nl\/de\/#organization"},"alternateName":"Eliassen.nl","potentialAction":[{"@type":"SearchAction","target":{"@type":"EntryPoint","urlTemplate":"https:\/\/www.eliassen.nl\/de\/?s={search_term_string}"},"query-input":{"@type":"PropertyValueSpecification","valueRequired":true,"valueName":"search_term_string"}}],"inLanguage":"de"},{"@type":["Organization","Place"],"@id":"https:\/\/www.eliassen.nl\/de\/#organization","name":"Eliassen Home & Garden Pleasure","url":"https:\/\/www.eliassen.nl\/de\/","logo":{"@id":"https:\/\/www.eliassen.nl\/de\/zwiebeltopf-um-codi-silbergrau-hochglanz-40cm\/#local-main-organization-logo"},"image":{"@id":"https:\/\/www.eliassen.nl\/de\/zwiebeltopf-um-codi-silbergrau-hochglanz-40cm\/#local-main-organization-logo"},"sameAs":["https:\/\/www.facebook.com\/TuincentrumEliassenAmmerzoden","https:\/\/www.instagram.com\/eliassenhomeandgarden\/","https:\/\/nl.pinterest.com\/eliassenhomeandgarden\/","https:\/\/www.youtube.com\/@eliassenhomegardenpleasure4558"],"telephone":[],"openingHoursSpecification":[{"@type":"OpeningHoursSpecification","dayOfWeek":["Monday","Tuesday","Wednesday","Thursday","Friday","Saturday","Sunday"],"opens":"09:00","closes":"17:00"}]},{"@type":"ImageObject","inLanguage":"de","@id":"https:\/\/www.eliassen.nl\/de\/zwiebeltopf-um-codi-silbergrau-hochglanz-40cm\/#local-main-organization-logo","url":"https:\/\/www.eliassen.nl\/wp-content\/uploads\/2024\/01\/logo_4nd.jpg","contentUrl":"https:\/\/www.eliassen.nl\/wp-content\/uploads\/2024\/01\/logo_4nd.jpg","width":500,"height":500,"caption":"Eliassen Home & Garden Pleasure"}]},"product_price_amount":"59.50","product_price_currency":"EUR","og_availability":"instock","product_availability":"instock","product_retailer_item_id":"9259-b-014","product_condition":"new"},"df_price":59.5,"df_sale_price":"","df_regular_price":59.5,"df_image_link":"https:\/\/www.eliassen.nl\/wp-content\/uploads\/2024\/01\/eliassenbolpotrondcodizilvergrijshoogglans40.jpg","image":"https:\/\/www.eliassen.nl\/wp-content\/uploads\/2024\/01\/eliassenbolpotrondcodizilvergrijshoogglans40.jpg","price_search":"<span class=\"woocommerce-Price-amount amount\"><bdi><span class=\"woocommerce-Price-currencySymbol\">&euro;<\/span>&nbsp;59,50<\/bdi><\/span>","category":"Blument\u00f6pfe und Pflanzgef\u00e4\u00dfe","global_unique_id":"9506617874931","_links":{"self":[{"href":"https:\/\/www.eliassen.nl\/de\/wp-json\/wp\/v2\/product\/23677","targetHints":{"allow":["GET"]}}],"collection":[{"href":"https:\/\/www.eliassen.nl\/de\/wp-json\/wp\/v2\/product"}],"about":[{"href":"https:\/\/www.eliassen.nl\/de\/wp-json\/wp\/v2\/types\/product"}],"wp:featuredmedia":[{"embeddable":true,"href":"https:\/\/www.eliassen.nl\/de\/wp-json\/wp\/v2\/media\/23674"}],"wp:attachment":[{"href":"https:\/\/www.eliassen.nl\/de\/wp-json\/wp\/v2\/media?parent=23677"}],"wp:term":[{"taxonomy":"product_brand","embeddable":true,"href":"https:\/\/www.eliassen.nl\/de\/wp-json\/wp\/v2\/product_brand?post=23677"},{"taxonomy":"product_cat","embeddable":true,"href":"https:\/\/www.eliassen.nl\/de\/wp-json\/wp\/v2\/product_cat?post=23677"},{"taxonomy":"product_tag","embeddable":true,"href":"https:\/\/www.eliassen.nl\/de\/wp-json\/wp\/v2\/product_tag?post=23677"}],"curies":[{"name":"wp","href":"https:\/\/api.w.org\/{rel}","templated":true}]}}