{"id":23563,"date":"2020-04-08T16:41:48","date_gmt":"2020-04-08T16:41:48","guid":{"rendered":"https:\/\/www.eliassen.nl\/?product=schaal-zwart-hoogglans-dia-50cm"},"modified":"2026-01-23T19:27:17","modified_gmt":"2026-01-23T18:27:17","slug":"schussel-schwarz-hochglanzdurchmesser-50cm","status":"publish","type":"product","link":"https:\/\/www.eliassen.nl\/de\/schussel-schwarz-hochglanzdurchmesser-50cm\/","title":{"rendered":"Sch\u00fcssel schwarz hochglanz \u00d8 50cm"},"content":{"rendered":"<p>Sch\u00f6ne Schale aus Polystone. Diese Pflanzschale wird ein sch\u00f6nes Dekorationsst\u00fcck f\u00fcr Ihr Zuhause oder Ihr Gesch\u00e4ft sein. Diese wuchtige Schale in hochgl\u00e4nzendem Schwarz k\u00f6nnen Sie dank ihres zeitlosen Aussehens mit fast jeder Einrichtung kombinieren. Polystone ist ein Material aus Steinsplitt\/Pulver, das mit einem Kunstharz vermischt ist. Diese Mischung, kombiniert mit Glasfasermatten, ist ein sehr starkes Material, das ideal f\u00fcr dieses Produkt geeignet ist. Als Finish wurde ein Hochglanzlack verwendet, der mit Autolack verglichen werden kann.<\/p>\n<p><strong>Fast alle Produkte aus dieser Serie k\u00f6nnen Sie auch in unserem Shop ansehen!<\/strong><\/p>\n<ul>\n<li>Gr\u00f6\u00dfe : 48x19cm hoch<\/li>\n<li>Ausgestattet mit Filzpads auf der Unterseite<\/li>\n<li>Sehr stabil, sch\u00f6n verarbeitet<\/li>\n<li>Lieferung aus unserem eigenen Lager.<\/li>\n<\/ul>\n","protected":false},"excerpt":{"rendered":"<p>Sch\u00f6ne Schale aus Polystone. Diese Pflanzschale wird ein sch\u00f6nes Dekorationsst\u00fcck f\u00fcr Ihr Zuhause oder Ihr Gesch\u00e4ft sein. Diese wuchtige Schale in hochgl\u00e4nzendem Schwarz k\u00f6nnen Sie dank ihres zeitlosen Aussehens mit fast jeder Einrichtung kombinieren. Polystone ist ein Material aus Steinsplitt\/Pulver, das mit einem Kunstharz vermischt ist. Diese Mischung, kombiniert mit Glasfasermatten, ist ein sehr starkes &hellip;<\/p>\n","protected":false},"featured_media":23560,"template":"","meta":{"_acf_changed":false,"_genesis_title":"","_genesis_description":""},"product_brand":[7505],"product_cat":[722,740,725],"product_tag":[7298],"class_list":{"0":"post-23563","1":"product","2":"type-product","3":"status-publish","4":"has-post-thumbnail","6":"product_brand-sonstige","7":"product_cat-blumentoepfe-und-pflanzgefaesse","8":"product_cat-pflanzkuebel-fuer-den-aussenbereich-gross-leicht","9":"product_cat-vasen-und-toepfe-im-modernen-design","10":"product_tag-groser-kunststoff","12":"first","13":"instock","14":"taxable","15":"shipping-taxable","16":"purchasable","17":"product-type-simple"},"acf":[],"meta_all":{"total_sales":"0","wcml_sync_hash":{"postmeta_fields":"ecab65d8b19cb65fdca027e475958624"},"attr_label_translations":[],"cor_restricted_countries":[]},"meta_all_flat":{"total_sales":"0","wcml_sync_hash.postmeta_fields":"ecab65d8b19cb65fdca027e475958624"},"yoast_head":"<!-- This site is optimized with the Yoast SEO Premium plugin v26.2 (Yoast SEO v27.2) - https:\/\/yoast.com\/product\/yoast-seo-premium-wordpress\/ -->\n<title>Sch\u00fcssel schwarz hochglanz \u00d8 50cm - Eliassen<\/title>\n<meta name=\"description\" content=\"Suchen Sie eine Vase? Bestellen Sie jetzt Schale schwarz hochglanz \u00d8 50cm. Blumentopf kaufen einfach auf unserer Website. Gro\u00dfe Auswahl \u2713 Schnelle Lieferung\" \/>\n<meta name=\"robots\" content=\"index, follow, max-snippet:-1, max-image-preview:large, max-video-preview:-1\" \/>\n<link rel=\"canonical\" href=\"https:\/\/www.eliassen.nl\/de\/schussel-schwarz-hochglanzdurchmesser-50cm\/\" \/>\n<meta property=\"og:locale\" content=\"de_DE\" \/>\n<meta property=\"og:type\" content=\"article\" \/>\n<meta property=\"og:title\" content=\"Sonstige Sch\u00fcssel schwarz hochglanz \u00d8 50cm - Eliassen.nl\" \/>\n<meta property=\"og:description\" content=\"Suchen Sie eine Vase? Bestellen Sie jetzt Schale schwarz hochglanz \u00d8 50cm. Blumentopf kaufen einfach auf unserer Website. Gro\u00dfe Auswahl \u2713 Schnelle Lieferung\" \/>\n<meta property=\"og:url\" content=\"https:\/\/www.eliassen.nl\/de\/schussel-schwarz-hochglanzdurchmesser-50cm\/\" \/>\n<meta property=\"og:site_name\" content=\"Eliassen.nl\" \/>\n<meta property=\"article:publisher\" content=\"https:\/\/www.facebook.com\/TuincentrumEliassenAmmerzoden\" \/>\n<meta property=\"article:modified_time\" content=\"2026-01-23T18:27:17+00:00\" \/>\n<meta property=\"og:image\" content=\"https:\/\/www.eliassen.nl\/wp-content\/uploads\/2024\/01\/eliassenschaalzwarthoogglansdia50cm.jpg\" \/>\n\t<meta property=\"og:image:width\" content=\"1380\" \/>\n\t<meta property=\"og:image:height\" content=\"750\" \/>\n\t<meta property=\"og:image:type\" content=\"image\/jpeg\" \/>\n<meta name=\"twitter:card\" content=\"summary_large_image\" \/>\n<script type=\"application\/ld+json\" class=\"yoast-schema-graph\">{\"@context\":\"https:\/\/schema.org\",\"@graph\":[{\"@type\":\"WebPage\",\"@id\":\"https:\/\/www.eliassen.nl\/de\/schussel-schwarz-hochglanzdurchmesser-50cm\/\",\"url\":\"https:\/\/www.eliassen.nl\/de\/schussel-schwarz-hochglanzdurchmesser-50cm\/\",\"name\":\"Sch\u00fcssel schwarz hochglanz \u00d8 50cm - Eliassen\",\"isPartOf\":{\"@id\":\"https:\/\/www.eliassen.nl\/de\/#website\"},\"primaryImageOfPage\":{\"@id\":\"https:\/\/www.eliassen.nl\/de\/schussel-schwarz-hochglanzdurchmesser-50cm\/#primaryimage\"},\"image\":{\"@id\":\"https:\/\/www.eliassen.nl\/de\/schussel-schwarz-hochglanzdurchmesser-50cm\/#primaryimage\"},\"thumbnailUrl\":\"https:\/\/www.eliassen.nl\/wp-content\/uploads\/2024\/01\/eliassenschaalzwarthoogglansdia50cm.jpg\",\"datePublished\":\"2020-04-08T16:41:48+00:00\",\"dateModified\":\"2026-01-23T18:27:17+00:00\",\"description\":\"Suchen Sie eine Vase? Bestellen Sie jetzt Schale schwarz hochglanz \u00d8 50cm. Blumentopf kaufen einfach auf unserer Website. Gro\u00dfe Auswahl \u2713 Schnelle Lieferung\",\"breadcrumb\":{\"@id\":\"https:\/\/www.eliassen.nl\/de\/schussel-schwarz-hochglanzdurchmesser-50cm\/#breadcrumb\"},\"inLanguage\":\"de\",\"potentialAction\":[{\"@type\":\"ReadAction\",\"target\":[\"https:\/\/www.eliassen.nl\/de\/schussel-schwarz-hochglanzdurchmesser-50cm\/\"]}]},{\"@type\":\"ImageObject\",\"inLanguage\":\"de\",\"@id\":\"https:\/\/www.eliassen.nl\/de\/schussel-schwarz-hochglanzdurchmesser-50cm\/#primaryimage\",\"url\":\"https:\/\/www.eliassen.nl\/wp-content\/uploads\/2024\/01\/eliassenschaalzwarthoogglansdia50cm.jpg\",\"contentUrl\":\"https:\/\/www.eliassen.nl\/wp-content\/uploads\/2024\/01\/eliassenschaalzwarthoogglansdia50cm.jpg\",\"width\":1380,\"height\":750,\"caption\":\"Eliassen Schale schwarz hochglanz \u00d8 50cm\"},{\"@type\":\"BreadcrumbList\",\"@id\":\"https:\/\/www.eliassen.nl\/de\/schussel-schwarz-hochglanzdurchmesser-50cm\/#breadcrumb\",\"itemListElement\":[{\"@type\":\"ListItem\",\"position\":1,\"name\":\"Home\",\"item\":\"https:\/\/www.eliassen.nl\/de\/\"},{\"@type\":\"ListItem\",\"position\":2,\"name\":\"Shop\",\"item\":\"https:\/\/www.eliassen.nl\/de\/shop\/\"},{\"@type\":\"ListItem\",\"position\":3,\"name\":\"Blument\u00f6pfe und Pflanzgef\u00e4\u00dfe\",\"item\":\"https:\/\/www.eliassen.nl\/de\/blumentoepfe-und-pflanzgefaesse\/\"},{\"@type\":\"ListItem\",\"position\":4,\"name\":\"Pflanzk\u00fcbel f\u00fcr den Au\u00dfenbereich gro\u00df leicht\",\"item\":\"https:\/\/www.eliassen.nl\/de\/blumentoepfe-und-pflanzgefaesse\/pflanzkuebel-fuer-den-aussenbereich-gross-leicht\/\"},{\"@type\":\"ListItem\",\"position\":5,\"name\":\"Sch\u00fcssel schwarz hochglanz \u00d8 50cm\"}]},{\"@type\":\"WebSite\",\"@id\":\"https:\/\/www.eliassen.nl\/de\/#website\",\"url\":\"https:\/\/www.eliassen.nl\/de\/\",\"name\":\"Eliassen Home & Garden Pleasure\",\"description\":\"\",\"publisher\":{\"@id\":\"https:\/\/www.eliassen.nl\/de\/#organization\"},\"alternateName\":\"Eliassen.nl\",\"potentialAction\":[{\"@type\":\"SearchAction\",\"target\":{\"@type\":\"EntryPoint\",\"urlTemplate\":\"https:\/\/www.eliassen.nl\/de\/?s={search_term_string}\"},\"query-input\":{\"@type\":\"PropertyValueSpecification\",\"valueRequired\":true,\"valueName\":\"search_term_string\"}}],\"inLanguage\":\"de\"},{\"@type\":[\"Organization\",\"Place\"],\"@id\":\"https:\/\/www.eliassen.nl\/de\/#organization\",\"name\":\"Eliassen Home & Garden Pleasure\",\"url\":\"https:\/\/www.eliassen.nl\/de\/\",\"logo\":{\"@id\":\"https:\/\/www.eliassen.nl\/de\/schussel-schwarz-hochglanzdurchmesser-50cm\/#local-main-organization-logo\"},\"image\":{\"@id\":\"https:\/\/www.eliassen.nl\/de\/schussel-schwarz-hochglanzdurchmesser-50cm\/#local-main-organization-logo\"},\"sameAs\":[\"https:\/\/www.facebook.com\/TuincentrumEliassenAmmerzoden\",\"https:\/\/www.instagram.com\/eliassenhomeandgarden\/\",\"https:\/\/nl.pinterest.com\/eliassenhomeandgarden\/\",\"https:\/\/www.youtube.com\/@eliassenhomegardenpleasure4558\"],\"telephone\":[],\"openingHoursSpecification\":[{\"@type\":\"OpeningHoursSpecification\",\"dayOfWeek\":[\"Monday\",\"Tuesday\",\"Wednesday\",\"Thursday\",\"Friday\",\"Saturday\",\"Sunday\"],\"opens\":\"09:00\",\"closes\":\"17:00\"}]},{\"@type\":\"ImageObject\",\"inLanguage\":\"de\",\"@id\":\"https:\/\/www.eliassen.nl\/de\/schussel-schwarz-hochglanzdurchmesser-50cm\/#local-main-organization-logo\",\"url\":\"https:\/\/www.eliassen.nl\/wp-content\/uploads\/2024\/01\/logo_4nd.jpg\",\"contentUrl\":\"https:\/\/www.eliassen.nl\/wp-content\/uploads\/2024\/01\/logo_4nd.jpg\",\"width\":500,\"height\":500,\"caption\":\"Eliassen Home & Garden Pleasure\"}]}<\/script>\n<meta property=\"product:price:amount\" content=\"95.00\" \/>\n<meta property=\"product:price:currency\" content=\"EUR\" \/>\n<meta property=\"og:availability\" content=\"instock\" \/>\n<meta property=\"product:availability\" content=\"instock\" \/>\n<meta property=\"product:retailer_item_id\" content=\"9198-c-002\" \/>\n<meta property=\"product:condition\" content=\"new\" \/>\n<!-- \/ Yoast SEO Premium plugin. -->","yoast_head_json":{"title":"Sch\u00fcssel schwarz hochglanz \u00d8 50cm - Eliassen","description":"Suchen Sie eine Vase? Bestellen Sie jetzt Schale schwarz hochglanz \u00d8 50cm. Blumentopf kaufen einfach auf unserer Website. Gro\u00dfe Auswahl \u2713 Schnelle Lieferung","robots":{"index":"index","follow":"follow","max-snippet":"max-snippet:-1","max-image-preview":"max-image-preview:large","max-video-preview":"max-video-preview:-1"},"canonical":"https:\/\/www.eliassen.nl\/de\/schussel-schwarz-hochglanzdurchmesser-50cm\/","og_locale":"de_DE","og_type":"article","og_title":"Sonstige Sch\u00fcssel schwarz hochglanz \u00d8 50cm - Eliassen.nl","og_description":"Suchen Sie eine Vase? Bestellen Sie jetzt Schale schwarz hochglanz \u00d8 50cm. Blumentopf kaufen einfach auf unserer Website. Gro\u00dfe Auswahl \u2713 Schnelle Lieferung","og_url":"https:\/\/www.eliassen.nl\/de\/schussel-schwarz-hochglanzdurchmesser-50cm\/","og_site_name":"Eliassen.nl","article_publisher":"https:\/\/www.facebook.com\/TuincentrumEliassenAmmerzoden","article_modified_time":"2026-01-23T18:27:17+00:00","og_image":[{"width":1380,"height":750,"url":"https:\/\/www.eliassen.nl\/wp-content\/uploads\/2024\/01\/eliassenschaalzwarthoogglansdia50cm.jpg","type":"image\/jpeg"}],"twitter_card":"summary_large_image","schema":{"@context":"https:\/\/schema.org","@graph":[{"@type":"WebPage","@id":"https:\/\/www.eliassen.nl\/de\/schussel-schwarz-hochglanzdurchmesser-50cm\/","url":"https:\/\/www.eliassen.nl\/de\/schussel-schwarz-hochglanzdurchmesser-50cm\/","name":"Sch\u00fcssel schwarz hochglanz \u00d8 50cm - Eliassen","isPartOf":{"@id":"https:\/\/www.eliassen.nl\/de\/#website"},"primaryImageOfPage":{"@id":"https:\/\/www.eliassen.nl\/de\/schussel-schwarz-hochglanzdurchmesser-50cm\/#primaryimage"},"image":{"@id":"https:\/\/www.eliassen.nl\/de\/schussel-schwarz-hochglanzdurchmesser-50cm\/#primaryimage"},"thumbnailUrl":"https:\/\/www.eliassen.nl\/wp-content\/uploads\/2024\/01\/eliassenschaalzwarthoogglansdia50cm.jpg","datePublished":"2020-04-08T16:41:48+00:00","dateModified":"2026-01-23T18:27:17+00:00","description":"Suchen Sie eine Vase? Bestellen Sie jetzt Schale schwarz hochglanz \u00d8 50cm. Blumentopf kaufen einfach auf unserer Website. Gro\u00dfe Auswahl \u2713 Schnelle Lieferung","breadcrumb":{"@id":"https:\/\/www.eliassen.nl\/de\/schussel-schwarz-hochglanzdurchmesser-50cm\/#breadcrumb"},"inLanguage":"de","potentialAction":[{"@type":"ReadAction","target":["https:\/\/www.eliassen.nl\/de\/schussel-schwarz-hochglanzdurchmesser-50cm\/"]}]},{"@type":"ImageObject","inLanguage":"de","@id":"https:\/\/www.eliassen.nl\/de\/schussel-schwarz-hochglanzdurchmesser-50cm\/#primaryimage","url":"https:\/\/www.eliassen.nl\/wp-content\/uploads\/2024\/01\/eliassenschaalzwarthoogglansdia50cm.jpg","contentUrl":"https:\/\/www.eliassen.nl\/wp-content\/uploads\/2024\/01\/eliassenschaalzwarthoogglansdia50cm.jpg","width":1380,"height":750,"caption":"Eliassen Schale schwarz hochglanz \u00d8 50cm"},{"@type":"BreadcrumbList","@id":"https:\/\/www.eliassen.nl\/de\/schussel-schwarz-hochglanzdurchmesser-50cm\/#breadcrumb","itemListElement":[{"@type":"ListItem","position":1,"name":"Home","item":"https:\/\/www.eliassen.nl\/de\/"},{"@type":"ListItem","position":2,"name":"Shop","item":"https:\/\/www.eliassen.nl\/de\/shop\/"},{"@type":"ListItem","position":3,"name":"Blument\u00f6pfe und Pflanzgef\u00e4\u00dfe","item":"https:\/\/www.eliassen.nl\/de\/blumentoepfe-und-pflanzgefaesse\/"},{"@type":"ListItem","position":4,"name":"Pflanzk\u00fcbel f\u00fcr den Au\u00dfenbereich gro\u00df leicht","item":"https:\/\/www.eliassen.nl\/de\/blumentoepfe-und-pflanzgefaesse\/pflanzkuebel-fuer-den-aussenbereich-gross-leicht\/"},{"@type":"ListItem","position":5,"name":"Sch\u00fcssel schwarz hochglanz \u00d8 50cm"}]},{"@type":"WebSite","@id":"https:\/\/www.eliassen.nl\/de\/#website","url":"https:\/\/www.eliassen.nl\/de\/","name":"Eliassen Home & Garden Pleasure","description":"","publisher":{"@id":"https:\/\/www.eliassen.nl\/de\/#organization"},"alternateName":"Eliassen.nl","potentialAction":[{"@type":"SearchAction","target":{"@type":"EntryPoint","urlTemplate":"https:\/\/www.eliassen.nl\/de\/?s={search_term_string}"},"query-input":{"@type":"PropertyValueSpecification","valueRequired":true,"valueName":"search_term_string"}}],"inLanguage":"de"},{"@type":["Organization","Place"],"@id":"https:\/\/www.eliassen.nl\/de\/#organization","name":"Eliassen Home & Garden Pleasure","url":"https:\/\/www.eliassen.nl\/de\/","logo":{"@id":"https:\/\/www.eliassen.nl\/de\/schussel-schwarz-hochglanzdurchmesser-50cm\/#local-main-organization-logo"},"image":{"@id":"https:\/\/www.eliassen.nl\/de\/schussel-schwarz-hochglanzdurchmesser-50cm\/#local-main-organization-logo"},"sameAs":["https:\/\/www.facebook.com\/TuincentrumEliassenAmmerzoden","https:\/\/www.instagram.com\/eliassenhomeandgarden\/","https:\/\/nl.pinterest.com\/eliassenhomeandgarden\/","https:\/\/www.youtube.com\/@eliassenhomegardenpleasure4558"],"telephone":[],"openingHoursSpecification":[{"@type":"OpeningHoursSpecification","dayOfWeek":["Monday","Tuesday","Wednesday","Thursday","Friday","Saturday","Sunday"],"opens":"09:00","closes":"17:00"}]},{"@type":"ImageObject","inLanguage":"de","@id":"https:\/\/www.eliassen.nl\/de\/schussel-schwarz-hochglanzdurchmesser-50cm\/#local-main-organization-logo","url":"https:\/\/www.eliassen.nl\/wp-content\/uploads\/2024\/01\/logo_4nd.jpg","contentUrl":"https:\/\/www.eliassen.nl\/wp-content\/uploads\/2024\/01\/logo_4nd.jpg","width":500,"height":500,"caption":"Eliassen Home & Garden Pleasure"}]},"product_price_amount":"95.00","product_price_currency":"EUR","og_availability":"instock","product_availability":"instock","product_retailer_item_id":"9198-c-002","product_condition":"new"},"df_price":95,"df_sale_price":"","df_regular_price":95,"df_image_link":"https:\/\/www.eliassen.nl\/wp-content\/uploads\/2024\/01\/eliassenschaalzwarthoogglansdia50cm.jpg","image":"https:\/\/www.eliassen.nl\/wp-content\/uploads\/2024\/01\/eliassenschaalzwarthoogglansdia50cm.jpg","price_search":"<span class=\"woocommerce-Price-amount amount\"><bdi><span class=\"woocommerce-Price-currencySymbol\">&euro;<\/span>&nbsp;95,00<\/bdi><\/span>","category":"Blument\u00f6pfe und Pflanzgef\u00e4\u00dfe","global_unique_id":"9505679691579","_links":{"self":[{"href":"https:\/\/www.eliassen.nl\/de\/wp-json\/wp\/v2\/product\/23563","targetHints":{"allow":["GET"]}}],"collection":[{"href":"https:\/\/www.eliassen.nl\/de\/wp-json\/wp\/v2\/product"}],"about":[{"href":"https:\/\/www.eliassen.nl\/de\/wp-json\/wp\/v2\/types\/product"}],"wp:featuredmedia":[{"embeddable":true,"href":"https:\/\/www.eliassen.nl\/de\/wp-json\/wp\/v2\/media\/23560"}],"wp:attachment":[{"href":"https:\/\/www.eliassen.nl\/de\/wp-json\/wp\/v2\/media?parent=23563"}],"wp:term":[{"taxonomy":"product_brand","embeddable":true,"href":"https:\/\/www.eliassen.nl\/de\/wp-json\/wp\/v2\/product_brand?post=23563"},{"taxonomy":"product_cat","embeddable":true,"href":"https:\/\/www.eliassen.nl\/de\/wp-json\/wp\/v2\/product_cat?post=23563"},{"taxonomy":"product_tag","embeddable":true,"href":"https:\/\/www.eliassen.nl\/de\/wp-json\/wp\/v2\/product_tag?post=23563"}],"curies":[{"name":"wp","href":"https:\/\/api.w.org\/{rel}","templated":true}]}}