{"id":23500,"date":"2020-04-08T16:22:16","date_gmt":"2020-04-08T16:22:16","guid":{"rendered":"https:\/\/www.eliassen.nl\/?product=cactuspot-hoog-wit-hoogglans-65cm"},"modified":"2026-01-26T13:10:39","modified_gmt":"2026-01-26T12:10:39","slug":"kaktustopf-hochweiss-hochglanzend-65cm","status":"publish","type":"product","link":"https:\/\/www.eliassen.nl\/de\/kaktustopf-hochweiss-hochglanzend-65cm\/","title":{"rendered":"Kaktustopf hoch wei\u00df hochglanz 65cm"},"content":{"rendered":"<p>Sch\u00f6ne &#8222;Kaktus&#8220;-Vase aus Polystone. Dieser Topf ist ein sch\u00f6nes Dekorationsst\u00fcck f\u00fcr Ihr Zuhause oder Ihr Gesch\u00e4ft. Diese wuchtige Vase in hochgl\u00e4nzendem Wei\u00df k\u00f6nnen Sie dank ihres zeitlosen Aussehens mit fast jeder Einrichtung kombinieren. Polystone ist ein Material aus Steinsplitt\/Pulver, das mit einem Kunstharz vermischt ist. Diese Mischung, kombiniert mit Glasfasermatten, ist ein sehr starkes Material, das ideal f\u00fcr dieses Produkt geeignet ist. Als Finish wurde ein Hochglanzlack verwendet, der mit Autolack verglichen werden kann.<\/p>\n<p><strong>Fast alle Produkte aus dieser Serie k\u00f6nnen Sie auch in unserem Shop ansehen!<\/strong><\/p>\n<ul>\n<li>Gr\u00f6\u00dfe : 52x65cm<\/li>\n<li>ausgestattet mit Innentopf<\/li>\n<li>Ausgestattet mit Filzpads auf der Unterseite<\/li>\n<li>Sehr stabil, sch\u00f6n verarbeitet<\/li>\n<li>Lieferung aus unserem eigenen Lager.<\/li>\n<\/ul>\n","protected":false},"excerpt":{"rendered":"<p>Sch\u00f6ne &#8222;Kaktus&#8220;-Vase aus Polystone. Dieser Topf ist ein sch\u00f6nes Dekorationsst\u00fcck f\u00fcr Ihr Zuhause oder Ihr Gesch\u00e4ft. Diese wuchtige Vase in hochgl\u00e4nzendem Wei\u00df k\u00f6nnen Sie dank ihres zeitlosen Aussehens mit fast jeder Einrichtung kombinieren. Polystone ist ein Material aus Steinsplitt\/Pulver, das mit einem Kunstharz vermischt ist. Diese Mischung, kombiniert mit Glasfasermatten, ist ein sehr starkes Material, &hellip;<\/p>\n","protected":false},"featured_media":23494,"template":"","meta":{"_acf_changed":false,"_genesis_title":"","_genesis_description":""},"product_brand":[7505],"product_cat":[722,740,725],"product_tag":[7298],"class_list":{"0":"post-23500","1":"product","2":"type-product","3":"status-publish","4":"has-post-thumbnail","6":"product_brand-sonstige","7":"product_cat-blumentoepfe-und-pflanzgefaesse","8":"product_cat-pflanzkuebel-fuer-den-aussenbereich-gross-leicht","9":"product_cat-vasen-und-toepfe-im-modernen-design","10":"product_tag-groser-kunststoff","12":"first","13":"instock","14":"sale","15":"taxable","16":"shipping-taxable","17":"purchasable","18":"product-type-simple"},"acf":[],"meta_all":{"total_sales":"1","wcml_sync_hash":{"postmeta_fields":"d36ab4f02bcaae0eb9ccbedf0bb7ee35"},"attr_label_translations":[],"cor_restricted_countries":[]},"meta_all_flat":{"total_sales":"1","wcml_sync_hash.postmeta_fields":"d36ab4f02bcaae0eb9ccbedf0bb7ee35"},"yoast_head":"<!-- This site is optimized with the Yoast SEO Premium plugin v26.2 (Yoast SEO v27.2) - https:\/\/yoast.com\/product\/yoast-seo-premium-wordpress\/ -->\n<title>Kaktustopf hoch wei\u00df hochglanz 65cm - Eliassen<\/title>\n<meta name=\"description\" content=\"Suchen Sie eine Vase? Jetzt bestellen Kaktustopf hochwei\u00df hochglanz 65cm. Blumentopf kaufen einfach auf unserer Website. Gro\u00dfe Auswahl \u2713 Schnelle Lieferung\" \/>\n<meta name=\"robots\" content=\"index, follow, max-snippet:-1, max-image-preview:large, max-video-preview:-1\" \/>\n<link rel=\"canonical\" href=\"https:\/\/www.eliassen.nl\/de\/kaktustopf-hochweiss-hochglanzend-65cm\/\" \/>\n<meta property=\"og:locale\" content=\"de_DE\" \/>\n<meta property=\"og:type\" content=\"article\" \/>\n<meta property=\"og:title\" content=\"Sonstige Kaktustopf hoch wei\u00df hochglanz 65cm - Eliassen.nl\" \/>\n<meta property=\"og:description\" content=\"Suchen Sie eine Vase? Jetzt bestellen Kaktustopf hochwei\u00df hochglanz 65cm. Blumentopf kaufen einfach auf unserer Website. Gro\u00dfe Auswahl \u2713 Schnelle Lieferung\" \/>\n<meta property=\"og:url\" content=\"https:\/\/www.eliassen.nl\/de\/kaktustopf-hochweiss-hochglanzend-65cm\/\" \/>\n<meta property=\"og:site_name\" content=\"Eliassen.nl\" \/>\n<meta property=\"article:publisher\" content=\"https:\/\/www.facebook.com\/TuincentrumEliassenAmmerzoden\" \/>\n<meta property=\"article:modified_time\" content=\"2026-01-26T12:10:39+00:00\" \/>\n<meta property=\"og:image\" content=\"https:\/\/www.eliassen.nl\/wp-content\/uploads\/2024\/01\/eliassencactuspothoogwithoogglans65cm.jpg\" \/>\n\t<meta property=\"og:image:width\" content=\"1029\" \/>\n\t<meta property=\"og:image:height\" content=\"1327\" \/>\n\t<meta property=\"og:image:type\" content=\"image\/jpeg\" \/>\n<meta name=\"twitter:card\" content=\"summary_large_image\" \/>\n<script type=\"application\/ld+json\" class=\"yoast-schema-graph\">{\"@context\":\"https:\/\/schema.org\",\"@graph\":[{\"@type\":\"WebPage\",\"@id\":\"https:\/\/www.eliassen.nl\/de\/kaktustopf-hochweiss-hochglanzend-65cm\/\",\"url\":\"https:\/\/www.eliassen.nl\/de\/kaktustopf-hochweiss-hochglanzend-65cm\/\",\"name\":\"Kaktustopf hoch wei\u00df hochglanz 65cm - Eliassen\",\"isPartOf\":{\"@id\":\"https:\/\/www.eliassen.nl\/de\/#website\"},\"primaryImageOfPage\":{\"@id\":\"https:\/\/www.eliassen.nl\/de\/kaktustopf-hochweiss-hochglanzend-65cm\/#primaryimage\"},\"image\":{\"@id\":\"https:\/\/www.eliassen.nl\/de\/kaktustopf-hochweiss-hochglanzend-65cm\/#primaryimage\"},\"thumbnailUrl\":\"https:\/\/www.eliassen.nl\/wp-content\/uploads\/2024\/01\/eliassencactuspothoogwithoogglans65cm.jpg\",\"datePublished\":\"2020-04-08T16:22:16+00:00\",\"dateModified\":\"2026-01-26T12:10:39+00:00\",\"description\":\"Suchen Sie eine Vase? Jetzt bestellen Kaktustopf hochwei\u00df hochglanz 65cm. Blumentopf kaufen einfach auf unserer Website. Gro\u00dfe Auswahl \u2713 Schnelle Lieferung\",\"breadcrumb\":{\"@id\":\"https:\/\/www.eliassen.nl\/de\/kaktustopf-hochweiss-hochglanzend-65cm\/#breadcrumb\"},\"inLanguage\":\"de\",\"potentialAction\":[{\"@type\":\"ReadAction\",\"target\":[\"https:\/\/www.eliassen.nl\/de\/kaktustopf-hochweiss-hochglanzend-65cm\/\"]}]},{\"@type\":\"ImageObject\",\"inLanguage\":\"de\",\"@id\":\"https:\/\/www.eliassen.nl\/de\/kaktustopf-hochweiss-hochglanzend-65cm\/#primaryimage\",\"url\":\"https:\/\/www.eliassen.nl\/wp-content\/uploads\/2024\/01\/eliassencactuspothoogwithoogglans65cm.jpg\",\"contentUrl\":\"https:\/\/www.eliassen.nl\/wp-content\/uploads\/2024\/01\/eliassencactuspothoogwithoogglans65cm.jpg\",\"width\":1029,\"height\":1327,\"caption\":\"Eliassen Kaktustopf hochwei\u00df hochglanz 65cm\"},{\"@type\":\"BreadcrumbList\",\"@id\":\"https:\/\/www.eliassen.nl\/de\/kaktustopf-hochweiss-hochglanzend-65cm\/#breadcrumb\",\"itemListElement\":[{\"@type\":\"ListItem\",\"position\":1,\"name\":\"Home\",\"item\":\"https:\/\/www.eliassen.nl\/de\/\"},{\"@type\":\"ListItem\",\"position\":2,\"name\":\"Shop\",\"item\":\"https:\/\/www.eliassen.nl\/de\/shop\/\"},{\"@type\":\"ListItem\",\"position\":3,\"name\":\"Blument\u00f6pfe und Pflanzgef\u00e4\u00dfe\",\"item\":\"https:\/\/www.eliassen.nl\/de\/blumentoepfe-und-pflanzgefaesse\/\"},{\"@type\":\"ListItem\",\"position\":4,\"name\":\"Pflanzk\u00fcbel f\u00fcr den Au\u00dfenbereich gro\u00df leicht\",\"item\":\"https:\/\/www.eliassen.nl\/de\/blumentoepfe-und-pflanzgefaesse\/pflanzkuebel-fuer-den-aussenbereich-gross-leicht\/\"},{\"@type\":\"ListItem\",\"position\":5,\"name\":\"Kaktustopf hoch wei\u00df hochglanz 65cm\"}]},{\"@type\":\"WebSite\",\"@id\":\"https:\/\/www.eliassen.nl\/de\/#website\",\"url\":\"https:\/\/www.eliassen.nl\/de\/\",\"name\":\"Eliassen Home & Garden Pleasure\",\"description\":\"\",\"publisher\":{\"@id\":\"https:\/\/www.eliassen.nl\/de\/#organization\"},\"alternateName\":\"Eliassen.nl\",\"potentialAction\":[{\"@type\":\"SearchAction\",\"target\":{\"@type\":\"EntryPoint\",\"urlTemplate\":\"https:\/\/www.eliassen.nl\/de\/?s={search_term_string}\"},\"query-input\":{\"@type\":\"PropertyValueSpecification\",\"valueRequired\":true,\"valueName\":\"search_term_string\"}}],\"inLanguage\":\"de\"},{\"@type\":[\"Organization\",\"Place\"],\"@id\":\"https:\/\/www.eliassen.nl\/de\/#organization\",\"name\":\"Eliassen Home & Garden Pleasure\",\"url\":\"https:\/\/www.eliassen.nl\/de\/\",\"logo\":{\"@id\":\"https:\/\/www.eliassen.nl\/de\/kaktustopf-hochweiss-hochglanzend-65cm\/#local-main-organization-logo\"},\"image\":{\"@id\":\"https:\/\/www.eliassen.nl\/de\/kaktustopf-hochweiss-hochglanzend-65cm\/#local-main-organization-logo\"},\"sameAs\":[\"https:\/\/www.facebook.com\/TuincentrumEliassenAmmerzoden\",\"https:\/\/www.instagram.com\/eliassenhomeandgarden\/\",\"https:\/\/nl.pinterest.com\/eliassenhomeandgarden\/\",\"https:\/\/www.youtube.com\/@eliassenhomegardenpleasure4558\"],\"telephone\":[],\"openingHoursSpecification\":[{\"@type\":\"OpeningHoursSpecification\",\"dayOfWeek\":[\"Monday\",\"Tuesday\",\"Wednesday\",\"Thursday\",\"Friday\",\"Saturday\",\"Sunday\"],\"opens\":\"09:00\",\"closes\":\"17:00\"}]},{\"@type\":\"ImageObject\",\"inLanguage\":\"de\",\"@id\":\"https:\/\/www.eliassen.nl\/de\/kaktustopf-hochweiss-hochglanzend-65cm\/#local-main-organization-logo\",\"url\":\"https:\/\/www.eliassen.nl\/wp-content\/uploads\/2024\/01\/logo_4nd.jpg\",\"contentUrl\":\"https:\/\/www.eliassen.nl\/wp-content\/uploads\/2024\/01\/logo_4nd.jpg\",\"width\":500,\"height\":500,\"caption\":\"Eliassen Home & Garden Pleasure\"}]}<\/script>\n<meta property=\"product:price:amount\" content=\"75.00\" \/>\n<meta property=\"product:price:currency\" content=\"EUR\" \/>\n<meta property=\"og:availability\" content=\"instock\" \/>\n<meta property=\"product:availability\" content=\"instock\" \/>\n<meta property=\"product:retailer_item_id\" content=\"3091-b-101\" \/>\n<meta property=\"product:condition\" content=\"new\" \/>\n<!-- \/ Yoast SEO Premium plugin. -->","yoast_head_json":{"title":"Kaktustopf hoch wei\u00df hochglanz 65cm - Eliassen","description":"Suchen Sie eine Vase? Jetzt bestellen Kaktustopf hochwei\u00df hochglanz 65cm. Blumentopf kaufen einfach auf unserer Website. Gro\u00dfe Auswahl \u2713 Schnelle Lieferung","robots":{"index":"index","follow":"follow","max-snippet":"max-snippet:-1","max-image-preview":"max-image-preview:large","max-video-preview":"max-video-preview:-1"},"canonical":"https:\/\/www.eliassen.nl\/de\/kaktustopf-hochweiss-hochglanzend-65cm\/","og_locale":"de_DE","og_type":"article","og_title":"Sonstige Kaktustopf hoch wei\u00df hochglanz 65cm - Eliassen.nl","og_description":"Suchen Sie eine Vase? Jetzt bestellen Kaktustopf hochwei\u00df hochglanz 65cm. Blumentopf kaufen einfach auf unserer Website. Gro\u00dfe Auswahl \u2713 Schnelle Lieferung","og_url":"https:\/\/www.eliassen.nl\/de\/kaktustopf-hochweiss-hochglanzend-65cm\/","og_site_name":"Eliassen.nl","article_publisher":"https:\/\/www.facebook.com\/TuincentrumEliassenAmmerzoden","article_modified_time":"2026-01-26T12:10:39+00:00","og_image":[{"width":1029,"height":1327,"url":"https:\/\/www.eliassen.nl\/wp-content\/uploads\/2024\/01\/eliassencactuspothoogwithoogglans65cm.jpg","type":"image\/jpeg"}],"twitter_card":"summary_large_image","schema":{"@context":"https:\/\/schema.org","@graph":[{"@type":"WebPage","@id":"https:\/\/www.eliassen.nl\/de\/kaktustopf-hochweiss-hochglanzend-65cm\/","url":"https:\/\/www.eliassen.nl\/de\/kaktustopf-hochweiss-hochglanzend-65cm\/","name":"Kaktustopf hoch wei\u00df hochglanz 65cm - Eliassen","isPartOf":{"@id":"https:\/\/www.eliassen.nl\/de\/#website"},"primaryImageOfPage":{"@id":"https:\/\/www.eliassen.nl\/de\/kaktustopf-hochweiss-hochglanzend-65cm\/#primaryimage"},"image":{"@id":"https:\/\/www.eliassen.nl\/de\/kaktustopf-hochweiss-hochglanzend-65cm\/#primaryimage"},"thumbnailUrl":"https:\/\/www.eliassen.nl\/wp-content\/uploads\/2024\/01\/eliassencactuspothoogwithoogglans65cm.jpg","datePublished":"2020-04-08T16:22:16+00:00","dateModified":"2026-01-26T12:10:39+00:00","description":"Suchen Sie eine Vase? Jetzt bestellen Kaktustopf hochwei\u00df hochglanz 65cm. Blumentopf kaufen einfach auf unserer Website. Gro\u00dfe Auswahl \u2713 Schnelle Lieferung","breadcrumb":{"@id":"https:\/\/www.eliassen.nl\/de\/kaktustopf-hochweiss-hochglanzend-65cm\/#breadcrumb"},"inLanguage":"de","potentialAction":[{"@type":"ReadAction","target":["https:\/\/www.eliassen.nl\/de\/kaktustopf-hochweiss-hochglanzend-65cm\/"]}]},{"@type":"ImageObject","inLanguage":"de","@id":"https:\/\/www.eliassen.nl\/de\/kaktustopf-hochweiss-hochglanzend-65cm\/#primaryimage","url":"https:\/\/www.eliassen.nl\/wp-content\/uploads\/2024\/01\/eliassencactuspothoogwithoogglans65cm.jpg","contentUrl":"https:\/\/www.eliassen.nl\/wp-content\/uploads\/2024\/01\/eliassencactuspothoogwithoogglans65cm.jpg","width":1029,"height":1327,"caption":"Eliassen Kaktustopf hochwei\u00df hochglanz 65cm"},{"@type":"BreadcrumbList","@id":"https:\/\/www.eliassen.nl\/de\/kaktustopf-hochweiss-hochglanzend-65cm\/#breadcrumb","itemListElement":[{"@type":"ListItem","position":1,"name":"Home","item":"https:\/\/www.eliassen.nl\/de\/"},{"@type":"ListItem","position":2,"name":"Shop","item":"https:\/\/www.eliassen.nl\/de\/shop\/"},{"@type":"ListItem","position":3,"name":"Blument\u00f6pfe und Pflanzgef\u00e4\u00dfe","item":"https:\/\/www.eliassen.nl\/de\/blumentoepfe-und-pflanzgefaesse\/"},{"@type":"ListItem","position":4,"name":"Pflanzk\u00fcbel f\u00fcr den Au\u00dfenbereich gro\u00df leicht","item":"https:\/\/www.eliassen.nl\/de\/blumentoepfe-und-pflanzgefaesse\/pflanzkuebel-fuer-den-aussenbereich-gross-leicht\/"},{"@type":"ListItem","position":5,"name":"Kaktustopf hoch wei\u00df hochglanz 65cm"}]},{"@type":"WebSite","@id":"https:\/\/www.eliassen.nl\/de\/#website","url":"https:\/\/www.eliassen.nl\/de\/","name":"Eliassen Home & Garden Pleasure","description":"","publisher":{"@id":"https:\/\/www.eliassen.nl\/de\/#organization"},"alternateName":"Eliassen.nl","potentialAction":[{"@type":"SearchAction","target":{"@type":"EntryPoint","urlTemplate":"https:\/\/www.eliassen.nl\/de\/?s={search_term_string}"},"query-input":{"@type":"PropertyValueSpecification","valueRequired":true,"valueName":"search_term_string"}}],"inLanguage":"de"},{"@type":["Organization","Place"],"@id":"https:\/\/www.eliassen.nl\/de\/#organization","name":"Eliassen Home & Garden Pleasure","url":"https:\/\/www.eliassen.nl\/de\/","logo":{"@id":"https:\/\/www.eliassen.nl\/de\/kaktustopf-hochweiss-hochglanzend-65cm\/#local-main-organization-logo"},"image":{"@id":"https:\/\/www.eliassen.nl\/de\/kaktustopf-hochweiss-hochglanzend-65cm\/#local-main-organization-logo"},"sameAs":["https:\/\/www.facebook.com\/TuincentrumEliassenAmmerzoden","https:\/\/www.instagram.com\/eliassenhomeandgarden\/","https:\/\/nl.pinterest.com\/eliassenhomeandgarden\/","https:\/\/www.youtube.com\/@eliassenhomegardenpleasure4558"],"telephone":[],"openingHoursSpecification":[{"@type":"OpeningHoursSpecification","dayOfWeek":["Monday","Tuesday","Wednesday","Thursday","Friday","Saturday","Sunday"],"opens":"09:00","closes":"17:00"}]},{"@type":"ImageObject","inLanguage":"de","@id":"https:\/\/www.eliassen.nl\/de\/kaktustopf-hochweiss-hochglanzend-65cm\/#local-main-organization-logo","url":"https:\/\/www.eliassen.nl\/wp-content\/uploads\/2024\/01\/logo_4nd.jpg","contentUrl":"https:\/\/www.eliassen.nl\/wp-content\/uploads\/2024\/01\/logo_4nd.jpg","width":500,"height":500,"caption":"Eliassen Home & Garden Pleasure"}]},"product_price_amount":"75.00","product_price_currency":"EUR","og_availability":"instock","product_availability":"instock","product_retailer_item_id":"3091-b-101","product_condition":"new"},"df_price":75,"df_sale_price":75,"df_regular_price":149,"df_image_link":"https:\/\/www.eliassen.nl\/wp-content\/uploads\/2024\/01\/eliassencactuspothoogwithoogglans65cm.jpg","image":"https:\/\/www.eliassen.nl\/wp-content\/uploads\/2024\/01\/eliassencactuspothoogwithoogglans65cm.jpg","price_search":"<span class=\"woocommerce-Price-amount amount\"><bdi><span class=\"woocommerce-Price-currencySymbol\">&euro;<\/span>&nbsp;75,00<\/bdi><\/span>","category":"Blument\u00f6pfe und Pflanzgef\u00e4\u00dfe","global_unique_id":"9501396156728","_links":{"self":[{"href":"https:\/\/www.eliassen.nl\/de\/wp-json\/wp\/v2\/product\/23500","targetHints":{"allow":["GET"]}}],"collection":[{"href":"https:\/\/www.eliassen.nl\/de\/wp-json\/wp\/v2\/product"}],"about":[{"href":"https:\/\/www.eliassen.nl\/de\/wp-json\/wp\/v2\/types\/product"}],"wp:featuredmedia":[{"embeddable":true,"href":"https:\/\/www.eliassen.nl\/de\/wp-json\/wp\/v2\/media\/23494"}],"wp:attachment":[{"href":"https:\/\/www.eliassen.nl\/de\/wp-json\/wp\/v2\/media?parent=23500"}],"wp:term":[{"taxonomy":"product_brand","embeddable":true,"href":"https:\/\/www.eliassen.nl\/de\/wp-json\/wp\/v2\/product_brand?post=23500"},{"taxonomy":"product_cat","embeddable":true,"href":"https:\/\/www.eliassen.nl\/de\/wp-json\/wp\/v2\/product_cat?post=23500"},{"taxonomy":"product_tag","embeddable":true,"href":"https:\/\/www.eliassen.nl\/de\/wp-json\/wp\/v2\/product_tag?post=23500"}],"curies":[{"name":"wp","href":"https:\/\/api.w.org\/{rel}","templated":true}]}}