{"id":22984,"date":"2020-03-11T15:42:00","date_gmt":"2020-03-11T15:42:00","guid":{"rendered":"https:\/\/www.eliassen.nl\/?product=konings-kikker-eugen-brons"},"modified":"2026-01-16T13:47:09","modified_gmt":"2026-01-16T12:47:09","slug":"konigsfrosch-eugen-bronze","status":"publish","type":"product","link":"https:\/\/www.eliassen.nl\/de\/konigsfrosch-eugen-bronze\/","title":{"rendered":"K\u00f6nig Frosch Eugen Bronze"},"content":{"rendered":"<p>Wundersch\u00f6n gestaltete Skulptur eines gl\u00fccklichen, liegenden Frosches, hergestellt aus 100% Bronze mit einem Mindestkupfergehalt von 75%.<br \/>Wundersch\u00f6n, um Ihr Zuhause oder Ihr Gesch\u00e4ft zu schm\u00fccken, aber sicherlich auch ein tolles Geschenk f\u00fcr ein Jubil\u00e4um oder ein Geburtstagskind.<br \/>Vergessen Sie nicht, unseren Shop zu besuchen, wir haben die gr\u00f6\u00dfte Sammlung von Bronzeskulpturen in den Niederlanden ausgestellt !!!<br \/>&#8211; Gr\u00f6\u00dfe: 15,5&#215;5,5&#215;7,5 hoch.<br \/>&#8211; Garantie: 20 Jahre.<br \/>&#8211; Schnelle Lieferung.<br \/>&#8211; Ausstellungsraum mit mindestens 400 Bronzeartikeln.<\/p>\n","protected":false},"excerpt":{"rendered":"<p>Wundersch\u00f6n gestaltete Skulptur eines gl\u00fccklichen, liegenden Frosches, hergestellt aus 100% Bronze mit einem Mindestkupfergehalt von 75%.Wundersch\u00f6n, um Ihr Zuhause oder Ihr Gesch\u00e4ft zu schm\u00fccken, aber sicherlich auch ein tolles Geschenk f\u00fcr ein Jubil\u00e4um oder ein Geburtstagskind.Vergessen Sie nicht, unseren Shop zu besuchen, wir haben die gr\u00f6\u00dfte Sammlung von Bronzeskulpturen in den Niederlanden ausgestellt !!!&#8211; Gr\u00f6\u00dfe: &hellip;<\/p>\n","protected":false},"featured_media":22978,"template":"","meta":{"_acf_changed":false,"_genesis_title":"","_genesis_description":""},"product_brand":[7505],"product_cat":[613,635,7239],"product_tag":[],"class_list":{"0":"post-22984","1":"product","2":"type-product","3":"status-publish","4":"has-post-thumbnail","6":"product_brand-sonstige","7":"product_cat-bronzestatuen","8":"product_cat-tierstatuen-aus-bronze","9":"product_cat-bilder","11":"first","12":"instock","13":"taxable","14":"shipping-taxable","15":"purchasable","16":"product-type-simple"},"acf":[],"meta_all":{"total_sales":"1","wcml_sync_hash":{"postmeta_fields":"8301155413cf1820af5f21407422406d"},"attr_label_translations":[]},"meta_all_flat":{"total_sales":"1","wcml_sync_hash.postmeta_fields":"8301155413cf1820af5f21407422406d"},"yoast_head":"<!-- This site is optimized with the Yoast SEO Premium plugin v26.2 (Yoast SEO v27.2) - https:\/\/yoast.com\/product\/yoast-seo-premium-wordpress\/ -->\n<title>K\u00f6nig Frosch Eugen Bronze - Eliassen<\/title>\n<meta name=\"description\" content=\"Suchen Sie eine Tierskulptur? Bestellen Sie K\u00f6nig Frosch Eugen Bronze jetzt. Kaufen Sie Bronzeskulpturen einfach auf unserer Website. Gro\u00dfe Auswahl \u2713 Schnelle Lieferung\" \/>\n<meta name=\"robots\" content=\"index, follow, max-snippet:-1, max-image-preview:large, max-video-preview:-1\" \/>\n<link rel=\"canonical\" href=\"https:\/\/www.eliassen.nl\/de\/konigsfrosch-eugen-bronze\/\" \/>\n<meta property=\"og:locale\" content=\"de_DE\" \/>\n<meta property=\"og:type\" content=\"article\" \/>\n<meta property=\"og:title\" content=\"Sonstige K\u00f6nig Frosch Eugen Bronze - Eliassen.nl\" \/>\n<meta property=\"og:description\" content=\"Suchen Sie eine Tierskulptur? Bestellen Sie K\u00f6nig Frosch Eugen Bronze jetzt. Kaufen Sie Bronzeskulpturen einfach auf unserer Website. Gro\u00dfe Auswahl \u2713 Schnelle Lieferung\" \/>\n<meta property=\"og:url\" content=\"https:\/\/www.eliassen.nl\/de\/konigsfrosch-eugen-bronze\/\" \/>\n<meta property=\"og:site_name\" content=\"Eliassen.nl\" \/>\n<meta property=\"article:publisher\" content=\"https:\/\/www.facebook.com\/TuincentrumEliassenAmmerzoden\" \/>\n<meta property=\"article:modified_time\" content=\"2026-01-16T12:47:09+00:00\" \/>\n<meta property=\"og:image\" content=\"https:\/\/www.eliassen.nl\/wp-content\/uploads\/2024\/01\/88778froschknigeugen155cmlangjpg11111.jpg\" \/>\n\t<meta property=\"og:image:width\" content=\"1200\" \/>\n\t<meta property=\"og:image:height\" content=\"800\" \/>\n\t<meta property=\"og:image:type\" content=\"image\/jpeg\" \/>\n<meta name=\"twitter:card\" content=\"summary_large_image\" \/>\n<script type=\"application\/ld+json\" class=\"yoast-schema-graph\">{\"@context\":\"https:\/\/schema.org\",\"@graph\":[{\"@type\":\"WebPage\",\"@id\":\"https:\/\/www.eliassen.nl\/de\/konigsfrosch-eugen-bronze\/\",\"url\":\"https:\/\/www.eliassen.nl\/de\/konigsfrosch-eugen-bronze\/\",\"name\":\"K\u00f6nig Frosch Eugen Bronze - Eliassen\",\"isPartOf\":{\"@id\":\"https:\/\/www.eliassen.nl\/de\/#website\"},\"primaryImageOfPage\":{\"@id\":\"https:\/\/www.eliassen.nl\/de\/konigsfrosch-eugen-bronze\/#primaryimage\"},\"image\":{\"@id\":\"https:\/\/www.eliassen.nl\/de\/konigsfrosch-eugen-bronze\/#primaryimage\"},\"thumbnailUrl\":\"https:\/\/www.eliassen.nl\/wp-content\/uploads\/2024\/01\/88778froschknigeugen155cmlangjpg11111.jpg\",\"datePublished\":\"2020-03-11T15:42:00+00:00\",\"dateModified\":\"2026-01-16T12:47:09+00:00\",\"description\":\"Suchen Sie eine Tierskulptur? Bestellen Sie K\u00f6nig Frosch Eugen Bronze jetzt. Kaufen Sie Bronzeskulpturen einfach auf unserer Website. Gro\u00dfe Auswahl \u2713 Schnelle Lieferung\",\"breadcrumb\":{\"@id\":\"https:\/\/www.eliassen.nl\/de\/konigsfrosch-eugen-bronze\/#breadcrumb\"},\"inLanguage\":\"de\",\"potentialAction\":[{\"@type\":\"ReadAction\",\"target\":[\"https:\/\/www.eliassen.nl\/de\/konigsfrosch-eugen-bronze\/\"]}]},{\"@type\":\"ImageObject\",\"inLanguage\":\"de\",\"@id\":\"https:\/\/www.eliassen.nl\/de\/konigsfrosch-eugen-bronze\/#primaryimage\",\"url\":\"https:\/\/www.eliassen.nl\/wp-content\/uploads\/2024\/01\/88778froschknigeugen155cmlangjpg11111.jpg\",\"contentUrl\":\"https:\/\/www.eliassen.nl\/wp-content\/uploads\/2024\/01\/88778froschknigeugen155cmlangjpg11111.jpg\",\"width\":1200,\"height\":800,\"caption\":\"88778 - Froschk\u00f6nig Eugen 15,5 cm lang.jpg11111\"},{\"@type\":\"BreadcrumbList\",\"@id\":\"https:\/\/www.eliassen.nl\/de\/konigsfrosch-eugen-bronze\/#breadcrumb\",\"itemListElement\":[{\"@type\":\"ListItem\",\"position\":1,\"name\":\"Home\",\"item\":\"https:\/\/www.eliassen.nl\/de\/\"},{\"@type\":\"ListItem\",\"position\":2,\"name\":\"Shop\",\"item\":\"https:\/\/www.eliassen.nl\/de\/shop\/\"},{\"@type\":\"ListItem\",\"position\":3,\"name\":\"Bronzestatuen\",\"item\":\"https:\/\/www.eliassen.nl\/de\/bronzestatuen\/\"},{\"@type\":\"ListItem\",\"position\":4,\"name\":\"Tierstatuen aus Bronze\",\"item\":\"https:\/\/www.eliassen.nl\/de\/bilder\/bronzestatuen\/tierstatuen-aus-bronze\/\"},{\"@type\":\"ListItem\",\"position\":5,\"name\":\"K\u00f6nig Frosch Eugen Bronze\"}]},{\"@type\":\"WebSite\",\"@id\":\"https:\/\/www.eliassen.nl\/de\/#website\",\"url\":\"https:\/\/www.eliassen.nl\/de\/\",\"name\":\"Eliassen Home & Garden Pleasure\",\"description\":\"\",\"publisher\":{\"@id\":\"https:\/\/www.eliassen.nl\/de\/#organization\"},\"alternateName\":\"Eliassen.nl\",\"potentialAction\":[{\"@type\":\"SearchAction\",\"target\":{\"@type\":\"EntryPoint\",\"urlTemplate\":\"https:\/\/www.eliassen.nl\/de\/?s={search_term_string}\"},\"query-input\":{\"@type\":\"PropertyValueSpecification\",\"valueRequired\":true,\"valueName\":\"search_term_string\"}}],\"inLanguage\":\"de\"},{\"@type\":[\"Organization\",\"Place\"],\"@id\":\"https:\/\/www.eliassen.nl\/de\/#organization\",\"name\":\"Eliassen Home & Garden Pleasure\",\"url\":\"https:\/\/www.eliassen.nl\/de\/\",\"logo\":{\"@id\":\"https:\/\/www.eliassen.nl\/de\/konigsfrosch-eugen-bronze\/#local-main-organization-logo\"},\"image\":{\"@id\":\"https:\/\/www.eliassen.nl\/de\/konigsfrosch-eugen-bronze\/#local-main-organization-logo\"},\"sameAs\":[\"https:\/\/www.facebook.com\/TuincentrumEliassenAmmerzoden\",\"https:\/\/www.instagram.com\/eliassenhomeandgarden\/\",\"https:\/\/nl.pinterest.com\/eliassenhomeandgarden\/\",\"https:\/\/www.youtube.com\/@eliassenhomegardenpleasure4558\"],\"telephone\":[],\"openingHoursSpecification\":[{\"@type\":\"OpeningHoursSpecification\",\"dayOfWeek\":[\"Monday\",\"Tuesday\",\"Wednesday\",\"Thursday\",\"Friday\",\"Saturday\",\"Sunday\"],\"opens\":\"09:00\",\"closes\":\"17:00\"}]},{\"@type\":\"ImageObject\",\"inLanguage\":\"de\",\"@id\":\"https:\/\/www.eliassen.nl\/de\/konigsfrosch-eugen-bronze\/#local-main-organization-logo\",\"url\":\"https:\/\/www.eliassen.nl\/wp-content\/uploads\/2024\/01\/logo_4nd.jpg\",\"contentUrl\":\"https:\/\/www.eliassen.nl\/wp-content\/uploads\/2024\/01\/logo_4nd.jpg\",\"width\":500,\"height\":500,\"caption\":\"Eliassen Home & Garden Pleasure\"}]}<\/script>\n<meta property=\"product:price:amount\" content=\"47.50\" \/>\n<meta property=\"product:price:currency\" content=\"EUR\" \/>\n<meta property=\"og:availability\" content=\"instock\" \/>\n<meta property=\"product:availability\" content=\"instock\" \/>\n<meta property=\"product:retailer_item_id\" content=\"88778\" \/>\n<meta property=\"product:condition\" content=\"new\" \/>\n<!-- \/ Yoast SEO Premium plugin. -->","yoast_head_json":{"title":"K\u00f6nig Frosch Eugen Bronze - Eliassen","description":"Suchen Sie eine Tierskulptur? Bestellen Sie K\u00f6nig Frosch Eugen Bronze jetzt. Kaufen Sie Bronzeskulpturen einfach auf unserer Website. Gro\u00dfe Auswahl \u2713 Schnelle Lieferung","robots":{"index":"index","follow":"follow","max-snippet":"max-snippet:-1","max-image-preview":"max-image-preview:large","max-video-preview":"max-video-preview:-1"},"canonical":"https:\/\/www.eliassen.nl\/de\/konigsfrosch-eugen-bronze\/","og_locale":"de_DE","og_type":"article","og_title":"Sonstige K\u00f6nig Frosch Eugen Bronze - Eliassen.nl","og_description":"Suchen Sie eine Tierskulptur? Bestellen Sie K\u00f6nig Frosch Eugen Bronze jetzt. Kaufen Sie Bronzeskulpturen einfach auf unserer Website. Gro\u00dfe Auswahl \u2713 Schnelle Lieferung","og_url":"https:\/\/www.eliassen.nl\/de\/konigsfrosch-eugen-bronze\/","og_site_name":"Eliassen.nl","article_publisher":"https:\/\/www.facebook.com\/TuincentrumEliassenAmmerzoden","article_modified_time":"2026-01-16T12:47:09+00:00","og_image":[{"width":1200,"height":800,"url":"https:\/\/www.eliassen.nl\/wp-content\/uploads\/2024\/01\/88778froschknigeugen155cmlangjpg11111.jpg","type":"image\/jpeg"}],"twitter_card":"summary_large_image","schema":{"@context":"https:\/\/schema.org","@graph":[{"@type":"WebPage","@id":"https:\/\/www.eliassen.nl\/de\/konigsfrosch-eugen-bronze\/","url":"https:\/\/www.eliassen.nl\/de\/konigsfrosch-eugen-bronze\/","name":"K\u00f6nig Frosch Eugen Bronze - Eliassen","isPartOf":{"@id":"https:\/\/www.eliassen.nl\/de\/#website"},"primaryImageOfPage":{"@id":"https:\/\/www.eliassen.nl\/de\/konigsfrosch-eugen-bronze\/#primaryimage"},"image":{"@id":"https:\/\/www.eliassen.nl\/de\/konigsfrosch-eugen-bronze\/#primaryimage"},"thumbnailUrl":"https:\/\/www.eliassen.nl\/wp-content\/uploads\/2024\/01\/88778froschknigeugen155cmlangjpg11111.jpg","datePublished":"2020-03-11T15:42:00+00:00","dateModified":"2026-01-16T12:47:09+00:00","description":"Suchen Sie eine Tierskulptur? Bestellen Sie K\u00f6nig Frosch Eugen Bronze jetzt. Kaufen Sie Bronzeskulpturen einfach auf unserer Website. Gro\u00dfe Auswahl \u2713 Schnelle Lieferung","breadcrumb":{"@id":"https:\/\/www.eliassen.nl\/de\/konigsfrosch-eugen-bronze\/#breadcrumb"},"inLanguage":"de","potentialAction":[{"@type":"ReadAction","target":["https:\/\/www.eliassen.nl\/de\/konigsfrosch-eugen-bronze\/"]}]},{"@type":"ImageObject","inLanguage":"de","@id":"https:\/\/www.eliassen.nl\/de\/konigsfrosch-eugen-bronze\/#primaryimage","url":"https:\/\/www.eliassen.nl\/wp-content\/uploads\/2024\/01\/88778froschknigeugen155cmlangjpg11111.jpg","contentUrl":"https:\/\/www.eliassen.nl\/wp-content\/uploads\/2024\/01\/88778froschknigeugen155cmlangjpg11111.jpg","width":1200,"height":800,"caption":"88778 - Froschk\u00f6nig Eugen 15,5 cm lang.jpg11111"},{"@type":"BreadcrumbList","@id":"https:\/\/www.eliassen.nl\/de\/konigsfrosch-eugen-bronze\/#breadcrumb","itemListElement":[{"@type":"ListItem","position":1,"name":"Home","item":"https:\/\/www.eliassen.nl\/de\/"},{"@type":"ListItem","position":2,"name":"Shop","item":"https:\/\/www.eliassen.nl\/de\/shop\/"},{"@type":"ListItem","position":3,"name":"Bronzestatuen","item":"https:\/\/www.eliassen.nl\/de\/bronzestatuen\/"},{"@type":"ListItem","position":4,"name":"Tierstatuen aus Bronze","item":"https:\/\/www.eliassen.nl\/de\/bilder\/bronzestatuen\/tierstatuen-aus-bronze\/"},{"@type":"ListItem","position":5,"name":"K\u00f6nig Frosch Eugen Bronze"}]},{"@type":"WebSite","@id":"https:\/\/www.eliassen.nl\/de\/#website","url":"https:\/\/www.eliassen.nl\/de\/","name":"Eliassen Home & Garden Pleasure","description":"","publisher":{"@id":"https:\/\/www.eliassen.nl\/de\/#organization"},"alternateName":"Eliassen.nl","potentialAction":[{"@type":"SearchAction","target":{"@type":"EntryPoint","urlTemplate":"https:\/\/www.eliassen.nl\/de\/?s={search_term_string}"},"query-input":{"@type":"PropertyValueSpecification","valueRequired":true,"valueName":"search_term_string"}}],"inLanguage":"de"},{"@type":["Organization","Place"],"@id":"https:\/\/www.eliassen.nl\/de\/#organization","name":"Eliassen Home & Garden Pleasure","url":"https:\/\/www.eliassen.nl\/de\/","logo":{"@id":"https:\/\/www.eliassen.nl\/de\/konigsfrosch-eugen-bronze\/#local-main-organization-logo"},"image":{"@id":"https:\/\/www.eliassen.nl\/de\/konigsfrosch-eugen-bronze\/#local-main-organization-logo"},"sameAs":["https:\/\/www.facebook.com\/TuincentrumEliassenAmmerzoden","https:\/\/www.instagram.com\/eliassenhomeandgarden\/","https:\/\/nl.pinterest.com\/eliassenhomeandgarden\/","https:\/\/www.youtube.com\/@eliassenhomegardenpleasure4558"],"telephone":[],"openingHoursSpecification":[{"@type":"OpeningHoursSpecification","dayOfWeek":["Monday","Tuesday","Wednesday","Thursday","Friday","Saturday","Sunday"],"opens":"09:00","closes":"17:00"}]},{"@type":"ImageObject","inLanguage":"de","@id":"https:\/\/www.eliassen.nl\/de\/konigsfrosch-eugen-bronze\/#local-main-organization-logo","url":"https:\/\/www.eliassen.nl\/wp-content\/uploads\/2024\/01\/logo_4nd.jpg","contentUrl":"https:\/\/www.eliassen.nl\/wp-content\/uploads\/2024\/01\/logo_4nd.jpg","width":500,"height":500,"caption":"Eliassen Home & Garden Pleasure"}]},"product_price_amount":"47.50","product_price_currency":"EUR","og_availability":"instock","product_availability":"instock","product_retailer_item_id":"88778","product_condition":"new"},"df_price":47.5,"df_sale_price":"","df_regular_price":47.5,"df_image_link":"https:\/\/www.eliassen.nl\/wp-content\/uploads\/2024\/01\/88778froschknigeugen155cmlangjpg11111.jpg","image":"https:\/\/www.eliassen.nl\/wp-content\/uploads\/2024\/01\/88778froschknigeugen155cmlangjpg11111.jpg","price_search":"<span class=\"woocommerce-Price-amount amount\"><bdi><span class=\"woocommerce-Price-currencySymbol\">&euro;<\/span>&nbsp;47,50<\/bdi><\/span>","category":"Bronzestatuen","global_unique_id":"9505558682551","_links":{"self":[{"href":"https:\/\/www.eliassen.nl\/de\/wp-json\/wp\/v2\/product\/22984","targetHints":{"allow":["GET"]}}],"collection":[{"href":"https:\/\/www.eliassen.nl\/de\/wp-json\/wp\/v2\/product"}],"about":[{"href":"https:\/\/www.eliassen.nl\/de\/wp-json\/wp\/v2\/types\/product"}],"wp:featuredmedia":[{"embeddable":true,"href":"https:\/\/www.eliassen.nl\/de\/wp-json\/wp\/v2\/media\/22978"}],"wp:attachment":[{"href":"https:\/\/www.eliassen.nl\/de\/wp-json\/wp\/v2\/media?parent=22984"}],"wp:term":[{"taxonomy":"product_brand","embeddable":true,"href":"https:\/\/www.eliassen.nl\/de\/wp-json\/wp\/v2\/product_brand?post=22984"},{"taxonomy":"product_cat","embeddable":true,"href":"https:\/\/www.eliassen.nl\/de\/wp-json\/wp\/v2\/product_cat?post=22984"},{"taxonomy":"product_tag","embeddable":true,"href":"https:\/\/www.eliassen.nl\/de\/wp-json\/wp\/v2\/product_tag?post=22984"}],"curies":[{"name":"wp","href":"https:\/\/api.w.org\/{rel}","templated":true}]}}