{"id":22822,"date":"2020-03-10T13:39:00","date_gmt":"2020-03-10T13:39:00","guid":{"rendered":"https:\/\/www.eliassen.nl\/?product=insecten-drinkplaats-graniet"},"modified":"2025-11-27T16:08:27","modified_gmt":"2025-11-27T15:08:27","slug":"granit-insekten-wasserstelle-mit-bronze-schmetterling","status":"publish","type":"product","link":"https:\/\/www.eliassen.nl\/de\/granit-insekten-wasserstelle-mit-bronze-schmetterling\/","title":{"rendered":"Insektentr\u00e4nke aus Granit mit bronzenem Schmetterling"},"content":{"rendered":"<p>Graue Granit-Tr\u00e4nkeschale f\u00fcr V\u00f6gel und Insekten, damit Sie jahrelang Freude am Baden und Trinken der V\u00f6gel in Ihrem Garten haben. Die Schale ist aus Granit und wird von einem Schmetterling aus echter Bronze gekr\u00f6nt. V\u00f6gel werden diese Vogeltr\u00e4nke im Garten bestimmt genie\u00dfen.<\/p>\n<p>Farbe und Form des Steins weichen immer vom Foto ab, da es sich um ein Naturprodukt handelt.<\/p>\n<p><strong>Dieses Modell k\u00f6nnen Sie auch in unserem Shop besichtigen.<\/strong><\/p>\n<ul>\n<li>Gr\u00f6\u00dfe des Ornaments (ungef\u00e4hr) ca. 20x20x10cm hoch<\/li>\n<li>Sehr robustes Design aus Millionen Jahre altem Material.<\/li>\n<li>Frostsicheres Design<\/li>\n<li>Schmetterling ist echte Bronze<\/li>\n<li>Ab Lager verf\u00fcgbar<\/li>\n<\/ul>\n","protected":false},"excerpt":{"rendered":"<p>Graue Granit-Tr\u00e4nkeschale f\u00fcr V\u00f6gel und Insekten, damit Sie jahrelang Freude am Baden und Trinken der V\u00f6gel in Ihrem Garten haben. Die Schale ist aus Granit und wird von einem Schmetterling aus echter Bronze gekr\u00f6nt. V\u00f6gel werden diese Vogeltr\u00e4nke im Garten bestimmt genie\u00dfen. Farbe und Form des Steins weichen immer vom Foto ab, da es sich &hellip;<\/p>\n","protected":false},"featured_media":22819,"template":"","meta":{"_acf_changed":false,"_genesis_title":"","_genesis_description":""},"product_brand":[7505],"product_cat":[707],"product_tag":[],"class_list":{"0":"post-22822","1":"product","2":"type-product","3":"status-publish","4":"has-post-thumbnail","6":"product_brand-sonstige","7":"product_cat-vogeltraenken","9":"first","10":"outofstock","11":"taxable","12":"shipping-taxable","13":"purchasable","14":"product-type-simple"},"acf":[],"meta_all":{"total_sales":"1","wcml_sync_hash":{"postmeta_fields":"ab3197335e16d2f618922ecba85de812"},"attr_label_translations":[],"no_of_subscribers":"2"},"meta_all_flat":{"total_sales":"1","wcml_sync_hash.postmeta_fields":"ab3197335e16d2f618922ecba85de812","no_of_subscribers":"2"},"yoast_head":"<!-- This site is optimized with the Yoast SEO Premium plugin v26.2 (Yoast SEO v27.2) - https:\/\/yoast.com\/product\/yoast-seo-premium-wordpress\/ -->\n<title>Insektentr\u00e4nke Granit mit Bronze Schmetterling | Eliassen<\/title>\n<meta name=\"description\" content=\"Bei Eliassen k\u00f6nnen Sie Insektentr\u00e4nke Granit mit bronzefarbenem Schmetterling online kaufen oder live im Showroom ansehen. Wir haben die sch\u00f6nsten Vogeltr\u00e4nken\" \/>\n<meta name=\"robots\" content=\"index, follow, max-snippet:-1, max-image-preview:large, max-video-preview:-1\" \/>\n<link rel=\"canonical\" href=\"https:\/\/www.eliassen.nl\/de\/granit-insekten-wasserstelle-mit-bronze-schmetterling\/\" \/>\n<meta property=\"og:locale\" content=\"de_DE\" \/>\n<meta property=\"og:type\" content=\"article\" \/>\n<meta property=\"og:title\" content=\"Sonstige Insektentr\u00e4nke aus Granit mit bronzenem Schmetterling - Eliassen.nl\" \/>\n<meta property=\"og:description\" content=\"Bei Eliassen k\u00f6nnen Sie Insektentr\u00e4nke Granit mit bronzefarbenem Schmetterling online kaufen oder live im Showroom ansehen. Wir haben die sch\u00f6nsten Vogeltr\u00e4nken\" \/>\n<meta property=\"og:url\" content=\"https:\/\/www.eliassen.nl\/de\/granit-insekten-wasserstelle-mit-bronze-schmetterling\/\" \/>\n<meta property=\"og:site_name\" content=\"Eliassen.nl\" \/>\n<meta property=\"article:publisher\" content=\"https:\/\/www.facebook.com\/TuincentrumEliassenAmmerzoden\" \/>\n<meta property=\"article:modified_time\" content=\"2025-11-27T15:08:27+00:00\" \/>\n<meta property=\"og:image\" content=\"https:\/\/www.eliassen.nl\/wp-content\/uploads\/2024\/01\/eliasseninsectendrinkplaatsgranietmetbronzen.jpg\" \/>\n\t<meta property=\"og:image:width\" content=\"2048\" \/>\n\t<meta property=\"og:image:height\" content=\"1536\" \/>\n\t<meta property=\"og:image:type\" content=\"image\/jpeg\" \/>\n<meta name=\"twitter:card\" content=\"summary_large_image\" \/>\n<script type=\"application\/ld+json\" class=\"yoast-schema-graph\">{\"@context\":\"https:\/\/schema.org\",\"@graph\":[{\"@type\":\"WebPage\",\"@id\":\"https:\/\/www.eliassen.nl\/de\/granit-insekten-wasserstelle-mit-bronze-schmetterling\/\",\"url\":\"https:\/\/www.eliassen.nl\/de\/granit-insekten-wasserstelle-mit-bronze-schmetterling\/\",\"name\":\"Insektentr\u00e4nke Granit mit Bronze Schmetterling | Eliassen\",\"isPartOf\":{\"@id\":\"https:\/\/www.eliassen.nl\/de\/#website\"},\"primaryImageOfPage\":{\"@id\":\"https:\/\/www.eliassen.nl\/de\/granit-insekten-wasserstelle-mit-bronze-schmetterling\/#primaryimage\"},\"image\":{\"@id\":\"https:\/\/www.eliassen.nl\/de\/granit-insekten-wasserstelle-mit-bronze-schmetterling\/#primaryimage\"},\"thumbnailUrl\":\"https:\/\/www.eliassen.nl\/wp-content\/uploads\/2024\/01\/eliasseninsectendrinkplaatsgranietmetbronzen.jpg\",\"datePublished\":\"2020-03-10T13:39:00+00:00\",\"dateModified\":\"2025-11-27T15:08:27+00:00\",\"description\":\"Bei Eliassen k\u00f6nnen Sie Insektentr\u00e4nke Granit mit bronzefarbenem Schmetterling online kaufen oder live im Showroom ansehen. Wir haben die sch\u00f6nsten Vogeltr\u00e4nken\",\"breadcrumb\":{\"@id\":\"https:\/\/www.eliassen.nl\/de\/granit-insekten-wasserstelle-mit-bronze-schmetterling\/#breadcrumb\"},\"inLanguage\":\"de\",\"potentialAction\":[{\"@type\":\"ReadAction\",\"target\":[\"https:\/\/www.eliassen.nl\/de\/granit-insekten-wasserstelle-mit-bronze-schmetterling\/\"]}]},{\"@type\":\"ImageObject\",\"inLanguage\":\"de\",\"@id\":\"https:\/\/www.eliassen.nl\/de\/granit-insekten-wasserstelle-mit-bronze-schmetterling\/#primaryimage\",\"url\":\"https:\/\/www.eliassen.nl\/wp-content\/uploads\/2024\/01\/eliasseninsectendrinkplaatsgranietmetbronzen.jpg\",\"contentUrl\":\"https:\/\/www.eliassen.nl\/wp-content\/uploads\/2024\/01\/eliasseninsectendrinkplaatsgranietmetbronzen.jpg\",\"width\":2048,\"height\":1536,\"caption\":\"Eliassen Insektentr\u00e4nke Granit mit Bronze Schmetterling\"},{\"@type\":\"BreadcrumbList\",\"@id\":\"https:\/\/www.eliassen.nl\/de\/granit-insekten-wasserstelle-mit-bronze-schmetterling\/#breadcrumb\",\"itemListElement\":[{\"@type\":\"ListItem\",\"position\":1,\"name\":\"Home\",\"item\":\"https:\/\/www.eliassen.nl\/de\/\"},{\"@type\":\"ListItem\",\"position\":2,\"name\":\"Shop\",\"item\":\"https:\/\/www.eliassen.nl\/de\/shop\/\"},{\"@type\":\"ListItem\",\"position\":3,\"name\":\"Vogeltr\u00e4nken\",\"item\":\"https:\/\/www.eliassen.nl\/de\/vogeltraenken\/\"},{\"@type\":\"ListItem\",\"position\":4,\"name\":\"Insektentr\u00e4nke aus Granit mit bronzenem Schmetterling\"}]},{\"@type\":\"WebSite\",\"@id\":\"https:\/\/www.eliassen.nl\/de\/#website\",\"url\":\"https:\/\/www.eliassen.nl\/de\/\",\"name\":\"Eliassen Home & Garden Pleasure\",\"description\":\"\",\"publisher\":{\"@id\":\"https:\/\/www.eliassen.nl\/de\/#organization\"},\"alternateName\":\"Eliassen.nl\",\"potentialAction\":[{\"@type\":\"SearchAction\",\"target\":{\"@type\":\"EntryPoint\",\"urlTemplate\":\"https:\/\/www.eliassen.nl\/de\/?s={search_term_string}\"},\"query-input\":{\"@type\":\"PropertyValueSpecification\",\"valueRequired\":true,\"valueName\":\"search_term_string\"}}],\"inLanguage\":\"de\"},{\"@type\":[\"Organization\",\"Place\"],\"@id\":\"https:\/\/www.eliassen.nl\/de\/#organization\",\"name\":\"Eliassen Home & Garden Pleasure\",\"url\":\"https:\/\/www.eliassen.nl\/de\/\",\"logo\":{\"@id\":\"https:\/\/www.eliassen.nl\/de\/granit-insekten-wasserstelle-mit-bronze-schmetterling\/#local-main-organization-logo\"},\"image\":{\"@id\":\"https:\/\/www.eliassen.nl\/de\/granit-insekten-wasserstelle-mit-bronze-schmetterling\/#local-main-organization-logo\"},\"sameAs\":[\"https:\/\/www.facebook.com\/TuincentrumEliassenAmmerzoden\",\"https:\/\/www.instagram.com\/eliassenhomeandgarden\/\",\"https:\/\/nl.pinterest.com\/eliassenhomeandgarden\/\",\"https:\/\/www.youtube.com\/@eliassenhomegardenpleasure4558\"],\"telephone\":[],\"openingHoursSpecification\":[{\"@type\":\"OpeningHoursSpecification\",\"dayOfWeek\":[\"Monday\",\"Tuesday\",\"Wednesday\",\"Thursday\",\"Friday\",\"Saturday\",\"Sunday\"],\"opens\":\"09:00\",\"closes\":\"17:00\"}]},{\"@type\":\"ImageObject\",\"inLanguage\":\"de\",\"@id\":\"https:\/\/www.eliassen.nl\/de\/granit-insekten-wasserstelle-mit-bronze-schmetterling\/#local-main-organization-logo\",\"url\":\"https:\/\/www.eliassen.nl\/wp-content\/uploads\/2024\/01\/logo_4nd.jpg\",\"contentUrl\":\"https:\/\/www.eliassen.nl\/wp-content\/uploads\/2024\/01\/logo_4nd.jpg\",\"width\":500,\"height\":500,\"caption\":\"Eliassen Home & Garden Pleasure\"}]}<\/script>\n<meta property=\"product:price:amount\" content=\"52.50\" \/>\n<meta property=\"product:price:currency\" content=\"EUR\" \/>\n<meta property=\"og:availability\" content=\"out of stock\" \/>\n<meta property=\"product:availability\" content=\"out of stock\" \/>\n<meta property=\"product:retailer_item_id\" content=\"42056\" \/>\n<meta property=\"product:condition\" content=\"new\" \/>\n<!-- \/ Yoast SEO Premium plugin. -->","yoast_head_json":{"title":"Insektentr\u00e4nke Granit mit Bronze Schmetterling | Eliassen","description":"Bei Eliassen k\u00f6nnen Sie Insektentr\u00e4nke Granit mit bronzefarbenem Schmetterling online kaufen oder live im Showroom ansehen. Wir haben die sch\u00f6nsten Vogeltr\u00e4nken","robots":{"index":"index","follow":"follow","max-snippet":"max-snippet:-1","max-image-preview":"max-image-preview:large","max-video-preview":"max-video-preview:-1"},"canonical":"https:\/\/www.eliassen.nl\/de\/granit-insekten-wasserstelle-mit-bronze-schmetterling\/","og_locale":"de_DE","og_type":"article","og_title":"Sonstige Insektentr\u00e4nke aus Granit mit bronzenem Schmetterling - Eliassen.nl","og_description":"Bei Eliassen k\u00f6nnen Sie Insektentr\u00e4nke Granit mit bronzefarbenem Schmetterling online kaufen oder live im Showroom ansehen. Wir haben die sch\u00f6nsten Vogeltr\u00e4nken","og_url":"https:\/\/www.eliassen.nl\/de\/granit-insekten-wasserstelle-mit-bronze-schmetterling\/","og_site_name":"Eliassen.nl","article_publisher":"https:\/\/www.facebook.com\/TuincentrumEliassenAmmerzoden","article_modified_time":"2025-11-27T15:08:27+00:00","og_image":[{"width":2048,"height":1536,"url":"https:\/\/www.eliassen.nl\/wp-content\/uploads\/2024\/01\/eliasseninsectendrinkplaatsgranietmetbronzen.jpg","type":"image\/jpeg"}],"twitter_card":"summary_large_image","schema":{"@context":"https:\/\/schema.org","@graph":[{"@type":"WebPage","@id":"https:\/\/www.eliassen.nl\/de\/granit-insekten-wasserstelle-mit-bronze-schmetterling\/","url":"https:\/\/www.eliassen.nl\/de\/granit-insekten-wasserstelle-mit-bronze-schmetterling\/","name":"Insektentr\u00e4nke Granit mit Bronze Schmetterling | Eliassen","isPartOf":{"@id":"https:\/\/www.eliassen.nl\/de\/#website"},"primaryImageOfPage":{"@id":"https:\/\/www.eliassen.nl\/de\/granit-insekten-wasserstelle-mit-bronze-schmetterling\/#primaryimage"},"image":{"@id":"https:\/\/www.eliassen.nl\/de\/granit-insekten-wasserstelle-mit-bronze-schmetterling\/#primaryimage"},"thumbnailUrl":"https:\/\/www.eliassen.nl\/wp-content\/uploads\/2024\/01\/eliasseninsectendrinkplaatsgranietmetbronzen.jpg","datePublished":"2020-03-10T13:39:00+00:00","dateModified":"2025-11-27T15:08:27+00:00","description":"Bei Eliassen k\u00f6nnen Sie Insektentr\u00e4nke Granit mit bronzefarbenem Schmetterling online kaufen oder live im Showroom ansehen. Wir haben die sch\u00f6nsten Vogeltr\u00e4nken","breadcrumb":{"@id":"https:\/\/www.eliassen.nl\/de\/granit-insekten-wasserstelle-mit-bronze-schmetterling\/#breadcrumb"},"inLanguage":"de","potentialAction":[{"@type":"ReadAction","target":["https:\/\/www.eliassen.nl\/de\/granit-insekten-wasserstelle-mit-bronze-schmetterling\/"]}]},{"@type":"ImageObject","inLanguage":"de","@id":"https:\/\/www.eliassen.nl\/de\/granit-insekten-wasserstelle-mit-bronze-schmetterling\/#primaryimage","url":"https:\/\/www.eliassen.nl\/wp-content\/uploads\/2024\/01\/eliasseninsectendrinkplaatsgranietmetbronzen.jpg","contentUrl":"https:\/\/www.eliassen.nl\/wp-content\/uploads\/2024\/01\/eliasseninsectendrinkplaatsgranietmetbronzen.jpg","width":2048,"height":1536,"caption":"Eliassen Insektentr\u00e4nke Granit mit Bronze Schmetterling"},{"@type":"BreadcrumbList","@id":"https:\/\/www.eliassen.nl\/de\/granit-insekten-wasserstelle-mit-bronze-schmetterling\/#breadcrumb","itemListElement":[{"@type":"ListItem","position":1,"name":"Home","item":"https:\/\/www.eliassen.nl\/de\/"},{"@type":"ListItem","position":2,"name":"Shop","item":"https:\/\/www.eliassen.nl\/de\/shop\/"},{"@type":"ListItem","position":3,"name":"Vogeltr\u00e4nken","item":"https:\/\/www.eliassen.nl\/de\/vogeltraenken\/"},{"@type":"ListItem","position":4,"name":"Insektentr\u00e4nke aus Granit mit bronzenem Schmetterling"}]},{"@type":"WebSite","@id":"https:\/\/www.eliassen.nl\/de\/#website","url":"https:\/\/www.eliassen.nl\/de\/","name":"Eliassen Home & Garden Pleasure","description":"","publisher":{"@id":"https:\/\/www.eliassen.nl\/de\/#organization"},"alternateName":"Eliassen.nl","potentialAction":[{"@type":"SearchAction","target":{"@type":"EntryPoint","urlTemplate":"https:\/\/www.eliassen.nl\/de\/?s={search_term_string}"},"query-input":{"@type":"PropertyValueSpecification","valueRequired":true,"valueName":"search_term_string"}}],"inLanguage":"de"},{"@type":["Organization","Place"],"@id":"https:\/\/www.eliassen.nl\/de\/#organization","name":"Eliassen Home & Garden Pleasure","url":"https:\/\/www.eliassen.nl\/de\/","logo":{"@id":"https:\/\/www.eliassen.nl\/de\/granit-insekten-wasserstelle-mit-bronze-schmetterling\/#local-main-organization-logo"},"image":{"@id":"https:\/\/www.eliassen.nl\/de\/granit-insekten-wasserstelle-mit-bronze-schmetterling\/#local-main-organization-logo"},"sameAs":["https:\/\/www.facebook.com\/TuincentrumEliassenAmmerzoden","https:\/\/www.instagram.com\/eliassenhomeandgarden\/","https:\/\/nl.pinterest.com\/eliassenhomeandgarden\/","https:\/\/www.youtube.com\/@eliassenhomegardenpleasure4558"],"telephone":[],"openingHoursSpecification":[{"@type":"OpeningHoursSpecification","dayOfWeek":["Monday","Tuesday","Wednesday","Thursday","Friday","Saturday","Sunday"],"opens":"09:00","closes":"17:00"}]},{"@type":"ImageObject","inLanguage":"de","@id":"https:\/\/www.eliassen.nl\/de\/granit-insekten-wasserstelle-mit-bronze-schmetterling\/#local-main-organization-logo","url":"https:\/\/www.eliassen.nl\/wp-content\/uploads\/2024\/01\/logo_4nd.jpg","contentUrl":"https:\/\/www.eliassen.nl\/wp-content\/uploads\/2024\/01\/logo_4nd.jpg","width":500,"height":500,"caption":"Eliassen Home & Garden Pleasure"}]},"product_price_amount":"52.50","product_price_currency":"EUR","og_availability":"out of stock","product_availability":"out of stock","product_retailer_item_id":"42056","product_condition":"new"},"df_price":52.5,"df_sale_price":"","df_regular_price":52.5,"df_image_link":"https:\/\/www.eliassen.nl\/wp-content\/uploads\/2024\/01\/eliasseninsectendrinkplaatsgranietmetbronzen.jpg","image":"https:\/\/www.eliassen.nl\/wp-content\/uploads\/2024\/01\/eliasseninsectendrinkplaatsgranietmetbronzen.jpg","price_search":"<span class=\"woocommerce-Price-amount amount\"><bdi><span class=\"woocommerce-Price-currencySymbol\">&euro;<\/span>&nbsp;52,50<\/bdi><\/span>","category":"Vogeltr\u00e4nken","global_unique_id":"9508562728338","_links":{"self":[{"href":"https:\/\/www.eliassen.nl\/de\/wp-json\/wp\/v2\/product\/22822","targetHints":{"allow":["GET"]}}],"collection":[{"href":"https:\/\/www.eliassen.nl\/de\/wp-json\/wp\/v2\/product"}],"about":[{"href":"https:\/\/www.eliassen.nl\/de\/wp-json\/wp\/v2\/types\/product"}],"wp:featuredmedia":[{"embeddable":true,"href":"https:\/\/www.eliassen.nl\/de\/wp-json\/wp\/v2\/media\/22819"}],"wp:attachment":[{"href":"https:\/\/www.eliassen.nl\/de\/wp-json\/wp\/v2\/media?parent=22822"}],"wp:term":[{"taxonomy":"product_brand","embeddable":true,"href":"https:\/\/www.eliassen.nl\/de\/wp-json\/wp\/v2\/product_brand?post=22822"},{"taxonomy":"product_cat","embeddable":true,"href":"https:\/\/www.eliassen.nl\/de\/wp-json\/wp\/v2\/product_cat?post=22822"},{"taxonomy":"product_tag","embeddable":true,"href":"https:\/\/www.eliassen.nl\/de\/wp-json\/wp\/v2\/product_tag?post=22822"}],"curies":[{"name":"wp","href":"https:\/\/api.w.org\/{rel}","templated":true}]}}