{"id":22705,"date":"2020-03-10T10:37:56","date_gmt":"2020-03-10T10:37:56","guid":{"rendered":"https:\/\/www.eliassen.nl\/?product=fonteinset-kikkerkoning-otto"},"modified":"2026-01-16T13:48:07","modified_gmt":"2026-01-16T12:48:07","slug":"froschbrunnen-komplettset-otto","status":"publish","type":"product","link":"https:\/\/www.eliassen.nl\/de\/froschbrunnen-komplettset-otto\/","title":{"rendered":"Froschbrunnen Komplett-Set Bronze Otto"},"content":{"rendered":"<p>Der Froschbrunnen wird als komplettes Springbrunnen-Set geliefert, damit Sie jahrelang Freude an diesem Wasserspiel in Ihrem Garten haben. Der Stein ist aus Granit, mit einer geschnitzten Wasserschale, gekr\u00f6nt von einem dezent spritzenden Frosch aus echter Bronze. Auch V\u00f6gel werden dieses Wasserspiel im Garten sicher genie\u00dfen.<\/p>\n<p>Farbe und Form des Steins weichen immer vom Foto ab, da es sich um ein Naturprodukt handelt.<\/p>\n<p><strong>Dieses Modell k\u00f6nnen Sie auch in unserem Shop besichtigen.<\/strong><\/p>\n<ul>\n<li>Gr\u00f6\u00dfe des Ornaments (ungef\u00e4hr) ca. 30x20x20cm hoch<\/li>\n<li>Inklusive Wasserbecken, Deckel, Pumpe und Schlusssteine<\/li>\n<li>Frostsicheres Design<\/li>\n<li>Echter Bronzefrosch<\/li>\n<li>Ab Lager lieferbar.<\/li>\n<\/ul>\n","protected":false},"excerpt":{"rendered":"<p>Der Froschbrunnen wird als komplettes Springbrunnen-Set geliefert, damit Sie jahrelang Freude an diesem Wasserspiel in Ihrem Garten haben. Der Stein ist aus Granit, mit einer geschnitzten Wasserschale, gekr\u00f6nt von einem dezent spritzenden Frosch aus echter Bronze. Auch V\u00f6gel werden dieses Wasserspiel im Garten sicher genie\u00dfen. Farbe und Form des Steins weichen immer vom Foto ab, &hellip;<\/p>\n","protected":false},"featured_media":22702,"template":"","meta":{"_acf_changed":false,"_genesis_title":"","_genesis_description":""},"product_brand":[7505],"product_cat":[599,554,536],"product_tag":[],"class_list":{"0":"post-22705","1":"product","2":"type-product","3":"status-publish","4":"has-post-thumbnail","6":"product_brand-sonstige","7":"product_cat-guenstige-wasserspiele","8":"product_cat-wasserspiel-mit-grabbecken","9":"product_cat-wassereigenschaften","11":"first","12":"outofstock","13":"taxable","14":"shipping-taxable","15":"purchasable","16":"product-type-simple"},"acf":[],"meta_all":{"total_sales":"1","wcml_sync_hash":{"postmeta_fields":"cda855f62e1fb6dd7534f47dc607fabe"},"attr_label_translations":[],"cor_restricted_countries":[]},"meta_all_flat":{"total_sales":"1","wcml_sync_hash.postmeta_fields":"cda855f62e1fb6dd7534f47dc607fabe"},"yoast_head":"<!-- This site is optimized with the Yoast SEO Premium plugin v26.2 (Yoast SEO v27.2) - https:\/\/yoast.com\/product\/yoast-seo-premium-wordpress\/ -->\n<title>Froschbrunnen Komplett-Set | Granit | Eliassen.nl<\/title>\n<meta name=\"description\" content=\"Sie m\u00f6chten einen sch\u00f6nen Froschbrunnen aus Granit kaufen? Sehen Sie sich diesen sch\u00f6nen Gartenbrunnen an, der als komplettes Set geliefert wird. \u221a Blick auf +300 Wasserfont\u00e4nen.\" \/>\n<meta name=\"robots\" content=\"index, follow, max-snippet:-1, max-image-preview:large, max-video-preview:-1\" \/>\n<link rel=\"canonical\" href=\"https:\/\/www.eliassen.nl\/de\/froschbrunnen-komplettset-otto\/\" \/>\n<meta property=\"og:locale\" content=\"de_DE\" \/>\n<meta property=\"og:type\" content=\"article\" \/>\n<meta property=\"og:title\" content=\"Sonstige Froschbrunnen Komplett-Set Bronze Otto - Eliassen.nl\" \/>\n<meta property=\"og:description\" content=\"Sie m\u00f6chten einen sch\u00f6nen Froschbrunnen aus Granit kaufen? Sehen Sie sich diesen sch\u00f6nen Gartenbrunnen an, der als komplettes Set geliefert wird. \u221a Blick auf +300 Wasserfont\u00e4nen.\" \/>\n<meta property=\"og:url\" content=\"https:\/\/www.eliassen.nl\/de\/froschbrunnen-komplettset-otto\/\" \/>\n<meta property=\"og:site_name\" content=\"Eliassen.nl\" \/>\n<meta property=\"article:publisher\" content=\"https:\/\/www.facebook.com\/TuincentrumEliassenAmmerzoden\" \/>\n<meta property=\"article:modified_time\" content=\"2026-01-16T12:48:07+00:00\" \/>\n<meta property=\"og:image\" content=\"https:\/\/www.eliassen.nl\/wp-content\/uploads\/2024\/01\/kikkerfonteincompletesetottoeliassennl.jpg\" \/>\n\t<meta property=\"og:image:width\" content=\"1175\" \/>\n\t<meta property=\"og:image:height\" content=\"1024\" \/>\n\t<meta property=\"og:image:type\" content=\"image\/jpeg\" \/>\n<meta name=\"twitter:card\" content=\"summary_large_image\" \/>\n<script type=\"application\/ld+json\" class=\"yoast-schema-graph\">{\"@context\":\"https:\/\/schema.org\",\"@graph\":[{\"@type\":\"WebPage\",\"@id\":\"https:\/\/www.eliassen.nl\/de\/froschbrunnen-komplettset-otto\/\",\"url\":\"https:\/\/www.eliassen.nl\/de\/froschbrunnen-komplettset-otto\/\",\"name\":\"Froschbrunnen Komplett-Set | Granit | Eliassen.nl\",\"isPartOf\":{\"@id\":\"https:\/\/www.eliassen.nl\/de\/#website\"},\"primaryImageOfPage\":{\"@id\":\"https:\/\/www.eliassen.nl\/de\/froschbrunnen-komplettset-otto\/#primaryimage\"},\"image\":{\"@id\":\"https:\/\/www.eliassen.nl\/de\/froschbrunnen-komplettset-otto\/#primaryimage\"},\"thumbnailUrl\":\"https:\/\/www.eliassen.nl\/wp-content\/uploads\/2024\/01\/kikkerfonteincompletesetottoeliassennl.jpg\",\"datePublished\":\"2020-03-10T10:37:56+00:00\",\"dateModified\":\"2026-01-16T12:48:07+00:00\",\"description\":\"Sie m\u00f6chten einen sch\u00f6nen Froschbrunnen aus Granit kaufen? Sehen Sie sich diesen sch\u00f6nen Gartenbrunnen an, der als komplettes Set geliefert wird. \u221a Blick auf +300 Wasserfont\u00e4nen.\",\"breadcrumb\":{\"@id\":\"https:\/\/www.eliassen.nl\/de\/froschbrunnen-komplettset-otto\/#breadcrumb\"},\"inLanguage\":\"de\",\"potentialAction\":[{\"@type\":\"ReadAction\",\"target\":[\"https:\/\/www.eliassen.nl\/de\/froschbrunnen-komplettset-otto\/\"]}]},{\"@type\":\"ImageObject\",\"inLanguage\":\"de\",\"@id\":\"https:\/\/www.eliassen.nl\/de\/froschbrunnen-komplettset-otto\/#primaryimage\",\"url\":\"https:\/\/www.eliassen.nl\/wp-content\/uploads\/2024\/01\/kikkerfonteincompletesetottoeliassennl.jpg\",\"contentUrl\":\"https:\/\/www.eliassen.nl\/wp-content\/uploads\/2024\/01\/kikkerfonteincompletesetottoeliassennl.jpg\",\"width\":1175,\"height\":1024,\"caption\":\"Froschbrunnen Komplett-Set Otto - Eliassen.nl\"},{\"@type\":\"BreadcrumbList\",\"@id\":\"https:\/\/www.eliassen.nl\/de\/froschbrunnen-komplettset-otto\/#breadcrumb\",\"itemListElement\":[{\"@type\":\"ListItem\",\"position\":1,\"name\":\"Home\",\"item\":\"https:\/\/www.eliassen.nl\/de\/\"},{\"@type\":\"ListItem\",\"position\":2,\"name\":\"Shop\",\"item\":\"https:\/\/www.eliassen.nl\/de\/shop\/\"},{\"@type\":\"ListItem\",\"position\":3,\"name\":\"Wasserspiele\",\"item\":\"https:\/\/www.eliassen.nl\/de\/wassereigenschaften\/\"},{\"@type\":\"ListItem\",\"position\":4,\"name\":\"G\u00fcnstige Wasserspiele\",\"item\":\"https:\/\/www.eliassen.nl\/de\/wassereigenschaften\/guenstige-wasserspiele\/\"},{\"@type\":\"ListItem\",\"position\":5,\"name\":\"Froschbrunnen Komplett-Set Bronze Otto\"}]},{\"@type\":\"WebSite\",\"@id\":\"https:\/\/www.eliassen.nl\/de\/#website\",\"url\":\"https:\/\/www.eliassen.nl\/de\/\",\"name\":\"Eliassen Home & Garden Pleasure\",\"description\":\"\",\"publisher\":{\"@id\":\"https:\/\/www.eliassen.nl\/de\/#organization\"},\"alternateName\":\"Eliassen.nl\",\"potentialAction\":[{\"@type\":\"SearchAction\",\"target\":{\"@type\":\"EntryPoint\",\"urlTemplate\":\"https:\/\/www.eliassen.nl\/de\/?s={search_term_string}\"},\"query-input\":{\"@type\":\"PropertyValueSpecification\",\"valueRequired\":true,\"valueName\":\"search_term_string\"}}],\"inLanguage\":\"de\"},{\"@type\":[\"Organization\",\"Place\"],\"@id\":\"https:\/\/www.eliassen.nl\/de\/#organization\",\"name\":\"Eliassen Home & Garden Pleasure\",\"url\":\"https:\/\/www.eliassen.nl\/de\/\",\"logo\":{\"@id\":\"https:\/\/www.eliassen.nl\/de\/froschbrunnen-komplettset-otto\/#local-main-organization-logo\"},\"image\":{\"@id\":\"https:\/\/www.eliassen.nl\/de\/froschbrunnen-komplettset-otto\/#local-main-organization-logo\"},\"sameAs\":[\"https:\/\/www.facebook.com\/TuincentrumEliassenAmmerzoden\",\"https:\/\/www.instagram.com\/eliassenhomeandgarden\/\",\"https:\/\/nl.pinterest.com\/eliassenhomeandgarden\/\",\"https:\/\/www.youtube.com\/@eliassenhomegardenpleasure4558\"],\"telephone\":[],\"openingHoursSpecification\":[{\"@type\":\"OpeningHoursSpecification\",\"dayOfWeek\":[\"Monday\",\"Tuesday\",\"Wednesday\",\"Thursday\",\"Friday\",\"Saturday\",\"Sunday\"],\"opens\":\"09:00\",\"closes\":\"17:00\"}]},{\"@type\":\"ImageObject\",\"inLanguage\":\"de\",\"@id\":\"https:\/\/www.eliassen.nl\/de\/froschbrunnen-komplettset-otto\/#local-main-organization-logo\",\"url\":\"https:\/\/www.eliassen.nl\/wp-content\/uploads\/2024\/01\/logo_4nd.jpg\",\"contentUrl\":\"https:\/\/www.eliassen.nl\/wp-content\/uploads\/2024\/01\/logo_4nd.jpg\",\"width\":500,\"height\":500,\"caption\":\"Eliassen Home & Garden Pleasure\"}]}<\/script>\n<meta property=\"product:price:amount\" content=\"249.00\" \/>\n<meta property=\"product:price:currency\" content=\"EUR\" \/>\n<meta property=\"og:availability\" content=\"out of stock\" \/>\n<meta property=\"product:availability\" content=\"out of stock\" \/>\n<meta property=\"product:retailer_item_id\" content=\"994336o\" \/>\n<meta property=\"product:condition\" content=\"new\" \/>\n<!-- \/ Yoast SEO Premium plugin. -->","yoast_head_json":{"title":"Froschbrunnen Komplett-Set | Granit | Eliassen.nl","description":"Sie m\u00f6chten einen sch\u00f6nen Froschbrunnen aus Granit kaufen? Sehen Sie sich diesen sch\u00f6nen Gartenbrunnen an, der als komplettes Set geliefert wird. \u221a Blick auf +300 Wasserfont\u00e4nen.","robots":{"index":"index","follow":"follow","max-snippet":"max-snippet:-1","max-image-preview":"max-image-preview:large","max-video-preview":"max-video-preview:-1"},"canonical":"https:\/\/www.eliassen.nl\/de\/froschbrunnen-komplettset-otto\/","og_locale":"de_DE","og_type":"article","og_title":"Sonstige Froschbrunnen Komplett-Set Bronze Otto - Eliassen.nl","og_description":"Sie m\u00f6chten einen sch\u00f6nen Froschbrunnen aus Granit kaufen? Sehen Sie sich diesen sch\u00f6nen Gartenbrunnen an, der als komplettes Set geliefert wird. \u221a Blick auf +300 Wasserfont\u00e4nen.","og_url":"https:\/\/www.eliassen.nl\/de\/froschbrunnen-komplettset-otto\/","og_site_name":"Eliassen.nl","article_publisher":"https:\/\/www.facebook.com\/TuincentrumEliassenAmmerzoden","article_modified_time":"2026-01-16T12:48:07+00:00","og_image":[{"width":1175,"height":1024,"url":"https:\/\/www.eliassen.nl\/wp-content\/uploads\/2024\/01\/kikkerfonteincompletesetottoeliassennl.jpg","type":"image\/jpeg"}],"twitter_card":"summary_large_image","schema":{"@context":"https:\/\/schema.org","@graph":[{"@type":"WebPage","@id":"https:\/\/www.eliassen.nl\/de\/froschbrunnen-komplettset-otto\/","url":"https:\/\/www.eliassen.nl\/de\/froschbrunnen-komplettset-otto\/","name":"Froschbrunnen Komplett-Set | Granit | Eliassen.nl","isPartOf":{"@id":"https:\/\/www.eliassen.nl\/de\/#website"},"primaryImageOfPage":{"@id":"https:\/\/www.eliassen.nl\/de\/froschbrunnen-komplettset-otto\/#primaryimage"},"image":{"@id":"https:\/\/www.eliassen.nl\/de\/froschbrunnen-komplettset-otto\/#primaryimage"},"thumbnailUrl":"https:\/\/www.eliassen.nl\/wp-content\/uploads\/2024\/01\/kikkerfonteincompletesetottoeliassennl.jpg","datePublished":"2020-03-10T10:37:56+00:00","dateModified":"2026-01-16T12:48:07+00:00","description":"Sie m\u00f6chten einen sch\u00f6nen Froschbrunnen aus Granit kaufen? Sehen Sie sich diesen sch\u00f6nen Gartenbrunnen an, der als komplettes Set geliefert wird. \u221a Blick auf +300 Wasserfont\u00e4nen.","breadcrumb":{"@id":"https:\/\/www.eliassen.nl\/de\/froschbrunnen-komplettset-otto\/#breadcrumb"},"inLanguage":"de","potentialAction":[{"@type":"ReadAction","target":["https:\/\/www.eliassen.nl\/de\/froschbrunnen-komplettset-otto\/"]}]},{"@type":"ImageObject","inLanguage":"de","@id":"https:\/\/www.eliassen.nl\/de\/froschbrunnen-komplettset-otto\/#primaryimage","url":"https:\/\/www.eliassen.nl\/wp-content\/uploads\/2024\/01\/kikkerfonteincompletesetottoeliassennl.jpg","contentUrl":"https:\/\/www.eliassen.nl\/wp-content\/uploads\/2024\/01\/kikkerfonteincompletesetottoeliassennl.jpg","width":1175,"height":1024,"caption":"Froschbrunnen Komplett-Set Otto - Eliassen.nl"},{"@type":"BreadcrumbList","@id":"https:\/\/www.eliassen.nl\/de\/froschbrunnen-komplettset-otto\/#breadcrumb","itemListElement":[{"@type":"ListItem","position":1,"name":"Home","item":"https:\/\/www.eliassen.nl\/de\/"},{"@type":"ListItem","position":2,"name":"Shop","item":"https:\/\/www.eliassen.nl\/de\/shop\/"},{"@type":"ListItem","position":3,"name":"Wasserspiele","item":"https:\/\/www.eliassen.nl\/de\/wassereigenschaften\/"},{"@type":"ListItem","position":4,"name":"G\u00fcnstige Wasserspiele","item":"https:\/\/www.eliassen.nl\/de\/wassereigenschaften\/guenstige-wasserspiele\/"},{"@type":"ListItem","position":5,"name":"Froschbrunnen Komplett-Set Bronze Otto"}]},{"@type":"WebSite","@id":"https:\/\/www.eliassen.nl\/de\/#website","url":"https:\/\/www.eliassen.nl\/de\/","name":"Eliassen Home & Garden Pleasure","description":"","publisher":{"@id":"https:\/\/www.eliassen.nl\/de\/#organization"},"alternateName":"Eliassen.nl","potentialAction":[{"@type":"SearchAction","target":{"@type":"EntryPoint","urlTemplate":"https:\/\/www.eliassen.nl\/de\/?s={search_term_string}"},"query-input":{"@type":"PropertyValueSpecification","valueRequired":true,"valueName":"search_term_string"}}],"inLanguage":"de"},{"@type":["Organization","Place"],"@id":"https:\/\/www.eliassen.nl\/de\/#organization","name":"Eliassen Home & Garden Pleasure","url":"https:\/\/www.eliassen.nl\/de\/","logo":{"@id":"https:\/\/www.eliassen.nl\/de\/froschbrunnen-komplettset-otto\/#local-main-organization-logo"},"image":{"@id":"https:\/\/www.eliassen.nl\/de\/froschbrunnen-komplettset-otto\/#local-main-organization-logo"},"sameAs":["https:\/\/www.facebook.com\/TuincentrumEliassenAmmerzoden","https:\/\/www.instagram.com\/eliassenhomeandgarden\/","https:\/\/nl.pinterest.com\/eliassenhomeandgarden\/","https:\/\/www.youtube.com\/@eliassenhomegardenpleasure4558"],"telephone":[],"openingHoursSpecification":[{"@type":"OpeningHoursSpecification","dayOfWeek":["Monday","Tuesday","Wednesday","Thursday","Friday","Saturday","Sunday"],"opens":"09:00","closes":"17:00"}]},{"@type":"ImageObject","inLanguage":"de","@id":"https:\/\/www.eliassen.nl\/de\/froschbrunnen-komplettset-otto\/#local-main-organization-logo","url":"https:\/\/www.eliassen.nl\/wp-content\/uploads\/2024\/01\/logo_4nd.jpg","contentUrl":"https:\/\/www.eliassen.nl\/wp-content\/uploads\/2024\/01\/logo_4nd.jpg","width":500,"height":500,"caption":"Eliassen Home & Garden Pleasure"}]},"product_price_amount":"249.00","product_price_currency":"EUR","og_availability":"out of stock","product_availability":"out of stock","product_retailer_item_id":"994336o","product_condition":"new"},"df_price":249,"df_sale_price":"","df_regular_price":249,"df_image_link":"https:\/\/www.eliassen.nl\/wp-content\/uploads\/2024\/01\/kikkerfonteincompletesetottoeliassennl.jpg","image":"https:\/\/www.eliassen.nl\/wp-content\/uploads\/2024\/01\/kikkerfonteincompletesetottoeliassennl.jpg","price_search":"<span class=\"woocommerce-Price-amount amount\"><bdi><span class=\"woocommerce-Price-currencySymbol\">&euro;<\/span>&nbsp;249,00<\/bdi><\/span>","category":"G\u00fcnstige Wasserspiele","global_unique_id":"9507611941346","_links":{"self":[{"href":"https:\/\/www.eliassen.nl\/de\/wp-json\/wp\/v2\/product\/22705","targetHints":{"allow":["GET"]}}],"collection":[{"href":"https:\/\/www.eliassen.nl\/de\/wp-json\/wp\/v2\/product"}],"about":[{"href":"https:\/\/www.eliassen.nl\/de\/wp-json\/wp\/v2\/types\/product"}],"wp:featuredmedia":[{"embeddable":true,"href":"https:\/\/www.eliassen.nl\/de\/wp-json\/wp\/v2\/media\/22702"}],"wp:attachment":[{"href":"https:\/\/www.eliassen.nl\/de\/wp-json\/wp\/v2\/media?parent=22705"}],"wp:term":[{"taxonomy":"product_brand","embeddable":true,"href":"https:\/\/www.eliassen.nl\/de\/wp-json\/wp\/v2\/product_brand?post=22705"},{"taxonomy":"product_cat","embeddable":true,"href":"https:\/\/www.eliassen.nl\/de\/wp-json\/wp\/v2\/product_cat?post=22705"},{"taxonomy":"product_tag","embeddable":true,"href":"https:\/\/www.eliassen.nl\/de\/wp-json\/wp\/v2\/product_tag?post=22705"}],"curies":[{"name":"wp","href":"https:\/\/api.w.org\/{rel}","templated":true}]}}