{"id":22681,"date":"2020-03-05T14:06:45","date_gmt":"2020-03-05T14:06:45","guid":{"rendered":"https:\/\/www.eliassen.nl\/?product=sokkel-hardsteen-gebrand-60x30x80cm"},"modified":"2025-11-26T17:20:23","modified_gmt":"2025-11-26T16:20:23","slug":"grundstein-60x30x80cm-gebrannt","status":"publish","type":"product","link":"https:\/\/www.eliassen.nl\/de\/grundstein-60x30x80cm-gebrannt\/","title":{"rendered":"Sockel aus gebranntem Blaustein 60x30x80cm"},"content":{"rendered":"<p>Dieser Steinsockel aus hartem Stein, mit gebrannten Seiten und gebrannter Oberseite. Robustes, nat\u00fcrliches Aussehen, sch\u00f6ne Kombination mit einem Topf, einer Vase, einer Statue, einer Sonnenuhr oder einem anderen Objekt, sieht aber auch in Ihrem Haus oder Gesch\u00e4ft toll aus. Dieser Sockel ist ein schweres Objekt, das sehr fest steht.<\/p>\n<ul>\n<li>Gr\u00f6\u00dfe 60x30x80cm<\/li>\n<li>Steht sehr fest<\/li>\n<li>Unzerst\u00f6rbar<\/li>\n<li>Wandst\u00e4rke von mindestens 3 cm<\/li>\n<li>Sehr robuster, nat\u00fcrlicher Look<\/li>\n<li>Blaustein<\/li>\n<li>Gewicht ca. 100 kg<\/li>\n<\/ul>\n","protected":false},"excerpt":{"rendered":"<p>Dieser Steinsockel aus hartem Stein, mit gebrannten Seiten und gebrannter Oberseite. Robustes, nat\u00fcrliches Aussehen, sch\u00f6ne Kombination mit einem Topf, einer Vase, einer Statue, einer Sonnenuhr oder einem anderen Objekt, sieht aber auch in Ihrem Haus oder Gesch\u00e4ft toll aus. Dieser Sockel ist ein schweres Objekt, das sehr fest steht. Gr\u00f6\u00dfe 60x30x80cm Steht sehr fest Unzerst\u00f6rbar &hellip;<\/p>\n","protected":false},"featured_media":22675,"template":"","meta":{"_acf_changed":false,"_genesis_title":"","_genesis_description":""},"product_brand":[7505],"product_cat":[782,785],"product_tag":[7300],"class_list":{"0":"post-22681","1":"product","2":"type-product","3":"status-publish","4":"has-post-thumbnail","6":"product_brand-sonstige","7":"product_cat-sockel","8":"product_cat-sockel-aus-naturstein","9":"product_tag-sockelstein","11":"first","12":"instock","13":"taxable","14":"shipping-taxable","15":"purchasable","16":"product-type-simple"},"acf":[],"meta_all":{"wcml_sync_hash":{"postmeta_fields":"2ced73ca55159bbe27e54deb72ca472a"},"attr_label_translations":[],"total_sales":"2"},"meta_all_flat":{"wcml_sync_hash.postmeta_fields":"2ced73ca55159bbe27e54deb72ca472a","total_sales":"2"},"yoast_head":"<!-- This site is optimized with the Yoast SEO Premium plugin v26.2 (Yoast SEO v27.2) - https:\/\/yoast.com\/product\/yoast-seo-premium-wordpress\/ -->\n<title>Sockel aus gebranntem Blaustein 60x30x80cm. | Eliassen<\/title>\n<meta name=\"description\" content=\"Kaufen Sie bei Eliassen Sockel aus gestrahltem Blaustein 60x30x80cm. online oder live im Ausstellungsraum ansehen. Wir haben die sch\u00f6nsten Sockelleisten, Natursteinsockelleisten\" \/>\n<meta name=\"robots\" content=\"index, follow, max-snippet:-1, max-image-preview:large, max-video-preview:-1\" \/>\n<link rel=\"canonical\" href=\"https:\/\/www.eliassen.nl\/de\/grundstein-60x30x80cm-gebrannt\/\" \/>\n<meta property=\"og:locale\" content=\"de_DE\" \/>\n<meta property=\"og:type\" content=\"article\" \/>\n<meta property=\"og:title\" content=\"Sonstige Sockel aus gebranntem Blaustein 60x30x80cm - Eliassen.nl\" \/>\n<meta property=\"og:description\" content=\"Kaufen Sie bei Eliassen Sockel aus gestrahltem Blaustein 60x30x80cm. online oder live im Ausstellungsraum ansehen. Wir haben die sch\u00f6nsten Sockelleisten, Natursteinsockelleisten\" \/>\n<meta property=\"og:url\" content=\"https:\/\/www.eliassen.nl\/de\/grundstein-60x30x80cm-gebrannt\/\" \/>\n<meta property=\"og:site_name\" content=\"Eliassen.nl\" \/>\n<meta property=\"article:publisher\" content=\"https:\/\/www.facebook.com\/TuincentrumEliassenAmmerzoden\" \/>\n<meta property=\"article:modified_time\" content=\"2025-11-26T16:20:23+00:00\" \/>\n<meta property=\"og:image\" content=\"https:\/\/www.eliassen.nl\/wp-content\/uploads\/2024\/01\/mijnproject20221004t113929056.png\" \/>\n\t<meta property=\"og:image:width\" content=\"868\" \/>\n\t<meta property=\"og:image:height\" content=\"1000\" \/>\n\t<meta property=\"og:image:type\" content=\"image\/png\" \/>\n<meta name=\"twitter:card\" content=\"summary_large_image\" \/>\n<script type=\"application\/ld+json\" class=\"yoast-schema-graph\">{\"@context\":\"https:\/\/schema.org\",\"@graph\":[{\"@type\":\"WebPage\",\"@id\":\"https:\/\/www.eliassen.nl\/de\/grundstein-60x30x80cm-gebrannt\/\",\"url\":\"https:\/\/www.eliassen.nl\/de\/grundstein-60x30x80cm-gebrannt\/\",\"name\":\"Sockel aus gebranntem Blaustein 60x30x80cm. | Eliassen\",\"isPartOf\":{\"@id\":\"https:\/\/www.eliassen.nl\/de\/#website\"},\"primaryImageOfPage\":{\"@id\":\"https:\/\/www.eliassen.nl\/de\/grundstein-60x30x80cm-gebrannt\/#primaryimage\"},\"image\":{\"@id\":\"https:\/\/www.eliassen.nl\/de\/grundstein-60x30x80cm-gebrannt\/#primaryimage\"},\"thumbnailUrl\":\"https:\/\/www.eliassen.nl\/wp-content\/uploads\/2024\/01\/mijnproject20221004t113929056.png\",\"datePublished\":\"2020-03-05T14:06:45+00:00\",\"dateModified\":\"2025-11-26T16:20:23+00:00\",\"description\":\"Kaufen Sie bei Eliassen Sockel aus gestrahltem Blaustein 60x30x80cm. online oder live im Ausstellungsraum ansehen. Wir haben die sch\u00f6nsten Sockelleisten, Natursteinsockelleisten\",\"breadcrumb\":{\"@id\":\"https:\/\/www.eliassen.nl\/de\/grundstein-60x30x80cm-gebrannt\/#breadcrumb\"},\"inLanguage\":\"de\",\"potentialAction\":[{\"@type\":\"ReadAction\",\"target\":[\"https:\/\/www.eliassen.nl\/de\/grundstein-60x30x80cm-gebrannt\/\"]}]},{\"@type\":\"ImageObject\",\"inLanguage\":\"de\",\"@id\":\"https:\/\/www.eliassen.nl\/de\/grundstein-60x30x80cm-gebrannt\/#primaryimage\",\"url\":\"https:\/\/www.eliassen.nl\/wp-content\/uploads\/2024\/01\/mijnproject20221004t113929056.png\",\"contentUrl\":\"https:\/\/www.eliassen.nl\/wp-content\/uploads\/2024\/01\/mijnproject20221004t113929056.png\",\"width\":868,\"height\":1000,\"caption\":\"Mein Projekt - 2022-10-04T113929.056\"},{\"@type\":\"BreadcrumbList\",\"@id\":\"https:\/\/www.eliassen.nl\/de\/grundstein-60x30x80cm-gebrannt\/#breadcrumb\",\"itemListElement\":[{\"@type\":\"ListItem\",\"position\":1,\"name\":\"Home\",\"item\":\"https:\/\/www.eliassen.nl\/de\/\"},{\"@type\":\"ListItem\",\"position\":2,\"name\":\"Shop\",\"item\":\"https:\/\/www.eliassen.nl\/de\/shop\/\"},{\"@type\":\"ListItem\",\"position\":3,\"name\":\"Sockel\",\"item\":\"https:\/\/www.eliassen.nl\/de\/sockel\/\"},{\"@type\":\"ListItem\",\"position\":4,\"name\":\"Sockel aus Naturstein\",\"item\":\"https:\/\/www.eliassen.nl\/de\/sockel\/sockel-aus-naturstein\/\"},{\"@type\":\"ListItem\",\"position\":5,\"name\":\"Sockel aus gebranntem Blaustein 60x30x80cm\"}]},{\"@type\":\"WebSite\",\"@id\":\"https:\/\/www.eliassen.nl\/de\/#website\",\"url\":\"https:\/\/www.eliassen.nl\/de\/\",\"name\":\"Eliassen Home & Garden Pleasure\",\"description\":\"\",\"publisher\":{\"@id\":\"https:\/\/www.eliassen.nl\/de\/#organization\"},\"alternateName\":\"Eliassen.nl\",\"potentialAction\":[{\"@type\":\"SearchAction\",\"target\":{\"@type\":\"EntryPoint\",\"urlTemplate\":\"https:\/\/www.eliassen.nl\/de\/?s={search_term_string}\"},\"query-input\":{\"@type\":\"PropertyValueSpecification\",\"valueRequired\":true,\"valueName\":\"search_term_string\"}}],\"inLanguage\":\"de\"},{\"@type\":[\"Organization\",\"Place\"],\"@id\":\"https:\/\/www.eliassen.nl\/de\/#organization\",\"name\":\"Eliassen Home & Garden Pleasure\",\"url\":\"https:\/\/www.eliassen.nl\/de\/\",\"logo\":{\"@id\":\"https:\/\/www.eliassen.nl\/de\/grundstein-60x30x80cm-gebrannt\/#local-main-organization-logo\"},\"image\":{\"@id\":\"https:\/\/www.eliassen.nl\/de\/grundstein-60x30x80cm-gebrannt\/#local-main-organization-logo\"},\"sameAs\":[\"https:\/\/www.facebook.com\/TuincentrumEliassenAmmerzoden\",\"https:\/\/www.instagram.com\/eliassenhomeandgarden\/\",\"https:\/\/nl.pinterest.com\/eliassenhomeandgarden\/\",\"https:\/\/www.youtube.com\/@eliassenhomegardenpleasure4558\"],\"telephone\":[],\"openingHoursSpecification\":[{\"@type\":\"OpeningHoursSpecification\",\"dayOfWeek\":[\"Monday\",\"Tuesday\",\"Wednesday\",\"Thursday\",\"Friday\",\"Saturday\",\"Sunday\"],\"opens\":\"09:00\",\"closes\":\"17:00\"}]},{\"@type\":\"ImageObject\",\"inLanguage\":\"de\",\"@id\":\"https:\/\/www.eliassen.nl\/de\/grundstein-60x30x80cm-gebrannt\/#local-main-organization-logo\",\"url\":\"https:\/\/www.eliassen.nl\/wp-content\/uploads\/2024\/01\/logo_4nd.jpg\",\"contentUrl\":\"https:\/\/www.eliassen.nl\/wp-content\/uploads\/2024\/01\/logo_4nd.jpg\",\"width\":500,\"height\":500,\"caption\":\"Eliassen Home & Garden Pleasure\"}]}<\/script>\n<meta property=\"product:price:amount\" content=\"595.00\" \/>\n<meta property=\"product:price:currency\" content=\"EUR\" \/>\n<meta property=\"og:availability\" content=\"instock\" \/>\n<meta property=\"product:availability\" content=\"instock\" \/>\n<meta property=\"product:retailer_item_id\" content=\"Bf603080\" \/>\n<meta property=\"product:condition\" content=\"new\" \/>\n<!-- \/ Yoast SEO Premium plugin. -->","yoast_head_json":{"title":"Sockel aus gebranntem Blaustein 60x30x80cm. | Eliassen","description":"Kaufen Sie bei Eliassen Sockel aus gestrahltem Blaustein 60x30x80cm. online oder live im Ausstellungsraum ansehen. Wir haben die sch\u00f6nsten Sockelleisten, Natursteinsockelleisten","robots":{"index":"index","follow":"follow","max-snippet":"max-snippet:-1","max-image-preview":"max-image-preview:large","max-video-preview":"max-video-preview:-1"},"canonical":"https:\/\/www.eliassen.nl\/de\/grundstein-60x30x80cm-gebrannt\/","og_locale":"de_DE","og_type":"article","og_title":"Sonstige Sockel aus gebranntem Blaustein 60x30x80cm - Eliassen.nl","og_description":"Kaufen Sie bei Eliassen Sockel aus gestrahltem Blaustein 60x30x80cm. online oder live im Ausstellungsraum ansehen. Wir haben die sch\u00f6nsten Sockelleisten, Natursteinsockelleisten","og_url":"https:\/\/www.eliassen.nl\/de\/grundstein-60x30x80cm-gebrannt\/","og_site_name":"Eliassen.nl","article_publisher":"https:\/\/www.facebook.com\/TuincentrumEliassenAmmerzoden","article_modified_time":"2025-11-26T16:20:23+00:00","og_image":[{"width":868,"height":1000,"url":"https:\/\/www.eliassen.nl\/wp-content\/uploads\/2024\/01\/mijnproject20221004t113929056.png","type":"image\/png"}],"twitter_card":"summary_large_image","schema":{"@context":"https:\/\/schema.org","@graph":[{"@type":"WebPage","@id":"https:\/\/www.eliassen.nl\/de\/grundstein-60x30x80cm-gebrannt\/","url":"https:\/\/www.eliassen.nl\/de\/grundstein-60x30x80cm-gebrannt\/","name":"Sockel aus gebranntem Blaustein 60x30x80cm. | Eliassen","isPartOf":{"@id":"https:\/\/www.eliassen.nl\/de\/#website"},"primaryImageOfPage":{"@id":"https:\/\/www.eliassen.nl\/de\/grundstein-60x30x80cm-gebrannt\/#primaryimage"},"image":{"@id":"https:\/\/www.eliassen.nl\/de\/grundstein-60x30x80cm-gebrannt\/#primaryimage"},"thumbnailUrl":"https:\/\/www.eliassen.nl\/wp-content\/uploads\/2024\/01\/mijnproject20221004t113929056.png","datePublished":"2020-03-05T14:06:45+00:00","dateModified":"2025-11-26T16:20:23+00:00","description":"Kaufen Sie bei Eliassen Sockel aus gestrahltem Blaustein 60x30x80cm. online oder live im Ausstellungsraum ansehen. Wir haben die sch\u00f6nsten Sockelleisten, Natursteinsockelleisten","breadcrumb":{"@id":"https:\/\/www.eliassen.nl\/de\/grundstein-60x30x80cm-gebrannt\/#breadcrumb"},"inLanguage":"de","potentialAction":[{"@type":"ReadAction","target":["https:\/\/www.eliassen.nl\/de\/grundstein-60x30x80cm-gebrannt\/"]}]},{"@type":"ImageObject","inLanguage":"de","@id":"https:\/\/www.eliassen.nl\/de\/grundstein-60x30x80cm-gebrannt\/#primaryimage","url":"https:\/\/www.eliassen.nl\/wp-content\/uploads\/2024\/01\/mijnproject20221004t113929056.png","contentUrl":"https:\/\/www.eliassen.nl\/wp-content\/uploads\/2024\/01\/mijnproject20221004t113929056.png","width":868,"height":1000,"caption":"Mein Projekt - 2022-10-04T113929.056"},{"@type":"BreadcrumbList","@id":"https:\/\/www.eliassen.nl\/de\/grundstein-60x30x80cm-gebrannt\/#breadcrumb","itemListElement":[{"@type":"ListItem","position":1,"name":"Home","item":"https:\/\/www.eliassen.nl\/de\/"},{"@type":"ListItem","position":2,"name":"Shop","item":"https:\/\/www.eliassen.nl\/de\/shop\/"},{"@type":"ListItem","position":3,"name":"Sockel","item":"https:\/\/www.eliassen.nl\/de\/sockel\/"},{"@type":"ListItem","position":4,"name":"Sockel aus Naturstein","item":"https:\/\/www.eliassen.nl\/de\/sockel\/sockel-aus-naturstein\/"},{"@type":"ListItem","position":5,"name":"Sockel aus gebranntem Blaustein 60x30x80cm"}]},{"@type":"WebSite","@id":"https:\/\/www.eliassen.nl\/de\/#website","url":"https:\/\/www.eliassen.nl\/de\/","name":"Eliassen Home & Garden Pleasure","description":"","publisher":{"@id":"https:\/\/www.eliassen.nl\/de\/#organization"},"alternateName":"Eliassen.nl","potentialAction":[{"@type":"SearchAction","target":{"@type":"EntryPoint","urlTemplate":"https:\/\/www.eliassen.nl\/de\/?s={search_term_string}"},"query-input":{"@type":"PropertyValueSpecification","valueRequired":true,"valueName":"search_term_string"}}],"inLanguage":"de"},{"@type":["Organization","Place"],"@id":"https:\/\/www.eliassen.nl\/de\/#organization","name":"Eliassen Home & Garden Pleasure","url":"https:\/\/www.eliassen.nl\/de\/","logo":{"@id":"https:\/\/www.eliassen.nl\/de\/grundstein-60x30x80cm-gebrannt\/#local-main-organization-logo"},"image":{"@id":"https:\/\/www.eliassen.nl\/de\/grundstein-60x30x80cm-gebrannt\/#local-main-organization-logo"},"sameAs":["https:\/\/www.facebook.com\/TuincentrumEliassenAmmerzoden","https:\/\/www.instagram.com\/eliassenhomeandgarden\/","https:\/\/nl.pinterest.com\/eliassenhomeandgarden\/","https:\/\/www.youtube.com\/@eliassenhomegardenpleasure4558"],"telephone":[],"openingHoursSpecification":[{"@type":"OpeningHoursSpecification","dayOfWeek":["Monday","Tuesday","Wednesday","Thursday","Friday","Saturday","Sunday"],"opens":"09:00","closes":"17:00"}]},{"@type":"ImageObject","inLanguage":"de","@id":"https:\/\/www.eliassen.nl\/de\/grundstein-60x30x80cm-gebrannt\/#local-main-organization-logo","url":"https:\/\/www.eliassen.nl\/wp-content\/uploads\/2024\/01\/logo_4nd.jpg","contentUrl":"https:\/\/www.eliassen.nl\/wp-content\/uploads\/2024\/01\/logo_4nd.jpg","width":500,"height":500,"caption":"Eliassen Home & Garden Pleasure"}]},"product_price_amount":"595.00","product_price_currency":"EUR","og_availability":"instock","product_availability":"instock","product_retailer_item_id":"Bf603080","product_condition":"new"},"df_price":595,"df_sale_price":"","df_regular_price":595,"df_image_link":"https:\/\/www.eliassen.nl\/wp-content\/uploads\/2024\/01\/mijnproject20221004t113929056.png","image":"https:\/\/www.eliassen.nl\/wp-content\/uploads\/2024\/01\/mijnproject20221004t113929056.png","price_search":"<span class=\"woocommerce-Price-amount amount\"><bdi><span class=\"woocommerce-Price-currencySymbol\">&euro;<\/span>&nbsp;595,00<\/bdi><\/span>","category":"Sockel","global_unique_id":"6013800451464","_links":{"self":[{"href":"https:\/\/www.eliassen.nl\/de\/wp-json\/wp\/v2\/product\/22681","targetHints":{"allow":["GET"]}}],"collection":[{"href":"https:\/\/www.eliassen.nl\/de\/wp-json\/wp\/v2\/product"}],"about":[{"href":"https:\/\/www.eliassen.nl\/de\/wp-json\/wp\/v2\/types\/product"}],"wp:featuredmedia":[{"embeddable":true,"href":"https:\/\/www.eliassen.nl\/de\/wp-json\/wp\/v2\/media\/22675"}],"wp:attachment":[{"href":"https:\/\/www.eliassen.nl\/de\/wp-json\/wp\/v2\/media?parent=22681"}],"wp:term":[{"taxonomy":"product_brand","embeddable":true,"href":"https:\/\/www.eliassen.nl\/de\/wp-json\/wp\/v2\/product_brand?post=22681"},{"taxonomy":"product_cat","embeddable":true,"href":"https:\/\/www.eliassen.nl\/de\/wp-json\/wp\/v2\/product_cat?post=22681"},{"taxonomy":"product_tag","embeddable":true,"href":"https:\/\/www.eliassen.nl\/de\/wp-json\/wp\/v2\/product_tag?post=22681"}],"curies":[{"name":"wp","href":"https:\/\/api.w.org\/{rel}","templated":true}]}}